{"id":7037,"date":"2025-06-06T03:35:30","date_gmt":"2025-06-06T03:35:30","guid":{"rendered":"https:\/\/vapingnet.de\/?post_type=product&#038;p=7037"},"modified":"2026-01-25T08:39:12","modified_gmt":"2026-01-25T08:39:12","slug":"bang-blaze-40000-puffs-einweg-vape-mit-power-und-stil","status":"publish","type":"product","link":"https:\/\/vapingnet.de\/it\/vape\/bang-blaze-40000-puffs-einweg-vape-mit-power-und-stil\/","title":{"rendered":"Bang Blaze 40000 Puffs Vape usa e getta con potenza e S..."},"content":{"rendered":"<h2>Bang Blaze 40000 Puffs \u2013 Versatilit\u00e0 in ogni aspetto<\/h2>\n<p data-start=\"151\" data-end=\"481\" data-immersive-translate-paragraph=\"1\" data-immersive-translate-walked=\"5e9e62ef-980b-4cb8-b012-77453f084619\">Con la Bang Blaze 40000 Puffs inizia una nuova era del svapo. Questo dispositivo potente <a href=\"https:\/\/vapingnet.de\/it\/k\/einweg-e-zigarette\/\" target=\"_blank\" rel=\"noopener\"><strong>Sigaretta elettronica usa e getta<\/strong><\/a> offre non solo un'eccezionale durata, ma anche un'esperienza di gusto intensa e tripla in un dispositivo compatto. Ideato per chi d\u00e0 valore alla variet\u00e0, alla qualit\u00e0 del vapore e a una tecnologia affidabile.<\/p>\n<h4 data-start=\"488\" data-end=\"512\" data-immersive-translate-walked=\"5e9e62ef-980b-4cb8-b012-77453f084619\">Panoramica del prodotto<\/h4>\n<div class=\"_tableContainer_16hzy_1\" data-immersive-translate-walked=\"5e9e62ef-980b-4cb8-b012-77453f084619\">\n<div class=\"_tableWrapper_16hzy_14 group flex w-fit flex-col-reverse\" tabindex=\"-1\" data-immersive-translate-walked=\"5e9e62ef-980b-4cb8-b012-77453f084619\">\n<table class=\"w-fit min-w-(--thread-content-width)\" style=\"height: 337px;\" width=\"814\" data-start=\"514\" data-end=\"1244\" data-immersive-translate-walked=\"5e9e62ef-980b-4cb8-b012-77453f084619\">\n<thead data-start=\"514\" data-end=\"587\" data-immersive-translate-walked=\"5e9e62ef-980b-4cb8-b012-77453f084619\">\n<tr data-start=\"514\" data-end=\"587\" data-immersive-translate-walked=\"5e9e62ef-980b-4cb8-b012-77453f084619\">\n<th data-start=\"514\" data-end=\"545\" data-col-size=\"sm\" data-immersive-translate-walked=\"5e9e62ef-980b-4cb8-b012-77453f084619\" data-immersive-translate-paragraph=\"1\">Dati tecnici<\/th>\n<th data-start=\"545\" data-end=\"587\" data-col-size=\"sm\" data-immersive-translate-walked=\"5e9e62ef-980b-4cb8-b012-77453f084619\" data-immersive-translate-paragraph=\"1\">Dettagli<\/th>\n<\/tr>\n<\/thead>\n<tbody data-start=\"661\" data-end=\"1244\" data-immersive-translate-walked=\"5e9e62ef-980b-4cb8-b012-77453f084619\">\n<tr data-start=\"661\" data-end=\"733\" data-immersive-translate-walked=\"5e9e62ef-980b-4cb8-b012-77453f084619\">\n<td data-start=\"661\" data-end=\"691\" data-col-size=\"sm\" data-immersive-translate-walked=\"5e9e62ef-980b-4cb8-b012-77453f084619\" data-immersive-translate-paragraph=\"1\">Modello<\/td>\n<td data-col-size=\"sm\" data-start=\"691\" data-end=\"733\" data-immersive-translate-walked=\"5e9e62ef-980b-4cb8-b012-77453f084619\" data-immersive-translate-paragraph=\"1\">Bang Blaze 40000 Puff<\/td>\n<\/tr>\n<tr data-start=\"734\" data-end=\"806\" data-immersive-translate-walked=\"5e9e62ef-980b-4cb8-b012-77453f084619\">\n<td data-start=\"734\" data-end=\"764\" data-col-size=\"sm\" data-immersive-translate-walked=\"5e9e62ef-980b-4cb8-b012-77453f084619\" data-immersive-translate-paragraph=\"1\">Numero di puff<\/td>\n<td data-col-size=\"sm\" data-start=\"764\" data-end=\"806\" data-immersive-translate-walked=\"5e9e62ef-980b-4cb8-b012-77453f084619\" data-immersive-translate-paragraph=\"1\">Fino a 40.000<\/td>\n<\/tr>\n<tr data-start=\"807\" data-end=\"879\" data-immersive-translate-walked=\"5e9e62ef-980b-4cb8-b012-77453f084619\">\n<td data-start=\"807\" data-end=\"837\" data-col-size=\"sm\" data-immersive-translate-walked=\"5e9e62ef-980b-4cb8-b012-77453f084619\" data-immersive-translate-paragraph=\"1\">E-Liquido<\/td>\n<td data-col-size=\"sm\" data-start=\"837\" data-end=\"879\" data-immersive-translate-walked=\"5e9e62ef-980b-4cb8-b012-77453f084619\" data-immersive-translate-paragraph=\"1\">40 ml (due aromi pre-riempiti)<\/td>\n<\/tr>\n<tr data-start=\"880\" data-end=\"952\" data-immersive-translate-walked=\"5e9e62ef-980b-4cb8-b012-77453f084619\">\n<td data-start=\"880\" data-end=\"910\" data-col-size=\"sm\" data-immersive-translate-walked=\"5e9e62ef-980b-4cb8-b012-77453f084619\" data-immersive-translate-paragraph=\"1\">Batteria<\/td>\n<td data-col-size=\"sm\" data-start=\"910\" data-end=\"952\" data-immersive-translate-walked=\"5e9e62ef-980b-4cb8-b012-77453f084619\" data-immersive-translate-paragraph=\"1\">650 mAh, ricaricabile<\/td>\n<\/tr>\n<tr data-start=\"953\" data-end=\"1025\" data-immersive-translate-walked=\"5e9e62ef-980b-4cb8-b012-77453f084619\">\n<td data-start=\"953\" data-end=\"983\" data-col-size=\"sm\" data-immersive-translate-walked=\"5e9e62ef-980b-4cb8-b012-77453f084619\" data-immersive-translate-paragraph=\"1\">Punto di ricarica<\/td>\n<td data-col-size=\"sm\" data-start=\"983\" data-end=\"1025\" data-immersive-translate-walked=\"5e9e62ef-980b-4cb8-b012-77453f084619\" data-immersive-translate-paragraph=\"1\">USB Type-C<\/td>\n<\/tr>\n<tr data-start=\"1026\" data-end=\"1098\" data-immersive-translate-walked=\"5e9e62ef-980b-4cb8-b012-77453f084619\">\n<td data-start=\"1026\" data-end=\"1056\" data-col-size=\"sm\" data-immersive-translate-walked=\"5e9e62ef-980b-4cb8-b012-77453f084619\" data-immersive-translate-paragraph=\"1\">Resistenza<\/td>\n<td data-col-size=\"sm\" data-start=\"1056\" data-end=\"1098\" data-immersive-translate-walked=\"5e9e62ef-980b-4cb8-b012-77453f084619\" data-immersive-translate-paragraph=\"1\">0,6 Ohm Dual Mesh<\/td>\n<\/tr>\n<tr data-start=\"1099\" data-end=\"1171\" data-immersive-translate-walked=\"5e9e62ef-980b-4cb8-b012-77453f084619\">\n<td data-start=\"1099\" data-end=\"1129\" data-col-size=\"sm\" data-immersive-translate-walked=\"5e9e62ef-980b-4cb8-b012-77453f084619\" data-immersive-translate-paragraph=\"1\">Contenuto di nicotina<\/td>\n<td data-col-size=\"sm\" data-start=\"1129\" data-end=\"1171\" data-immersive-translate-walked=\"5e9e62ef-980b-4cb8-b012-77453f084619\">0 %, 2 %, 3 %, 5 %<\/td>\n<\/tr>\n<tr data-start=\"1172\" data-end=\"1244\" data-immersive-translate-walked=\"5e9e62ef-980b-4cb8-b012-77453f084619\">\n<td data-start=\"1172\" data-end=\"1202\" data-col-size=\"sm\" data-immersive-translate-walked=\"5e9e62ef-980b-4cb8-b012-77453f084619\" data-immersive-translate-paragraph=\"1\">Aromi<\/td>\n<td data-col-size=\"sm\" data-start=\"1202\" data-end=\"1244\" data-immersive-translate-walked=\"5e9e62ef-980b-4cb8-b012-77453f084619\" data-immersive-translate-paragraph=\"1\">Pink Lemonade \/ Blueberry Cherry Lemon<\/td>\n<\/tr>\n<\/tbody>\n<\/table>\n<div class=\"sticky end-(--thread-content-margin) h-0 self-end select-none\" data-immersive-translate-walked=\"5e9e62ef-980b-4cb8-b012-77453f084619\">\n<div class=\"absolute end-0 flex items-end\" data-immersive-translate-walked=\"5e9e62ef-980b-4cb8-b012-77453f084619\"><\/div>\n<\/div>\n<\/div>\n<\/div>\n<h4 data-start=\"1251\" data-end=\"1290\" data-immersive-translate-walked=\"5e9e62ef-980b-4cb8-b012-77453f084619\">Tre gusti in un dispositivo<\/h4>\n<p data-start=\"1292\" data-end=\"1583\" data-immersive-translate-paragraph=\"1\" data-immersive-translate-walked=\"5e9e62ef-980b-4cb8-b012-77453f084619\">Con la Triple Taste Experience, la Bang Blaze si distingue nettamente dai classici vape. Due camere aromatiche separate permettono di gustare o il Gusto A, o il Gusto B, o una combinazione di entrambi. Cos\u00ec si crea un gusto completamente nuovo, terzo, senza cambiare dispositivo.<\/p>\n<ul data-start=\"1585\" data-end=\"1814\" data-immersive-translate-walked=\"5e9e62ef-980b-4cb8-b012-77453f084619\">\n<li data-start=\"1585\" data-end=\"1656\" data-immersive-translate-walked=\"5e9e62ef-980b-4cb8-b012-77453f084619\">\n<p data-start=\"1587\" data-end=\"1656\" data-immersive-translate-walked=\"5e9e62ef-980b-4cb8-b012-77453f084619\" data-immersive-translate-paragraph=\"1\">Pink Lemonade: Fresca, frizzante, fruttata \u2013 ideale per l'estate.<\/p>\n<\/li>\n<li data-start=\"1657\" data-end=\"1740\" data-immersive-translate-walked=\"5e9e62ef-980b-4cb8-b012-77453f084619\">\n<p data-start=\"1659\" data-end=\"1740\" data-immersive-translate-walked=\"5e9e62ef-980b-4cb8-b012-77453f084619\" data-immersive-translate-paragraph=\"1\">Blueberry Cherry Lemon: Fruttato-intenso con un tocco di dolcezza e acidit\u00e0.<\/p>\n<\/li>\n<li data-start=\"1741\" data-end=\"1814\" data-immersive-translate-walked=\"5e9e62ef-980b-4cb8-b012-77453f084619\">\n<p data-start=\"1743\" data-end=\"1814\" data-immersive-translate-walked=\"5e9e62ef-980b-4cb8-b012-77453f084619\" data-immersive-translate-paragraph=\"1\">Mix: Una miscela equilibrata e personalizzata di entrambe le componenti.<\/p>\n<\/li>\n<\/ul>\n<h4 data-start=\"1821\" data-end=\"1850\" data-immersive-translate-walked=\"5e9e62ef-980b-4cb8-b012-77453f084619\">La tecnologia incontra il piacere<\/h4>\n<p data-start=\"1852\" data-end=\"2200\" data-immersive-translate-paragraph=\"1\" data-immersive-translate-walked=\"5e9e62ef-980b-4cb8-b012-77453f084619\">L'atomizzatore Dual Mesh da 0,6 Ohm integrato garantisce vapore denso e distribuzione uniforme del calore. Il risultato: un'esperienza di svapo vellutata e aromatica, che convince sia i principianti che gli svapatori esperti. Grazie alla porta di ricarica Type-C, la batteria si ricarica rapidamente e senza problemi \u2013 per un uso continuo.<\/p>\n<h3>Per chi \u00e8 adatta la Bang Blaze?<\/h3>\n<p data-start=\"2252\" data-end=\"2290\" data-immersive-translate-paragraph=\"1\" data-immersive-translate-walked=\"5e9e62ef-980b-4cb8-b012-77453f084619\">Questo modello \u00e8 ideale per chi\u2026<\/p>\n<ul data-start=\"2292\" data-end=\"2591\" data-immersive-translate-walked=\"5e9e62ef-980b-4cb8-b012-77453f084619\">\n<li data-start=\"2292\" data-end=\"2348\" data-immersive-translate-walked=\"5e9e62ef-980b-4cb8-b012-77453f084619\">\n<p data-start=\"2294\" data-end=\"2348\" data-immersive-translate-walked=\"5e9e62ef-980b-4cb8-b012-77453f084619\" data-immersive-translate-paragraph=\"1\">cerca un dispositivo duraturo con un alto numero di puff<\/p>\n<\/li>\n<li data-start=\"2349\" data-end=\"2400\" data-immersive-translate-walked=\"5e9e62ef-980b-4cb8-b012-77453f084619\">\n<p data-start=\"2351\" data-end=\"2400\" data-immersive-translate-walked=\"5e9e62ef-980b-4cb8-b012-77453f084619\" data-immersive-translate-paragraph=\"1\">vuole utilizzare aromi diversi in modo flessibile<\/p>\n<\/li>\n<li data-start=\"2401\" data-end=\"2459\" data-immersive-translate-walked=\"5e9e62ef-980b-4cb8-b012-77453f084619\">\n<p data-start=\"2403\" data-end=\"2459\" data-immersive-translate-walked=\"5e9e62ef-980b-4cb8-b012-77453f084619\" data-immersive-translate-paragraph=\"1\">d\u00e0 importanza a tempi di ricarica rapidi e a tecnologie moderne<\/p>\n<\/li>\n<li data-start=\"2460\" data-end=\"2535\" data-immersive-translate-walked=\"5e9e62ef-980b-4cb8-b012-77453f084619\">\n<p data-start=\"2462\" data-end=\"2535\" data-immersive-translate-walked=\"5e9e62ef-980b-4cb8-b012-77453f084619\" data-immersive-translate-paragraph=\"1\">desiderare un'esperienza di svapo semplice e immediatamente pronta all'uso<\/p>\n<\/li>\n<li data-start=\"2536\" data-end=\"2591\" data-immersive-translate-walked=\"5e9e62ef-980b-4cb8-b012-77453f084619\">\n<p data-start=\"2538\" data-end=\"2591\" data-immersive-translate-walked=\"5e9e62ef-980b-4cb8-b012-77453f084619\" data-immersive-translate-paragraph=\"1\">voler scegliere tra diverse concentrazioni di nicotina<\/p>\n<\/li>\n<\/ul>\n<p data-start=\"2613\" data-end=\"2875\" data-immersive-translate-paragraph=\"1\" data-immersive-translate-walked=\"5e9e62ef-980b-4cb8-b012-77453f084619\">La <a href=\"https:\/\/vapingnet.de\/it\/bang-blaze-40000-puffs\/\" target=\"_blank\" rel=\"noopener\"><strong>Bang Blaze 40000 Puff<\/strong><\/a> \u00e8 molto pi\u00f9 di una sigaretta elettronica usa e getta \u2013 \u00e8 una soluzione di vaping multifunzionale per vapori esigenti. Grazie al sistema di aromi duale, alla potente batteria e alla qualit\u00e0 elevata del vapore, si distingue in ogni aspetto.<\/p>\n<p data-start=\"2877\" data-end=\"2939\" data-is-last-node=\"\" data-is-only-node=\"\" data-immersive-translate-walked=\"5e9e62ef-980b-4cb8-b012-77453f084619\">Ordina ora e riscopri la libert\u00e0 di vaporizzare.<\/p>","protected":false},"excerpt":{"rendered":"<p>Bang Blaze 40000 Puffs \u2013 Versatilit\u00e0 in ogni aspetto Con la Bang Blaze 40000 Puffs inizia una nuova era dello svapo. Questa potente sigaretta elettronica usa e getta...<\/p>","protected":false},"featured_media":7041,"template":"","meta":[],"etheme_brands":[],"product_brand":[101],"product_cat":[65,49,61,87],"product_tag":[],"class_list":{"0":"post-7037","1":"product","2":"type-product","3":"status-publish","4":"has-post-thumbnail","6":"product_brand-bang-king-vape","7":"product_cat-vape-40000-zuege","8":"product_cat-einweg-e-zigarette","9":"product_cat-f","10":"product_cat-v","12":"first","13":"instock","14":"shipping-taxable","15":"purchasable","16":"product-type-simple"},"yoast_head":"<!-- This site is optimized with the Yoast SEO plugin v26.5 - https:\/\/yoast.com\/wordpress\/plugins\/seo\/ -->\n<title>Bang Blaze 40000 Puffs Einweg Vape mit Power und Stil | Vapingnet.de<\/title>\n<meta name=\"description\" content=\"Entdecke Bang Blaze 40000 Puffs Einweg Vape mit Power und Stil bei vapingnet.de, \u25ba Gro\u00dfe Auswahl an Geschmacksrichtungen &amp; super g\u00fcnstig!\" \/>\n<meta name=\"robots\" content=\"index, follow, max-snippet:-1, max-image-preview:large, max-video-preview:-1\" \/>\n<link rel=\"canonical\" href=\"https:\/\/vapingnet.de\/it\/vape\/bang-blaze-40000-puffs-einweg-vape-mit-power-und-stil\/\" \/>\n<meta property=\"og:locale\" content=\"it_IT\" \/>\n<meta property=\"og:type\" content=\"article\" \/>\n<meta property=\"og:title\" content=\"Bang Blaze 40000 Puffs Einweg Vape mit Power und Stil | Vapingnet.de\" \/>\n<meta property=\"og:description\" content=\"Entdecke Bang Blaze 40000 Puffs Einweg Vape mit Power und Stil bei vapingnet.de, \u25ba Gro\u00dfe Auswahl an Geschmacksrichtungen &amp; super g\u00fcnstig!\" \/>\n<meta property=\"og:url\" content=\"https:\/\/vapingnet.de\/it\/vape\/bang-blaze-40000-puffs-einweg-vape-mit-power-und-stil\/\" \/>\n<meta property=\"og:site_name\" content=\"Vapingnet.de\" \/>\n<meta property=\"article:publisher\" content=\"https:\/\/www.facebook.com\/vapingnetde\/\" \/>\n<meta property=\"article:modified_time\" content=\"2026-01-25T08:39:12+00:00\" \/>\n<meta property=\"og:image\" content=\"https:\/\/vapingnet.de\/wp-content\/uploads\/2025\/06\/Pink-Lemonade-Blueberry-Cherry-Lemon.jpg.webp\" \/>\n\t<meta property=\"og:image:width\" content=\"1000\" \/>\n\t<meta property=\"og:image:height\" content=\"1000\" \/>\n\t<meta property=\"og:image:type\" content=\"image\/webp\" \/>\n<meta name=\"twitter:card\" content=\"summary_large_image\" \/>\n<meta name=\"twitter:label1\" content=\"Est. reading time\" \/>\n\t<meta name=\"twitter:data1\" content=\"2 minutes\" \/>\n<script type=\"application\/ld+json\" class=\"yoast-schema-graph\">{\"@context\":\"https:\/\/schema.org\",\"@graph\":[{\"@type\":\"WebPage\",\"@id\":\"https:\/\/vapingnet.de\/vape\/bang-blaze-40000-puffs-einweg-vape-mit-power-und-stil\/\",\"url\":\"https:\/\/vapingnet.de\/vape\/bang-blaze-40000-puffs-einweg-vape-mit-power-und-stil\/\",\"name\":\"Bang Blaze 40000 Puffs Einweg Vape mit Power und Stil | Vapingnet.de\",\"isPartOf\":{\"@id\":\"https:\/\/vapingnet.de\/#website\"},\"primaryImageOfPage\":{\"@id\":\"https:\/\/vapingnet.de\/vape\/bang-blaze-40000-puffs-einweg-vape-mit-power-und-stil\/#primaryimage\"},\"image\":{\"@id\":\"https:\/\/vapingnet.de\/vape\/bang-blaze-40000-puffs-einweg-vape-mit-power-und-stil\/#primaryimage\"},\"thumbnailUrl\":\"https:\/\/vapingnet.de\/wp-content\/uploads\/2025\/06\/Pink-Lemonade-Blueberry-Cherry-Lemon.jpg.webp\",\"datePublished\":\"2025-06-06T03:35:30+00:00\",\"dateModified\":\"2026-01-25T08:39:12+00:00\",\"description\":\"Entdecke Bang Blaze 40000 Puffs Einweg Vape mit Power und Stil bei vapingnet.de, \u25ba Gro\u00dfe Auswahl an Geschmacksrichtungen & super g\u00fcnstig!\",\"breadcrumb\":{\"@id\":\"https:\/\/vapingnet.de\/vape\/bang-blaze-40000-puffs-einweg-vape-mit-power-und-stil\/#breadcrumb\"},\"inLanguage\":\"it-IT\",\"potentialAction\":[{\"@type\":\"ReadAction\",\"target\":[\"https:\/\/vapingnet.de\/vape\/bang-blaze-40000-puffs-einweg-vape-mit-power-und-stil\/\"]}]},{\"@type\":\"ImageObject\",\"inLanguage\":\"it-IT\",\"@id\":\"https:\/\/vapingnet.de\/vape\/bang-blaze-40000-puffs-einweg-vape-mit-power-und-stil\/#primaryimage\",\"url\":\"https:\/\/vapingnet.de\/wp-content\/uploads\/2025\/06\/Pink-Lemonade-Blueberry-Cherry-Lemon.jpg.webp\",\"contentUrl\":\"https:\/\/vapingnet.de\/wp-content\/uploads\/2025\/06\/Pink-Lemonade-Blueberry-Cherry-Lemon.jpg.webp\",\"width\":1000,\"height\":1000},{\"@type\":\"BreadcrumbList\",\"@id\":\"https:\/\/vapingnet.de\/vape\/bang-blaze-40000-puffs-einweg-vape-mit-power-und-stil\/#breadcrumb\",\"itemListElement\":[{\"@type\":\"ListItem\",\"position\":1,\"name\":\"Home\",\"item\":\"https:\/\/vapingnet.de\/\"},{\"@type\":\"ListItem\",\"position\":2,\"name\":\"Shop\",\"item\":\"https:\/\/vapingnet.de\/vape\/\"},{\"@type\":\"ListItem\",\"position\":3,\"name\":\"Bang Blaze 40000 Puffs Einweg Vape mit Power und Stil\"}]},{\"@type\":\"WebSite\",\"@id\":\"https:\/\/vapingnet.de\/#website\",\"url\":\"https:\/\/vapingnet.de\/\",\"name\":\"Vapingnet.de\",\"description\":\"\",\"publisher\":{\"@id\":\"https:\/\/vapingnet.de\/#organization\"},\"potentialAction\":[{\"@type\":\"SearchAction\",\"target\":{\"@type\":\"EntryPoint\",\"urlTemplate\":\"https:\/\/vapingnet.de\/?s={search_term_string}\"},\"query-input\":{\"@type\":\"PropertyValueSpecification\",\"valueRequired\":true,\"valueName\":\"search_term_string\"}}],\"inLanguage\":\"it-IT\"},{\"@type\":\"Organization\",\"@id\":\"https:\/\/vapingnet.de\/#organization\",\"name\":\"Vapingnet.de\",\"url\":\"https:\/\/vapingnet.de\/\",\"logo\":{\"@type\":\"ImageObject\",\"inLanguage\":\"it-IT\",\"@id\":\"https:\/\/vapingnet.de\/#\/schema\/logo\/image\/\",\"url\":\"https:\/\/vapingnet.de\/wp-content\/uploads\/2025\/03\/cropped-vapingnet.de_.jpg\",\"contentUrl\":\"https:\/\/vapingnet.de\/wp-content\/uploads\/2025\/03\/cropped-vapingnet.de_.jpg\",\"width\":512,\"height\":512,\"caption\":\"Vapingnet.de\"},\"image\":{\"@id\":\"https:\/\/vapingnet.de\/#\/schema\/logo\/image\/\"},\"sameAs\":[\"https:\/\/www.facebook.com\/vapingnetde\/\"]}]}<\/script>\n<!-- \/ Yoast SEO plugin. -->","yoast_head_json":{"title":"Bang Blaze 40000 Puffs Einweg Vape mit Power und Stil | Vapingnet.de","description":"Entdecke Bang Blaze 40000 Puffs Einweg Vape mit Power und Stil bei vapingnet.de, \u25ba Gro\u00dfe Auswahl an Geschmacksrichtungen & super g\u00fcnstig!","robots":{"index":"index","follow":"follow","max-snippet":"max-snippet:-1","max-image-preview":"max-image-preview:large","max-video-preview":"max-video-preview:-1"},"canonical":"https:\/\/vapingnet.de\/it\/vape\/bang-blaze-40000-puffs-einweg-vape-mit-power-und-stil\/","og_locale":"it_IT","og_type":"article","og_title":"Bang Blaze 40000 Puffs Einweg Vape mit Power und Stil | Vapingnet.de","og_description":"Entdecke Bang Blaze 40000 Puffs Einweg Vape mit Power und Stil bei vapingnet.de, \u25ba Gro\u00dfe Auswahl an Geschmacksrichtungen & super g\u00fcnstig!","og_url":"https:\/\/vapingnet.de\/it\/vape\/bang-blaze-40000-puffs-einweg-vape-mit-power-und-stil\/","og_site_name":"Vapingnet.de","article_publisher":"https:\/\/www.facebook.com\/vapingnetde\/","article_modified_time":"2026-01-25T08:39:12+00:00","og_image":[{"width":1000,"height":1000,"url":"https:\/\/vapingnet.de\/wp-content\/uploads\/2025\/06\/Pink-Lemonade-Blueberry-Cherry-Lemon.jpg.webp","type":"image\/webp"}],"twitter_card":"summary_large_image","twitter_misc":{"Est. reading time":"2 minutes"},"schema":{"@context":"https:\/\/schema.org","@graph":[{"@type":"WebPage","@id":"https:\/\/vapingnet.de\/vape\/bang-blaze-40000-puffs-einweg-vape-mit-power-und-stil\/","url":"https:\/\/vapingnet.de\/vape\/bang-blaze-40000-puffs-einweg-vape-mit-power-und-stil\/","name":"Bang Blaze 40000 Puffs Einweg Vape mit Power und Stil | Vapingnet.de","isPartOf":{"@id":"https:\/\/vapingnet.de\/#website"},"primaryImageOfPage":{"@id":"https:\/\/vapingnet.de\/vape\/bang-blaze-40000-puffs-einweg-vape-mit-power-und-stil\/#primaryimage"},"image":{"@id":"https:\/\/vapingnet.de\/vape\/bang-blaze-40000-puffs-einweg-vape-mit-power-und-stil\/#primaryimage"},"thumbnailUrl":"https:\/\/vapingnet.de\/wp-content\/uploads\/2025\/06\/Pink-Lemonade-Blueberry-Cherry-Lemon.jpg.webp","datePublished":"2025-06-06T03:35:30+00:00","dateModified":"2026-01-25T08:39:12+00:00","description":"Entdecke Bang Blaze 40000 Puffs Einweg Vape mit Power und Stil bei vapingnet.de, \u25ba Gro\u00dfe Auswahl an Geschmacksrichtungen & super g\u00fcnstig!","breadcrumb":{"@id":"https:\/\/vapingnet.de\/vape\/bang-blaze-40000-puffs-einweg-vape-mit-power-und-stil\/#breadcrumb"},"inLanguage":"it-IT","potentialAction":[{"@type":"ReadAction","target":["https:\/\/vapingnet.de\/vape\/bang-blaze-40000-puffs-einweg-vape-mit-power-und-stil\/"]}]},{"@type":"ImageObject","inLanguage":"it-IT","@id":"https:\/\/vapingnet.de\/vape\/bang-blaze-40000-puffs-einweg-vape-mit-power-und-stil\/#primaryimage","url":"https:\/\/vapingnet.de\/wp-content\/uploads\/2025\/06\/Pink-Lemonade-Blueberry-Cherry-Lemon.jpg.webp","contentUrl":"https:\/\/vapingnet.de\/wp-content\/uploads\/2025\/06\/Pink-Lemonade-Blueberry-Cherry-Lemon.jpg.webp","width":1000,"height":1000},{"@type":"BreadcrumbList","@id":"https:\/\/vapingnet.de\/vape\/bang-blaze-40000-puffs-einweg-vape-mit-power-und-stil\/#breadcrumb","itemListElement":[{"@type":"ListItem","position":1,"name":"Home","item":"https:\/\/vapingnet.de\/"},{"@type":"ListItem","position":2,"name":"Shop","item":"https:\/\/vapingnet.de\/vape\/"},{"@type":"ListItem","position":3,"name":"Bang Blaze 40000 Puffs Einweg Vape mit Power und Stil"}]},{"@type":"WebSite","@id":"https:\/\/vapingnet.de\/#website","url":"https:\/\/vapingnet.de\/","name":"Vapingnet.de","description":"","publisher":{"@id":"https:\/\/vapingnet.de\/#organization"},"potentialAction":[{"@type":"SearchAction","target":{"@type":"EntryPoint","urlTemplate":"https:\/\/vapingnet.de\/?s={search_term_string}"},"query-input":{"@type":"PropertyValueSpecification","valueRequired":true,"valueName":"search_term_string"}}],"inLanguage":"it-IT"},{"@type":"Organization","@id":"https:\/\/vapingnet.de\/#organization","name":"Vapingnet.de","url":"https:\/\/vapingnet.de\/","logo":{"@type":"ImageObject","inLanguage":"it-IT","@id":"https:\/\/vapingnet.de\/#\/schema\/logo\/image\/","url":"https:\/\/vapingnet.de\/wp-content\/uploads\/2025\/03\/cropped-vapingnet.de_.jpg","contentUrl":"https:\/\/vapingnet.de\/wp-content\/uploads\/2025\/03\/cropped-vapingnet.de_.jpg","width":512,"height":512,"caption":"Vapingnet.de"},"image":{"@id":"https:\/\/vapingnet.de\/#\/schema\/logo\/image\/"},"sameAs":["https:\/\/www.facebook.com\/vapingnetde\/"]}]}},"tiered_pricing_type":"fixed","tiered_pricing_fixed_rules":{"10":"8.35","60":"7.52","110":"6.68","200":"5.85"},"tiered_pricing_product_settings":{"layout":"default","base_unit_name":{"singular":null,"plural":null},"default_variation":null},"tiered_pricing_minimum_quantity":null,"tiered_pricing_roles_data":[],"tiered_pricing_percentage_rules":[],"_links":{"self":[{"href":"https:\/\/vapingnet.de\/it\/wp-json\/wp\/v2\/product\/7037","targetHints":{"allow":["GET"]}}],"collection":[{"href":"https:\/\/vapingnet.de\/it\/wp-json\/wp\/v2\/product"}],"about":[{"href":"https:\/\/vapingnet.de\/it\/wp-json\/wp\/v2\/types\/product"}],"version-history":[{"count":3,"href":"https:\/\/vapingnet.de\/it\/wp-json\/wp\/v2\/product\/7037\/revisions"}],"predecessor-version":[{"id":7527,"href":"https:\/\/vapingnet.de\/it\/wp-json\/wp\/v2\/product\/7037\/revisions\/7527"}],"wp:featuredmedia":[{"embeddable":true,"href":"https:\/\/vapingnet.de\/it\/wp-json\/wp\/v2\/media\/7041"}],"wp:attachment":[{"href":"https:\/\/vapingnet.de\/it\/wp-json\/wp\/v2\/media?parent=7037"}],"wp:term":[{"taxonomy":"brand","embeddable":true,"href":"https:\/\/vapingnet.de\/it\/wp-json\/wp\/v2\/etheme_brands?post=7037"},{"taxonomy":"product_brand","embeddable":true,"href":"https:\/\/vapingnet.de\/it\/wp-json\/wp\/v2\/product_brand?post=7037"},{"taxonomy":"product_cat","embeddable":true,"href":"https:\/\/vapingnet.de\/it\/wp-json\/wp\/v2\/product_cat?post=7037"},{"taxonomy":"product_tag","embeddable":true,"href":"https:\/\/vapingnet.de\/it\/wp-json\/wp\/v2\/product_tag?post=7037"}],"curies":[{"name":"wp","href":"https:\/\/api.w.org\/{rel}","templated":true}]}}