{"id":7074,"date":"2025-06-10T07:09:00","date_gmt":"2025-06-10T07:09:00","guid":{"rendered":"https:\/\/vapingnet.de\/?post_type=product&#038;p=7074"},"modified":"2026-01-25T09:01:29","modified_gmt":"2026-01-25T09:01:29","slug":"bang-blaze-60000-puffs-liefert-power-geschmack-und-vielfalt","status":"publish","type":"product","link":"https:\/\/vapingnet.de\/it\/vape\/bang-blaze-60000-puffs-liefert-power-geschmack-und-vielfalt\/","title":{"rendered":"Bang Blaze 60000 Puffs Fornisce Potenza Gusto E Diversit\u00e0"},"content":{"rendered":"<h2 data-sourcepos=\"1:1-1:100\" data-immersive-translate-walked=\"2ecba478-cd2a-4538-b887-dd14611a71eb\">Bang Blaze 60000 Puffs: La rivoluzione delle vape usa e getta con un'esperienza di gusto quadrupla<\/h2>\n<p data-sourcepos=\"3:1-3:323\" data-immersive-translate-walked=\"2ecba478-cd2a-4538-b887-dd14611a71eb\" data-immersive-translate-paragraph=\"1\">Il mondo delle vape vive un'innovazione rivoluzionaria: la Bang Blaze 60000 Puffs. Questa eccezionale sigaretta elettronica usa e getta stabilisce nuovi standard in termini di durata, variet\u00e0 di gusti e raffinatezza tecnologica. Per tutti coloro che desiderano di pi\u00f9 dalla loro esperienza di svapo, la Bang Blaze \u00e8 la risposta definitiva.<\/p>\n<h3 data-sourcepos=\"5:1-5:54\" data-immersive-translate-walked=\"2ecba478-cd2a-4538-b887-dd14611a71eb\">Unica sul mercato: la \"Vape Quattro in Uno\"<\/h3>\n<p data-sourcepos=\"7:1-7:371\" data-immersive-translate-walked=\"2ecba478-cd2a-4538-b887-dd14611a71eb\" data-immersive-translate-paragraph=\"1\">La caratteristica pi\u00f9 distintiva della Bang Blaze \u00e8 senza dubbio il suo rivoluzionario sistema \"4 in 1\". Invece di dover scegliere un solo gusto, questo dispositivo offre una gamma di quattro aromi accuratamente selezionati in un'unica vape. La combinazione di gusti presentata qui \u00e8 un mix emozionante di freschezza fruttata e dolce tentazione:<\/p>\n<ul data-sourcepos=\"9:1-13:0\" data-immersive-translate-walked=\"2ecba478-cd2a-4538-b887-dd14611a71eb\">\n<li data-sourcepos=\"9:1-9:113\" data-immersive-translate-walked=\"2ecba478-cd2a-4538-b887-dd14611a71eb\" data-immersive-translate-paragraph=\"1\">Blueberry Ice: Il gusto dolce e succoso di mirtilli maturi, completato da una fresca nota di ghiaccio.<\/li>\n<li data-sourcepos=\"10:1-10:125\" data-immersive-translate-walked=\"2ecba478-cd2a-4538-b887-dd14611a71eb\" data-immersive-translate-paragraph=\"1\">Peach Ice: Il delicato e vellutato sapore di pesca maturata al sole, perfettamente accompagnato da una rinfrescante sensazione di freddo.<\/li>\n<li data-sourcepos=\"11:1-11:134\" data-immersive-translate-walked=\"2ecba478-cd2a-4538-b887-dd14611a71eb\" data-immersive-translate-paragraph=\"1\">Rainbow Candy: Un'esplosione di note dolci e fruttate, che ricorda le popolari caramelle arcobaleno dell'infanzia.<\/li>\n<li data-sourcepos=\"12:1-13:0\" data-immersive-translate-walked=\"2ecba478-cd2a-4538-b887-dd14611a71eb\" data-immersive-translate-paragraph=\"1\">Lemon Sour Orange: Una combinazione frizzante e rivitalizzante di limone aspro e arancia dolce, che risveglia le papille gustative.<\/li>\n<\/ul>\n<p data-sourcepos=\"14:1-14:192\" data-immersive-translate-walked=\"2ecba478-cd2a-4538-b887-dd14611a71eb\" data-immersive-translate-paragraph=\"1\">Questa vape quattro in uno permette all'utente di passare facilmente tra i gusti con una semplice rotazione, a seconda dell'umore. La noia \u00e8 cos\u00ec eliminata.<\/p>\n<h4 data-sourcepos=\"16:1-16:29\" data-immersive-translate-walked=\"2ecba478-cd2a-4538-b887-dd14611a71eb\">Prestazioni che impressionano<\/h4>\n<p data-sourcepos=\"18:1-18:348\" data-immersive-translate-walked=\"2ecba478-cd2a-4538-b887-dd14611a71eb\" data-immersive-translate-paragraph=\"1\">La Bang Blaze 60000 Puffs porta la sua impressionante potenza gi\u00e0 nel nome. Con una capacit\u00e0 incredibile di fino a 60.000 tiri per dispositivo, offre un piacere di svapo che dura settimane, mettendo in ombra le tradizionali vape usa e getta. Ci\u00f2 \u00e8 reso possibile da un enorme serbatoio da 56 ml con e-liquid pre-riempito.<\/p>\n<p data-sourcepos=\"20:1-20:297\" data-immersive-translate-walked=\"2ecba478-cd2a-4538-b887-dd14611a71eb\" data-immersive-translate-paragraph=\"1\">Per evitare che l'energia si esaurisca prima del liquido, la Bang Blaze \u00e8 dotata di una potente batteria da 650 mAh. Grazie alla moderna funzione di ricarica rapida Type-C, la batteria si ricarica in un attimo, garantendo interruzioni minime e massimo piacere.<\/p>\n<h4 data-sourcepos=\"22:1-22:39\" data-immersive-translate-walked=\"2ecba478-cd2a-4538-b887-dd14611a71eb\">Per un'esperienza di svapo di prima classe<\/h4>\n<p data-sourcepos=\"24:1-24:256\" data-immersive-translate-walked=\"2ecba478-cd2a-4538-b887-dd14611a71eb\" data-immersive-translate-paragraph=\"1\">Al cuore della Bang Blaze c'\u00e8 una coil in mesh di alta qualit\u00e0 da 1,0 \u03a9 che garantisce una produzione di vapore perfetta. Questa tecnologia assicura un riscaldamento uniforme e produce un vapore particolarmente morbido e ricco di sapore ad ogni tiro.<\/p>\n<p data-sourcepos=\"26:1-26:257\" data-immersive-translate-walked=\"2ecba478-cd2a-4538-b887-dd14611a71eb\" data-immersive-translate-paragraph=\"1\">Per soddisfare le esigenze di ogni svapatore, la Bang Blaze \u00e8 disponibile in diverse concentrazioni di nicotina: 0, 1, 2, 3 e 5 mg. Che si preferisca svapare senza nicotina o con una concentrazione pi\u00f9 forte, questo dispositivo offre l'opzione pi\u00f9 adatta.<\/p>\n<h4 data-sourcepos=\"28:1-28:9\" data-immersive-translate-walked=\"2ecba478-cd2a-4538-b887-dd14611a71eb\">Il futuro delle vape si chiama Bang Blaze<\/h4>\n<p data-sourcepos=\"30:1-30:419\" data-immersive-translate-walked=\"2ecba478-cd2a-4538-b887-dd14611a71eb\" data-immersive-translate-paragraph=\"1\">La Bang Blaze 60000 Puffs \u00e8 molto pi\u00f9 di una semplice sigaretta elettronica usa e getta. \u00c8 una dichiarazione per tutti coloro che non vogliono compromessi su gusto, prestazioni e innovazione. Con il suo enorme numero di tiri, la batteria ricaricabile e soprattutto il sistema di gusti \"4 in 1\" unico nel suo genere, ridefinisce la categoria delle vape e offre un'esperienza di svapo senza paragoni e varia.<\/p>","protected":false},"excerpt":{"rendered":"<p>Bang Blaze 60000 Puff: La rivoluzione delle vape usa e getta con un'esperienza di gusto quadrupla Il mondo delle vape sta vivendo un'innovazione rivoluzionaria: il Bang Blaze 60000 Puff. Questi...<\/p>","protected":false},"featured_media":7078,"template":"","meta":[],"etheme_brands":[],"product_brand":[101],"product_cat":[93,49,61,87],"product_tag":[],"class_list":{"0":"post-7074","1":"product","2":"type-product","3":"status-publish","4":"has-post-thumbnail","6":"product_brand-bang-king-vape","7":"product_cat-60k-vape","8":"product_cat-einweg-e-zigarette","9":"product_cat-f","10":"product_cat-v","12":"first","13":"instock","14":"shipping-taxable","15":"purchasable","16":"product-type-simple"},"yoast_head":"<!-- This site is optimized with the Yoast SEO plugin v26.5 - https:\/\/yoast.com\/wordpress\/plugins\/seo\/ -->\n<title>Bang Blaze 60000 Puffs Liefert Power Geschmack Und Vielfalt | Vapingnet.de<\/title>\n<meta name=\"description\" content=\"Entdecke Bang Blaze 60000 Puffs Liefert Power Geschmack Und Vielfalt bei vapingnet.de, \u25ba Gro\u00dfe Auswahl an Geschmacksrichtungen &amp; super g\u00fcnstig!\" \/>\n<meta name=\"robots\" content=\"index, follow, max-snippet:-1, max-image-preview:large, max-video-preview:-1\" \/>\n<link rel=\"canonical\" href=\"https:\/\/vapingnet.de\/it\/vape\/bang-blaze-60000-puffs-liefert-power-geschmack-und-vielfalt\/\" \/>\n<meta property=\"og:locale\" content=\"it_IT\" \/>\n<meta property=\"og:type\" content=\"article\" \/>\n<meta property=\"og:title\" content=\"Bang Blaze 60000 Puffs Liefert Power Geschmack Und Vielfalt | Vapingnet.de\" \/>\n<meta property=\"og:description\" content=\"Entdecke Bang Blaze 60000 Puffs Liefert Power Geschmack Und Vielfalt bei vapingnet.de, \u25ba Gro\u00dfe Auswahl an Geschmacksrichtungen &amp; super g\u00fcnstig!\" \/>\n<meta property=\"og:url\" content=\"https:\/\/vapingnet.de\/it\/vape\/bang-blaze-60000-puffs-liefert-power-geschmack-und-vielfalt\/\" \/>\n<meta property=\"og:site_name\" content=\"Vapingnet.de\" \/>\n<meta property=\"article:publisher\" content=\"https:\/\/www.facebook.com\/vapingnetde\/\" \/>\n<meta property=\"article:modified_time\" content=\"2026-01-25T09:01:29+00:00\" \/>\n<meta property=\"og:image\" content=\"https:\/\/vapingnet.de\/wp-content\/uploads\/2025\/06\/blueberry-ice-peach-ice-rainbow-candy-lemon-sour-orange.jpg.webp\" \/>\n\t<meta property=\"og:image:width\" content=\"1000\" \/>\n\t<meta property=\"og:image:height\" content=\"1000\" \/>\n\t<meta property=\"og:image:type\" content=\"image\/webp\" \/>\n<meta name=\"twitter:card\" content=\"summary_large_image\" \/>\n<meta name=\"twitter:label1\" content=\"Est. reading time\" \/>\n\t<meta name=\"twitter:data1\" content=\"3 minutes\" \/>\n<script type=\"application\/ld+json\" class=\"yoast-schema-graph\">{\"@context\":\"https:\/\/schema.org\",\"@graph\":[{\"@type\":\"WebPage\",\"@id\":\"https:\/\/vapingnet.de\/vape\/bang-blaze-60000-puffs-liefert-power-geschmack-und-vielfalt\/\",\"url\":\"https:\/\/vapingnet.de\/vape\/bang-blaze-60000-puffs-liefert-power-geschmack-und-vielfalt\/\",\"name\":\"Bang Blaze 60000 Puffs Liefert Power Geschmack Und Vielfalt | Vapingnet.de\",\"isPartOf\":{\"@id\":\"https:\/\/vapingnet.de\/#website\"},\"primaryImageOfPage\":{\"@id\":\"https:\/\/vapingnet.de\/vape\/bang-blaze-60000-puffs-liefert-power-geschmack-und-vielfalt\/#primaryimage\"},\"image\":{\"@id\":\"https:\/\/vapingnet.de\/vape\/bang-blaze-60000-puffs-liefert-power-geschmack-und-vielfalt\/#primaryimage\"},\"thumbnailUrl\":\"https:\/\/vapingnet.de\/wp-content\/uploads\/2025\/06\/blueberry-ice-peach-ice-rainbow-candy-lemon-sour-orange.jpg.webp\",\"datePublished\":\"2025-06-10T07:09:00+00:00\",\"dateModified\":\"2026-01-25T09:01:29+00:00\",\"description\":\"Entdecke Bang Blaze 60000 Puffs Liefert Power Geschmack Und Vielfalt bei vapingnet.de, \u25ba Gro\u00dfe Auswahl an Geschmacksrichtungen & super g\u00fcnstig!\",\"breadcrumb\":{\"@id\":\"https:\/\/vapingnet.de\/vape\/bang-blaze-60000-puffs-liefert-power-geschmack-und-vielfalt\/#breadcrumb\"},\"inLanguage\":\"it-IT\",\"potentialAction\":[{\"@type\":\"ReadAction\",\"target\":[\"https:\/\/vapingnet.de\/vape\/bang-blaze-60000-puffs-liefert-power-geschmack-und-vielfalt\/\"]}]},{\"@type\":\"ImageObject\",\"inLanguage\":\"it-IT\",\"@id\":\"https:\/\/vapingnet.de\/vape\/bang-blaze-60000-puffs-liefert-power-geschmack-und-vielfalt\/#primaryimage\",\"url\":\"https:\/\/vapingnet.de\/wp-content\/uploads\/2025\/06\/blueberry-ice-peach-ice-rainbow-candy-lemon-sour-orange.jpg.webp\",\"contentUrl\":\"https:\/\/vapingnet.de\/wp-content\/uploads\/2025\/06\/blueberry-ice-peach-ice-rainbow-candy-lemon-sour-orange.jpg.webp\",\"width\":1000,\"height\":1000},{\"@type\":\"BreadcrumbList\",\"@id\":\"https:\/\/vapingnet.de\/vape\/bang-blaze-60000-puffs-liefert-power-geschmack-und-vielfalt\/#breadcrumb\",\"itemListElement\":[{\"@type\":\"ListItem\",\"position\":1,\"name\":\"Home\",\"item\":\"https:\/\/vapingnet.de\/\"},{\"@type\":\"ListItem\",\"position\":2,\"name\":\"Shop\",\"item\":\"https:\/\/vapingnet.de\/vape\/\"},{\"@type\":\"ListItem\",\"position\":3,\"name\":\"Bang Blaze 60000 Puffs Liefert Power Geschmack Und Vielfalt\"}]},{\"@type\":\"WebSite\",\"@id\":\"https:\/\/vapingnet.de\/#website\",\"url\":\"https:\/\/vapingnet.de\/\",\"name\":\"Vapingnet.de\",\"description\":\"\",\"publisher\":{\"@id\":\"https:\/\/vapingnet.de\/#organization\"},\"potentialAction\":[{\"@type\":\"SearchAction\",\"target\":{\"@type\":\"EntryPoint\",\"urlTemplate\":\"https:\/\/vapingnet.de\/?s={search_term_string}\"},\"query-input\":{\"@type\":\"PropertyValueSpecification\",\"valueRequired\":true,\"valueName\":\"search_term_string\"}}],\"inLanguage\":\"it-IT\"},{\"@type\":\"Organization\",\"@id\":\"https:\/\/vapingnet.de\/#organization\",\"name\":\"Vapingnet.de\",\"url\":\"https:\/\/vapingnet.de\/\",\"logo\":{\"@type\":\"ImageObject\",\"inLanguage\":\"it-IT\",\"@id\":\"https:\/\/vapingnet.de\/#\/schema\/logo\/image\/\",\"url\":\"https:\/\/vapingnet.de\/wp-content\/uploads\/2025\/03\/cropped-vapingnet.de_.jpg\",\"contentUrl\":\"https:\/\/vapingnet.de\/wp-content\/uploads\/2025\/03\/cropped-vapingnet.de_.jpg\",\"width\":512,\"height\":512,\"caption\":\"Vapingnet.de\"},\"image\":{\"@id\":\"https:\/\/vapingnet.de\/#\/schema\/logo\/image\/\"},\"sameAs\":[\"https:\/\/www.facebook.com\/vapingnetde\/\"]}]}<\/script>\n<!-- \/ Yoast SEO plugin. -->","yoast_head_json":{"title":"Bang Blaze 60000 Puffs Liefert Power Geschmack Und Vielfalt | Vapingnet.de","description":"Entdecke Bang Blaze 60000 Puffs Liefert Power Geschmack Und Vielfalt bei vapingnet.de, \u25ba Gro\u00dfe Auswahl an Geschmacksrichtungen & super g\u00fcnstig!","robots":{"index":"index","follow":"follow","max-snippet":"max-snippet:-1","max-image-preview":"max-image-preview:large","max-video-preview":"max-video-preview:-1"},"canonical":"https:\/\/vapingnet.de\/it\/vape\/bang-blaze-60000-puffs-liefert-power-geschmack-und-vielfalt\/","og_locale":"it_IT","og_type":"article","og_title":"Bang Blaze 60000 Puffs Liefert Power Geschmack Und Vielfalt | Vapingnet.de","og_description":"Entdecke Bang Blaze 60000 Puffs Liefert Power Geschmack Und Vielfalt bei vapingnet.de, \u25ba Gro\u00dfe Auswahl an Geschmacksrichtungen & super g\u00fcnstig!","og_url":"https:\/\/vapingnet.de\/it\/vape\/bang-blaze-60000-puffs-liefert-power-geschmack-und-vielfalt\/","og_site_name":"Vapingnet.de","article_publisher":"https:\/\/www.facebook.com\/vapingnetde\/","article_modified_time":"2026-01-25T09:01:29+00:00","og_image":[{"width":1000,"height":1000,"url":"https:\/\/vapingnet.de\/wp-content\/uploads\/2025\/06\/blueberry-ice-peach-ice-rainbow-candy-lemon-sour-orange.jpg.webp","type":"image\/webp"}],"twitter_card":"summary_large_image","twitter_misc":{"Est. reading time":"3 minutes"},"schema":{"@context":"https:\/\/schema.org","@graph":[{"@type":"WebPage","@id":"https:\/\/vapingnet.de\/vape\/bang-blaze-60000-puffs-liefert-power-geschmack-und-vielfalt\/","url":"https:\/\/vapingnet.de\/vape\/bang-blaze-60000-puffs-liefert-power-geschmack-und-vielfalt\/","name":"Bang Blaze 60000 Puffs Liefert Power Geschmack Und Vielfalt | Vapingnet.de","isPartOf":{"@id":"https:\/\/vapingnet.de\/#website"},"primaryImageOfPage":{"@id":"https:\/\/vapingnet.de\/vape\/bang-blaze-60000-puffs-liefert-power-geschmack-und-vielfalt\/#primaryimage"},"image":{"@id":"https:\/\/vapingnet.de\/vape\/bang-blaze-60000-puffs-liefert-power-geschmack-und-vielfalt\/#primaryimage"},"thumbnailUrl":"https:\/\/vapingnet.de\/wp-content\/uploads\/2025\/06\/blueberry-ice-peach-ice-rainbow-candy-lemon-sour-orange.jpg.webp","datePublished":"2025-06-10T07:09:00+00:00","dateModified":"2026-01-25T09:01:29+00:00","description":"Entdecke Bang Blaze 60000 Puffs Liefert Power Geschmack Und Vielfalt bei vapingnet.de, \u25ba Gro\u00dfe Auswahl an Geschmacksrichtungen & super g\u00fcnstig!","breadcrumb":{"@id":"https:\/\/vapingnet.de\/vape\/bang-blaze-60000-puffs-liefert-power-geschmack-und-vielfalt\/#breadcrumb"},"inLanguage":"it-IT","potentialAction":[{"@type":"ReadAction","target":["https:\/\/vapingnet.de\/vape\/bang-blaze-60000-puffs-liefert-power-geschmack-und-vielfalt\/"]}]},{"@type":"ImageObject","inLanguage":"it-IT","@id":"https:\/\/vapingnet.de\/vape\/bang-blaze-60000-puffs-liefert-power-geschmack-und-vielfalt\/#primaryimage","url":"https:\/\/vapingnet.de\/wp-content\/uploads\/2025\/06\/blueberry-ice-peach-ice-rainbow-candy-lemon-sour-orange.jpg.webp","contentUrl":"https:\/\/vapingnet.de\/wp-content\/uploads\/2025\/06\/blueberry-ice-peach-ice-rainbow-candy-lemon-sour-orange.jpg.webp","width":1000,"height":1000},{"@type":"BreadcrumbList","@id":"https:\/\/vapingnet.de\/vape\/bang-blaze-60000-puffs-liefert-power-geschmack-und-vielfalt\/#breadcrumb","itemListElement":[{"@type":"ListItem","position":1,"name":"Home","item":"https:\/\/vapingnet.de\/"},{"@type":"ListItem","position":2,"name":"Shop","item":"https:\/\/vapingnet.de\/vape\/"},{"@type":"ListItem","position":3,"name":"Bang Blaze 60000 Puffs Liefert Power Geschmack Und Vielfalt"}]},{"@type":"WebSite","@id":"https:\/\/vapingnet.de\/#website","url":"https:\/\/vapingnet.de\/","name":"Vapingnet.de","description":"","publisher":{"@id":"https:\/\/vapingnet.de\/#organization"},"potentialAction":[{"@type":"SearchAction","target":{"@type":"EntryPoint","urlTemplate":"https:\/\/vapingnet.de\/?s={search_term_string}"},"query-input":{"@type":"PropertyValueSpecification","valueRequired":true,"valueName":"search_term_string"}}],"inLanguage":"it-IT"},{"@type":"Organization","@id":"https:\/\/vapingnet.de\/#organization","name":"Vapingnet.de","url":"https:\/\/vapingnet.de\/","logo":{"@type":"ImageObject","inLanguage":"it-IT","@id":"https:\/\/vapingnet.de\/#\/schema\/logo\/image\/","url":"https:\/\/vapingnet.de\/wp-content\/uploads\/2025\/03\/cropped-vapingnet.de_.jpg","contentUrl":"https:\/\/vapingnet.de\/wp-content\/uploads\/2025\/03\/cropped-vapingnet.de_.jpg","width":512,"height":512,"caption":"Vapingnet.de"},"image":{"@id":"https:\/\/vapingnet.de\/#\/schema\/logo\/image\/"},"sameAs":["https:\/\/www.facebook.com\/vapingnetde\/"]}]}},"tiered_pricing_type":"fixed","tiered_pricing_fixed_rules":{"10":"12.15","60":"10.94","110":"9.72","200":"8.51"},"tiered_pricing_product_settings":{"layout":"default","base_unit_name":{"singular":null,"plural":null},"default_variation":null},"tiered_pricing_minimum_quantity":null,"tiered_pricing_roles_data":[],"tiered_pricing_percentage_rules":[],"_links":{"self":[{"href":"https:\/\/vapingnet.de\/it\/wp-json\/wp\/v2\/product\/7074","targetHints":{"allow":["GET"]}}],"collection":[{"href":"https:\/\/vapingnet.de\/it\/wp-json\/wp\/v2\/product"}],"about":[{"href":"https:\/\/vapingnet.de\/it\/wp-json\/wp\/v2\/types\/product"}],"version-history":[{"count":2,"href":"https:\/\/vapingnet.de\/it\/wp-json\/wp\/v2\/product\/7074\/revisions"}],"predecessor-version":[{"id":7536,"href":"https:\/\/vapingnet.de\/it\/wp-json\/wp\/v2\/product\/7074\/revisions\/7536"}],"wp:featuredmedia":[{"embeddable":true,"href":"https:\/\/vapingnet.de\/it\/wp-json\/wp\/v2\/media\/7078"}],"wp:attachment":[{"href":"https:\/\/vapingnet.de\/it\/wp-json\/wp\/v2\/media?parent=7074"}],"wp:term":[{"taxonomy":"brand","embeddable":true,"href":"https:\/\/vapingnet.de\/it\/wp-json\/wp\/v2\/etheme_brands?post=7074"},{"taxonomy":"product_brand","embeddable":true,"href":"https:\/\/vapingnet.de\/it\/wp-json\/wp\/v2\/product_brand?post=7074"},{"taxonomy":"product_cat","embeddable":true,"href":"https:\/\/vapingnet.de\/it\/wp-json\/wp\/v2\/product_cat?post=7074"},{"taxonomy":"product_tag","embeddable":true,"href":"https:\/\/vapingnet.de\/it\/wp-json\/wp\/v2\/product_tag?post=7074"}],"curies":[{"name":"wp","href":"https:\/\/api.w.org\/{rel}","templated":true}]}}