{"id":5615,"date":"2025-03-18T07:14:58","date_gmt":"2025-03-18T07:14:58","guid":{"rendered":"https:\/\/vapingnet.de\/?page_id=5615"},"modified":"2025-06-11T07:34:22","modified_gmt":"2025-06-11T07:34:22","slug":"vapingnet-de-rueckerstattungs-rueckgaberichtlinie","status":"publish","type":"page","link":"https:\/\/vapingnet.de\/lt\/vapingnet-de-rueckerstattungs-rueckgaberichtlinie\/","title":{"rendered":"vapingnet.de Gr\u0105\u017einimo \/ Gr\u0105\u017einimo politika"},"content":{"rendered":"<h2 class=\"wp-block-heading\">Mes turime 15 dien\u0173 gr\u0105\u017einimo politik\u0105.<\/h2><p>Pra\u0161ome pateikti pra\u0161ym\u0105 gr\u0105\u017einti pinigus, atsi\u0173sdami mums el. lai\u0161k\u0105, kad prad\u0117tume gr\u0105\u017einimo proces\u0105. Pra\u0161ome nurodyti kuo daugiau informacijos, \u012fskaitant u\u017esakymo numer\u012f, piln\u0105 vard\u0105, adres\u0105, telefono numer\u012f ir gr\u0105\u017einimo prie\u017east\u012f. Atkreipkite d\u0117mes\u012f, kad galb\u016bt papra\u0161ysime jums atsi\u0173sti nuotraukas ir\/arba vaizdo \u012fra\u0161\u0105 apie pa\u017eeist\u0105 ar sugedus\u012f prek\u0119 el. pa\u0161tu, prie\u0161 siun\u010diant prekes atgal. Taip pat galime jums pateikti veiksm\u0173, skirt\u0173 klaid\u0173 \u0161alinimui, \u017eingsnius, nes tai b\u016btina norint pagreitinti gr\u0105\u017einimo proces\u0105 ir pad\u0117ti i\u0161vengti mokes\u010di\u0173 u\u017e gr\u0105\u017einimo apdorojim\u0105.<\/p><p>Jei gr\u0105\u017einimas bus patvirtintas, gausite tolesnes instrukcijas, kaip gr\u0105\u017einti prekes mums. Kiekviena gr\u0105\u017ea, kreditas ar pakeitimas bus i\u0161duotas, kai gr\u0105\u017ea bus gauta ir apdorota.<\/p><p>Prek\u0117s, turin\u010dios gamintojo kosmetini\u0173 pa\u017eeidim\u0173, vartojimo preki\u0173 problem\u0173, atvykus su defektais (DOA) ir tr\u016bkstamos arba neteisingos prek\u0117s turi b\u016bti prane\u0161tos per 48 valandas nuo pristatymo!<\/p><p>Vartojimo prek\u0117s:<br>Higienos ir saugumo sumetimais mes negalime priimti gr\u0105\u017einim\u0173 vartojimo preki\u0173, kurios buvo atidarytos arba naudojamos. Vartojimo prek\u0117s apima, bet neapsiriboja, E-liquids, rit\u0117mis, podais, kaset\u0117mis, vienkartin\u0117mis prek\u0117mis ir baterijomis. Pakartotinai pristatyti vartojimo prekes ne\u012fmanoma.<\/p><h3 class=\"wp-block-heading\">15 % apdorojimo mokestis u\u017e gr\u0105\u017einimus gali b\u016bti taikomas, jei:<\/h3><p>1. Gr\u0105\u017einimai yra atidaryti ir\/arba n\u0117ra suged\u0119.<\/p><p>2. Gr\u0105\u017einimai rodo fizinius pa\u017eeidimus arba naudotojo klaidas, kurios gal\u0117jo sukelti defekt\u0105.<\/p><p>3. Gr\u0105\u017einimai, kurie nebuvo i\u0161valyti ir i\u0161tu\u0161tinti prie\u0161 gr\u0105\u017einim\u0105.<\/p><p>4. Defekto prie\u017eastis n\u0117ra nustatyta arba gali b\u016bti i\u0161spr\u0119sta paprastais klaid\u0173 \u0161alinimo \u017eingsniais.<\/p><p>Gr\u0105\u017einimo i\u0161laidos:<\/p><p>Klientas yra atsakingas u\u017e nepa\u017eeist\u0173 preki\u0173 gr\u0105\u017einimo i\u0161laidas. Visos siuntimo i\u0161laidos NEBUS GR\u0104\u017dINAMOS.<\/p><p>Akcijos s\u0105lygos:<br>Akcijos prek\u0117s yra galutinai parduotos. Jei akcijos prek\u0117 laikoma su defektu, mes i\u0161duosime tik gr\u0105\u017einam\u0105j\u0105 i\u0161mok\u0105 arba kredit\u0105, lyg\u0173 sumai, sumok\u0117tai u\u017e prekes. Akcijos prek\u0117s n\u0117ra kei\u010diamos.<\/p><p>Atmestos u\u017esakymas:<br>Jei klientas arba kurjeris d\u0117l koki\u0173 nors prie\u017eas\u010di\u0173 atmet\u0117 siuntas, siuntimo i\u0161laidos n\u0117ra gr\u0105\u017einamos. Jei j\u016bs\u0173 u\u017esakymas buvo nemokamas pristatymas, m\u016bs\u0173 siuntimo i\u0161laidos bus atskai\u010diuotos nuo j\u016bs\u0173 gr\u0105\u017einamos sumos.<\/p><p>Jei jau prad\u0117jome tvarkyti j\u016bs\u0173 u\u017esakym\u0105 ir norite j\u012f at\u0161aukti, taikysime 20 % at\u0161aukimo mokest\u012f nuo at\u0161aukiamo u\u017esakymo sumos.<\/p><p>Jei jau baig\u0117me j\u016bs\u0173 vaping proces\u0105 ir j\u016bs reikalaujate at\u0161aukti u\u017esakym\u0105, taikysime 50 % mokest\u012f.<\/p><p>Kitu atveju mes ne tik paruo\u0161\u0117me j\u016bs\u0173 elektronin\u0119 cigaret\u0119, bet ir i\u0161siunt\u0117me j\u0105, tod\u0117l u\u017esakymas nebus at\u0161auktas, pra\u0161ome suprasti.<\/p><p>Gr\u0105\u017einimo procesas:<br>Gr\u0105\u017einimai gali b\u016bti atliekami tik \u012f originali\u0105 mok\u0117jimo priemon\u0119 (kreditin\u0119 kortel\u0119, debetin\u0119 kortel\u0119) arba kaip kreditai. vapingnet.de n\u0117ra atsakinga u\u017e gr\u0105\u017einimus \u012f i\u0161ankstin\u0119 kortel\u0119 ar at\u0161aukt\u0105 kreditin\u0119 kortel\u0119, jei kortel\u0117s savininkas jos nebeturi.<\/p><p>Mes labai kruop\u0161\u010diai tikriname vis\u0105 informacij\u0105 m\u016bs\u0173 svetain\u0117je. Ta\u010diau kartais gali pasitaikyti klaid\u0173 arba gamintojai gali atnaujinti informacij\u0105, kurios mums n\u0117ra \u017einoma. Mes pasiliekame teis\u0119 koreguoti netiksli\u0105 informacij\u0105 ir nesame atsakingi u\u017e ra\u0161ybos klaidas.<\/p><p>vapingnet.de gr\u0105\u017einimo s\u0105lygos galioja tik \u0161iai svetainei.<\/p>","protected":false},"excerpt":{"rendered":"<p>Wir haben eine 15-t\u00e4gige R\u00fcckgaberichtlinie. Bitte fordern Sie eine R\u00fcckerstattung an, indem Sie uns eine E-Mail schicken, um eine R\u00fcckgabeanforderung einzuleiten. Bitte geben Sie so&#8230;<\/p>","protected":false},"author":2,"featured_media":0,"parent":0,"menu_order":0,"comment_status":"closed","ping_status":"closed","template":"","meta":{"footnotes":""},"class_list":["post-5615","page","type-page","status-publish","hentry"],"yoast_head":"<!-- This site is optimized with the Yoast SEO plugin v26.5 - https:\/\/yoast.com\/wordpress\/plugins\/seo\/ -->\n<title>vapingnet.de R\u00fcckerstattungs-\/R\u00fcckgaberichtlinie | Vapingnet.de<\/title>\n<meta name=\"description\" content=\"A quick overview from vapingnet.de: vapingnet.de R\u00fcckerstattungs-\/R\u00fcckgaberichtlinie\" \/>\n<meta name=\"robots\" content=\"index, follow, max-snippet:-1, max-image-preview:large, max-video-preview:-1\" \/>\n<link rel=\"canonical\" href=\"https:\/\/vapingnet.de\/lt\/vapingnet-de-rueckerstattungs-rueckgaberichtlinie\/\" \/>\n<meta property=\"og:locale\" content=\"lt_LT\" \/>\n<meta property=\"og:type\" content=\"article\" \/>\n<meta property=\"og:title\" content=\"vapingnet.de R\u00fcckerstattungs-\/R\u00fcckgaberichtlinie | Vapingnet.de\" \/>\n<meta property=\"og:description\" content=\"A quick overview from vapingnet.de: vapingnet.de R\u00fcckerstattungs-\/R\u00fcckgaberichtlinie\" \/>\n<meta property=\"og:url\" content=\"https:\/\/vapingnet.de\/lt\/vapingnet-de-rueckerstattungs-rueckgaberichtlinie\/\" \/>\n<meta property=\"og:site_name\" content=\"Vapingnet.de\" \/>\n<meta property=\"article:publisher\" content=\"https:\/\/www.facebook.com\/vapingnetde\/\" \/>\n<meta property=\"article:modified_time\" content=\"2025-06-11T07:34:22+00:00\" \/>\n<meta name=\"twitter:card\" content=\"summary_large_image\" \/>\n<meta name=\"twitter:label1\" content=\"Est. reading time\" \/>\n\t<meta name=\"twitter:data1\" content=\"3 minutes\" \/>\n<script type=\"application\/ld+json\" class=\"yoast-schema-graph\">{\"@context\":\"https:\/\/schema.org\",\"@graph\":[{\"@type\":\"WebPage\",\"@id\":\"https:\/\/vapingnet.de\/vapingnet-de-rueckerstattungs-rueckgaberichtlinie\/\",\"url\":\"https:\/\/vapingnet.de\/vapingnet-de-rueckerstattungs-rueckgaberichtlinie\/\",\"name\":\"vapingnet.de R\u00fcckerstattungs-\/R\u00fcckgaberichtlinie | Vapingnet.de\",\"isPartOf\":{\"@id\":\"https:\/\/vapingnet.de\/#website\"},\"datePublished\":\"2025-03-18T07:14:58+00:00\",\"dateModified\":\"2025-06-11T07:34:22+00:00\",\"description\":\"A quick overview from vapingnet.de: vapingnet.de R\u00fcckerstattungs-\/R\u00fcckgaberichtlinie\",\"breadcrumb\":{\"@id\":\"https:\/\/vapingnet.de\/vapingnet-de-rueckerstattungs-rueckgaberichtlinie\/#breadcrumb\"},\"inLanguage\":\"lt-LT\",\"potentialAction\":[{\"@type\":\"ReadAction\",\"target\":[\"https:\/\/vapingnet.de\/vapingnet-de-rueckerstattungs-rueckgaberichtlinie\/\"]}]},{\"@type\":\"BreadcrumbList\",\"@id\":\"https:\/\/vapingnet.de\/vapingnet-de-rueckerstattungs-rueckgaberichtlinie\/#breadcrumb\",\"itemListElement\":[{\"@type\":\"ListItem\",\"position\":1,\"name\":\"Home\",\"item\":\"https:\/\/vapingnet.de\/\"},{\"@type\":\"ListItem\",\"position\":2,\"name\":\"vapingnet.de R\u00fcckerstattungs-\/R\u00fcckgaberichtlinie\"}]},{\"@type\":\"WebSite\",\"@id\":\"https:\/\/vapingnet.de\/#website\",\"url\":\"https:\/\/vapingnet.de\/\",\"name\":\"Vapingnet.de\",\"description\":\"\",\"publisher\":{\"@id\":\"https:\/\/vapingnet.de\/#organization\"},\"potentialAction\":[{\"@type\":\"SearchAction\",\"target\":{\"@type\":\"EntryPoint\",\"urlTemplate\":\"https:\/\/vapingnet.de\/?s={search_term_string}\"},\"query-input\":{\"@type\":\"PropertyValueSpecification\",\"valueRequired\":true,\"valueName\":\"search_term_string\"}}],\"inLanguage\":\"lt-LT\"},{\"@type\":\"Organization\",\"@id\":\"https:\/\/vapingnet.de\/#organization\",\"name\":\"Vapingnet.de\",\"url\":\"https:\/\/vapingnet.de\/\",\"logo\":{\"@type\":\"ImageObject\",\"inLanguage\":\"lt-LT\",\"@id\":\"https:\/\/vapingnet.de\/#\/schema\/logo\/image\/\",\"url\":\"https:\/\/vapingnet.de\/wp-content\/uploads\/2025\/03\/cropped-vapingnet.de_.jpg\",\"contentUrl\":\"https:\/\/vapingnet.de\/wp-content\/uploads\/2025\/03\/cropped-vapingnet.de_.jpg\",\"width\":512,\"height\":512,\"caption\":\"Vapingnet.de\"},\"image\":{\"@id\":\"https:\/\/vapingnet.de\/#\/schema\/logo\/image\/\"},\"sameAs\":[\"https:\/\/www.facebook.com\/vapingnetde\/\"]}]}<\/script>\n<!-- \/ Yoast SEO plugin. -->","yoast_head_json":{"title":"vapingnet.de R\u00fcckerstattungs-\/R\u00fcckgaberichtlinie | Vapingnet.de","description":"A quick overview from vapingnet.de: vapingnet.de R\u00fcckerstattungs-\/R\u00fcckgaberichtlinie","robots":{"index":"index","follow":"follow","max-snippet":"max-snippet:-1","max-image-preview":"max-image-preview:large","max-video-preview":"max-video-preview:-1"},"canonical":"https:\/\/vapingnet.de\/lt\/vapingnet-de-rueckerstattungs-rueckgaberichtlinie\/","og_locale":"lt_LT","og_type":"article","og_title":"vapingnet.de R\u00fcckerstattungs-\/R\u00fcckgaberichtlinie | Vapingnet.de","og_description":"A quick overview from vapingnet.de: vapingnet.de R\u00fcckerstattungs-\/R\u00fcckgaberichtlinie","og_url":"https:\/\/vapingnet.de\/lt\/vapingnet-de-rueckerstattungs-rueckgaberichtlinie\/","og_site_name":"Vapingnet.de","article_publisher":"https:\/\/www.facebook.com\/vapingnetde\/","article_modified_time":"2025-06-11T07:34:22+00:00","twitter_card":"summary_large_image","twitter_misc":{"Est. reading time":"3 minutes"},"schema":{"@context":"https:\/\/schema.org","@graph":[{"@type":"WebPage","@id":"https:\/\/vapingnet.de\/vapingnet-de-rueckerstattungs-rueckgaberichtlinie\/","url":"https:\/\/vapingnet.de\/vapingnet-de-rueckerstattungs-rueckgaberichtlinie\/","name":"vapingnet.de R\u00fcckerstattungs-\/R\u00fcckgaberichtlinie | Vapingnet.de","isPartOf":{"@id":"https:\/\/vapingnet.de\/#website"},"datePublished":"2025-03-18T07:14:58+00:00","dateModified":"2025-06-11T07:34:22+00:00","description":"A quick overview from vapingnet.de: vapingnet.de R\u00fcckerstattungs-\/R\u00fcckgaberichtlinie","breadcrumb":{"@id":"https:\/\/vapingnet.de\/vapingnet-de-rueckerstattungs-rueckgaberichtlinie\/#breadcrumb"},"inLanguage":"lt-LT","potentialAction":[{"@type":"ReadAction","target":["https:\/\/vapingnet.de\/vapingnet-de-rueckerstattungs-rueckgaberichtlinie\/"]}]},{"@type":"BreadcrumbList","@id":"https:\/\/vapingnet.de\/vapingnet-de-rueckerstattungs-rueckgaberichtlinie\/#breadcrumb","itemListElement":[{"@type":"ListItem","position":1,"name":"Home","item":"https:\/\/vapingnet.de\/"},{"@type":"ListItem","position":2,"name":"vapingnet.de R\u00fcckerstattungs-\/R\u00fcckgaberichtlinie"}]},{"@type":"WebSite","@id":"https:\/\/vapingnet.de\/#website","url":"https:\/\/vapingnet.de\/","name":"Vapingnet.de","description":"","publisher":{"@id":"https:\/\/vapingnet.de\/#organization"},"potentialAction":[{"@type":"SearchAction","target":{"@type":"EntryPoint","urlTemplate":"https:\/\/vapingnet.de\/?s={search_term_string}"},"query-input":{"@type":"PropertyValueSpecification","valueRequired":true,"valueName":"search_term_string"}}],"inLanguage":"lt-LT"},{"@type":"Organization","@id":"https:\/\/vapingnet.de\/#organization","name":"Vapingnet.de","url":"https:\/\/vapingnet.de\/","logo":{"@type":"ImageObject","inLanguage":"lt-LT","@id":"https:\/\/vapingnet.de\/#\/schema\/logo\/image\/","url":"https:\/\/vapingnet.de\/wp-content\/uploads\/2025\/03\/cropped-vapingnet.de_.jpg","contentUrl":"https:\/\/vapingnet.de\/wp-content\/uploads\/2025\/03\/cropped-vapingnet.de_.jpg","width":512,"height":512,"caption":"Vapingnet.de"},"image":{"@id":"https:\/\/vapingnet.de\/#\/schema\/logo\/image\/"},"sameAs":["https:\/\/www.facebook.com\/vapingnetde\/"]}]}},"_links":{"self":[{"href":"https:\/\/vapingnet.de\/lt\/wp-json\/wp\/v2\/pages\/5615","targetHints":{"allow":["GET"]}}],"collection":[{"href":"https:\/\/vapingnet.de\/lt\/wp-json\/wp\/v2\/pages"}],"about":[{"href":"https:\/\/vapingnet.de\/lt\/wp-json\/wp\/v2\/types\/page"}],"author":[{"embeddable":true,"href":"https:\/\/vapingnet.de\/lt\/wp-json\/wp\/v2\/users\/2"}],"replies":[{"embeddable":true,"href":"https:\/\/vapingnet.de\/lt\/wp-json\/wp\/v2\/comments?post=5615"}],"version-history":[{"count":2,"href":"https:\/\/vapingnet.de\/lt\/wp-json\/wp\/v2\/pages\/5615\/revisions"}],"predecessor-version":[{"id":7104,"href":"https:\/\/vapingnet.de\/lt\/wp-json\/wp\/v2\/pages\/5615\/revisions\/7104"}],"wp:attachment":[{"href":"https:\/\/vapingnet.de\/lt\/wp-json\/wp\/v2\/media?parent=5615"}],"curies":[{"name":"wp","href":"https:\/\/api.w.org\/{rel}","templated":true}]}}