{"id":5627,"date":"2025-03-18T07:16:05","date_gmt":"2025-03-18T07:16:05","guid":{"rendered":"https:\/\/vapingnet.de\/?page_id=5627"},"modified":"2025-12-25T07:50:32","modified_gmt":"2025-12-25T07:50:32","slug":"datenschutzrichtlinie","status":"publish","type":"page","link":"https:\/\/vapingnet.de\/lt\/datenschutzrichtlinie\/","title":{"rendered":"Privatumo politika"},"content":{"rendered":"<p>\u0160i privatumo politika apra\u0161o, kaip j\u016bs\u0173 asmeniniai duomenys yra renkami, naudojami ir perduodami, kai lankot\u0117s vapingnet.de arba atliekate pirkim\u0105.<\/p><h4 class=\"wp-block-heading\">Asmeniniai duomenys, kuriuos renkame<\/h4><p>Aplankydami svetain\u0119, automati\u0161kai renkame tam tikr\u0105 informacij\u0105 apie j\u016bs\u0173 \u012frengin\u012f, \u012fskaitant informacij\u0105 apie j\u016bs\u0173 nar\u0161ykl\u0119, IP adres\u0105, laiko juost\u0105 ir kai kuriuos slapukus, \u012fdiegtus j\u016bs\u0173 \u012frenginyje.<br><br>Be to, nar\u0161ydami svetain\u0117je, renkame informacij\u0105 apie per\u017ei\u016br\u0117tus puslapius ar produktus, \u012f kuriuos nuorod\u0105 pateik\u0117te, ir informacij\u0105 apie j\u016bs\u0173 s\u0105veik\u0105 su svetaine. \u0160i\u0105 automati\u0161kai surinkt\u0105 informacij\u0105 vadiname \u201e\u012frenginio informacija\u201c.<\/p><h4 class=\"wp-block-heading\">Mes renkame \u012frenginio informacij\u0105 naudodami \u0161ias technologijas:<\/h4><p>\u2013 \u201eSlapukai\u201c yra duomen\u0173 failai, kurie saugomi j\u016bs\u0173 \u012frenginyje arba kompiuteryje ir da\u017enai turi anonimin\u0119 unikal\u0173 identifikatori\u0173. Daugiau informacijos apie slapukus ir j\u0173 i\u0161jungim\u0105 rasite adresu http:\/\/www.allaboutcookies.org.<br><br>\u2013 \u201e\u017durnalo failai\u201c stebi veiksmus svetain\u0117je ir renka duomenis, \u012fskaitant j\u016bs\u0173 IP adres\u0105, nar\u0161ykl\u0117s tip\u0105, interneto paslaug\u0173 teik\u0117j\u0105, nuorod\u0173\/i\u0161\u0117jimo puslapius bei dat\u0173 ir laiko \u017eymas.<br><br>\u2013 \u201eWeb beacon\u201c, \u201e\u017eym\u0117s\u201c ir \u201epikseliai\u201c yra elektroniniai failai, skirti fiksuoti informacij\u0105 apie tai, kaip nar\u0161ote svetain\u0117je.<br><br>Jei per svetain\u0119 atliksite pirkim\u0105 arba bandysite j\u012f atlikti, taip pat renkame tam tikr\u0105 informacij\u0105 apie jus, \u012fskaitant j\u016bs\u0173 vard\u0105, s\u0105skaitos adres\u0105, pristatymo adres\u0105, mok\u0117jimo duomenis (\u012fskaitant kredito korteli\u0173 numerius), el. pa\u0161to adres\u0105 ir telefono numer\u012f. \u0160i\u0105 informacij\u0105 vadiname \u201eu\u017esakymo duomenimis\u201c.<br><br>Kai \u0161ioje privatumo politikoje kalbame apie \u201easmeninius duomenis\u201c, turime omenyje tiek \u012frenginio informacij\u0105, tiek u\u017esakymo duomenis.<\/p><h4 class=\"wp-block-heading\">Kaip mes naudojame j\u016bs\u0173 asmeninius duomenis?<\/h4><p>Mes da\u017eniausiai naudojame surinktus u\u017esakymo duomenis, kad \u012fvykdytume visas svetain\u0117je pateiktas u\u017esakymus (\u012fskaitant apdorojant mok\u0117jimo duomenis, organizuojant siuntim\u0105 ir teikiant s\u0105skaitas ir\/arba u\u017esakymo patvirtinimus). Be to, \u0161iuos u\u017esakymo duomenis naudojame siekdami:<br><br>\u2013 su jumis bendrauti;<br>\u2013 patikrinti m\u016bs\u0173 u\u017esakymus d\u0117l galim\u0173 rizik\u0173 ar suk\u010diavimo; ir<br>\u2013 jei tai atitinka j\u016bs\u0173 nurodytas nuostatas, teikti jums informacij\u0105 ar reklam\u0105 apie m\u016bs\u0173 produktus ar paslaugas.<br><br>Mes naudojame surinkt\u0105 \u012frenginio informacij\u0105, kad pad\u0117t\u0173 mums ie\u0161kant galim\u0173 rizik\u0173 ir suk\u010diavimo (ypa\u010d j\u016bs\u0173 IP adres\u0105) ir apskritai tobulinti ir optimizuoti m\u016bs\u0173 svetain\u0119 (pvz., kurdami analiz\u0119 apie tai, kaip m\u016bs\u0173 klientai nar\u0161o ir s\u0105veikauja su svetaine, ir vertindami m\u016bs\u0173 rinkodaros ir reklamos kampanij\u0173 s\u0117km\u0119).<\/p><h4 class=\"wp-block-heading\">J\u016bs\u0173 asmenini\u0173 duomen\u0173 perdavimas<\/h4><p>Mes perduodame j\u016bs\u0173 asmeninius duomenis tre\u010diosioms \u0161alims, kad pad\u0117t\u0173 mums naudotis j\u016bs\u0173 asmeniniais duomenimis, kaip apra\u0161yta auk\u0161\u010diau.<br><br>Mes taip pat naudojame \u201eGoogle Analytics\u201c, kad suprastume, kaip m\u016bs\u0173 klientai naudoja svetain\u0119.<\/p><p><br>Gal\u0173 gale, mes galime perduoti j\u016bs\u0173 asmens duomenis, kad atitiktume galiojan\u010dius \u012fstatymus ir nuostatas, reaguotume \u012f \u0161aukimus, paie\u0161kos orderius ar kitus teis\u0117tus informacijos pra\u0161ymus, kuriuos gauname, arba kitaip apsaugotume savo teises.<\/p><h2 class=\"wp-block-heading\">Kaip apsaugome j\u016bs\u0173 duomenis?<\/h2><p>J\u016bs\u0173 asmeniniai duomenys saugomi u\u017etikrintose tinklo sistemose ir yra prieinami tik ribotam asmen\u0173 skai\u010diui, turin\u010di\u0173 specialias prieigos teises prie toki\u0173 sistem\u0173 ir \u012fsipareigojusi\u0173 laikyti informacij\u0105 konfidencialia. Be to, visi j\u016bs\u0173 pateikti jautr\u016bs \/ kredito duomenys yra \u0161ifruojami naudojant Secure Socket Layer (SSL) technologij\u0105.<\/p><p>Mes \u012fgyvendiname \u012fvairias saugumo priemones, kai: pateikiate u\u017esakym\u0105, \u012fvedate savo duomenis, perduodate juos ar prieinate prie j\u0173, siekdami u\u017etikrinti savo asmenini\u0173 duomen\u0173 saugum\u0105.<\/p><p>Visos operacijos vykdomos per tarpininko paslaug\u0173 teik\u0117j\u0105 ir n\u0117ra saugomos ar apdorojamos m\u016bs\u0173 serveriuose.<br><br><strong>Elgesio reklama<br><\/strong><br>Kaip apra\u0161yta auk\u0161\u010diau, mes naudojame j\u016bs\u0173 asmens duomenis, kad gal\u0117tume jums pateikti tiksling\u0105 reklam\u0105 ar rinkodaros prane\u0161imus, kuri\u0173 manome, kad gal\u0117t\u0173 b\u016bti jums \u012fdom\u016bs.<br><br><br><strong>Nesekimas<br><\/strong><br>Pra\u0161ome atkreipti d\u0117mes\u012f, kad nesikeisime m\u016bs\u0173 svetain\u0117s duomen\u0173 rinkimo ir naudojimo praktikos, jei j\u016bs\u0173 nar\u0161ykl\u0117je matome \u201eNesekti\u201c signal\u0105.<br><br><strong>J\u016bs\u0173 teis\u0117s<br><\/strong><br>Jei esate \u012fsik\u016br\u0119s Europoje, turite teis\u0119 gauti prieig\u0105 prie m\u016bs\u0173 saugom\u0173 j\u016bs\u0173 asmens duomen\u0173 ir reikalauti, kad j\u016bs\u0173 asmens duomenys b\u016bt\u0173 pataisyti, atnaujinti ar i\u0161trinti. Jei norite pasinaudoti \u0161ia teise, susisiekite su mumis naudodamiesi \u017eemiau pateikta kontaktine informacija.<br><br>Jei esate \u012fsik\u016br\u0119s Europoje, taip pat pa\u017eymime, kad mes tvarkome j\u016bs\u0173 duomenis, kad \u012fvykdytume galimus su jumis sudarytus sutartinius \u012fsipareigojimus (pvz., pateikdami u\u017esakym\u0105 per svetain\u0119) arba kitaip vykdome m\u016bs\u0173 auk\u0161\u010diau nurodytus teis\u0117tus verslo interesus. Taip pat atkreipiame d\u0117mes\u012f, kad j\u016bs\u0173 duomenys gali b\u016bti perduodami u\u017e Europos rib\u0173, \u012fskaitant Kanad\u0105 ir Jungtines Valstijas.<br><br><strong>Duomen\u0173 saugojimas<br><\/strong><br>Jei pateikiate u\u017esakym\u0105 per svetain\u0119, saugome j\u016bs\u0173 u\u017esakymo duomenis m\u016bs\u0173 \u012fra\u0161ams, nebent papra\u0161ytum\u0117te j\u0173 i\u0161trinti.<br><br><strong>Pakeitimai<br><\/strong><br>Mes galime kartais atnaujinti \u0161i\u0105 privatumo politik\u0105, pavyzd\u017eiui, d\u0117l m\u016bs\u0173 praktik\u0173 pakeitim\u0173 ar kit\u0173 verslo, teisini\u0173 ar reguliavimo prie\u017eas\u010di\u0173.<br><br><strong>Nepilname\u010diai<br><\/strong><br>Svetain\u0117 n\u0117ra skirta asmenims, jaunesniems nei 18 met\u0173.<\/p>","protected":false},"excerpt":{"rendered":"<p>Diese Datenschutzrichtlinie beschreibt, wie Ihre pers\u00f6nlichen Daten erfasst, verwendet und weitergegeben werden, wenn Sie vapingnet.de besuchen oder einen Kauf t\u00e4tigen. Pers\u00f6nliche Daten, die wir sammeln&#8230;<\/p>","protected":false},"author":2,"featured_media":0,"parent":0,"menu_order":0,"comment_status":"closed","ping_status":"closed","template":"","meta":{"footnotes":""},"class_list":["post-5627","page","type-page","status-publish","hentry"],"yoast_head":"<!-- This site is optimized with the Yoast SEO plugin v26.5 - https:\/\/yoast.com\/wordpress\/plugins\/seo\/ -->\n<title>Datenschutzrichtlinie | Vapingnet.de<\/title>\n<meta name=\"description\" content=\"A quick overview from vapingnet.de: Datenschutzrichtlinie\" \/>\n<meta name=\"robots\" content=\"index, follow, max-snippet:-1, max-image-preview:large, max-video-preview:-1\" \/>\n<link rel=\"canonical\" href=\"https:\/\/vapingnet.de\/lt\/datenschutzrichtlinie\/\" \/>\n<meta property=\"og:locale\" content=\"lt_LT\" \/>\n<meta property=\"og:type\" content=\"article\" \/>\n<meta property=\"og:title\" content=\"Datenschutzrichtlinie | Vapingnet.de\" \/>\n<meta property=\"og:description\" content=\"A quick overview from vapingnet.de: Datenschutzrichtlinie\" \/>\n<meta property=\"og:url\" content=\"https:\/\/vapingnet.de\/lt\/datenschutzrichtlinie\/\" \/>\n<meta property=\"og:site_name\" content=\"Vapingnet.de\" \/>\n<meta property=\"article:publisher\" content=\"https:\/\/www.facebook.com\/vapingnetde\/\" \/>\n<meta property=\"article:modified_time\" content=\"2025-12-25T07:50:32+00:00\" \/>\n<meta name=\"twitter:card\" content=\"summary_large_image\" \/>\n<meta name=\"twitter:label1\" content=\"Est. reading time\" \/>\n\t<meta name=\"twitter:data1\" content=\"5 minutes\" \/>\n<script type=\"application\/ld+json\" class=\"yoast-schema-graph\">{\"@context\":\"https:\/\/schema.org\",\"@graph\":[{\"@type\":\"WebPage\",\"@id\":\"https:\/\/vapingnet.de\/datenschutzrichtlinie\/\",\"url\":\"https:\/\/vapingnet.de\/datenschutzrichtlinie\/\",\"name\":\"Datenschutzrichtlinie | Vapingnet.de\",\"isPartOf\":{\"@id\":\"https:\/\/vapingnet.de\/#website\"},\"datePublished\":\"2025-03-18T07:16:05+00:00\",\"dateModified\":\"2025-12-25T07:50:32+00:00\",\"description\":\"A quick overview from vapingnet.de: Datenschutzrichtlinie\",\"breadcrumb\":{\"@id\":\"https:\/\/vapingnet.de\/datenschutzrichtlinie\/#breadcrumb\"},\"inLanguage\":\"lt-LT\",\"potentialAction\":[{\"@type\":\"ReadAction\",\"target\":[\"https:\/\/vapingnet.de\/datenschutzrichtlinie\/\"]}]},{\"@type\":\"BreadcrumbList\",\"@id\":\"https:\/\/vapingnet.de\/datenschutzrichtlinie\/#breadcrumb\",\"itemListElement\":[{\"@type\":\"ListItem\",\"position\":1,\"name\":\"Home\",\"item\":\"https:\/\/vapingnet.de\/\"},{\"@type\":\"ListItem\",\"position\":2,\"name\":\"Datenschutzrichtlinie\"}]},{\"@type\":\"WebSite\",\"@id\":\"https:\/\/vapingnet.de\/#website\",\"url\":\"https:\/\/vapingnet.de\/\",\"name\":\"Vapingnet.de\",\"description\":\"\",\"publisher\":{\"@id\":\"https:\/\/vapingnet.de\/#organization\"},\"potentialAction\":[{\"@type\":\"SearchAction\",\"target\":{\"@type\":\"EntryPoint\",\"urlTemplate\":\"https:\/\/vapingnet.de\/?s={search_term_string}\"},\"query-input\":{\"@type\":\"PropertyValueSpecification\",\"valueRequired\":true,\"valueName\":\"search_term_string\"}}],\"inLanguage\":\"lt-LT\"},{\"@type\":\"Organization\",\"@id\":\"https:\/\/vapingnet.de\/#organization\",\"name\":\"Vapingnet.de\",\"url\":\"https:\/\/vapingnet.de\/\",\"logo\":{\"@type\":\"ImageObject\",\"inLanguage\":\"lt-LT\",\"@id\":\"https:\/\/vapingnet.de\/#\/schema\/logo\/image\/\",\"url\":\"https:\/\/vapingnet.de\/wp-content\/uploads\/2025\/03\/cropped-vapingnet.de_.jpg\",\"contentUrl\":\"https:\/\/vapingnet.de\/wp-content\/uploads\/2025\/03\/cropped-vapingnet.de_.jpg\",\"width\":512,\"height\":512,\"caption\":\"Vapingnet.de\"},\"image\":{\"@id\":\"https:\/\/vapingnet.de\/#\/schema\/logo\/image\/\"},\"sameAs\":[\"https:\/\/www.facebook.com\/vapingnetde\/\"]}]}<\/script>\n<!-- \/ Yoast SEO plugin. -->","yoast_head_json":{"title":"Datenschutzrichtlinie | Vapingnet.de","description":"A quick overview from vapingnet.de: Datenschutzrichtlinie","robots":{"index":"index","follow":"follow","max-snippet":"max-snippet:-1","max-image-preview":"max-image-preview:large","max-video-preview":"max-video-preview:-1"},"canonical":"https:\/\/vapingnet.de\/lt\/datenschutzrichtlinie\/","og_locale":"lt_LT","og_type":"article","og_title":"Datenschutzrichtlinie | Vapingnet.de","og_description":"A quick overview from vapingnet.de: Datenschutzrichtlinie","og_url":"https:\/\/vapingnet.de\/lt\/datenschutzrichtlinie\/","og_site_name":"Vapingnet.de","article_publisher":"https:\/\/www.facebook.com\/vapingnetde\/","article_modified_time":"2025-12-25T07:50:32+00:00","twitter_card":"summary_large_image","twitter_misc":{"Est. reading time":"5 minutes"},"schema":{"@context":"https:\/\/schema.org","@graph":[{"@type":"WebPage","@id":"https:\/\/vapingnet.de\/datenschutzrichtlinie\/","url":"https:\/\/vapingnet.de\/datenschutzrichtlinie\/","name":"Datenschutzrichtlinie | Vapingnet.de","isPartOf":{"@id":"https:\/\/vapingnet.de\/#website"},"datePublished":"2025-03-18T07:16:05+00:00","dateModified":"2025-12-25T07:50:32+00:00","description":"A quick overview from vapingnet.de: Datenschutzrichtlinie","breadcrumb":{"@id":"https:\/\/vapingnet.de\/datenschutzrichtlinie\/#breadcrumb"},"inLanguage":"lt-LT","potentialAction":[{"@type":"ReadAction","target":["https:\/\/vapingnet.de\/datenschutzrichtlinie\/"]}]},{"@type":"BreadcrumbList","@id":"https:\/\/vapingnet.de\/datenschutzrichtlinie\/#breadcrumb","itemListElement":[{"@type":"ListItem","position":1,"name":"Home","item":"https:\/\/vapingnet.de\/"},{"@type":"ListItem","position":2,"name":"Datenschutzrichtlinie"}]},{"@type":"WebSite","@id":"https:\/\/vapingnet.de\/#website","url":"https:\/\/vapingnet.de\/","name":"Vapingnet.de","description":"","publisher":{"@id":"https:\/\/vapingnet.de\/#organization"},"potentialAction":[{"@type":"SearchAction","target":{"@type":"EntryPoint","urlTemplate":"https:\/\/vapingnet.de\/?s={search_term_string}"},"query-input":{"@type":"PropertyValueSpecification","valueRequired":true,"valueName":"search_term_string"}}],"inLanguage":"lt-LT"},{"@type":"Organization","@id":"https:\/\/vapingnet.de\/#organization","name":"Vapingnet.de","url":"https:\/\/vapingnet.de\/","logo":{"@type":"ImageObject","inLanguage":"lt-LT","@id":"https:\/\/vapingnet.de\/#\/schema\/logo\/image\/","url":"https:\/\/vapingnet.de\/wp-content\/uploads\/2025\/03\/cropped-vapingnet.de_.jpg","contentUrl":"https:\/\/vapingnet.de\/wp-content\/uploads\/2025\/03\/cropped-vapingnet.de_.jpg","width":512,"height":512,"caption":"Vapingnet.de"},"image":{"@id":"https:\/\/vapingnet.de\/#\/schema\/logo\/image\/"},"sameAs":["https:\/\/www.facebook.com\/vapingnetde\/"]}]}},"_links":{"self":[{"href":"https:\/\/vapingnet.de\/lt\/wp-json\/wp\/v2\/pages\/5627","targetHints":{"allow":["GET"]}}],"collection":[{"href":"https:\/\/vapingnet.de\/lt\/wp-json\/wp\/v2\/pages"}],"about":[{"href":"https:\/\/vapingnet.de\/lt\/wp-json\/wp\/v2\/types\/page"}],"author":[{"embeddable":true,"href":"https:\/\/vapingnet.de\/lt\/wp-json\/wp\/v2\/users\/2"}],"replies":[{"embeddable":true,"href":"https:\/\/vapingnet.de\/lt\/wp-json\/wp\/v2\/comments?post=5627"}],"version-history":[{"count":3,"href":"https:\/\/vapingnet.de\/lt\/wp-json\/wp\/v2\/pages\/5627\/revisions"}],"predecessor-version":[{"id":7417,"href":"https:\/\/vapingnet.de\/lt\/wp-json\/wp\/v2\/pages\/5627\/revisions\/7417"}],"wp:attachment":[{"href":"https:\/\/vapingnet.de\/lt\/wp-json\/wp\/v2\/media?parent=5627"}],"curies":[{"name":"wp","href":"https:\/\/api.w.org\/{rel}","templated":true}]}}