{"id":5630,"date":"2025-03-18T07:18:27","date_gmt":"2025-03-18T07:18:27","guid":{"rendered":"https:\/\/vapingnet.de\/?page_id=5630"},"modified":"2025-12-25T07:59:22","modified_gmt":"2025-12-25T07:59:22","slug":"geschaeftsbedingungen","status":"publish","type":"page","link":"https:\/\/vapingnet.de\/lt\/geschaeftsbedingungen\/","title":{"rendered":"Pardavimo s\u0105lygos"},"content":{"rendered":"<h2 class=\"wp-block-heading\">Tinklalapio naudojimo s\u0105lygos ir teisin\u0117 informacija<\/h2><p>PRA\u0160OME ATID\u017dIAI PERSKAITYTI \u0160IAS NAUDOJIMO S\u0104LYGAS PRIE\u0160 PRADANT NAUDOTIS \u0160IUO TINKLALAPIU. Naudodamiesi \u0161iuo tinklalapiu patvirtinate ir pripa\u017e\u012fstate \u0161ias naudojimo s\u0105lygas. Jei nesutinkate su \u0161iomis s\u0105lygomis, nevartokite \u0161io tinklalapio.<\/p><h3 class=\"wp-block-heading\">Sutikimas su s\u0105lygomis naudojantis<\/h3><p>Naudodamiesi \u0161iuo tinklalapiu arba spustel\u0117dami \u201eSutinku su \u0161iomis naudojimo s\u0105lygomis\u201c j\u016bs (\u201evartotojas\u201c) sutinkate su \u0161iomis s\u0105lygomis. Jei nesutinkate su \u0161iomis s\u0105lygomis, nevartokite \u0161io tinklalapio ir nespauskite \u201eSutinku\u201c. vapingnet.de pasilieka teis\u0119 bet kada be i\u0161ankstinio \u012fsp\u0117jimo nutraukti vartotojo naudojim\u0105si tinklalapiu, ypa\u010d pa\u017eeidus \u0161ias s\u0105lygas ar nurodymus, pateiktus tinklalapyje.<\/p><h3 class=\"wp-block-heading\">J\u016aS TURITE PASIEKTI teis\u0117t\u0105 minimal\u0173 am\u017ei\u0173 \u012fsigyti tabako gaminius savo teism\u0173 jurisdikcijoje, kad gal\u0117tum\u0117te sutikti su \u0161ia sutartimi ir naudotis \u0161iuo tinklalapiu<\/h3><p>\u0160i sutartis pripa\u017e\u012fstama ir priimama asmen\u0173, kurie pasiek\u0117 teis\u0117t\u0105 minimal\u0173 am\u017ei\u0173 \u012fsigyti tabako gaminius savo jurisdikcijoje. Jei neatitinkate \u0161io reikalavimo, pra\u0161ome i\u0161eiti i\u0161 tinklalapio. N\u0117ra joki\u0173 i\u0161im\u010di\u0173 i\u0161 \u0161ios taisykl\u0117s.<\/p><h4 class=\"wp-block-heading\">Duomen\u0173 apsauga<\/h4><p>Nor\u0117dami visi\u0161kai suprasti vapingnet.de naudojimo s\u0105lygas ir praktikas bei su\u017einoti, kaip galite su mumis vykdyti versl\u0105, perskaitykite m\u016bs\u0173 privatumo politik\u0105.<\/p><h4 class=\"wp-block-heading\">LEIDIMAS NAUDOTI \u0160\u012e TINKLALAP\u012e<\/h4><p>Sutikdami su \u0161ia sutartimi, vapingnet.de suteikia jums neekskliuzyv\u0173, neperleid\u017eiam\u0173, ribot\u0105 leidim\u0105 naudotis \u0161iuo tinklalapiu pagal \u0161ios sutarties nuostatas. J\u016bs \u012fsipareigojate nesuteikti melagingos ar apgaulingos informacijos, siekiant gauti prieig\u0105 prie \u0161io tinklalapio ar j\u012f naudoti. J\u016bs pripa\u017e\u012fstate ir sutinkate, kad visi \u0161io tinklalapio turiniai ir paslaugos yra elementvape.de nuosavyb\u0117 ir yra apsaugoti autori\u0173 teis\u0117mis, preki\u0173 \u017eenklais ir kitomis apsaugos priemon\u0117mis Lietuvoje ir tarptautiniu mastu. Visos neai\u0161kiai suteiktos teis\u0117s lieka visi\u0161kai i\u0161saugotos.<\/p><p>J\u016aS\u0172 vapingnet.de PASKYRA<\/p><p>Naudodamiesi \u0161iuo tinklalapiu, esate atsakingi u\u017e savo paskyros ir slapta\u017eod\u017eio konfidencialum\u0105 ir u\u017e prieigos prie savo kompiuterio ribojim\u0105. Sutikate prisiimti atsakomyb\u0119 u\u017e visas veiklas, vykdomas j\u016bs\u0173 paskyroje ar slapta\u017eodyje. vapingnet.de parduoda savo produktus ir paslaugas tik suaugusiems nuo 21 met\u0173. Jei esate jaunesni nei 21 met\u0173, vapingnet.de atsisakys paslaugos ir nedelsiant u\u017edarys j\u016bs\u0173 paskyr\u0105.<\/p><p>VARTOTOJO PRANE\u0160IMAI<\/p><p>Bet koks med\u017eiagos, informacijos, id\u0117j\u0173 ar kitokio pob\u016bd\u017eio komunikacijos, kuri\u0105 perduodate \u0161iam tinklalapiui, bus laikoma nepaslaptinga ir neapsaugota autori\u0173 teis\u0117mis ir gali b\u016bti naudojama vapingnet.de bet kokiam tikslui.<\/p><p>GARANTIJOS INFORMACIJA<\/p><p>Daugiau informacijos rasite m\u016bs\u0173 skiltyje \u201eGarantijos, siuntimas ir gr\u0105\u017einimai\u201c.<\/p><p>AUTORI\u0172 TEIS\u0116S<\/p><p>Visos \u0161io tinklalapio med\u017eiagos yra vapingnet.de nuosavyb\u0117. Jokios med\u017eiagos negali b\u016bti kopijuojamos, reprodukuojamos, perpublikuojamos ar kitaip naudojamos be leidimo.<\/p><p>ATSAKOMYB\u0116 ATSISAKYMAS<\/p><p>\u0160is tinklalapis yra teikiamas \u201ekaip yra\u201c be joki\u0173 garantij\u0173, ai\u0161ki\u0173 ar numanom\u0173, i\u0161skyrus atvejus, kai tai yra ai\u0161kiai nurodyta.<\/p><p>PRAKTINIAI \u012eSTATYMAI<\/p><p>\u0160i svetain\u0117 veikia Lietuvoje ir yra taikomi Lietuvos \u012fstatymai.<\/p><p>NAUDOJIMOSI S\u0104LYG\u0172 PATAISYMAS<\/p><p>vapingnet.de pasilieka teis\u0119 bet kada keisti \u0161ias naudojimosi s\u0105lygas. Naudodamiesi \u0161ia svetaine, sutinkate su atitinkamais pakeitimais.<\/p><p>Galutinis svetain\u0117s ai\u0161kinimo teis\u0119 turi vapingnet.de.<\/p><p><\/p>","protected":false},"excerpt":{"rendered":"<p>Website-Nutzungsbedingungen und rechtliche Hinweise BITTE LESEN SIE DIESE NUTZUNGSBEDINGUNGEN SORGF\u00c4LTIG DURCH, BEVOR SIE DIESE WEBSITE NUTZEN. DURCH DIE NUTZUNG DIESER WEBSITE BEST\u00c4TIGEN UND ERKENNEN SIE&#8230;<\/p>","protected":false},"author":2,"featured_media":0,"parent":0,"menu_order":0,"comment_status":"closed","ping_status":"closed","template":"","meta":{"footnotes":""},"class_list":["post-5630","page","type-page","status-publish","hentry"],"yoast_head":"<!-- This site is optimized with the Yoast SEO plugin v26.5 - https:\/\/yoast.com\/wordpress\/plugins\/seo\/ -->\n<title>Nutzungsbedingungen und rechtliche Hinweise f\u00fcr vapingnet.de<\/title>\n<meta name=\"description\" content=\"vapingnet.de ist eine E-Zigaretten-Plattform mit klaren Nutzungsbedingungen, Datenschutz und Rechtsinformationen. Nutzung nur f\u00fcr vollj\u00e4hrige Personen.\" \/>\n<meta name=\"robots\" content=\"index, follow, max-snippet:-1, max-image-preview:large, max-video-preview:-1\" \/>\n<link rel=\"canonical\" href=\"https:\/\/vapingnet.de\/lt\/geschaeftsbedingungen\/\" \/>\n<meta property=\"og:locale\" content=\"lt_LT\" \/>\n<meta property=\"og:type\" content=\"article\" \/>\n<meta property=\"og:title\" content=\"Nutzungsbedingungen und rechtliche Hinweise f\u00fcr vapingnet.de\" \/>\n<meta property=\"og:description\" content=\"vapingnet.de ist eine E-Zigaretten-Plattform mit klaren Nutzungsbedingungen, Datenschutz und Rechtsinformationen. Nutzung nur f\u00fcr vollj\u00e4hrige Personen.\" \/>\n<meta property=\"og:url\" content=\"https:\/\/vapingnet.de\/lt\/geschaeftsbedingungen\/\" \/>\n<meta property=\"og:site_name\" content=\"Vapingnet.de\" \/>\n<meta property=\"article:publisher\" content=\"https:\/\/www.facebook.com\/vapingnetde\/\" \/>\n<meta property=\"article:modified_time\" content=\"2025-12-25T07:59:22+00:00\" \/>\n<meta name=\"twitter:card\" content=\"summary_large_image\" \/>\n<meta name=\"twitter:label1\" content=\"Est. reading time\" \/>\n\t<meta name=\"twitter:data1\" content=\"3 minutes\" \/>\n<script type=\"application\/ld+json\" class=\"yoast-schema-graph\">{\"@context\":\"https:\/\/schema.org\",\"@graph\":[{\"@type\":\"WebPage\",\"@id\":\"https:\/\/vapingnet.de\/geschaeftsbedingungen\/\",\"url\":\"https:\/\/vapingnet.de\/geschaeftsbedingungen\/\",\"name\":\"Nutzungsbedingungen und rechtliche Hinweise f\u00fcr vapingnet.de\",\"isPartOf\":{\"@id\":\"https:\/\/vapingnet.de\/#website\"},\"datePublished\":\"2025-03-18T07:18:27+00:00\",\"dateModified\":\"2025-12-25T07:59:22+00:00\",\"description\":\"vapingnet.de ist eine E-Zigaretten-Plattform mit klaren Nutzungsbedingungen, Datenschutz und Rechtsinformationen. Nutzung nur f\u00fcr vollj\u00e4hrige Personen.\",\"breadcrumb\":{\"@id\":\"https:\/\/vapingnet.de\/geschaeftsbedingungen\/#breadcrumb\"},\"inLanguage\":\"lt-LT\",\"potentialAction\":[{\"@type\":\"ReadAction\",\"target\":[\"https:\/\/vapingnet.de\/geschaeftsbedingungen\/\"]}]},{\"@type\":\"BreadcrumbList\",\"@id\":\"https:\/\/vapingnet.de\/geschaeftsbedingungen\/#breadcrumb\",\"itemListElement\":[{\"@type\":\"ListItem\",\"position\":1,\"name\":\"Home\",\"item\":\"https:\/\/vapingnet.de\/\"},{\"@type\":\"ListItem\",\"position\":2,\"name\":\"Gesch\u00e4ftsbedingungen\"}]},{\"@type\":\"WebSite\",\"@id\":\"https:\/\/vapingnet.de\/#website\",\"url\":\"https:\/\/vapingnet.de\/\",\"name\":\"Vapingnet.de\",\"description\":\"\",\"publisher\":{\"@id\":\"https:\/\/vapingnet.de\/#organization\"},\"potentialAction\":[{\"@type\":\"SearchAction\",\"target\":{\"@type\":\"EntryPoint\",\"urlTemplate\":\"https:\/\/vapingnet.de\/?s={search_term_string}\"},\"query-input\":{\"@type\":\"PropertyValueSpecification\",\"valueRequired\":true,\"valueName\":\"search_term_string\"}}],\"inLanguage\":\"lt-LT\"},{\"@type\":\"Organization\",\"@id\":\"https:\/\/vapingnet.de\/#organization\",\"name\":\"Vapingnet.de\",\"url\":\"https:\/\/vapingnet.de\/\",\"logo\":{\"@type\":\"ImageObject\",\"inLanguage\":\"lt-LT\",\"@id\":\"https:\/\/vapingnet.de\/#\/schema\/logo\/image\/\",\"url\":\"https:\/\/vapingnet.de\/wp-content\/uploads\/2025\/03\/cropped-vapingnet.de_.jpg\",\"contentUrl\":\"https:\/\/vapingnet.de\/wp-content\/uploads\/2025\/03\/cropped-vapingnet.de_.jpg\",\"width\":512,\"height\":512,\"caption\":\"Vapingnet.de\"},\"image\":{\"@id\":\"https:\/\/vapingnet.de\/#\/schema\/logo\/image\/\"},\"sameAs\":[\"https:\/\/www.facebook.com\/vapingnetde\/\"]}]}<\/script>\n<!-- \/ Yoast SEO plugin. -->","yoast_head_json":{"title":"Nutzungsbedingungen und rechtliche Hinweise f\u00fcr vapingnet.de","description":"vapingnet.de ist eine E-Zigaretten-Plattform mit klaren Nutzungsbedingungen, Datenschutz und Rechtsinformationen. Nutzung nur f\u00fcr vollj\u00e4hrige Personen.","robots":{"index":"index","follow":"follow","max-snippet":"max-snippet:-1","max-image-preview":"max-image-preview:large","max-video-preview":"max-video-preview:-1"},"canonical":"https:\/\/vapingnet.de\/lt\/geschaeftsbedingungen\/","og_locale":"lt_LT","og_type":"article","og_title":"Nutzungsbedingungen und rechtliche Hinweise f\u00fcr vapingnet.de","og_description":"vapingnet.de ist eine E-Zigaretten-Plattform mit klaren Nutzungsbedingungen, Datenschutz und Rechtsinformationen. Nutzung nur f\u00fcr vollj\u00e4hrige Personen.","og_url":"https:\/\/vapingnet.de\/lt\/geschaeftsbedingungen\/","og_site_name":"Vapingnet.de","article_publisher":"https:\/\/www.facebook.com\/vapingnetde\/","article_modified_time":"2025-12-25T07:59:22+00:00","twitter_card":"summary_large_image","twitter_misc":{"Est. reading time":"3 minutes"},"schema":{"@context":"https:\/\/schema.org","@graph":[{"@type":"WebPage","@id":"https:\/\/vapingnet.de\/geschaeftsbedingungen\/","url":"https:\/\/vapingnet.de\/geschaeftsbedingungen\/","name":"Nutzungsbedingungen und rechtliche Hinweise f\u00fcr vapingnet.de","isPartOf":{"@id":"https:\/\/vapingnet.de\/#website"},"datePublished":"2025-03-18T07:18:27+00:00","dateModified":"2025-12-25T07:59:22+00:00","description":"vapingnet.de ist eine E-Zigaretten-Plattform mit klaren Nutzungsbedingungen, Datenschutz und Rechtsinformationen. Nutzung nur f\u00fcr vollj\u00e4hrige Personen.","breadcrumb":{"@id":"https:\/\/vapingnet.de\/geschaeftsbedingungen\/#breadcrumb"},"inLanguage":"lt-LT","potentialAction":[{"@type":"ReadAction","target":["https:\/\/vapingnet.de\/geschaeftsbedingungen\/"]}]},{"@type":"BreadcrumbList","@id":"https:\/\/vapingnet.de\/geschaeftsbedingungen\/#breadcrumb","itemListElement":[{"@type":"ListItem","position":1,"name":"Home","item":"https:\/\/vapingnet.de\/"},{"@type":"ListItem","position":2,"name":"Gesch\u00e4ftsbedingungen"}]},{"@type":"WebSite","@id":"https:\/\/vapingnet.de\/#website","url":"https:\/\/vapingnet.de\/","name":"Vapingnet.de","description":"","publisher":{"@id":"https:\/\/vapingnet.de\/#organization"},"potentialAction":[{"@type":"SearchAction","target":{"@type":"EntryPoint","urlTemplate":"https:\/\/vapingnet.de\/?s={search_term_string}"},"query-input":{"@type":"PropertyValueSpecification","valueRequired":true,"valueName":"search_term_string"}}],"inLanguage":"lt-LT"},{"@type":"Organization","@id":"https:\/\/vapingnet.de\/#organization","name":"Vapingnet.de","url":"https:\/\/vapingnet.de\/","logo":{"@type":"ImageObject","inLanguage":"lt-LT","@id":"https:\/\/vapingnet.de\/#\/schema\/logo\/image\/","url":"https:\/\/vapingnet.de\/wp-content\/uploads\/2025\/03\/cropped-vapingnet.de_.jpg","contentUrl":"https:\/\/vapingnet.de\/wp-content\/uploads\/2025\/03\/cropped-vapingnet.de_.jpg","width":512,"height":512,"caption":"Vapingnet.de"},"image":{"@id":"https:\/\/vapingnet.de\/#\/schema\/logo\/image\/"},"sameAs":["https:\/\/www.facebook.com\/vapingnetde\/"]}]}},"_links":{"self":[{"href":"https:\/\/vapingnet.de\/lt\/wp-json\/wp\/v2\/pages\/5630","targetHints":{"allow":["GET"]}}],"collection":[{"href":"https:\/\/vapingnet.de\/lt\/wp-json\/wp\/v2\/pages"}],"about":[{"href":"https:\/\/vapingnet.de\/lt\/wp-json\/wp\/v2\/types\/page"}],"author":[{"embeddable":true,"href":"https:\/\/vapingnet.de\/lt\/wp-json\/wp\/v2\/users\/2"}],"replies":[{"embeddable":true,"href":"https:\/\/vapingnet.de\/lt\/wp-json\/wp\/v2\/comments?post=5630"}],"version-history":[{"count":1,"href":"https:\/\/vapingnet.de\/lt\/wp-json\/wp\/v2\/pages\/5630\/revisions"}],"predecessor-version":[{"id":5631,"href":"https:\/\/vapingnet.de\/lt\/wp-json\/wp\/v2\/pages\/5630\/revisions\/5631"}],"wp:attachment":[{"href":"https:\/\/vapingnet.de\/lt\/wp-json\/wp\/v2\/media?parent=5630"}],"curies":[{"name":"wp","href":"https:\/\/api.w.org\/{rel}","templated":true}]}}