{"id":4965,"date":"2025-03-11T03:31:49","date_gmt":"2025-03-11T03:31:49","guid":{"rendered":"https:\/\/vapingnet.de\/?post_type=product&#038;p=4965"},"modified":"2025-06-19T03:43:50","modified_gmt":"2025-06-19T03:43:50","slug":"randm-tornado-7000-blaubeer-bubblegum-fuer-den-ultimativen-genuss","status":"publish","type":"product","link":"https:\/\/vapingnet.de\/lt\/vape\/randm-tornado-7000-blaubeer-bubblegum-fuer-den-ultimativen-genuss\/","title":{"rendered":"RandM Tornado 7000 M\u0117lyni\u0173 Kramtomoji Guma u\u017e galutin\u012f malonum\u0105"},"content":{"rendered":"<h2 data-start=\"0\" data-end=\"73\" data-immersive-translate-paragraph=\"1\" data-immersive-translate-walked=\"9f0c36c6-a9f4-46f7-bbbc-2291ea84a2b3\">RandM Tornado 7000 \u2013 Patirkite sald\u0173 m\u0117lyni\u0173 kramtomosios gumos audr\u0105! \ud83c\udf2a\ufe0f\ud83d\udca8<\/h2>\n<p data-start=\"75\" data-end=\"546\" data-immersive-translate-walked=\"9f0c36c6-a9f4-46f7-bbbc-2291ea84a2b3\" data-immersive-translate-paragraph=\"1\">Ar norite i\u0161bandyti elektronin\u0119 cigaret\u0119, kuri ne tik pasi\u017eymi stipria i\u0161tverme, patraukliu skoniu ir \u0161auniais vizualiniais efektais? Tuomet RandM Tornado 7000 yra tobula pasirinkimas jums! Su <a href=\"https:\/\/vapingnet.de\/lt\/k\/vape-7000-zuege\/\" target=\"_blank\" rel=\"noopener\"><strong>7000 \u012fkv\u0117pim\u0173<\/strong><\/a>, unikaliu m\u0117lyni\u0173 kramtomosios gumos skoniu ir inovatyvia RGB ap\u0161vietimu b\u016bsite su\u017eav\u0117ti i\u0161 vis\u0173 pusi\u0173. Pa\u017ei\u016br\u0117kime kartu, kaip \u0161is \u012frenginys pakels j\u016bs\u0173 garinimo patirt\u012f \u012f kit\u0105 lyg\u012f!<\/p>\n<ul>\n<li data-start=\"548\" data-end=\"604\" data-immersive-translate-walked=\"9f0c36c6-a9f4-46f7-bbbc-2291ea84a2b3\" data-immersive-translate-paragraph=\"1\">\ud83c\udf1f Super ilga i\u0161tverm\u0117 nuolatiniam malonumui 850mAh akumuliatorius ir Type-C greitas \u012fkrovimas u\u017etikrina, kad nuolat nereik\u0117t\u0173 keisti elektronin\u0117s cigaret\u0117s. Su 7000 \u012fkv\u0117pim\u0173 gausite nepaprastai ilg\u0105 naudojimo laik\u0105 \u2013 tobulas ilgalaikiam malonumui be kompromis\u0173!<\/li>\n<li data-start=\"856\" data-end=\"915\" data-immersive-translate-walked=\"9f0c36c6-a9f4-46f7-bbbc-2291ea84a2b3\">\ud83e\uded0 M\u0117lyni\u0173 kramtomosios gumos \u2013 saldumo ir gaivumo derinys Kiekvienas \u012fkv\u0117pimas suteikia sulting\u0173 m\u0117lyni\u0173 skon\u012f kartu su kramtomosios gumos saldumu, kuris gr\u0105\u017eina \u012f ner\u016bpestingus vaikyst\u0117s prisiminimus. 2% nikotino kiekis suteikia tobul\u0105 \u201ekick\u201c \u2013 ne per stiprus, bet tikrai tinkamas, kad m\u0117gautum\u0117t\u0117s garinimu be perdozavimo.<\/li>\n<\/ul>\n<ul>\n<li data-start=\"1239\" data-end=\"1318\">\ud83d\udca1 \u0160e\u0161i\u0173 spalv\u0173 RGB ap\u0161vietimas \u2013 individualumas ir technologijos viename \u0160e\u0161i\u0173 RGB LED ap\u0161vietimas sukuria dinami\u0161k\u0105 spalv\u0173 \u017eaism\u0105, kuri kei\u010diasi su kiekvienu \u012fkv\u0117pimu ir suteikia j\u016bs\u0173 garinimui futuristin\u0119 atmosfer\u0105. Nesvarbu, ar m\u0117gaujat\u0117s vienas, ar su draugais, \u0161i elektronin\u0117 cigaret\u0117 visada patrauks d\u0117mes\u012f!<\/li>\n<\/ul>\n<ul>\n<li data-start=\"1605\" data-end=\"1667\">\u26a1 Tinklelio rit\u0117 geresnei skonio patir\u010diai D\u0117l 1,2\u03a9 tinklelio rit\u0117s skystis tolygiai \u012fkaitinamas, u\u017etikrinant sodr\u0173, \u0161veln\u0173 gar\u0105. Kiekvienas \u012fkv\u0117pimas yra turtingas skoniu, be sauso \u012fkv\u0117pimo. Tolygus garinimas garantuoja nuolatin\u0119 ir patenkinam\u0105 garinimo patirt\u012f.<\/li>\n<\/ul>\n<h3>\ud83d\udce6 RandM Tornado 7000 \u2013 kiti privalumai<\/h3>\n<ul data-start=\"2009\" data-end=\"2290\">\n<li data-start=\"2009\" data-end=\"2085\">14 ml didelis skys\u010dio bakelis ilgesniam malonumui be da\u017en\u0173 papildym\u0173<\/li>\n<li data-start=\"2086\" data-end=\"2142\">Type-C greitas \u012fkrovimas, trumpam \u012fkrovimui<\/li>\n<li data-start=\"2143\" data-end=\"2215\">2% nikotinas, maloniam ir ne per stipriam gerkl\u0117s poj\u016b\u010diui<\/li>\n<li data-start=\"2216\" data-end=\"2290\">Kompakti\u0161kas dydis, idealus kasdieniam naudojimui ir kelion\u0117ms<\/li>\n<\/ul>\n<h3 data-start=\"2297\" data-end=\"2351\">Kod\u0117l verta pasirinkti RandM Tornado 7000?<\/h3>\n<p data-start=\"2353\" data-end=\"2822\">\u2705 7000 \u012fkv\u0117pim\u0173 \u2013 ilga i\u0161tverm\u0117 valand\u0173 garinimo malonumui<br data-start=\"2415\" data-end=\"2418\" \/>\u2705 850mAh akumuliatorius su Type-C greitu \u012fkrovimu \u2013 greitas \u012fkrovimas ir ilgalaikis naudojimas<br data-start=\"2514\" data-end=\"2517\" \/>\u2705 M\u0117lyni\u0173 kramtomosios gumos skonis \u2013 saldus ir gaivus, tobula skonio kombinacija<br data-start=\"2611\" data-end=\"2614\" \/>\u2705 RGB LED ap\u0161vietimas \u2013 6 spalvos stilingam garinimo patyrimui<br data-start=\"2683\" data-end=\"2686\" \/>\u2705 1,2\u03a9 tinklelio rit\u0117 \u2013 tolygus garinimas ir sodrus garas<br data-start=\"2756\" data-end=\"2759\" \/>14ml skys\u010dio talpa \u2013 Daugiau skys\u010dio ilgesniam malonumui<\/p>\n<p data-start=\"2824\" data-end=\"2994\" data-is-last-node=\"\" data-is-only-node=\"\">Patirkite RandM Tornado 7000 ir m\u0117gaukit\u0117s sald\u017eia m\u0117lyni\u0173 kramtomosios gumos audra! Aplankykite <a href=\"https:\/\/vapingnet.de\/lt\/\" target=\"_new\" rel=\"noopener\" data-start=\"2915\" data-end=\"2952\">vapingnet.de<\/a> ir prad\u0117kite savo garinimo kelion\u0119 jau \u0161iandien!<\/p>","protected":false},"excerpt":{"rendered":"<p>Auk\u0161tos kokyb\u0117s elektronin\u0117s cigaret\u0117s\ud83d\udd25, tiesiai i\u0161 sand\u0117lio Bremen, pristatymas per 2-4 dienas!<\/p>","protected":false},"featured_media":4966,"template":"","meta":[],"etheme_brands":[],"product_brand":[96],"product_cat":[89,59,49,61],"product_tag":[],"class_list":{"0":"post-4965","1":"product","2":"type-product","3":"status-publish","4":"has-post-thumbnail","6":"product_brand-randm-vape","7":"product_cat-vape-7000-zuege","8":"product_cat-de","9":"product_cat-einweg-e-zigarette","10":"product_cat-f","12":"first","13":"instock","14":"shipping-taxable","15":"purchasable","16":"product-type-simple"},"yoast_head":"<!-- This site is optimized with the Yoast SEO plugin v26.5 - https:\/\/yoast.com\/wordpress\/plugins\/seo\/ -->\n<title>RandM Tornado 7000 Blaubeer Bubblegum f\u00fcr den ultimativen Genuss | Vapingnet.de<\/title>\n<meta name=\"description\" content=\"Entdecke RandM Tornado 7000 Blaubeer Bubblegum f\u00fcr den ultimativen Genuss bei vapingnet.de, \u25ba Gro\u00dfe Auswahl an Geschmacksrichtungen &amp; super g\u00fcnstig!\" \/>\n<meta name=\"robots\" content=\"index, follow, max-snippet:-1, max-image-preview:large, max-video-preview:-1\" \/>\n<link rel=\"canonical\" href=\"https:\/\/vapingnet.de\/lt\/vape\/randm-tornado-7000-blaubeer-bubblegum-fuer-den-ultimativen-genuss\/\" \/>\n<meta property=\"og:locale\" content=\"lt_LT\" \/>\n<meta property=\"og:type\" content=\"article\" \/>\n<meta property=\"og:title\" content=\"RandM Tornado 7000 Blaubeer Bubblegum f\u00fcr den ultimativen Genuss | Vapingnet.de\" \/>\n<meta property=\"og:description\" content=\"Entdecke RandM Tornado 7000 Blaubeer Bubblegum f\u00fcr den ultimativen Genuss bei vapingnet.de, \u25ba Gro\u00dfe Auswahl an Geschmacksrichtungen &amp; super g\u00fcnstig!\" \/>\n<meta property=\"og:url\" content=\"https:\/\/vapingnet.de\/lt\/vape\/randm-tornado-7000-blaubeer-bubblegum-fuer-den-ultimativen-genuss\/\" \/>\n<meta property=\"og:site_name\" content=\"Vapingnet.de\" \/>\n<meta property=\"article:publisher\" content=\"https:\/\/www.facebook.com\/vapingnetde\/\" \/>\n<meta property=\"article:modified_time\" content=\"2025-06-19T03:43:50+00:00\" \/>\n<meta property=\"og:image\" content=\"https:\/\/vapingnet.de\/wp-content\/uploads\/2025\/03\/randm-tornado-7000-blueberry-bubblegum.webp\" \/>\n\t<meta property=\"og:image:width\" content=\"1000\" \/>\n\t<meta property=\"og:image:height\" content=\"1000\" \/>\n\t<meta property=\"og:image:type\" content=\"image\/webp\" \/>\n<meta name=\"twitter:card\" content=\"summary_large_image\" \/>\n<meta name=\"twitter:label1\" content=\"Est. reading time\" \/>\n\t<meta name=\"twitter:data1\" content=\"3 minutes\" \/>\n<script type=\"application\/ld+json\" class=\"yoast-schema-graph\">{\"@context\":\"https:\/\/schema.org\",\"@graph\":[{\"@type\":\"WebPage\",\"@id\":\"https:\/\/vapingnet.de\/vape\/randm-tornado-7000-blaubeer-bubblegum-fuer-den-ultimativen-genuss\/\",\"url\":\"https:\/\/vapingnet.de\/vape\/randm-tornado-7000-blaubeer-bubblegum-fuer-den-ultimativen-genuss\/\",\"name\":\"RandM Tornado 7000 Blaubeer Bubblegum f\u00fcr den ultimativen Genuss | Vapingnet.de\",\"isPartOf\":{\"@id\":\"https:\/\/vapingnet.de\/#website\"},\"primaryImageOfPage\":{\"@id\":\"https:\/\/vapingnet.de\/vape\/randm-tornado-7000-blaubeer-bubblegum-fuer-den-ultimativen-genuss\/#primaryimage\"},\"image\":{\"@id\":\"https:\/\/vapingnet.de\/vape\/randm-tornado-7000-blaubeer-bubblegum-fuer-den-ultimativen-genuss\/#primaryimage\"},\"thumbnailUrl\":\"https:\/\/vapingnet.de\/wp-content\/uploads\/2025\/03\/randm-tornado-7000-blueberry-bubblegum.webp\",\"datePublished\":\"2025-03-11T03:31:49+00:00\",\"dateModified\":\"2025-06-19T03:43:50+00:00\",\"description\":\"Entdecke RandM Tornado 7000 Blaubeer Bubblegum f\u00fcr den ultimativen Genuss bei vapingnet.de, \u25ba Gro\u00dfe Auswahl an Geschmacksrichtungen & super g\u00fcnstig!\",\"breadcrumb\":{\"@id\":\"https:\/\/vapingnet.de\/vape\/randm-tornado-7000-blaubeer-bubblegum-fuer-den-ultimativen-genuss\/#breadcrumb\"},\"inLanguage\":\"lt-LT\",\"potentialAction\":[{\"@type\":\"ReadAction\",\"target\":[\"https:\/\/vapingnet.de\/vape\/randm-tornado-7000-blaubeer-bubblegum-fuer-den-ultimativen-genuss\/\"]}]},{\"@type\":\"ImageObject\",\"inLanguage\":\"lt-LT\",\"@id\":\"https:\/\/vapingnet.de\/vape\/randm-tornado-7000-blaubeer-bubblegum-fuer-den-ultimativen-genuss\/#primaryimage\",\"url\":\"https:\/\/vapingnet.de\/wp-content\/uploads\/2025\/03\/randm-tornado-7000-blueberry-bubblegum.webp\",\"contentUrl\":\"https:\/\/vapingnet.de\/wp-content\/uploads\/2025\/03\/randm-tornado-7000-blueberry-bubblegum.webp\",\"width\":1000,\"height\":1000,\"caption\":\"randm-tornado-7000-blueberry-bubblegum\"},{\"@type\":\"BreadcrumbList\",\"@id\":\"https:\/\/vapingnet.de\/vape\/randm-tornado-7000-blaubeer-bubblegum-fuer-den-ultimativen-genuss\/#breadcrumb\",\"itemListElement\":[{\"@type\":\"ListItem\",\"position\":1,\"name\":\"Home\",\"item\":\"https:\/\/vapingnet.de\/\"},{\"@type\":\"ListItem\",\"position\":2,\"name\":\"Shop\",\"item\":\"https:\/\/vapingnet.de\/vape\/\"},{\"@type\":\"ListItem\",\"position\":3,\"name\":\"RandM Tornado 7000 Blaubeer Bubblegum f\u00fcr den ultimativen Genuss\"}]},{\"@type\":\"WebSite\",\"@id\":\"https:\/\/vapingnet.de\/#website\",\"url\":\"https:\/\/vapingnet.de\/\",\"name\":\"Vapingnet.de\",\"description\":\"\",\"publisher\":{\"@id\":\"https:\/\/vapingnet.de\/#organization\"},\"potentialAction\":[{\"@type\":\"SearchAction\",\"target\":{\"@type\":\"EntryPoint\",\"urlTemplate\":\"https:\/\/vapingnet.de\/?s={search_term_string}\"},\"query-input\":{\"@type\":\"PropertyValueSpecification\",\"valueRequired\":true,\"valueName\":\"search_term_string\"}}],\"inLanguage\":\"lt-LT\"},{\"@type\":\"Organization\",\"@id\":\"https:\/\/vapingnet.de\/#organization\",\"name\":\"Vapingnet.de\",\"url\":\"https:\/\/vapingnet.de\/\",\"logo\":{\"@type\":\"ImageObject\",\"inLanguage\":\"lt-LT\",\"@id\":\"https:\/\/vapingnet.de\/#\/schema\/logo\/image\/\",\"url\":\"https:\/\/vapingnet.de\/wp-content\/uploads\/2025\/03\/cropped-vapingnet.de_.jpg\",\"contentUrl\":\"https:\/\/vapingnet.de\/wp-content\/uploads\/2025\/03\/cropped-vapingnet.de_.jpg\",\"width\":512,\"height\":512,\"caption\":\"Vapingnet.de\"},\"image\":{\"@id\":\"https:\/\/vapingnet.de\/#\/schema\/logo\/image\/\"},\"sameAs\":[\"https:\/\/www.facebook.com\/vapingnetde\/\"]}]}<\/script>\n<!-- \/ Yoast SEO plugin. -->","yoast_head_json":{"title":"RandM Tornado 7000 Blaubeer Bubblegum f\u00fcr den ultimativen Genuss | Vapingnet.de","description":"Entdecke RandM Tornado 7000 Blaubeer Bubblegum f\u00fcr den ultimativen Genuss bei vapingnet.de, \u25ba Gro\u00dfe Auswahl an Geschmacksrichtungen & super g\u00fcnstig!","robots":{"index":"index","follow":"follow","max-snippet":"max-snippet:-1","max-image-preview":"max-image-preview:large","max-video-preview":"max-video-preview:-1"},"canonical":"https:\/\/vapingnet.de\/lt\/vape\/randm-tornado-7000-blaubeer-bubblegum-fuer-den-ultimativen-genuss\/","og_locale":"lt_LT","og_type":"article","og_title":"RandM Tornado 7000 Blaubeer Bubblegum f\u00fcr den ultimativen Genuss | Vapingnet.de","og_description":"Entdecke RandM Tornado 7000 Blaubeer Bubblegum f\u00fcr den ultimativen Genuss bei vapingnet.de, \u25ba Gro\u00dfe Auswahl an Geschmacksrichtungen & super g\u00fcnstig!","og_url":"https:\/\/vapingnet.de\/lt\/vape\/randm-tornado-7000-blaubeer-bubblegum-fuer-den-ultimativen-genuss\/","og_site_name":"Vapingnet.de","article_publisher":"https:\/\/www.facebook.com\/vapingnetde\/","article_modified_time":"2025-06-19T03:43:50+00:00","og_image":[{"width":1000,"height":1000,"url":"https:\/\/vapingnet.de\/wp-content\/uploads\/2025\/03\/randm-tornado-7000-blueberry-bubblegum.webp","type":"image\/webp"}],"twitter_card":"summary_large_image","twitter_misc":{"Est. reading time":"3 minutes"},"schema":{"@context":"https:\/\/schema.org","@graph":[{"@type":"WebPage","@id":"https:\/\/vapingnet.de\/vape\/randm-tornado-7000-blaubeer-bubblegum-fuer-den-ultimativen-genuss\/","url":"https:\/\/vapingnet.de\/vape\/randm-tornado-7000-blaubeer-bubblegum-fuer-den-ultimativen-genuss\/","name":"RandM Tornado 7000 Blaubeer Bubblegum f\u00fcr den ultimativen Genuss | Vapingnet.de","isPartOf":{"@id":"https:\/\/vapingnet.de\/#website"},"primaryImageOfPage":{"@id":"https:\/\/vapingnet.de\/vape\/randm-tornado-7000-blaubeer-bubblegum-fuer-den-ultimativen-genuss\/#primaryimage"},"image":{"@id":"https:\/\/vapingnet.de\/vape\/randm-tornado-7000-blaubeer-bubblegum-fuer-den-ultimativen-genuss\/#primaryimage"},"thumbnailUrl":"https:\/\/vapingnet.de\/wp-content\/uploads\/2025\/03\/randm-tornado-7000-blueberry-bubblegum.webp","datePublished":"2025-03-11T03:31:49+00:00","dateModified":"2025-06-19T03:43:50+00:00","description":"Entdecke RandM Tornado 7000 Blaubeer Bubblegum f\u00fcr den ultimativen Genuss bei vapingnet.de, \u25ba Gro\u00dfe Auswahl an Geschmacksrichtungen & super g\u00fcnstig!","breadcrumb":{"@id":"https:\/\/vapingnet.de\/vape\/randm-tornado-7000-blaubeer-bubblegum-fuer-den-ultimativen-genuss\/#breadcrumb"},"inLanguage":"lt-LT","potentialAction":[{"@type":"ReadAction","target":["https:\/\/vapingnet.de\/vape\/randm-tornado-7000-blaubeer-bubblegum-fuer-den-ultimativen-genuss\/"]}]},{"@type":"ImageObject","inLanguage":"lt-LT","@id":"https:\/\/vapingnet.de\/vape\/randm-tornado-7000-blaubeer-bubblegum-fuer-den-ultimativen-genuss\/#primaryimage","url":"https:\/\/vapingnet.de\/wp-content\/uploads\/2025\/03\/randm-tornado-7000-blueberry-bubblegum.webp","contentUrl":"https:\/\/vapingnet.de\/wp-content\/uploads\/2025\/03\/randm-tornado-7000-blueberry-bubblegum.webp","width":1000,"height":1000,"caption":"randm-tornado-7000-blueberry-bubblegum"},{"@type":"BreadcrumbList","@id":"https:\/\/vapingnet.de\/vape\/randm-tornado-7000-blaubeer-bubblegum-fuer-den-ultimativen-genuss\/#breadcrumb","itemListElement":[{"@type":"ListItem","position":1,"name":"Home","item":"https:\/\/vapingnet.de\/"},{"@type":"ListItem","position":2,"name":"Shop","item":"https:\/\/vapingnet.de\/vape\/"},{"@type":"ListItem","position":3,"name":"RandM Tornado 7000 Blaubeer Bubblegum f\u00fcr den ultimativen Genuss"}]},{"@type":"WebSite","@id":"https:\/\/vapingnet.de\/#website","url":"https:\/\/vapingnet.de\/","name":"Vapingnet.de","description":"","publisher":{"@id":"https:\/\/vapingnet.de\/#organization"},"potentialAction":[{"@type":"SearchAction","target":{"@type":"EntryPoint","urlTemplate":"https:\/\/vapingnet.de\/?s={search_term_string}"},"query-input":{"@type":"PropertyValueSpecification","valueRequired":true,"valueName":"search_term_string"}}],"inLanguage":"lt-LT"},{"@type":"Organization","@id":"https:\/\/vapingnet.de\/#organization","name":"Vapingnet.de","url":"https:\/\/vapingnet.de\/","logo":{"@type":"ImageObject","inLanguage":"lt-LT","@id":"https:\/\/vapingnet.de\/#\/schema\/logo\/image\/","url":"https:\/\/vapingnet.de\/wp-content\/uploads\/2025\/03\/cropped-vapingnet.de_.jpg","contentUrl":"https:\/\/vapingnet.de\/wp-content\/uploads\/2025\/03\/cropped-vapingnet.de_.jpg","width":512,"height":512,"caption":"Vapingnet.de"},"image":{"@id":"https:\/\/vapingnet.de\/#\/schema\/logo\/image\/"},"sameAs":["https:\/\/www.facebook.com\/vapingnetde\/"]}]}},"tiered_pricing_type":"fixed","tiered_pricing_fixed_rules":{"10":"8.22","50":"7.40","110":"6.99","210":"6.58","510":"6.17","1100":"5.75"},"tiered_pricing_product_settings":{"layout":"default","base_unit_name":{"singular":null,"plural":null},"default_variation":null},"tiered_pricing_minimum_quantity":null,"tiered_pricing_roles_data":[],"tiered_pricing_percentage_rules":[],"_links":{"self":[{"href":"https:\/\/vapingnet.de\/lt\/wp-json\/wp\/v2\/product\/4965","targetHints":{"allow":["GET"]}}],"collection":[{"href":"https:\/\/vapingnet.de\/lt\/wp-json\/wp\/v2\/product"}],"about":[{"href":"https:\/\/vapingnet.de\/lt\/wp-json\/wp\/v2\/types\/product"}],"version-history":[{"count":3,"href":"https:\/\/vapingnet.de\/lt\/wp-json\/wp\/v2\/product\/4965\/revisions"}],"predecessor-version":[{"id":4974,"href":"https:\/\/vapingnet.de\/lt\/wp-json\/wp\/v2\/product\/4965\/revisions\/4974"}],"wp:featuredmedia":[{"embeddable":true,"href":"https:\/\/vapingnet.de\/lt\/wp-json\/wp\/v2\/media\/4966"}],"wp:attachment":[{"href":"https:\/\/vapingnet.de\/lt\/wp-json\/wp\/v2\/media?parent=4965"}],"wp:term":[{"taxonomy":"brand","embeddable":true,"href":"https:\/\/vapingnet.de\/lt\/wp-json\/wp\/v2\/etheme_brands?post=4965"},{"taxonomy":"product_brand","embeddable":true,"href":"https:\/\/vapingnet.de\/lt\/wp-json\/wp\/v2\/product_brand?post=4965"},{"taxonomy":"product_cat","embeddable":true,"href":"https:\/\/vapingnet.de\/lt\/wp-json\/wp\/v2\/product_cat?post=4965"},{"taxonomy":"product_tag","embeddable":true,"href":"https:\/\/vapingnet.de\/lt\/wp-json\/wp\/v2\/product_tag?post=4965"}],"curies":[{"name":"wp","href":"https:\/\/api.w.org\/{rel}","templated":true}]}}