{"id":4969,"date":"2025-03-11T03:41:41","date_gmt":"2025-03-11T03:41:41","guid":{"rendered":"https:\/\/vapingnet.de\/?post_type=product&#038;p=4969"},"modified":"2025-06-19T03:43:50","modified_gmt":"2025-06-19T03:43:50","slug":"randm-tornado-7000-dr-blue-fuer-einen-coolen-moment","status":"publish","type":"product","link":"https:\/\/vapingnet.de\/lt\/vape\/randm-tornado-7000-dr-blue-fuer-einen-coolen-moment\/","title":{"rendered":"RandM Tornado 7000 Daktaras Blue \u2013 V\u0117sus akimirkos malonumas"},"content":{"rendered":"<h2 data-start=\"0\" data-end=\"108\" data-immersive-translate-paragraph=\"1\" data-immersive-translate-walked=\"39ea698e-f77c-4820-88a2-7372fce13aa9\">RandM Tornado 7000 \u2013 Atraskite slapto \u017eaves\u012f i\u0161 Dr Blue ir m\u0117gaukit\u0117s galutiniu patyrimu! \ud83c\udf2a\ufe0f\ud83d\udca5<\/h2>\n<p data-start=\"110\" data-end=\"512\" data-immersive-translate-walked=\"39ea698e-f77c-4820-88a2-7372fce13aa9\" data-immersive-translate-paragraph=\"1\">Ar pasiruo\u0161\u0119s m\u0117gautis visi\u0161kai nauju garinimo patyrimu? <a href=\"https:\/\/vapingnet.de\/lt\/randm-tornado-7000\/\" target=\"_blank\" rel=\"noopener\"><strong>RandM Tornado 7000<\/strong><\/a> buvo sukurtas visiems, kurie ie\u0161ko ilgalaikio naudojimo, turtingo skonio ir unikalios dizaino. Su 7000 \u012fkv\u0117pim\u0173, unikaliu Dr Blue skoniu ir RGB 6 spalv\u0173 \u0161viesos efektais, \u0161is \u012frenginys greitai taps j\u016bs\u0173 nauju m\u0117gstamiausiu ir kiekvienu \u012fkv\u0117pimu suteiks jums staigmen\u0105!<\/p>\n<ul>\n<li data-start=\"514\" data-end=\"571\" data-immersive-translate-walked=\"39ea698e-f77c-4820-88a2-7372fce13aa9\" data-immersive-translate-paragraph=\"1\">\u26a1 Ilgas tarnavimo laikas nepertraukiamam malonumui<\/li>\n<\/ul>\n<p data-start=\"572\" data-end=\"976\" data-immersive-translate-walked=\"39ea698e-f77c-4820-88a2-7372fce13aa9\" data-immersive-translate-paragraph=\"1\">Nebepir\u016bpinkite apie akumuliatoriaus veikimo laik\u0105! RandM Tornado 7000 turi galing\u0105 850mAh akumuliatori\u0173 ir palaiko Type-C greit\u0105 \u012fkrovim\u0105, tod\u0117l galite bet kada greitai \u012fkrauti. Su 7000 \u012fkv\u0117pim\u0173 galite m\u0117gautis be pertrauk\u0173, nereikalaudami da\u017enai \u012fkrauti. Puikiai tinka kasdieniam naudojimui ar kelion\u0117se, kad gal\u0117tum\u0117te pilnai i\u0161naudoti savo garinimo patirt\u012f.<\/p>\n<ul>\n<li data-start=\"978\" data-end=\"1048\" data-immersive-translate-walked=\"39ea698e-f77c-4820-88a2-7372fce13aa9\" data-immersive-translate-paragraph=\"1\">\ud83c\udf47 Dr Blue skonis \u2013 Unikalios vaisi\u0173 ir \u017eoleli\u0173 natos<\/li>\n<\/ul>\n<p data-start=\"1049\" data-end=\"1410\" data-immersive-translate-walked=\"39ea698e-f77c-4820-88a2-7372fce13aa9\">Dr Blue skonis suteikia jums visi\u0161kai unikal\u0173 patyrim\u0105! \u0160i elektronin\u0117 cigaret\u0117 jungia vaisinius aromatus su \u0161vie\u017ei\u0173 \u017eoleli\u0173 u\u017euomina, tod\u0117l kiekvienas \u012fkv\u0117pimas si\u016blo netik\u0117t\u0105 skonio patirt\u012f. Su 2% nikotino kiekiu ji suteikia tobul\u0105 pusiausvyr\u0105 tarp malonumo ir pasitenkinimo, leid\u017eiant jums m\u0117gautis garinimu pilna j\u0117ga.<\/p>\n<ul>\n<li data-start=\"1412\" data-end=\"1507\" data-immersive-translate-walked=\"39ea698e-f77c-4820-88a2-7372fce13aa9\">\ud83d\udca1 RGB 6 spalv\u0173 \u0161viesos efektai \u2013 \u0160aun\u016bs vizualiniai efektai j\u016bs\u0173 individualiam stiliui<\/li>\n<\/ul>\n<p data-start=\"1508\" data-end=\"1854\" data-immersive-translate-walked=\"39ea698e-f77c-4820-88a2-7372fce13aa9\">RandM Tornado 7000 turi RGB 6 spalv\u0173 \u0161viesos efektus, kurie kei\u010diasi kiekvienu \u012fkv\u0117pimu. \u0160ie \u0161aun\u016bs \u0161viesos efektai suteikia vizualin\u012f malonum\u0105, kuris dar labiau pagyvina j\u016bs\u0173 garinimo patirt\u012f. Nesvarbu, ar \u0161ven\u010diate, keliaujate ar esate vienas \u2013 su \u0161iuo elektroniniu cigarete b\u016bsite tikrai d\u0117mesio centru.<\/p>\n<ul>\n<li data-start=\"1856\" data-end=\"1923\">\ud83d\udd25 1,2\u03a9 tinklinis rit\u0117 \u2013 Tobulas skonis ir tank\u016bs garai<\/li>\n<\/ul>\n<p data-start=\"1924\" data-end=\"2259\">1,2\u03a9 tinklin\u0117 rit\u0117 u\u017etikrina tolyg\u0173 skys\u010dio garinim\u0105, kas sukuria turting\u0105, \u0161veln\u0173 gar\u0105 ir intensyv\u0173 skon\u012f. Kiekvienas \u012fkv\u0117pimas suteikia glotni\u0105 ir nuosekli\u0105 patirt\u012f, leid\u017eian\u010di\u0105 m\u0117gautis pilnu skoniu. \u0160i tinklin\u0117 rit\u0117 garantuoja auk\u0161tos kokyb\u0117s gar\u0105 kiekvienu \u012fkv\u0117pimu.<\/p>\n<h3 data-start=\"2261\" data-end=\"2323\">\ud83d\ude80 Unikal\u016bs RandM Tornado 7000 privalumai<\/h3>\n<ul data-start=\"2324\" data-end=\"2895\">\n<li data-start=\"2324\" data-end=\"2391\">7000 \u012fkv\u0117pim\u0173 \u2013 Ilgas naudojimo laikas nuolatiniam garo malonumui<\/li>\n<li data-start=\"2392\" data-end=\"2473\">850mAh akumuliatorius + Type-C greitas \u012fkrovimas \u2013 Greitas \u012fkrovimas ir ilgas naudojimas<\/li>\n<li data-start=\"2474\" data-end=\"2562\">Dr Blue skonis \u2013 Unikalus vaisi\u0173 ir \u017eoleli\u0173 skonis j\u016bs\u0173 malonumui<\/li>\n<li data-start=\"2563\" data-end=\"2656\">RGB 6 spalv\u0173 \u0161viesos efektai \u2013 Parodykite savo asmenyb\u0119 ir leiskite \u0161viesoms kalb\u0117ti<\/li>\n<li data-start=\"2657\" data-end=\"2742\">1,2\u03a9 tinklin\u0117 rit\u0117 \u2013 Si\u016blo turting\u0105, \u0161veln\u0173 gar\u0105 ir intensyv\u0173 skon\u012f<\/li>\n<li data-start=\"2743\" data-end=\"2806\">14ml skys\u010dio talpa \u2013 Daugiau skys\u010dio ilgesniam malonumui<\/li>\n<li data-start=\"2807\" data-end=\"2895\">2% nikotino \u2013 Idealu tobulam gerkl\u0117s poj\u016b\u010diui ir ilgalaikiam pasitenkinimui<\/li>\n<\/ul>\n<p data-start=\"2897\" data-end=\"3162\" data-is-last-node=\"\" data-is-only-node=\"\">RandM Tornado 7000 ne tik si\u016blo puik\u0173 na\u0161um\u0105, bet ir \u0161aunius \u0161viesos efektus bei turting\u0105 skonio patirt\u012f. Aplankykite <a href=\"https:\/\/vapingnet.de\/lt\/\" target=\"_new\" rel=\"noopener\" data-start=\"3049\" data-end=\"3086\">vapingnet.de<\/a> ir prad\u0117kite savo garo kelion\u0119 su unikaliu Dr Blue skoniu!<\/p>","protected":false},"excerpt":{"rendered":"<p>Auk\u0161tos kokyb\u0117s elektronin\u0117s cigaret\u0117s\ud83d\udd25, tiesiai i\u0161 sand\u0117lio Bremen, pristatymas per 2-4 dienas!<\/p>","protected":false},"featured_media":4970,"template":"","meta":[],"etheme_brands":[],"product_brand":[96],"product_cat":[89,59,49,61],"product_tag":[],"class_list":{"0":"post-4969","1":"product","2":"type-product","3":"status-publish","4":"has-post-thumbnail","6":"product_brand-randm-vape","7":"product_cat-vape-7000-zuege","8":"product_cat-de","9":"product_cat-einweg-e-zigarette","10":"product_cat-f","12":"first","13":"instock","14":"shipping-taxable","15":"purchasable","16":"product-type-simple"},"yoast_head":"<!-- This site is optimized with the Yoast SEO plugin v26.5 - https:\/\/yoast.com\/wordpress\/plugins\/seo\/ -->\n<title>RandM Tornado 7000 Dr Blue f\u00fcr einen coolen Moment | Vapingnet.de<\/title>\n<meta name=\"description\" content=\"Entdecke RandM Tornado 7000 Dr Blue f\u00fcr einen coolen Moment bei vapingnet.de, \u25ba Gro\u00dfe Auswahl an Geschmacksrichtungen &amp; super g\u00fcnstig!\" \/>\n<meta name=\"robots\" content=\"index, follow, max-snippet:-1, max-image-preview:large, max-video-preview:-1\" \/>\n<link rel=\"canonical\" href=\"https:\/\/vapingnet.de\/lt\/vape\/randm-tornado-7000-dr-blue-fuer-einen-coolen-moment\/\" \/>\n<meta property=\"og:locale\" content=\"lt_LT\" \/>\n<meta property=\"og:type\" content=\"article\" \/>\n<meta property=\"og:title\" content=\"RandM Tornado 7000 Dr Blue f\u00fcr einen coolen Moment | Vapingnet.de\" \/>\n<meta property=\"og:description\" content=\"Entdecke RandM Tornado 7000 Dr Blue f\u00fcr einen coolen Moment bei vapingnet.de, \u25ba Gro\u00dfe Auswahl an Geschmacksrichtungen &amp; super g\u00fcnstig!\" \/>\n<meta property=\"og:url\" content=\"https:\/\/vapingnet.de\/lt\/vape\/randm-tornado-7000-dr-blue-fuer-einen-coolen-moment\/\" \/>\n<meta property=\"og:site_name\" content=\"Vapingnet.de\" \/>\n<meta property=\"article:publisher\" content=\"https:\/\/www.facebook.com\/vapingnetde\/\" \/>\n<meta property=\"article:modified_time\" content=\"2025-06-19T03:43:50+00:00\" \/>\n<meta property=\"og:image\" content=\"https:\/\/vapingnet.de\/wp-content\/uploads\/2025\/03\/randm-tornado-7000-drblue.webp\" \/>\n\t<meta property=\"og:image:width\" content=\"1000\" \/>\n\t<meta property=\"og:image:height\" content=\"1000\" \/>\n\t<meta property=\"og:image:type\" content=\"image\/webp\" \/>\n<meta name=\"twitter:card\" content=\"summary_large_image\" \/>\n<meta name=\"twitter:label1\" content=\"Est. reading time\" \/>\n\t<meta name=\"twitter:data1\" content=\"3 minutes\" \/>\n<script type=\"application\/ld+json\" class=\"yoast-schema-graph\">{\"@context\":\"https:\/\/schema.org\",\"@graph\":[{\"@type\":\"WebPage\",\"@id\":\"https:\/\/vapingnet.de\/vape\/randm-tornado-7000-dr-blue-fuer-einen-coolen-moment\/\",\"url\":\"https:\/\/vapingnet.de\/vape\/randm-tornado-7000-dr-blue-fuer-einen-coolen-moment\/\",\"name\":\"RandM Tornado 7000 Dr Blue f\u00fcr einen coolen Moment | Vapingnet.de\",\"isPartOf\":{\"@id\":\"https:\/\/vapingnet.de\/#website\"},\"primaryImageOfPage\":{\"@id\":\"https:\/\/vapingnet.de\/vape\/randm-tornado-7000-dr-blue-fuer-einen-coolen-moment\/#primaryimage\"},\"image\":{\"@id\":\"https:\/\/vapingnet.de\/vape\/randm-tornado-7000-dr-blue-fuer-einen-coolen-moment\/#primaryimage\"},\"thumbnailUrl\":\"https:\/\/vapingnet.de\/wp-content\/uploads\/2025\/03\/randm-tornado-7000-drblue.webp\",\"datePublished\":\"2025-03-11T03:41:41+00:00\",\"dateModified\":\"2025-06-19T03:43:50+00:00\",\"description\":\"Entdecke RandM Tornado 7000 Dr Blue f\u00fcr einen coolen Moment bei vapingnet.de, \u25ba Gro\u00dfe Auswahl an Geschmacksrichtungen & super g\u00fcnstig!\",\"breadcrumb\":{\"@id\":\"https:\/\/vapingnet.de\/vape\/randm-tornado-7000-dr-blue-fuer-einen-coolen-moment\/#breadcrumb\"},\"inLanguage\":\"lt-LT\",\"potentialAction\":[{\"@type\":\"ReadAction\",\"target\":[\"https:\/\/vapingnet.de\/vape\/randm-tornado-7000-dr-blue-fuer-einen-coolen-moment\/\"]}]},{\"@type\":\"ImageObject\",\"inLanguage\":\"lt-LT\",\"@id\":\"https:\/\/vapingnet.de\/vape\/randm-tornado-7000-dr-blue-fuer-einen-coolen-moment\/#primaryimage\",\"url\":\"https:\/\/vapingnet.de\/wp-content\/uploads\/2025\/03\/randm-tornado-7000-drblue.webp\",\"contentUrl\":\"https:\/\/vapingnet.de\/wp-content\/uploads\/2025\/03\/randm-tornado-7000-drblue.webp\",\"width\":1000,\"height\":1000,\"caption\":\"randm-tornado-7000-drblue\"},{\"@type\":\"BreadcrumbList\",\"@id\":\"https:\/\/vapingnet.de\/vape\/randm-tornado-7000-dr-blue-fuer-einen-coolen-moment\/#breadcrumb\",\"itemListElement\":[{\"@type\":\"ListItem\",\"position\":1,\"name\":\"Home\",\"item\":\"https:\/\/vapingnet.de\/\"},{\"@type\":\"ListItem\",\"position\":2,\"name\":\"Shop\",\"item\":\"https:\/\/vapingnet.de\/vape\/\"},{\"@type\":\"ListItem\",\"position\":3,\"name\":\"RandM Tornado 7000 Dr Blue f\u00fcr einen coolen Moment\"}]},{\"@type\":\"WebSite\",\"@id\":\"https:\/\/vapingnet.de\/#website\",\"url\":\"https:\/\/vapingnet.de\/\",\"name\":\"Vapingnet.de\",\"description\":\"\",\"publisher\":{\"@id\":\"https:\/\/vapingnet.de\/#organization\"},\"potentialAction\":[{\"@type\":\"SearchAction\",\"target\":{\"@type\":\"EntryPoint\",\"urlTemplate\":\"https:\/\/vapingnet.de\/?s={search_term_string}\"},\"query-input\":{\"@type\":\"PropertyValueSpecification\",\"valueRequired\":true,\"valueName\":\"search_term_string\"}}],\"inLanguage\":\"lt-LT\"},{\"@type\":\"Organization\",\"@id\":\"https:\/\/vapingnet.de\/#organization\",\"name\":\"Vapingnet.de\",\"url\":\"https:\/\/vapingnet.de\/\",\"logo\":{\"@type\":\"ImageObject\",\"inLanguage\":\"lt-LT\",\"@id\":\"https:\/\/vapingnet.de\/#\/schema\/logo\/image\/\",\"url\":\"https:\/\/vapingnet.de\/wp-content\/uploads\/2025\/03\/cropped-vapingnet.de_.jpg\",\"contentUrl\":\"https:\/\/vapingnet.de\/wp-content\/uploads\/2025\/03\/cropped-vapingnet.de_.jpg\",\"width\":512,\"height\":512,\"caption\":\"Vapingnet.de\"},\"image\":{\"@id\":\"https:\/\/vapingnet.de\/#\/schema\/logo\/image\/\"},\"sameAs\":[\"https:\/\/www.facebook.com\/vapingnetde\/\"]}]}<\/script>\n<!-- \/ Yoast SEO plugin. -->","yoast_head_json":{"title":"RandM Tornado 7000 Dr Blue f\u00fcr einen coolen Moment | Vapingnet.de","description":"Entdecke RandM Tornado 7000 Dr Blue f\u00fcr einen coolen Moment bei vapingnet.de, \u25ba Gro\u00dfe Auswahl an Geschmacksrichtungen & super g\u00fcnstig!","robots":{"index":"index","follow":"follow","max-snippet":"max-snippet:-1","max-image-preview":"max-image-preview:large","max-video-preview":"max-video-preview:-1"},"canonical":"https:\/\/vapingnet.de\/lt\/vape\/randm-tornado-7000-dr-blue-fuer-einen-coolen-moment\/","og_locale":"lt_LT","og_type":"article","og_title":"RandM Tornado 7000 Dr Blue f\u00fcr einen coolen Moment | Vapingnet.de","og_description":"Entdecke RandM Tornado 7000 Dr Blue f\u00fcr einen coolen Moment bei vapingnet.de, \u25ba Gro\u00dfe Auswahl an Geschmacksrichtungen & super g\u00fcnstig!","og_url":"https:\/\/vapingnet.de\/lt\/vape\/randm-tornado-7000-dr-blue-fuer-einen-coolen-moment\/","og_site_name":"Vapingnet.de","article_publisher":"https:\/\/www.facebook.com\/vapingnetde\/","article_modified_time":"2025-06-19T03:43:50+00:00","og_image":[{"width":1000,"height":1000,"url":"https:\/\/vapingnet.de\/wp-content\/uploads\/2025\/03\/randm-tornado-7000-drblue.webp","type":"image\/webp"}],"twitter_card":"summary_large_image","twitter_misc":{"Est. reading time":"3 minutes"},"schema":{"@context":"https:\/\/schema.org","@graph":[{"@type":"WebPage","@id":"https:\/\/vapingnet.de\/vape\/randm-tornado-7000-dr-blue-fuer-einen-coolen-moment\/","url":"https:\/\/vapingnet.de\/vape\/randm-tornado-7000-dr-blue-fuer-einen-coolen-moment\/","name":"RandM Tornado 7000 Dr Blue f\u00fcr einen coolen Moment | Vapingnet.de","isPartOf":{"@id":"https:\/\/vapingnet.de\/#website"},"primaryImageOfPage":{"@id":"https:\/\/vapingnet.de\/vape\/randm-tornado-7000-dr-blue-fuer-einen-coolen-moment\/#primaryimage"},"image":{"@id":"https:\/\/vapingnet.de\/vape\/randm-tornado-7000-dr-blue-fuer-einen-coolen-moment\/#primaryimage"},"thumbnailUrl":"https:\/\/vapingnet.de\/wp-content\/uploads\/2025\/03\/randm-tornado-7000-drblue.webp","datePublished":"2025-03-11T03:41:41+00:00","dateModified":"2025-06-19T03:43:50+00:00","description":"Entdecke RandM Tornado 7000 Dr Blue f\u00fcr einen coolen Moment bei vapingnet.de, \u25ba Gro\u00dfe Auswahl an Geschmacksrichtungen & super g\u00fcnstig!","breadcrumb":{"@id":"https:\/\/vapingnet.de\/vape\/randm-tornado-7000-dr-blue-fuer-einen-coolen-moment\/#breadcrumb"},"inLanguage":"lt-LT","potentialAction":[{"@type":"ReadAction","target":["https:\/\/vapingnet.de\/vape\/randm-tornado-7000-dr-blue-fuer-einen-coolen-moment\/"]}]},{"@type":"ImageObject","inLanguage":"lt-LT","@id":"https:\/\/vapingnet.de\/vape\/randm-tornado-7000-dr-blue-fuer-einen-coolen-moment\/#primaryimage","url":"https:\/\/vapingnet.de\/wp-content\/uploads\/2025\/03\/randm-tornado-7000-drblue.webp","contentUrl":"https:\/\/vapingnet.de\/wp-content\/uploads\/2025\/03\/randm-tornado-7000-drblue.webp","width":1000,"height":1000,"caption":"randm-tornado-7000-drblue"},{"@type":"BreadcrumbList","@id":"https:\/\/vapingnet.de\/vape\/randm-tornado-7000-dr-blue-fuer-einen-coolen-moment\/#breadcrumb","itemListElement":[{"@type":"ListItem","position":1,"name":"Home","item":"https:\/\/vapingnet.de\/"},{"@type":"ListItem","position":2,"name":"Shop","item":"https:\/\/vapingnet.de\/vape\/"},{"@type":"ListItem","position":3,"name":"RandM Tornado 7000 Dr Blue f\u00fcr einen coolen Moment"}]},{"@type":"WebSite","@id":"https:\/\/vapingnet.de\/#website","url":"https:\/\/vapingnet.de\/","name":"Vapingnet.de","description":"","publisher":{"@id":"https:\/\/vapingnet.de\/#organization"},"potentialAction":[{"@type":"SearchAction","target":{"@type":"EntryPoint","urlTemplate":"https:\/\/vapingnet.de\/?s={search_term_string}"},"query-input":{"@type":"PropertyValueSpecification","valueRequired":true,"valueName":"search_term_string"}}],"inLanguage":"lt-LT"},{"@type":"Organization","@id":"https:\/\/vapingnet.de\/#organization","name":"Vapingnet.de","url":"https:\/\/vapingnet.de\/","logo":{"@type":"ImageObject","inLanguage":"lt-LT","@id":"https:\/\/vapingnet.de\/#\/schema\/logo\/image\/","url":"https:\/\/vapingnet.de\/wp-content\/uploads\/2025\/03\/cropped-vapingnet.de_.jpg","contentUrl":"https:\/\/vapingnet.de\/wp-content\/uploads\/2025\/03\/cropped-vapingnet.de_.jpg","width":512,"height":512,"caption":"Vapingnet.de"},"image":{"@id":"https:\/\/vapingnet.de\/#\/schema\/logo\/image\/"},"sameAs":["https:\/\/www.facebook.com\/vapingnetde\/"]}]}},"tiered_pricing_type":"fixed","tiered_pricing_fixed_rules":{"10":"8.22","50":"7.40","110":"6.99","210":"6.58","510":"6.17","1100":"5.75"},"tiered_pricing_product_settings":{"layout":"default","base_unit_name":{"singular":null,"plural":null},"default_variation":null},"tiered_pricing_minimum_quantity":null,"tiered_pricing_roles_data":[],"tiered_pricing_percentage_rules":[],"_links":{"self":[{"href":"https:\/\/vapingnet.de\/lt\/wp-json\/wp\/v2\/product\/4969","targetHints":{"allow":["GET"]}}],"collection":[{"href":"https:\/\/vapingnet.de\/lt\/wp-json\/wp\/v2\/product"}],"about":[{"href":"https:\/\/vapingnet.de\/lt\/wp-json\/wp\/v2\/types\/product"}],"version-history":[{"count":1,"href":"https:\/\/vapingnet.de\/lt\/wp-json\/wp\/v2\/product\/4969\/revisions"}],"predecessor-version":[{"id":4971,"href":"https:\/\/vapingnet.de\/lt\/wp-json\/wp\/v2\/product\/4969\/revisions\/4971"}],"wp:featuredmedia":[{"embeddable":true,"href":"https:\/\/vapingnet.de\/lt\/wp-json\/wp\/v2\/media\/4970"}],"wp:attachment":[{"href":"https:\/\/vapingnet.de\/lt\/wp-json\/wp\/v2\/media?parent=4969"}],"wp:term":[{"taxonomy":"brand","embeddable":true,"href":"https:\/\/vapingnet.de\/lt\/wp-json\/wp\/v2\/etheme_brands?post=4969"},{"taxonomy":"product_brand","embeddable":true,"href":"https:\/\/vapingnet.de\/lt\/wp-json\/wp\/v2\/product_brand?post=4969"},{"taxonomy":"product_cat","embeddable":true,"href":"https:\/\/vapingnet.de\/lt\/wp-json\/wp\/v2\/product_cat?post=4969"},{"taxonomy":"product_tag","embeddable":true,"href":"https:\/\/vapingnet.de\/lt\/wp-json\/wp\/v2\/product_tag?post=4969"}],"curies":[{"name":"wp","href":"https:\/\/api.w.org\/{rel}","templated":true}]}}