{"id":4988,"date":"2025-03-11T06:47:09","date_gmt":"2025-03-11T06:47:09","guid":{"rendered":"https:\/\/vapingnet.de\/?post_type=product&#038;p=4988"},"modified":"2025-12-18T01:50:05","modified_gmt":"2025-12-18T01:50:05","slug":"randm-tornado-9000-blueberry-ice-eisigem-geschmack-geniessen","status":"publish","type":"product","link":"https:\/\/vapingnet.de\/lt\/vape\/randm-tornado-9000-blueberry-ice-eisigem-geschmack-geniessen\/","title":{"rendered":"M\u0117gaukis RandM Tornado 9000 M\u0117lyni\u0173 Ledas \u2013 \u0161altu skoniu"},"content":{"rendered":"<h2 data-start=\"119\" data-end=\"179\">RandM Tornado 9000 \u2013 J\u016bs\u0173 vapingo ateitis prasideda \u010dia<\/h2>\n<p data-start=\"181\" data-end=\"443\" data-immersive-translate-walked=\"b7f76c0b-7ca8-4193-bc66-5503ea679803\" data-immersive-translate-paragraph=\"1\">Jis <a href=\"https:\/\/vapingnet.de\/lt\/randm-tornado-9000\/\" target=\"_blank\" rel=\"noopener\"><strong>RandM Tornado 9000<\/strong><\/a> yra daugiau nei vienkartinis vape \u2013 jis yra tobulos sintez\u0117s tarp technologijos, skonio ir i\u0161tverm\u0117s. \u0160is modelis si\u016blo apgalvot\u0105 dizain\u0105 ir yra idealus visiems, kurie ie\u0161ko patikimo, intensyvaus ir paprasto garinimo patirties.<\/p>\n<h4 data-start=\"450\" data-end=\"500\" data-immersive-translate-walked=\"b7f76c0b-7ca8-4193-bc66-5503ea679803\" data-immersive-translate-paragraph=\"1\">Galinga technologija be r\u016bpes\u010di\u0173 malonumui<\/h4>\n<p data-start=\"502\" data-end=\"562\" data-immersive-translate-walked=\"b7f76c0b-7ca8-4193-bc66-5503ea679803\" data-immersive-translate-paragraph=\"1\">\u012ekraunamas su Type-C \u2013 visi\u0161ka kontrol\u0117 bet kuriuo metu<\/p>\n<p data-start=\"563\" data-end=\"839\" data-immersive-translate-walked=\"b7f76c0b-7ca8-4193-bc66-5503ea679803\" data-immersive-translate-paragraph=\"1\">\u012erengtas 850mAh akumuliatoriumi ir modernia Type-C \u012fkrovimo technologija, RandM Tornado 9000 garantuoja stipri\u0105 i\u0161tverm\u0119. J\u016bs gaunate iki 9000 \u012fkv\u0117pim\u0173 \u2013 ideali sprendimas daug naudotoj\u0173, norin\u010di\u0173 kelet\u0105 dien\u0173 garinti be pertraukos.<\/p>\n<h3 data-start=\"846\" data-end=\"883\" data-immersive-translate-walked=\"b7f76c0b-7ca8-4193-bc66-5503ea679803\" data-immersive-translate-paragraph=\"1\">Skoni\u0173 patirtis i\u0161skirtin\u0117<\/h3>\n<ul>\n<li data-start=\"885\" data-end=\"939\" data-immersive-translate-walked=\"b7f76c0b-7ca8-4193-bc66-5503ea679803\" data-immersive-translate-paragraph=\"1\">18 ml E-skys\u010dio su Mesh-Coil intensyviems aromatams<br \/>\n\u012erenginys turi 18 ml auk\u0161tos kokyb\u0117s E-skys\u010dio, derinamo su 0,8 Ohm Mesh-Coil. Rezultatas \u2013 vienodas, tankus garas su ai\u0161kiai apibr\u0117\u017etais skonio niuansais \u2013 malonumas su kiekvienu \u012fkv\u0117pimu.<\/li>\n<li data-start=\"1150\" data-end=\"1202\" data-immersive-translate-walked=\"b7f76c0b-7ca8-4193-bc66-5503ea679803\" data-immersive-translate-paragraph=\"1\">M\u0117lyn\u0117 susitinka su gaivumu \u2013 Blueberry Ice d\u0117mesio centre<br \/>\nBlueberry Ice versija si\u016blo harmoning\u0105 sald\u017ei\u0173 m\u0117lyni\u0173 ir gaivinan\u010dio m\u0117t\u0173 u\u017ebaigimo derin\u012f. Aromatas atsiskleid\u017eia tiesiog \u012fkv\u0117pus ir suteikia gaiv\u0173 garinimo potyr\u012f tiek kar\u0161tomis vasaros dienomis, tiek v\u0117siomis naktimis.<\/li>\n<\/ul>\n<h4 data-start=\"1469\" data-end=\"1510\" data-immersive-translate-walked=\"b7f76c0b-7ca8-4193-bc66-5503ea679803\" data-immersive-translate-paragraph=\"1\">Stilius susitinka su funkcija \u2013 RGB ap\u0161vietimo dizainas<\/h4>\n<p data-start=\"1512\" data-end=\"1762\" data-immersive-translate-walked=\"b7f76c0b-7ca8-4193-bc66-5503ea679803\" data-immersive-translate-paragraph=\"1\">Kiekvieno \u012fkv\u0117pimo metu \u012fjungiasi RGB ap\u0161vietimas, kuris \u0161velniai pulsuoja kei\u010dian\u010diomis spalvomis. \u0160is funkcionalumas ne tik daro \u012frengin\u012f techni\u0161kai \u012fdom\u0173, bet ir vizualiai patraukl\u0173 \u2013 ypa\u010d naktiniame gyvenime ar draug\u0173 susib\u016brimuose.<\/p>\n<h4 data-start=\"1769\" data-end=\"1807\" data-immersive-translate-walked=\"b7f76c0b-7ca8-4193-bc66-5503ea679803\" data-immersive-translate-paragraph=\"1\">Kompakti\u0161kas, lengvas ir kasdieniam naudojimui tinkamas<\/h4>\n<p data-start=\"1809\" data-end=\"2161\" data-immersive-translate-walked=\"b7f76c0b-7ca8-4193-bc66-5503ea679803\" data-immersive-translate-paragraph=\"1\">Svoris apie 70 g, RandM Tornado 9000 yra tikras lengvasis. D\u0117l ergonomi\u0161ko dizaino jis gerai laikosi rankoje, o pridedamas ne\u0161iojimo dir\u017eas suteikia papildom\u0105 lankstum\u0105. 2% nikotino koncentracija suteikia maloni\u0105 pusiausvyr\u0105 tarp intensyvumo ir komforto \u2013 idealiai tinka kasdieniam naudojimui.<\/p>\n<h3 data-start=\"2168\" data-end=\"2200\" data-immersive-translate-paragraph=\"1\" data-immersive-translate-walked=\"b7f76c0b-7ca8-4193-bc66-5503ea679803\">J\u016bs\u0173 privalumai viename vaizde<\/h3>\n<ul data-start=\"2202\" data-end=\"2438\" data-immersive-translate-walked=\"b7f76c0b-7ca8-4193-bc66-5503ea679803\">\n<li data-start=\"2202\" data-end=\"2250\" data-immersive-translate-walked=\"b7f76c0b-7ca8-4193-bc66-5503ea679803\">\n<p data-start=\"2204\" data-end=\"2250\" data-immersive-translate-walked=\"b7f76c0b-7ca8-4193-bc66-5503ea679803\" data-immersive-translate-paragraph=\"1\">Iki 9000 \u012fkv\u0117pim\u0173 ilgesniam naudojimui<\/p>\n<\/li>\n<li data-start=\"2251\" data-end=\"2315\" data-immersive-translate-walked=\"b7f76c0b-7ca8-4193-bc66-5503ea679803\">\n<p data-start=\"2253\" data-end=\"2315\" data-immersive-translate-walked=\"b7f76c0b-7ca8-4193-bc66-5503ea679803\" data-immersive-translate-paragraph=\"1\">\u012ekraunamas dizainas suma\u017eina atliek\u0173 kiek\u012f ir taupo pinigus<\/p>\n<\/li>\n<li data-start=\"2316\" data-end=\"2370\" data-immersive-translate-walked=\"b7f76c0b-7ca8-4193-bc66-5503ea679803\">\n<p data-start=\"2318\" data-end=\"2370\" data-immersive-translate-walked=\"b7f76c0b-7ca8-4193-bc66-5503ea679803\" data-immersive-translate-paragraph=\"1\">Nereikia i\u0161ankstini\u0173 \u017eini\u0173 \u2013 i\u0161kart pasiruo\u0161\u0119s garinti<\/p>\n<\/li>\n<li data-start=\"2371\" data-end=\"2438\" data-immersive-translate-walked=\"b7f76c0b-7ca8-4193-bc66-5503ea679803\">\n<p data-start=\"2373\" data-end=\"2438\" data-immersive-translate-walked=\"b7f76c0b-7ca8-4193-bc66-5503ea679803\" data-immersive-translate-paragraph=\"1\">Originalus produktas i\u0161 vapingnet.de \u2013 tikros prek\u0117s \u017eenklo kokyb\u0117s<\/p>\n<\/li>\n<\/ul>\n<h3 data-start=\"2445\" data-end=\"2501\" data-immersive-translate-walked=\"b7f76c0b-7ca8-4193-bc66-5503ea679803\" data-immersive-translate-paragraph=\"1\">Dabar u\u017esisakykite RandM Tornado 9000 \u2013 per vapingnet.de<\/h3>\n<p data-start=\"2503\" data-end=\"2711\" data-immersive-translate-walked=\"b7f76c0b-7ca8-4193-bc66-5503ea679803\" data-immersive-translate-paragraph=\"1\">Ar norite u\u017etikrinti piln\u0105 vaping patirt\u012f? RandM Tornado 9000 si\u016blo visk\u0105, k\u0105 gali pasi\u016blyti \u0161iuolaikin\u0117 vaping technologija: stipri i\u0161tverm\u0117, intensyvus skonis ir i\u0161skirtinis dizainas.<\/p>\n<p data-start=\"2713\" data-end=\"2825\" data-immersive-translate-walked=\"b7f76c0b-7ca8-4193-bc66-5503ea679803\" data-immersive-translate-paragraph=\"1\">U\u017esisakykite dabar tiesiogiai per vapingnet.de \u2013 su greitu pristatymu i\u0161 Deutschland.<\/p>\n<p data-start=\"2832\" data-end=\"2911\" data-immersive-translate-walked=\"b7f76c0b-7ca8-4193-bc66-5503ea679803\">RandM Tornado 9000 \u2013 vaping naujai apibr\u0117\u017etas. Paprasta. Intensyvu. Patikima.<\/p>","protected":false},"excerpt":{"rendered":"<p>Auk\u0161tos kokyb\u0117s elektronin\u0117s cigaret\u0117s\ud83d\udd25, tiesiai i\u0161 sand\u0117lio Bremen, pristatymas per 2-4 dienas!<\/p>","protected":false},"featured_media":4989,"template":"","meta":[],"etheme_brands":[],"product_brand":[96],"product_cat":[52,59,49,61],"product_tag":[],"class_list":{"0":"post-4988","1":"product","2":"type-product","3":"status-publish","4":"has-post-thumbnail","6":"product_brand-randm-vape","7":"product_cat-vape-9000-zuege","8":"product_cat-de","9":"product_cat-einweg-e-zigarette","10":"product_cat-f","12":"first","13":"instock","14":"shipping-taxable","15":"purchasable","16":"product-type-simple"},"yoast_head":"<!-- This site is optimized with the Yoast SEO plugin v26.5 - https:\/\/yoast.com\/wordpress\/plugins\/seo\/ -->\n<title>RandM Tornado 9000 \u2013 Starke Einweg E-Zigarette mit 9000 Puffs<\/title>\n<meta name=\"description\" content=\"Entdecken Sie den RandM Tornado 9000 mit 9000 Z\u00fcgen, 18ml E-Liquid, starker Ausdauer &amp; intensivem Geschmack. Jetzt bei vapingnet.de kaufen.\" \/>\n<meta name=\"robots\" content=\"index, follow, max-snippet:-1, max-image-preview:large, max-video-preview:-1\" \/>\n<link rel=\"canonical\" href=\"https:\/\/vapingnet.de\/lt\/vape\/randm-tornado-9000-blueberry-ice-eisigem-geschmack-geniessen\/\" \/>\n<meta property=\"og:locale\" content=\"lt_LT\" \/>\n<meta property=\"og:type\" content=\"article\" \/>\n<meta property=\"og:title\" content=\"RandM Tornado 9000 \u2013 Starke Einweg E-Zigarette mit 9000 Puffs\" \/>\n<meta property=\"og:description\" content=\"Entdecken Sie den RandM Tornado 9000 mit 9000 Z\u00fcgen, 18ml E-Liquid, starker Ausdauer &amp; intensivem Geschmack. Jetzt bei vapingnet.de kaufen.\" \/>\n<meta property=\"og:url\" content=\"https:\/\/vapingnet.de\/lt\/vape\/randm-tornado-9000-blueberry-ice-eisigem-geschmack-geniessen\/\" \/>\n<meta property=\"og:site_name\" content=\"Vapingnet.de\" \/>\n<meta property=\"article:publisher\" content=\"https:\/\/www.facebook.com\/vapingnetde\/\" \/>\n<meta property=\"article:modified_time\" content=\"2025-12-18T01:50:05+00:00\" \/>\n<meta property=\"og:image\" content=\"https:\/\/vapingnet.de\/wp-content\/uploads\/2025\/03\/randm-tornado-9000-bluebarry-ice.webp\" \/>\n\t<meta property=\"og:image:width\" content=\"1000\" \/>\n\t<meta property=\"og:image:height\" content=\"1000\" \/>\n\t<meta property=\"og:image:type\" content=\"image\/webp\" \/>\n<meta name=\"twitter:card\" content=\"summary_large_image\" \/>\n<meta name=\"twitter:label1\" content=\"Est. reading time\" \/>\n\t<meta name=\"twitter:data1\" content=\"3 minutes\" \/>\n<script type=\"application\/ld+json\" class=\"yoast-schema-graph\">{\"@context\":\"https:\/\/schema.org\",\"@graph\":[{\"@type\":\"WebPage\",\"@id\":\"https:\/\/vapingnet.de\/vape\/randm-tornado-9000-blueberry-ice-eisigem-geschmack-geniessen\/\",\"url\":\"https:\/\/vapingnet.de\/vape\/randm-tornado-9000-blueberry-ice-eisigem-geschmack-geniessen\/\",\"name\":\"RandM Tornado 9000 \u2013 Starke Einweg E-Zigarette mit 9000 Puffs\",\"isPartOf\":{\"@id\":\"https:\/\/vapingnet.de\/#website\"},\"primaryImageOfPage\":{\"@id\":\"https:\/\/vapingnet.de\/vape\/randm-tornado-9000-blueberry-ice-eisigem-geschmack-geniessen\/#primaryimage\"},\"image\":{\"@id\":\"https:\/\/vapingnet.de\/vape\/randm-tornado-9000-blueberry-ice-eisigem-geschmack-geniessen\/#primaryimage\"},\"thumbnailUrl\":\"https:\/\/vapingnet.de\/wp-content\/uploads\/2025\/03\/randm-tornado-9000-bluebarry-ice.webp\",\"datePublished\":\"2025-03-11T06:47:09+00:00\",\"dateModified\":\"2025-12-18T01:50:05+00:00\",\"description\":\"Entdecken Sie den RandM Tornado 9000 mit 9000 Z\u00fcgen, 18ml E-Liquid, starker Ausdauer & intensivem Geschmack. Jetzt bei vapingnet.de kaufen.\",\"breadcrumb\":{\"@id\":\"https:\/\/vapingnet.de\/vape\/randm-tornado-9000-blueberry-ice-eisigem-geschmack-geniessen\/#breadcrumb\"},\"inLanguage\":\"lt-LT\",\"potentialAction\":[{\"@type\":\"ReadAction\",\"target\":[\"https:\/\/vapingnet.de\/vape\/randm-tornado-9000-blueberry-ice-eisigem-geschmack-geniessen\/\"]}]},{\"@type\":\"ImageObject\",\"inLanguage\":\"lt-LT\",\"@id\":\"https:\/\/vapingnet.de\/vape\/randm-tornado-9000-blueberry-ice-eisigem-geschmack-geniessen\/#primaryimage\",\"url\":\"https:\/\/vapingnet.de\/wp-content\/uploads\/2025\/03\/randm-tornado-9000-bluebarry-ice.webp\",\"contentUrl\":\"https:\/\/vapingnet.de\/wp-content\/uploads\/2025\/03\/randm-tornado-9000-bluebarry-ice.webp\",\"width\":1000,\"height\":1000,\"caption\":\"randm-tornado-9000-bluebarry-ice\"},{\"@type\":\"BreadcrumbList\",\"@id\":\"https:\/\/vapingnet.de\/vape\/randm-tornado-9000-blueberry-ice-eisigem-geschmack-geniessen\/#breadcrumb\",\"itemListElement\":[{\"@type\":\"ListItem\",\"position\":1,\"name\":\"Home\",\"item\":\"https:\/\/vapingnet.de\/\"},{\"@type\":\"ListItem\",\"position\":2,\"name\":\"Shop\",\"item\":\"https:\/\/vapingnet.de\/vape\/\"},{\"@type\":\"ListItem\",\"position\":3,\"name\":\"RandM Tornado 9000 Blueberry Ice eisigem Geschmack genie\u00dfen\"}]},{\"@type\":\"WebSite\",\"@id\":\"https:\/\/vapingnet.de\/#website\",\"url\":\"https:\/\/vapingnet.de\/\",\"name\":\"Vapingnet.de\",\"description\":\"\",\"publisher\":{\"@id\":\"https:\/\/vapingnet.de\/#organization\"},\"potentialAction\":[{\"@type\":\"SearchAction\",\"target\":{\"@type\":\"EntryPoint\",\"urlTemplate\":\"https:\/\/vapingnet.de\/?s={search_term_string}\"},\"query-input\":{\"@type\":\"PropertyValueSpecification\",\"valueRequired\":true,\"valueName\":\"search_term_string\"}}],\"inLanguage\":\"lt-LT\"},{\"@type\":\"Organization\",\"@id\":\"https:\/\/vapingnet.de\/#organization\",\"name\":\"Vapingnet.de\",\"url\":\"https:\/\/vapingnet.de\/\",\"logo\":{\"@type\":\"ImageObject\",\"inLanguage\":\"lt-LT\",\"@id\":\"https:\/\/vapingnet.de\/#\/schema\/logo\/image\/\",\"url\":\"https:\/\/vapingnet.de\/wp-content\/uploads\/2025\/03\/cropped-vapingnet.de_.jpg\",\"contentUrl\":\"https:\/\/vapingnet.de\/wp-content\/uploads\/2025\/03\/cropped-vapingnet.de_.jpg\",\"width\":512,\"height\":512,\"caption\":\"Vapingnet.de\"},\"image\":{\"@id\":\"https:\/\/vapingnet.de\/#\/schema\/logo\/image\/\"},\"sameAs\":[\"https:\/\/www.facebook.com\/vapingnetde\/\"]}]}<\/script>\n<!-- \/ Yoast SEO plugin. -->","yoast_head_json":{"title":"RandM Tornado 9000 \u2013 Starke Einweg E-Zigarette mit 9000 Puffs","description":"Entdecken Sie den RandM Tornado 9000 mit 9000 Z\u00fcgen, 18ml E-Liquid, starker Ausdauer & intensivem Geschmack. Jetzt bei vapingnet.de kaufen.","robots":{"index":"index","follow":"follow","max-snippet":"max-snippet:-1","max-image-preview":"max-image-preview:large","max-video-preview":"max-video-preview:-1"},"canonical":"https:\/\/vapingnet.de\/lt\/vape\/randm-tornado-9000-blueberry-ice-eisigem-geschmack-geniessen\/","og_locale":"lt_LT","og_type":"article","og_title":"RandM Tornado 9000 \u2013 Starke Einweg E-Zigarette mit 9000 Puffs","og_description":"Entdecken Sie den RandM Tornado 9000 mit 9000 Z\u00fcgen, 18ml E-Liquid, starker Ausdauer & intensivem Geschmack. Jetzt bei vapingnet.de kaufen.","og_url":"https:\/\/vapingnet.de\/lt\/vape\/randm-tornado-9000-blueberry-ice-eisigem-geschmack-geniessen\/","og_site_name":"Vapingnet.de","article_publisher":"https:\/\/www.facebook.com\/vapingnetde\/","article_modified_time":"2025-12-18T01:50:05+00:00","og_image":[{"width":1000,"height":1000,"url":"https:\/\/vapingnet.de\/wp-content\/uploads\/2025\/03\/randm-tornado-9000-bluebarry-ice.webp","type":"image\/webp"}],"twitter_card":"summary_large_image","twitter_misc":{"Est. reading time":"3 minutes"},"schema":{"@context":"https:\/\/schema.org","@graph":[{"@type":"WebPage","@id":"https:\/\/vapingnet.de\/vape\/randm-tornado-9000-blueberry-ice-eisigem-geschmack-geniessen\/","url":"https:\/\/vapingnet.de\/vape\/randm-tornado-9000-blueberry-ice-eisigem-geschmack-geniessen\/","name":"RandM Tornado 9000 \u2013 Starke Einweg E-Zigarette mit 9000 Puffs","isPartOf":{"@id":"https:\/\/vapingnet.de\/#website"},"primaryImageOfPage":{"@id":"https:\/\/vapingnet.de\/vape\/randm-tornado-9000-blueberry-ice-eisigem-geschmack-geniessen\/#primaryimage"},"image":{"@id":"https:\/\/vapingnet.de\/vape\/randm-tornado-9000-blueberry-ice-eisigem-geschmack-geniessen\/#primaryimage"},"thumbnailUrl":"https:\/\/vapingnet.de\/wp-content\/uploads\/2025\/03\/randm-tornado-9000-bluebarry-ice.webp","datePublished":"2025-03-11T06:47:09+00:00","dateModified":"2025-12-18T01:50:05+00:00","description":"Entdecken Sie den RandM Tornado 9000 mit 9000 Z\u00fcgen, 18ml E-Liquid, starker Ausdauer & intensivem Geschmack. Jetzt bei vapingnet.de kaufen.","breadcrumb":{"@id":"https:\/\/vapingnet.de\/vape\/randm-tornado-9000-blueberry-ice-eisigem-geschmack-geniessen\/#breadcrumb"},"inLanguage":"lt-LT","potentialAction":[{"@type":"ReadAction","target":["https:\/\/vapingnet.de\/vape\/randm-tornado-9000-blueberry-ice-eisigem-geschmack-geniessen\/"]}]},{"@type":"ImageObject","inLanguage":"lt-LT","@id":"https:\/\/vapingnet.de\/vape\/randm-tornado-9000-blueberry-ice-eisigem-geschmack-geniessen\/#primaryimage","url":"https:\/\/vapingnet.de\/wp-content\/uploads\/2025\/03\/randm-tornado-9000-bluebarry-ice.webp","contentUrl":"https:\/\/vapingnet.de\/wp-content\/uploads\/2025\/03\/randm-tornado-9000-bluebarry-ice.webp","width":1000,"height":1000,"caption":"randm-tornado-9000-bluebarry-ice"},{"@type":"BreadcrumbList","@id":"https:\/\/vapingnet.de\/vape\/randm-tornado-9000-blueberry-ice-eisigem-geschmack-geniessen\/#breadcrumb","itemListElement":[{"@type":"ListItem","position":1,"name":"Home","item":"https:\/\/vapingnet.de\/"},{"@type":"ListItem","position":2,"name":"Shop","item":"https:\/\/vapingnet.de\/vape\/"},{"@type":"ListItem","position":3,"name":"RandM Tornado 9000 Blueberry Ice eisigem Geschmack genie\u00dfen"}]},{"@type":"WebSite","@id":"https:\/\/vapingnet.de\/#website","url":"https:\/\/vapingnet.de\/","name":"Vapingnet.de","description":"","publisher":{"@id":"https:\/\/vapingnet.de\/#organization"},"potentialAction":[{"@type":"SearchAction","target":{"@type":"EntryPoint","urlTemplate":"https:\/\/vapingnet.de\/?s={search_term_string}"},"query-input":{"@type":"PropertyValueSpecification","valueRequired":true,"valueName":"search_term_string"}}],"inLanguage":"lt-LT"},{"@type":"Organization","@id":"https:\/\/vapingnet.de\/#organization","name":"Vapingnet.de","url":"https:\/\/vapingnet.de\/","logo":{"@type":"ImageObject","inLanguage":"lt-LT","@id":"https:\/\/vapingnet.de\/#\/schema\/logo\/image\/","url":"https:\/\/vapingnet.de\/wp-content\/uploads\/2025\/03\/cropped-vapingnet.de_.jpg","contentUrl":"https:\/\/vapingnet.de\/wp-content\/uploads\/2025\/03\/cropped-vapingnet.de_.jpg","width":512,"height":512,"caption":"Vapingnet.de"},"image":{"@id":"https:\/\/vapingnet.de\/#\/schema\/logo\/image\/"},"sameAs":["https:\/\/www.facebook.com\/vapingnetde\/"]}]}},"tiered_pricing_type":"fixed","tiered_pricing_fixed_rules":{"50":"8.30","110":"7.84","210":"7.38","510":"6.92","1100":"6.45"},"tiered_pricing_product_settings":{"layout":"default","base_unit_name":{"singular":null,"plural":null},"default_variation":null},"tiered_pricing_minimum_quantity":null,"tiered_pricing_roles_data":[],"tiered_pricing_percentage_rules":[],"_links":{"self":[{"href":"https:\/\/vapingnet.de\/lt\/wp-json\/wp\/v2\/product\/4988","targetHints":{"allow":["GET"]}}],"collection":[{"href":"https:\/\/vapingnet.de\/lt\/wp-json\/wp\/v2\/product"}],"about":[{"href":"https:\/\/vapingnet.de\/lt\/wp-json\/wp\/v2\/types\/product"}],"version-history":[{"count":3,"href":"https:\/\/vapingnet.de\/lt\/wp-json\/wp\/v2\/product\/4988\/revisions"}],"predecessor-version":[{"id":7221,"href":"https:\/\/vapingnet.de\/lt\/wp-json\/wp\/v2\/product\/4988\/revisions\/7221"}],"wp:featuredmedia":[{"embeddable":true,"href":"https:\/\/vapingnet.de\/lt\/wp-json\/wp\/v2\/media\/4989"}],"wp:attachment":[{"href":"https:\/\/vapingnet.de\/lt\/wp-json\/wp\/v2\/media?parent=4988"}],"wp:term":[{"taxonomy":"brand","embeddable":true,"href":"https:\/\/vapingnet.de\/lt\/wp-json\/wp\/v2\/etheme_brands?post=4988"},{"taxonomy":"product_brand","embeddable":true,"href":"https:\/\/vapingnet.de\/lt\/wp-json\/wp\/v2\/product_brand?post=4988"},{"taxonomy":"product_cat","embeddable":true,"href":"https:\/\/vapingnet.de\/lt\/wp-json\/wp\/v2\/product_cat?post=4988"},{"taxonomy":"product_tag","embeddable":true,"href":"https:\/\/vapingnet.de\/lt\/wp-json\/wp\/v2\/product_tag?post=4988"}],"curies":[{"name":"wp","href":"https:\/\/api.w.org\/{rel}","templated":true}]}}