{"id":4997,"date":"2025-03-11T07:17:21","date_gmt":"2025-03-11T07:17:21","guid":{"rendered":"https:\/\/vapingnet.de\/?post_type=product&#038;p=4997"},"modified":"2025-06-23T09:57:00","modified_gmt":"2025-06-23T09:57:00","slug":"lush-ice-im-randm-tornado-9000-guenstig-im-grosshandel-erhaeltlich","status":"publish","type":"product","link":"https:\/\/vapingnet.de\/lt\/vape\/lush-ice-im-randm-tornado-9000-guenstig-im-grosshandel-erhaeltlich\/","title":{"rendered":"Lush Ice RandM Tornado 9000 \u2013 pigiai didmenin\u0117se parduotuv\u0117se"},"content":{"rendered":"<h2 data-start=\"111\" data-end=\"175\">RandM Tornado 9000 \u2013 Kiek i\u0161 tikr\u0173j\u0173 yra \u0161vie\u017eiosios m\u0117tos vape?<\/h2>\n<p data-start=\"177\" data-end=\"248\" data-immersive-translate-walked=\"fc78042f-4b5c-4330-8f67-d3365ce31b02\" data-immersive-translate-paragraph=\"1\">Ie\u0161kote vienkartin\u0117s elektronin\u0117s cigaret\u0117s su skoniu, i\u0161tverme ir stiliumi?<\/p>\n<p data-start=\"250\" data-end=\"507\" data-immersive-translate-walked=\"fc78042f-4b5c-4330-8f67-d3365ce31b02\" data-immersive-translate-paragraph=\"1\">Tada RandM Tornado 9000 yra pasirinkimas, kur\u012f tur\u0117tum\u0117te atid\u017eiau ap\u017ei\u016br\u0117ti. \u0160is \u012frenginys sujungia moderni\u0105 technik\u0105 su intensyviu aromatu \u2013 idealiai tinka visiems, kurie ie\u0161ko patikimo, stilingo ir skanaus garinimo patirties.<\/p>\n<h3 data-start=\"514\" data-end=\"560\" data-immersive-translate-walked=\"fc78042f-4b5c-4330-8f67-d3365ce31b02\" data-immersive-translate-paragraph=\"1\">Kas daro RandM Tornado 9000 ypatingu?<\/h3>\n<ul>\n<li data-start=\"562\" data-end=\"726\" data-immersive-translate-walked=\"fc78042f-4b5c-4330-8f67-d3365ce31b02\" data-immersive-translate-paragraph=\"1\">Iki 9000 \u012fkv\u0117pim\u0173 per \u012frengin\u012f<br data-start=\"594\" data-end=\"597\" data-immersive-translate-walked=\"fc78042f-4b5c-4330-8f67-d3365ce31b02\" \/>D\u0117ka \u012fkraunamo 850mAh akumuliatoriaus ir efektyvios energijos paskirstymo, m\u0117gausit\u0117s dien\u0173 garinimu be pertraukos.<\/li>\n<li data-start=\"728\" data-end=\"935\" data-immersive-translate-walked=\"fc78042f-4b5c-4330-8f67-d3365ce31b02\" data-immersive-translate-paragraph=\"1\">18 ml elektroninio skys\u010dio su \u0161vie\u017eiosios m\u0117tos skoniu<br data-start=\"772\" data-end=\"775\" data-immersive-translate-walked=\"fc78042f-4b5c-4330-8f67-d3365ce31b02\" \/>Didelis skys\u010dio kiekis u\u017etikrina ilgalaik\u012f malonum\u0105. Skonis \u0160vie\u017eia M\u0117ta suteikia ai\u0161ki\u0105, gaivi\u0105 nat\u0105 kiekvienu \u012fkv\u0117pimu \u2013 puikiai tinka gaivumo m\u0117g\u0117jams.<\/li>\n<li data-start=\"937\" data-end=\"1127\" data-immersive-translate-walked=\"fc78042f-4b5c-4330-8f67-d3365ce31b02\" data-immersive-translate-paragraph=\"1\">Tinklelio rit\u0117 d\u0117l tankaus, aromatingo garo<br data-start=\"984\" data-end=\"987\" data-immersive-translate-walked=\"fc78042f-4b5c-4330-8f67-d3365ce31b02\" \/>\u012emontuota 0,8 om\u0173 tinklelio rit\u0117 i\u0161skiria aromat\u0105 ypa\u010d \u0161velniai ir tolygiai. Taip gaunamas intensyvus skonis, neserga gerkl\u0117s.<\/li>\n<li data-start=\"1129\" data-end=\"1297\" data-immersive-translate-walked=\"fc78042f-4b5c-4330-8f67-d3365ce31b02\" data-immersive-translate-paragraph=\"1\">RGB \u0161viesos \u0161ou ir ergonomi\u0161kas dizainas<br data-start=\"1171\" data-end=\"1174\" data-immersive-translate-walked=\"fc78042f-4b5c-4330-8f67-d3365ce31b02\" \/>Sveriant tik apie 70 g, \u012frenginys lengvai ne\u0161iojamas. LED spalvoti \u0161viesos efektai reaguoja \u012f kiekvien\u0105 \u012fkv\u0117pim\u0105 \u2013 subtiliai, bet moderniai.<\/li>\n<li data-start=\"1299\" data-end=\"1499\" data-immersive-translate-walked=\"fc78042f-4b5c-4330-8f67-d3365ce31b02\" data-immersive-translate-paragraph=\"1\">2% nikotinas \u2013 \u0161velnus, bet veiksmingas<br data-start=\"1341\" data-end=\"1344\" data-immersive-translate-walked=\"fc78042f-4b5c-4330-8f67-d3365ce31b02\" \/>Idealiai tinka kasdieniam garinimui: ne per stiprus, ne per silpnas. Subalansuotas vidurys, tinkamas tiek pradedantiesiems, tiek atsitiktiniams garintojams.<\/li>\n<\/ul>\n<h4 data-start=\"1506\" data-end=\"1540\" data-immersive-translate-walked=\"fc78042f-4b5c-4330-8f67-d3365ce31b02\" data-immersive-translate-paragraph=\"1\">Kam \u0161is \u012frenginys yra idealus?<\/h4>\n<ul data-start=\"1542\" data-end=\"1818\" data-immersive-translate-walked=\"fc78042f-4b5c-4330-8f67-d3365ce31b02\">\n<li data-start=\"1542\" data-end=\"1618\" data-immersive-translate-walked=\"fc78042f-4b5c-4330-8f67-d3365ce31b02\">\n<p data-start=\"1544\" data-end=\"1618\" data-immersive-translate-walked=\"fc78042f-4b5c-4330-8f67-d3365ce31b02\" data-immersive-translate-paragraph=\"1\">Profesionalams, ie\u0161kantiems ilgalaik\u0117s vienkartin\u0117s elektronin\u0117s cigaret\u0117s<\/p>\n<\/li>\n<li data-start=\"1619\" data-end=\"1685\" data-immersive-translate-walked=\"fc78042f-4b5c-4330-8f67-d3365ce31b02\">\n<p data-start=\"1621\" data-end=\"1685\" data-immersive-translate-walked=\"fc78042f-4b5c-4330-8f67-d3365ce31b02\" data-immersive-translate-paragraph=\"1\">Vaperiams, vertinantiems intensyvius gaivius skonius, pvz., m\u0117t\u0105<\/p>\n<\/li>\n<li data-start=\"1686\" data-end=\"1751\" data-immersive-translate-walked=\"fc78042f-4b5c-4330-8f67-d3365ce31b02\">\n<p data-start=\"1688\" data-end=\"1751\" data-immersive-translate-walked=\"fc78042f-4b5c-4330-8f67-d3365ce31b02\" data-immersive-translate-paragraph=\"1\">Visiems, kurie vertina dizain\u0105 ir kasdien\u012f patogum\u0105<\/p>\n<\/li>\n<li data-start=\"1752\" data-end=\"1818\" data-immersive-translate-walked=\"fc78042f-4b5c-4330-8f67-d3365ce31b02\">\n<p data-start=\"1754\" data-end=\"1818\" data-immersive-translate-walked=\"fc78042f-4b5c-4330-8f67-d3365ce31b02\" data-immersive-translate-paragraph=\"1\">Pradedantiesiems, kurie nenori sud\u0117ting\u0173 nustatym\u0173<\/p>\n<\/li>\n<\/ul>\n<h4 data-start=\"1825\" data-end=\"1855\" data-immersive-translate-walked=\"fc78042f-4b5c-4330-8f67-d3365ce31b02\" data-immersive-translate-paragraph=\"1\">Ar verta pirkti?<\/h4>\n<p data-start=\"1857\" data-end=\"2121\" data-immersive-translate-walked=\"fc78042f-4b5c-4330-8f67-d3365ce31b02\" data-immersive-translate-paragraph=\"1\">Jei vertinate stipri\u0105 akumuliatoriaus gali\u0105, \u0161vie\u017ei\u0105 skon\u012f ir modern\u0173 dizain\u0105, RandM Tornado 9000 yra ai\u0161ki rekomendacija. Ypa\u010d \u0161vie\u017eio m\u0117t\u0173 skonis i\u0161siskiria savo \u0161varumu ir gaivumu, maloniai i\u0161siskirdamas i\u0161 daugelio kit\u0173 aromat\u0173.<\/p>\n<h4 data-start=\"2128\" data-end=\"2196\" data-immersive-translate-walked=\"fc78042f-4b5c-4330-8f67-d3365ce31b02\" data-immersive-translate-paragraph=\"1\">Dabar i\u0161bandykite: u\u017esisakykite RandM Tornado 9000 i\u0161 vapingnet.de<\/h4>\n<p data-start=\"2198\" data-end=\"2374\" data-immersive-translate-walked=\"fc78042f-4b5c-4330-8f67-d3365ce31b02\" data-immersive-translate-paragraph=\"1\">Apsilankykite vapingnet.de ir \u012fsigykite RandM Tornado 9000 su greitu pristatymu i\u0161 Deutschland. Joki\u0173 registracij\u0173, joki\u0173 r\u016bpes\u010di\u0173 \u2013 tik grynas garo malonumas.<\/p>\n<p data-start=\"2381\" data-end=\"2445\" data-immersive-translate-walked=\"fc78042f-4b5c-4330-8f67-d3365ce31b02\">RandM Tornado 9000 \u2013 Kai i\u0161tverm\u0117 susitinka su tikru gaivumu.<\/p>","protected":false},"excerpt":{"rendered":"<p>Auk\u0161tos kokyb\u0117s elektronin\u0117s cigaret\u0117s\ud83d\udd25, tiesiai i\u0161 sand\u0117lio Bremen, pristatymas per 2-4 dienas!<\/p>","protected":false},"featured_media":4998,"template":"","meta":[],"etheme_brands":[],"product_brand":[96],"product_cat":[52,59,49,61],"product_tag":[],"class_list":{"0":"post-4997","1":"product","2":"type-product","3":"status-publish","4":"has-post-thumbnail","6":"product_brand-randm-vape","7":"product_cat-vape-9000-zuege","8":"product_cat-de","9":"product_cat-einweg-e-zigarette","10":"product_cat-f","12":"first","13":"instock","14":"shipping-taxable","15":"purchasable","16":"product-type-simple"},"yoast_head":"<!-- This site is optimized with the Yoast SEO plugin v26.5 - https:\/\/yoast.com\/wordpress\/plugins\/seo\/ -->\n<title>RandM Tornado 9000 \u2013 Fresh Mint Vape mit 9000 Z\u00fcgen &amp; Style<\/title>\n<meta name=\"description\" content=\"Entdecken Sie den RandM Tornado 9000 mit Fresh Mint Geschmack, 9000 Z\u00fcgen, 18ml Liquid und RGB-Design. Jetzt g\u00fcnstig &amp; schnell bei vapingnet.de bestellen.\" \/>\n<meta name=\"robots\" content=\"index, follow, max-snippet:-1, max-image-preview:large, max-video-preview:-1\" \/>\n<link rel=\"canonical\" href=\"https:\/\/vapingnet.de\/lt\/vape\/lush-ice-im-randm-tornado-9000-guenstig-im-grosshandel-erhaeltlich\/\" \/>\n<meta property=\"og:locale\" content=\"lt_LT\" \/>\n<meta property=\"og:type\" content=\"article\" \/>\n<meta property=\"og:title\" content=\"RandM Tornado 9000 \u2013 Fresh Mint Vape mit 9000 Z\u00fcgen &amp; Style\" \/>\n<meta property=\"og:description\" content=\"Entdecken Sie den RandM Tornado 9000 mit Fresh Mint Geschmack, 9000 Z\u00fcgen, 18ml Liquid und RGB-Design. Jetzt g\u00fcnstig &amp; schnell bei vapingnet.de bestellen.\" \/>\n<meta property=\"og:url\" content=\"https:\/\/vapingnet.de\/lt\/vape\/lush-ice-im-randm-tornado-9000-guenstig-im-grosshandel-erhaeltlich\/\" \/>\n<meta property=\"og:site_name\" content=\"Vapingnet.de\" \/>\n<meta property=\"article:publisher\" content=\"https:\/\/www.facebook.com\/vapingnetde\/\" \/>\n<meta property=\"article:modified_time\" content=\"2025-06-23T09:57:00+00:00\" \/>\n<meta property=\"og:image\" content=\"https:\/\/vapingnet.de\/wp-content\/uploads\/2025\/03\/randm-tornado-9000-lush-ice.webp\" \/>\n\t<meta property=\"og:image:width\" content=\"1000\" \/>\n\t<meta property=\"og:image:height\" content=\"1000\" \/>\n\t<meta property=\"og:image:type\" content=\"image\/webp\" \/>\n<meta name=\"twitter:card\" content=\"summary_large_image\" \/>\n<meta name=\"twitter:label1\" content=\"Est. reading time\" \/>\n\t<meta name=\"twitter:data1\" content=\"2 minutes\" \/>\n<script type=\"application\/ld+json\" class=\"yoast-schema-graph\">{\"@context\":\"https:\/\/schema.org\",\"@graph\":[{\"@type\":\"WebPage\",\"@id\":\"https:\/\/vapingnet.de\/vape\/lush-ice-im-randm-tornado-9000-guenstig-im-grosshandel-erhaeltlich\/\",\"url\":\"https:\/\/vapingnet.de\/vape\/lush-ice-im-randm-tornado-9000-guenstig-im-grosshandel-erhaeltlich\/\",\"name\":\"RandM Tornado 9000 \u2013 Fresh Mint Vape mit 9000 Z\u00fcgen & Style\",\"isPartOf\":{\"@id\":\"https:\/\/vapingnet.de\/#website\"},\"primaryImageOfPage\":{\"@id\":\"https:\/\/vapingnet.de\/vape\/lush-ice-im-randm-tornado-9000-guenstig-im-grosshandel-erhaeltlich\/#primaryimage\"},\"image\":{\"@id\":\"https:\/\/vapingnet.de\/vape\/lush-ice-im-randm-tornado-9000-guenstig-im-grosshandel-erhaeltlich\/#primaryimage\"},\"thumbnailUrl\":\"https:\/\/vapingnet.de\/wp-content\/uploads\/2025\/03\/randm-tornado-9000-lush-ice.webp\",\"datePublished\":\"2025-03-11T07:17:21+00:00\",\"dateModified\":\"2025-06-23T09:57:00+00:00\",\"description\":\"Entdecken Sie den RandM Tornado 9000 mit Fresh Mint Geschmack, 9000 Z\u00fcgen, 18ml Liquid und RGB-Design. Jetzt g\u00fcnstig & schnell bei vapingnet.de bestellen.\",\"breadcrumb\":{\"@id\":\"https:\/\/vapingnet.de\/vape\/lush-ice-im-randm-tornado-9000-guenstig-im-grosshandel-erhaeltlich\/#breadcrumb\"},\"inLanguage\":\"lt-LT\",\"potentialAction\":[{\"@type\":\"ReadAction\",\"target\":[\"https:\/\/vapingnet.de\/vape\/lush-ice-im-randm-tornado-9000-guenstig-im-grosshandel-erhaeltlich\/\"]}]},{\"@type\":\"ImageObject\",\"inLanguage\":\"lt-LT\",\"@id\":\"https:\/\/vapingnet.de\/vape\/lush-ice-im-randm-tornado-9000-guenstig-im-grosshandel-erhaeltlich\/#primaryimage\",\"url\":\"https:\/\/vapingnet.de\/wp-content\/uploads\/2025\/03\/randm-tornado-9000-lush-ice.webp\",\"contentUrl\":\"https:\/\/vapingnet.de\/wp-content\/uploads\/2025\/03\/randm-tornado-9000-lush-ice.webp\",\"width\":1000,\"height\":1000,\"caption\":\"randm-tornado-9000-lush-ice\"},{\"@type\":\"BreadcrumbList\",\"@id\":\"https:\/\/vapingnet.de\/vape\/lush-ice-im-randm-tornado-9000-guenstig-im-grosshandel-erhaeltlich\/#breadcrumb\",\"itemListElement\":[{\"@type\":\"ListItem\",\"position\":1,\"name\":\"Home\",\"item\":\"https:\/\/vapingnet.de\/\"},{\"@type\":\"ListItem\",\"position\":2,\"name\":\"Shop\",\"item\":\"https:\/\/vapingnet.de\/vape\/\"},{\"@type\":\"ListItem\",\"position\":3,\"name\":\"Lush Ice im RandM Tornado 9000 G\u00fcnstig im Gro\u00dfhandel erh\u00e4ltlich\"}]},{\"@type\":\"WebSite\",\"@id\":\"https:\/\/vapingnet.de\/#website\",\"url\":\"https:\/\/vapingnet.de\/\",\"name\":\"Vapingnet.de\",\"description\":\"\",\"publisher\":{\"@id\":\"https:\/\/vapingnet.de\/#organization\"},\"potentialAction\":[{\"@type\":\"SearchAction\",\"target\":{\"@type\":\"EntryPoint\",\"urlTemplate\":\"https:\/\/vapingnet.de\/?s={search_term_string}\"},\"query-input\":{\"@type\":\"PropertyValueSpecification\",\"valueRequired\":true,\"valueName\":\"search_term_string\"}}],\"inLanguage\":\"lt-LT\"},{\"@type\":\"Organization\",\"@id\":\"https:\/\/vapingnet.de\/#organization\",\"name\":\"Vapingnet.de\",\"url\":\"https:\/\/vapingnet.de\/\",\"logo\":{\"@type\":\"ImageObject\",\"inLanguage\":\"lt-LT\",\"@id\":\"https:\/\/vapingnet.de\/#\/schema\/logo\/image\/\",\"url\":\"https:\/\/vapingnet.de\/wp-content\/uploads\/2025\/03\/cropped-vapingnet.de_.jpg\",\"contentUrl\":\"https:\/\/vapingnet.de\/wp-content\/uploads\/2025\/03\/cropped-vapingnet.de_.jpg\",\"width\":512,\"height\":512,\"caption\":\"Vapingnet.de\"},\"image\":{\"@id\":\"https:\/\/vapingnet.de\/#\/schema\/logo\/image\/\"},\"sameAs\":[\"https:\/\/www.facebook.com\/vapingnetde\/\"]}]}<\/script>\n<!-- \/ Yoast SEO plugin. -->","yoast_head_json":{"title":"RandM Tornado 9000 \u2013 Fresh Mint Vape mit 9000 Z\u00fcgen & Style","description":"Entdecken Sie den RandM Tornado 9000 mit Fresh Mint Geschmack, 9000 Z\u00fcgen, 18ml Liquid und RGB-Design. Jetzt g\u00fcnstig & schnell bei vapingnet.de bestellen.","robots":{"index":"index","follow":"follow","max-snippet":"max-snippet:-1","max-image-preview":"max-image-preview:large","max-video-preview":"max-video-preview:-1"},"canonical":"https:\/\/vapingnet.de\/lt\/vape\/lush-ice-im-randm-tornado-9000-guenstig-im-grosshandel-erhaeltlich\/","og_locale":"lt_LT","og_type":"article","og_title":"RandM Tornado 9000 \u2013 Fresh Mint Vape mit 9000 Z\u00fcgen & Style","og_description":"Entdecken Sie den RandM Tornado 9000 mit Fresh Mint Geschmack, 9000 Z\u00fcgen, 18ml Liquid und RGB-Design. Jetzt g\u00fcnstig & schnell bei vapingnet.de bestellen.","og_url":"https:\/\/vapingnet.de\/lt\/vape\/lush-ice-im-randm-tornado-9000-guenstig-im-grosshandel-erhaeltlich\/","og_site_name":"Vapingnet.de","article_publisher":"https:\/\/www.facebook.com\/vapingnetde\/","article_modified_time":"2025-06-23T09:57:00+00:00","og_image":[{"width":1000,"height":1000,"url":"https:\/\/vapingnet.de\/wp-content\/uploads\/2025\/03\/randm-tornado-9000-lush-ice.webp","type":"image\/webp"}],"twitter_card":"summary_large_image","twitter_misc":{"Est. reading time":"2 minutes"},"schema":{"@context":"https:\/\/schema.org","@graph":[{"@type":"WebPage","@id":"https:\/\/vapingnet.de\/vape\/lush-ice-im-randm-tornado-9000-guenstig-im-grosshandel-erhaeltlich\/","url":"https:\/\/vapingnet.de\/vape\/lush-ice-im-randm-tornado-9000-guenstig-im-grosshandel-erhaeltlich\/","name":"RandM Tornado 9000 \u2013 Fresh Mint Vape mit 9000 Z\u00fcgen & Style","isPartOf":{"@id":"https:\/\/vapingnet.de\/#website"},"primaryImageOfPage":{"@id":"https:\/\/vapingnet.de\/vape\/lush-ice-im-randm-tornado-9000-guenstig-im-grosshandel-erhaeltlich\/#primaryimage"},"image":{"@id":"https:\/\/vapingnet.de\/vape\/lush-ice-im-randm-tornado-9000-guenstig-im-grosshandel-erhaeltlich\/#primaryimage"},"thumbnailUrl":"https:\/\/vapingnet.de\/wp-content\/uploads\/2025\/03\/randm-tornado-9000-lush-ice.webp","datePublished":"2025-03-11T07:17:21+00:00","dateModified":"2025-06-23T09:57:00+00:00","description":"Entdecken Sie den RandM Tornado 9000 mit Fresh Mint Geschmack, 9000 Z\u00fcgen, 18ml Liquid und RGB-Design. Jetzt g\u00fcnstig & schnell bei vapingnet.de bestellen.","breadcrumb":{"@id":"https:\/\/vapingnet.de\/vape\/lush-ice-im-randm-tornado-9000-guenstig-im-grosshandel-erhaeltlich\/#breadcrumb"},"inLanguage":"lt-LT","potentialAction":[{"@type":"ReadAction","target":["https:\/\/vapingnet.de\/vape\/lush-ice-im-randm-tornado-9000-guenstig-im-grosshandel-erhaeltlich\/"]}]},{"@type":"ImageObject","inLanguage":"lt-LT","@id":"https:\/\/vapingnet.de\/vape\/lush-ice-im-randm-tornado-9000-guenstig-im-grosshandel-erhaeltlich\/#primaryimage","url":"https:\/\/vapingnet.de\/wp-content\/uploads\/2025\/03\/randm-tornado-9000-lush-ice.webp","contentUrl":"https:\/\/vapingnet.de\/wp-content\/uploads\/2025\/03\/randm-tornado-9000-lush-ice.webp","width":1000,"height":1000,"caption":"randm-tornado-9000-lush-ice"},{"@type":"BreadcrumbList","@id":"https:\/\/vapingnet.de\/vape\/lush-ice-im-randm-tornado-9000-guenstig-im-grosshandel-erhaeltlich\/#breadcrumb","itemListElement":[{"@type":"ListItem","position":1,"name":"Home","item":"https:\/\/vapingnet.de\/"},{"@type":"ListItem","position":2,"name":"Shop","item":"https:\/\/vapingnet.de\/vape\/"},{"@type":"ListItem","position":3,"name":"Lush Ice im RandM Tornado 9000 G\u00fcnstig im Gro\u00dfhandel erh\u00e4ltlich"}]},{"@type":"WebSite","@id":"https:\/\/vapingnet.de\/#website","url":"https:\/\/vapingnet.de\/","name":"Vapingnet.de","description":"","publisher":{"@id":"https:\/\/vapingnet.de\/#organization"},"potentialAction":[{"@type":"SearchAction","target":{"@type":"EntryPoint","urlTemplate":"https:\/\/vapingnet.de\/?s={search_term_string}"},"query-input":{"@type":"PropertyValueSpecification","valueRequired":true,"valueName":"search_term_string"}}],"inLanguage":"lt-LT"},{"@type":"Organization","@id":"https:\/\/vapingnet.de\/#organization","name":"Vapingnet.de","url":"https:\/\/vapingnet.de\/","logo":{"@type":"ImageObject","inLanguage":"lt-LT","@id":"https:\/\/vapingnet.de\/#\/schema\/logo\/image\/","url":"https:\/\/vapingnet.de\/wp-content\/uploads\/2025\/03\/cropped-vapingnet.de_.jpg","contentUrl":"https:\/\/vapingnet.de\/wp-content\/uploads\/2025\/03\/cropped-vapingnet.de_.jpg","width":512,"height":512,"caption":"Vapingnet.de"},"image":{"@id":"https:\/\/vapingnet.de\/#\/schema\/logo\/image\/"},"sameAs":["https:\/\/www.facebook.com\/vapingnetde\/"]}]}},"tiered_pricing_type":"fixed","tiered_pricing_fixed_rules":{"10":"9.22","50":"8.30","110":"7.84","210":"7.38","510":"6.92","1100":"6.45"},"tiered_pricing_product_settings":{"layout":"default","base_unit_name":{"singular":null,"plural":null},"default_variation":null},"tiered_pricing_minimum_quantity":null,"tiered_pricing_roles_data":[],"tiered_pricing_percentage_rules":[],"_links":{"self":[{"href":"https:\/\/vapingnet.de\/lt\/wp-json\/wp\/v2\/product\/4997","targetHints":{"allow":["GET"]}}],"collection":[{"href":"https:\/\/vapingnet.de\/lt\/wp-json\/wp\/v2\/product"}],"about":[{"href":"https:\/\/vapingnet.de\/lt\/wp-json\/wp\/v2\/types\/product"}],"version-history":[{"count":4,"href":"https:\/\/vapingnet.de\/lt\/wp-json\/wp\/v2\/product\/4997\/revisions"}],"predecessor-version":[{"id":7226,"href":"https:\/\/vapingnet.de\/lt\/wp-json\/wp\/v2\/product\/4997\/revisions\/7226"}],"wp:featuredmedia":[{"embeddable":true,"href":"https:\/\/vapingnet.de\/lt\/wp-json\/wp\/v2\/media\/4998"}],"wp:attachment":[{"href":"https:\/\/vapingnet.de\/lt\/wp-json\/wp\/v2\/media?parent=4997"}],"wp:term":[{"taxonomy":"brand","embeddable":true,"href":"https:\/\/vapingnet.de\/lt\/wp-json\/wp\/v2\/etheme_brands?post=4997"},{"taxonomy":"product_brand","embeddable":true,"href":"https:\/\/vapingnet.de\/lt\/wp-json\/wp\/v2\/product_brand?post=4997"},{"taxonomy":"product_cat","embeddable":true,"href":"https:\/\/vapingnet.de\/lt\/wp-json\/wp\/v2\/product_cat?post=4997"},{"taxonomy":"product_tag","embeddable":true,"href":"https:\/\/vapingnet.de\/lt\/wp-json\/wp\/v2\/product_tag?post=4997"}],"curies":[{"name":"wp","href":"https:\/\/api.w.org\/{rel}","templated":true}]}}