{"id":5001,"date":"2025-03-11T07:25:03","date_gmt":"2025-03-11T07:25:03","guid":{"rendered":"https:\/\/vapingnet.de\/?post_type=product&#038;p=5001"},"modified":"2025-06-23T10:02:48","modified_gmt":"2025-06-23T10:02:48","slug":"randm-tornado-9000-hol-dir-strawberry-watermelon-zum-besten-grosshandelspreis","status":"publish","type":"product","link":"https:\/\/vapingnet.de\/lt\/vape\/randm-tornado-9000-hol-dir-strawberry-watermelon-zum-besten-grosshandelspreis\/","title":{"rendered":"Gauk Strawberr\u0173 Arb\u016bz\u0105 u\u017e geriausi\u0105 didmenin\u0117s kain\u0105 su RandM Tornado 9000"},"content":{"rendered":"<h2 data-start=\"139\" data-end=\"235\">RandM Tornado 9000 su Bra\u0161k\u0117s Arb\u016bzas \u2013 Kai vienkartinis vapingas virsta skonio sprogimu<\/h2>\n<p data-start=\"237\" data-end=\"280\" data-immersive-translate-walked=\"dd6b1906-7691-46a6-9d51-1037fcb1b1f0\" data-immersive-translate-paragraph=\"1\">Kod\u0117l visada r\u016bkyti t\u0105 pat\u012f skon\u012f?<\/p>\n<p data-start=\"282\" data-end=\"627\" data-immersive-translate-walked=\"dd6b1906-7691-46a6-9d51-1037fcb1b1f0\" data-immersive-translate-paragraph=\"1\">Jei iki \u0161iol naudojote paprastus vienkartinius vape'us, laikas atnaujinti: RandM Tornado 9000 ne tik suteikia 9000 \u012fkv\u0117pim\u0173, bet ir intensyv\u0173 Bra\u0161k\u0117s Arb\u016bzas aromat\u0105, kuris daro skirtum\u0105. Palyginus su \u012fprastais modeliais, \u0161is \u012frenginys parodo, k\u0105 i\u0161 tikr\u0173j\u0173 rei\u0161kia modernus vapingas.<\/p>\n<h3 data-start=\"634\" data-end=\"683\" data-immersive-translate-paragraph=\"1\" data-immersive-translate-walked=\"dd6b1906-7691-46a6-9d51-1037fcb1b1f0\">Kas daro RandM Tornado 9000 tokiu ypatingu?<\/h3>\n<p data-start=\"685\" data-end=\"753\" data-immersive-translate-walked=\"dd6b1906-7691-46a6-9d51-1037fcb1b1f0\" data-immersive-translate-paragraph=\"1\">1. Skonis, kuris i\u0161lieka \u2013 Bra\u0161k\u0117s Arb\u016bzas gryna forma<\/p>\n<p data-start=\"755\" data-end=\"1022\" data-immersive-translate-walked=\"dd6b1906-7691-46a6-9d51-1037fcb1b1f0\" data-immersive-translate-paragraph=\"1\">Daugelis vienkartini\u0173 vape'\u0173 praranda aromat\u0105 po keli\u0173 \u0161imt\u0173 \u012fkv\u0117pim\u0173. RandM Tornado 9000 i\u0161laiko skon\u012f nuosekl\u0173. Kombinacija i\u0161 sald\u017eios bra\u0161k\u0117s ir gaivaus arb\u016bzo suteikia gaivumo ir vaisi\u0161kumo \u2013 idealiai tinka vasaros m\u0117g\u0117jams ir vaisi\u0173 myl\u0117tojams.<\/p>\n<p data-start=\"1029\" data-end=\"1100\" data-immersive-translate-walked=\"dd6b1906-7691-46a6-9d51-1037fcb1b1f0\" data-immersive-translate-paragraph=\"1\">2. Ilgalaikis vape'as vietoj trumpalaikio sprendimo \u2013 9000 \u012fkv\u0117pim\u0173 ir 18 ml skys\u010dio<\/p>\n<p data-start=\"1102\" data-end=\"1333\" data-immersive-translate-walked=\"dd6b1906-7691-46a6-9d51-1037fcb1b1f0\" data-immersive-translate-paragraph=\"1\">Su 18 ml talpa ir galingu 850mAh akumuliatoriumi \u0161is \u012frenginys suteikia iki 9000 \u012fkv\u0117pim\u0173 \u2013 \u017eymiai daugiau nei dauguma vienkartini\u0173 elektronini\u0173 cigare\u010di\u0173 rinkoje. Tinkamas daug naudotoj\u0173 ir savaitgalio kelion\u0117ms, tai ai\u0161kus prana\u0161umas.<\/p>\n<p data-start=\"1340\" data-end=\"1400\" data-immersive-translate-walked=\"dd6b1906-7691-46a6-9d51-1037fcb1b1f0\" data-immersive-translate-paragraph=\"1\">3. Technologija susitinka su dizainu \u2013 Mesh-Coil ir RGB stilius<\/p>\n<p data-start=\"1402\" data-end=\"1671\" data-immersive-translate-walked=\"dd6b1906-7691-46a6-9d51-1037fcb1b1f0\" data-immersive-translate-paragraph=\"1\">D\u0117l integruoto 0,8 om\u0173 Mesh-Coil Tornado 9000 gamina tank\u0173, vienod\u0105 gar\u0105. Patobulinta patirtis su spalv\u0105 kei\u010diantiais RGB \u017eiburiais, kurie reaguoja \u012f kiekvien\u0105 \u012fkv\u0117pim\u0105 \u2013 vizualus papildymas tiems, kurie vertina individualum\u0105.<\/p>\n<p data-start=\"1678\" data-end=\"1741\" data-immersive-translate-walked=\"dd6b1906-7691-46a6-9d51-1037fcb1b1f0\" data-immersive-translate-paragraph=\"1\">4. Paprastas naudojimas \u2013 i\u0161 karto pasiruo\u0161\u0119s su 2% nikotinu<\/p>\n<p data-start=\"1743\" data-end=\"1985\" data-immersive-translate-walked=\"dd6b1906-7691-46a6-9d51-1037fcb1b1f0\" data-immersive-translate-paragraph=\"1\">Be mygtuk\u0173, be papildymo, be sud\u0117tingumo: Tornado 9000 i\u0161 karto paruo\u0161tas naudoti. Su 2% nikotinu jis suteikia malon\u0173 \u0161veln\u0173 gerkl\u0117s poj\u016bt\u012f \u2013 idealiai pradedantiesiems ar atsitiktiniams naudotojams, kurie nori m\u0117gautis be r\u016bpes\u010di\u0173.<\/p>\n<h3 data-start=\"1992\" data-end=\"2054\" data-immersive-translate-walked=\"dd6b1906-7691-46a6-9d51-1037fcb1b1f0\" data-immersive-translate-paragraph=\"1\">Pavyzd\u017eiai: Kas gali naudotis RandM Tornado 9000?<\/h3>\n<ul data-start=\"2056\" data-end=\"2424\" data-immersive-translate-walked=\"dd6b1906-7691-46a6-9d51-1037fcb1b1f0\">\n<li data-start=\"2056\" data-end=\"2129\" data-immersive-translate-walked=\"dd6b1906-7691-46a6-9d51-1037fcb1b1f0\">\n<p data-start=\"2058\" data-end=\"2129\" data-immersive-translate-walked=\"dd6b1906-7691-46a6-9d51-1037fcb1b1f0\" data-immersive-translate-paragraph=\"1\">Kelyje: Neturite \u012fkroviklio? N\u0117ra problem\u0173 \u2013 akumuliatorius laikys kelias dienas.<\/p>\n<\/li>\n<li data-start=\"2130\" data-end=\"2220\" data-immersive-translate-walked=\"dd6b1906-7691-46a6-9d51-1037fcb1b1f0\">\n<p data-start=\"2132\" data-end=\"2220\" data-immersive-translate-walked=\"dd6b1906-7691-46a6-9d51-1037fcb1b1f0\" data-immersive-translate-paragraph=\"1\">Vasaros atostogose: Vaisi\u0173 skonis + ilgas veikimo laikas = tobula kelion\u0117s palydov\u0117.<\/p>\n<\/li>\n<li data-start=\"2221\" data-end=\"2318\" data-immersive-translate-walked=\"dd6b1906-7691-46a6-9d51-1037fcb1b1f0\">\n<p data-start=\"2223\" data-end=\"2318\" data-immersive-translate-walked=\"dd6b1906-7691-46a6-9d51-1037fcb1b1f0\" data-immersive-translate-paragraph=\"1\">Kasdienyb\u0117je: Paprastas valdymas, greitas paruo\u0161imas \u2013 be streso biure ar kavin\u0117je.<\/p>\n<\/li>\n<li data-start=\"2319\" data-end=\"2424\" data-immersive-translate-walked=\"dd6b1906-7691-46a6-9d51-1037fcb1b1f0\">\n<p data-start=\"2321\" data-end=\"2424\" data-immersive-translate-walked=\"dd6b1906-7691-46a6-9d51-1037fcb1b1f0\" data-immersive-translate-paragraph=\"1\">Dovanai: Su skoniu, stiliumi ir i\u0161tverme \u0161is modelis \u012ftikina net reiklius vape'erius.<\/p>\n<\/li>\n<\/ul>\n<h4 data-start=\"2431\" data-end=\"2464\" data-immersive-translate-walked=\"dd6b1906-7691-46a6-9d51-1037fcb1b1f0\" data-immersive-translate-paragraph=\"1\">Ar verta keisti \u012frengin\u012f?<\/h4>\n<p data-start=\"2466\" data-end=\"2716\" data-immersive-translate-walked=\"dd6b1906-7691-46a6-9d51-1037fcb1b1f0\" data-immersive-translate-paragraph=\"1\">Taip \u2013 visi\u0161kai.<br data-start=\"2483\" data-end=\"2486\" data-immersive-translate-walked=\"dd6b1906-7691-46a6-9d51-1037fcb1b1f0\" \/>RandM Tornado 9000 yra nuoseklus vienkartin\u0117s elektronin\u0117s cigaret\u0117s tobulinimas: ilgaam\u017ei\u0161kesnis, skoningesnis, patogesnis naudoti. Ypa\u010d Bra\u0161k\u0117s Arb\u016bzas skonis ai\u0161kiai i\u0161skiria j\u012f i\u0161 standartini\u0173 produkt\u0173.<\/p>\n<h4 data-start=\"2723\" data-end=\"2775\" data-immersive-translate-walked=\"dd6b1906-7691-46a6-9d51-1037fcb1b1f0\" data-immersive-translate-paragraph=\"1\">U\u017esisakykite dabar ir patirkite Strawberry Watermelon<\/h4>\n<p data-start=\"2777\" data-end=\"3014\" data-immersive-translate-walked=\"dd6b1906-7691-46a6-9d51-1037fcb1b1f0\" data-immersive-translate-paragraph=\"1\">Aplankykite vapingnet.de, kad \u012fsigytum\u0117te RandM Tornado 9000 su skonio pasirinkimu Strawberry Watermelon. Pasinaudokite greitu pristatymu i\u0161 Deutschland ir m\u0117gaukit\u0117s \u012frenginiu, kuris nepaliks joki\u0173 nor\u0173 neu\u017epildyt\u0173.<\/p>\n<p data-start=\"3016\" data-end=\"3092\" data-immersive-translate-walked=\"dd6b1906-7691-46a6-9d51-1037fcb1b1f0\">RandM Tornado 9000 \u2013 Kai susitinka saldumas, gaivumas ir galia.<\/p>","protected":false},"excerpt":{"rendered":"<p>Auk\u0161tos kokyb\u0117s elektronin\u0117s cigaret\u0117s\ud83d\udd25, tiesiai i\u0161 sand\u0117lio Bremen, pristatymas per 2-4 dienas!<\/p>","protected":false},"featured_media":5002,"template":"","meta":[],"etheme_brands":[],"product_brand":[96],"product_cat":[52,59,49,61],"product_tag":[],"class_list":{"0":"post-5001","1":"product","2":"type-product","3":"status-publish","4":"has-post-thumbnail","6":"product_brand-randm-vape","7":"product_cat-vape-9000-zuege","8":"product_cat-de","9":"product_cat-einweg-e-zigarette","10":"product_cat-f","12":"first","13":"instock","14":"shipping-taxable","15":"purchasable","16":"product-type-simple"},"yoast_head":"<!-- This site is optimized with the Yoast SEO plugin v26.5 - https:\/\/yoast.com\/wordpress\/plugins\/seo\/ -->\n<title>Vape mit Mesh-Coil &amp; Erdbeer-Wassermelone \u2013 RandM 9000<\/title>\n<meta name=\"description\" content=\"Jetzt RandM Tornado 9000 entdecken: Einweg E-Zigarette mit 9000 Z\u00fcgen, Mesh-Coil &amp; fruchtigem Strawberry Watermelon Geschmack. Versand aus Deutschland.\" \/>\n<meta name=\"robots\" content=\"index, follow, max-snippet:-1, max-image-preview:large, max-video-preview:-1\" \/>\n<link rel=\"canonical\" href=\"https:\/\/vapingnet.de\/lt\/vape\/randm-tornado-9000-hol-dir-strawberry-watermelon-zum-besten-grosshandelspreis\/\" \/>\n<meta property=\"og:locale\" content=\"lt_LT\" \/>\n<meta property=\"og:type\" content=\"article\" \/>\n<meta property=\"og:title\" content=\"Vape mit Mesh-Coil &amp; Erdbeer-Wassermelone \u2013 RandM 9000\" \/>\n<meta property=\"og:description\" content=\"Jetzt RandM Tornado 9000 entdecken: Einweg E-Zigarette mit 9000 Z\u00fcgen, Mesh-Coil &amp; fruchtigem Strawberry Watermelon Geschmack. Versand aus Deutschland.\" \/>\n<meta property=\"og:url\" content=\"https:\/\/vapingnet.de\/lt\/vape\/randm-tornado-9000-hol-dir-strawberry-watermelon-zum-besten-grosshandelspreis\/\" \/>\n<meta property=\"og:site_name\" content=\"Vapingnet.de\" \/>\n<meta property=\"article:publisher\" content=\"https:\/\/www.facebook.com\/vapingnetde\/\" \/>\n<meta property=\"article:modified_time\" content=\"2025-06-23T10:02:48+00:00\" \/>\n<meta property=\"og:image\" content=\"https:\/\/vapingnet.de\/wp-content\/uploads\/2025\/03\/randm_tornado_9000_strawberrywatermelon.webp\" \/>\n\t<meta property=\"og:image:width\" content=\"1000\" \/>\n\t<meta property=\"og:image:height\" content=\"1000\" \/>\n\t<meta property=\"og:image:type\" content=\"image\/webp\" \/>\n<meta name=\"twitter:card\" content=\"summary_large_image\" \/>\n<meta name=\"twitter:label1\" content=\"Est. reading time\" \/>\n\t<meta name=\"twitter:data1\" content=\"3 minutes\" \/>\n<script type=\"application\/ld+json\" class=\"yoast-schema-graph\">{\"@context\":\"https:\/\/schema.org\",\"@graph\":[{\"@type\":\"WebPage\",\"@id\":\"https:\/\/vapingnet.de\/vape\/randm-tornado-9000-hol-dir-strawberry-watermelon-zum-besten-grosshandelspreis\/\",\"url\":\"https:\/\/vapingnet.de\/vape\/randm-tornado-9000-hol-dir-strawberry-watermelon-zum-besten-grosshandelspreis\/\",\"name\":\"Vape mit Mesh-Coil & Erdbeer-Wassermelone \u2013 RandM 9000\",\"isPartOf\":{\"@id\":\"https:\/\/vapingnet.de\/#website\"},\"primaryImageOfPage\":{\"@id\":\"https:\/\/vapingnet.de\/vape\/randm-tornado-9000-hol-dir-strawberry-watermelon-zum-besten-grosshandelspreis\/#primaryimage\"},\"image\":{\"@id\":\"https:\/\/vapingnet.de\/vape\/randm-tornado-9000-hol-dir-strawberry-watermelon-zum-besten-grosshandelspreis\/#primaryimage\"},\"thumbnailUrl\":\"https:\/\/vapingnet.de\/wp-content\/uploads\/2025\/03\/randm_tornado_9000_strawberrywatermelon.webp\",\"datePublished\":\"2025-03-11T07:25:03+00:00\",\"dateModified\":\"2025-06-23T10:02:48+00:00\",\"description\":\"Jetzt RandM Tornado 9000 entdecken: Einweg E-Zigarette mit 9000 Z\u00fcgen, Mesh-Coil & fruchtigem Strawberry Watermelon Geschmack. Versand aus Deutschland.\",\"breadcrumb\":{\"@id\":\"https:\/\/vapingnet.de\/vape\/randm-tornado-9000-hol-dir-strawberry-watermelon-zum-besten-grosshandelspreis\/#breadcrumb\"},\"inLanguage\":\"lt-LT\",\"potentialAction\":[{\"@type\":\"ReadAction\",\"target\":[\"https:\/\/vapingnet.de\/vape\/randm-tornado-9000-hol-dir-strawberry-watermelon-zum-besten-grosshandelspreis\/\"]}]},{\"@type\":\"ImageObject\",\"inLanguage\":\"lt-LT\",\"@id\":\"https:\/\/vapingnet.de\/vape\/randm-tornado-9000-hol-dir-strawberry-watermelon-zum-besten-grosshandelspreis\/#primaryimage\",\"url\":\"https:\/\/vapingnet.de\/wp-content\/uploads\/2025\/03\/randm_tornado_9000_strawberrywatermelon.webp\",\"contentUrl\":\"https:\/\/vapingnet.de\/wp-content\/uploads\/2025\/03\/randm_tornado_9000_strawberrywatermelon.webp\",\"width\":1000,\"height\":1000,\"caption\":\"randm_tornado_9000_strawberrywatermelon\"},{\"@type\":\"BreadcrumbList\",\"@id\":\"https:\/\/vapingnet.de\/vape\/randm-tornado-9000-hol-dir-strawberry-watermelon-zum-besten-grosshandelspreis\/#breadcrumb\",\"itemListElement\":[{\"@type\":\"ListItem\",\"position\":1,\"name\":\"Home\",\"item\":\"https:\/\/vapingnet.de\/\"},{\"@type\":\"ListItem\",\"position\":2,\"name\":\"Shop\",\"item\":\"https:\/\/vapingnet.de\/vape\/\"},{\"@type\":\"ListItem\",\"position\":3,\"name\":\"RandM Tornado 9000 Hol dir Strawberry Watermelon zum besten Gro\u00dfhandelspreis\"}]},{\"@type\":\"WebSite\",\"@id\":\"https:\/\/vapingnet.de\/#website\",\"url\":\"https:\/\/vapingnet.de\/\",\"name\":\"Vapingnet.de\",\"description\":\"\",\"publisher\":{\"@id\":\"https:\/\/vapingnet.de\/#organization\"},\"potentialAction\":[{\"@type\":\"SearchAction\",\"target\":{\"@type\":\"EntryPoint\",\"urlTemplate\":\"https:\/\/vapingnet.de\/?s={search_term_string}\"},\"query-input\":{\"@type\":\"PropertyValueSpecification\",\"valueRequired\":true,\"valueName\":\"search_term_string\"}}],\"inLanguage\":\"lt-LT\"},{\"@type\":\"Organization\",\"@id\":\"https:\/\/vapingnet.de\/#organization\",\"name\":\"Vapingnet.de\",\"url\":\"https:\/\/vapingnet.de\/\",\"logo\":{\"@type\":\"ImageObject\",\"inLanguage\":\"lt-LT\",\"@id\":\"https:\/\/vapingnet.de\/#\/schema\/logo\/image\/\",\"url\":\"https:\/\/vapingnet.de\/wp-content\/uploads\/2025\/03\/cropped-vapingnet.de_.jpg\",\"contentUrl\":\"https:\/\/vapingnet.de\/wp-content\/uploads\/2025\/03\/cropped-vapingnet.de_.jpg\",\"width\":512,\"height\":512,\"caption\":\"Vapingnet.de\"},\"image\":{\"@id\":\"https:\/\/vapingnet.de\/#\/schema\/logo\/image\/\"},\"sameAs\":[\"https:\/\/www.facebook.com\/vapingnetde\/\"]}]}<\/script>\n<!-- \/ Yoast SEO plugin. -->","yoast_head_json":{"title":"Vape mit Mesh-Coil & Erdbeer-Wassermelone \u2013 RandM 9000","description":"Jetzt RandM Tornado 9000 entdecken: Einweg E-Zigarette mit 9000 Z\u00fcgen, Mesh-Coil & fruchtigem Strawberry Watermelon Geschmack. Versand aus Deutschland.","robots":{"index":"index","follow":"follow","max-snippet":"max-snippet:-1","max-image-preview":"max-image-preview:large","max-video-preview":"max-video-preview:-1"},"canonical":"https:\/\/vapingnet.de\/lt\/vape\/randm-tornado-9000-hol-dir-strawberry-watermelon-zum-besten-grosshandelspreis\/","og_locale":"lt_LT","og_type":"article","og_title":"Vape mit Mesh-Coil & Erdbeer-Wassermelone \u2013 RandM 9000","og_description":"Jetzt RandM Tornado 9000 entdecken: Einweg E-Zigarette mit 9000 Z\u00fcgen, Mesh-Coil & fruchtigem Strawberry Watermelon Geschmack. Versand aus Deutschland.","og_url":"https:\/\/vapingnet.de\/lt\/vape\/randm-tornado-9000-hol-dir-strawberry-watermelon-zum-besten-grosshandelspreis\/","og_site_name":"Vapingnet.de","article_publisher":"https:\/\/www.facebook.com\/vapingnetde\/","article_modified_time":"2025-06-23T10:02:48+00:00","og_image":[{"width":1000,"height":1000,"url":"https:\/\/vapingnet.de\/wp-content\/uploads\/2025\/03\/randm_tornado_9000_strawberrywatermelon.webp","type":"image\/webp"}],"twitter_card":"summary_large_image","twitter_misc":{"Est. reading time":"3 minutes"},"schema":{"@context":"https:\/\/schema.org","@graph":[{"@type":"WebPage","@id":"https:\/\/vapingnet.de\/vape\/randm-tornado-9000-hol-dir-strawberry-watermelon-zum-besten-grosshandelspreis\/","url":"https:\/\/vapingnet.de\/vape\/randm-tornado-9000-hol-dir-strawberry-watermelon-zum-besten-grosshandelspreis\/","name":"Vape mit Mesh-Coil & Erdbeer-Wassermelone \u2013 RandM 9000","isPartOf":{"@id":"https:\/\/vapingnet.de\/#website"},"primaryImageOfPage":{"@id":"https:\/\/vapingnet.de\/vape\/randm-tornado-9000-hol-dir-strawberry-watermelon-zum-besten-grosshandelspreis\/#primaryimage"},"image":{"@id":"https:\/\/vapingnet.de\/vape\/randm-tornado-9000-hol-dir-strawberry-watermelon-zum-besten-grosshandelspreis\/#primaryimage"},"thumbnailUrl":"https:\/\/vapingnet.de\/wp-content\/uploads\/2025\/03\/randm_tornado_9000_strawberrywatermelon.webp","datePublished":"2025-03-11T07:25:03+00:00","dateModified":"2025-06-23T10:02:48+00:00","description":"Jetzt RandM Tornado 9000 entdecken: Einweg E-Zigarette mit 9000 Z\u00fcgen, Mesh-Coil & fruchtigem Strawberry Watermelon Geschmack. Versand aus Deutschland.","breadcrumb":{"@id":"https:\/\/vapingnet.de\/vape\/randm-tornado-9000-hol-dir-strawberry-watermelon-zum-besten-grosshandelspreis\/#breadcrumb"},"inLanguage":"lt-LT","potentialAction":[{"@type":"ReadAction","target":["https:\/\/vapingnet.de\/vape\/randm-tornado-9000-hol-dir-strawberry-watermelon-zum-besten-grosshandelspreis\/"]}]},{"@type":"ImageObject","inLanguage":"lt-LT","@id":"https:\/\/vapingnet.de\/vape\/randm-tornado-9000-hol-dir-strawberry-watermelon-zum-besten-grosshandelspreis\/#primaryimage","url":"https:\/\/vapingnet.de\/wp-content\/uploads\/2025\/03\/randm_tornado_9000_strawberrywatermelon.webp","contentUrl":"https:\/\/vapingnet.de\/wp-content\/uploads\/2025\/03\/randm_tornado_9000_strawberrywatermelon.webp","width":1000,"height":1000,"caption":"randm_tornado_9000_strawberrywatermelon"},{"@type":"BreadcrumbList","@id":"https:\/\/vapingnet.de\/vape\/randm-tornado-9000-hol-dir-strawberry-watermelon-zum-besten-grosshandelspreis\/#breadcrumb","itemListElement":[{"@type":"ListItem","position":1,"name":"Home","item":"https:\/\/vapingnet.de\/"},{"@type":"ListItem","position":2,"name":"Shop","item":"https:\/\/vapingnet.de\/vape\/"},{"@type":"ListItem","position":3,"name":"RandM Tornado 9000 Hol dir Strawberry Watermelon zum besten Gro\u00dfhandelspreis"}]},{"@type":"WebSite","@id":"https:\/\/vapingnet.de\/#website","url":"https:\/\/vapingnet.de\/","name":"Vapingnet.de","description":"","publisher":{"@id":"https:\/\/vapingnet.de\/#organization"},"potentialAction":[{"@type":"SearchAction","target":{"@type":"EntryPoint","urlTemplate":"https:\/\/vapingnet.de\/?s={search_term_string}"},"query-input":{"@type":"PropertyValueSpecification","valueRequired":true,"valueName":"search_term_string"}}],"inLanguage":"lt-LT"},{"@type":"Organization","@id":"https:\/\/vapingnet.de\/#organization","name":"Vapingnet.de","url":"https:\/\/vapingnet.de\/","logo":{"@type":"ImageObject","inLanguage":"lt-LT","@id":"https:\/\/vapingnet.de\/#\/schema\/logo\/image\/","url":"https:\/\/vapingnet.de\/wp-content\/uploads\/2025\/03\/cropped-vapingnet.de_.jpg","contentUrl":"https:\/\/vapingnet.de\/wp-content\/uploads\/2025\/03\/cropped-vapingnet.de_.jpg","width":512,"height":512,"caption":"Vapingnet.de"},"image":{"@id":"https:\/\/vapingnet.de\/#\/schema\/logo\/image\/"},"sameAs":["https:\/\/www.facebook.com\/vapingnetde\/"]}]}},"tiered_pricing_type":"fixed","tiered_pricing_fixed_rules":{"10":"9.22","50":"8.30","110":"7.84","210":"7.38","510":"6.92","1100":"6.45"},"tiered_pricing_product_settings":{"layout":"default","base_unit_name":{"singular":null,"plural":null},"default_variation":null},"tiered_pricing_minimum_quantity":null,"tiered_pricing_roles_data":[],"tiered_pricing_percentage_rules":[],"_links":{"self":[{"href":"https:\/\/vapingnet.de\/lt\/wp-json\/wp\/v2\/product\/5001","targetHints":{"allow":["GET"]}}],"collection":[{"href":"https:\/\/vapingnet.de\/lt\/wp-json\/wp\/v2\/product"}],"about":[{"href":"https:\/\/vapingnet.de\/lt\/wp-json\/wp\/v2\/types\/product"}],"version-history":[{"count":4,"href":"https:\/\/vapingnet.de\/lt\/wp-json\/wp\/v2\/product\/5001\/revisions"}],"predecessor-version":[{"id":7228,"href":"https:\/\/vapingnet.de\/lt\/wp-json\/wp\/v2\/product\/5001\/revisions\/7228"}],"wp:featuredmedia":[{"embeddable":true,"href":"https:\/\/vapingnet.de\/lt\/wp-json\/wp\/v2\/media\/5002"}],"wp:attachment":[{"href":"https:\/\/vapingnet.de\/lt\/wp-json\/wp\/v2\/media?parent=5001"}],"wp:term":[{"taxonomy":"brand","embeddable":true,"href":"https:\/\/vapingnet.de\/lt\/wp-json\/wp\/v2\/etheme_brands?post=5001"},{"taxonomy":"product_brand","embeddable":true,"href":"https:\/\/vapingnet.de\/lt\/wp-json\/wp\/v2\/product_brand?post=5001"},{"taxonomy":"product_cat","embeddable":true,"href":"https:\/\/vapingnet.de\/lt\/wp-json\/wp\/v2\/product_cat?post=5001"},{"taxonomy":"product_tag","embeddable":true,"href":"https:\/\/vapingnet.de\/lt\/wp-json\/wp\/v2\/product_tag?post=5001"}],"curies":[{"name":"wp","href":"https:\/\/api.w.org\/{rel}","templated":true}]}}