{"id":5082,"date":"2025-03-12T02:46:37","date_gmt":"2025-03-12T02:46:37","guid":{"rendered":"https:\/\/vapingnet.de\/?post_type=product&#038;p=5082"},"modified":"2025-06-19T03:42:04","modified_gmt":"2025-06-19T03:42:04","slug":"strawberry-kiwi-im-bang-king-digital-15000-puffs-voller-genuss","status":"publish","type":"product","link":"https:\/\/vapingnet.de\/lt\/vape\/strawberry-kiwi-im-bang-king-digital-15000-puffs-voller-genuss\/","title":{"rendered":"Strawberry Kiwi Bang King Digital 15000 Puffs \u2013 pilnas malonumo"},"content":{"rendered":"<h2 data-start=\"0\" data-end=\"105\">Bang King Digital 15000 Puffs: M\u0117gaukit\u0117s nauju \u012fsp\u016bd\u017eiu su elektronin\u0117mis cigaret\u0117mis, tik vapingnet.de!<\/h2>\n<p data-start=\"107\" data-end=\"460\">Sveiki visi! \u0160iandien noriu jums pristatyti naujausi\u0105 elektronin\u0119 cigaret\u0119 \u2013 <a href=\"https:\/\/vapingnet.de\/lt\/bang-king-digital-15000-puffs\/\" target=\"_blank\" rel=\"noopener\"><strong data-start=\"182\" data-end=\"215\">Bang King Skaitmeninis 15000 P\u016bki\u0173<\/strong><\/a>. Ji ne tik si\u016blo ne\u012ftik\u0117tin\u0105 na\u0161um\u0105, bet ir u\u017etikrina neprilygstam\u0105 garinimo patirt\u012f. Jei esate elektronini\u0173 cigare\u010di\u0173 gerb\u0117jas arba k\u0105 tik prad\u0117jote naudotis elektronin\u0117mis cigaret\u0117mis, \u0161is produktas tikrai yra tobulas pasirinkimas!<\/p>\n<ul>\n<li data-start=\"462\" data-end=\"521\"><strong data-start=\"466\" data-end=\"521\">Galinga garinimo patirtis: 15000 Puffs be kompromis\u0173<br \/>\n<\/strong>Did\u017eiausias \u0161ios elektronin\u0117s cigaret\u0117s akcentas yra jos itin ilgas tarnavimo laikas \u2013 15000 Puffs! Tiems, kurie m\u0117gsta naudoti elektronin\u0119 cigaret\u0119 ilgiau, tai yra tiesiog tobulas sprendimas. Jums nereik\u0117s nuolat keisti \u012frenginio ir gal\u0117site m\u0117gautis nuolatine garinimo patirtimi, atitinkan\u010dia j\u016bs\u0173 kasdienius poreikius.<\/li>\n<li data-start=\"836\" data-end=\"887\"><strong data-start=\"840\" data-end=\"887\">Auk\u0161tos galios akumuliatorius: 650mAh, \u012fkraunamas<br \/>\n<\/strong>Bang King Digital 15000 Puffs turi 650mAh \u012fkraunam\u0105 akumuliatori\u0173, u\u017etikrinant\u012f stabil\u0173 maitinim\u0105 kiekvieno naudojimo metu. D\u0117l Type-C jungties galite greitai \u012fkrauti akumuliatori\u0173, kad v\u0117l b\u016btum\u0117te pasiruo\u0161\u0119 ir nepraleistum\u0117te garinimo patirties.<\/li>\n<li data-start=\"1203\" data-end=\"1247\"><strong data-start=\"1207\" data-end=\"1247\">Tobulas skonis: Bra\u0161k\u0117 Kivi<br \/>\n<\/strong>Kas b\u016bt\u0173 be tinkamo skonio? Bang King Digital si\u016blo gaiv\u0173 bra\u0161k\u0117s kivi skon\u012f. Sald\u017eios bra\u0161k\u0117s ir r\u016bg\u0161ti kivi susilieja \u012f nuostab\u0173 skon\u012f, kuris kiekvien\u0105 kart\u0105 jus nustebins. Pajuskite gaivios vasaros dienos jausm\u0105 su kiekvienu \u012fkv\u0117pimu ir m\u0117gaukit\u0117s tobulia garinimo patirtimi.<\/li>\n<li data-start=\"1657\" data-end=\"1713\"><strong data-start=\"1661\" data-end=\"1713\">Stilingas dizainas: RGB \u0161viesos efektai ir tinklinis rit\u0117<br \/>\n<\/strong>\u0160i elektronin\u0117 cigaret\u0117 ne tik pasi\u017eymi na\u0161umu, bet ir moderniu dizainu bei puikia naudotojo patirtimi. RGB \u0161viesos efektai suteikia Bang King Digital \u0161aun\u0173 ir i\u0161skirtin\u012f vaizd\u0105, tuo pa\u010diu teikdami vizualin\u012f malonum\u0105. Be to, tinklin\u0117 rit\u0117 (0,8 Ohm) u\u017etikrina smulkesn\u012f gar\u0105 ir \u0161velnesn\u012f skon\u012f \u2013 tobulas pasirinkimas tikriems gar\u0173 m\u0117g\u0117jams.<\/li>\n<li data-start=\"2124\" data-end=\"2158\"><strong data-start=\"2128\" data-end=\"2158\">Didelis E-liquido bakelis: 25ml<br \/>\n<\/strong>Bang King Digital turi 25ml didel\u012f E-liquido bakel\u012f, kuris suteikia ilgalaik\u0119 gar\u0173 patirt\u012f, nereikalaujant da\u017enai papildyti. Galite naudoti savo elektronin\u0119 cigaret\u0119 ramiai, nesir\u016bpindami d\u0117l E-liquido tr\u016bkumo. \u0160i problema jau praeityje, ir j\u016bs galite m\u0117gautis garinimo patirtimi pilna \u0161irdimi.<\/li>\n<li data-start=\"2523\" data-end=\"2567\"><strong data-start=\"2527\" data-end=\"2567\">Nikotino kiekis: \u012fvairios opcijos<br \/>\n<\/strong>Bang King Digital si\u016bloma su skirtingais nikotino stiprumais: 0%, 2%, 3%, 5%. Nesvarbu, ar norite nikotino nemokam\u0105, ar vidutinio stiprumo, \u0161i elektronin\u0117 cigaret\u0117 suteiks jums visk\u0105, ko norite. Atkreipkite d\u0117mes\u012f, kad nikotino stiprumai 0% ir 3% yra prieinami tik didel\u0117ms u\u017esakymams. Jei domit\u0117s, susisiekite i\u0161 anksto.<\/li>\n<li data-start=\"2944\" data-end=\"2979\"><strong data-start=\"2948\" data-end=\"2979\">Kompakti\u0161ka ir lengva: tik 90g<br \/>\n<\/strong>Sverianti tik 90g, Bang King Digital yra itin lengva ir kompakti\u0161ka. Galite j\u0105 lengvai \u012fsid\u0117ti \u012f ki\u0161en\u0119 ar kuprin\u0119 ir visada tur\u0117ti su savimi. Nesvarbu, ar esate kelyje ar keliaujate, \u0161i elektronin\u0117 cigaret\u0117 visada yra pasiekiama ir u\u017etikrina maksimal\u0173 gar\u0173 malonum\u0105 bet kuriuo metu.<\/li>\n<li data-start=\"3308\" data-end=\"3343\"><strong data-start=\"3312\" data-end=\"3343\">Be muit\u0173: dar daugiau patogumo<br \/>\n<\/strong>Lietuvos klientams taip pat si\u016blomas <a href=\"https:\/\/vapingnet.de\/lt\/k\/f\/\" target=\"_blank\" rel=\"noopener\"><strong data-start=\"3410\" data-end=\"3430\">Muit\u0173 nemokamas privalumas<\/strong><\/a>, kas daro pirkim\u0105 dar patogesn\u012f. Greitas pristatymas be papildom\u0173 muit\u0173 mokes\u010di\u0173 u\u017etikrina, kad gal\u0117tum greitai ir be r\u016bpes\u010di\u0173 m\u0117gautis savo elektronine cigarete.<\/li>\n<\/ul>\n<h3>Gauk dabar Bang King Digital 15000 Puffs!<\/h3>\n<p data-start=\"3664\" data-end=\"4066\">Nesvarbu, ar ie\u0161kai ilgaam\u017eio garinimo patirties, stiling\u0173 RGB ap\u0161vietimo efekt\u0173, skanaus bra\u0161ki\u0173 ir kivi skonio, didelio E-liquido bako ar galingo akumuliatoriaus \u2013 Bang King Digital 15000 Puffs i\u0161pildys visus tavo norus. Aplankyk dabar m\u016bs\u0173 svetain\u0119: <a href=\"https:\/\/vapingnet.de\/lt\/\" target=\"_new\" rel=\"noopener\" data-start=\"3966\" data-end=\"4001\">vapingnet.de<\/a>, nor\u0117dami su\u017einoti daugiau ir m\u0117gautis tobulia garinimo patirtimi.<\/p>\n<p data-start=\"4068\" data-end=\"4195\" data-is-last-node=\"\" data-is-only-node=\"\">K\u0105 dar lauki? Gauk Bang King Digital ir padaryk j\u0105 savo nauju m\u0117gstamiausiu \u012frenginiu elektronini\u0173 cigare\u010di\u0173 pasaulyje!<\/p>","protected":false},"excerpt":{"rendered":"<p>Bang King Digital 15000 Puffs: M\u0117gaukit\u0117s naujuoju elektronini\u0173 cigare\u010di\u0173 patirtimi, tik vapingnet.de! Sveiki visi! \u0160iandien noriu jums pristatyti naujausi\u0105 elektronin\u0119 cigaret\u0119...<\/p>","protected":false},"featured_media":5083,"template":"","meta":[],"etheme_brands":[],"product_brand":[101],"product_cat":[53,49,61],"product_tag":[],"class_list":{"0":"post-5082","1":"product","2":"type-product","3":"status-publish","4":"has-post-thumbnail","6":"product_brand-bang-king-vape","7":"product_cat-vape-15000-zuege","8":"product_cat-einweg-e-zigarette","9":"product_cat-f","11":"first","12":"instock","13":"shipping-taxable","14":"purchasable","15":"product-type-simple"},"yoast_head":"<!-- This site is optimized with the Yoast SEO plugin v26.5 - https:\/\/yoast.com\/wordpress\/plugins\/seo\/ -->\n<title>Strawberry Kiwi im Bang King Digital 15000 Puffs voller Genuss | Vapingnet.de<\/title>\n<meta name=\"description\" content=\"Entdecke Strawberry Kiwi im Bang King Digital 15000 Puffs voller Genuss bei vapingnet.de, \u25ba Gro\u00dfe Auswahl an Geschmacksrichtungen &amp; super g\u00fcnstig!\" \/>\n<meta name=\"robots\" content=\"index, follow, max-snippet:-1, max-image-preview:large, max-video-preview:-1\" \/>\n<link rel=\"canonical\" href=\"https:\/\/vapingnet.de\/lt\/vape\/strawberry-kiwi-im-bang-king-digital-15000-puffs-voller-genuss\/\" \/>\n<meta property=\"og:locale\" content=\"lt_LT\" \/>\n<meta property=\"og:type\" content=\"article\" \/>\n<meta property=\"og:title\" content=\"Strawberry Kiwi im Bang King Digital 15000 Puffs voller Genuss | Vapingnet.de\" \/>\n<meta property=\"og:description\" content=\"Entdecke Strawberry Kiwi im Bang King Digital 15000 Puffs voller Genuss bei vapingnet.de, \u25ba Gro\u00dfe Auswahl an Geschmacksrichtungen &amp; super g\u00fcnstig!\" \/>\n<meta property=\"og:url\" content=\"https:\/\/vapingnet.de\/lt\/vape\/strawberry-kiwi-im-bang-king-digital-15000-puffs-voller-genuss\/\" \/>\n<meta property=\"og:site_name\" content=\"Vapingnet.de\" \/>\n<meta property=\"article:publisher\" content=\"https:\/\/www.facebook.com\/vapingnetde\/\" \/>\n<meta property=\"article:modified_time\" content=\"2025-06-19T03:42:04+00:00\" \/>\n<meta property=\"og:image\" content=\"https:\/\/vapingnet.de\/wp-content\/uploads\/2025\/03\/Strawberry-Kiwi.png\" \/>\n\t<meta property=\"og:image:width\" content=\"900\" \/>\n\t<meta property=\"og:image:height\" content=\"600\" \/>\n\t<meta property=\"og:image:type\" content=\"image\/png\" \/>\n<meta name=\"twitter:card\" content=\"summary_large_image\" \/>\n<meta name=\"twitter:label1\" content=\"Est. reading time\" \/>\n\t<meta name=\"twitter:data1\" content=\"4 minutes\" \/>\n<script type=\"application\/ld+json\" class=\"yoast-schema-graph\">{\"@context\":\"https:\/\/schema.org\",\"@graph\":[{\"@type\":\"WebPage\",\"@id\":\"https:\/\/vapingnet.de\/vape\/strawberry-kiwi-im-bang-king-digital-15000-puffs-voller-genuss\/\",\"url\":\"https:\/\/vapingnet.de\/vape\/strawberry-kiwi-im-bang-king-digital-15000-puffs-voller-genuss\/\",\"name\":\"Strawberry Kiwi im Bang King Digital 15000 Puffs voller Genuss | Vapingnet.de\",\"isPartOf\":{\"@id\":\"https:\/\/vapingnet.de\/#website\"},\"primaryImageOfPage\":{\"@id\":\"https:\/\/vapingnet.de\/vape\/strawberry-kiwi-im-bang-king-digital-15000-puffs-voller-genuss\/#primaryimage\"},\"image\":{\"@id\":\"https:\/\/vapingnet.de\/vape\/strawberry-kiwi-im-bang-king-digital-15000-puffs-voller-genuss\/#primaryimage\"},\"thumbnailUrl\":\"https:\/\/vapingnet.de\/wp-content\/uploads\/2025\/03\/Strawberry-Kiwi.png\",\"datePublished\":\"2025-03-12T02:46:37+00:00\",\"dateModified\":\"2025-06-19T03:42:04+00:00\",\"description\":\"Entdecke Strawberry Kiwi im Bang King Digital 15000 Puffs voller Genuss bei vapingnet.de, \u25ba Gro\u00dfe Auswahl an Geschmacksrichtungen & super g\u00fcnstig!\",\"breadcrumb\":{\"@id\":\"https:\/\/vapingnet.de\/vape\/strawberry-kiwi-im-bang-king-digital-15000-puffs-voller-genuss\/#breadcrumb\"},\"inLanguage\":\"lt-LT\",\"potentialAction\":[{\"@type\":\"ReadAction\",\"target\":[\"https:\/\/vapingnet.de\/vape\/strawberry-kiwi-im-bang-king-digital-15000-puffs-voller-genuss\/\"]}]},{\"@type\":\"ImageObject\",\"inLanguage\":\"lt-LT\",\"@id\":\"https:\/\/vapingnet.de\/vape\/strawberry-kiwi-im-bang-king-digital-15000-puffs-voller-genuss\/#primaryimage\",\"url\":\"https:\/\/vapingnet.de\/wp-content\/uploads\/2025\/03\/Strawberry-Kiwi.png\",\"contentUrl\":\"https:\/\/vapingnet.de\/wp-content\/uploads\/2025\/03\/Strawberry-Kiwi.png\",\"width\":900,\"height\":600,\"caption\":\"Strawberry Kiwi\"},{\"@type\":\"BreadcrumbList\",\"@id\":\"https:\/\/vapingnet.de\/vape\/strawberry-kiwi-im-bang-king-digital-15000-puffs-voller-genuss\/#breadcrumb\",\"itemListElement\":[{\"@type\":\"ListItem\",\"position\":1,\"name\":\"Home\",\"item\":\"https:\/\/vapingnet.de\/\"},{\"@type\":\"ListItem\",\"position\":2,\"name\":\"Shop\",\"item\":\"https:\/\/vapingnet.de\/vape\/\"},{\"@type\":\"ListItem\",\"position\":3,\"name\":\"Strawberry Kiwi im Bang King Digital 15000 Puffs voller Genuss\"}]},{\"@type\":\"WebSite\",\"@id\":\"https:\/\/vapingnet.de\/#website\",\"url\":\"https:\/\/vapingnet.de\/\",\"name\":\"Vapingnet.de\",\"description\":\"\",\"publisher\":{\"@id\":\"https:\/\/vapingnet.de\/#organization\"},\"potentialAction\":[{\"@type\":\"SearchAction\",\"target\":{\"@type\":\"EntryPoint\",\"urlTemplate\":\"https:\/\/vapingnet.de\/?s={search_term_string}\"},\"query-input\":{\"@type\":\"PropertyValueSpecification\",\"valueRequired\":true,\"valueName\":\"search_term_string\"}}],\"inLanguage\":\"lt-LT\"},{\"@type\":\"Organization\",\"@id\":\"https:\/\/vapingnet.de\/#organization\",\"name\":\"Vapingnet.de\",\"url\":\"https:\/\/vapingnet.de\/\",\"logo\":{\"@type\":\"ImageObject\",\"inLanguage\":\"lt-LT\",\"@id\":\"https:\/\/vapingnet.de\/#\/schema\/logo\/image\/\",\"url\":\"https:\/\/vapingnet.de\/wp-content\/uploads\/2025\/03\/cropped-vapingnet.de_.jpg\",\"contentUrl\":\"https:\/\/vapingnet.de\/wp-content\/uploads\/2025\/03\/cropped-vapingnet.de_.jpg\",\"width\":512,\"height\":512,\"caption\":\"Vapingnet.de\"},\"image\":{\"@id\":\"https:\/\/vapingnet.de\/#\/schema\/logo\/image\/\"},\"sameAs\":[\"https:\/\/www.facebook.com\/vapingnetde\/\"]}]}<\/script>\n<!-- \/ Yoast SEO plugin. -->","yoast_head_json":{"title":"Strawberry Kiwi im Bang King Digital 15000 Puffs voller Genuss | Vapingnet.de","description":"Entdecke Strawberry Kiwi im Bang King Digital 15000 Puffs voller Genuss bei vapingnet.de, \u25ba Gro\u00dfe Auswahl an Geschmacksrichtungen & super g\u00fcnstig!","robots":{"index":"index","follow":"follow","max-snippet":"max-snippet:-1","max-image-preview":"max-image-preview:large","max-video-preview":"max-video-preview:-1"},"canonical":"https:\/\/vapingnet.de\/lt\/vape\/strawberry-kiwi-im-bang-king-digital-15000-puffs-voller-genuss\/","og_locale":"lt_LT","og_type":"article","og_title":"Strawberry Kiwi im Bang King Digital 15000 Puffs voller Genuss | Vapingnet.de","og_description":"Entdecke Strawberry Kiwi im Bang King Digital 15000 Puffs voller Genuss bei vapingnet.de, \u25ba Gro\u00dfe Auswahl an Geschmacksrichtungen & super g\u00fcnstig!","og_url":"https:\/\/vapingnet.de\/lt\/vape\/strawberry-kiwi-im-bang-king-digital-15000-puffs-voller-genuss\/","og_site_name":"Vapingnet.de","article_publisher":"https:\/\/www.facebook.com\/vapingnetde\/","article_modified_time":"2025-06-19T03:42:04+00:00","og_image":[{"width":900,"height":600,"url":"https:\/\/vapingnet.de\/wp-content\/uploads\/2025\/03\/Strawberry-Kiwi.png","type":"image\/png"}],"twitter_card":"summary_large_image","twitter_misc":{"Est. reading time":"4 minutes"},"schema":{"@context":"https:\/\/schema.org","@graph":[{"@type":"WebPage","@id":"https:\/\/vapingnet.de\/vape\/strawberry-kiwi-im-bang-king-digital-15000-puffs-voller-genuss\/","url":"https:\/\/vapingnet.de\/vape\/strawberry-kiwi-im-bang-king-digital-15000-puffs-voller-genuss\/","name":"Strawberry Kiwi im Bang King Digital 15000 Puffs voller Genuss | Vapingnet.de","isPartOf":{"@id":"https:\/\/vapingnet.de\/#website"},"primaryImageOfPage":{"@id":"https:\/\/vapingnet.de\/vape\/strawberry-kiwi-im-bang-king-digital-15000-puffs-voller-genuss\/#primaryimage"},"image":{"@id":"https:\/\/vapingnet.de\/vape\/strawberry-kiwi-im-bang-king-digital-15000-puffs-voller-genuss\/#primaryimage"},"thumbnailUrl":"https:\/\/vapingnet.de\/wp-content\/uploads\/2025\/03\/Strawberry-Kiwi.png","datePublished":"2025-03-12T02:46:37+00:00","dateModified":"2025-06-19T03:42:04+00:00","description":"Entdecke Strawberry Kiwi im Bang King Digital 15000 Puffs voller Genuss bei vapingnet.de, \u25ba Gro\u00dfe Auswahl an Geschmacksrichtungen & super g\u00fcnstig!","breadcrumb":{"@id":"https:\/\/vapingnet.de\/vape\/strawberry-kiwi-im-bang-king-digital-15000-puffs-voller-genuss\/#breadcrumb"},"inLanguage":"lt-LT","potentialAction":[{"@type":"ReadAction","target":["https:\/\/vapingnet.de\/vape\/strawberry-kiwi-im-bang-king-digital-15000-puffs-voller-genuss\/"]}]},{"@type":"ImageObject","inLanguage":"lt-LT","@id":"https:\/\/vapingnet.de\/vape\/strawberry-kiwi-im-bang-king-digital-15000-puffs-voller-genuss\/#primaryimage","url":"https:\/\/vapingnet.de\/wp-content\/uploads\/2025\/03\/Strawberry-Kiwi.png","contentUrl":"https:\/\/vapingnet.de\/wp-content\/uploads\/2025\/03\/Strawberry-Kiwi.png","width":900,"height":600,"caption":"Strawberry Kiwi"},{"@type":"BreadcrumbList","@id":"https:\/\/vapingnet.de\/vape\/strawberry-kiwi-im-bang-king-digital-15000-puffs-voller-genuss\/#breadcrumb","itemListElement":[{"@type":"ListItem","position":1,"name":"Home","item":"https:\/\/vapingnet.de\/"},{"@type":"ListItem","position":2,"name":"Shop","item":"https:\/\/vapingnet.de\/vape\/"},{"@type":"ListItem","position":3,"name":"Strawberry Kiwi im Bang King Digital 15000 Puffs voller Genuss"}]},{"@type":"WebSite","@id":"https:\/\/vapingnet.de\/#website","url":"https:\/\/vapingnet.de\/","name":"Vapingnet.de","description":"","publisher":{"@id":"https:\/\/vapingnet.de\/#organization"},"potentialAction":[{"@type":"SearchAction","target":{"@type":"EntryPoint","urlTemplate":"https:\/\/vapingnet.de\/?s={search_term_string}"},"query-input":{"@type":"PropertyValueSpecification","valueRequired":true,"valueName":"search_term_string"}}],"inLanguage":"lt-LT"},{"@type":"Organization","@id":"https:\/\/vapingnet.de\/#organization","name":"Vapingnet.de","url":"https:\/\/vapingnet.de\/","logo":{"@type":"ImageObject","inLanguage":"lt-LT","@id":"https:\/\/vapingnet.de\/#\/schema\/logo\/image\/","url":"https:\/\/vapingnet.de\/wp-content\/uploads\/2025\/03\/cropped-vapingnet.de_.jpg","contentUrl":"https:\/\/vapingnet.de\/wp-content\/uploads\/2025\/03\/cropped-vapingnet.de_.jpg","width":512,"height":512,"caption":"Vapingnet.de"},"image":{"@id":"https:\/\/vapingnet.de\/#\/schema\/logo\/image\/"},"sameAs":["https:\/\/www.facebook.com\/vapingnetde\/"]}]}},"tiered_pricing_type":"fixed","tiered_pricing_fixed_rules":{"10":"6.83","60":"6.15","110":"5.46","200":"4.78"},"tiered_pricing_product_settings":{"layout":"default","base_unit_name":{"singular":null,"plural":null},"default_variation":null},"tiered_pricing_minimum_quantity":null,"tiered_pricing_roles_data":[],"tiered_pricing_percentage_rules":[],"_links":{"self":[{"href":"https:\/\/vapingnet.de\/lt\/wp-json\/wp\/v2\/product\/5082","targetHints":{"allow":["GET"]}}],"collection":[{"href":"https:\/\/vapingnet.de\/lt\/wp-json\/wp\/v2\/product"}],"about":[{"href":"https:\/\/vapingnet.de\/lt\/wp-json\/wp\/v2\/types\/product"}],"version-history":[{"count":3,"href":"https:\/\/vapingnet.de\/lt\/wp-json\/wp\/v2\/product\/5082\/revisions"}],"predecessor-version":[{"id":6315,"href":"https:\/\/vapingnet.de\/lt\/wp-json\/wp\/v2\/product\/5082\/revisions\/6315"}],"wp:featuredmedia":[{"embeddable":true,"href":"https:\/\/vapingnet.de\/lt\/wp-json\/wp\/v2\/media\/5083"}],"wp:attachment":[{"href":"https:\/\/vapingnet.de\/lt\/wp-json\/wp\/v2\/media?parent=5082"}],"wp:term":[{"taxonomy":"brand","embeddable":true,"href":"https:\/\/vapingnet.de\/lt\/wp-json\/wp\/v2\/etheme_brands?post=5082"},{"taxonomy":"product_brand","embeddable":true,"href":"https:\/\/vapingnet.de\/lt\/wp-json\/wp\/v2\/product_brand?post=5082"},{"taxonomy":"product_cat","embeddable":true,"href":"https:\/\/vapingnet.de\/lt\/wp-json\/wp\/v2\/product_cat?post=5082"},{"taxonomy":"product_tag","embeddable":true,"href":"https:\/\/vapingnet.de\/lt\/wp-json\/wp\/v2\/product_tag?post=5082"}],"curies":[{"name":"wp","href":"https:\/\/api.w.org\/{rel}","templated":true}]}}