{"id":5089,"date":"2025-12-12T03:19:08","date_gmt":"2025-12-12T03:19:08","guid":{"rendered":"https:\/\/vapingnet.de\/?post_type=product&#038;p=5089"},"modified":"2025-12-13T02:44:00","modified_gmt":"2025-12-13T02:44:00","slug":"bang-king-digital-15000-puffs-peach-mango-der-perfekte-begleiter-fuer-ihre-freizeit","status":"publish","type":"product","link":"https:\/\/vapingnet.de\/lt\/vape\/bang-king-digital-15000-puffs-peach-mango-der-perfekte-begleiter-fuer-ihre-freizeit\/","title":{"rendered":"Bang King Digital 15000 Puffs Peach Mango Tobulas j\u016bs\u0173 laisvalaikio palydovas"},"content":{"rendered":"<h2 data-start=\"0\" data-end=\"86\">Bang King Digital 15000 Puffs \u2013 Per\u017eengti ribas, vir\u0161yti l\u016bkes\u010dius<\/h2>\n<p data-start=\"88\" data-end=\"489\">Ar ie\u0161kote ilgalaus, stilingo ir inovatyvaus elektroninio cigare\u010di\u0173 \u012frenginio? <a href=\"https:\/\/vapingnet.de\/lt\/bang-king-digital-15000-puffs\/\" target=\"_blank\" rel=\"noopener\"><strong>Bang King Skaitmeninis 15000 P\u016bki\u0173<\/strong><\/a> yra tobulas pasirinkimas tau. Su 15 000 \u012fkv\u0117pim\u0173 trukm\u0117s \u0161is elektroninis cigare\u010di\u0173 \u012frenginys si\u016blo nenutr\u016bkstam\u0105 ir unikal\u0173 garinimo patirt\u012f. Nesvarbu, ar m\u0117gsti intensyv\u0173 skon\u012f, ar efektyvi\u0105 gali\u0105, \u0161is vaporizatorius suteikia tau tobul\u0105 pusiausvyr\u0105.<\/p>\n<h4 data-start=\"496\" data-end=\"518\">Pagrindin\u0117s savyb\u0117s:<\/h4>\n<ul>\n<li data-start=\"520\" data-end=\"582\">15000 \u012fkv\u0117pim\u0173, ilgalaikis malonumas be pertrauk\u0173<br \/>\nBang King Digital 15000 Puffs garantuoja su savo itin dideliu talpumu nuolatin\u0119 r\u016bkymo patirt\u012f vir\u0161 15 000 \u012fkv\u0117pim\u0173. Galite m\u0117gautis elektroniniu cigare\u010di\u0173 \u012frenginiu be nuolatinio papildymo ar keitimo, tod\u0117l jis yra ideali kasdienio naudojimo pasirinkimas. Tiems, kurie ie\u0161ko patogaus ir ilgalaikio sprendimo, tai yra tobulas pasirinkimas.<\/li>\n<li data-start=\"980\" data-end=\"1031\">Persik\u0173 mango skonio, vasari\u0161ka gaiva<br \/>\nNesvarbu, ar esi u\u017eimtas darbo dienos metu, ar atsipalaidav\u0119s laisvalaikiu, persik\u0173 mango skonis suteikia gaiv\u0173 malonum\u0105. Tobula persik\u0173 ir mang\u0173 kombinacija sukuria sald\u0173, tropin\u012f vaisi\u0173 skon\u012f, kuris kiekvien\u0105 \u012fkv\u0117pim\u0105 suteikia \u0161vie\u017eios, nat\u016bralios saldumo \u2013 kaip apsilankymas tropiniame vaisi\u0173 sode.<\/li>\n<li data-start=\"1413\" data-end=\"1494\">RGB LED \u0161viesos efektai, tobulas dizaino ir patirties derinys<br \/>\nKalbant apie <a href=\"https:\/\/vapingnet.de\/fr\/Brands\/bang-king-vape\/\" target=\"_blank\" rel=\"noopener\"><strong>Bang King vape<\/strong><\/a> ne tik apie skon\u012f, bet ir apie vizualin\u012f \u012fsp\u016bd\u012f. RGB LED \u0161viesos efektai u\u017etikrina, kad elektroninis cigare\u010di\u0173 \u012frenginys kiekvieno naudojimo metu spind\u0117s stilinga \u0161viesa. Jis patraukia vis\u0173 d\u0117mes\u012f ir tampa madingu stiliaus parei\u0161kimu. Kiekvienas \u012fkv\u0117pimas lydimas \u012fsp\u016bdingo \u0161viesos efekto \u2013 elektroninis cigare\u010di\u0173 \u012frenginys, kuris yra daugiau nei tik produktas.<\/li>\n<li data-start=\"1938\" data-end=\"2014\">\u012ekraunama baterija, ilgesn\u0117 tarnavimo trukm\u0117 ir draugi\u0161kas aplinkai<br \/>\nSu \u012fmontuota 650mAh \u012fkraunama baterija ir patogiu Type-C jungtimi, Bang King Digital 15000 Puffs si\u016blo greit\u0105 \u012fkrovim\u0105. Per trump\u0105 laik\u0105 elektroninis cigare\u010di\u0173 \u012frenginys v\u0117l pasiruo\u0161\u0119s naudoti. Jums nereikia jaudintis d\u0117l nuolat i\u0161sikraunan\u010dios baterijos \u2013 draugi\u0161kas aplinkai ir patogus!<\/li>\n<li data-start=\"2354\" data-end=\"2414\">Didel\u0117 skys\u010dio talpa ilgalaikiam malonumui<br \/>\nSu 25 ml elektroninio skys\u010dio jums nereikia nuolat papildyti ar keisti \u012frenginio. Kiekvienas \u012fkv\u0117pimas i\u0161lieka turtingas ir skoningas. Galite pasirinkti tarp 0%, 2%, 3% ar 5% nikotino, priklausomai nuo pageidavim\u0173. Didel\u0117 elektroninio skys\u010dio talpa leid\u017eia m\u0117gautis ilgiau be nuolatinio \u012fkrovimo.<\/li>\n<\/ul>\n<h3>Kod\u0117l verta rinktis Bang King Digital 15000 Puffs?<\/h3>\n<ul data-start=\"3208\" data-end=\"3623\">\n<li data-start=\"3208\" data-end=\"3272\">Ilga tarnavimo trukm\u0117: 15 000 \u012fkv\u0117pim\u0173 ilgalaikiam malonumui.<\/li>\n<li data-start=\"3273\" data-end=\"3348\">Puikus skonis: Persik\u0173 mango tropiniam vaisi\u0173 patyrimui.<\/li>\n<li data-start=\"3349\" data-end=\"3417\">Stilingi RGB \u0161viesos efektai: J\u016bs\u0173 vaporizatorius taps d\u0117mesio centru.<\/li>\n<li data-start=\"3418\" data-end=\"3490\">Didel\u0117 elektroninio skys\u010dio talpa: 25 ml ilgam naudojimui be papildymo.<\/li>\n<li data-start=\"3491\" data-end=\"3570\">Be muit\u0173 mokes\u010di\u0173: N\u0117ra pasl\u0117pt\u0173 i\u0161laid\u0173 \u2013 kaina skaidri.<\/li>\n<\/ul>\n<p data-start=\"3630\" data-end=\"3940\" data-is-last-node=\"\" data-is-only-node=\"\">Apsilankyk dabar <a href=\"https:\/\/vapingnet.de\/lt\/\" target=\"_new\" rel=\"noopener\" data-start=\"3646\" data-end=\"3683\">vapingnet.de<\/a> ir u\u017esisakyk savo Bang King Digital 15000 Puffs! Pasinerk \u012f galutin\u0119 garinimo patirt\u012f ir i\u0161bandyk elektronin\u0119 cigaret\u0119, kuri yra ne tik galinga, bet ir stilinga. Gauk savo elektronin\u0119 cigaret\u0119 ir prad\u0117k savo unikali\u0105 garinimo kelion\u0119 dabar!<\/p>","protected":false},"excerpt":{"rendered":"<p>Bang King Digital 15000 Puffs \u2013 Per\u017eengti ribas, vir\u0161yti l\u016bkes\u010dius Ar ie\u0161kote ilgalaus, stilingo ir inovatyvaus elektroninio cigare\u010di\u0173? Bang King Digital...<\/p>","protected":false},"featured_media":5090,"template":"","meta":[],"etheme_brands":[],"product_brand":[101],"product_cat":[53,49,61],"product_tag":[],"class_list":{"0":"post-5089","1":"product","2":"type-product","3":"status-publish","4":"has-post-thumbnail","6":"product_brand-bang-king-vape","7":"product_cat-vape-15000-zuege","8":"product_cat-einweg-e-zigarette","9":"product_cat-f","11":"first","12":"instock","13":"shipping-taxable","14":"purchasable","15":"product-type-simple"},"yoast_head":"<!-- This site is optimized with the Yoast SEO plugin v26.5 - https:\/\/yoast.com\/wordpress\/plugins\/seo\/ -->\n<title>Bang King Digital 15000 Puffs Peach Mango Der perfekte Begleiter f\u00fcr Ihre Freizeit | Vapingnet.de<\/title>\n<meta name=\"description\" content=\"Entdecke Bang King Digital 15000 Puffs Peach Mango Der perfekte Begleiter f\u00fcr Ihre Freizeit bei vapingnet.de, \u25ba Gro\u00dfe Auswahl an Geschmacksrichtungen &amp; super g\u00fcnstig!\" \/>\n<meta name=\"robots\" content=\"index, follow, max-snippet:-1, max-image-preview:large, max-video-preview:-1\" \/>\n<link rel=\"canonical\" href=\"https:\/\/vapingnet.de\/lt\/vape\/bang-king-digital-15000-puffs-peach-mango-der-perfekte-begleiter-fuer-ihre-freizeit\/\" \/>\n<meta property=\"og:locale\" content=\"lt_LT\" \/>\n<meta property=\"og:type\" content=\"article\" \/>\n<meta property=\"og:title\" content=\"Bang King Digital 15000 Puffs Peach Mango Der perfekte Begleiter f\u00fcr Ihre Freizeit | Vapingnet.de\" \/>\n<meta property=\"og:description\" content=\"Entdecke Bang King Digital 15000 Puffs Peach Mango Der perfekte Begleiter f\u00fcr Ihre Freizeit bei vapingnet.de, \u25ba Gro\u00dfe Auswahl an Geschmacksrichtungen &amp; super g\u00fcnstig!\" \/>\n<meta property=\"og:url\" content=\"https:\/\/vapingnet.de\/lt\/vape\/bang-king-digital-15000-puffs-peach-mango-der-perfekte-begleiter-fuer-ihre-freizeit\/\" \/>\n<meta property=\"og:site_name\" content=\"Vapingnet.de\" \/>\n<meta property=\"article:publisher\" content=\"https:\/\/www.facebook.com\/vapingnetde\/\" \/>\n<meta property=\"article:modified_time\" content=\"2025-12-13T02:44:00+00:00\" \/>\n<meta property=\"og:image\" content=\"https:\/\/vapingnet.de\/wp-content\/uploads\/2025\/03\/Peach-Mango.png\" \/>\n\t<meta property=\"og:image:width\" content=\"900\" \/>\n\t<meta property=\"og:image:height\" content=\"600\" \/>\n\t<meta property=\"og:image:type\" content=\"image\/png\" \/>\n<meta name=\"twitter:card\" content=\"summary_large_image\" \/>\n<meta name=\"twitter:label1\" content=\"Est. reading time\" \/>\n\t<meta name=\"twitter:data1\" content=\"3 minutes\" \/>\n<script type=\"application\/ld+json\" class=\"yoast-schema-graph\">{\"@context\":\"https:\/\/schema.org\",\"@graph\":[{\"@type\":\"WebPage\",\"@id\":\"https:\/\/vapingnet.de\/vape\/bang-king-digital-15000-puffs-peach-mango-der-perfekte-begleiter-fuer-ihre-freizeit\/\",\"url\":\"https:\/\/vapingnet.de\/vape\/bang-king-digital-15000-puffs-peach-mango-der-perfekte-begleiter-fuer-ihre-freizeit\/\",\"name\":\"Bang King Digital 15000 Puffs Peach Mango Der perfekte Begleiter f\u00fcr Ihre Freizeit | Vapingnet.de\",\"isPartOf\":{\"@id\":\"https:\/\/vapingnet.de\/#website\"},\"primaryImageOfPage\":{\"@id\":\"https:\/\/vapingnet.de\/vape\/bang-king-digital-15000-puffs-peach-mango-der-perfekte-begleiter-fuer-ihre-freizeit\/#primaryimage\"},\"image\":{\"@id\":\"https:\/\/vapingnet.de\/vape\/bang-king-digital-15000-puffs-peach-mango-der-perfekte-begleiter-fuer-ihre-freizeit\/#primaryimage\"},\"thumbnailUrl\":\"https:\/\/vapingnet.de\/wp-content\/uploads\/2025\/03\/Peach-Mango.png\",\"datePublished\":\"2025-12-12T03:19:08+00:00\",\"dateModified\":\"2025-12-13T02:44:00+00:00\",\"description\":\"Entdecke Bang King Digital 15000 Puffs Peach Mango Der perfekte Begleiter f\u00fcr Ihre Freizeit bei vapingnet.de, \u25ba Gro\u00dfe Auswahl an Geschmacksrichtungen & super g\u00fcnstig!\",\"breadcrumb\":{\"@id\":\"https:\/\/vapingnet.de\/vape\/bang-king-digital-15000-puffs-peach-mango-der-perfekte-begleiter-fuer-ihre-freizeit\/#breadcrumb\"},\"inLanguage\":\"lt-LT\",\"potentialAction\":[{\"@type\":\"ReadAction\",\"target\":[\"https:\/\/vapingnet.de\/vape\/bang-king-digital-15000-puffs-peach-mango-der-perfekte-begleiter-fuer-ihre-freizeit\/\"]}]},{\"@type\":\"ImageObject\",\"inLanguage\":\"lt-LT\",\"@id\":\"https:\/\/vapingnet.de\/vape\/bang-king-digital-15000-puffs-peach-mango-der-perfekte-begleiter-fuer-ihre-freizeit\/#primaryimage\",\"url\":\"https:\/\/vapingnet.de\/wp-content\/uploads\/2025\/03\/Peach-Mango.png\",\"contentUrl\":\"https:\/\/vapingnet.de\/wp-content\/uploads\/2025\/03\/Peach-Mango.png\",\"width\":900,\"height\":600,\"caption\":\"Peach Mango\"},{\"@type\":\"BreadcrumbList\",\"@id\":\"https:\/\/vapingnet.de\/vape\/bang-king-digital-15000-puffs-peach-mango-der-perfekte-begleiter-fuer-ihre-freizeit\/#breadcrumb\",\"itemListElement\":[{\"@type\":\"ListItem\",\"position\":1,\"name\":\"Home\",\"item\":\"https:\/\/vapingnet.de\/\"},{\"@type\":\"ListItem\",\"position\":2,\"name\":\"Shop\",\"item\":\"https:\/\/vapingnet.de\/vape\/\"},{\"@type\":\"ListItem\",\"position\":3,\"name\":\"Bang King Digital 15000 Puffs Peach Mango Der perfekte Begleiter f\u00fcr Ihre Freizeit\"}]},{\"@type\":\"WebSite\",\"@id\":\"https:\/\/vapingnet.de\/#website\",\"url\":\"https:\/\/vapingnet.de\/\",\"name\":\"Vapingnet.de\",\"description\":\"\",\"publisher\":{\"@id\":\"https:\/\/vapingnet.de\/#organization\"},\"potentialAction\":[{\"@type\":\"SearchAction\",\"target\":{\"@type\":\"EntryPoint\",\"urlTemplate\":\"https:\/\/vapingnet.de\/?s={search_term_string}\"},\"query-input\":{\"@type\":\"PropertyValueSpecification\",\"valueRequired\":true,\"valueName\":\"search_term_string\"}}],\"inLanguage\":\"lt-LT\"},{\"@type\":\"Organization\",\"@id\":\"https:\/\/vapingnet.de\/#organization\",\"name\":\"Vapingnet.de\",\"url\":\"https:\/\/vapingnet.de\/\",\"logo\":{\"@type\":\"ImageObject\",\"inLanguage\":\"lt-LT\",\"@id\":\"https:\/\/vapingnet.de\/#\/schema\/logo\/image\/\",\"url\":\"https:\/\/vapingnet.de\/wp-content\/uploads\/2025\/03\/cropped-vapingnet.de_.jpg\",\"contentUrl\":\"https:\/\/vapingnet.de\/wp-content\/uploads\/2025\/03\/cropped-vapingnet.de_.jpg\",\"width\":512,\"height\":512,\"caption\":\"Vapingnet.de\"},\"image\":{\"@id\":\"https:\/\/vapingnet.de\/#\/schema\/logo\/image\/\"},\"sameAs\":[\"https:\/\/www.facebook.com\/vapingnetde\/\"]}]}<\/script>\n<!-- \/ Yoast SEO plugin. -->","yoast_head_json":{"title":"Bang King Digital 15000 Puffs Peach Mango Der perfekte Begleiter f\u00fcr Ihre Freizeit | Vapingnet.de","description":"Entdecke Bang King Digital 15000 Puffs Peach Mango Der perfekte Begleiter f\u00fcr Ihre Freizeit bei vapingnet.de, \u25ba Gro\u00dfe Auswahl an Geschmacksrichtungen & super g\u00fcnstig!","robots":{"index":"index","follow":"follow","max-snippet":"max-snippet:-1","max-image-preview":"max-image-preview:large","max-video-preview":"max-video-preview:-1"},"canonical":"https:\/\/vapingnet.de\/lt\/vape\/bang-king-digital-15000-puffs-peach-mango-der-perfekte-begleiter-fuer-ihre-freizeit\/","og_locale":"lt_LT","og_type":"article","og_title":"Bang King Digital 15000 Puffs Peach Mango Der perfekte Begleiter f\u00fcr Ihre Freizeit | Vapingnet.de","og_description":"Entdecke Bang King Digital 15000 Puffs Peach Mango Der perfekte Begleiter f\u00fcr Ihre Freizeit bei vapingnet.de, \u25ba Gro\u00dfe Auswahl an Geschmacksrichtungen & super g\u00fcnstig!","og_url":"https:\/\/vapingnet.de\/lt\/vape\/bang-king-digital-15000-puffs-peach-mango-der-perfekte-begleiter-fuer-ihre-freizeit\/","og_site_name":"Vapingnet.de","article_publisher":"https:\/\/www.facebook.com\/vapingnetde\/","article_modified_time":"2025-12-13T02:44:00+00:00","og_image":[{"width":900,"height":600,"url":"https:\/\/vapingnet.de\/wp-content\/uploads\/2025\/03\/Peach-Mango.png","type":"image\/png"}],"twitter_card":"summary_large_image","twitter_misc":{"Est. reading time":"3 minutes"},"schema":{"@context":"https:\/\/schema.org","@graph":[{"@type":"WebPage","@id":"https:\/\/vapingnet.de\/vape\/bang-king-digital-15000-puffs-peach-mango-der-perfekte-begleiter-fuer-ihre-freizeit\/","url":"https:\/\/vapingnet.de\/vape\/bang-king-digital-15000-puffs-peach-mango-der-perfekte-begleiter-fuer-ihre-freizeit\/","name":"Bang King Digital 15000 Puffs Peach Mango Der perfekte Begleiter f\u00fcr Ihre Freizeit | Vapingnet.de","isPartOf":{"@id":"https:\/\/vapingnet.de\/#website"},"primaryImageOfPage":{"@id":"https:\/\/vapingnet.de\/vape\/bang-king-digital-15000-puffs-peach-mango-der-perfekte-begleiter-fuer-ihre-freizeit\/#primaryimage"},"image":{"@id":"https:\/\/vapingnet.de\/vape\/bang-king-digital-15000-puffs-peach-mango-der-perfekte-begleiter-fuer-ihre-freizeit\/#primaryimage"},"thumbnailUrl":"https:\/\/vapingnet.de\/wp-content\/uploads\/2025\/03\/Peach-Mango.png","datePublished":"2025-12-12T03:19:08+00:00","dateModified":"2025-12-13T02:44:00+00:00","description":"Entdecke Bang King Digital 15000 Puffs Peach Mango Der perfekte Begleiter f\u00fcr Ihre Freizeit bei vapingnet.de, \u25ba Gro\u00dfe Auswahl an Geschmacksrichtungen & super g\u00fcnstig!","breadcrumb":{"@id":"https:\/\/vapingnet.de\/vape\/bang-king-digital-15000-puffs-peach-mango-der-perfekte-begleiter-fuer-ihre-freizeit\/#breadcrumb"},"inLanguage":"lt-LT","potentialAction":[{"@type":"ReadAction","target":["https:\/\/vapingnet.de\/vape\/bang-king-digital-15000-puffs-peach-mango-der-perfekte-begleiter-fuer-ihre-freizeit\/"]}]},{"@type":"ImageObject","inLanguage":"lt-LT","@id":"https:\/\/vapingnet.de\/vape\/bang-king-digital-15000-puffs-peach-mango-der-perfekte-begleiter-fuer-ihre-freizeit\/#primaryimage","url":"https:\/\/vapingnet.de\/wp-content\/uploads\/2025\/03\/Peach-Mango.png","contentUrl":"https:\/\/vapingnet.de\/wp-content\/uploads\/2025\/03\/Peach-Mango.png","width":900,"height":600,"caption":"Peach Mango"},{"@type":"BreadcrumbList","@id":"https:\/\/vapingnet.de\/vape\/bang-king-digital-15000-puffs-peach-mango-der-perfekte-begleiter-fuer-ihre-freizeit\/#breadcrumb","itemListElement":[{"@type":"ListItem","position":1,"name":"Home","item":"https:\/\/vapingnet.de\/"},{"@type":"ListItem","position":2,"name":"Shop","item":"https:\/\/vapingnet.de\/vape\/"},{"@type":"ListItem","position":3,"name":"Bang King Digital 15000 Puffs Peach Mango Der perfekte Begleiter f\u00fcr Ihre Freizeit"}]},{"@type":"WebSite","@id":"https:\/\/vapingnet.de\/#website","url":"https:\/\/vapingnet.de\/","name":"Vapingnet.de","description":"","publisher":{"@id":"https:\/\/vapingnet.de\/#organization"},"potentialAction":[{"@type":"SearchAction","target":{"@type":"EntryPoint","urlTemplate":"https:\/\/vapingnet.de\/?s={search_term_string}"},"query-input":{"@type":"PropertyValueSpecification","valueRequired":true,"valueName":"search_term_string"}}],"inLanguage":"lt-LT"},{"@type":"Organization","@id":"https:\/\/vapingnet.de\/#organization","name":"Vapingnet.de","url":"https:\/\/vapingnet.de\/","logo":{"@type":"ImageObject","inLanguage":"lt-LT","@id":"https:\/\/vapingnet.de\/#\/schema\/logo\/image\/","url":"https:\/\/vapingnet.de\/wp-content\/uploads\/2025\/03\/cropped-vapingnet.de_.jpg","contentUrl":"https:\/\/vapingnet.de\/wp-content\/uploads\/2025\/03\/cropped-vapingnet.de_.jpg","width":512,"height":512,"caption":"Vapingnet.de"},"image":{"@id":"https:\/\/vapingnet.de\/#\/schema\/logo\/image\/"},"sameAs":["https:\/\/www.facebook.com\/vapingnetde\/"]}]}},"tiered_pricing_type":"fixed","tiered_pricing_fixed_rules":{"10":"6.83","60":"6.15","110":"5.46","200":"4.78"},"tiered_pricing_product_settings":{"layout":"default","base_unit_name":{"singular":null,"plural":null},"default_variation":null},"tiered_pricing_minimum_quantity":null,"tiered_pricing_roles_data":[],"tiered_pricing_percentage_rules":[],"_links":{"self":[{"href":"https:\/\/vapingnet.de\/lt\/wp-json\/wp\/v2\/product\/5089","targetHints":{"allow":["GET"]}}],"collection":[{"href":"https:\/\/vapingnet.de\/lt\/wp-json\/wp\/v2\/product"}],"about":[{"href":"https:\/\/vapingnet.de\/lt\/wp-json\/wp\/v2\/types\/product"}],"version-history":[{"count":4,"href":"https:\/\/vapingnet.de\/lt\/wp-json\/wp\/v2\/product\/5089\/revisions"}],"predecessor-version":[{"id":7313,"href":"https:\/\/vapingnet.de\/lt\/wp-json\/wp\/v2\/product\/5089\/revisions\/7313"}],"wp:featuredmedia":[{"embeddable":true,"href":"https:\/\/vapingnet.de\/lt\/wp-json\/wp\/v2\/media\/5090"}],"wp:attachment":[{"href":"https:\/\/vapingnet.de\/lt\/wp-json\/wp\/v2\/media?parent=5089"}],"wp:term":[{"taxonomy":"brand","embeddable":true,"href":"https:\/\/vapingnet.de\/lt\/wp-json\/wp\/v2\/etheme_brands?post=5089"},{"taxonomy":"product_brand","embeddable":true,"href":"https:\/\/vapingnet.de\/lt\/wp-json\/wp\/v2\/product_brand?post=5089"},{"taxonomy":"product_cat","embeddable":true,"href":"https:\/\/vapingnet.de\/lt\/wp-json\/wp\/v2\/product_cat?post=5089"},{"taxonomy":"product_tag","embeddable":true,"href":"https:\/\/vapingnet.de\/lt\/wp-json\/wp\/v2\/product_tag?post=5089"}],"curies":[{"name":"wp","href":"https:\/\/api.w.org\/{rel}","templated":true}]}}