{"id":5093,"date":"2025-12-12T03:26:35","date_gmt":"2025-12-12T03:26:35","guid":{"rendered":"https:\/\/vapingnet.de\/?post_type=product&#038;p=5093"},"modified":"2025-12-13T02:42:44","modified_gmt":"2025-12-13T02:42:44","slug":"pink-lemonade-bei-bang-king-digital-15000-puffs-ein-traum-fuer-ihren-geschmack-ohne-zollkosten","status":"publish","type":"product","link":"https:\/\/vapingnet.de\/lt\/vape\/pink-lemonade-bei-bang-king-digital-15000-puffs-ein-traum-fuer-ihren-geschmack-ohne-zollkosten\/","title":{"rendered":"Pink Lemonade prie Bang King Digital 15000 P\u016b\u010di\u0173 \u2013 Svajon\u0117 j\u016bs\u0173 skoniui be muit\u0173 mokes\u010di\u0173"},"content":{"rendered":"<h2 data-start=\"0\" data-end=\"98\">Bang King Digital 15000 Puffs: M\u0117gaukit\u0117s pirmaujan\u010diomis patirtimis ir neribotu smagumu<\/h2>\n<p data-start=\"100\" data-end=\"505\">Ar ie\u0161kote elektronin\u0117s cigaret\u0117s, kuri sujungt\u0173 gali\u0105 ir dizain\u0105 bei suteikt\u0173 itin ilg\u0105 naudojimo laik\u0105 ir neprilygstam\u0105 patirt\u012f? Tuomet Bang King Digital 15000 Puffs yra j\u016bs\u0173 tobulas pasirinkimas. \u0160i vienkartin\u0117 elektronin\u0117 cigaret\u0117 ne tik yra auk\u0161\u010diausios klas\u0117s modelis, bet ir pakelia j\u016bs\u0173 skon\u012f, gali\u0105 ir stili\u0173 \u012f nauj\u0105 lyg\u012f.<\/p>\n<h4 data-start=\"512\" data-end=\"535\">Pagrindin\u0117s savyb\u0117s:<\/h4>\n<ol data-start=\"537\" data-end=\"2525\">\n<li data-start=\"537\" data-end=\"944\">\n<p data-start=\"540\" data-end=\"611\">Ekstremaliai ilgas naudojimo laikas: 15 000 \u012fkv\u0117pim\u0173 nuolatiniam malonumui<\/p>\n<ul data-start=\"615\" data-end=\"944\">\n<li data-start=\"615\" data-end=\"817\">\u0160i elektronin\u0117 cigaret\u0117 apr\u016bpinta 25 ml skys\u010dio ir 650 mAh \u012fkraunama baterija, suteikian\u010dia iki 15 000 \u012fkv\u0117pim\u0173, kurie lengvai patenkins j\u016bs\u0173 ilgalaik\u012f vaping poreik\u012f.<\/li>\n<li data-start=\"821\" data-end=\"944\">Nereikia nuolat papildyti ar \u012fkrauti, Bang King Digital u\u017etikrina, kad gal\u0117tum\u0117te m\u0117gautis kiekvien\u0105 dien\u0105.<\/li>\n<\/ul>\n<\/li>\n<li data-start=\"946\" data-end=\"1268\">\n<p data-start=\"949\" data-end=\"997\">Ro\u017ein\u0117 citrinos limonado skonis: gaivus ir saldus<\/p>\n<ul data-start=\"1001\" data-end=\"1268\">\n<li data-start=\"1001\" data-end=\"1268\">Ro\u017ein\u0117s citrinos limonado skonis puikiai sujungia \u0161vie\u017ei\u0105 citrus\u0173 nat\u0105 ir sald\u0173 vaisi\u0161kum\u0105. Jau\u010diasi tarsi vasaros kar\u0161t\u0105 dien\u0105 gertum\u0117te gaiv\u0173 limonado stikl\u0105 \u2013 gaivinanti skonio patirtis su ilgalaike saldumu.<\/li>\n<\/ul>\n<\/li>\n<li data-start=\"1270\" data-end=\"1545\">\n<p data-start=\"1273\" data-end=\"1328\">\u0160auni RGB ap\u0161vietimas: kiekvienas \u012fkv\u0117pimas tampa akcentu<\/p>\n<ul data-start=\"1332\" data-end=\"1545\">\n<li data-start=\"1332\" data-end=\"1545\">Kiekvieno \u012fkv\u0117pimo metu \u0161vie\u010dia <a href=\"https:\/\/vapingnet.de\/fr\/Brands\/bang-king-vape\/\" target=\"_blank\" rel=\"noopener\"><strong>Bang King Vape<\/strong><\/a> su \u012fsp\u016bdingu RGB ap\u0161vietimu, kuris papildo j\u016bs\u0173 vaping patirt\u012f ry\u0161kiomis spalvomis ir tuo pa\u010diu pabr\u0117\u017eia j\u016bs\u0173 asmenin\u012f stili\u0173.<\/li>\n<\/ul>\n<\/li>\n<li data-start=\"1547\" data-end=\"1862\">\n<p data-start=\"1550\" data-end=\"1602\">Skirtingos nikotino stiprumo galimyb\u0117s: kiekvienam poreikiui<\/p>\n<ul data-start=\"1606\" data-end=\"1862\">\n<li data-start=\"1606\" data-end=\"1862\">Pasirinkite i\u0161 keturi\u0173 nikotino stiprum\u0173: 0%, 2%, 3%, 5%. \u0160i \u012fvairov\u0117 u\u017etikrina, kad gausite b\u016btent tai, ko jums reikia. Nikotinas 0% ir 3% yra prieinamas tik didel\u0117ms u\u017esakymams, idealiai tinka \u017emon\u0117ms, ie\u0161kantiems specifini\u0173 variant\u0173.<\/li>\n<\/ul>\n<\/li>\n<li data-start=\"1864\" data-end=\"2172\">\n<p data-start=\"1867\" data-end=\"1921\">Greitas \u012fkrovimas: visada pasiruo\u0161\u0119s kitam \u012fkv\u0117pimui<\/p>\n<ul data-start=\"1925\" data-end=\"2172\">\n<li data-start=\"1925\" data-end=\"2172\">Su Type-C jungtimi ir 650 mAh \u012fkraunama baterija, greitas \u012fkrovimas n\u0117ra problema. Kai baterija pilna, galite nedelsti ir toliau r\u016bkyti \u2013 u\u017etikrinant skland\u0173 naudojim\u0105 bet kuriuo metu ir bet kurioje vietoje.<\/li>\n<\/ul>\n<\/li>\n<li data-start=\"2174\" data-end=\"2525\">\n<p data-start=\"2177\" data-end=\"2222\">Be muit\u0173 mokes\u010di\u0173 ir greitas pristatymas<\/p>\n<ul data-start=\"2226\" data-end=\"2525\">\n<li data-start=\"2226\" data-end=\"2525\">Perkant Bang King Digital 15000 Puffs, nereikia jaudintis d\u0117l papildom\u0173 muit\u0173 mokes\u010di\u0173, nes jis pristatomas be muit\u0173.<\/li>\n<\/ul>\n<\/li>\n<\/ol>\n<h3 data-start=\"2532\" data-end=\"2596\">Kam tinka Bang King Digital 15000 Puffs?<\/h3>\n<ul data-start=\"2598\" data-end=\"3282\">\n<li data-start=\"2598\" data-end=\"2793\">Jei norite ilgai naudotis \u012frenginiu, Bang King Digital si\u016blo iki <a href=\"https:\/\/vapingnet.de\/lt\/k\/vape-15000-zuege\/\" target=\"_blank\" rel=\"noopener\"><strong>15 000 \u012fkv\u0117pim\u0173<\/strong><\/a>, tod\u0117l nereik\u0117s nuolat keisti \u012frenginio ar papildyti skys\u010dio.<\/li>\n<li data-start=\"2794\" data-end=\"2971\">Jei m\u0117gstate gaiv\u0173 skon\u012f, ro\u017ein\u0117s citrinos limonado skonis pasi\u016blys jums tobul\u0105 balans\u0105 tarp gaivumo ir saldumo, kuris pamalonins j\u016bs\u0173 gomur\u012f.<\/li>\n<li data-start=\"2972\" data-end=\"3125\">Jei jums svarbus dizainas, RGB ap\u0161vietimas vizualiai praturtins j\u016bs\u0173 vaping patirt\u012f ir pabr\u0117\u0161 j\u016bs\u0173 asmenin\u012f stili\u0173.<\/li>\n<li data-start=\"3126\" data-end=\"3282\">Jei jums reikia skirting\u0173 nikotino stiprum\u0173, turime plat\u0173 pasirinkim\u0105 su 0%, 2%, 3% ir 5%, kad atitikt\u0173 j\u016bs\u0173 specifinius poreikius.<\/li>\n<\/ul>\n<p>Dabar pirkti ir patirti unikali\u0105 elektronini\u0173 cigare\u010di\u0173 pasaul\u012f!<\/p>\n<p data-start=\"3364\" data-end=\"3758\" data-is-last-node=\"\" data-is-only-node=\"\">Apsilankykite \u0161iandien <a href=\"https:\/\/vapingnet.de\/lt\/\" target=\"_new\" rel=\"noopener\" data-start=\"3388\" data-end=\"3425\">vapingnet.de<\/a> ir u\u017esisakykite savo Bang King Digital 15000 Puffs. Greitas pristatymas, be muit\u0173 ir be laukimo \u2013 m\u0117gaukit\u0117s auk\u0161tos kokyb\u0117s, galinga ir stilinga elektronine cigarete per trumpiausi\u0105 laik\u0105. Padarykite kiekvien\u0105 \u012fkv\u0117pim\u0105 unikaliu momentu ir patirkite neribotas Bang King Digital galimybes!<\/p>","protected":false},"excerpt":{"rendered":"<p>Bang King Digital 15000 P\u016b\u010di\u0173: M\u0117gaukit\u0117s pirmaujan\u010dia patirtimi ir neribotu malonumu Ar ie\u0161kote elektronin\u0117s cigaret\u0117s, kuri suteikt\u0173 tiek na\u0161umo, tiek...<\/p>","protected":false},"featured_media":5094,"template":"","meta":[],"etheme_brands":[],"product_brand":[101],"product_cat":[53,49,61],"product_tag":[],"class_list":{"0":"post-5093","1":"product","2":"type-product","3":"status-publish","4":"has-post-thumbnail","6":"product_brand-bang-king-vape","7":"product_cat-vape-15000-zuege","8":"product_cat-einweg-e-zigarette","9":"product_cat-f","11":"first","12":"instock","13":"shipping-taxable","14":"purchasable","15":"product-type-simple"},"yoast_head":"<!-- This site is optimized with the Yoast SEO plugin v26.5 - https:\/\/yoast.com\/wordpress\/plugins\/seo\/ -->\n<title>Pink Lemonade bei Bang King Digital 15000 Puffs Ein Traum f\u00fcr Ihren Geschmack ohne Zollkosten | Vapingnet.de<\/title>\n<meta name=\"description\" content=\"Entdecke Pink Lemonade bei Bang King Digital 15000 Puffs Ein Traum f\u00fcr Ihren Geschmack ohne Zollkosten bei vapingnet.de, \u25ba Gro\u00dfe Auswahl an Geschmacksrichtungen &amp; super g\u00fcnstig!\" \/>\n<meta name=\"robots\" content=\"index, follow, max-snippet:-1, max-image-preview:large, max-video-preview:-1\" \/>\n<link rel=\"canonical\" href=\"https:\/\/vapingnet.de\/lt\/vape\/pink-lemonade-bei-bang-king-digital-15000-puffs-ein-traum-fuer-ihren-geschmack-ohne-zollkosten\/\" \/>\n<meta property=\"og:locale\" content=\"lt_LT\" \/>\n<meta property=\"og:type\" content=\"article\" \/>\n<meta property=\"og:title\" content=\"Pink Lemonade bei Bang King Digital 15000 Puffs Ein Traum f\u00fcr Ihren Geschmack ohne Zollkosten | Vapingnet.de\" \/>\n<meta property=\"og:description\" content=\"Entdecke Pink Lemonade bei Bang King Digital 15000 Puffs Ein Traum f\u00fcr Ihren Geschmack ohne Zollkosten bei vapingnet.de, \u25ba Gro\u00dfe Auswahl an Geschmacksrichtungen &amp; super g\u00fcnstig!\" \/>\n<meta property=\"og:url\" content=\"https:\/\/vapingnet.de\/lt\/vape\/pink-lemonade-bei-bang-king-digital-15000-puffs-ein-traum-fuer-ihren-geschmack-ohne-zollkosten\/\" \/>\n<meta property=\"og:site_name\" content=\"Vapingnet.de\" \/>\n<meta property=\"article:publisher\" content=\"https:\/\/www.facebook.com\/vapingnetde\/\" \/>\n<meta property=\"article:modified_time\" content=\"2025-12-13T02:42:44+00:00\" \/>\n<meta property=\"og:image\" content=\"https:\/\/vapingnet.de\/wp-content\/uploads\/2025\/03\/Pink-Lemonade.png\" \/>\n\t<meta property=\"og:image:width\" content=\"900\" \/>\n\t<meta property=\"og:image:height\" content=\"600\" \/>\n\t<meta property=\"og:image:type\" content=\"image\/png\" \/>\n<meta name=\"twitter:card\" content=\"summary_large_image\" \/>\n<meta name=\"twitter:label1\" content=\"Est. reading time\" \/>\n\t<meta name=\"twitter:data1\" content=\"3 minutes\" \/>\n<script type=\"application\/ld+json\" class=\"yoast-schema-graph\">{\"@context\":\"https:\/\/schema.org\",\"@graph\":[{\"@type\":\"WebPage\",\"@id\":\"https:\/\/vapingnet.de\/vape\/pink-lemonade-bei-bang-king-digital-15000-puffs-ein-traum-fuer-ihren-geschmack-ohne-zollkosten\/\",\"url\":\"https:\/\/vapingnet.de\/vape\/pink-lemonade-bei-bang-king-digital-15000-puffs-ein-traum-fuer-ihren-geschmack-ohne-zollkosten\/\",\"name\":\"Pink Lemonade bei Bang King Digital 15000 Puffs Ein Traum f\u00fcr Ihren Geschmack ohne Zollkosten | Vapingnet.de\",\"isPartOf\":{\"@id\":\"https:\/\/vapingnet.de\/#website\"},\"primaryImageOfPage\":{\"@id\":\"https:\/\/vapingnet.de\/vape\/pink-lemonade-bei-bang-king-digital-15000-puffs-ein-traum-fuer-ihren-geschmack-ohne-zollkosten\/#primaryimage\"},\"image\":{\"@id\":\"https:\/\/vapingnet.de\/vape\/pink-lemonade-bei-bang-king-digital-15000-puffs-ein-traum-fuer-ihren-geschmack-ohne-zollkosten\/#primaryimage\"},\"thumbnailUrl\":\"https:\/\/vapingnet.de\/wp-content\/uploads\/2025\/03\/Pink-Lemonade.png\",\"datePublished\":\"2025-12-12T03:26:35+00:00\",\"dateModified\":\"2025-12-13T02:42:44+00:00\",\"description\":\"Entdecke Pink Lemonade bei Bang King Digital 15000 Puffs Ein Traum f\u00fcr Ihren Geschmack ohne Zollkosten bei vapingnet.de, \u25ba Gro\u00dfe Auswahl an Geschmacksrichtungen & super g\u00fcnstig!\",\"breadcrumb\":{\"@id\":\"https:\/\/vapingnet.de\/vape\/pink-lemonade-bei-bang-king-digital-15000-puffs-ein-traum-fuer-ihren-geschmack-ohne-zollkosten\/#breadcrumb\"},\"inLanguage\":\"lt-LT\",\"potentialAction\":[{\"@type\":\"ReadAction\",\"target\":[\"https:\/\/vapingnet.de\/vape\/pink-lemonade-bei-bang-king-digital-15000-puffs-ein-traum-fuer-ihren-geschmack-ohne-zollkosten\/\"]}]},{\"@type\":\"ImageObject\",\"inLanguage\":\"lt-LT\",\"@id\":\"https:\/\/vapingnet.de\/vape\/pink-lemonade-bei-bang-king-digital-15000-puffs-ein-traum-fuer-ihren-geschmack-ohne-zollkosten\/#primaryimage\",\"url\":\"https:\/\/vapingnet.de\/wp-content\/uploads\/2025\/03\/Pink-Lemonade.png\",\"contentUrl\":\"https:\/\/vapingnet.de\/wp-content\/uploads\/2025\/03\/Pink-Lemonade.png\",\"width\":900,\"height\":600,\"caption\":\"Pink Lemonade\"},{\"@type\":\"BreadcrumbList\",\"@id\":\"https:\/\/vapingnet.de\/vape\/pink-lemonade-bei-bang-king-digital-15000-puffs-ein-traum-fuer-ihren-geschmack-ohne-zollkosten\/#breadcrumb\",\"itemListElement\":[{\"@type\":\"ListItem\",\"position\":1,\"name\":\"Home\",\"item\":\"https:\/\/vapingnet.de\/\"},{\"@type\":\"ListItem\",\"position\":2,\"name\":\"Shop\",\"item\":\"https:\/\/vapingnet.de\/vape\/\"},{\"@type\":\"ListItem\",\"position\":3,\"name\":\"Pink Lemonade bei Bang King Digital 15000 Puffs Ein Traum f\u00fcr Ihren Geschmack ohne Zollkosten\"}]},{\"@type\":\"WebSite\",\"@id\":\"https:\/\/vapingnet.de\/#website\",\"url\":\"https:\/\/vapingnet.de\/\",\"name\":\"Vapingnet.de\",\"description\":\"\",\"publisher\":{\"@id\":\"https:\/\/vapingnet.de\/#organization\"},\"potentialAction\":[{\"@type\":\"SearchAction\",\"target\":{\"@type\":\"EntryPoint\",\"urlTemplate\":\"https:\/\/vapingnet.de\/?s={search_term_string}\"},\"query-input\":{\"@type\":\"PropertyValueSpecification\",\"valueRequired\":true,\"valueName\":\"search_term_string\"}}],\"inLanguage\":\"lt-LT\"},{\"@type\":\"Organization\",\"@id\":\"https:\/\/vapingnet.de\/#organization\",\"name\":\"Vapingnet.de\",\"url\":\"https:\/\/vapingnet.de\/\",\"logo\":{\"@type\":\"ImageObject\",\"inLanguage\":\"lt-LT\",\"@id\":\"https:\/\/vapingnet.de\/#\/schema\/logo\/image\/\",\"url\":\"https:\/\/vapingnet.de\/wp-content\/uploads\/2025\/03\/cropped-vapingnet.de_.jpg\",\"contentUrl\":\"https:\/\/vapingnet.de\/wp-content\/uploads\/2025\/03\/cropped-vapingnet.de_.jpg\",\"width\":512,\"height\":512,\"caption\":\"Vapingnet.de\"},\"image\":{\"@id\":\"https:\/\/vapingnet.de\/#\/schema\/logo\/image\/\"},\"sameAs\":[\"https:\/\/www.facebook.com\/vapingnetde\/\"]}]}<\/script>\n<!-- \/ Yoast SEO plugin. -->","yoast_head_json":{"title":"Pink Lemonade bei Bang King Digital 15000 Puffs Ein Traum f\u00fcr Ihren Geschmack ohne Zollkosten | Vapingnet.de","description":"Entdecke Pink Lemonade bei Bang King Digital 15000 Puffs Ein Traum f\u00fcr Ihren Geschmack ohne Zollkosten bei vapingnet.de, \u25ba Gro\u00dfe Auswahl an Geschmacksrichtungen & super g\u00fcnstig!","robots":{"index":"index","follow":"follow","max-snippet":"max-snippet:-1","max-image-preview":"max-image-preview:large","max-video-preview":"max-video-preview:-1"},"canonical":"https:\/\/vapingnet.de\/lt\/vape\/pink-lemonade-bei-bang-king-digital-15000-puffs-ein-traum-fuer-ihren-geschmack-ohne-zollkosten\/","og_locale":"lt_LT","og_type":"article","og_title":"Pink Lemonade bei Bang King Digital 15000 Puffs Ein Traum f\u00fcr Ihren Geschmack ohne Zollkosten | Vapingnet.de","og_description":"Entdecke Pink Lemonade bei Bang King Digital 15000 Puffs Ein Traum f\u00fcr Ihren Geschmack ohne Zollkosten bei vapingnet.de, \u25ba Gro\u00dfe Auswahl an Geschmacksrichtungen & super g\u00fcnstig!","og_url":"https:\/\/vapingnet.de\/lt\/vape\/pink-lemonade-bei-bang-king-digital-15000-puffs-ein-traum-fuer-ihren-geschmack-ohne-zollkosten\/","og_site_name":"Vapingnet.de","article_publisher":"https:\/\/www.facebook.com\/vapingnetde\/","article_modified_time":"2025-12-13T02:42:44+00:00","og_image":[{"width":900,"height":600,"url":"https:\/\/vapingnet.de\/wp-content\/uploads\/2025\/03\/Pink-Lemonade.png","type":"image\/png"}],"twitter_card":"summary_large_image","twitter_misc":{"Est. reading time":"3 minutes"},"schema":{"@context":"https:\/\/schema.org","@graph":[{"@type":"WebPage","@id":"https:\/\/vapingnet.de\/vape\/pink-lemonade-bei-bang-king-digital-15000-puffs-ein-traum-fuer-ihren-geschmack-ohne-zollkosten\/","url":"https:\/\/vapingnet.de\/vape\/pink-lemonade-bei-bang-king-digital-15000-puffs-ein-traum-fuer-ihren-geschmack-ohne-zollkosten\/","name":"Pink Lemonade bei Bang King Digital 15000 Puffs Ein Traum f\u00fcr Ihren Geschmack ohne Zollkosten | Vapingnet.de","isPartOf":{"@id":"https:\/\/vapingnet.de\/#website"},"primaryImageOfPage":{"@id":"https:\/\/vapingnet.de\/vape\/pink-lemonade-bei-bang-king-digital-15000-puffs-ein-traum-fuer-ihren-geschmack-ohne-zollkosten\/#primaryimage"},"image":{"@id":"https:\/\/vapingnet.de\/vape\/pink-lemonade-bei-bang-king-digital-15000-puffs-ein-traum-fuer-ihren-geschmack-ohne-zollkosten\/#primaryimage"},"thumbnailUrl":"https:\/\/vapingnet.de\/wp-content\/uploads\/2025\/03\/Pink-Lemonade.png","datePublished":"2025-12-12T03:26:35+00:00","dateModified":"2025-12-13T02:42:44+00:00","description":"Entdecke Pink Lemonade bei Bang King Digital 15000 Puffs Ein Traum f\u00fcr Ihren Geschmack ohne Zollkosten bei vapingnet.de, \u25ba Gro\u00dfe Auswahl an Geschmacksrichtungen & super g\u00fcnstig!","breadcrumb":{"@id":"https:\/\/vapingnet.de\/vape\/pink-lemonade-bei-bang-king-digital-15000-puffs-ein-traum-fuer-ihren-geschmack-ohne-zollkosten\/#breadcrumb"},"inLanguage":"lt-LT","potentialAction":[{"@type":"ReadAction","target":["https:\/\/vapingnet.de\/vape\/pink-lemonade-bei-bang-king-digital-15000-puffs-ein-traum-fuer-ihren-geschmack-ohne-zollkosten\/"]}]},{"@type":"ImageObject","inLanguage":"lt-LT","@id":"https:\/\/vapingnet.de\/vape\/pink-lemonade-bei-bang-king-digital-15000-puffs-ein-traum-fuer-ihren-geschmack-ohne-zollkosten\/#primaryimage","url":"https:\/\/vapingnet.de\/wp-content\/uploads\/2025\/03\/Pink-Lemonade.png","contentUrl":"https:\/\/vapingnet.de\/wp-content\/uploads\/2025\/03\/Pink-Lemonade.png","width":900,"height":600,"caption":"Pink Lemonade"},{"@type":"BreadcrumbList","@id":"https:\/\/vapingnet.de\/vape\/pink-lemonade-bei-bang-king-digital-15000-puffs-ein-traum-fuer-ihren-geschmack-ohne-zollkosten\/#breadcrumb","itemListElement":[{"@type":"ListItem","position":1,"name":"Home","item":"https:\/\/vapingnet.de\/"},{"@type":"ListItem","position":2,"name":"Shop","item":"https:\/\/vapingnet.de\/vape\/"},{"@type":"ListItem","position":3,"name":"Pink Lemonade bei Bang King Digital 15000 Puffs Ein Traum f\u00fcr Ihren Geschmack ohne Zollkosten"}]},{"@type":"WebSite","@id":"https:\/\/vapingnet.de\/#website","url":"https:\/\/vapingnet.de\/","name":"Vapingnet.de","description":"","publisher":{"@id":"https:\/\/vapingnet.de\/#organization"},"potentialAction":[{"@type":"SearchAction","target":{"@type":"EntryPoint","urlTemplate":"https:\/\/vapingnet.de\/?s={search_term_string}"},"query-input":{"@type":"PropertyValueSpecification","valueRequired":true,"valueName":"search_term_string"}}],"inLanguage":"lt-LT"},{"@type":"Organization","@id":"https:\/\/vapingnet.de\/#organization","name":"Vapingnet.de","url":"https:\/\/vapingnet.de\/","logo":{"@type":"ImageObject","inLanguage":"lt-LT","@id":"https:\/\/vapingnet.de\/#\/schema\/logo\/image\/","url":"https:\/\/vapingnet.de\/wp-content\/uploads\/2025\/03\/cropped-vapingnet.de_.jpg","contentUrl":"https:\/\/vapingnet.de\/wp-content\/uploads\/2025\/03\/cropped-vapingnet.de_.jpg","width":512,"height":512,"caption":"Vapingnet.de"},"image":{"@id":"https:\/\/vapingnet.de\/#\/schema\/logo\/image\/"},"sameAs":["https:\/\/www.facebook.com\/vapingnetde\/"]}]}},"tiered_pricing_type":"fixed","tiered_pricing_fixed_rules":{"10":"6.83","60":"6.15","110":"5.46","200":"4.78"},"tiered_pricing_product_settings":{"layout":"default","base_unit_name":{"singular":null,"plural":null},"default_variation":null},"tiered_pricing_minimum_quantity":null,"tiered_pricing_roles_data":[],"tiered_pricing_percentage_rules":[],"_links":{"self":[{"href":"https:\/\/vapingnet.de\/lt\/wp-json\/wp\/v2\/product\/5093","targetHints":{"allow":["GET"]}}],"collection":[{"href":"https:\/\/vapingnet.de\/lt\/wp-json\/wp\/v2\/product"}],"about":[{"href":"https:\/\/vapingnet.de\/lt\/wp-json\/wp\/v2\/types\/product"}],"version-history":[{"count":3,"href":"https:\/\/vapingnet.de\/lt\/wp-json\/wp\/v2\/product\/5093\/revisions"}],"predecessor-version":[{"id":7309,"href":"https:\/\/vapingnet.de\/lt\/wp-json\/wp\/v2\/product\/5093\/revisions\/7309"}],"wp:featuredmedia":[{"embeddable":true,"href":"https:\/\/vapingnet.de\/lt\/wp-json\/wp\/v2\/media\/5094"}],"wp:attachment":[{"href":"https:\/\/vapingnet.de\/lt\/wp-json\/wp\/v2\/media?parent=5093"}],"wp:term":[{"taxonomy":"brand","embeddable":true,"href":"https:\/\/vapingnet.de\/lt\/wp-json\/wp\/v2\/etheme_brands?post=5093"},{"taxonomy":"product_brand","embeddable":true,"href":"https:\/\/vapingnet.de\/lt\/wp-json\/wp\/v2\/product_brand?post=5093"},{"taxonomy":"product_cat","embeddable":true,"href":"https:\/\/vapingnet.de\/lt\/wp-json\/wp\/v2\/product_cat?post=5093"},{"taxonomy":"product_tag","embeddable":true,"href":"https:\/\/vapingnet.de\/lt\/wp-json\/wp\/v2\/product_tag?post=5093"}],"curies":[{"name":"wp","href":"https:\/\/api.w.org\/{rel}","templated":true}]}}