{"id":5096,"date":"2025-03-12T03:31:27","date_gmt":"2025-03-12T03:31:27","guid":{"rendered":"https:\/\/vapingnet.de\/?post_type=product&#038;p=5096"},"modified":"2025-06-19T03:42:03","modified_gmt":"2025-06-19T03:42:03","slug":"bang-king-digital-15000-puffs-triple-fruit-ein-traum-fuer-alle-fruchtfans","status":"publish","type":"product","link":"https:\/\/vapingnet.de\/lt\/vape\/bang-king-digital-15000-puffs-triple-fruit-ein-traum-fuer-alle-fruchtfans\/","title":{"rendered":"Bang King Digital 15000 P\u016b\u010di\u0173 Triple Fruit Svajon\u0117 visiems vaisi\u0173 m\u0117g\u0117jams"},"content":{"rendered":"<h2 data-start=\"0\" data-end=\"110\">Bang King Digital 15000 Puffs: Galutinis vienkartinis vaping patirtis, vir\u0161ijanti j\u016bs\u0173 l\u016bkes\u010dius<\/h2>\n<p data-start=\"112\" data-end=\"492\">Jei ie\u0161kote elektronin\u0117s cigaret\u0117s modelio, kuris ne tik si\u016blo ilg\u0105 naudojimo laik\u0105, bet ir derina turting\u0105 skon\u012f bei unikal\u0173 dizain\u0105, tada <a href=\"https:\/\/vapingnet.de\/lt\/bang-king-digital-15000-puffs\/\" target=\"_blank\" rel=\"noopener\"><strong>Bang King Skaitmeninis 15000 P\u016bki\u0173<\/strong><\/a> yra ideali j\u016bs\u0173 pasirinkimas! Su pa\u017eangia technologija ir patraukliomis funkcijomis jis atitinka visus j\u016bs\u0173 reikalavimus kokybi\u0161kai elektroninei cigaretei.<\/p>\n<h4 data-start=\"494\" data-end=\"534\">Pagrindiniai privalumai ap\u017evalgoje:<\/h4>\n<ul data-start=\"536\" data-end=\"1865\">\n<li data-start=\"536\" data-end=\"762\">\n<p data-start=\"538\" data-end=\"762\">Ekstremaliai ilgas naudojimo laikas: 15 000 \u012fkv\u0117pim\u0173, derinamas su 25 ml elektroninio skys\u010dio ir 650 mAh \u012fkraunama baterija, leid\u017eia pamir\u0161ti nuolatin\u012f keitim\u0105 ir \u012fkrovim\u0105 \u2013 ilgaam\u017e\u0117 patirtis.<\/p>\n<\/li>\n<li data-start=\"764\" data-end=\"1026\">\n<p data-start=\"766\" data-end=\"1026\">\u012evairiapusis skonio pasirinkimas: Triple Fruit skonis puikiai derina \u0161vie\u017eius vaisi\u0173 aromatus ir nat\u016bral\u0173 saldum\u0105, suteikdamas kiekvienu \u012fkv\u0117pimu gyv\u0105, daugiama\u010dio skonio patirt\u012f, kuri puikiai tinka tiems, kurie ie\u0161ko \u012fvairov\u0117s.<\/p>\n<\/li>\n<li data-start=\"1028\" data-end=\"1276\">\n<p data-start=\"1030\" data-end=\"1276\">RGB \u0161viesos efektai: Kiekvienu \u012fkv\u0117pimu \u0161vie\u010dia RGB \u0161viesa, kuri ne tik vizualiai \u012fsp\u016bdinga, bet ir pabr\u0117\u017eia j\u016bs\u0173 asmenyb\u0119. Ji suteikia j\u016bs\u0173 vaping patir\u010diai modern\u0173 ir \u0161aun\u0173 akcent\u0105, tinkant\u012f bet kokiai progai.<\/p>\n<\/li>\n<li data-start=\"1278\" data-end=\"1463\">\n<p data-start=\"1280\" data-end=\"1463\">Type-C greito \u012fkrovimo jungtis: Su Type-C jungtimi \u012fkrovimas vyksta greitai ir efektyviai, leid\u017eiant jums bet kada ir bet kur t\u0119sti savo vaping patirt\u012f.<\/p>\n<\/li>\n<li data-start=\"1465\" data-end=\"1686\">\n<p data-start=\"1467\" data-end=\"1686\">Skirtingi nikotino stiprumai: Pasirinkite tarp 0%, 2%, 3% ar 5% nikotino, kad atitikt\u0173 j\u016bs\u0173 poreikius. Ypa\u010d 0% ir 3% variantai gali b\u016bti u\u017esakomi dideliais kiekiais.<\/p>\n<\/li>\n<li data-start=\"1688\" data-end=\"1865\">\n<p data-start=\"1690\" data-end=\"1865\">Joki\u0173 muitin\u0117s mokes\u010di\u0173: Nesvarbu, kur esate, \u0161ios elektronin\u0117s cigaret\u0117s pirkimas yra visi\u0161kai <a href=\"https:\/\/vapingnet.de\/lt\/k\/f\/\" target=\"_blank\" rel=\"noopener\"><strong>muit\u0173 nemokamas<\/strong><\/a>, tod\u0117l galite m\u0117gautis visais patogaus pirkimo privalumais.<\/p>\n<\/li>\n<\/ul>\n<h3 data-start=\"1872\" data-end=\"1917\">Kam skirtas \u0161is produktas?<\/h3>\n<ul data-start=\"1919\" data-end=\"2714\">\n<li data-start=\"1919\" data-end=\"2128\">\n<p data-start=\"1921\" data-end=\"2128\">Ilgalaikiai naudotojai: Jei nenorite da\u017enai keisti ar papildyti, Bang King Digital 15000 Puffs si\u016blo <a href=\"https:\/\/vapingnet.de\/lt\/k\/vape-15000-zuege\/\" target=\"_blank\" rel=\"noopener\"><strong>15 000 \u012fkv\u0117pim\u0173 <\/strong><\/a>ilgaam\u017e\u012f sprendim\u0105 j\u016bs\u0173 kasdieniam poreikiui.<\/p>\n<\/li>\n<li data-start=\"2132\" data-end=\"2328\">\n<p data-start=\"2134\" data-end=\"2328\">Skoni\u0173 ie\u0161kotojai: Jei turite auk\u0161tus reikalavimus d\u0117l skonio ir norite patirti \u0161vie\u017ei\u0105, sald\u017ei\u0105 vaisi\u0173 mi\u0161in\u012f, Triple Fruit skonis vir\u0161ys j\u016bs\u0173 l\u016bkes\u010dius.<\/p>\n<\/li>\n<li data-start=\"2330\" data-end=\"2523\">\n<p data-start=\"2332\" data-end=\"2523\">Mados s\u0105moningi vaping entuziastai: RGB \u0161viesos efektai padaro elektronin\u0119 cigaret\u0119 ne tik prakti\u0161ku \u012frenginiu, bet ir mados parei\u0161kimu. J\u016bs b\u016bsite d\u0117mesio centru bet kokioje situacijoje.<\/p>\n<\/li>\n<li data-start=\"2525\" data-end=\"2714\">\n<p data-start=\"2527\" data-end=\"2714\">Lanksti nikotino pasirinkimas: Nesvarbu, ar norite visi\u0161kai atsisakyti nikotino, ar m\u0117gstate vidutin\u012f ar auk\u0161t\u0105 nikotino stiprum\u0105, Bang King Digital si\u016blo jums tobul\u0105 pasirinkim\u0105.<\/p>\n<\/li>\n<\/ul>\n<h3 data-start=\"2721\" data-end=\"2751\">Kod\u0117l pirkti pas mus?<\/h3>\n<ul data-start=\"2753\" data-end=\"3279\">\n<li data-start=\"2936\" data-end=\"3071\">\n<p data-start=\"2938\" data-end=\"3071\">Joki\u0173 muit\u0173 mokes\u010di\u0173: Mes si\u016blome jums muit\u0173 nemokam\u0105 pirkimo patirt\u012f, tod\u0117l jums nereik\u0117s r\u016bpintis papildomomis i\u0161laidomis.<\/p>\n<\/li>\n<li data-start=\"3073\" data-end=\"3279\">\n<p data-start=\"3075\" data-end=\"3279\">Patikima prek\u0117s \u017eenklo kokyb\u0117: kaip viena i\u0161 pirmaujan\u010di\u0173 rinkoje prek\u0117s \u017eenkl\u0173, Bang King \u012fgijo puik\u0173 reputacij\u0105, kuri rei\u0161kia inovatyv\u0173 dizain\u0105 ir auk\u0161\u010diausios kokyb\u0117s produktus.<\/p>\n<\/li>\n<\/ul>\n<p>Dabar \u012fsigykite!<\/p>\n<p data-start=\"3313\" data-end=\"3622\" data-is-last-node=\"\" data-is-only-node=\"\">Apsilankykite \u0161iandien svetain\u0117je vapingnet.de, kad u\u017esisakyti \u012fsp\u016bding\u0105 Bang King Digital 15000 Puffs! Be muit\u0173, greitas pristatymas ir ilgas naudojimo laikas \u2013 \u0161i elektronin\u0117 cigaret\u0117 pakels j\u016bs\u0173 vaping patirt\u012f \u012f nauj\u0105 lyg\u012f. U\u017esisakykite dabar ir prad\u0117kite nauj\u0105 nuotyk\u012f!<\/p>","protected":false},"excerpt":{"rendered":"<p>Bang King Digital 15000 Puffs: Galutinis vienkartinis vaping patirtis, kuri vir\u0161ija j\u016bs\u0173 l\u016bkes\u010dius Jei ie\u0161kote elektronin\u0117s cigaret\u0117s modelio, kuris ne tik ilgai...<\/p>","protected":false},"featured_media":5097,"template":"","meta":[],"etheme_brands":[],"product_brand":[101],"product_cat":[53,49,61],"product_tag":[],"class_list":{"0":"post-5096","1":"product","2":"type-product","3":"status-publish","4":"has-post-thumbnail","6":"product_brand-bang-king-vape","7":"product_cat-vape-15000-zuege","8":"product_cat-einweg-e-zigarette","9":"product_cat-f","11":"first","12":"instock","13":"shipping-taxable","14":"purchasable","15":"product-type-simple"},"yoast_head":"<!-- This site is optimized with the Yoast SEO plugin v26.5 - https:\/\/yoast.com\/wordpress\/plugins\/seo\/ -->\n<title>Bang King Digital 15000 Puffs Triple Fruit Ein Traum f\u00fcr alle Fruchtfans | Vapingnet.de<\/title>\n<meta name=\"description\" content=\"Entdecke Bang King Digital 15000 Puffs Triple Fruit Ein Traum f\u00fcr alle Fruchtfans bei vapingnet.de, \u25ba Gro\u00dfe Auswahl an Geschmacksrichtungen &amp; super g\u00fcnstig!\" \/>\n<meta name=\"robots\" content=\"index, follow, max-snippet:-1, max-image-preview:large, max-video-preview:-1\" \/>\n<link rel=\"canonical\" href=\"https:\/\/vapingnet.de\/lt\/vape\/bang-king-digital-15000-puffs-triple-fruit-ein-traum-fuer-alle-fruchtfans\/\" \/>\n<meta property=\"og:locale\" content=\"lt_LT\" \/>\n<meta property=\"og:type\" content=\"article\" \/>\n<meta property=\"og:title\" content=\"Bang King Digital 15000 Puffs Triple Fruit Ein Traum f\u00fcr alle Fruchtfans | Vapingnet.de\" \/>\n<meta property=\"og:description\" content=\"Entdecke Bang King Digital 15000 Puffs Triple Fruit Ein Traum f\u00fcr alle Fruchtfans bei vapingnet.de, \u25ba Gro\u00dfe Auswahl an Geschmacksrichtungen &amp; super g\u00fcnstig!\" \/>\n<meta property=\"og:url\" content=\"https:\/\/vapingnet.de\/lt\/vape\/bang-king-digital-15000-puffs-triple-fruit-ein-traum-fuer-alle-fruchtfans\/\" \/>\n<meta property=\"og:site_name\" content=\"Vapingnet.de\" \/>\n<meta property=\"article:publisher\" content=\"https:\/\/www.facebook.com\/vapingnetde\/\" \/>\n<meta property=\"article:modified_time\" content=\"2025-06-19T03:42:03+00:00\" \/>\n<meta property=\"og:image\" content=\"https:\/\/vapingnet.de\/wp-content\/uploads\/2025\/03\/Triple-FAUIT.png\" \/>\n\t<meta property=\"og:image:width\" content=\"900\" \/>\n\t<meta property=\"og:image:height\" content=\"600\" \/>\n\t<meta property=\"og:image:type\" content=\"image\/png\" \/>\n<meta name=\"twitter:card\" content=\"summary_large_image\" \/>\n<meta name=\"twitter:label1\" content=\"Est. reading time\" \/>\n\t<meta name=\"twitter:data1\" content=\"3 minutes\" \/>\n<script type=\"application\/ld+json\" class=\"yoast-schema-graph\">{\"@context\":\"https:\/\/schema.org\",\"@graph\":[{\"@type\":\"WebPage\",\"@id\":\"https:\/\/vapingnet.de\/vape\/bang-king-digital-15000-puffs-triple-fruit-ein-traum-fuer-alle-fruchtfans\/\",\"url\":\"https:\/\/vapingnet.de\/vape\/bang-king-digital-15000-puffs-triple-fruit-ein-traum-fuer-alle-fruchtfans\/\",\"name\":\"Bang King Digital 15000 Puffs Triple Fruit Ein Traum f\u00fcr alle Fruchtfans | Vapingnet.de\",\"isPartOf\":{\"@id\":\"https:\/\/vapingnet.de\/#website\"},\"primaryImageOfPage\":{\"@id\":\"https:\/\/vapingnet.de\/vape\/bang-king-digital-15000-puffs-triple-fruit-ein-traum-fuer-alle-fruchtfans\/#primaryimage\"},\"image\":{\"@id\":\"https:\/\/vapingnet.de\/vape\/bang-king-digital-15000-puffs-triple-fruit-ein-traum-fuer-alle-fruchtfans\/#primaryimage\"},\"thumbnailUrl\":\"https:\/\/vapingnet.de\/wp-content\/uploads\/2025\/03\/Triple-FAUIT.png\",\"datePublished\":\"2025-03-12T03:31:27+00:00\",\"dateModified\":\"2025-06-19T03:42:03+00:00\",\"description\":\"Entdecke Bang King Digital 15000 Puffs Triple Fruit Ein Traum f\u00fcr alle Fruchtfans bei vapingnet.de, \u25ba Gro\u00dfe Auswahl an Geschmacksrichtungen & super g\u00fcnstig!\",\"breadcrumb\":{\"@id\":\"https:\/\/vapingnet.de\/vape\/bang-king-digital-15000-puffs-triple-fruit-ein-traum-fuer-alle-fruchtfans\/#breadcrumb\"},\"inLanguage\":\"lt-LT\",\"potentialAction\":[{\"@type\":\"ReadAction\",\"target\":[\"https:\/\/vapingnet.de\/vape\/bang-king-digital-15000-puffs-triple-fruit-ein-traum-fuer-alle-fruchtfans\/\"]}]},{\"@type\":\"ImageObject\",\"inLanguage\":\"lt-LT\",\"@id\":\"https:\/\/vapingnet.de\/vape\/bang-king-digital-15000-puffs-triple-fruit-ein-traum-fuer-alle-fruchtfans\/#primaryimage\",\"url\":\"https:\/\/vapingnet.de\/wp-content\/uploads\/2025\/03\/Triple-FAUIT.png\",\"contentUrl\":\"https:\/\/vapingnet.de\/wp-content\/uploads\/2025\/03\/Triple-FAUIT.png\",\"width\":900,\"height\":600,\"caption\":\"Triple FAUIT\"},{\"@type\":\"BreadcrumbList\",\"@id\":\"https:\/\/vapingnet.de\/vape\/bang-king-digital-15000-puffs-triple-fruit-ein-traum-fuer-alle-fruchtfans\/#breadcrumb\",\"itemListElement\":[{\"@type\":\"ListItem\",\"position\":1,\"name\":\"Home\",\"item\":\"https:\/\/vapingnet.de\/\"},{\"@type\":\"ListItem\",\"position\":2,\"name\":\"Shop\",\"item\":\"https:\/\/vapingnet.de\/vape\/\"},{\"@type\":\"ListItem\",\"position\":3,\"name\":\"Bang King Digital 15000 Puffs Triple Fruit Ein Traum f\u00fcr alle Fruchtfans\"}]},{\"@type\":\"WebSite\",\"@id\":\"https:\/\/vapingnet.de\/#website\",\"url\":\"https:\/\/vapingnet.de\/\",\"name\":\"Vapingnet.de\",\"description\":\"\",\"publisher\":{\"@id\":\"https:\/\/vapingnet.de\/#organization\"},\"potentialAction\":[{\"@type\":\"SearchAction\",\"target\":{\"@type\":\"EntryPoint\",\"urlTemplate\":\"https:\/\/vapingnet.de\/?s={search_term_string}\"},\"query-input\":{\"@type\":\"PropertyValueSpecification\",\"valueRequired\":true,\"valueName\":\"search_term_string\"}}],\"inLanguage\":\"lt-LT\"},{\"@type\":\"Organization\",\"@id\":\"https:\/\/vapingnet.de\/#organization\",\"name\":\"Vapingnet.de\",\"url\":\"https:\/\/vapingnet.de\/\",\"logo\":{\"@type\":\"ImageObject\",\"inLanguage\":\"lt-LT\",\"@id\":\"https:\/\/vapingnet.de\/#\/schema\/logo\/image\/\",\"url\":\"https:\/\/vapingnet.de\/wp-content\/uploads\/2025\/03\/cropped-vapingnet.de_.jpg\",\"contentUrl\":\"https:\/\/vapingnet.de\/wp-content\/uploads\/2025\/03\/cropped-vapingnet.de_.jpg\",\"width\":512,\"height\":512,\"caption\":\"Vapingnet.de\"},\"image\":{\"@id\":\"https:\/\/vapingnet.de\/#\/schema\/logo\/image\/\"},\"sameAs\":[\"https:\/\/www.facebook.com\/vapingnetde\/\"]}]}<\/script>\n<!-- \/ Yoast SEO plugin. -->","yoast_head_json":{"title":"Bang King Digital 15000 Puffs Triple Fruit Ein Traum f\u00fcr alle Fruchtfans | Vapingnet.de","description":"Entdecke Bang King Digital 15000 Puffs Triple Fruit Ein Traum f\u00fcr alle Fruchtfans bei vapingnet.de, \u25ba Gro\u00dfe Auswahl an Geschmacksrichtungen & super g\u00fcnstig!","robots":{"index":"index","follow":"follow","max-snippet":"max-snippet:-1","max-image-preview":"max-image-preview:large","max-video-preview":"max-video-preview:-1"},"canonical":"https:\/\/vapingnet.de\/lt\/vape\/bang-king-digital-15000-puffs-triple-fruit-ein-traum-fuer-alle-fruchtfans\/","og_locale":"lt_LT","og_type":"article","og_title":"Bang King Digital 15000 Puffs Triple Fruit Ein Traum f\u00fcr alle Fruchtfans | Vapingnet.de","og_description":"Entdecke Bang King Digital 15000 Puffs Triple Fruit Ein Traum f\u00fcr alle Fruchtfans bei vapingnet.de, \u25ba Gro\u00dfe Auswahl an Geschmacksrichtungen & super g\u00fcnstig!","og_url":"https:\/\/vapingnet.de\/lt\/vape\/bang-king-digital-15000-puffs-triple-fruit-ein-traum-fuer-alle-fruchtfans\/","og_site_name":"Vapingnet.de","article_publisher":"https:\/\/www.facebook.com\/vapingnetde\/","article_modified_time":"2025-06-19T03:42:03+00:00","og_image":[{"width":900,"height":600,"url":"https:\/\/vapingnet.de\/wp-content\/uploads\/2025\/03\/Triple-FAUIT.png","type":"image\/png"}],"twitter_card":"summary_large_image","twitter_misc":{"Est. reading time":"3 minutes"},"schema":{"@context":"https:\/\/schema.org","@graph":[{"@type":"WebPage","@id":"https:\/\/vapingnet.de\/vape\/bang-king-digital-15000-puffs-triple-fruit-ein-traum-fuer-alle-fruchtfans\/","url":"https:\/\/vapingnet.de\/vape\/bang-king-digital-15000-puffs-triple-fruit-ein-traum-fuer-alle-fruchtfans\/","name":"Bang King Digital 15000 Puffs Triple Fruit Ein Traum f\u00fcr alle Fruchtfans | Vapingnet.de","isPartOf":{"@id":"https:\/\/vapingnet.de\/#website"},"primaryImageOfPage":{"@id":"https:\/\/vapingnet.de\/vape\/bang-king-digital-15000-puffs-triple-fruit-ein-traum-fuer-alle-fruchtfans\/#primaryimage"},"image":{"@id":"https:\/\/vapingnet.de\/vape\/bang-king-digital-15000-puffs-triple-fruit-ein-traum-fuer-alle-fruchtfans\/#primaryimage"},"thumbnailUrl":"https:\/\/vapingnet.de\/wp-content\/uploads\/2025\/03\/Triple-FAUIT.png","datePublished":"2025-03-12T03:31:27+00:00","dateModified":"2025-06-19T03:42:03+00:00","description":"Entdecke Bang King Digital 15000 Puffs Triple Fruit Ein Traum f\u00fcr alle Fruchtfans bei vapingnet.de, \u25ba Gro\u00dfe Auswahl an Geschmacksrichtungen & super g\u00fcnstig!","breadcrumb":{"@id":"https:\/\/vapingnet.de\/vape\/bang-king-digital-15000-puffs-triple-fruit-ein-traum-fuer-alle-fruchtfans\/#breadcrumb"},"inLanguage":"lt-LT","potentialAction":[{"@type":"ReadAction","target":["https:\/\/vapingnet.de\/vape\/bang-king-digital-15000-puffs-triple-fruit-ein-traum-fuer-alle-fruchtfans\/"]}]},{"@type":"ImageObject","inLanguage":"lt-LT","@id":"https:\/\/vapingnet.de\/vape\/bang-king-digital-15000-puffs-triple-fruit-ein-traum-fuer-alle-fruchtfans\/#primaryimage","url":"https:\/\/vapingnet.de\/wp-content\/uploads\/2025\/03\/Triple-FAUIT.png","contentUrl":"https:\/\/vapingnet.de\/wp-content\/uploads\/2025\/03\/Triple-FAUIT.png","width":900,"height":600,"caption":"Triple FAUIT"},{"@type":"BreadcrumbList","@id":"https:\/\/vapingnet.de\/vape\/bang-king-digital-15000-puffs-triple-fruit-ein-traum-fuer-alle-fruchtfans\/#breadcrumb","itemListElement":[{"@type":"ListItem","position":1,"name":"Home","item":"https:\/\/vapingnet.de\/"},{"@type":"ListItem","position":2,"name":"Shop","item":"https:\/\/vapingnet.de\/vape\/"},{"@type":"ListItem","position":3,"name":"Bang King Digital 15000 Puffs Triple Fruit Ein Traum f\u00fcr alle Fruchtfans"}]},{"@type":"WebSite","@id":"https:\/\/vapingnet.de\/#website","url":"https:\/\/vapingnet.de\/","name":"Vapingnet.de","description":"","publisher":{"@id":"https:\/\/vapingnet.de\/#organization"},"potentialAction":[{"@type":"SearchAction","target":{"@type":"EntryPoint","urlTemplate":"https:\/\/vapingnet.de\/?s={search_term_string}"},"query-input":{"@type":"PropertyValueSpecification","valueRequired":true,"valueName":"search_term_string"}}],"inLanguage":"lt-LT"},{"@type":"Organization","@id":"https:\/\/vapingnet.de\/#organization","name":"Vapingnet.de","url":"https:\/\/vapingnet.de\/","logo":{"@type":"ImageObject","inLanguage":"lt-LT","@id":"https:\/\/vapingnet.de\/#\/schema\/logo\/image\/","url":"https:\/\/vapingnet.de\/wp-content\/uploads\/2025\/03\/cropped-vapingnet.de_.jpg","contentUrl":"https:\/\/vapingnet.de\/wp-content\/uploads\/2025\/03\/cropped-vapingnet.de_.jpg","width":512,"height":512,"caption":"Vapingnet.de"},"image":{"@id":"https:\/\/vapingnet.de\/#\/schema\/logo\/image\/"},"sameAs":["https:\/\/www.facebook.com\/vapingnetde\/"]}]}},"tiered_pricing_type":"fixed","tiered_pricing_fixed_rules":{"10":"6.83","60":"6.15","110":"5.46","200":"4.78"},"tiered_pricing_product_settings":{"layout":"default","base_unit_name":{"singular":null,"plural":null},"default_variation":null},"tiered_pricing_minimum_quantity":null,"tiered_pricing_roles_data":[],"tiered_pricing_percentage_rules":[],"_links":{"self":[{"href":"https:\/\/vapingnet.de\/lt\/wp-json\/wp\/v2\/product\/5096","targetHints":{"allow":["GET"]}}],"collection":[{"href":"https:\/\/vapingnet.de\/lt\/wp-json\/wp\/v2\/product"}],"about":[{"href":"https:\/\/vapingnet.de\/lt\/wp-json\/wp\/v2\/types\/product"}],"version-history":[{"count":3,"href":"https:\/\/vapingnet.de\/lt\/wp-json\/wp\/v2\/product\/5096\/revisions"}],"predecessor-version":[{"id":6312,"href":"https:\/\/vapingnet.de\/lt\/wp-json\/wp\/v2\/product\/5096\/revisions\/6312"}],"wp:featuredmedia":[{"embeddable":true,"href":"https:\/\/vapingnet.de\/lt\/wp-json\/wp\/v2\/media\/5097"}],"wp:attachment":[{"href":"https:\/\/vapingnet.de\/lt\/wp-json\/wp\/v2\/media?parent=5096"}],"wp:term":[{"taxonomy":"brand","embeddable":true,"href":"https:\/\/vapingnet.de\/lt\/wp-json\/wp\/v2\/etheme_brands?post=5096"},{"taxonomy":"product_brand","embeddable":true,"href":"https:\/\/vapingnet.de\/lt\/wp-json\/wp\/v2\/product_brand?post=5096"},{"taxonomy":"product_cat","embeddable":true,"href":"https:\/\/vapingnet.de\/lt\/wp-json\/wp\/v2\/product_cat?post=5096"},{"taxonomy":"product_tag","embeddable":true,"href":"https:\/\/vapingnet.de\/lt\/wp-json\/wp\/v2\/product_tag?post=5096"}],"curies":[{"name":"wp","href":"https:\/\/api.w.org\/{rel}","templated":true}]}}