{"id":5131,"date":"2025-12-13T07:41:03","date_gmt":"2025-12-13T07:41:03","guid":{"rendered":"https:\/\/vapingnet.de\/?post_type=product&#038;p=5131"},"modified":"2026-01-28T08:37:03","modified_gmt":"2026-01-28T08:37:03","slug":"erlebe-20000-zuege-mit-bang-blaze-mango-peach-watermelon","status":"publish","type":"product","link":"https:\/\/vapingnet.de\/lt\/vape\/erlebe-20000-zuege-mit-bang-blaze-mango-peach-watermelon\/","title":{"rendered":"Patirk 20000 p\u016btim\u0173 su Bang Blaze Mango Persikas Arb\u016bzas"},"content":{"rendered":"<h2 data-start=\"0\" data-end=\"129\">Bang Blaze 20000 P\u016b\u010di\u0173 \u2013 Tobulas mang\u0173-persik\u0173-vandensmeliono skonio patirtis ilgam \u012fkv\u0117pimo patyrimui!<\/h2>\n<p data-start=\"131\" data-end=\"567\">Elektronini\u0173 cigare\u010di\u0173 rinkoje Bang Blaze 20000 P\u016b\u010di\u0173 \u012fsitvirtino kaip i\u0161skirtinis produktas. Jis si\u016blo ne tik i\u0161skirtin\u012f na\u0161um\u0105, bet ir unikal\u0173 skonio potyr\u012f, kuris i\u0161lieka \u0161vie\u017eias kiekvieno \u012fkv\u0117pimo metu. Nesvarbu, ar esi pradedantysis, ar patyr\u0119s r\u016bkalius, <a href=\"https:\/\/vapingnet.de\/fr\/Brands\/bang-king-vape\/\" target=\"_blank\" rel=\"noopener\"><strong>Bang<\/strong> <\/a>atitinka tavo auk\u0161tus l\u016bkes\u010dius d\u0117l skonio ir na\u0161umo. Pa\u017evelkime kartu \u012f \u0161ios elektronin\u0117s cigaret\u0117s i\u0161skirtinumus!<\/p>\n<h4 data-start=\"569\" data-end=\"591\">Pagrindiniai privalumai:<\/h4>\n<ol data-start=\"593\" data-end=\"2277\">\n<li data-start=\"593\" data-end=\"921\">\n<p data-start=\"596\" data-end=\"630\">Ilgas \u012fkv\u0117pimo laikas \u2013 20 000 \u012fkv\u0117pim\u0173<\/p>\n<ul data-start=\"634\" data-end=\"921\">\n<li data-start=\"634\" data-end=\"921\">Bang Blaze 20000 P\u016b\u010di\u0173 si\u016blo ne\u012ftik\u0117tin\u0105 \u012fkv\u0117pimo laik\u0105 iki 20 000 \u012fkv\u0117pim\u0173, tod\u0117l nereik\u0117s nuolat keisti \u012frenginio. Nesvarbu, ar naudoji j\u012f kasdieniam naudojimui, ar ilgesniems \u012fkv\u0117pimo potyriams, \u0161is \u012frenginys u\u017etikrina ilgalaik\u012f naudojim\u0105.<\/li>\n<\/ul>\n<\/li>\n<li data-start=\"923\" data-end=\"1260\">\n<p data-start=\"926\" data-end=\"994\">Dul Mesh Coil \u2013 Efektyvus \u0161ildymas skland\u017eiam skoniui<\/p>\n<ul data-start=\"998\" data-end=\"1260\">\n<li data-start=\"998\" data-end=\"1260\">Su pa\u017eangiu Dul Mesh Coil (1.0\u03a9) Bang Blaze u\u017etikrina vienod\u0105 ir greit\u0105 \u0161ildym\u0105, kuris sukuria \u0161veln\u0173 ir pilnavert\u012f gar\u0105. Kiekvienas \u012fkv\u0117pimas i\u0161lieka stabilus ir sklandus, leid\u017eiant jums m\u0117gautis nuolat maloniu \u012fkv\u0117pimo patyrimu.<\/li>\n<\/ul>\n<\/li>\n<li data-start=\"1262\" data-end=\"1606\">\n<p data-start=\"1265\" data-end=\"1334\">Mango, Persikas, Vandensmelionas \u2013 Tobula vasaros vaisi\u0173 mi\u0161inio kombinacija<\/p>\n<ul data-start=\"1338\" data-end=\"1606\">\n<li data-start=\"1338\" data-end=\"1606\">Mango, persiko ir vandensmeliono derinys sukuria gaiv\u0173, sald\u0173 ir vaisi\u0161k\u0105 skon\u012f. Kiekvienas \u012fkv\u0117pimas leid\u017eia jaustis tarsi stov\u0117tum prie vaisi\u0173 sodo, o j\u016bs\u0173 skonio receptoriai d\u017ei\u016bgauja nuo intensyvios vaisi\u0161kumo gaivos.<\/li>\n<\/ul>\n<\/li>\n<li data-start=\"1608\" data-end=\"1996\">\n<p data-start=\"1611\" data-end=\"1682\">\u012evair\u016bs nikotino stiprumai \u2013 Tinkamas pasirinkimas kiekvieno skoniui<\/p>\n<ul data-start=\"1686\" data-end=\"1996\">\n<li data-start=\"1686\" data-end=\"1996\">Bang Blaze 20000 P\u016b\u010di\u0173 si\u016blo \u012fvairius nikotino stiprumus: 0%, 2%, 3% ir 5%. Nesvarbu, ar m\u0117gsti \u0161veln\u0173, ar stipresn\u012f skon\u012f, rasite sau tinkam\u0105 stiprum\u0105. Ypa\u010d 0% ir 3% nikotino stiprumai gali b\u016bti u\u017esakomi dideliais kiekiais, kas padidina patogum\u0105.<\/li>\n<\/ul>\n<\/li>\n<li data-start=\"1998\" data-end=\"2277\">\n<p data-start=\"2001\" data-end=\"2055\">Type-C jungtis \u2013 Greitas \u012fkrovimas, visada pasiruo\u0161\u0119s<\/p>\n<ul data-start=\"2059\" data-end=\"2277\">\n<li data-start=\"2059\" data-end=\"2277\">Type-C jungtis leid\u017eia greitai \u012fkrauti \u012frengin\u012f, tod\u0117l gal\u0117si v\u0117l m\u0117gautis \u012fkv\u0117pimu per trumpiausi\u0105 laik\u0105. Nesvarbu, ar esi kelyje, ar namuose, Bang Blaze visada pasiruo\u0161\u0119s suteikti tau puik\u0173 \u012fkv\u0117pimo patirt\u012f.<\/li>\n<\/ul>\n<\/li>\n<\/ol>\n<h4 data-start=\"2279\" data-end=\"2332\">Greitas pristatymas ir be r\u016bpes\u010di\u0173 pirkimas<\/h4>\n<ul data-start=\"2334\" data-end=\"2932\">\n<li data-start=\"2334\" data-end=\"2619\">\n<p data-start=\"2336\" data-end=\"2384\">Tiesioginis siuntimas i\u0161 Bremeno, be muitin\u0117s mokes\u010di\u0173<\/p>\n<ul data-start=\"2388\" data-end=\"2619\">\n<li data-start=\"2388\" data-end=\"2619\">Bang Blaze 20000 P\u016b\u010di\u0173 siun\u010diama tiesiai i\u0161 m\u016bs\u0173 sand\u0117lio Lietuvoje, tod\u0117l nereik\u0117s jaudintis d\u0117l muitin\u0117s mokes\u010di\u0173. Pristatymas trunka 2-4 dienas \u2013 u\u017etikrinamas sklandus pirkimo procesas.<\/li>\n<\/ul>\n<\/li>\n<li data-start=\"2621\" data-end=\"2932\">\n<p data-start=\"2623\" data-end=\"2666\">Kompakti\u0161kas ir ne\u0161iojamas, m\u0117gaukis bet kada<\/p>\n<ul data-start=\"2670\" data-end=\"2932\">\n<li data-start=\"2670\" data-end=\"2932\">Nepaisant didel\u0117s talpos, Bang Blaze sveria tik 85 g, tod\u0117l yra lengvas ir ne\u0161iojamas. J\u012f galima lengvai \u012fsid\u0117ti \u012f ki\u0161en\u0119 ar kuprin\u0119 ir m\u0117gautis bet kada \u2013 keliaujant, darbe ar susitikus su draugais.<\/li>\n<\/ul>\n<\/li>\n<\/ul>\n<p>Kod\u0117l verta rinktis Bang Blaze 20000 Puffs:<\/p>\n<ul data-start=\"2996\" data-end=\"3440\">\n<li data-start=\"2996\" data-end=\"3070\">Ilgas \u012fkv\u0117pimo laikas:<a href=\"https:\/\/vapingnet.de\/lt\/k\/vape-20000-zuege\/\" target=\"_blank\" rel=\"noopener\"><strong> 20 000 \u012fkv\u0117pim\u0173<\/strong><\/a> u\u017e ilgalaik\u012f \u012fkv\u0117pimo patyrim\u0105.<\/li>\n<li data-start=\"3071\" data-end=\"3190\">Puikus skonis: mango, persikas ir vandensmelionas si\u016blo unikal\u0173, gaiv\u0173 vaisi\u0173 mi\u0161in\u012f.<\/li>\n<li data-start=\"3191\" data-end=\"3284\">Greitas \u012fkrovimas: Tipo-C jungtis greitam \u012fkrovimui ir i\u0161 karto prieinamumui.<\/li>\n<li data-start=\"3285\" data-end=\"3369\">Tiesioginis pristatymas i\u0161 Bremeno: pristatymas per 2-4 dienas be muit\u0173 mokes\u010di\u0173.<\/li>\n<li data-start=\"3370\" data-end=\"3440\">Lengvas ir ne\u0161iojamas: Svoris tik 85 g, patogus keliaujant.<\/li>\n<\/ul>\n<h4 data-start=\"3442\" data-end=\"3505\">Dabar pirkti ir m\u0117gautis galutiniu garinimo patirtimi!<\/h4>\n<p data-start=\"3507\" data-end=\"3923\" data-is-last-node=\"\" data-is-only-node=\"\">Jei ie\u0161kote galingos, unikal\u0173 skon\u012f turin\u010dios ir ne\u0161iojamos elektronin\u0117s cigaret\u0117s, Bang Blaze 20000 Puffs yra tobulas pasirinkimas. Apsilankykite dabar <a href=\"https:\/\/vapingnet.de\/lt\/\" target=\"_new\" rel=\"noopener\" data-start=\"3670\" data-end=\"3706\">vapingnet.de<\/a> ir u\u017esisakykite tiesiogiai m\u016bs\u0173 svetain\u0117je. M\u0117gaukit\u0117s greitu pristatymu ir i\u0161skirtine garinimo patirtimi, kuri\u0105 suteikia Bang Blaze 20000 Puffs! U\u017esisakykite dabar ir patirkite \u0161ios elektronin\u0117s cigaret\u0117s auk\u0161\u010diausi\u0105 gali\u0105!<\/p>","protected":false},"excerpt":{"rendered":"<p>Bang Blaze 20000 Puf\u0173 \u2013 Tobulas mang\u0173, persik\u0173 ir arb\u016bz\u0173 skonio patirtis ilgalaikiam garinimui! Rinkoje Bang Blaze 20000 Puf\u0173 i\u0161siskiria kaip i\u0161skirtinis...<\/p>","protected":false},"featured_media":6844,"template":"","meta":[],"etheme_brands":[],"product_brand":[101],"product_cat":[54,49,61],"product_tag":[],"class_list":{"0":"post-5131","1":"product","2":"type-product","3":"status-publish","4":"has-post-thumbnail","6":"product_brand-bang-king-vape","7":"product_cat-vape-20000-zuege","8":"product_cat-einweg-e-zigarette","9":"product_cat-f","11":"first","12":"instock","13":"shipping-taxable","14":"purchasable","15":"product-type-simple"},"yoast_head":"<!-- This site is optimized with the Yoast SEO plugin v26.5 - https:\/\/yoast.com\/wordpress\/plugins\/seo\/ -->\n<title>Erlebe 20000 Z\u00fcge mit Bang Blaze Mango Peach Watermelon | Vapingnet.de<\/title>\n<meta name=\"description\" content=\"Entdecke Erlebe 20000 Z\u00fcge mit Bang Blaze Mango Peach Watermelon bei vapingnet.de, \u25ba Gro\u00dfe Auswahl an Geschmacksrichtungen &amp; super g\u00fcnstig!\" \/>\n<meta name=\"robots\" content=\"index, follow, max-snippet:-1, max-image-preview:large, max-video-preview:-1\" \/>\n<link rel=\"canonical\" href=\"https:\/\/vapingnet.de\/lt\/vape\/erlebe-20000-zuege-mit-bang-blaze-mango-peach-watermelon\/\" \/>\n<meta property=\"og:locale\" content=\"lt_LT\" \/>\n<meta property=\"og:type\" content=\"article\" \/>\n<meta property=\"og:title\" content=\"Erlebe 20000 Z\u00fcge mit Bang Blaze Mango Peach Watermelon | Vapingnet.de\" \/>\n<meta property=\"og:description\" content=\"Entdecke Erlebe 20000 Z\u00fcge mit Bang Blaze Mango Peach Watermelon bei vapingnet.de, \u25ba Gro\u00dfe Auswahl an Geschmacksrichtungen &amp; super g\u00fcnstig!\" \/>\n<meta property=\"og:url\" content=\"https:\/\/vapingnet.de\/lt\/vape\/erlebe-20000-zuege-mit-bang-blaze-mango-peach-watermelon\/\" \/>\n<meta property=\"og:site_name\" content=\"Vapingnet.de\" \/>\n<meta property=\"article:publisher\" content=\"https:\/\/www.facebook.com\/vapingnetde\/\" \/>\n<meta property=\"article:modified_time\" content=\"2026-01-28T08:37:03+00:00\" \/>\n<meta property=\"og:image\" content=\"https:\/\/vapingnet.de\/wp-content\/uploads\/2025\/03\/bang-blaze.jpg\" \/>\n\t<meta property=\"og:image:width\" content=\"1000\" \/>\n\t<meta property=\"og:image:height\" content=\"1000\" \/>\n\t<meta property=\"og:image:type\" content=\"image\/jpeg\" \/>\n<meta name=\"twitter:card\" content=\"summary_large_image\" \/>\n<meta name=\"twitter:label1\" content=\"Est. reading time\" \/>\n\t<meta name=\"twitter:data1\" content=\"4 minutes\" \/>\n<script type=\"application\/ld+json\" class=\"yoast-schema-graph\">{\"@context\":\"https:\/\/schema.org\",\"@graph\":[{\"@type\":\"WebPage\",\"@id\":\"https:\/\/vapingnet.de\/vape\/erlebe-20000-zuege-mit-bang-blaze-mango-peach-watermelon\/\",\"url\":\"https:\/\/vapingnet.de\/vape\/erlebe-20000-zuege-mit-bang-blaze-mango-peach-watermelon\/\",\"name\":\"Erlebe 20000 Z\u00fcge mit Bang Blaze Mango Peach Watermelon | Vapingnet.de\",\"isPartOf\":{\"@id\":\"https:\/\/vapingnet.de\/#website\"},\"primaryImageOfPage\":{\"@id\":\"https:\/\/vapingnet.de\/vape\/erlebe-20000-zuege-mit-bang-blaze-mango-peach-watermelon\/#primaryimage\"},\"image\":{\"@id\":\"https:\/\/vapingnet.de\/vape\/erlebe-20000-zuege-mit-bang-blaze-mango-peach-watermelon\/#primaryimage\"},\"thumbnailUrl\":\"https:\/\/vapingnet.de\/wp-content\/uploads\/2025\/03\/bang-blaze.jpg\",\"datePublished\":\"2025-12-13T07:41:03+00:00\",\"dateModified\":\"2026-01-28T08:37:03+00:00\",\"description\":\"Entdecke Erlebe 20000 Z\u00fcge mit Bang Blaze Mango Peach Watermelon bei vapingnet.de, \u25ba Gro\u00dfe Auswahl an Geschmacksrichtungen & super g\u00fcnstig!\",\"breadcrumb\":{\"@id\":\"https:\/\/vapingnet.de\/vape\/erlebe-20000-zuege-mit-bang-blaze-mango-peach-watermelon\/#breadcrumb\"},\"inLanguage\":\"lt-LT\",\"potentialAction\":[{\"@type\":\"ReadAction\",\"target\":[\"https:\/\/vapingnet.de\/vape\/erlebe-20000-zuege-mit-bang-blaze-mango-peach-watermelon\/\"]}]},{\"@type\":\"ImageObject\",\"inLanguage\":\"lt-LT\",\"@id\":\"https:\/\/vapingnet.de\/vape\/erlebe-20000-zuege-mit-bang-blaze-mango-peach-watermelon\/#primaryimage\",\"url\":\"https:\/\/vapingnet.de\/wp-content\/uploads\/2025\/03\/bang-blaze.jpg\",\"contentUrl\":\"https:\/\/vapingnet.de\/wp-content\/uploads\/2025\/03\/bang-blaze.jpg\",\"width\":1000,\"height\":1000},{\"@type\":\"BreadcrumbList\",\"@id\":\"https:\/\/vapingnet.de\/vape\/erlebe-20000-zuege-mit-bang-blaze-mango-peach-watermelon\/#breadcrumb\",\"itemListElement\":[{\"@type\":\"ListItem\",\"position\":1,\"name\":\"Home\",\"item\":\"https:\/\/vapingnet.de\/\"},{\"@type\":\"ListItem\",\"position\":2,\"name\":\"Shop\",\"item\":\"https:\/\/vapingnet.de\/vape\/\"},{\"@type\":\"ListItem\",\"position\":3,\"name\":\"Erlebe 20000 Z\u00fcge mit Bang Blaze Mango Peach Watermelon\"}]},{\"@type\":\"WebSite\",\"@id\":\"https:\/\/vapingnet.de\/#website\",\"url\":\"https:\/\/vapingnet.de\/\",\"name\":\"Vapingnet.de\",\"description\":\"\",\"publisher\":{\"@id\":\"https:\/\/vapingnet.de\/#organization\"},\"potentialAction\":[{\"@type\":\"SearchAction\",\"target\":{\"@type\":\"EntryPoint\",\"urlTemplate\":\"https:\/\/vapingnet.de\/?s={search_term_string}\"},\"query-input\":{\"@type\":\"PropertyValueSpecification\",\"valueRequired\":true,\"valueName\":\"search_term_string\"}}],\"inLanguage\":\"lt-LT\"},{\"@type\":\"Organization\",\"@id\":\"https:\/\/vapingnet.de\/#organization\",\"name\":\"Vapingnet.de\",\"url\":\"https:\/\/vapingnet.de\/\",\"logo\":{\"@type\":\"ImageObject\",\"inLanguage\":\"lt-LT\",\"@id\":\"https:\/\/vapingnet.de\/#\/schema\/logo\/image\/\",\"url\":\"https:\/\/vapingnet.de\/wp-content\/uploads\/2025\/03\/cropped-vapingnet.de_.jpg\",\"contentUrl\":\"https:\/\/vapingnet.de\/wp-content\/uploads\/2025\/03\/cropped-vapingnet.de_.jpg\",\"width\":512,\"height\":512,\"caption\":\"Vapingnet.de\"},\"image\":{\"@id\":\"https:\/\/vapingnet.de\/#\/schema\/logo\/image\/\"},\"sameAs\":[\"https:\/\/www.facebook.com\/vapingnetde\/\"]}]}<\/script>\n<!-- \/ Yoast SEO plugin. -->","yoast_head_json":{"title":"Erlebe 20000 Z\u00fcge mit Bang Blaze Mango Peach Watermelon | Vapingnet.de","description":"Entdecke Erlebe 20000 Z\u00fcge mit Bang Blaze Mango Peach Watermelon bei vapingnet.de, \u25ba Gro\u00dfe Auswahl an Geschmacksrichtungen & super g\u00fcnstig!","robots":{"index":"index","follow":"follow","max-snippet":"max-snippet:-1","max-image-preview":"max-image-preview:large","max-video-preview":"max-video-preview:-1"},"canonical":"https:\/\/vapingnet.de\/lt\/vape\/erlebe-20000-zuege-mit-bang-blaze-mango-peach-watermelon\/","og_locale":"lt_LT","og_type":"article","og_title":"Erlebe 20000 Z\u00fcge mit Bang Blaze Mango Peach Watermelon | Vapingnet.de","og_description":"Entdecke Erlebe 20000 Z\u00fcge mit Bang Blaze Mango Peach Watermelon bei vapingnet.de, \u25ba Gro\u00dfe Auswahl an Geschmacksrichtungen & super g\u00fcnstig!","og_url":"https:\/\/vapingnet.de\/lt\/vape\/erlebe-20000-zuege-mit-bang-blaze-mango-peach-watermelon\/","og_site_name":"Vapingnet.de","article_publisher":"https:\/\/www.facebook.com\/vapingnetde\/","article_modified_time":"2026-01-28T08:37:03+00:00","og_image":[{"width":1000,"height":1000,"url":"https:\/\/vapingnet.de\/wp-content\/uploads\/2025\/03\/bang-blaze.jpg","type":"image\/jpeg"}],"twitter_card":"summary_large_image","twitter_misc":{"Est. reading time":"4 minutes"},"schema":{"@context":"https:\/\/schema.org","@graph":[{"@type":"WebPage","@id":"https:\/\/vapingnet.de\/vape\/erlebe-20000-zuege-mit-bang-blaze-mango-peach-watermelon\/","url":"https:\/\/vapingnet.de\/vape\/erlebe-20000-zuege-mit-bang-blaze-mango-peach-watermelon\/","name":"Erlebe 20000 Z\u00fcge mit Bang Blaze Mango Peach Watermelon | Vapingnet.de","isPartOf":{"@id":"https:\/\/vapingnet.de\/#website"},"primaryImageOfPage":{"@id":"https:\/\/vapingnet.de\/vape\/erlebe-20000-zuege-mit-bang-blaze-mango-peach-watermelon\/#primaryimage"},"image":{"@id":"https:\/\/vapingnet.de\/vape\/erlebe-20000-zuege-mit-bang-blaze-mango-peach-watermelon\/#primaryimage"},"thumbnailUrl":"https:\/\/vapingnet.de\/wp-content\/uploads\/2025\/03\/bang-blaze.jpg","datePublished":"2025-12-13T07:41:03+00:00","dateModified":"2026-01-28T08:37:03+00:00","description":"Entdecke Erlebe 20000 Z\u00fcge mit Bang Blaze Mango Peach Watermelon bei vapingnet.de, \u25ba Gro\u00dfe Auswahl an Geschmacksrichtungen & super g\u00fcnstig!","breadcrumb":{"@id":"https:\/\/vapingnet.de\/vape\/erlebe-20000-zuege-mit-bang-blaze-mango-peach-watermelon\/#breadcrumb"},"inLanguage":"lt-LT","potentialAction":[{"@type":"ReadAction","target":["https:\/\/vapingnet.de\/vape\/erlebe-20000-zuege-mit-bang-blaze-mango-peach-watermelon\/"]}]},{"@type":"ImageObject","inLanguage":"lt-LT","@id":"https:\/\/vapingnet.de\/vape\/erlebe-20000-zuege-mit-bang-blaze-mango-peach-watermelon\/#primaryimage","url":"https:\/\/vapingnet.de\/wp-content\/uploads\/2025\/03\/bang-blaze.jpg","contentUrl":"https:\/\/vapingnet.de\/wp-content\/uploads\/2025\/03\/bang-blaze.jpg","width":1000,"height":1000},{"@type":"BreadcrumbList","@id":"https:\/\/vapingnet.de\/vape\/erlebe-20000-zuege-mit-bang-blaze-mango-peach-watermelon\/#breadcrumb","itemListElement":[{"@type":"ListItem","position":1,"name":"Home","item":"https:\/\/vapingnet.de\/"},{"@type":"ListItem","position":2,"name":"Shop","item":"https:\/\/vapingnet.de\/vape\/"},{"@type":"ListItem","position":3,"name":"Erlebe 20000 Z\u00fcge mit Bang Blaze Mango Peach Watermelon"}]},{"@type":"WebSite","@id":"https:\/\/vapingnet.de\/#website","url":"https:\/\/vapingnet.de\/","name":"Vapingnet.de","description":"","publisher":{"@id":"https:\/\/vapingnet.de\/#organization"},"potentialAction":[{"@type":"SearchAction","target":{"@type":"EntryPoint","urlTemplate":"https:\/\/vapingnet.de\/?s={search_term_string}"},"query-input":{"@type":"PropertyValueSpecification","valueRequired":true,"valueName":"search_term_string"}}],"inLanguage":"lt-LT"},{"@type":"Organization","@id":"https:\/\/vapingnet.de\/#organization","name":"Vapingnet.de","url":"https:\/\/vapingnet.de\/","logo":{"@type":"ImageObject","inLanguage":"lt-LT","@id":"https:\/\/vapingnet.de\/#\/schema\/logo\/image\/","url":"https:\/\/vapingnet.de\/wp-content\/uploads\/2025\/03\/cropped-vapingnet.de_.jpg","contentUrl":"https:\/\/vapingnet.de\/wp-content\/uploads\/2025\/03\/cropped-vapingnet.de_.jpg","width":512,"height":512,"caption":"Vapingnet.de"},"image":{"@id":"https:\/\/vapingnet.de\/#\/schema\/logo\/image\/"},"sameAs":["https:\/\/www.facebook.com\/vapingnetde\/"]}]}},"tiered_pricing_type":"fixed","tiered_pricing_fixed_rules":{"10":"7.59","60":"6.83","110":"6.07","200":"5.31"},"tiered_pricing_product_settings":{"layout":"default","base_unit_name":{"singular":null,"plural":null},"default_variation":null},"tiered_pricing_minimum_quantity":null,"tiered_pricing_roles_data":[],"tiered_pricing_percentage_rules":[],"_links":{"self":[{"href":"https:\/\/vapingnet.de\/lt\/wp-json\/wp\/v2\/product\/5131","targetHints":{"allow":["GET"]}}],"collection":[{"href":"https:\/\/vapingnet.de\/lt\/wp-json\/wp\/v2\/product"}],"about":[{"href":"https:\/\/vapingnet.de\/lt\/wp-json\/wp\/v2\/types\/product"}],"version-history":[{"count":4,"href":"https:\/\/vapingnet.de\/lt\/wp-json\/wp\/v2\/product\/5131\/revisions"}],"predecessor-version":[{"id":7304,"href":"https:\/\/vapingnet.de\/lt\/wp-json\/wp\/v2\/product\/5131\/revisions\/7304"}],"wp:featuredmedia":[{"embeddable":true,"href":"https:\/\/vapingnet.de\/lt\/wp-json\/wp\/v2\/media\/6844"}],"wp:attachment":[{"href":"https:\/\/vapingnet.de\/lt\/wp-json\/wp\/v2\/media?parent=5131"}],"wp:term":[{"taxonomy":"brand","embeddable":true,"href":"https:\/\/vapingnet.de\/lt\/wp-json\/wp\/v2\/etheme_brands?post=5131"},{"taxonomy":"product_brand","embeddable":true,"href":"https:\/\/vapingnet.de\/lt\/wp-json\/wp\/v2\/product_brand?post=5131"},{"taxonomy":"product_cat","embeddable":true,"href":"https:\/\/vapingnet.de\/lt\/wp-json\/wp\/v2\/product_cat?post=5131"},{"taxonomy":"product_tag","embeddable":true,"href":"https:\/\/vapingnet.de\/lt\/wp-json\/wp\/v2\/product_tag?post=5131"}],"curies":[{"name":"wp","href":"https:\/\/api.w.org\/{rel}","templated":true}]}}