{"id":5134,"date":"2025-03-12T07:47:16","date_gmt":"2025-03-12T07:47:16","guid":{"rendered":"https:\/\/vapingnet.de\/?post_type=product&#038;p=5134"},"modified":"2025-06-19T03:42:01","modified_gmt":"2025-06-19T03:42:01","slug":"20-000-zuege-voller-aroma-bang-blaze-watermelon-bubblegum","status":"publish","type":"product","link":"https:\/\/vapingnet.de\/lt\/vape\/20-000-zuege-voller-aroma-bang-blaze-watermelon-bubblegum\/","title":{"rendered":"20 000 p\u016btim\u0173 su aromatu Bang Blaze Arb\u016bzas Kramtomoji guma"},"content":{"rendered":"<h2 data-start=\"0\" data-end=\"112\" data-immersive-translate-paragraph=\"1\" data-immersive-translate-walked=\"1e0d7aa3-5882-432b-89e3-9db3fb44fb98\">Bang Blaze 20000 Puffs \u2013 Patirkite arb\u016bzo ir kramtomosios gumos skon\u012f ilgalaikiam gar\u0173 malonumui!<\/h2>\n<p data-start=\"114\" data-end=\"587\" data-immersive-translate-walked=\"1e0d7aa3-5882-432b-89e3-9db3fb44fb98\" data-immersive-translate-paragraph=\"1\">Jei esate auk\u0161tos kokyb\u0117s elektronini\u0173 cigare\u010di\u0173 m\u0117g\u0117jas, tada Bang Blaze 20000 Puffs tikrai yra pasirinkimas, kurio negalite praleisti. Kaip <a href=\"https:\/\/vapingnet.de\/lt\/k\/einweg-e-zigarette\/\" target=\"_blank\" rel=\"noopener\"><strong>Vienkartin\u0117 elektronin\u0117 cigaret\u0117<\/strong><\/a> si\u016blo ne tik nepaprastai ilg\u0105 gar\u0173 trukm\u0119, bet ir puikiai sujungia arb\u016bzo ir kramtomosios gumos skon\u012f, suteikdama jums sald\u017ei\u0173 prisiminim\u0173 skonio patirt\u012f. Dabar atraskime \u0161io produkto akcentus ir su\u017einokime, kas daro j\u012f ypatingu!<\/p>\n<h4 data-start=\"589\" data-end=\"616\" data-immersive-translate-walked=\"1e0d7aa3-5882-432b-89e3-9db3fb44fb98\">Produkto akcentai:<\/h4>\n<p data-start=\"618\" data-end=\"660\" data-immersive-translate-walked=\"1e0d7aa3-5882-432b-89e3-9db3fb44fb98\" data-immersive-translate-paragraph=\"1\">1. Ilga gar\u0173 trukm\u0117 \u2013 20 000 \u012fkv\u0117pim\u0173<\/p>\n<p data-start=\"662\" data-end=\"956\" data-immersive-translate-walked=\"1e0d7aa3-5882-432b-89e3-9db3fb44fb98\" data-immersive-translate-paragraph=\"1\">Bang Blaze 20000 Puffs si\u016blo ne\u012ftik\u0117tin\u0105 iki 20 000 \u012fkv\u0117pim\u0173 gar\u0173 trukm\u0119, tod\u0117l nereik\u0117s jaudintis d\u0117l da\u017en\u0173 \u012frenginio keitim\u0173. Kiekvienas \u012fkv\u0117pimas i\u0161lieka vienodas ir skoninis, tod\u0117l jis yra idealus kasdieniam naudojimui arba ilgesn\u0117ms gar\u0173 sesijoms.<\/p>\n<p data-start=\"958\" data-end=\"1029\" data-immersive-translate-walked=\"1e0d7aa3-5882-432b-89e3-9db3fb44fb98\" data-immersive-translate-paragraph=\"1\">2. Dul Mesh Coil \u2013 Stabilus \u0161ildymo sistema vienodam garui<\/p>\n<p data-start=\"1031\" data-end=\"1342\" data-immersive-translate-walked=\"1e0d7aa3-5882-432b-89e3-9db3fb44fb98\" data-immersive-translate-paragraph=\"1\">Bang Blaze yra su Dul Mesh Coil (1.0\u03a9), u\u017etikrinan\u010diu vienod\u0105 ir efektyv\u0173 \u0161ildym\u0105. Taip gal\u0117site b\u016bti tikri, kad kiekvienas \u012fkv\u0117pimas bus \u0161velnus ir skoningas. \u0160i pa\u017eangi technologija u\u017etikrina, kad garas visada b\u016bt\u0173 vienodas ir pilnas skonio.<\/p>\n<p data-start=\"1344\" data-end=\"1426\" data-immersive-translate-walked=\"1e0d7aa3-5882-432b-89e3-9db3fb44fb98\" data-immersive-translate-paragraph=\"1\">3. Arb\u016bzo ir kramtomosios gumos skonis \u2013 gaivus ir saldus vienu metu<\/p>\n<p data-start=\"1428\" data-end=\"1801\" data-immersive-translate-walked=\"1e0d7aa3-5882-432b-89e3-9db3fb44fb98\">Arb\u016bzo ir kramtomosios gumos skonis Bang Blaze 20000 Puffs yra tobula gaivumo ir saldumo kombinacija. Kiekvienas \u012fkv\u0117pimas primena vasaros pasivaik\u0161\u010diojim\u0105, kai esi apsuptas arb\u016bzo vaisingumo ir kramtomosios gumos saldumo. Tikra skonio patirtis visiems vaisini\u0173 ir sald\u017ei\u0173 aromat\u0173 m\u0117g\u0117jams!<\/p>\n<p data-start=\"1803\" data-end=\"1880\" data-immersive-translate-walked=\"1e0d7aa3-5882-432b-89e3-9db3fb44fb98\">4. Skirtingi nikotino stiprumai \u2013 pritaikyta patirtis<\/p>\n<p data-start=\"1882\" data-end=\"2191\">Bang Blaze 20000 Puffs si\u016blo \u012fvairius nikotino stiprumus: 0%, 2%, 3% ir 5%. Galite pasirinkti jums tinkamiausi\u0105 nikotino stiprum\u0105, priklausomai nuo to, ar norite \u0161velnaus, ar stipresnio garo. Ypa\u010d didel\u0117s kiekio u\u017esakymams tinkamos 0% ir 3% versijos.<\/p>\n<p data-start=\"2193\" data-end=\"2260\">5. Greitas \u012fkrovimas \u2013 Tipo-C jungtis i\u0161 karto malonumui<\/p>\n<p data-start=\"2262\" data-end=\"2515\">Tipo-C jungtis leid\u017eia greitai \u012fkrauti \u012frengin\u012f, tod\u0117l visada b\u016bsite pasiruo\u0161\u0119s. Nesvarbu, ar esate kelyje, ar namuose, su greitu \u012fkrovikliu Bang Blaze visada pasiruo\u0161\u0119s suteikti nepamir\u0161tam\u0105 gar\u0173 patirt\u012f.<\/p>\n<h4 data-start=\"2517\" data-end=\"2599\">Skaidrus pirkimas \u2013 tiesioginis siuntimas i\u0161 Deutschland, be muitin\u0117s mokes\u010di\u0173<\/h4>\n<ul data-start=\"2601\" data-end=\"3211\">\n<li data-start=\"2601\" data-end=\"2895\">\n<p data-start=\"2603\" data-end=\"2895\">Tiesioginis siuntimas i\u0161 Bremeno, be muitin\u0117s mokes\u010di\u0173<br data-start=\"2651\" data-end=\"2654\" \/>Visi u\u017esakymai siun\u010diami tiesiai i\u0161 m\u016bs\u0173 sand\u0117lio Bremene, tod\u0117l nereik\u0117s jaudintis d\u0117l <a href=\"https:\/\/vapingnet.de\/lt\/k\/f\/\" target=\"_blank\" rel=\"noopener\"><strong>muitin\u0117s mokes\u010di\u0173<\/strong><\/a> ar pasl\u0117pt\u0173 i\u0161laid\u0173. Su 2-4 dien\u0173 pristatymo laiku gausite savo u\u017esakym\u0105 greitai ir patikimai.<\/p>\n<\/li>\n<li data-start=\"2897\" data-end=\"3211\">\n<p data-start=\"2899\" data-end=\"3211\">Kompakti\u0161kas ir ne\u0161iojamas \u2013 m\u0117gaukit\u0117s bet kur ir bet kada<br data-start=\"2951\" data-end=\"2954\" \/>Nepaisant didel\u0117s talpos, Bang Blaze sveria tik 85 g ir yra itin lengvas bei kompakti\u0161kas. J\u012f galite lengvai \u012fsid\u0117ti \u012f savo rankin\u0119 ar kuprin\u0119 ir m\u0117gautis bet kuriuo metu \u2013 keliaudami, darbe ar susitikime su draugais.<\/p>\n<\/li>\n<\/ul>\n<h3>Kod\u0117l tur\u0117tum pasirinkti Bang Blaze 20000 \u012fkv\u0117pim\u0173?<\/h3>\n<ul data-start=\"3289\" data-end=\"3754\">\n<li data-start=\"3289\" data-end=\"3364\">Ilgas garavimo laikas: iki 20 000 \u012fkv\u0117pim\u0173, u\u017etikrinan\u010di\u0173 ilgalaik\u012f gar\u0173 malonum\u0105.<\/li>\n<li data-start=\"3365\" data-end=\"3499\">Unikalus skonis: tobulai suderinta arb\u016bzo ir kramtomosios gumos kombinacija, suteikianti gaiv\u0173 ir sald\u0173 skonio poj\u016bt\u012f.<\/li>\n<li data-start=\"3500\" data-end=\"3590\">Greitas \u012fkrovimas: Tipo-C jungtis greitam \u012fkrovimui ir galimyb\u0117 m\u0117gautis bet kuriuo metu.<\/li>\n<li data-start=\"3591\" data-end=\"3678\">Tiesioginis siuntimas i\u0161 Deutschland: siuntimas per 2-4 dienas be muitin\u0117s mokes\u010di\u0173.<\/li>\n<li data-start=\"3679\" data-end=\"3754\">Lengvas ir ne\u0161iojamas: sveria tik 85 g ir lengvai transportuojamas.<\/li>\n<\/ul>\n<h4 data-start=\"3756\" data-end=\"3844\">Pirkite dabar ir m\u0117gaukit\u0117s i\u0161skirtiniu arb\u016bzo ir kramtomosios gumos skoniu!<\/h4>\n<p data-start=\"3846\" data-end=\"4224\" data-is-last-node=\"\" data-is-only-node=\"\">Jei ie\u0161kote galingos ir unikal\u0173 skon\u012f turin\u010dios elektronin\u0117s cigaret\u0117s, Bang Blaze 20000 \u012fkv\u0117pim\u0173 yra j\u016bs\u0173 tobulas pasirinkimas. Apsilankykite m\u016bs\u0173 svetain\u0117je dabar <a href=\"https:\/\/vapingnet.de\/lt\/\" target=\"_new\" rel=\"noopener\" data-start=\"4034\" data-end=\"4070\">vapingnet.de<\/a>, u\u017esisakykite tiesiogiai ir patirkite greit\u0105 siuntim\u0105 bei nepamir\u0161tam\u0105 gar\u0173 malonum\u0105. U\u017esisakykite dabar ir m\u0117gaukit\u0117s \u0161ios elektronin\u0117s cigaret\u0117s auk\u0161\u010diausiu veikimu!<\/p>","protected":false},"excerpt":{"rendered":"<p>Bang Blaze 20000 P\u016b\u010di\u0173 \u2013 Patirk vandens meliono ir kramtomosios gumos skon\u012f ilgalaikiam gar\u0173 malonumui! Jei esi auk\u0161tos kokyb\u0117s elektronini\u0173 cigare\u010di\u0173 m\u0117g\u0117jas, tai...<\/p>","protected":false},"featured_media":6844,"template":"","meta":[],"etheme_brands":[],"product_brand":[101],"product_cat":[54,49,61],"product_tag":[],"class_list":{"0":"post-5134","1":"product","2":"type-product","3":"status-publish","4":"has-post-thumbnail","6":"product_brand-bang-king-vape","7":"product_cat-vape-20000-zuege","8":"product_cat-einweg-e-zigarette","9":"product_cat-f","11":"first","12":"instock","13":"shipping-taxable","14":"purchasable","15":"product-type-simple"},"yoast_head":"<!-- This site is optimized with the Yoast SEO plugin v26.5 - https:\/\/yoast.com\/wordpress\/plugins\/seo\/ -->\n<title>20.000 Z\u00fcge voller Aroma Bang Blaze Watermelon Bubblegum | Vapingnet.de<\/title>\n<meta name=\"description\" content=\"Entdecke 20.000 Z\u00fcge voller Aroma Bang Blaze Watermelon Bubblegum bei vapingnet.de, \u25ba Gro\u00dfe Auswahl an Geschmacksrichtungen &amp; super g\u00fcnstig!\" \/>\n<meta name=\"robots\" content=\"index, follow, max-snippet:-1, max-image-preview:large, max-video-preview:-1\" \/>\n<link rel=\"canonical\" href=\"https:\/\/vapingnet.de\/lt\/vape\/20-000-zuege-voller-aroma-bang-blaze-watermelon-bubblegum\/\" \/>\n<meta property=\"og:locale\" content=\"lt_LT\" \/>\n<meta property=\"og:type\" content=\"article\" \/>\n<meta property=\"og:title\" content=\"20.000 Z\u00fcge voller Aroma Bang Blaze Watermelon Bubblegum | Vapingnet.de\" \/>\n<meta property=\"og:description\" content=\"Entdecke 20.000 Z\u00fcge voller Aroma Bang Blaze Watermelon Bubblegum bei vapingnet.de, \u25ba Gro\u00dfe Auswahl an Geschmacksrichtungen &amp; super g\u00fcnstig!\" \/>\n<meta property=\"og:url\" content=\"https:\/\/vapingnet.de\/lt\/vape\/20-000-zuege-voller-aroma-bang-blaze-watermelon-bubblegum\/\" \/>\n<meta property=\"og:site_name\" content=\"Vapingnet.de\" \/>\n<meta property=\"article:publisher\" content=\"https:\/\/www.facebook.com\/vapingnetde\/\" \/>\n<meta property=\"article:modified_time\" content=\"2025-06-19T03:42:01+00:00\" \/>\n<meta property=\"og:image\" content=\"https:\/\/vapingnet.de\/wp-content\/uploads\/2025\/03\/bang-blaze.jpg\" \/>\n\t<meta property=\"og:image:width\" content=\"1000\" \/>\n\t<meta property=\"og:image:height\" content=\"1000\" \/>\n\t<meta property=\"og:image:type\" content=\"image\/jpeg\" \/>\n<meta name=\"twitter:card\" content=\"summary_large_image\" \/>\n<meta name=\"twitter:label1\" content=\"Est. reading time\" \/>\n\t<meta name=\"twitter:data1\" content=\"4 minutes\" \/>\n<script type=\"application\/ld+json\" class=\"yoast-schema-graph\">{\"@context\":\"https:\/\/schema.org\",\"@graph\":[{\"@type\":\"WebPage\",\"@id\":\"https:\/\/vapingnet.de\/vape\/20-000-zuege-voller-aroma-bang-blaze-watermelon-bubblegum\/\",\"url\":\"https:\/\/vapingnet.de\/vape\/20-000-zuege-voller-aroma-bang-blaze-watermelon-bubblegum\/\",\"name\":\"20.000 Z\u00fcge voller Aroma Bang Blaze Watermelon Bubblegum | Vapingnet.de\",\"isPartOf\":{\"@id\":\"https:\/\/vapingnet.de\/#website\"},\"primaryImageOfPage\":{\"@id\":\"https:\/\/vapingnet.de\/vape\/20-000-zuege-voller-aroma-bang-blaze-watermelon-bubblegum\/#primaryimage\"},\"image\":{\"@id\":\"https:\/\/vapingnet.de\/vape\/20-000-zuege-voller-aroma-bang-blaze-watermelon-bubblegum\/#primaryimage\"},\"thumbnailUrl\":\"https:\/\/vapingnet.de\/wp-content\/uploads\/2025\/03\/bang-blaze.jpg\",\"datePublished\":\"2025-03-12T07:47:16+00:00\",\"dateModified\":\"2025-06-19T03:42:01+00:00\",\"description\":\"Entdecke 20.000 Z\u00fcge voller Aroma Bang Blaze Watermelon Bubblegum bei vapingnet.de, \u25ba Gro\u00dfe Auswahl an Geschmacksrichtungen & super g\u00fcnstig!\",\"breadcrumb\":{\"@id\":\"https:\/\/vapingnet.de\/vape\/20-000-zuege-voller-aroma-bang-blaze-watermelon-bubblegum\/#breadcrumb\"},\"inLanguage\":\"lt-LT\",\"potentialAction\":[{\"@type\":\"ReadAction\",\"target\":[\"https:\/\/vapingnet.de\/vape\/20-000-zuege-voller-aroma-bang-blaze-watermelon-bubblegum\/\"]}]},{\"@type\":\"ImageObject\",\"inLanguage\":\"lt-LT\",\"@id\":\"https:\/\/vapingnet.de\/vape\/20-000-zuege-voller-aroma-bang-blaze-watermelon-bubblegum\/#primaryimage\",\"url\":\"https:\/\/vapingnet.de\/wp-content\/uploads\/2025\/03\/bang-blaze.jpg\",\"contentUrl\":\"https:\/\/vapingnet.de\/wp-content\/uploads\/2025\/03\/bang-blaze.jpg\",\"width\":1000,\"height\":1000},{\"@type\":\"BreadcrumbList\",\"@id\":\"https:\/\/vapingnet.de\/vape\/20-000-zuege-voller-aroma-bang-blaze-watermelon-bubblegum\/#breadcrumb\",\"itemListElement\":[{\"@type\":\"ListItem\",\"position\":1,\"name\":\"Home\",\"item\":\"https:\/\/vapingnet.de\/\"},{\"@type\":\"ListItem\",\"position\":2,\"name\":\"Shop\",\"item\":\"https:\/\/vapingnet.de\/vape\/\"},{\"@type\":\"ListItem\",\"position\":3,\"name\":\"20.000 Z\u00fcge voller Aroma Bang Blaze Watermelon Bubblegum\"}]},{\"@type\":\"WebSite\",\"@id\":\"https:\/\/vapingnet.de\/#website\",\"url\":\"https:\/\/vapingnet.de\/\",\"name\":\"Vapingnet.de\",\"description\":\"\",\"publisher\":{\"@id\":\"https:\/\/vapingnet.de\/#organization\"},\"potentialAction\":[{\"@type\":\"SearchAction\",\"target\":{\"@type\":\"EntryPoint\",\"urlTemplate\":\"https:\/\/vapingnet.de\/?s={search_term_string}\"},\"query-input\":{\"@type\":\"PropertyValueSpecification\",\"valueRequired\":true,\"valueName\":\"search_term_string\"}}],\"inLanguage\":\"lt-LT\"},{\"@type\":\"Organization\",\"@id\":\"https:\/\/vapingnet.de\/#organization\",\"name\":\"Vapingnet.de\",\"url\":\"https:\/\/vapingnet.de\/\",\"logo\":{\"@type\":\"ImageObject\",\"inLanguage\":\"lt-LT\",\"@id\":\"https:\/\/vapingnet.de\/#\/schema\/logo\/image\/\",\"url\":\"https:\/\/vapingnet.de\/wp-content\/uploads\/2025\/03\/cropped-vapingnet.de_.jpg\",\"contentUrl\":\"https:\/\/vapingnet.de\/wp-content\/uploads\/2025\/03\/cropped-vapingnet.de_.jpg\",\"width\":512,\"height\":512,\"caption\":\"Vapingnet.de\"},\"image\":{\"@id\":\"https:\/\/vapingnet.de\/#\/schema\/logo\/image\/\"},\"sameAs\":[\"https:\/\/www.facebook.com\/vapingnetde\/\"]}]}<\/script>\n<!-- \/ Yoast SEO plugin. -->","yoast_head_json":{"title":"20.000 Z\u00fcge voller Aroma Bang Blaze Watermelon Bubblegum | Vapingnet.de","description":"Entdecke 20.000 Z\u00fcge voller Aroma Bang Blaze Watermelon Bubblegum bei vapingnet.de, \u25ba Gro\u00dfe Auswahl an Geschmacksrichtungen & super g\u00fcnstig!","robots":{"index":"index","follow":"follow","max-snippet":"max-snippet:-1","max-image-preview":"max-image-preview:large","max-video-preview":"max-video-preview:-1"},"canonical":"https:\/\/vapingnet.de\/lt\/vape\/20-000-zuege-voller-aroma-bang-blaze-watermelon-bubblegum\/","og_locale":"lt_LT","og_type":"article","og_title":"20.000 Z\u00fcge voller Aroma Bang Blaze Watermelon Bubblegum | Vapingnet.de","og_description":"Entdecke 20.000 Z\u00fcge voller Aroma Bang Blaze Watermelon Bubblegum bei vapingnet.de, \u25ba Gro\u00dfe Auswahl an Geschmacksrichtungen & super g\u00fcnstig!","og_url":"https:\/\/vapingnet.de\/lt\/vape\/20-000-zuege-voller-aroma-bang-blaze-watermelon-bubblegum\/","og_site_name":"Vapingnet.de","article_publisher":"https:\/\/www.facebook.com\/vapingnetde\/","article_modified_time":"2025-06-19T03:42:01+00:00","og_image":[{"width":1000,"height":1000,"url":"https:\/\/vapingnet.de\/wp-content\/uploads\/2025\/03\/bang-blaze.jpg","type":"image\/jpeg"}],"twitter_card":"summary_large_image","twitter_misc":{"Est. reading time":"4 minutes"},"schema":{"@context":"https:\/\/schema.org","@graph":[{"@type":"WebPage","@id":"https:\/\/vapingnet.de\/vape\/20-000-zuege-voller-aroma-bang-blaze-watermelon-bubblegum\/","url":"https:\/\/vapingnet.de\/vape\/20-000-zuege-voller-aroma-bang-blaze-watermelon-bubblegum\/","name":"20.000 Z\u00fcge voller Aroma Bang Blaze Watermelon Bubblegum | Vapingnet.de","isPartOf":{"@id":"https:\/\/vapingnet.de\/#website"},"primaryImageOfPage":{"@id":"https:\/\/vapingnet.de\/vape\/20-000-zuege-voller-aroma-bang-blaze-watermelon-bubblegum\/#primaryimage"},"image":{"@id":"https:\/\/vapingnet.de\/vape\/20-000-zuege-voller-aroma-bang-blaze-watermelon-bubblegum\/#primaryimage"},"thumbnailUrl":"https:\/\/vapingnet.de\/wp-content\/uploads\/2025\/03\/bang-blaze.jpg","datePublished":"2025-03-12T07:47:16+00:00","dateModified":"2025-06-19T03:42:01+00:00","description":"Entdecke 20.000 Z\u00fcge voller Aroma Bang Blaze Watermelon Bubblegum bei vapingnet.de, \u25ba Gro\u00dfe Auswahl an Geschmacksrichtungen & super g\u00fcnstig!","breadcrumb":{"@id":"https:\/\/vapingnet.de\/vape\/20-000-zuege-voller-aroma-bang-blaze-watermelon-bubblegum\/#breadcrumb"},"inLanguage":"lt-LT","potentialAction":[{"@type":"ReadAction","target":["https:\/\/vapingnet.de\/vape\/20-000-zuege-voller-aroma-bang-blaze-watermelon-bubblegum\/"]}]},{"@type":"ImageObject","inLanguage":"lt-LT","@id":"https:\/\/vapingnet.de\/vape\/20-000-zuege-voller-aroma-bang-blaze-watermelon-bubblegum\/#primaryimage","url":"https:\/\/vapingnet.de\/wp-content\/uploads\/2025\/03\/bang-blaze.jpg","contentUrl":"https:\/\/vapingnet.de\/wp-content\/uploads\/2025\/03\/bang-blaze.jpg","width":1000,"height":1000},{"@type":"BreadcrumbList","@id":"https:\/\/vapingnet.de\/vape\/20-000-zuege-voller-aroma-bang-blaze-watermelon-bubblegum\/#breadcrumb","itemListElement":[{"@type":"ListItem","position":1,"name":"Home","item":"https:\/\/vapingnet.de\/"},{"@type":"ListItem","position":2,"name":"Shop","item":"https:\/\/vapingnet.de\/vape\/"},{"@type":"ListItem","position":3,"name":"20.000 Z\u00fcge voller Aroma Bang Blaze Watermelon Bubblegum"}]},{"@type":"WebSite","@id":"https:\/\/vapingnet.de\/#website","url":"https:\/\/vapingnet.de\/","name":"Vapingnet.de","description":"","publisher":{"@id":"https:\/\/vapingnet.de\/#organization"},"potentialAction":[{"@type":"SearchAction","target":{"@type":"EntryPoint","urlTemplate":"https:\/\/vapingnet.de\/?s={search_term_string}"},"query-input":{"@type":"PropertyValueSpecification","valueRequired":true,"valueName":"search_term_string"}}],"inLanguage":"lt-LT"},{"@type":"Organization","@id":"https:\/\/vapingnet.de\/#organization","name":"Vapingnet.de","url":"https:\/\/vapingnet.de\/","logo":{"@type":"ImageObject","inLanguage":"lt-LT","@id":"https:\/\/vapingnet.de\/#\/schema\/logo\/image\/","url":"https:\/\/vapingnet.de\/wp-content\/uploads\/2025\/03\/cropped-vapingnet.de_.jpg","contentUrl":"https:\/\/vapingnet.de\/wp-content\/uploads\/2025\/03\/cropped-vapingnet.de_.jpg","width":512,"height":512,"caption":"Vapingnet.de"},"image":{"@id":"https:\/\/vapingnet.de\/#\/schema\/logo\/image\/"},"sameAs":["https:\/\/www.facebook.com\/vapingnetde\/"]}]}},"tiered_pricing_type":"fixed","tiered_pricing_fixed_rules":{"10":"7.59","60":"6.83","110":"6.07","200":"5.31"},"tiered_pricing_product_settings":{"layout":"default","base_unit_name":{"singular":null,"plural":null},"default_variation":null},"tiered_pricing_minimum_quantity":null,"tiered_pricing_roles_data":[],"tiered_pricing_percentage_rules":[],"_links":{"self":[{"href":"https:\/\/vapingnet.de\/lt\/wp-json\/wp\/v2\/product\/5134","targetHints":{"allow":["GET"]}}],"collection":[{"href":"https:\/\/vapingnet.de\/lt\/wp-json\/wp\/v2\/product"}],"about":[{"href":"https:\/\/vapingnet.de\/lt\/wp-json\/wp\/v2\/types\/product"}],"version-history":[{"count":4,"href":"https:\/\/vapingnet.de\/lt\/wp-json\/wp\/v2\/product\/5134\/revisions"}],"predecessor-version":[{"id":5137,"href":"https:\/\/vapingnet.de\/lt\/wp-json\/wp\/v2\/product\/5134\/revisions\/5137"}],"wp:featuredmedia":[{"embeddable":true,"href":"https:\/\/vapingnet.de\/lt\/wp-json\/wp\/v2\/media\/6844"}],"wp:attachment":[{"href":"https:\/\/vapingnet.de\/lt\/wp-json\/wp\/v2\/media?parent=5134"}],"wp:term":[{"taxonomy":"brand","embeddable":true,"href":"https:\/\/vapingnet.de\/lt\/wp-json\/wp\/v2\/etheme_brands?post=5134"},{"taxonomy":"product_brand","embeddable":true,"href":"https:\/\/vapingnet.de\/lt\/wp-json\/wp\/v2\/product_brand?post=5134"},{"taxonomy":"product_cat","embeddable":true,"href":"https:\/\/vapingnet.de\/lt\/wp-json\/wp\/v2\/product_cat?post=5134"},{"taxonomy":"product_tag","embeddable":true,"href":"https:\/\/vapingnet.de\/lt\/wp-json\/wp\/v2\/product_tag?post=5134"}],"curies":[{"name":"wp","href":"https:\/\/api.w.org\/{rel}","templated":true}]}}