{"id":5139,"date":"2025-03-12T07:54:34","date_gmt":"2025-03-12T07:54:34","guid":{"rendered":"https:\/\/vapingnet.de\/?post_type=product&#038;p=5139"},"modified":"2025-06-19T03:42:00","modified_gmt":"2025-06-19T03:42:00","slug":"bang-blaze-kiwi-passion-fruit-pomegranate-20000-puffs-voller-genuss","status":"publish","type":"product","link":"https:\/\/vapingnet.de\/lt\/vape\/bang-blaze-kiwi-passion-fruit-pomegranate-20000-puffs-voller-genuss\/","title":{"rendered":"Bang Blaze Kivi Aistra Vaisiai Granatas 20000 p\u016btim\u0173 pilni malonumo"},"content":{"rendered":"<h2 data-start=\"0\" data-end=\"145\" data-immersive-translate-paragraph=\"1\" data-immersive-translate-walked=\"0bbf4045-d285-4f7d-b72e-79fd8096a181\">Bang Blaze 20000 Puffs \u2013 M\u0117gaukit\u0117s tobuliausiu vaisi\u0173 mi\u0161iniu i\u0161 Kivi, Pasifloros ir Granato, kad patirtum\u0117te ilgalaik\u012f garinimo malonum\u0105!<\/h2>\n<p data-start=\"147\" data-end=\"646\" data-immersive-translate-walked=\"0bbf4045-d285-4f7d-b72e-79fd8096a181\" data-immersive-translate-paragraph=\"1\">Bang Blaze 20000 Puffs yra tikras meistr\u0173 k\u016brinys elektronini\u0173 cigare\u010di\u0173 rinkoje. Su savo unikaliu vaisi\u0173 skonio mi\u0161iniu ir i\u0161skirtinai ilga naudojimo patirtimi \u0161is vienkartinis vape greitai patrauk\u0117 daugelio garintoj\u0173 d\u0117mes\u012f. Jis si\u016blo ne tik unikal\u0173 Kivi, Pasifloros ir Granato skon\u012f, bet ir \u012fsp\u016bding\u0105 ilgaam\u017ei\u0161kum\u0105 bei patogum\u0105 naudoti. Pa\u017ei\u016br\u0117kime, kod\u0117l \u0161is vape yra b\u016btinas kiekvienam garintojui!<\/p>\n<h4 data-start=\"648\" data-end=\"672\" data-immersive-translate-walked=\"0bbf4045-d285-4f7d-b72e-79fd8096a181\">Produkto ypatyb\u0117s:<\/h4>\n<p data-start=\"674\" data-end=\"716\" data-immersive-translate-walked=\"0bbf4045-d285-4f7d-b72e-79fd8096a181\" data-immersive-translate-paragraph=\"1\">1. Ilgas garavimo laikas \u2013 20 000 \u012fkv\u0117pim\u0173<\/p>\n<p data-start=\"717\" data-end=\"1068\" data-immersive-translate-walked=\"0bbf4045-d285-4f7d-b72e-79fd8096a181\" data-immersive-translate-paragraph=\"1\">Bang Blaze 20000 Puffs si\u016blo ne\u012ftik\u0117tin\u0105 garavimo laik\u0105 iki <a href=\"https:\/\/vapingnet.de\/lt\/k\/vape-20000-zuege\/\" target=\"_blank\" rel=\"noopener\"><strong>20 000 p\u016btim\u0173<\/strong><\/a>. Tai \u017eymiai i\u0161skiria j\u012f nuo \u012fprast\u0173 \u012frengini\u0173, kurie paprastai turi daug trumpesn\u012f tarnavimo laik\u0105. Nesvarbu, ar naudojate kasdien, ar ilgesn\u0117se garinimo sesijose vakar\u0117liuose ar kelion\u0117se \u2013 \u0161is vape u\u017etikrina nuolatin\u012f ir ilgalaik\u012f gar\u0173 malonum\u0105.<\/p>\n<p data-start=\"1070\" data-end=\"1166\" data-immersive-translate-walked=\"0bbf4045-d285-4f7d-b72e-79fd8096a181\" data-immersive-translate-paragraph=\"1\">2. Dul Mesh Coil technologija \u2013 tolygi \u0161ildymo sistema skland\u017eiam skoniui<\/p>\n<p data-start=\"1167\" data-end=\"1473\" data-immersive-translate-walked=\"0bbf4045-d285-4f7d-b72e-79fd8096a181\">\u012erengtas pa\u017eangiu Dul Mesh Coil (1.0\u03a9), Bang Blaze 20000 Puffs u\u017etikrina vienod\u0105 ir greit\u0105 E-liquido \u012f\u0161ilim\u0105, kas lemia nuosekl\u0173 \u0161veln\u0173 ir intensyv\u0173 skon\u012f. Kiekvienas \u012fkv\u0117pimas garantuoja vienod\u0105 garo i\u0161skyrim\u0105 ir skan\u0173 patirt\u012f.<\/p>\n<p data-start=\"1475\" data-end=\"1561\" data-immersive-translate-walked=\"0bbf4045-d285-4f7d-b72e-79fd8096a181\">3. Kivi, Pasifloros ir Granato skonis \u2013 vaisi\u0173 malonumas<\/p>\n<p data-start=\"1562\" data-end=\"1967\" data-immersive-translate-walked=\"0bbf4045-d285-4f7d-b72e-79fd8096a181\">Jis <a href=\"https:\/\/vapingnet.de\/lt\/bang-blaze-20000-puffs\/\" target=\"_blank\" rel=\"noopener\"><strong>Bang Blaze 20000 P\u016bki\u0173<\/strong> <\/a>si\u016blo i\u0161skirtin\u012f vaisi\u0173 skonio mi\u0161in\u012f i\u0161 Kivi, Pasifloros ir Granato. \u0160vie\u017eias Kivi skonis, saldumas i\u0161 Pasifloros ir Granato gilumas susilieja \u012f unikali\u0105 skonio patirt\u012f. Kiekvienas \u012fkv\u0117pimas jau\u010diasi tarsi b\u016btum\u0117te tropiniame sode, pilname sulting\u0173 vaisi\u0173 \u2013 gaivus, saldus ir pilnas vaisi\u0173 aromat\u0173.<\/p>\n<p data-start=\"1969\" data-end=\"2054\">4. Skirtingi nikotino stiprumai \u2013 kiekvieno poreikiams tinkamas intensyvumas<\/p>\n<p data-start=\"2055\" data-end=\"2340\">Bang Blaze 20000 Puffs yra prieinamas nikotino stiprumais 0%, 2%, 3% ir 5%. Priklausomai nuo poreikio ir pageidavim\u0173, galite pasirinkti jums tinkamiausi\u0105 stiprum\u0105. Ypa\u010d didel\u0117s kiekio u\u017esakym\u0173 galimyb\u0117s turi 0% ir 3% variantus, tod\u0117l jie yra ideali galimyb\u0117 didel\u0117ms u\u017esakym\u0173 partijoms.<\/p>\n<p data-start=\"2342\" data-end=\"2412\">5. Greitas \u012fkrovimas \u2013 Tipo-C jungtis skubiam malonumui<\/p>\n<p data-start=\"2413\" data-end=\"2685\">D\u0117l Tipo-C jungties \u012fkrovimas Bang Blaze 20000 Puffs vyksta ypa\u010d greitai. Jums nereikia jaudintis d\u0117l ilgo \u012fkrovimo laiko \u2013 vape visada greitai paruo\u0161tas naudoti ir leid\u017eia jums bet kada m\u0117gautis garinimu be trukd\u017ei\u0173.<\/p>\n<h4 data-start=\"2687\" data-end=\"2781\">Patogus pirkimas \u2013 be muit\u0173, tiesiogin\u0117 siunta i\u0161 Deutschland, 2-4 dien\u0173 pristatymo laikas<\/h4>\n<ul data-start=\"2783\" data-end=\"3397\">\n<li data-start=\"2783\" data-end=\"3077\">\n<p data-start=\"2785\" data-end=\"3077\">Be muit\u0173, tiesiogin\u0117 siunta i\u0161 Bremen\u0117s<br data-start=\"2828\" data-end=\"2831\" \/>Visi u\u017esakymai siun\u010diami tiesiai i\u0161 m\u016bs\u0173 sand\u0117lio Bremen\u0117je, tod\u0117l jums nereikia jaudintis d\u0117l muit\u0173 mokes\u010di\u0173 ar papildom\u0173 i\u0161laid\u0173. Su pristatymo laiku tik 2-4 dienos, gausite savo vape greitai ir patikimai.<\/p>\n<\/li>\n<li data-start=\"3079\" data-end=\"3397\">\n<p data-start=\"3081\" data-end=\"3397\">Kompakti\u0161kas ir ne\u0161iojamas dydis<br data-start=\"3112\" data-end=\"3115\" \/>Nors Bang Blaze 20000 Puffs turi didel\u012f bako t\u016br\u012f ir galing\u0105 baterij\u0105, jis sveria tik 85 g, tod\u0117l yra ypa\u010d lengvas ir kompakti\u0161kas. J\u012f patogu ne\u0161iotis ki\u0161en\u0117je ar kuprin\u0117je ir naudoti bet kur \u2013 kelion\u0117se, darbe ar su draugais.<\/p>\n<\/li>\n<\/ul>\n<p>Kod\u0117l verta rinktis Bang Blaze 20000 Puffs:<\/p>\n<ul data-start=\"3461\" data-end=\"4037\">\n<li data-start=\"3461\" data-end=\"3542\">Ilgas gar\u0173 naudojimo laikas: iki 20 000 \u012fkv\u0117pim\u0173 ilgesniam gar\u0173 patyrimui.<\/li>\n<li data-start=\"3543\" data-end=\"3680\">Vaisi\u0173 skonis: unikali Kiwi Passion Fruit Pomegranate mi\u0161inys, suteikiantis gaiv\u0173 ir sald\u0173 malonum\u0105.<\/li>\n<li data-start=\"3681\" data-end=\"3798\">Greitas \u012fkrovimas: Tipo-C jungtis u\u017etikrina greit\u0105 \u012fkrovim\u0105, kad gal\u0117tum visada greitai v\u0117l \u012fkv\u0117pti.<\/li>\n<li data-start=\"3799\" data-end=\"3920\">Be muit\u0173, greitas pristatymas: Tiesioginis pristatymas i\u0161 Deutschland per 2-4 dienas be papildom\u0173 mokes\u010di\u0173.<\/li>\n<li data-start=\"3921\" data-end=\"4037\">Lengvas ir ne\u0161iojamas: Svoris tik 85 g, tod\u0117l vape yra ypa\u010d lengvas ir lengvai ne\u0161iojamas bet kur.<\/li>\n<\/ul>\n<h4 data-start=\"4039\" data-end=\"4142\">Dabar pirkti ir m\u0117gautis unikaliu Kiwi Passion Fruit Pomegranate skoniu!<\/h4>\n<p data-start=\"4144\" data-end=\"4537\" data-is-last-node=\"\" data-is-only-node=\"\">Jei ie\u0161kote auk\u0161tos kokyb\u0117s elektronin\u0117s cigaret\u0117s su puikiu skoniu ir ilga naudojimo patirtimi, Bang Blaze 20000 Puffs yra tobulas pasirinkimas. Apsilankykite m\u016bs\u0173 svetain\u0117je \u0161iandien <a href=\"https:\/\/vapingnet.de\/lt\/\" target=\"_new\" rel=\"noopener\" data-start=\"4353\" data-end=\"4389\">vapingnet.de<\/a>, u\u017esisakykite tiesiogiai ir m\u0117gaukit\u0117s greitu pristatymu bei pirmos klas\u0117s gar\u0173 patirtimi. Nelaukite ilgiau ir patirkite galutin\u012f gar\u0173 malonum\u0105!<\/p>","protected":false},"excerpt":{"rendered":"<p>Bang Blaze 20000 P\u016b\u010di\u0173 \u2013 M\u0117gaukit\u0117s tobulos vaisi\u0173 mi\u0161inio i\u0161 kivio, pasifloros ir granat\u0173 skoniu ilgalaikiam garinimui! Bang Blaze 20000 P\u016b\u010di\u0173 yra...<\/p>","protected":false},"featured_media":6844,"template":"","meta":[],"etheme_brands":[],"product_brand":[101],"product_cat":[54,49,61],"product_tag":[],"class_list":{"0":"post-5139","1":"product","2":"type-product","3":"status-publish","4":"has-post-thumbnail","6":"product_brand-bang-king-vape","7":"product_cat-vape-20000-zuege","8":"product_cat-einweg-e-zigarette","9":"product_cat-f","11":"first","12":"instock","13":"shipping-taxable","14":"purchasable","15":"product-type-simple"},"yoast_head":"<!-- This site is optimized with the Yoast SEO plugin v26.5 - https:\/\/yoast.com\/wordpress\/plugins\/seo\/ -->\n<title>Bang Blaze Kiwi Passion Fruit Pomegranate 20000 Puffs voller Genuss | Vapingnet.de<\/title>\n<meta name=\"description\" content=\"Entdecke Bang Blaze Kiwi Passion Fruit Pomegranate 20000 Puffs voller Genuss bei vapingnet.de, \u25ba Gro\u00dfe Auswahl an Geschmacksrichtungen &amp; super g\u00fcnstig!\" \/>\n<meta name=\"robots\" content=\"index, follow, max-snippet:-1, max-image-preview:large, max-video-preview:-1\" \/>\n<link rel=\"canonical\" href=\"https:\/\/vapingnet.de\/lt\/vape\/bang-blaze-kiwi-passion-fruit-pomegranate-20000-puffs-voller-genuss\/\" \/>\n<meta property=\"og:locale\" content=\"lt_LT\" \/>\n<meta property=\"og:type\" content=\"article\" \/>\n<meta property=\"og:title\" content=\"Bang Blaze Kiwi Passion Fruit Pomegranate 20000 Puffs voller Genuss | Vapingnet.de\" \/>\n<meta property=\"og:description\" content=\"Entdecke Bang Blaze Kiwi Passion Fruit Pomegranate 20000 Puffs voller Genuss bei vapingnet.de, \u25ba Gro\u00dfe Auswahl an Geschmacksrichtungen &amp; super g\u00fcnstig!\" \/>\n<meta property=\"og:url\" content=\"https:\/\/vapingnet.de\/lt\/vape\/bang-blaze-kiwi-passion-fruit-pomegranate-20000-puffs-voller-genuss\/\" \/>\n<meta property=\"og:site_name\" content=\"Vapingnet.de\" \/>\n<meta property=\"article:publisher\" content=\"https:\/\/www.facebook.com\/vapingnetde\/\" \/>\n<meta property=\"article:modified_time\" content=\"2025-06-19T03:42:00+00:00\" \/>\n<meta property=\"og:image\" content=\"https:\/\/vapingnet.de\/wp-content\/uploads\/2025\/03\/bang-blaze.jpg\" \/>\n\t<meta property=\"og:image:width\" content=\"1000\" \/>\n\t<meta property=\"og:image:height\" content=\"1000\" \/>\n\t<meta property=\"og:image:type\" content=\"image\/jpeg\" \/>\n<meta name=\"twitter:card\" content=\"summary_large_image\" \/>\n<meta name=\"twitter:label1\" content=\"Est. reading time\" \/>\n\t<meta name=\"twitter:data1\" content=\"4 minutes\" \/>\n<script type=\"application\/ld+json\" class=\"yoast-schema-graph\">{\"@context\":\"https:\/\/schema.org\",\"@graph\":[{\"@type\":\"WebPage\",\"@id\":\"https:\/\/vapingnet.de\/vape\/bang-blaze-kiwi-passion-fruit-pomegranate-20000-puffs-voller-genuss\/\",\"url\":\"https:\/\/vapingnet.de\/vape\/bang-blaze-kiwi-passion-fruit-pomegranate-20000-puffs-voller-genuss\/\",\"name\":\"Bang Blaze Kiwi Passion Fruit Pomegranate 20000 Puffs voller Genuss | Vapingnet.de\",\"isPartOf\":{\"@id\":\"https:\/\/vapingnet.de\/#website\"},\"primaryImageOfPage\":{\"@id\":\"https:\/\/vapingnet.de\/vape\/bang-blaze-kiwi-passion-fruit-pomegranate-20000-puffs-voller-genuss\/#primaryimage\"},\"image\":{\"@id\":\"https:\/\/vapingnet.de\/vape\/bang-blaze-kiwi-passion-fruit-pomegranate-20000-puffs-voller-genuss\/#primaryimage\"},\"thumbnailUrl\":\"https:\/\/vapingnet.de\/wp-content\/uploads\/2025\/03\/bang-blaze.jpg\",\"datePublished\":\"2025-03-12T07:54:34+00:00\",\"dateModified\":\"2025-06-19T03:42:00+00:00\",\"description\":\"Entdecke Bang Blaze Kiwi Passion Fruit Pomegranate 20000 Puffs voller Genuss bei vapingnet.de, \u25ba Gro\u00dfe Auswahl an Geschmacksrichtungen & super g\u00fcnstig!\",\"breadcrumb\":{\"@id\":\"https:\/\/vapingnet.de\/vape\/bang-blaze-kiwi-passion-fruit-pomegranate-20000-puffs-voller-genuss\/#breadcrumb\"},\"inLanguage\":\"lt-LT\",\"potentialAction\":[{\"@type\":\"ReadAction\",\"target\":[\"https:\/\/vapingnet.de\/vape\/bang-blaze-kiwi-passion-fruit-pomegranate-20000-puffs-voller-genuss\/\"]}]},{\"@type\":\"ImageObject\",\"inLanguage\":\"lt-LT\",\"@id\":\"https:\/\/vapingnet.de\/vape\/bang-blaze-kiwi-passion-fruit-pomegranate-20000-puffs-voller-genuss\/#primaryimage\",\"url\":\"https:\/\/vapingnet.de\/wp-content\/uploads\/2025\/03\/bang-blaze.jpg\",\"contentUrl\":\"https:\/\/vapingnet.de\/wp-content\/uploads\/2025\/03\/bang-blaze.jpg\",\"width\":1000,\"height\":1000},{\"@type\":\"BreadcrumbList\",\"@id\":\"https:\/\/vapingnet.de\/vape\/bang-blaze-kiwi-passion-fruit-pomegranate-20000-puffs-voller-genuss\/#breadcrumb\",\"itemListElement\":[{\"@type\":\"ListItem\",\"position\":1,\"name\":\"Home\",\"item\":\"https:\/\/vapingnet.de\/\"},{\"@type\":\"ListItem\",\"position\":2,\"name\":\"Shop\",\"item\":\"https:\/\/vapingnet.de\/vape\/\"},{\"@type\":\"ListItem\",\"position\":3,\"name\":\"Bang Blaze Kiwi Passion Fruit Pomegranate 20000 Puffs voller Genuss\"}]},{\"@type\":\"WebSite\",\"@id\":\"https:\/\/vapingnet.de\/#website\",\"url\":\"https:\/\/vapingnet.de\/\",\"name\":\"Vapingnet.de\",\"description\":\"\",\"publisher\":{\"@id\":\"https:\/\/vapingnet.de\/#organization\"},\"potentialAction\":[{\"@type\":\"SearchAction\",\"target\":{\"@type\":\"EntryPoint\",\"urlTemplate\":\"https:\/\/vapingnet.de\/?s={search_term_string}\"},\"query-input\":{\"@type\":\"PropertyValueSpecification\",\"valueRequired\":true,\"valueName\":\"search_term_string\"}}],\"inLanguage\":\"lt-LT\"},{\"@type\":\"Organization\",\"@id\":\"https:\/\/vapingnet.de\/#organization\",\"name\":\"Vapingnet.de\",\"url\":\"https:\/\/vapingnet.de\/\",\"logo\":{\"@type\":\"ImageObject\",\"inLanguage\":\"lt-LT\",\"@id\":\"https:\/\/vapingnet.de\/#\/schema\/logo\/image\/\",\"url\":\"https:\/\/vapingnet.de\/wp-content\/uploads\/2025\/03\/cropped-vapingnet.de_.jpg\",\"contentUrl\":\"https:\/\/vapingnet.de\/wp-content\/uploads\/2025\/03\/cropped-vapingnet.de_.jpg\",\"width\":512,\"height\":512,\"caption\":\"Vapingnet.de\"},\"image\":{\"@id\":\"https:\/\/vapingnet.de\/#\/schema\/logo\/image\/\"},\"sameAs\":[\"https:\/\/www.facebook.com\/vapingnetde\/\"]}]}<\/script>\n<!-- \/ Yoast SEO plugin. -->","yoast_head_json":{"title":"Bang Blaze Kiwi Passion Fruit Pomegranate 20000 Puffs voller Genuss | Vapingnet.de","description":"Entdecke Bang Blaze Kiwi Passion Fruit Pomegranate 20000 Puffs voller Genuss bei vapingnet.de, \u25ba Gro\u00dfe Auswahl an Geschmacksrichtungen & super g\u00fcnstig!","robots":{"index":"index","follow":"follow","max-snippet":"max-snippet:-1","max-image-preview":"max-image-preview:large","max-video-preview":"max-video-preview:-1"},"canonical":"https:\/\/vapingnet.de\/lt\/vape\/bang-blaze-kiwi-passion-fruit-pomegranate-20000-puffs-voller-genuss\/","og_locale":"lt_LT","og_type":"article","og_title":"Bang Blaze Kiwi Passion Fruit Pomegranate 20000 Puffs voller Genuss | Vapingnet.de","og_description":"Entdecke Bang Blaze Kiwi Passion Fruit Pomegranate 20000 Puffs voller Genuss bei vapingnet.de, \u25ba Gro\u00dfe Auswahl an Geschmacksrichtungen & super g\u00fcnstig!","og_url":"https:\/\/vapingnet.de\/lt\/vape\/bang-blaze-kiwi-passion-fruit-pomegranate-20000-puffs-voller-genuss\/","og_site_name":"Vapingnet.de","article_publisher":"https:\/\/www.facebook.com\/vapingnetde\/","article_modified_time":"2025-06-19T03:42:00+00:00","og_image":[{"width":1000,"height":1000,"url":"https:\/\/vapingnet.de\/wp-content\/uploads\/2025\/03\/bang-blaze.jpg","type":"image\/jpeg"}],"twitter_card":"summary_large_image","twitter_misc":{"Est. reading time":"4 minutes"},"schema":{"@context":"https:\/\/schema.org","@graph":[{"@type":"WebPage","@id":"https:\/\/vapingnet.de\/vape\/bang-blaze-kiwi-passion-fruit-pomegranate-20000-puffs-voller-genuss\/","url":"https:\/\/vapingnet.de\/vape\/bang-blaze-kiwi-passion-fruit-pomegranate-20000-puffs-voller-genuss\/","name":"Bang Blaze Kiwi Passion Fruit Pomegranate 20000 Puffs voller Genuss | Vapingnet.de","isPartOf":{"@id":"https:\/\/vapingnet.de\/#website"},"primaryImageOfPage":{"@id":"https:\/\/vapingnet.de\/vape\/bang-blaze-kiwi-passion-fruit-pomegranate-20000-puffs-voller-genuss\/#primaryimage"},"image":{"@id":"https:\/\/vapingnet.de\/vape\/bang-blaze-kiwi-passion-fruit-pomegranate-20000-puffs-voller-genuss\/#primaryimage"},"thumbnailUrl":"https:\/\/vapingnet.de\/wp-content\/uploads\/2025\/03\/bang-blaze.jpg","datePublished":"2025-03-12T07:54:34+00:00","dateModified":"2025-06-19T03:42:00+00:00","description":"Entdecke Bang Blaze Kiwi Passion Fruit Pomegranate 20000 Puffs voller Genuss bei vapingnet.de, \u25ba Gro\u00dfe Auswahl an Geschmacksrichtungen & super g\u00fcnstig!","breadcrumb":{"@id":"https:\/\/vapingnet.de\/vape\/bang-blaze-kiwi-passion-fruit-pomegranate-20000-puffs-voller-genuss\/#breadcrumb"},"inLanguage":"lt-LT","potentialAction":[{"@type":"ReadAction","target":["https:\/\/vapingnet.de\/vape\/bang-blaze-kiwi-passion-fruit-pomegranate-20000-puffs-voller-genuss\/"]}]},{"@type":"ImageObject","inLanguage":"lt-LT","@id":"https:\/\/vapingnet.de\/vape\/bang-blaze-kiwi-passion-fruit-pomegranate-20000-puffs-voller-genuss\/#primaryimage","url":"https:\/\/vapingnet.de\/wp-content\/uploads\/2025\/03\/bang-blaze.jpg","contentUrl":"https:\/\/vapingnet.de\/wp-content\/uploads\/2025\/03\/bang-blaze.jpg","width":1000,"height":1000},{"@type":"BreadcrumbList","@id":"https:\/\/vapingnet.de\/vape\/bang-blaze-kiwi-passion-fruit-pomegranate-20000-puffs-voller-genuss\/#breadcrumb","itemListElement":[{"@type":"ListItem","position":1,"name":"Home","item":"https:\/\/vapingnet.de\/"},{"@type":"ListItem","position":2,"name":"Shop","item":"https:\/\/vapingnet.de\/vape\/"},{"@type":"ListItem","position":3,"name":"Bang Blaze Kiwi Passion Fruit Pomegranate 20000 Puffs voller Genuss"}]},{"@type":"WebSite","@id":"https:\/\/vapingnet.de\/#website","url":"https:\/\/vapingnet.de\/","name":"Vapingnet.de","description":"","publisher":{"@id":"https:\/\/vapingnet.de\/#organization"},"potentialAction":[{"@type":"SearchAction","target":{"@type":"EntryPoint","urlTemplate":"https:\/\/vapingnet.de\/?s={search_term_string}"},"query-input":{"@type":"PropertyValueSpecification","valueRequired":true,"valueName":"search_term_string"}}],"inLanguage":"lt-LT"},{"@type":"Organization","@id":"https:\/\/vapingnet.de\/#organization","name":"Vapingnet.de","url":"https:\/\/vapingnet.de\/","logo":{"@type":"ImageObject","inLanguage":"lt-LT","@id":"https:\/\/vapingnet.de\/#\/schema\/logo\/image\/","url":"https:\/\/vapingnet.de\/wp-content\/uploads\/2025\/03\/cropped-vapingnet.de_.jpg","contentUrl":"https:\/\/vapingnet.de\/wp-content\/uploads\/2025\/03\/cropped-vapingnet.de_.jpg","width":512,"height":512,"caption":"Vapingnet.de"},"image":{"@id":"https:\/\/vapingnet.de\/#\/schema\/logo\/image\/"},"sameAs":["https:\/\/www.facebook.com\/vapingnetde\/"]}]}},"tiered_pricing_type":"fixed","tiered_pricing_fixed_rules":{"10":"7.59","60":"6.83","110":"6.07","200":"5.31"},"tiered_pricing_product_settings":{"layout":"default","base_unit_name":{"singular":null,"plural":null},"default_variation":null},"tiered_pricing_minimum_quantity":null,"tiered_pricing_roles_data":[],"tiered_pricing_percentage_rules":[],"_links":{"self":[{"href":"https:\/\/vapingnet.de\/lt\/wp-json\/wp\/v2\/product\/5139","targetHints":{"allow":["GET"]}}],"collection":[{"href":"https:\/\/vapingnet.de\/lt\/wp-json\/wp\/v2\/product"}],"about":[{"href":"https:\/\/vapingnet.de\/lt\/wp-json\/wp\/v2\/types\/product"}],"version-history":[{"count":2,"href":"https:\/\/vapingnet.de\/lt\/wp-json\/wp\/v2\/product\/5139\/revisions"}],"predecessor-version":[{"id":6214,"href":"https:\/\/vapingnet.de\/lt\/wp-json\/wp\/v2\/product\/5139\/revisions\/6214"}],"wp:featuredmedia":[{"embeddable":true,"href":"https:\/\/vapingnet.de\/lt\/wp-json\/wp\/v2\/media\/6844"}],"wp:attachment":[{"href":"https:\/\/vapingnet.de\/lt\/wp-json\/wp\/v2\/media?parent=5139"}],"wp:term":[{"taxonomy":"brand","embeddable":true,"href":"https:\/\/vapingnet.de\/lt\/wp-json\/wp\/v2\/etheme_brands?post=5139"},{"taxonomy":"product_brand","embeddable":true,"href":"https:\/\/vapingnet.de\/lt\/wp-json\/wp\/v2\/product_brand?post=5139"},{"taxonomy":"product_cat","embeddable":true,"href":"https:\/\/vapingnet.de\/lt\/wp-json\/wp\/v2\/product_cat?post=5139"},{"taxonomy":"product_tag","embeddable":true,"href":"https:\/\/vapingnet.de\/lt\/wp-json\/wp\/v2\/product_tag?post=5139"}],"curies":[{"name":"wp","href":"https:\/\/api.w.org\/{rel}","templated":true}]}}