{"id":5142,"date":"2025-03-12T08:02:38","date_gmt":"2025-03-12T08:02:38","guid":{"rendered":"https:\/\/vapingnet.de\/?post_type=product&#038;p=5142"},"modified":"2025-06-19T03:41:35","modified_gmt":"2025-06-19T03:41:35","slug":"fast-delivery-bang-blaze-20000-puffs-for-fruity-pleasure","status":"publish","type":"product","link":"https:\/\/vapingnet.de\/lt\/vape\/fast-delivery-bang-blaze-20000-puffs-for-fruity-pleasure\/","title":{"rendered":"Greitas pristatymas Bang Blaze 20000 puffs vaisingam malonumui"},"content":{"rendered":"<h2 data-start=\"0\" data-end=\"121\">Bang Blaze 20000 Puf\u0173 \u2013 galutinis vienkartinis Vape su ilgalaikiu malonumu ir \u012fvairiomis skonio r\u016b\u0161imis!<\/h2>\n<p data-start=\"123\" data-end=\"665\">Jei ie\u0161kote elektronin\u0117s cigaret\u0117s, kuri pasi\u017eymi ne\u012fprastai ilgu naudojimo laiku, \u012fvairiomis skonio r\u016b\u0161imis ir patogiu \u012fkrovimu, tada tai yra <a href=\"https:\/\/vapingnet.de\/lt\/bang-blaze-20000-puffs\/\" target=\"_blank\" rel=\"noopener\"><strong>Bang Blaze 20000 P\u016bki\u0173<\/strong> <\/a>b\u016btent tai, ko jums reikia! \u0160i elektronin\u0117 cigaret\u0117 sujungia pa\u017eangi\u0105 technologij\u0105 su daugybe skani\u0173 aromat\u0173 ir yra specialiai sukurta garintojams, ie\u0161kantiems auk\u0161tos kokyb\u0117s ir ilgaam\u017e\u0117s garinimo patirties. Pa\u017ei\u016br\u0117kime \u012f savybes, kurios \u0161\u012f produkt\u0105 padaro b\u016btinu kiekvienam garintojui.<\/p>\n<h4 data-start=\"667\" data-end=\"691\">Produkto ap\u017evalga<\/h4>\n<table data-start=\"693\" data-end=\"2349\">\n<thead data-start=\"693\" data-end=\"829\">\n<tr data-start=\"693\" data-end=\"829\">\n<th data-start=\"693\" data-end=\"721\">Savyb\u0117<\/th>\n<th data-start=\"721\" data-end=\"829\">Apra\u0161ymas<\/th>\n<\/tr>\n<\/thead>\n<tbody data-start=\"967\" data-end=\"2349\">\n<tr data-start=\"967\" data-end=\"1103\">\n<td>Modelis<\/td>\n<td>Bang Blaze 20000 P\u016bki\u0173<\/td>\n<\/tr>\n<tr data-start=\"1104\" data-end=\"1240\">\n<td>Vamzdelis<\/td>\n<td>Dul Mesh Coil 1.0\u03a9<\/td>\n<\/tr>\n<tr data-start=\"1241\" data-end=\"1378\">\n<td>Baterija<\/td>\n<td>1000mAh (perkraunama)<\/td>\n<\/tr>\n<tr data-start=\"1379\" data-end=\"1516\">\n<td>Jungtis<\/td>\n<td>Tipo-C jungtis greitam \u012fkrovimui<\/td>\n<\/tr>\n<tr data-start=\"1517\" data-end=\"1654\">\n<td>\u012ekv\u0117pimai<\/td>\n<td>20 000 \u012fkv\u0117pim\u0173<\/td>\n<\/tr>\n<tr data-start=\"1655\" data-end=\"1799\">\n<td>Aromatai<\/td>\n<td>Mi\u0161rios uogos, m\u0117lyn\u0117s aviet\u0117s, mango persikas arb\u016bzas, arb\u016bzas kramtomoji guma, kivis pasifloros granatas<\/td>\n<\/tr>\n<tr data-start=\"1800\" data-end=\"1936\">\n<td>E-skystis<\/td>\n<td>26ml<\/td>\n<\/tr>\n<tr data-start=\"1937\" data-end=\"2074\">\n<td>Nikotino stiprumai<\/td>\n<td>0%, 2%, 3%, 5% (0% ir 3% reikia u\u017esakyti dideliais kiekiais)<\/td>\n<\/tr>\n<tr data-start=\"2075\" data-end=\"2211\">\n<td>Svoris<\/td>\n<td>85g<\/td>\n<\/tr>\n<tr data-start=\"2212\" data-end=\"2349\">\n<td>Be muito<\/td>\n<td>Be muito, tiesioginis siuntimas i\u0161 Klaip\u0117dos, pristatymas per 2-4 dienas<\/td>\n<\/tr>\n<\/tbody>\n<\/table>\n<h4 data-start=\"2351\" data-end=\"2401\">Ilgas naudojimo laikas ir efektyvus dizainas<\/h4>\n<p data-start=\"2403\" data-end=\"2704\">Bang Blaze 20000 Puf\u0173 si\u016blo \u012fsp\u016bding\u0105 <a href=\"https:\/\/vapingnet.de\/lt\/k\/vape-20000-zuege\/\" target=\"_blank\" rel=\"noopener\"><strong>20 000 \u012fkv\u0117pim\u0173<\/strong><\/a>, tai rei\u0161kia, kad galite ilgai ir nuolat garinti, nereikia nuolat keisti \u012frenginio. Nesvarbu, ar tai kasdieniam naudojimui, ar ilgoms sesijoms vakar\u0117liuose ar kelion\u0117se \u2013 \u0161is Vape suteikia ilgalaik\u0119 garinimo patirt\u012f.<\/p>\n<h4 data-start=\"2706\" data-end=\"2755\">\u012evair\u016bs aromatai \u2013 kiekvienas \u012fkv\u0117pimas malonumas<\/h4>\n<p data-start=\"2757\" data-end=\"2897\">Bang Blaze si\u016blo plat\u0173 skani\u0173 aromat\u0173 pasirinkim\u0105, kuris patiks kiekvienam garintojui. \u010cia yra keletas populiariausi\u0173 aromat\u0173:<\/p>\n<ul data-start=\"2899\" data-end=\"3554\">\n<li data-start=\"2899\" data-end=\"3023\">Mi\u0161rios uogos: \u012fvairi\u0173 uog\u0173 mi\u0161inys, kuris suteikia gaiv\u0173 ir sald\u0173 skonio derin\u012f.<\/li>\n<li data-start=\"3024\" data-end=\"3126\">M\u0117lyni\u0173 aviet\u0117: M\u0117lyn\u0117s ir aviet\u0117s harmoningam, vaisi\u0161kam skonio sprogimui.<\/li>\n<li data-start=\"3127\" data-end=\"3257\">Mango persikas arb\u016bzas: Tropej\u0173 derinys i\u0161 mango, persiko ir arb\u016bzo, kuris \u012fne\u0161a vasaros \u012f kiekvien\u0105 \u012fkv\u0117pim\u0105.<\/li>\n<li data-start=\"3258\" data-end=\"3405\">Arb\u016bzo kramtomoji guma: Tobula gaivinan\u010dio arb\u016bzo ir saldaus kramtomojo gumos skonio kombinacija \u2013 nostalgi\u0161ka kelion\u0117 \u012f vaikyst\u0119.<\/li>\n<li data-start=\"3406\" data-end=\"3554\">Kivi, pasifloros ir granat\u0173: Eksoti\u0161ka kivi, pasifloros ir granat\u0173 mi\u0161inys intensyviam ir sud\u0117tingam skoniui.<\/li>\n<\/ul>\n<h4 data-start=\"3556\" data-end=\"3615\">Lankstus nikotinas \u2013 kiekvienam tinkamas potyris<\/h4>\n<p data-start=\"3617\" data-end=\"3912\">Bang Blaze 20000 \u012fkv\u0117pim\u0173 yra prieinamas su skirtingais nikotino stiprumais: 0%, 2%, 3% ir 5%. Pasirinkite nikotino stiprum\u0105, kuris atitinka j\u016bs\u0173 poreikius \u2013 \u0161velnesniam ar intensyvesniam garinimui. Atkreipkite d\u0117mes\u012f, kad 0% ir 3% variantus reikia u\u017esakyti didesniais kiekiais.<\/p>\n<h4 data-start=\"3914\" data-end=\"3960\">Tipo-C jungtis ir greitas \u012fkrovimas<\/h4>\n<p data-start=\"3962\" data-end=\"4196\">D\u0117l Tipo-C jungties galite greitai \u012fkrauti savo Bang Blaze, kad jis visada b\u016bt\u0173 paruo\u0161tas naudoti per trumpiausi\u0105 laik\u0105. Tai rei\u0161kia, kad niekada nereik\u0117s ilgai laukti savo vape \u2013 tiesiog \u012fkraukite ir t\u0119skite.<\/p>\n<h4 data-start=\"4198\" data-end=\"4263\">Be muit\u0173 ir greitas pristatymas \u2013 be streso, tik malonumas<\/h4>\n<ul data-start=\"4265\" data-end=\"4514\">\n<li data-start=\"4265\" data-end=\"4406\">Be muit\u0173: visi u\u017esakymai siun\u010diami tiesiai i\u0161 m\u016bs\u0173 <a href=\"https:\/\/vapingnet.de\/lt\/k\/de\/\" target=\"_blank\" rel=\"noopener\"><strong>Sand\u0117lio Lietuvoje<\/strong><\/a> be papildom\u0173 muit\u0173 ar pasl\u0117pt\u0173 mokes\u010di\u0173.<\/li>\n<li data-start=\"4407\" data-end=\"4514\">Greitas pristatymas: J\u016bs\u0173 Bang Blaze 20000 \u012fkv\u0117pim\u0173 bus pristatytas per 2-4 dienas tiesiai \u012f j\u016bs\u0173 namus.<\/li>\n<\/ul>\n<h4 data-start=\"4516\" data-end=\"4564\">Kompakti\u0161kas ir ne\u0161iojamas \u2013 m\u0117gaukit\u0117s bet kada<\/h4>\n<p data-start=\"4566\" data-end=\"4836\">Sveriant tik 85 g, Bang Blaze 20000 \u012fkv\u0117pim\u0173 yra ypa\u010d lengvas ir lengvai transportuojamas. J\u012f galite be vargo \u012fsid\u0117ti \u012f savo ki\u0161en\u0119 ar kuprin\u0119 ir m\u0117gautis bet kada \u2013 keliaujant, i\u0161vykose ar susitikus su draugais.<\/p>\n<h3>Kod\u0117l rinktis Bang Blaze 20000 \u012fkv\u0117pim\u0173?<\/h3>\n<ol data-start=\"4884\" data-end=\"5437\">\n<li data-start=\"4884\" data-end=\"4956\">Ilgas garavimo laikas: iki 20 000 \u012fkv\u0117pim\u0173 ilgalaikiam garavimui.<\/li>\n<li data-start=\"4957\" data-end=\"5054\">\u012evair\u016bs aromatai: platus skani\u0173 aromat\u0173 pasirinkimas kiekvienam skoniui.<\/li>\n<li data-start=\"5055\" data-end=\"5149\">Lankstus nikotinas: 0%, 2%, 3% ir 5% nikotino stiprumai, atitinkantys j\u016bs\u0173 poreikius.<\/li>\n<li data-start=\"5150\" data-end=\"5215\">Tipo-C greitas \u012fkrovimas: greitai \u012fkraunamas ir i\u0161kart paruo\u0161tas naudoti.<\/li>\n<li data-start=\"5216\" data-end=\"5334\">Be muit\u0173, greitas pristatymas: tiesioginis siuntimas i\u0161 Deutschland su pristatymu per 2-4 dienas be papildom\u0173 mokes\u010di\u0173.<\/li>\n<li data-start=\"5335\" data-end=\"5437\">Lengvas ir ne\u0161iojamas: kompakti\u0161kas dydis patogiam ne\u0161iojimui ir garinimui bet kada, kai tik norite.<\/li>\n<\/ol>\n<p data-start=\"5439\" data-end=\"5528\">Dabar pirkti ir m\u0117gautis kivio, pasifloros ir granat\u0173 skoniu!<\/p>\n<p data-start=\"5530\" data-end=\"5901\" data-is-last-node=\"\" data-is-only-node=\"\">Jei ie\u0161kote auk\u0161tos kokyb\u0117s elektronin\u0117s cigaret\u0117s su ilgalaikiu naudojimu ir skaniais aromatais, Bang Blaze 20000 Puffs yra tobulas pasirinkimas. Apsilankykite m\u016bs\u0173 svetain\u0117je jau \u0161iandien <a href=\"https:\/\/vapingnet.de\/lt\/\" target=\"_new\" rel=\"noopener\" data-start=\"5732\" data-end=\"5768\">vapingnet.de<\/a>, u\u017esisakykite dabar ir pasinaudokite greitu pristatymu bei pirmos klas\u0117s garinimo patirtimi. Prad\u0117kite savo garinimo nuotyk\u012f jau \u0161iandien!<\/p>","protected":false},"excerpt":{"rendered":"<p>Auk\u0161tos kokyb\u0117s elektronin\u0117s cigaret\u0117s\ud83d\udd25, tiesiai i\u0161 sand\u0117lio Bremen, pristatymas per 2-4 dienas!<\/p>","protected":false},"featured_media":5150,"template":"","meta":[],"etheme_brands":[],"product_brand":[101],"product_cat":[54,60,59,49,61],"product_tag":[],"class_list":{"0":"post-5142","1":"product","2":"type-product","3":"status-publish","4":"has-post-thumbnail","6":"product_brand-bang-king-vape","7":"product_cat-vape-20000-zuege","8":"product_cat-c","9":"product_cat-de","10":"product_cat-einweg-e-zigarette","11":"product_cat-f","13":"first","14":"instock","15":"shipping-taxable","16":"purchasable","17":"product-type-variable"},"yoast_head":"<!-- This site is optimized with the Yoast SEO plugin v26.5 - https:\/\/yoast.com\/wordpress\/plugins\/seo\/ -->\n<title>Fast delivery Bang Blaze 20000 puffs for fruity pleasure | Vapingnet.de<\/title>\n<meta name=\"description\" content=\"Entdecke Fast delivery Bang Blaze 20000 puffs for fruity pleasure bei vapingnet.de, \u25ba Gro\u00dfe Auswahl an Geschmacksrichtungen &amp; super g\u00fcnstig!\" \/>\n<meta name=\"robots\" content=\"index, follow, max-snippet:-1, max-image-preview:large, max-video-preview:-1\" \/>\n<link rel=\"canonical\" href=\"https:\/\/vapingnet.de\/lt\/vape\/fast-delivery-bang-blaze-20000-puffs-for-fruity-pleasure\/\" \/>\n<meta property=\"og:locale\" content=\"lt_LT\" \/>\n<meta property=\"og:type\" content=\"article\" \/>\n<meta property=\"og:title\" content=\"Fast delivery Bang Blaze 20000 puffs for fruity pleasure | Vapingnet.de\" \/>\n<meta property=\"og:description\" content=\"Entdecke Fast delivery Bang Blaze 20000 puffs for fruity pleasure bei vapingnet.de, \u25ba Gro\u00dfe Auswahl an Geschmacksrichtungen &amp; super g\u00fcnstig!\" \/>\n<meta property=\"og:url\" content=\"https:\/\/vapingnet.de\/lt\/vape\/fast-delivery-bang-blaze-20000-puffs-for-fruity-pleasure\/\" \/>\n<meta property=\"og:site_name\" content=\"Vapingnet.de\" \/>\n<meta property=\"article:publisher\" content=\"https:\/\/www.facebook.com\/vapingnetde\/\" \/>\n<meta property=\"article:modified_time\" content=\"2025-06-19T03:41:35+00:00\" \/>\n<meta property=\"og:image\" content=\"https:\/\/vapingnet.de\/wp-content\/uploads\/2025\/03\/bangking.png\" \/>\n\t<meta property=\"og:image:width\" content=\"900\" \/>\n\t<meta property=\"og:image:height\" content=\"600\" \/>\n\t<meta property=\"og:image:type\" content=\"image\/png\" \/>\n<meta name=\"twitter:card\" content=\"summary_large_image\" \/>\n<meta name=\"twitter:label1\" content=\"Est. reading time\" \/>\n\t<meta name=\"twitter:data1\" content=\"4 minutes\" \/>\n<script type=\"application\/ld+json\" class=\"yoast-schema-graph\">{\"@context\":\"https:\/\/schema.org\",\"@graph\":[{\"@type\":\"WebPage\",\"@id\":\"https:\/\/vapingnet.de\/vape\/fast-delivery-bang-blaze-20000-puffs-for-fruity-pleasure\/\",\"url\":\"https:\/\/vapingnet.de\/vape\/fast-delivery-bang-blaze-20000-puffs-for-fruity-pleasure\/\",\"name\":\"Fast delivery Bang Blaze 20000 puffs for fruity pleasure | Vapingnet.de\",\"isPartOf\":{\"@id\":\"https:\/\/vapingnet.de\/#website\"},\"primaryImageOfPage\":{\"@id\":\"https:\/\/vapingnet.de\/vape\/fast-delivery-bang-blaze-20000-puffs-for-fruity-pleasure\/#primaryimage\"},\"image\":{\"@id\":\"https:\/\/vapingnet.de\/vape\/fast-delivery-bang-blaze-20000-puffs-for-fruity-pleasure\/#primaryimage\"},\"thumbnailUrl\":\"https:\/\/vapingnet.de\/wp-content\/uploads\/2025\/03\/bangking.png\",\"datePublished\":\"2025-03-12T08:02:38+00:00\",\"dateModified\":\"2025-06-19T03:41:35+00:00\",\"description\":\"Entdecke Fast delivery Bang Blaze 20000 puffs for fruity pleasure bei vapingnet.de, \u25ba Gro\u00dfe Auswahl an Geschmacksrichtungen & super g\u00fcnstig!\",\"breadcrumb\":{\"@id\":\"https:\/\/vapingnet.de\/vape\/fast-delivery-bang-blaze-20000-puffs-for-fruity-pleasure\/#breadcrumb\"},\"inLanguage\":\"lt-LT\",\"potentialAction\":[{\"@type\":\"ReadAction\",\"target\":[\"https:\/\/vapingnet.de\/vape\/fast-delivery-bang-blaze-20000-puffs-for-fruity-pleasure\/\"]}]},{\"@type\":\"ImageObject\",\"inLanguage\":\"lt-LT\",\"@id\":\"https:\/\/vapingnet.de\/vape\/fast-delivery-bang-blaze-20000-puffs-for-fruity-pleasure\/#primaryimage\",\"url\":\"https:\/\/vapingnet.de\/wp-content\/uploads\/2025\/03\/bangking.png\",\"contentUrl\":\"https:\/\/vapingnet.de\/wp-content\/uploads\/2025\/03\/bangking.png\",\"width\":900,\"height\":600,\"caption\":\"bangking\"},{\"@type\":\"BreadcrumbList\",\"@id\":\"https:\/\/vapingnet.de\/vape\/fast-delivery-bang-blaze-20000-puffs-for-fruity-pleasure\/#breadcrumb\",\"itemListElement\":[{\"@type\":\"ListItem\",\"position\":1,\"name\":\"Home\",\"item\":\"https:\/\/vapingnet.de\/\"},{\"@type\":\"ListItem\",\"position\":2,\"name\":\"Shop\",\"item\":\"https:\/\/vapingnet.de\/vape\/\"},{\"@type\":\"ListItem\",\"position\":3,\"name\":\"Fast delivery Bang Blaze 20000 puffs for fruity pleasure\"}]},{\"@type\":\"WebSite\",\"@id\":\"https:\/\/vapingnet.de\/#website\",\"url\":\"https:\/\/vapingnet.de\/\",\"name\":\"Vapingnet.de\",\"description\":\"\",\"publisher\":{\"@id\":\"https:\/\/vapingnet.de\/#organization\"},\"potentialAction\":[{\"@type\":\"SearchAction\",\"target\":{\"@type\":\"EntryPoint\",\"urlTemplate\":\"https:\/\/vapingnet.de\/?s={search_term_string}\"},\"query-input\":{\"@type\":\"PropertyValueSpecification\",\"valueRequired\":true,\"valueName\":\"search_term_string\"}}],\"inLanguage\":\"lt-LT\"},{\"@type\":\"Organization\",\"@id\":\"https:\/\/vapingnet.de\/#organization\",\"name\":\"Vapingnet.de\",\"url\":\"https:\/\/vapingnet.de\/\",\"logo\":{\"@type\":\"ImageObject\",\"inLanguage\":\"lt-LT\",\"@id\":\"https:\/\/vapingnet.de\/#\/schema\/logo\/image\/\",\"url\":\"https:\/\/vapingnet.de\/wp-content\/uploads\/2025\/03\/cropped-vapingnet.de_.jpg\",\"contentUrl\":\"https:\/\/vapingnet.de\/wp-content\/uploads\/2025\/03\/cropped-vapingnet.de_.jpg\",\"width\":512,\"height\":512,\"caption\":\"Vapingnet.de\"},\"image\":{\"@id\":\"https:\/\/vapingnet.de\/#\/schema\/logo\/image\/\"},\"sameAs\":[\"https:\/\/www.facebook.com\/vapingnetde\/\"]}]}<\/script>\n<!-- \/ Yoast SEO plugin. -->","yoast_head_json":{"title":"Fast delivery Bang Blaze 20000 puffs for fruity pleasure | Vapingnet.de","description":"Entdecke Fast delivery Bang Blaze 20000 puffs for fruity pleasure bei vapingnet.de, \u25ba Gro\u00dfe Auswahl an Geschmacksrichtungen & super g\u00fcnstig!","robots":{"index":"index","follow":"follow","max-snippet":"max-snippet:-1","max-image-preview":"max-image-preview:large","max-video-preview":"max-video-preview:-1"},"canonical":"https:\/\/vapingnet.de\/lt\/vape\/fast-delivery-bang-blaze-20000-puffs-for-fruity-pleasure\/","og_locale":"lt_LT","og_type":"article","og_title":"Fast delivery Bang Blaze 20000 puffs for fruity pleasure | Vapingnet.de","og_description":"Entdecke Fast delivery Bang Blaze 20000 puffs for fruity pleasure bei vapingnet.de, \u25ba Gro\u00dfe Auswahl an Geschmacksrichtungen & super g\u00fcnstig!","og_url":"https:\/\/vapingnet.de\/lt\/vape\/fast-delivery-bang-blaze-20000-puffs-for-fruity-pleasure\/","og_site_name":"Vapingnet.de","article_publisher":"https:\/\/www.facebook.com\/vapingnetde\/","article_modified_time":"2025-06-19T03:41:35+00:00","og_image":[{"width":900,"height":600,"url":"https:\/\/vapingnet.de\/wp-content\/uploads\/2025\/03\/bangking.png","type":"image\/png"}],"twitter_card":"summary_large_image","twitter_misc":{"Est. reading time":"4 minutes"},"schema":{"@context":"https:\/\/schema.org","@graph":[{"@type":"WebPage","@id":"https:\/\/vapingnet.de\/vape\/fast-delivery-bang-blaze-20000-puffs-for-fruity-pleasure\/","url":"https:\/\/vapingnet.de\/vape\/fast-delivery-bang-blaze-20000-puffs-for-fruity-pleasure\/","name":"Fast delivery Bang Blaze 20000 puffs for fruity pleasure | Vapingnet.de","isPartOf":{"@id":"https:\/\/vapingnet.de\/#website"},"primaryImageOfPage":{"@id":"https:\/\/vapingnet.de\/vape\/fast-delivery-bang-blaze-20000-puffs-for-fruity-pleasure\/#primaryimage"},"image":{"@id":"https:\/\/vapingnet.de\/vape\/fast-delivery-bang-blaze-20000-puffs-for-fruity-pleasure\/#primaryimage"},"thumbnailUrl":"https:\/\/vapingnet.de\/wp-content\/uploads\/2025\/03\/bangking.png","datePublished":"2025-03-12T08:02:38+00:00","dateModified":"2025-06-19T03:41:35+00:00","description":"Entdecke Fast delivery Bang Blaze 20000 puffs for fruity pleasure bei vapingnet.de, \u25ba Gro\u00dfe Auswahl an Geschmacksrichtungen & super g\u00fcnstig!","breadcrumb":{"@id":"https:\/\/vapingnet.de\/vape\/fast-delivery-bang-blaze-20000-puffs-for-fruity-pleasure\/#breadcrumb"},"inLanguage":"lt-LT","potentialAction":[{"@type":"ReadAction","target":["https:\/\/vapingnet.de\/vape\/fast-delivery-bang-blaze-20000-puffs-for-fruity-pleasure\/"]}]},{"@type":"ImageObject","inLanguage":"lt-LT","@id":"https:\/\/vapingnet.de\/vape\/fast-delivery-bang-blaze-20000-puffs-for-fruity-pleasure\/#primaryimage","url":"https:\/\/vapingnet.de\/wp-content\/uploads\/2025\/03\/bangking.png","contentUrl":"https:\/\/vapingnet.de\/wp-content\/uploads\/2025\/03\/bangking.png","width":900,"height":600,"caption":"bangking"},{"@type":"BreadcrumbList","@id":"https:\/\/vapingnet.de\/vape\/fast-delivery-bang-blaze-20000-puffs-for-fruity-pleasure\/#breadcrumb","itemListElement":[{"@type":"ListItem","position":1,"name":"Home","item":"https:\/\/vapingnet.de\/"},{"@type":"ListItem","position":2,"name":"Shop","item":"https:\/\/vapingnet.de\/vape\/"},{"@type":"ListItem","position":3,"name":"Fast delivery Bang Blaze 20000 puffs for fruity pleasure"}]},{"@type":"WebSite","@id":"https:\/\/vapingnet.de\/#website","url":"https:\/\/vapingnet.de\/","name":"Vapingnet.de","description":"","publisher":{"@id":"https:\/\/vapingnet.de\/#organization"},"potentialAction":[{"@type":"SearchAction","target":{"@type":"EntryPoint","urlTemplate":"https:\/\/vapingnet.de\/?s={search_term_string}"},"query-input":{"@type":"PropertyValueSpecification","valueRequired":true,"valueName":"search_term_string"}}],"inLanguage":"lt-LT"},{"@type":"Organization","@id":"https:\/\/vapingnet.de\/#organization","name":"Vapingnet.de","url":"https:\/\/vapingnet.de\/","logo":{"@type":"ImageObject","inLanguage":"lt-LT","@id":"https:\/\/vapingnet.de\/#\/schema\/logo\/image\/","url":"https:\/\/vapingnet.de\/wp-content\/uploads\/2025\/03\/cropped-vapingnet.de_.jpg","contentUrl":"https:\/\/vapingnet.de\/wp-content\/uploads\/2025\/03\/cropped-vapingnet.de_.jpg","width":512,"height":512,"caption":"Vapingnet.de"},"image":{"@id":"https:\/\/vapingnet.de\/#\/schema\/logo\/image\/"},"sameAs":["https:\/\/www.facebook.com\/vapingnetde\/"]}]}},"tiered_pricing_type":"fixed","tiered_pricing_fixed_rules":{"10":"7.59","60":"6.83","110":"6.07","200":"5.31"},"tiered_pricing_product_settings":{"layout":"default","base_unit_name":{"singular":null,"plural":null},"default_variation":null},"tiered_pricing_minimum_quantity":null,"tiered_pricing_roles_data":[],"tiered_pricing_percentage_rules":[],"_links":{"self":[{"href":"https:\/\/vapingnet.de\/lt\/wp-json\/wp\/v2\/product\/5142","targetHints":{"allow":["GET"]}}],"collection":[{"href":"https:\/\/vapingnet.de\/lt\/wp-json\/wp\/v2\/product"}],"about":[{"href":"https:\/\/vapingnet.de\/lt\/wp-json\/wp\/v2\/types\/product"}],"version-history":[{"count":2,"href":"https:\/\/vapingnet.de\/lt\/wp-json\/wp\/v2\/product\/5142\/revisions"}],"predecessor-version":[{"id":7726,"href":"https:\/\/vapingnet.de\/lt\/wp-json\/wp\/v2\/product\/5142\/revisions\/7726"}],"wp:featuredmedia":[{"embeddable":true,"href":"https:\/\/vapingnet.de\/lt\/wp-json\/wp\/v2\/media\/5150"}],"wp:attachment":[{"href":"https:\/\/vapingnet.de\/lt\/wp-json\/wp\/v2\/media?parent=5142"}],"wp:term":[{"taxonomy":"brand","embeddable":true,"href":"https:\/\/vapingnet.de\/lt\/wp-json\/wp\/v2\/etheme_brands?post=5142"},{"taxonomy":"product_brand","embeddable":true,"href":"https:\/\/vapingnet.de\/lt\/wp-json\/wp\/v2\/product_brand?post=5142"},{"taxonomy":"product_cat","embeddable":true,"href":"https:\/\/vapingnet.de\/lt\/wp-json\/wp\/v2\/product_cat?post=5142"},{"taxonomy":"product_tag","embeddable":true,"href":"https:\/\/vapingnet.de\/lt\/wp-json\/wp\/v2\/product_tag?post=5142"}],"curies":[{"name":"wp","href":"https:\/\/api.w.org\/{rel}","templated":true}]}}