{"id":5161,"date":"2025-03-12T08:44:05","date_gmt":"2025-03-12T08:44:05","guid":{"rendered":"https:\/\/vapingnet.de\/?post_type=product&#038;p=5161"},"modified":"2025-06-19T03:41:34","modified_gmt":"2025-06-19T03:41:34","slug":"erlebe-bang-15000-puffs-blue-razz-ice-mit-eiskaltem-kick","status":"publish","type":"product","link":"https:\/\/vapingnet.de\/lt\/vape\/erlebe-bang-15000-puffs-blue-razz-ice-mit-eiskaltem-kick\/","title":{"rendered":"Patirkite Bang 15000 Puffs M\u0117lynojo Razz Ledas su \u0161altu \u012fkrovimu"},"content":{"rendered":"<h2 data-start=\"0\" data-end=\"89\" data-immersive-translate-walked=\"f973a1c5-5d4f-4088-9585-cd2fc30583a6\">Bang15000 P\u016bsl\u0117s \u012fkraunamas vienkartinis podas: Ateitis elektronini\u0173 cigare\u010di\u0173 patirties<\/h2>\n<p data-start=\"91\" data-end=\"696\" data-immersive-translate-walked=\"f973a1c5-5d4f-4088-9585-cd2fc30583a6\">D\u0117l spar\u010diai augan\u010dio elektronini\u0173 cigare\u010di\u0173 rinkos, vienkartin\u0117s elektronin\u0117s cigaret\u0117s tapo m\u0117gstamiausiu pasirinkimu vartotoj\u0173 d\u0117l j\u0173 patogumo, \u012fvairi\u0173 skoni\u0173 ir prakti\u0161kumo. \u0160iame tendencij\u0173 kontekste i\u0161siskiria <a href=\"https:\/\/vapingnet.de\/lt\/bang-15000-puffs\/\" target=\"_blank\" rel=\"noopener\"><strong>Bang15000 Puf\u0173 \u012fkraunama vienkartin\u0117 pod sistema<\/strong><\/a> su i\u0161skirtiniu na\u0161umu ir inovatyviomis technologijomis, tapdamas vienu i\u0161 paklausiausi\u0173 produkt\u0173 rinkoje. \u0160iame straipsnyje su\u017einosite visk\u0105 apie \u0161io produkto unikalius bruo\u017eus ir kaip jis si\u016blo neprilygstam\u0105 garinimo patirt\u012f.<\/p>\n<h4>Naujausios tendencijos elektronini\u0173 cigare\u010di\u0173 rinkoje<\/h4>\n<p data-start=\"747\" data-end=\"1225\">Pastaraisiais metais elektronin\u0117 cigaret\u0117 \u012fsitvirtino kaip moderni alternatyva tradiciniam r\u016bkymui visame pasaulyje. Vartotojai \u0161iandien tikisi ne tik paprasto nikotino \u012fsisavinimo, bet ir geresni\u0173 funkcij\u0173, intensyvesni\u0173 skonio patir\u010di\u0173 bei patogesnio naudojimo. Bang15000 P\u016bsl\u0117s \u012fkraunamas vienkartinis podas ne tik atitinka \u0161iuos reikalavimus, bet ir nustato naujus standartus vienkartin\u0117ms elektronin\u0117ms cigaret\u0117ms su technin\u0117mis inovacijomis.<\/p>\n<h4 data-start=\"1227\" data-end=\"1301\">Produkto akcentai: tobula technologijos ir dizaino sintez\u0117<\/h4>\n<p data-start=\"1302\" data-end=\"1462\">Bang15000 P\u016bsl\u0117s \u012fkraunamas vienkartinis podas sujungia pa\u017eangiausias technologijas su patogiu dizainu. \u010cia yra jo i\u0161skirtiniai bruo\u017eai:<\/p>\n<p data-start=\"1464\" data-end=\"1658\">\u2705 Dul Mesh Coil 1.1\u03a9<br data-start=\"1488\" data-end=\"1491\" \/>Pa\u017eangi Dul Mesh Coil technologija u\u017etikrina vienod\u0105 garo gamyb\u0105 ir intensyvi\u0105 skonio patirt\u012f su \u0161velniu \u012fkv\u0117pimu.<\/p>\n<p data-start=\"1660\" data-end=\"1942\">\u2705 650mAh \u012fkraunama baterija ir Tipo-C jungtis<br data-start=\"1713\" data-end=\"1716\" \/>Integruota 650mAh baterija leid\u017eia ilgalaik\u012f naudojim\u0105, o Tipo-C greito \u012fkrovimo jungtis u\u017etikrina efektyv\u0173 \u012fkrovim\u0105 \u2013 atsisakykite \u201evienkartinio\u201c m\u0105stymo tradicin\u0117se elektronin\u0117se cigaret\u0117se!<\/p>\n<p data-start=\"1944\" data-end=\"2154\">\u2705 15000 p\u016btim\u0173 \u2013 ne\u012fprastai ilgas tarnavimo laikas<br data-start=\"1997\" data-end=\"2000\" \/>Su iki <a href=\"https:\/\/vapingnet.de\/lt\/k\/vape-15000-zuege\/\" target=\"_blank\" rel=\"noopener\"><strong>15000 \u012fkv\u0117pim\u0173<\/strong><\/a> \u0161iame modelyje yra vienas i\u0161 ilgaam\u017ei\u0161kiausi\u0173 vienkartini\u0173 elektronini\u0173 cigare\u010di\u0173 rinkoje ir suma\u017eina da\u017en\u0105 \u012frengini\u0173 keitim\u0105.<\/p>\n<p data-start=\"2156\" data-end=\"2331\">\u2705 Didelis 23ml skys\u010dio bakelis<br data-start=\"2185\" data-end=\"2188\" \/>Didelis skys\u010dio t\u016bris u\u017etikrina ilgalaik\u012f malonum\u0105, nereikalaujant da\u017enai papildyti.<\/p>\n<p data-start=\"2333\" data-end=\"2567\">\u2705 Keturi nikotino stiprumai pasirinkimui<br data-start=\"2370\" data-end=\"2373\" \/>Lankstumas yra svarbiausias: pasirinkite tarp 0, %, 2, %, 3, % arba 5, % nikotino stiprumo \u2013 puikiai tinka visiems garintojams (Pastaba: 0, % ir 3, % tik didesniais kiekiais galima u\u017esisakyti).<\/p>\n<h4 data-start=\"2569\" data-end=\"2644\">Skonio patirtis: gaivus Blue Razz Ice skonis<\/h4>\n<p data-start=\"2645\" data-end=\"3068\">Ypatingas akcentas yra Blue Razz Ice skonis. \u0160i sald\u017ei\u0173 m\u0117lyni\u0173 ir \u0161iek tiek r\u016bg\u0161\u010di\u0173 avie\u010di\u0173 kombinacija papildyta malonia \u0161aldymo patirtimi \u2013 skonio patirtis, kuri kiekvienu \u012fkv\u0117pimu atskleid\u017eia gaivi\u0105 vaisi\u0173 gaiv\u0105. Nesvarbu, ar kar\u0161tomis vasaros dienomis, ar kaip atsipalaidavimo akimirka, \u0161is skonis sukuria tobul\u0105 balans\u0105 tarp gaivumo ir vaisi\u0161kumo.<\/p>\n<h4 data-start=\"3070\" data-end=\"3144\">Vartotojo patirtis: ne\u0161iojamas, ilgaam\u017eis, paprastas naudoti<\/h4>\n<p data-start=\"3145\" data-end=\"3293\">Be \u012fsp\u016bdingos technologijos, Bang15000 Puffs \u012fkraunamas vienkartinis podas taip pat i\u0161siskiria apgalvotu naudotojo patirtimi:<\/p>\n<p data-start=\"3295\" data-end=\"3603\">\ud83d\udd39 Kompakti\u0161kas ir stilingas dizainas \u2013 puikiai tinkantis keliaujant, lengvai telpa \u012f ki\u0161en\u0119.<br data-start=\"3385\" data-end=\"3388\" \/>\ud83d\udd39 Paprastas naudojimas \u2013 joki\u0173 sud\u0117ting\u0173 nustatym\u0173 ar prie\u017ei\u016bros \u2013 tiesiog i\u0161pakuokite ir m\u0117gaukit\u0117s.<br data-start=\"3488\" data-end=\"3491\" \/>\ud83d\udd39 Ilgalaikis malonumas \u2013 15000 \u012fkv\u0117pim\u0173 kartu su 23 ml talpos bakeliu si\u016blo stipri\u0105 gar\u0173 patirt\u012f.<\/p>\n<h4 data-start=\"3605\" data-end=\"3650\">Tvarumas ir ekonomi\u0161kumas<\/h4>\n<p data-start=\"3651\" data-end=\"4072\">Atsi\u017evelgiant \u012f laik\u0105, kai aplinkosauga tampa vis svarbesn\u0117, Bang15000 Puffs \u012fkraunamas vienkartinis podas i\u0161siskiria savo \u012fkraunama funkcija. Palyginti su \u012fprastais vienkartiniais modeliais, integruotas akumuliatorius suma\u017eina baterij\u0173 atliek\u0173 kiek\u012f ir tausuoja aplink\u0105. Tuo pa\u010diu naudotojai ilgainiui sutaupo pinig\u0173, nes reikia ma\u017eiau \u012frengini\u0173 keisti \u2013 tai laiminga situacija tiek vapingo entuziastams, tiek gamtai!<\/p>\n<h3>Kod\u0117l rinktis Bang15000 Puffs?<\/h3>\n<p data-start=\"4118\" data-end=\"4438\">Nesvarbu, ar ie\u0161kote intensyvios skonio patirties, ar vertinate aplinkos apsaug\u0105 ir patogum\u0105 \u2013 Bang15000 Puffs \u012fkraunamas vienkartinis podas yra puikus pasirinkimas. \u0160is elektroninis cigaretes yra daugiau nei tik \u012frenginys \u2013 tai \u0161iuolaiki\u0161ko, lankstaus ir tvaraus gyvenimo b\u016bdo i\u0161rai\u0161ka.<\/p>\n<h4 data-start=\"4440\" data-end=\"4493\">Prad\u0117kite savo nauj\u0105 vapingo patirt\u012f!<\/h4>\n<p data-start=\"4494\" data-end=\"4928\" data-is-last-node=\"\" data-is-only-node=\"\">Su savo inovatyviomis funkcijomis, dideliu talpumu ir unikaliu skoniu Bang15000 Puffs \u012fkraunamas vienkartinis podas apibr\u0117\u017eia nauj\u0105 pasaul\u012f <a href=\"https:\/\/vapingnet.de\/lt\/k\/einweg-e-zigarette\/\" target=\"_blank\" rel=\"noopener\"><strong>Vienkartini\u0173 elektronini\u0173 cigare\u010di\u0173<\/strong> <\/a>d. Jei ie\u0161kote auk\u0161tos kokyb\u0117s, ilgaam\u017e\u0117s ir skanios elektronin\u0117s cigaret\u0117s, b\u016btinai i\u0161bandykite! Apsilankykite dabar vapingnet.de, su\u017einokite daugiau arba u\u017esisakykite tiesiogiai ir prad\u0117kite savo asmenin\u0119 vapingo nuotyk\u012f.<\/p>","protected":false},"excerpt":{"rendered":"<p>Bang15000 Puffs \u012fkraunamas vienkartinis podas: Elektronini\u0173 cigare\u010di\u0173 patirties ateitis Spar\u010diai augant elektronini\u0173 cigare\u010di\u0173 rinkai, vienkartin\u0117s elektronin\u0117s cigaret\u0117s d\u0117l savo patogumo, skonio \u012fvairov\u0117s...<\/p>","protected":false},"featured_media":5162,"template":"","meta":[],"etheme_brands":[],"product_brand":[101],"product_cat":[53,49,61],"product_tag":[],"class_list":{"0":"post-5161","1":"product","2":"type-product","3":"status-publish","4":"has-post-thumbnail","6":"product_brand-bang-king-vape","7":"product_cat-vape-15000-zuege","8":"product_cat-einweg-e-zigarette","9":"product_cat-f","11":"first","12":"instock","13":"shipping-taxable","14":"purchasable","15":"product-type-simple"},"yoast_head":"<!-- This site is optimized with the Yoast SEO plugin v26.5 - https:\/\/yoast.com\/wordpress\/plugins\/seo\/ -->\n<title>Erlebe Bang 15000 Puffs Blue Razz Ice mit eiskaltem Kick | Vapingnet.de<\/title>\n<meta name=\"description\" content=\"Entdecke Erlebe Bang 15000 Puffs Blue Razz Ice mit eiskaltem Kick bei vapingnet.de, \u25ba Gro\u00dfe Auswahl an Geschmacksrichtungen &amp; super g\u00fcnstig!\" \/>\n<meta name=\"robots\" content=\"index, follow, max-snippet:-1, max-image-preview:large, max-video-preview:-1\" \/>\n<link rel=\"canonical\" href=\"https:\/\/vapingnet.de\/lt\/vape\/erlebe-bang-15000-puffs-blue-razz-ice-mit-eiskaltem-kick\/\" \/>\n<meta property=\"og:locale\" content=\"lt_LT\" \/>\n<meta property=\"og:type\" content=\"article\" \/>\n<meta property=\"og:title\" content=\"Erlebe Bang 15000 Puffs Blue Razz Ice mit eiskaltem Kick | Vapingnet.de\" \/>\n<meta property=\"og:description\" content=\"Entdecke Erlebe Bang 15000 Puffs Blue Razz Ice mit eiskaltem Kick bei vapingnet.de, \u25ba Gro\u00dfe Auswahl an Geschmacksrichtungen &amp; super g\u00fcnstig!\" \/>\n<meta property=\"og:url\" content=\"https:\/\/vapingnet.de\/lt\/vape\/erlebe-bang-15000-puffs-blue-razz-ice-mit-eiskaltem-kick\/\" \/>\n<meta property=\"og:site_name\" content=\"Vapingnet.de\" \/>\n<meta property=\"article:publisher\" content=\"https:\/\/www.facebook.com\/vapingnetde\/\" \/>\n<meta property=\"article:modified_time\" content=\"2025-06-19T03:41:34+00:00\" \/>\n<meta property=\"og:image\" content=\"https:\/\/vapingnet.de\/wp-content\/uploads\/2025\/03\/Blue-Razz-Ice.png\" \/>\n\t<meta property=\"og:image:width\" content=\"900\" \/>\n\t<meta property=\"og:image:height\" content=\"600\" \/>\n\t<meta property=\"og:image:type\" content=\"image\/png\" \/>\n<meta name=\"twitter:card\" content=\"summary_large_image\" \/>\n<meta name=\"twitter:label1\" content=\"Est. reading time\" \/>\n\t<meta name=\"twitter:data1\" content=\"4 minutes\" \/>\n<script type=\"application\/ld+json\" class=\"yoast-schema-graph\">{\"@context\":\"https:\/\/schema.org\",\"@graph\":[{\"@type\":\"WebPage\",\"@id\":\"https:\/\/vapingnet.de\/vape\/erlebe-bang-15000-puffs-blue-razz-ice-mit-eiskaltem-kick\/\",\"url\":\"https:\/\/vapingnet.de\/vape\/erlebe-bang-15000-puffs-blue-razz-ice-mit-eiskaltem-kick\/\",\"name\":\"Erlebe Bang 15000 Puffs Blue Razz Ice mit eiskaltem Kick | Vapingnet.de\",\"isPartOf\":{\"@id\":\"https:\/\/vapingnet.de\/#website\"},\"primaryImageOfPage\":{\"@id\":\"https:\/\/vapingnet.de\/vape\/erlebe-bang-15000-puffs-blue-razz-ice-mit-eiskaltem-kick\/#primaryimage\"},\"image\":{\"@id\":\"https:\/\/vapingnet.de\/vape\/erlebe-bang-15000-puffs-blue-razz-ice-mit-eiskaltem-kick\/#primaryimage\"},\"thumbnailUrl\":\"https:\/\/vapingnet.de\/wp-content\/uploads\/2025\/03\/Blue-Razz-Ice.png\",\"datePublished\":\"2025-03-12T08:44:05+00:00\",\"dateModified\":\"2025-06-19T03:41:34+00:00\",\"description\":\"Entdecke Erlebe Bang 15000 Puffs Blue Razz Ice mit eiskaltem Kick bei vapingnet.de, \u25ba Gro\u00dfe Auswahl an Geschmacksrichtungen & super g\u00fcnstig!\",\"breadcrumb\":{\"@id\":\"https:\/\/vapingnet.de\/vape\/erlebe-bang-15000-puffs-blue-razz-ice-mit-eiskaltem-kick\/#breadcrumb\"},\"inLanguage\":\"lt-LT\",\"potentialAction\":[{\"@type\":\"ReadAction\",\"target\":[\"https:\/\/vapingnet.de\/vape\/erlebe-bang-15000-puffs-blue-razz-ice-mit-eiskaltem-kick\/\"]}]},{\"@type\":\"ImageObject\",\"inLanguage\":\"lt-LT\",\"@id\":\"https:\/\/vapingnet.de\/vape\/erlebe-bang-15000-puffs-blue-razz-ice-mit-eiskaltem-kick\/#primaryimage\",\"url\":\"https:\/\/vapingnet.de\/wp-content\/uploads\/2025\/03\/Blue-Razz-Ice.png\",\"contentUrl\":\"https:\/\/vapingnet.de\/wp-content\/uploads\/2025\/03\/Blue-Razz-Ice.png\",\"width\":900,\"height\":600,\"caption\":\"Blue Razz Ice\"},{\"@type\":\"BreadcrumbList\",\"@id\":\"https:\/\/vapingnet.de\/vape\/erlebe-bang-15000-puffs-blue-razz-ice-mit-eiskaltem-kick\/#breadcrumb\",\"itemListElement\":[{\"@type\":\"ListItem\",\"position\":1,\"name\":\"Home\",\"item\":\"https:\/\/vapingnet.de\/\"},{\"@type\":\"ListItem\",\"position\":2,\"name\":\"Shop\",\"item\":\"https:\/\/vapingnet.de\/vape\/\"},{\"@type\":\"ListItem\",\"position\":3,\"name\":\"Erlebe Bang 15000 Puffs Blue Razz Ice mit eiskaltem Kick\"}]},{\"@type\":\"WebSite\",\"@id\":\"https:\/\/vapingnet.de\/#website\",\"url\":\"https:\/\/vapingnet.de\/\",\"name\":\"Vapingnet.de\",\"description\":\"\",\"publisher\":{\"@id\":\"https:\/\/vapingnet.de\/#organization\"},\"potentialAction\":[{\"@type\":\"SearchAction\",\"target\":{\"@type\":\"EntryPoint\",\"urlTemplate\":\"https:\/\/vapingnet.de\/?s={search_term_string}\"},\"query-input\":{\"@type\":\"PropertyValueSpecification\",\"valueRequired\":true,\"valueName\":\"search_term_string\"}}],\"inLanguage\":\"lt-LT\"},{\"@type\":\"Organization\",\"@id\":\"https:\/\/vapingnet.de\/#organization\",\"name\":\"Vapingnet.de\",\"url\":\"https:\/\/vapingnet.de\/\",\"logo\":{\"@type\":\"ImageObject\",\"inLanguage\":\"lt-LT\",\"@id\":\"https:\/\/vapingnet.de\/#\/schema\/logo\/image\/\",\"url\":\"https:\/\/vapingnet.de\/wp-content\/uploads\/2025\/03\/cropped-vapingnet.de_.jpg\",\"contentUrl\":\"https:\/\/vapingnet.de\/wp-content\/uploads\/2025\/03\/cropped-vapingnet.de_.jpg\",\"width\":512,\"height\":512,\"caption\":\"Vapingnet.de\"},\"image\":{\"@id\":\"https:\/\/vapingnet.de\/#\/schema\/logo\/image\/\"},\"sameAs\":[\"https:\/\/www.facebook.com\/vapingnetde\/\"]}]}<\/script>\n<!-- \/ Yoast SEO plugin. -->","yoast_head_json":{"title":"Erlebe Bang 15000 Puffs Blue Razz Ice mit eiskaltem Kick | Vapingnet.de","description":"Entdecke Erlebe Bang 15000 Puffs Blue Razz Ice mit eiskaltem Kick bei vapingnet.de, \u25ba Gro\u00dfe Auswahl an Geschmacksrichtungen & super g\u00fcnstig!","robots":{"index":"index","follow":"follow","max-snippet":"max-snippet:-1","max-image-preview":"max-image-preview:large","max-video-preview":"max-video-preview:-1"},"canonical":"https:\/\/vapingnet.de\/lt\/vape\/erlebe-bang-15000-puffs-blue-razz-ice-mit-eiskaltem-kick\/","og_locale":"lt_LT","og_type":"article","og_title":"Erlebe Bang 15000 Puffs Blue Razz Ice mit eiskaltem Kick | Vapingnet.de","og_description":"Entdecke Erlebe Bang 15000 Puffs Blue Razz Ice mit eiskaltem Kick bei vapingnet.de, \u25ba Gro\u00dfe Auswahl an Geschmacksrichtungen & super g\u00fcnstig!","og_url":"https:\/\/vapingnet.de\/lt\/vape\/erlebe-bang-15000-puffs-blue-razz-ice-mit-eiskaltem-kick\/","og_site_name":"Vapingnet.de","article_publisher":"https:\/\/www.facebook.com\/vapingnetde\/","article_modified_time":"2025-06-19T03:41:34+00:00","og_image":[{"width":900,"height":600,"url":"https:\/\/vapingnet.de\/wp-content\/uploads\/2025\/03\/Blue-Razz-Ice.png","type":"image\/png"}],"twitter_card":"summary_large_image","twitter_misc":{"Est. reading time":"4 minutes"},"schema":{"@context":"https:\/\/schema.org","@graph":[{"@type":"WebPage","@id":"https:\/\/vapingnet.de\/vape\/erlebe-bang-15000-puffs-blue-razz-ice-mit-eiskaltem-kick\/","url":"https:\/\/vapingnet.de\/vape\/erlebe-bang-15000-puffs-blue-razz-ice-mit-eiskaltem-kick\/","name":"Erlebe Bang 15000 Puffs Blue Razz Ice mit eiskaltem Kick | Vapingnet.de","isPartOf":{"@id":"https:\/\/vapingnet.de\/#website"},"primaryImageOfPage":{"@id":"https:\/\/vapingnet.de\/vape\/erlebe-bang-15000-puffs-blue-razz-ice-mit-eiskaltem-kick\/#primaryimage"},"image":{"@id":"https:\/\/vapingnet.de\/vape\/erlebe-bang-15000-puffs-blue-razz-ice-mit-eiskaltem-kick\/#primaryimage"},"thumbnailUrl":"https:\/\/vapingnet.de\/wp-content\/uploads\/2025\/03\/Blue-Razz-Ice.png","datePublished":"2025-03-12T08:44:05+00:00","dateModified":"2025-06-19T03:41:34+00:00","description":"Entdecke Erlebe Bang 15000 Puffs Blue Razz Ice mit eiskaltem Kick bei vapingnet.de, \u25ba Gro\u00dfe Auswahl an Geschmacksrichtungen & super g\u00fcnstig!","breadcrumb":{"@id":"https:\/\/vapingnet.de\/vape\/erlebe-bang-15000-puffs-blue-razz-ice-mit-eiskaltem-kick\/#breadcrumb"},"inLanguage":"lt-LT","potentialAction":[{"@type":"ReadAction","target":["https:\/\/vapingnet.de\/vape\/erlebe-bang-15000-puffs-blue-razz-ice-mit-eiskaltem-kick\/"]}]},{"@type":"ImageObject","inLanguage":"lt-LT","@id":"https:\/\/vapingnet.de\/vape\/erlebe-bang-15000-puffs-blue-razz-ice-mit-eiskaltem-kick\/#primaryimage","url":"https:\/\/vapingnet.de\/wp-content\/uploads\/2025\/03\/Blue-Razz-Ice.png","contentUrl":"https:\/\/vapingnet.de\/wp-content\/uploads\/2025\/03\/Blue-Razz-Ice.png","width":900,"height":600,"caption":"Blue Razz Ice"},{"@type":"BreadcrumbList","@id":"https:\/\/vapingnet.de\/vape\/erlebe-bang-15000-puffs-blue-razz-ice-mit-eiskaltem-kick\/#breadcrumb","itemListElement":[{"@type":"ListItem","position":1,"name":"Home","item":"https:\/\/vapingnet.de\/"},{"@type":"ListItem","position":2,"name":"Shop","item":"https:\/\/vapingnet.de\/vape\/"},{"@type":"ListItem","position":3,"name":"Erlebe Bang 15000 Puffs Blue Razz Ice mit eiskaltem Kick"}]},{"@type":"WebSite","@id":"https:\/\/vapingnet.de\/#website","url":"https:\/\/vapingnet.de\/","name":"Vapingnet.de","description":"","publisher":{"@id":"https:\/\/vapingnet.de\/#organization"},"potentialAction":[{"@type":"SearchAction","target":{"@type":"EntryPoint","urlTemplate":"https:\/\/vapingnet.de\/?s={search_term_string}"},"query-input":{"@type":"PropertyValueSpecification","valueRequired":true,"valueName":"search_term_string"}}],"inLanguage":"lt-LT"},{"@type":"Organization","@id":"https:\/\/vapingnet.de\/#organization","name":"Vapingnet.de","url":"https:\/\/vapingnet.de\/","logo":{"@type":"ImageObject","inLanguage":"lt-LT","@id":"https:\/\/vapingnet.de\/#\/schema\/logo\/image\/","url":"https:\/\/vapingnet.de\/wp-content\/uploads\/2025\/03\/cropped-vapingnet.de_.jpg","contentUrl":"https:\/\/vapingnet.de\/wp-content\/uploads\/2025\/03\/cropped-vapingnet.de_.jpg","width":512,"height":512,"caption":"Vapingnet.de"},"image":{"@id":"https:\/\/vapingnet.de\/#\/schema\/logo\/image\/"},"sameAs":["https:\/\/www.facebook.com\/vapingnetde\/"]}]}},"tiered_pricing_type":"fixed","tiered_pricing_fixed_rules":{"10":"7.31","60":"6.58","110":"5.85","200":"5.12"},"tiered_pricing_product_settings":{"layout":"default","base_unit_name":{"singular":null,"plural":null},"default_variation":null},"tiered_pricing_minimum_quantity":null,"tiered_pricing_roles_data":[],"tiered_pricing_percentage_rules":[],"_links":{"self":[{"href":"https:\/\/vapingnet.de\/lt\/wp-json\/wp\/v2\/product\/5161","targetHints":{"allow":["GET"]}}],"collection":[{"href":"https:\/\/vapingnet.de\/lt\/wp-json\/wp\/v2\/product"}],"about":[{"href":"https:\/\/vapingnet.de\/lt\/wp-json\/wp\/v2\/types\/product"}],"version-history":[{"count":1,"href":"https:\/\/vapingnet.de\/lt\/wp-json\/wp\/v2\/product\/5161\/revisions"}],"predecessor-version":[{"id":5163,"href":"https:\/\/vapingnet.de\/lt\/wp-json\/wp\/v2\/product\/5161\/revisions\/5163"}],"wp:featuredmedia":[{"embeddable":true,"href":"https:\/\/vapingnet.de\/lt\/wp-json\/wp\/v2\/media\/5162"}],"wp:attachment":[{"href":"https:\/\/vapingnet.de\/lt\/wp-json\/wp\/v2\/media?parent=5161"}],"wp:term":[{"taxonomy":"brand","embeddable":true,"href":"https:\/\/vapingnet.de\/lt\/wp-json\/wp\/v2\/etheme_brands?post=5161"},{"taxonomy":"product_brand","embeddable":true,"href":"https:\/\/vapingnet.de\/lt\/wp-json\/wp\/v2\/product_brand?post=5161"},{"taxonomy":"product_cat","embeddable":true,"href":"https:\/\/vapingnet.de\/lt\/wp-json\/wp\/v2\/product_cat?post=5161"},{"taxonomy":"product_tag","embeddable":true,"href":"https:\/\/vapingnet.de\/lt\/wp-json\/wp\/v2\/product_tag?post=5161"}],"curies":[{"name":"wp","href":"https:\/\/api.w.org\/{rel}","templated":true}]}}