{"id":5164,"date":"2025-03-12T09:13:18","date_gmt":"2025-03-12T09:13:18","guid":{"rendered":"https:\/\/vapingnet.de\/?post_type=product&#038;p=5164"},"modified":"2025-06-19T03:41:34","modified_gmt":"2025-06-19T03:41:34","slug":"geniessen-sie-die-unvergleichliche-frische-von-bang-15000-puffs-im-cool-mint-geschmack","status":"publish","type":"product","link":"https:\/\/vapingnet.de\/lt\/vape\/geniessen-sie-die-unvergleichliche-frische-von-bang-15000-puffs-im-cool-mint-geschmack\/","title":{"rendered":"M\u0117gaukit\u0117s nepalyginama gaiva i\u0161 Bang 15000 p\u016btim\u0173 Cool Mint skoniu"},"content":{"rendered":"<h2 data-start=\"0\" data-end=\"84\">Bang15000 P\u016bsl\u0117s \u012fkraunamas vienkartinis podas \u2013 D\u016bmavimo revoliucija!<\/h2>\n<p data-start=\"86\" data-end=\"584\">Rinkoje elektronini\u0173 cigare\u010di\u0173 vystosi spar\u010diai, o vartotoj\u0173 reikalavimai kyla. Jie nebeie\u0161ko tik nikotino, bet ir intensyvesni\u0173 skonio patir\u010di\u0173, ilgesnio naudojimo laiko bei maksimalios patogumo. \u010cia kaip tik pradeda veikti Bang15000 P\u016bsl\u0117s \u012fkraunamas vienkartinis podas \u2013 su inovatyviomis technologijomis, i\u0161skirtiniu na\u0161umu ir gaiviu m\u0117tinio skonio skoniu. Pa\u017ei\u016br\u0117kime \u012f \u0161\u012f prover\u017eio model\u012f i\u0161 ar\u010diau!<\/p>\n<h4 data-start=\"593\" data-end=\"668\">Vienkartinis vape naujai apibr\u0117\u017etas: ilga tarnavimo trukm\u0117 ir auk\u0161\u010diausias na\u0161umas<\/h4>\n<p data-start=\"669\" data-end=\"954\">Ar jau pavargai nuo to, kad nuolat keiti savo <a href=\"https:\/\/vapingnet.de\/lt\/k\/einweg-e-zigarette\/\" target=\"_blank\" rel=\"noopener\"><strong>vienkartinius vape<\/strong><\/a> nuolat keisti? Ar erzina, kad akumuliatorius per greitai i\u0161sikrauna? Tuomet Bang15000 P\u016bsl\u0117s b\u016btent tau! Su iki 15 000 \u012fkv\u0117pim\u0173 \u0161is modelis nustato naujus standartus ir gerokai pranoksta \u012fprastus vienkartinius \u012frenginius.<\/p>\n<h4 data-start=\"961\" data-end=\"1039\">Technologijos, kurios \u017eavi \u2013 nepakartojamai d\u016bmavimo patir\u010diai<\/h4>\n<p data-start=\"1041\" data-end=\"1114\">\u2705 Dul Mesh 1.1\u03a9 rit\u0117 \u2013 intensyvesnis skonis ir tankesn\u0117s debesys<\/p>\n<p data-start=\"1115\" data-end=\"1331\">Naujoji Dul Mesh rit\u0117s technologija u\u017etikrina tolyg\u0173 skys\u010dio garavim\u0105, tod\u0117l skonis tampa intensyvesnis, o garai \u2013 ypa\u010d \u0161veln\u016bs. Tobula d\u016bmavimo patirtis pradedantiesiems ir profesionalams!<\/p>\n<p data-start=\"1333\" data-end=\"1409\">\ud83d\udd0b 650mAh akumuliatorius ir Tipo-C greitas \u012fkrovimas \u2013 maksimalus i\u0161tverm\u0117 ir patogumas<\/p>\n<p data-start=\"1410\" data-end=\"1701\">D\u0117l galingo 650mAh akumuliatoriaus gal\u0117si naudoti \u012frengin\u012f ilg\u0105 laik\u0105 be r\u016bpes\u010di\u0173 d\u0117l baterijos veikimo laiko. Su Tipo-C greitu \u012fkrovimu tavo vape greitai v\u0117l bus paruo\u0161tas naudoti \u2013 skland\u017eiai d\u016bmavimo patir\u010diai be pertrauk\u0173.<\/p>\n<p data-start=\"1703\" data-end=\"1763\">\ud83d\udd25 15 000 \u012fkv\u0117pim\u0173 \u2013 \u012fsp\u016bdinga ilga naudojimo trukm\u0117<\/p>\n<p data-start=\"1764\" data-end=\"1989\">Bang15000 P\u016bsl\u0117s si\u016blo ne\u012ftik\u0117tin\u0105 15 000 \u012fkv\u0117pim\u0173 skai\u010di\u0173, kuris gerokai vir\u0161ija \u012fprast\u0173 vienkartini\u0173 vape. Joki\u0173 nuolatini\u0173 nauj\u0173 pirkini\u0173 \u2013 \u0161i elektronin\u0117 cigaret\u0117 tave lyd\u0117s ilg\u0105 laik\u0105.<\/p>\n<p data-start=\"1991\" data-end=\"2048\">\ud83d\udca6 23ml skys\u010dio talpa \u2013 niekada daugiau papildymo<\/p>\n<p data-start=\"2049\" data-end=\"2190\">Su 23ml pripildytu skys\u010diu \u0161i elektronin\u0117 cigaret\u0117 veiks labai ilgai. Be varginan\u010dio papildymo, be kompromis\u0173 \u2013 tiesiog m\u0117gaukis!<\/p>\n<h4 data-start=\"2197\" data-end=\"2234\"><img fetchpriority=\"high\" decoding=\"async\" class=\"size-full wp-image-6907 aligncenter\" src=\"https:\/\/vapingnet.de\/wp-content\/uploads\/2025\/03\/VAPE-2.jpg\" alt=\"\" width=\"1166\" height=\"1080\" srcset=\"https:\/\/vapingnet.de\/wp-content\/uploads\/2025\/03\/VAPE-2.jpg 1166w, https:\/\/vapingnet.de\/wp-content\/uploads\/2025\/03\/VAPE-2-300x278.jpg 300w, https:\/\/vapingnet.de\/wp-content\/uploads\/2025\/03\/VAPE-2-1024x948.jpg 1024w, https:\/\/vapingnet.de\/wp-content\/uploads\/2025\/03\/VAPE-2-768x711.jpg 768w, https:\/\/vapingnet.de\/wp-content\/uploads\/2025\/03\/VAPE-2-600x556.jpg 600w, https:\/\/vapingnet.de\/wp-content\/uploads\/2025\/03\/VAPE-2-1x1.jpg 1w, https:\/\/vapingnet.de\/wp-content\/uploads\/2025\/03\/VAPE-2-10x10.jpg 10w\" sizes=\"(max-width: 1166px) 100vw, 1166px\" \/><\/h4>\n<h4 data-start=\"2197\" data-end=\"2234\">Gaivus M\u0117tin\u0117 \u2013 gaivumo \u012fkv\u0117pimas!<\/h4>\n<p data-start=\"2235\" data-end=\"2531\">Vienas i\u0161 pagrindini\u0173 privalum\u0173 \u2013 gaivus M\u0117tin\u0117s skonis \u2013 tobula \u0161alto m\u0117tinio ir gaivios lengvumo mi\u0161inys. Kiekvienas \u012fkv\u0117pimas suteikia malon\u0173, \u0161alt\u0105 poj\u016bt\u012f ir u\u017etikrina ai\u0161k\u0173, gaivinant\u012f malonum\u0105. Puikiai tinka kar\u0161toms vasaros dienoms arba kaip kasdienis gaivumo \u0161altinis!<\/p>\n<h4>\u012evair\u016bs nikotino stiprumai \u2013 tobulas kiekvienam d\u016bmotojui<\/h4>\n<p data-start=\"2603\" data-end=\"2681\">Bang15000 P\u016bsl\u0117s yra keturi\u0173 skirting\u0173 nikotino stiprum\u0173:<\/p>\n<p data-start=\"2683\" data-end=\"2888\">\ud83d\udd39 0% ir 3% (tik didmenin\u0117ms u\u017esakymams) \u2013 D\u016bmotojams, kurie nori atsisakyti nikotino arba suma\u017einti jo vartojim\u0105.<br data-start=\"2814\" data-end=\"2817\" \/>\ud83d\udd39 2% ir 5% \u2013 Visiems, kurie ie\u0161ko intensyvesnio garinimo patirties.<\/p>\n<p data-start=\"2890\" data-end=\"2992\">Ar esi pradedantysis ar patyr\u0119s garintojas \u2013 \u010dia tikrai rasite tinkam\u0105 nikotino stiprum\u0105!<\/p>\n<h3 data-start=\"2999\" data-end=\"3030\">Kod\u0117l Bang15000 Puffs?<\/h3>\n<p data-start=\"3031\" data-end=\"3524\">\u2705 Ekstremaliai ilgas tarnavimo laikas \u2013 <a href=\"https:\/\/vapingnet.de\/lt\/k\/vape-15000-zuege\/\" target=\"_blank\" rel=\"noopener\"><strong>15 000 \u012fkv\u0117pim\u0173<\/strong><\/a>, \u012frenginys kelioms savait\u0117ms.<br data-start=\"3104\" data-end=\"3107\" \/>\u2705 \u012ekraunama baterija \u2013 650mAh talpa su Type-C greitu \u012fkrovimu.<br data-start=\"3179\" data-end=\"3182\" \/>\u2705 Didelis skys\u010dio bakelis \u2013 23ml skys\u010dio maksimaliai naudojimo trukmei.<br data-start=\"3247\" data-end=\"3250\" \/>\u2705 Intensyvus skonio poj\u016btis \u2013 Dul Mesh-Coil \u0161velniam, aromatingam garui.<br data-start=\"3334\" data-end=\"3337\" \/>\u2705 Keturi nikotino stiprumai \u2013 Individualiems poreikiams.<br data-start=\"3394\" data-end=\"3397\" \/>\u2705 \u0160vie\u017eias m\u0117t\u0173 skonis \u2013 gaivus ir stimuliuojantis.<br data-start=\"3450\" data-end=\"3453\" \/>\u2705 Kompakti\u0161kas ir stilingas \u2013 tinka \u012f kiekvien\u0105 ki\u0161en\u0119, idealiai tinkamas keliaujant.<\/p>\n<h4 data-start=\"3531\" data-end=\"3594\">Dabar i\u0161bandykite ir patirkite garinimo ateit\u012f!<\/h4>\n<p data-start=\"3595\" data-end=\"3775\">Bang15000 Puffs \u012fkraunamas vienkartinis podas si\u016blo ilgaam\u017ei\u0161kum\u0105, pa\u017eangiausi\u0105 technologij\u0105 ir intensyv\u0173 skon\u012f \u2013 elektronin\u0117 cigaret\u0117, nustatanti naujus standartus!<\/p>\n<p data-start=\"3777\" data-end=\"3893\" data-is-last-node=\"\" data-is-only-node=\"\">\ud83d\udd25 Dabar u\u017esisakykite <a href=\"https:\/\/vapingnet.de\/lt\/\" target=\"_new\" rel=\"noopener\" data-start=\"3792\" data-end=\"3828\">vapingnet.de<\/a> U\u017esisakykite ir m\u0117gaukit\u0117s galutiniu \u0161vie\u017ei\u0173 m\u0117t\u0173 garinimo patirtimi!<\/p>","protected":false},"excerpt":{"rendered":"<p>Bang15000 Puffs Rechargeable Disposable Pod \u2013 Die Revolution des Dampfens! Der Markt f\u00fcr E-Zigaretten entwickelt sich rasant weiter, und die Anspr\u00fcche der Konsumenten steigen. Sie&#8230;<\/p>","protected":false},"featured_media":5165,"template":"","meta":[],"etheme_brands":[],"product_brand":[101],"product_cat":[53,49,61],"product_tag":[],"class_list":{"0":"post-5164","1":"product","2":"type-product","3":"status-publish","4":"has-post-thumbnail","6":"product_brand-bang-king-vape","7":"product_cat-vape-15000-zuege","8":"product_cat-einweg-e-zigarette","9":"product_cat-f","11":"first","12":"instock","13":"shipping-taxable","14":"purchasable","15":"product-type-simple"},"yoast_head":"<!-- This site is optimized with the Yoast SEO plugin v26.5 - https:\/\/yoast.com\/wordpress\/plugins\/seo\/ -->\n<title>Genie\u00dfen Sie die unvergleichliche Frische von Bang 15000 Puffs im Cool Mint Geschmack | Vapingnet.de<\/title>\n<meta name=\"description\" content=\"Entdecke Genie\u00dfen Sie die unvergleichliche Frische von Bang 15000 Puffs im Cool Mint Geschmack bei vapingnet.de, \u25ba Gro\u00dfe Auswahl an Geschmacksrichtungen &amp; super g\u00fcnstig!\" \/>\n<meta name=\"robots\" content=\"index, follow, max-snippet:-1, max-image-preview:large, max-video-preview:-1\" \/>\n<link rel=\"canonical\" href=\"https:\/\/vapingnet.de\/lt\/vape\/geniessen-sie-die-unvergleichliche-frische-von-bang-15000-puffs-im-cool-mint-geschmack\/\" \/>\n<meta property=\"og:locale\" content=\"lt_LT\" \/>\n<meta property=\"og:type\" content=\"article\" \/>\n<meta property=\"og:title\" content=\"Genie\u00dfen Sie die unvergleichliche Frische von Bang 15000 Puffs im Cool Mint Geschmack | Vapingnet.de\" \/>\n<meta property=\"og:description\" content=\"Entdecke Genie\u00dfen Sie die unvergleichliche Frische von Bang 15000 Puffs im Cool Mint Geschmack bei vapingnet.de, \u25ba Gro\u00dfe Auswahl an Geschmacksrichtungen &amp; super g\u00fcnstig!\" \/>\n<meta property=\"og:url\" content=\"https:\/\/vapingnet.de\/lt\/vape\/geniessen-sie-die-unvergleichliche-frische-von-bang-15000-puffs-im-cool-mint-geschmack\/\" \/>\n<meta property=\"og:site_name\" content=\"Vapingnet.de\" \/>\n<meta property=\"article:publisher\" content=\"https:\/\/www.facebook.com\/vapingnetde\/\" \/>\n<meta property=\"article:modified_time\" content=\"2025-06-19T03:41:34+00:00\" \/>\n<meta property=\"og:image\" content=\"https:\/\/vapingnet.de\/wp-content\/uploads\/2025\/03\/Cool-Mint.png\" \/>\n\t<meta property=\"og:image:width\" content=\"900\" \/>\n\t<meta property=\"og:image:height\" content=\"600\" \/>\n\t<meta property=\"og:image:type\" content=\"image\/png\" \/>\n<meta name=\"twitter:card\" content=\"summary_large_image\" \/>\n<meta name=\"twitter:label1\" content=\"Est. reading time\" \/>\n\t<meta name=\"twitter:data1\" content=\"3 minutes\" \/>\n<script type=\"application\/ld+json\" class=\"yoast-schema-graph\">{\"@context\":\"https:\/\/schema.org\",\"@graph\":[{\"@type\":\"WebPage\",\"@id\":\"https:\/\/vapingnet.de\/vape\/geniessen-sie-die-unvergleichliche-frische-von-bang-15000-puffs-im-cool-mint-geschmack\/\",\"url\":\"https:\/\/vapingnet.de\/vape\/geniessen-sie-die-unvergleichliche-frische-von-bang-15000-puffs-im-cool-mint-geschmack\/\",\"name\":\"Genie\u00dfen Sie die unvergleichliche Frische von Bang 15000 Puffs im Cool Mint Geschmack | Vapingnet.de\",\"isPartOf\":{\"@id\":\"https:\/\/vapingnet.de\/#website\"},\"primaryImageOfPage\":{\"@id\":\"https:\/\/vapingnet.de\/vape\/geniessen-sie-die-unvergleichliche-frische-von-bang-15000-puffs-im-cool-mint-geschmack\/#primaryimage\"},\"image\":{\"@id\":\"https:\/\/vapingnet.de\/vape\/geniessen-sie-die-unvergleichliche-frische-von-bang-15000-puffs-im-cool-mint-geschmack\/#primaryimage\"},\"thumbnailUrl\":\"https:\/\/vapingnet.de\/wp-content\/uploads\/2025\/03\/Cool-Mint.png\",\"datePublished\":\"2025-03-12T09:13:18+00:00\",\"dateModified\":\"2025-06-19T03:41:34+00:00\",\"description\":\"Entdecke Genie\u00dfen Sie die unvergleichliche Frische von Bang 15000 Puffs im Cool Mint Geschmack bei vapingnet.de, \u25ba Gro\u00dfe Auswahl an Geschmacksrichtungen & super g\u00fcnstig!\",\"breadcrumb\":{\"@id\":\"https:\/\/vapingnet.de\/vape\/geniessen-sie-die-unvergleichliche-frische-von-bang-15000-puffs-im-cool-mint-geschmack\/#breadcrumb\"},\"inLanguage\":\"lt-LT\",\"potentialAction\":[{\"@type\":\"ReadAction\",\"target\":[\"https:\/\/vapingnet.de\/vape\/geniessen-sie-die-unvergleichliche-frische-von-bang-15000-puffs-im-cool-mint-geschmack\/\"]}]},{\"@type\":\"ImageObject\",\"inLanguage\":\"lt-LT\",\"@id\":\"https:\/\/vapingnet.de\/vape\/geniessen-sie-die-unvergleichliche-frische-von-bang-15000-puffs-im-cool-mint-geschmack\/#primaryimage\",\"url\":\"https:\/\/vapingnet.de\/wp-content\/uploads\/2025\/03\/Cool-Mint.png\",\"contentUrl\":\"https:\/\/vapingnet.de\/wp-content\/uploads\/2025\/03\/Cool-Mint.png\",\"width\":900,\"height\":600,\"caption\":\"Cool Mint\"},{\"@type\":\"BreadcrumbList\",\"@id\":\"https:\/\/vapingnet.de\/vape\/geniessen-sie-die-unvergleichliche-frische-von-bang-15000-puffs-im-cool-mint-geschmack\/#breadcrumb\",\"itemListElement\":[{\"@type\":\"ListItem\",\"position\":1,\"name\":\"Home\",\"item\":\"https:\/\/vapingnet.de\/\"},{\"@type\":\"ListItem\",\"position\":2,\"name\":\"Shop\",\"item\":\"https:\/\/vapingnet.de\/vape\/\"},{\"@type\":\"ListItem\",\"position\":3,\"name\":\"Genie\u00dfen Sie die unvergleichliche Frische von Bang 15000 Puffs im Cool Mint Geschmack\"}]},{\"@type\":\"WebSite\",\"@id\":\"https:\/\/vapingnet.de\/#website\",\"url\":\"https:\/\/vapingnet.de\/\",\"name\":\"Vapingnet.de\",\"description\":\"\",\"publisher\":{\"@id\":\"https:\/\/vapingnet.de\/#organization\"},\"potentialAction\":[{\"@type\":\"SearchAction\",\"target\":{\"@type\":\"EntryPoint\",\"urlTemplate\":\"https:\/\/vapingnet.de\/?s={search_term_string}\"},\"query-input\":{\"@type\":\"PropertyValueSpecification\",\"valueRequired\":true,\"valueName\":\"search_term_string\"}}],\"inLanguage\":\"lt-LT\"},{\"@type\":\"Organization\",\"@id\":\"https:\/\/vapingnet.de\/#organization\",\"name\":\"Vapingnet.de\",\"url\":\"https:\/\/vapingnet.de\/\",\"logo\":{\"@type\":\"ImageObject\",\"inLanguage\":\"lt-LT\",\"@id\":\"https:\/\/vapingnet.de\/#\/schema\/logo\/image\/\",\"url\":\"https:\/\/vapingnet.de\/wp-content\/uploads\/2025\/03\/cropped-vapingnet.de_.jpg\",\"contentUrl\":\"https:\/\/vapingnet.de\/wp-content\/uploads\/2025\/03\/cropped-vapingnet.de_.jpg\",\"width\":512,\"height\":512,\"caption\":\"Vapingnet.de\"},\"image\":{\"@id\":\"https:\/\/vapingnet.de\/#\/schema\/logo\/image\/\"},\"sameAs\":[\"https:\/\/www.facebook.com\/vapingnetde\/\"]}]}<\/script>\n<!-- \/ Yoast SEO plugin. -->","yoast_head_json":{"title":"Genie\u00dfen Sie die unvergleichliche Frische von Bang 15000 Puffs im Cool Mint Geschmack | Vapingnet.de","description":"Entdecke Genie\u00dfen Sie die unvergleichliche Frische von Bang 15000 Puffs im Cool Mint Geschmack bei vapingnet.de, \u25ba Gro\u00dfe Auswahl an Geschmacksrichtungen & super g\u00fcnstig!","robots":{"index":"index","follow":"follow","max-snippet":"max-snippet:-1","max-image-preview":"max-image-preview:large","max-video-preview":"max-video-preview:-1"},"canonical":"https:\/\/vapingnet.de\/lt\/vape\/geniessen-sie-die-unvergleichliche-frische-von-bang-15000-puffs-im-cool-mint-geschmack\/","og_locale":"lt_LT","og_type":"article","og_title":"Genie\u00dfen Sie die unvergleichliche Frische von Bang 15000 Puffs im Cool Mint Geschmack | Vapingnet.de","og_description":"Entdecke Genie\u00dfen Sie die unvergleichliche Frische von Bang 15000 Puffs im Cool Mint Geschmack bei vapingnet.de, \u25ba Gro\u00dfe Auswahl an Geschmacksrichtungen & super g\u00fcnstig!","og_url":"https:\/\/vapingnet.de\/lt\/vape\/geniessen-sie-die-unvergleichliche-frische-von-bang-15000-puffs-im-cool-mint-geschmack\/","og_site_name":"Vapingnet.de","article_publisher":"https:\/\/www.facebook.com\/vapingnetde\/","article_modified_time":"2025-06-19T03:41:34+00:00","og_image":[{"width":900,"height":600,"url":"https:\/\/vapingnet.de\/wp-content\/uploads\/2025\/03\/Cool-Mint.png","type":"image\/png"}],"twitter_card":"summary_large_image","twitter_misc":{"Est. reading time":"3 minutes"},"schema":{"@context":"https:\/\/schema.org","@graph":[{"@type":"WebPage","@id":"https:\/\/vapingnet.de\/vape\/geniessen-sie-die-unvergleichliche-frische-von-bang-15000-puffs-im-cool-mint-geschmack\/","url":"https:\/\/vapingnet.de\/vape\/geniessen-sie-die-unvergleichliche-frische-von-bang-15000-puffs-im-cool-mint-geschmack\/","name":"Genie\u00dfen Sie die unvergleichliche Frische von Bang 15000 Puffs im Cool Mint Geschmack | Vapingnet.de","isPartOf":{"@id":"https:\/\/vapingnet.de\/#website"},"primaryImageOfPage":{"@id":"https:\/\/vapingnet.de\/vape\/geniessen-sie-die-unvergleichliche-frische-von-bang-15000-puffs-im-cool-mint-geschmack\/#primaryimage"},"image":{"@id":"https:\/\/vapingnet.de\/vape\/geniessen-sie-die-unvergleichliche-frische-von-bang-15000-puffs-im-cool-mint-geschmack\/#primaryimage"},"thumbnailUrl":"https:\/\/vapingnet.de\/wp-content\/uploads\/2025\/03\/Cool-Mint.png","datePublished":"2025-03-12T09:13:18+00:00","dateModified":"2025-06-19T03:41:34+00:00","description":"Entdecke Genie\u00dfen Sie die unvergleichliche Frische von Bang 15000 Puffs im Cool Mint Geschmack bei vapingnet.de, \u25ba Gro\u00dfe Auswahl an Geschmacksrichtungen & super g\u00fcnstig!","breadcrumb":{"@id":"https:\/\/vapingnet.de\/vape\/geniessen-sie-die-unvergleichliche-frische-von-bang-15000-puffs-im-cool-mint-geschmack\/#breadcrumb"},"inLanguage":"lt-LT","potentialAction":[{"@type":"ReadAction","target":["https:\/\/vapingnet.de\/vape\/geniessen-sie-die-unvergleichliche-frische-von-bang-15000-puffs-im-cool-mint-geschmack\/"]}]},{"@type":"ImageObject","inLanguage":"lt-LT","@id":"https:\/\/vapingnet.de\/vape\/geniessen-sie-die-unvergleichliche-frische-von-bang-15000-puffs-im-cool-mint-geschmack\/#primaryimage","url":"https:\/\/vapingnet.de\/wp-content\/uploads\/2025\/03\/Cool-Mint.png","contentUrl":"https:\/\/vapingnet.de\/wp-content\/uploads\/2025\/03\/Cool-Mint.png","width":900,"height":600,"caption":"Cool Mint"},{"@type":"BreadcrumbList","@id":"https:\/\/vapingnet.de\/vape\/geniessen-sie-die-unvergleichliche-frische-von-bang-15000-puffs-im-cool-mint-geschmack\/#breadcrumb","itemListElement":[{"@type":"ListItem","position":1,"name":"Home","item":"https:\/\/vapingnet.de\/"},{"@type":"ListItem","position":2,"name":"Shop","item":"https:\/\/vapingnet.de\/vape\/"},{"@type":"ListItem","position":3,"name":"Genie\u00dfen Sie die unvergleichliche Frische von Bang 15000 Puffs im Cool Mint Geschmack"}]},{"@type":"WebSite","@id":"https:\/\/vapingnet.de\/#website","url":"https:\/\/vapingnet.de\/","name":"Vapingnet.de","description":"","publisher":{"@id":"https:\/\/vapingnet.de\/#organization"},"potentialAction":[{"@type":"SearchAction","target":{"@type":"EntryPoint","urlTemplate":"https:\/\/vapingnet.de\/?s={search_term_string}"},"query-input":{"@type":"PropertyValueSpecification","valueRequired":true,"valueName":"search_term_string"}}],"inLanguage":"lt-LT"},{"@type":"Organization","@id":"https:\/\/vapingnet.de\/#organization","name":"Vapingnet.de","url":"https:\/\/vapingnet.de\/","logo":{"@type":"ImageObject","inLanguage":"lt-LT","@id":"https:\/\/vapingnet.de\/#\/schema\/logo\/image\/","url":"https:\/\/vapingnet.de\/wp-content\/uploads\/2025\/03\/cropped-vapingnet.de_.jpg","contentUrl":"https:\/\/vapingnet.de\/wp-content\/uploads\/2025\/03\/cropped-vapingnet.de_.jpg","width":512,"height":512,"caption":"Vapingnet.de"},"image":{"@id":"https:\/\/vapingnet.de\/#\/schema\/logo\/image\/"},"sameAs":["https:\/\/www.facebook.com\/vapingnetde\/"]}]}},"tiered_pricing_type":"fixed","tiered_pricing_fixed_rules":{"10":"7.31","60":"6.58","110":"5.85","200":"5.12"},"tiered_pricing_product_settings":{"layout":"default","base_unit_name":{"singular":null,"plural":null},"default_variation":null},"tiered_pricing_minimum_quantity":null,"tiered_pricing_roles_data":[],"tiered_pricing_percentage_rules":[],"_links":{"self":[{"href":"https:\/\/vapingnet.de\/lt\/wp-json\/wp\/v2\/product\/5164","targetHints":{"allow":["GET"]}}],"collection":[{"href":"https:\/\/vapingnet.de\/lt\/wp-json\/wp\/v2\/product"}],"about":[{"href":"https:\/\/vapingnet.de\/lt\/wp-json\/wp\/v2\/types\/product"}],"version-history":[{"count":2,"href":"https:\/\/vapingnet.de\/lt\/wp-json\/wp\/v2\/product\/5164\/revisions"}],"predecessor-version":[{"id":6918,"href":"https:\/\/vapingnet.de\/lt\/wp-json\/wp\/v2\/product\/5164\/revisions\/6918"}],"wp:featuredmedia":[{"embeddable":true,"href":"https:\/\/vapingnet.de\/lt\/wp-json\/wp\/v2\/media\/5165"}],"wp:attachment":[{"href":"https:\/\/vapingnet.de\/lt\/wp-json\/wp\/v2\/media?parent=5164"}],"wp:term":[{"taxonomy":"brand","embeddable":true,"href":"https:\/\/vapingnet.de\/lt\/wp-json\/wp\/v2\/etheme_brands?post=5164"},{"taxonomy":"product_brand","embeddable":true,"href":"https:\/\/vapingnet.de\/lt\/wp-json\/wp\/v2\/product_brand?post=5164"},{"taxonomy":"product_cat","embeddable":true,"href":"https:\/\/vapingnet.de\/lt\/wp-json\/wp\/v2\/product_cat?post=5164"},{"taxonomy":"product_tag","embeddable":true,"href":"https:\/\/vapingnet.de\/lt\/wp-json\/wp\/v2\/product_tag?post=5164"}],"curies":[{"name":"wp","href":"https:\/\/api.w.org\/{rel}","templated":true}]}}