{"id":5174,"date":"2025-03-12T09:29:26","date_gmt":"2025-03-12T09:29:26","guid":{"rendered":"https:\/\/vapingnet.de\/?post_type=product&#038;p=5174"},"modified":"2025-06-25T06:03:41","modified_gmt":"2025-06-25T06:03:41","slug":"bang15000-puffs-im-koestlichen-melon-blue-ein-vape-trend-den-sie-nicht-verpassen-sollten","status":"publish","type":"product","link":"https:\/\/vapingnet.de\/lt\/vape\/bang15000-puffs-im-koestlichen-melon-blue-ein-vape-trend-den-sie-nicht-verpassen-sollten\/","title":{"rendered":"Bang15000 Puffs nuostabiame Meliono M\u0117lyno skonyje \u2013 vape tendencija, kurios netur\u0117tum\u0117te praleisti"},"content":{"rendered":"<h1>Bang15000 Puffs: J\u016bs\u0173 prieiga prie auk\u0161\u010diausios kokyb\u0117s garo su Melon Blue<\/h1>\n<p>E-cigaret\u0117s pasaulyje Bang15000 Puffs \u012fkraunamas vienkartinis podas nustato naujus standartus. \u0160is \u012frenginys n\u0117ra tik <a href=\"https:\/\/vapingnet.de\/lt\/k\/einweg-e-zigarette\/\" target=\"_blank\" rel=\"noopener\"><strong>Vienkartin\u0117 elektronin\u0117 cigaret\u0117<\/strong><\/a>; tai yra stiliaus, na\u0161umo ir i\u0161skirtin\u0117s kokyb\u0117s parei\u0161kimas. Sukurtas patenkinti visus j\u016bs\u0173 garavimo poreikius, Bang15000 garantuoja nepalyginam\u0105 malonum\u0105 kiekvienu \u012fkv\u0117pimu.<\/p>\n<h3>\u012esp\u016bd\u012f paliekantys veikimo po\u017eymiai<\/h3>\n<ul>\n<li>Galutinis i\u0161tverm\u0117s rodiklis: 15 000 \u012fkv\u0117pim\u0173 malonumas<br \/>\nPamir\u0161kite nuolatin\u012f savo e-cigaret\u0117s keitim\u0105. Bang15000 si\u016blo \u012fsp\u016bding\u0105 15 000 \u012fkv\u0117pim\u0173 talp\u0105. Tai rei\u0161kia ilgalaik\u012f garo malonum\u0105 ir maksimal\u0173 patogum\u0105, ypa\u010d da\u017enai naudojantiems.<\/li>\n<li>Greitas \u012fkrovimas: 650mAh akumuliatorius su Tipo-C jungtimi<br \/>\n\u012erengtas tvirtas 650mAh akumuliatorius ir modernus Tipo-C jungtis, j\u016bs\u0173 Bang15000 greitai v\u0117l bus paruo\u0161ta naudoti. Taip j\u016bs\u0173 garavimo malonumas visada bus u\u017etikrintas.<\/li>\n<li>Skoni\u0173 \u012fvairov\u0117: Nepakartojamas Melon Blue skonis<br \/>\nSkonis yra garavimo esm\u0117. Bang15000 vilioja su skaniu Melon Blue aromatu. Vienas \u012fkv\u0117pimas ir jus apgaubs \u0161vie\u017eios, sald\u017eios meliono debesys \u2013 tikras skonio potyris, primenantis saul\u0117t\u0105 vaisi\u0173 sod\u0105. \u0160velnus, pilnas ir intensyvus, kiekvienas \u012fkv\u0117pimas paver\u010dia \u012fvyk\u012f \u012f \u0161vent\u0119.<\/li>\n<li>Priklausomyb\u0117s nuo nikotino stiprumo reguliavimas: 0% iki 5%<br \/>\nBang15000 yra keturi\u0173 skirting\u0173 nikotino stiprum\u0173: 0 %, 2 %, 3 % ir 5 %. Tai leid\u017eia tiksliai pritaikyti savo garavimo patirt\u012f pagal savo pageidavimus. Nesvarbu, ar ie\u0161kote gaivios, nikotino neturin\u010dios patirties, ar intensyvesnio garo debesies, Bang15000 turi tinkam\u0105 stiprum\u0105 jums. (Atkreipkite d\u0117mes\u012f, kad 0 % ir 3 % turi b\u016bti u\u017esakyti didesniais kiekiais.)<\/li>\n<li>Tobulas garavimas: Dul Mesh Coil technologija<br \/>\nPa\u017eangi Dul Mesh Coil (1.1\u03a9) technologija u\u017etikrina vienod\u0105 ir intensyv\u0173 garavimo patirt\u012f. Kiekvienas \u012fkv\u0117pimas yra nuoseklus ir pilnas skonio, tod\u0117l \u0161i e-cigaret\u0117 yra ideali tiek pradedantiesiems, tiek patyrusiems garuotojams.<\/li>\n<\/ul>\n<h3>Dizainas ir prieinamumas<\/h3>\n<p>Bang15000 \u017eavi ne tik savo na\u0161umu, bet ir \u0161iuolaiki\u0161ku bei minimalistiniu dizainu. Kompakti\u0161ka ir lengva, ji yra ideali kelionin\u0117 partner\u0117 ir skland\u017eiai \u012fsilieja \u012f bet kur\u012f gyvenimo b\u016bd\u0105.<\/p>\n<p>J\u016bs\u0173 nauja garavimo patirtis yra tik keli paspaudimai toli. Papras\u010diausiai apsilankykite vapingnet.de, pasirinkite savo Bang15000 ir pasinaudokite m\u016bs\u0173 greitu ir patikimu pristatymu. Joki\u0173 sud\u0117ting\u0173 proces\u0173, tik grynas malonumas!<\/p>\n<h4>J\u016bs\u0173 auk\u0161\u010diausios kokyb\u0117s garas laukia<\/h4>\n<p>Jei ie\u0161kote auk\u0161tos kokyb\u0117s, patikimos ir skanios e-cigaret\u0117s, tai <a href=\"https:\/\/vapingnet.de\/lt\/bang-15000-puffs\/\" target=\"_blank\" rel=\"noopener\"><strong>Bang15000 Puf\u0173 \u012fkraunama vienkartin\u0117 pod sistema<\/strong><\/a> puiki pasirinkimo galimyb\u0117. Ji vir\u0161ija l\u016bkes\u010dius d\u0117l skonio, garo gamybos ir patogumo.<\/p>\n<p>Ar pasiruo\u0161\u0119s nepamir\u0161tamai gar\u0173 patir\u010diai? Apsilankykite dabar vapingnet.de ir prad\u0117kite \u0161iandien!<\/p>","protected":false},"excerpt":{"rendered":"<p>Bang15000 Puffs: J\u016bs\u0173 prieiga prie auk\u0161\u010diausios kokyb\u0117s garo su Melon Blue Bang15000 Puffs \u012fkraunamas vienkartinis podas nustato naujus standartus elektronini\u0173 cigare\u010di\u0173 pasaulyje. \u0160is \u012frenginys...<\/p>","protected":false},"featured_media":5175,"template":"","meta":[],"etheme_brands":[],"product_brand":[101],"product_cat":[53,49,61],"product_tag":[],"class_list":{"0":"post-5174","1":"product","2":"type-product","3":"status-publish","4":"has-post-thumbnail","6":"product_brand-bang-king-vape","7":"product_cat-vape-15000-zuege","8":"product_cat-einweg-e-zigarette","9":"product_cat-f","11":"first","12":"instock","13":"shipping-taxable","14":"purchasable","15":"product-type-simple"},"yoast_head":"<!-- This site is optimized with the Yoast SEO plugin v26.5 - https:\/\/yoast.com\/wordpress\/plugins\/seo\/ -->\n<title>Bang15000 Puffs | Melon Blue Einweg E-Zigarette \u2013 Vapingnet.de<\/title>\n<meta name=\"description\" content=\"Erleben Sie 15.000 Z\u00fcge Genuss mit der Bang15000 Puffs. Wiederaufladbare Einweg E-Zigarette mit frischem Melon Blue Aroma &amp; versch. Nikotinst\u00e4rken.\" \/>\n<meta name=\"robots\" content=\"index, follow, max-snippet:-1, max-image-preview:large, max-video-preview:-1\" \/>\n<link rel=\"canonical\" href=\"https:\/\/vapingnet.de\/lt\/vape\/bang15000-puffs-im-koestlichen-melon-blue-ein-vape-trend-den-sie-nicht-verpassen-sollten\/\" \/>\n<meta property=\"og:locale\" content=\"lt_LT\" \/>\n<meta property=\"og:type\" content=\"article\" \/>\n<meta property=\"og:title\" content=\"Bang15000 Puffs | Melon Blue Einweg E-Zigarette \u2013 Vapingnet.de\" \/>\n<meta property=\"og:description\" content=\"Erleben Sie 15.000 Z\u00fcge Genuss mit der Bang15000 Puffs. Wiederaufladbare Einweg E-Zigarette mit frischem Melon Blue Aroma &amp; versch. Nikotinst\u00e4rken.\" \/>\n<meta property=\"og:url\" content=\"https:\/\/vapingnet.de\/lt\/vape\/bang15000-puffs-im-koestlichen-melon-blue-ein-vape-trend-den-sie-nicht-verpassen-sollten\/\" \/>\n<meta property=\"og:site_name\" content=\"Vapingnet.de\" \/>\n<meta property=\"article:publisher\" content=\"https:\/\/www.facebook.com\/vapingnetde\/\" \/>\n<meta property=\"article:modified_time\" content=\"2025-06-25T06:03:41+00:00\" \/>\n<meta property=\"og:image\" content=\"https:\/\/vapingnet.de\/wp-content\/uploads\/2025\/03\/Melon-Blue.png\" \/>\n\t<meta property=\"og:image:width\" content=\"900\" \/>\n\t<meta property=\"og:image:height\" content=\"600\" \/>\n\t<meta property=\"og:image:type\" content=\"image\/png\" \/>\n<meta name=\"twitter:card\" content=\"summary_large_image\" \/>\n<meta name=\"twitter:label1\" content=\"Est. reading time\" \/>\n\t<meta name=\"twitter:data1\" content=\"3 minutes\" \/>\n<script type=\"application\/ld+json\" class=\"yoast-schema-graph\">{\"@context\":\"https:\/\/schema.org\",\"@graph\":[{\"@type\":\"WebPage\",\"@id\":\"https:\/\/vapingnet.de\/vape\/bang15000-puffs-im-koestlichen-melon-blue-ein-vape-trend-den-sie-nicht-verpassen-sollten\/\",\"url\":\"https:\/\/vapingnet.de\/vape\/bang15000-puffs-im-koestlichen-melon-blue-ein-vape-trend-den-sie-nicht-verpassen-sollten\/\",\"name\":\"Bang15000 Puffs | Melon Blue Einweg E-Zigarette \u2013 Vapingnet.de\",\"isPartOf\":{\"@id\":\"https:\/\/vapingnet.de\/#website\"},\"primaryImageOfPage\":{\"@id\":\"https:\/\/vapingnet.de\/vape\/bang15000-puffs-im-koestlichen-melon-blue-ein-vape-trend-den-sie-nicht-verpassen-sollten\/#primaryimage\"},\"image\":{\"@id\":\"https:\/\/vapingnet.de\/vape\/bang15000-puffs-im-koestlichen-melon-blue-ein-vape-trend-den-sie-nicht-verpassen-sollten\/#primaryimage\"},\"thumbnailUrl\":\"https:\/\/vapingnet.de\/wp-content\/uploads\/2025\/03\/Melon-Blue.png\",\"datePublished\":\"2025-03-12T09:29:26+00:00\",\"dateModified\":\"2025-06-25T06:03:41+00:00\",\"description\":\"Erleben Sie 15.000 Z\u00fcge Genuss mit der Bang15000 Puffs. Wiederaufladbare Einweg E-Zigarette mit frischem Melon Blue Aroma & versch. Nikotinst\u00e4rken.\",\"breadcrumb\":{\"@id\":\"https:\/\/vapingnet.de\/vape\/bang15000-puffs-im-koestlichen-melon-blue-ein-vape-trend-den-sie-nicht-verpassen-sollten\/#breadcrumb\"},\"inLanguage\":\"lt-LT\",\"potentialAction\":[{\"@type\":\"ReadAction\",\"target\":[\"https:\/\/vapingnet.de\/vape\/bang15000-puffs-im-koestlichen-melon-blue-ein-vape-trend-den-sie-nicht-verpassen-sollten\/\"]}]},{\"@type\":\"ImageObject\",\"inLanguage\":\"lt-LT\",\"@id\":\"https:\/\/vapingnet.de\/vape\/bang15000-puffs-im-koestlichen-melon-blue-ein-vape-trend-den-sie-nicht-verpassen-sollten\/#primaryimage\",\"url\":\"https:\/\/vapingnet.de\/wp-content\/uploads\/2025\/03\/Melon-Blue.png\",\"contentUrl\":\"https:\/\/vapingnet.de\/wp-content\/uploads\/2025\/03\/Melon-Blue.png\",\"width\":900,\"height\":600,\"caption\":\"Melon Blue\"},{\"@type\":\"BreadcrumbList\",\"@id\":\"https:\/\/vapingnet.de\/vape\/bang15000-puffs-im-koestlichen-melon-blue-ein-vape-trend-den-sie-nicht-verpassen-sollten\/#breadcrumb\",\"itemListElement\":[{\"@type\":\"ListItem\",\"position\":1,\"name\":\"Home\",\"item\":\"https:\/\/vapingnet.de\/\"},{\"@type\":\"ListItem\",\"position\":2,\"name\":\"Shop\",\"item\":\"https:\/\/vapingnet.de\/vape\/\"},{\"@type\":\"ListItem\",\"position\":3,\"name\":\"Bang15000 Puffs im k\u00f6stlichen Melon Blue Ein Vape-Trend den Sie nicht verpassen sollten\"}]},{\"@type\":\"WebSite\",\"@id\":\"https:\/\/vapingnet.de\/#website\",\"url\":\"https:\/\/vapingnet.de\/\",\"name\":\"Vapingnet.de\",\"description\":\"\",\"publisher\":{\"@id\":\"https:\/\/vapingnet.de\/#organization\"},\"potentialAction\":[{\"@type\":\"SearchAction\",\"target\":{\"@type\":\"EntryPoint\",\"urlTemplate\":\"https:\/\/vapingnet.de\/?s={search_term_string}\"},\"query-input\":{\"@type\":\"PropertyValueSpecification\",\"valueRequired\":true,\"valueName\":\"search_term_string\"}}],\"inLanguage\":\"lt-LT\"},{\"@type\":\"Organization\",\"@id\":\"https:\/\/vapingnet.de\/#organization\",\"name\":\"Vapingnet.de\",\"url\":\"https:\/\/vapingnet.de\/\",\"logo\":{\"@type\":\"ImageObject\",\"inLanguage\":\"lt-LT\",\"@id\":\"https:\/\/vapingnet.de\/#\/schema\/logo\/image\/\",\"url\":\"https:\/\/vapingnet.de\/wp-content\/uploads\/2025\/03\/cropped-vapingnet.de_.jpg\",\"contentUrl\":\"https:\/\/vapingnet.de\/wp-content\/uploads\/2025\/03\/cropped-vapingnet.de_.jpg\",\"width\":512,\"height\":512,\"caption\":\"Vapingnet.de\"},\"image\":{\"@id\":\"https:\/\/vapingnet.de\/#\/schema\/logo\/image\/\"},\"sameAs\":[\"https:\/\/www.facebook.com\/vapingnetde\/\"]}]}<\/script>\n<!-- \/ Yoast SEO plugin. -->","yoast_head_json":{"title":"Bang15000 Puffs | Melon Blue Einweg E-Zigarette \u2013 Vapingnet.de","description":"Erleben Sie 15.000 Z\u00fcge Genuss mit der Bang15000 Puffs. Wiederaufladbare Einweg E-Zigarette mit frischem Melon Blue Aroma & versch. Nikotinst\u00e4rken.","robots":{"index":"index","follow":"follow","max-snippet":"max-snippet:-1","max-image-preview":"max-image-preview:large","max-video-preview":"max-video-preview:-1"},"canonical":"https:\/\/vapingnet.de\/lt\/vape\/bang15000-puffs-im-koestlichen-melon-blue-ein-vape-trend-den-sie-nicht-verpassen-sollten\/","og_locale":"lt_LT","og_type":"article","og_title":"Bang15000 Puffs | Melon Blue Einweg E-Zigarette \u2013 Vapingnet.de","og_description":"Erleben Sie 15.000 Z\u00fcge Genuss mit der Bang15000 Puffs. Wiederaufladbare Einweg E-Zigarette mit frischem Melon Blue Aroma & versch. Nikotinst\u00e4rken.","og_url":"https:\/\/vapingnet.de\/lt\/vape\/bang15000-puffs-im-koestlichen-melon-blue-ein-vape-trend-den-sie-nicht-verpassen-sollten\/","og_site_name":"Vapingnet.de","article_publisher":"https:\/\/www.facebook.com\/vapingnetde\/","article_modified_time":"2025-06-25T06:03:41+00:00","og_image":[{"width":900,"height":600,"url":"https:\/\/vapingnet.de\/wp-content\/uploads\/2025\/03\/Melon-Blue.png","type":"image\/png"}],"twitter_card":"summary_large_image","twitter_misc":{"Est. reading time":"3 minutes"},"schema":{"@context":"https:\/\/schema.org","@graph":[{"@type":"WebPage","@id":"https:\/\/vapingnet.de\/vape\/bang15000-puffs-im-koestlichen-melon-blue-ein-vape-trend-den-sie-nicht-verpassen-sollten\/","url":"https:\/\/vapingnet.de\/vape\/bang15000-puffs-im-koestlichen-melon-blue-ein-vape-trend-den-sie-nicht-verpassen-sollten\/","name":"Bang15000 Puffs | Melon Blue Einweg E-Zigarette \u2013 Vapingnet.de","isPartOf":{"@id":"https:\/\/vapingnet.de\/#website"},"primaryImageOfPage":{"@id":"https:\/\/vapingnet.de\/vape\/bang15000-puffs-im-koestlichen-melon-blue-ein-vape-trend-den-sie-nicht-verpassen-sollten\/#primaryimage"},"image":{"@id":"https:\/\/vapingnet.de\/vape\/bang15000-puffs-im-koestlichen-melon-blue-ein-vape-trend-den-sie-nicht-verpassen-sollten\/#primaryimage"},"thumbnailUrl":"https:\/\/vapingnet.de\/wp-content\/uploads\/2025\/03\/Melon-Blue.png","datePublished":"2025-03-12T09:29:26+00:00","dateModified":"2025-06-25T06:03:41+00:00","description":"Erleben Sie 15.000 Z\u00fcge Genuss mit der Bang15000 Puffs. Wiederaufladbare Einweg E-Zigarette mit frischem Melon Blue Aroma & versch. Nikotinst\u00e4rken.","breadcrumb":{"@id":"https:\/\/vapingnet.de\/vape\/bang15000-puffs-im-koestlichen-melon-blue-ein-vape-trend-den-sie-nicht-verpassen-sollten\/#breadcrumb"},"inLanguage":"lt-LT","potentialAction":[{"@type":"ReadAction","target":["https:\/\/vapingnet.de\/vape\/bang15000-puffs-im-koestlichen-melon-blue-ein-vape-trend-den-sie-nicht-verpassen-sollten\/"]}]},{"@type":"ImageObject","inLanguage":"lt-LT","@id":"https:\/\/vapingnet.de\/vape\/bang15000-puffs-im-koestlichen-melon-blue-ein-vape-trend-den-sie-nicht-verpassen-sollten\/#primaryimage","url":"https:\/\/vapingnet.de\/wp-content\/uploads\/2025\/03\/Melon-Blue.png","contentUrl":"https:\/\/vapingnet.de\/wp-content\/uploads\/2025\/03\/Melon-Blue.png","width":900,"height":600,"caption":"Melon Blue"},{"@type":"BreadcrumbList","@id":"https:\/\/vapingnet.de\/vape\/bang15000-puffs-im-koestlichen-melon-blue-ein-vape-trend-den-sie-nicht-verpassen-sollten\/#breadcrumb","itemListElement":[{"@type":"ListItem","position":1,"name":"Home","item":"https:\/\/vapingnet.de\/"},{"@type":"ListItem","position":2,"name":"Shop","item":"https:\/\/vapingnet.de\/vape\/"},{"@type":"ListItem","position":3,"name":"Bang15000 Puffs im k\u00f6stlichen Melon Blue Ein Vape-Trend den Sie nicht verpassen sollten"}]},{"@type":"WebSite","@id":"https:\/\/vapingnet.de\/#website","url":"https:\/\/vapingnet.de\/","name":"Vapingnet.de","description":"","publisher":{"@id":"https:\/\/vapingnet.de\/#organization"},"potentialAction":[{"@type":"SearchAction","target":{"@type":"EntryPoint","urlTemplate":"https:\/\/vapingnet.de\/?s={search_term_string}"},"query-input":{"@type":"PropertyValueSpecification","valueRequired":true,"valueName":"search_term_string"}}],"inLanguage":"lt-LT"},{"@type":"Organization","@id":"https:\/\/vapingnet.de\/#organization","name":"Vapingnet.de","url":"https:\/\/vapingnet.de\/","logo":{"@type":"ImageObject","inLanguage":"lt-LT","@id":"https:\/\/vapingnet.de\/#\/schema\/logo\/image\/","url":"https:\/\/vapingnet.de\/wp-content\/uploads\/2025\/03\/cropped-vapingnet.de_.jpg","contentUrl":"https:\/\/vapingnet.de\/wp-content\/uploads\/2025\/03\/cropped-vapingnet.de_.jpg","width":512,"height":512,"caption":"Vapingnet.de"},"image":{"@id":"https:\/\/vapingnet.de\/#\/schema\/logo\/image\/"},"sameAs":["https:\/\/www.facebook.com\/vapingnetde\/"]}]}},"tiered_pricing_type":"fixed","tiered_pricing_fixed_rules":{"10":"7.31","60":"6.58","110":"5.85","200":"5.12"},"tiered_pricing_product_settings":{"layout":"default","base_unit_name":{"singular":null,"plural":null},"default_variation":null},"tiered_pricing_minimum_quantity":null,"tiered_pricing_roles_data":[],"tiered_pricing_percentage_rules":[],"_links":{"self":[{"href":"https:\/\/vapingnet.de\/lt\/wp-json\/wp\/v2\/product\/5174","targetHints":{"allow":["GET"]}}],"collection":[{"href":"https:\/\/vapingnet.de\/lt\/wp-json\/wp\/v2\/product"}],"about":[{"href":"https:\/\/vapingnet.de\/lt\/wp-json\/wp\/v2\/types\/product"}],"version-history":[{"count":3,"href":"https:\/\/vapingnet.de\/lt\/wp-json\/wp\/v2\/product\/5174\/revisions"}],"predecessor-version":[{"id":7233,"href":"https:\/\/vapingnet.de\/lt\/wp-json\/wp\/v2\/product\/5174\/revisions\/7233"}],"wp:featuredmedia":[{"embeddable":true,"href":"https:\/\/vapingnet.de\/lt\/wp-json\/wp\/v2\/media\/5175"}],"wp:attachment":[{"href":"https:\/\/vapingnet.de\/lt\/wp-json\/wp\/v2\/media?parent=5174"}],"wp:term":[{"taxonomy":"brand","embeddable":true,"href":"https:\/\/vapingnet.de\/lt\/wp-json\/wp\/v2\/etheme_brands?post=5174"},{"taxonomy":"product_brand","embeddable":true,"href":"https:\/\/vapingnet.de\/lt\/wp-json\/wp\/v2\/product_brand?post=5174"},{"taxonomy":"product_cat","embeddable":true,"href":"https:\/\/vapingnet.de\/lt\/wp-json\/wp\/v2\/product_cat?post=5174"},{"taxonomy":"product_tag","embeddable":true,"href":"https:\/\/vapingnet.de\/lt\/wp-json\/wp\/v2\/product_tag?post=5174"}],"curies":[{"name":"wp","href":"https:\/\/api.w.org\/{rel}","templated":true}]}}