{"id":5183,"date":"2025-03-12T09:49:29","date_gmt":"2025-03-12T09:49:29","guid":{"rendered":"https:\/\/vapingnet.de\/?post_type=product&#038;p=5183"},"modified":"2025-06-19T03:41:32","modified_gmt":"2025-06-19T03:41:32","slug":"entzuecken-sie-ihren-gaumen-mit-den-bang15000-puffs-im-himmlischen-peach-berry-geschmack","status":"publish","type":"product","link":"https:\/\/vapingnet.de\/lt\/vape\/entzuecken-sie-ihren-gaumen-mit-den-bang15000-puffs-im-himmlischen-peach-berry-geschmack\/","title":{"rendered":"Praminkite savo gomur\u012f su Bang15000 Puffs dangi\u0161ku Persiko Uog\u0173 skoniu"},"content":{"rendered":"<h2 data-start=\"0\" data-end=\"117\">Bang15000 Puf\u0173 \u012fkraunamas vienkartinis podas \u2013 m\u0117gaukit\u0117s galutiniu skoniu ir ilgalaikiu patirtimi<\/h2>\n<p data-start=\"173\" data-end=\"652\">Bang15000 Puf\u0173 \u012fkraunamas vienkartinis podas si\u016blo jums neprilygstam\u0105 patirt\u012f su ilgalaikiu naudojimu. Jame \u012fmontuotas 650mAh \u012fkraunamas akumuliatorius, kuris kiekvien\u0105 vienet\u0105 suteikia iki<a href=\"https:\/\/vapingnet.de\/lt\/k\/vape-15000-zuege\/\" target=\"_blank\" rel=\"noopener\"><strong> 15000 \u012fkv\u0117pim\u0173<\/strong><\/a>, o tai rei\u0161kia, kad gal\u0117site m\u0117gautis ilgai, nereik\u0117s da\u017enai keisti \u012frenginio. Nesvarbu, ar naudojate kasdien, ar keliaujate, \u0161is \u012frenginys suteikia jums ilgalaik\u012f palydov\u0105, tod\u0117l nereik\u0117s r\u016bpintis akumuliatoriumi.<\/p>\n<p data-start=\"654\" data-end=\"901\">\u012erenginys naudoja Type-C jungt\u012f, leid\u017eian\u010di\u0105 greitai \u012fkrauti. Per kelias minutes \u012frenginys v\u0117l bus pilnai \u012fkrautas, suma\u017einant laukimo laik\u0105, kad gal\u0117tum\u0117te t\u0119sti bet kur ir bet kada.<\/p>\n<p data-start=\"654\" data-end=\"901\"><img fetchpriority=\"high\" decoding=\"async\" class=\"size-full wp-image-6909 aligncenter\" src=\"https:\/\/vapingnet.de\/wp-content\/uploads\/2025\/03\/VAPE-1.jpg\" alt=\"\" width=\"1296\" height=\"1080\" srcset=\"https:\/\/vapingnet.de\/wp-content\/uploads\/2025\/03\/VAPE-1.jpg 1296w, https:\/\/vapingnet.de\/wp-content\/uploads\/2025\/03\/VAPE-1-300x250.jpg 300w, https:\/\/vapingnet.de\/wp-content\/uploads\/2025\/03\/VAPE-1-1024x853.jpg 1024w, https:\/\/vapingnet.de\/wp-content\/uploads\/2025\/03\/VAPE-1-768x640.jpg 768w, https:\/\/vapingnet.de\/wp-content\/uploads\/2025\/03\/VAPE-1-600x500.jpg 600w, https:\/\/vapingnet.de\/wp-content\/uploads\/2025\/03\/VAPE-1-1x1.jpg 1w, https:\/\/vapingnet.de\/wp-content\/uploads\/2025\/03\/VAPE-1-10x8.jpg 10w\" sizes=\"(max-width: 1296px) 100vw, 1296px\" \/><\/p>\n<h4 data-start=\"903\" data-end=\"978\">Persik\u0173 uog\u0173 skonis \u2013 tobulas \u0161vie\u017eumo ir saldumo mi\u0161inys<\/h4>\n<p data-start=\"980\" data-end=\"1486\">Skonis yra vienas svarbiausi\u0173 veiksni\u0173 renkantis elektronin\u0119 cigaret\u0119. Bang15000 Puf\u0173 \u012fkraunamas vienkartinis podas si\u016blo unikal\u0173 persik\u0173 uog\u0173 skon\u012f. Jis sujungia sald\u0173 persik\u0105 su \u0161vie\u017eiomis uogomis ir sukuria jaudinant\u012f, sald\u0173 ir gaiv\u0173 skonio patirt\u012f kiekvienu \u012fkv\u0117pimu. Nesvarbu, ar esate pradedantysis, ar patyr\u0119s r\u016bkalius, \u0161is skonis tikrai patiks j\u016bs\u0173 skonio receptoriams.<\/p>\n<h4 data-start=\"1488\" data-end=\"1545\">Lanksti pasirinkimo galimyb\u0117 \u2013 personalizuota r\u016bkymo patirtis<\/h4>\n<p data-start=\"1547\" data-end=\"1939\">Siekiant patenkinti \u012fvairius poreikius, Bang15000 Puf\u0173 \u012fkraunamas vienkartinis podas si\u016blo keturias nikotino stiprumo r\u016b\u0161is: 0%, 2%, 3% ir 5%. Taip galite pasirinkti nikotino kiek\u012f, kuris geriausiai atitinka j\u016bs\u0173 pageidavimus ir poreikius. Nesvarbu, ar ie\u0161kote nikotino nemokamos patirties, ar stipresnio nikotino poveikio \u2013 kiekvienam skoniui rasite k\u0105 pasirinkti.<\/p>\n<p data-start=\"1941\" data-end=\"2116\">Didmenin\u0117ms u\u017esakymams taip pat si\u016blome galimyb\u0119 u\u017esisakyti nikotino 0% ir 3%, kad j\u016bs\u0173 u\u017esakymai gal\u0117t\u0173 b\u016bti \u012fvykdyti lankstiai ir dideliais kiekiais.<\/p>\n<h4 data-start=\"2118\" data-end=\"2151\">Patogus vienkartinio dizaino sprendimas<\/h4>\n<p data-start=\"2153\" data-end=\"2484\">Skirtingai nuo \u012fprast\u0173 elektronini\u0173 cigare\u010di\u0173 su kei\u010diamais podais, Bang15000 Puf\u0173 si\u016blo <a href=\"https:\/\/vapingnet.de\/lt\/k\/einweg-e-zigarette\/\" target=\"_blank\" rel=\"noopener\"><strong>Vienkartin\u012f dizain\u0105<\/strong><\/a>, kuris ne tik palengvina valym\u0105 ir prie\u017ei\u016br\u0105, bet ir daro naudojim\u0105 patogesn\u012f. Papras\u010diausiai \u012fkraukite ir t\u0119skite. Kai \u012frenginys i\u0161naudojamas, j\u012f lengvai i\u0161metate.<\/p>\n<p data-start=\"2486\" data-end=\"2660\">D\u0117l kompakti\u0161ko dyd\u017eio jis taip pat lengvai transportuojamas. Galite j\u012f patogiai \u012fsid\u0117ti \u012f rankin\u0119 ar kuprin\u0119 ir m\u0117gautis bet kur ir bet kada.<\/p>\n<h4 data-start=\"2662\" data-end=\"2712\">Paprasta u\u017esakymo pateikimas ir greitas pristatymas<\/h4>\n<p data-start=\"2714\" data-end=\"3030\">Apsilankykite m\u016bs\u0173 svetain\u0117je vapingnet.de, kad paprastai u\u017esakyti Bang15000 Puf\u0173 \u012fkraunam\u0105 vienkartin\u012f pod\u0105. Nesvarbu, ar tai asmeniniam naudojimui, ar didmeniniams u\u017esakymams, mes si\u016blome greit\u0105 ir patikim\u0105 pristatym\u0105, kad gautum\u0117te savo produkt\u0105 kuo grei\u010diau.<\/p>\n<h3>Kod\u0117l verta rinktis Bang15000 Puf\u0173 \u012fkraunam\u0105 vienkartin\u012f pod\u0105?<\/h3>\n<p data-start=\"3115\" data-end=\"3550\" data-is-last-node=\"\" data-is-only-node=\"\">Bang15000 Puf\u0173 \u012fkraunamas vienkartinis podas ne tik si\u016blo ilgalaik\u012f naudojim\u0105 ir \u012fvairius skonius, bet ir greit\u0105 \u012fkrovim\u0105 bei patog\u0173 dizain\u0105. Su \u0161iuo \u012frenginiu patirsite geresn\u0119, patogesn\u0119 ir ilgaam\u017ei\u0161kesn\u0119 r\u016bkymo patirt\u012f. Apsilankykite \u0161iandien <a href=\"https:\/\/vapingnet.de\/lt\/\" target=\"_new\" rel=\"noopener\" data-start=\"3442\" data-end=\"3478\">vapingnet.de<\/a> ir prad\u0117kite savo kelion\u0119 su \u0161iuo i\u0161skirtiniu elektroniniu tabaku!<\/p>","protected":false},"excerpt":{"rendered":"<p>Bang15000 Puffs Rechargeable Disposable Pod \u2013 Genie\u00dfen Sie den ultimativen Geschmack und langanhaltendes Erlebnis Der Bang15000 Puffs Rechargeable Disposable Pod bietet Ihnen ein unvergleichliches Erlebnis&#8230;<\/p>","protected":false},"featured_media":5184,"template":"","meta":[],"etheme_brands":[],"product_brand":[101],"product_cat":[53,49,61],"product_tag":[],"class_list":{"0":"post-5183","1":"product","2":"type-product","3":"status-publish","4":"has-post-thumbnail","6":"product_brand-bang-king-vape","7":"product_cat-vape-15000-zuege","8":"product_cat-einweg-e-zigarette","9":"product_cat-f","11":"first","12":"instock","13":"shipping-taxable","14":"purchasable","15":"product-type-simple"},"yoast_head":"<!-- This site is optimized with the Yoast SEO plugin v26.5 - https:\/\/yoast.com\/wordpress\/plugins\/seo\/ -->\n<title>Entz\u00fccken Sie Ihren Gaumen mit den Bang15000 Puffs im himmlischen Peach Berry Geschmack | Vapingnet.de<\/title>\n<meta name=\"description\" content=\"Entdecke Entz\u00fccken Sie Ihren Gaumen mit den Bang15000 Puffs im himmlischen Peach Berry Geschmack bei vapingnet.de, \u25ba Gro\u00dfe Auswahl an Geschmacksrichtungen &amp; super g\u00fcnstig!\" \/>\n<meta name=\"robots\" content=\"index, follow, max-snippet:-1, max-image-preview:large, max-video-preview:-1\" \/>\n<link rel=\"canonical\" href=\"https:\/\/vapingnet.de\/lt\/vape\/entzuecken-sie-ihren-gaumen-mit-den-bang15000-puffs-im-himmlischen-peach-berry-geschmack\/\" \/>\n<meta property=\"og:locale\" content=\"lt_LT\" \/>\n<meta property=\"og:type\" content=\"article\" \/>\n<meta property=\"og:title\" content=\"Entz\u00fccken Sie Ihren Gaumen mit den Bang15000 Puffs im himmlischen Peach Berry Geschmack | Vapingnet.de\" \/>\n<meta property=\"og:description\" content=\"Entdecke Entz\u00fccken Sie Ihren Gaumen mit den Bang15000 Puffs im himmlischen Peach Berry Geschmack bei vapingnet.de, \u25ba Gro\u00dfe Auswahl an Geschmacksrichtungen &amp; super g\u00fcnstig!\" \/>\n<meta property=\"og:url\" content=\"https:\/\/vapingnet.de\/lt\/vape\/entzuecken-sie-ihren-gaumen-mit-den-bang15000-puffs-im-himmlischen-peach-berry-geschmack\/\" \/>\n<meta property=\"og:site_name\" content=\"Vapingnet.de\" \/>\n<meta property=\"article:publisher\" content=\"https:\/\/www.facebook.com\/vapingnetde\/\" \/>\n<meta property=\"article:modified_time\" content=\"2025-06-19T03:41:32+00:00\" \/>\n<meta property=\"og:image\" content=\"https:\/\/vapingnet.de\/wp-content\/uploads\/2025\/03\/Peach-Berry.png\" \/>\n\t<meta property=\"og:image:width\" content=\"900\" \/>\n\t<meta property=\"og:image:height\" content=\"600\" \/>\n\t<meta property=\"og:image:type\" content=\"image\/png\" \/>\n<meta name=\"twitter:card\" content=\"summary_large_image\" \/>\n<meta name=\"twitter:label1\" content=\"Est. reading time\" \/>\n\t<meta name=\"twitter:data1\" content=\"3 minutes\" \/>\n<script type=\"application\/ld+json\" class=\"yoast-schema-graph\">{\"@context\":\"https:\/\/schema.org\",\"@graph\":[{\"@type\":\"WebPage\",\"@id\":\"https:\/\/vapingnet.de\/vape\/entzuecken-sie-ihren-gaumen-mit-den-bang15000-puffs-im-himmlischen-peach-berry-geschmack\/\",\"url\":\"https:\/\/vapingnet.de\/vape\/entzuecken-sie-ihren-gaumen-mit-den-bang15000-puffs-im-himmlischen-peach-berry-geschmack\/\",\"name\":\"Entz\u00fccken Sie Ihren Gaumen mit den Bang15000 Puffs im himmlischen Peach Berry Geschmack | Vapingnet.de\",\"isPartOf\":{\"@id\":\"https:\/\/vapingnet.de\/#website\"},\"primaryImageOfPage\":{\"@id\":\"https:\/\/vapingnet.de\/vape\/entzuecken-sie-ihren-gaumen-mit-den-bang15000-puffs-im-himmlischen-peach-berry-geschmack\/#primaryimage\"},\"image\":{\"@id\":\"https:\/\/vapingnet.de\/vape\/entzuecken-sie-ihren-gaumen-mit-den-bang15000-puffs-im-himmlischen-peach-berry-geschmack\/#primaryimage\"},\"thumbnailUrl\":\"https:\/\/vapingnet.de\/wp-content\/uploads\/2025\/03\/Peach-Berry.png\",\"datePublished\":\"2025-03-12T09:49:29+00:00\",\"dateModified\":\"2025-06-19T03:41:32+00:00\",\"description\":\"Entdecke Entz\u00fccken Sie Ihren Gaumen mit den Bang15000 Puffs im himmlischen Peach Berry Geschmack bei vapingnet.de, \u25ba Gro\u00dfe Auswahl an Geschmacksrichtungen & super g\u00fcnstig!\",\"breadcrumb\":{\"@id\":\"https:\/\/vapingnet.de\/vape\/entzuecken-sie-ihren-gaumen-mit-den-bang15000-puffs-im-himmlischen-peach-berry-geschmack\/#breadcrumb\"},\"inLanguage\":\"lt-LT\",\"potentialAction\":[{\"@type\":\"ReadAction\",\"target\":[\"https:\/\/vapingnet.de\/vape\/entzuecken-sie-ihren-gaumen-mit-den-bang15000-puffs-im-himmlischen-peach-berry-geschmack\/\"]}]},{\"@type\":\"ImageObject\",\"inLanguage\":\"lt-LT\",\"@id\":\"https:\/\/vapingnet.de\/vape\/entzuecken-sie-ihren-gaumen-mit-den-bang15000-puffs-im-himmlischen-peach-berry-geschmack\/#primaryimage\",\"url\":\"https:\/\/vapingnet.de\/wp-content\/uploads\/2025\/03\/Peach-Berry.png\",\"contentUrl\":\"https:\/\/vapingnet.de\/wp-content\/uploads\/2025\/03\/Peach-Berry.png\",\"width\":900,\"height\":600,\"caption\":\"Peach Berry\"},{\"@type\":\"BreadcrumbList\",\"@id\":\"https:\/\/vapingnet.de\/vape\/entzuecken-sie-ihren-gaumen-mit-den-bang15000-puffs-im-himmlischen-peach-berry-geschmack\/#breadcrumb\",\"itemListElement\":[{\"@type\":\"ListItem\",\"position\":1,\"name\":\"Home\",\"item\":\"https:\/\/vapingnet.de\/\"},{\"@type\":\"ListItem\",\"position\":2,\"name\":\"Shop\",\"item\":\"https:\/\/vapingnet.de\/vape\/\"},{\"@type\":\"ListItem\",\"position\":3,\"name\":\"Entz\u00fccken Sie Ihren Gaumen mit den Bang15000 Puffs im himmlischen Peach Berry Geschmack\"}]},{\"@type\":\"WebSite\",\"@id\":\"https:\/\/vapingnet.de\/#website\",\"url\":\"https:\/\/vapingnet.de\/\",\"name\":\"Vapingnet.de\",\"description\":\"\",\"publisher\":{\"@id\":\"https:\/\/vapingnet.de\/#organization\"},\"potentialAction\":[{\"@type\":\"SearchAction\",\"target\":{\"@type\":\"EntryPoint\",\"urlTemplate\":\"https:\/\/vapingnet.de\/?s={search_term_string}\"},\"query-input\":{\"@type\":\"PropertyValueSpecification\",\"valueRequired\":true,\"valueName\":\"search_term_string\"}}],\"inLanguage\":\"lt-LT\"},{\"@type\":\"Organization\",\"@id\":\"https:\/\/vapingnet.de\/#organization\",\"name\":\"Vapingnet.de\",\"url\":\"https:\/\/vapingnet.de\/\",\"logo\":{\"@type\":\"ImageObject\",\"inLanguage\":\"lt-LT\",\"@id\":\"https:\/\/vapingnet.de\/#\/schema\/logo\/image\/\",\"url\":\"https:\/\/vapingnet.de\/wp-content\/uploads\/2025\/03\/cropped-vapingnet.de_.jpg\",\"contentUrl\":\"https:\/\/vapingnet.de\/wp-content\/uploads\/2025\/03\/cropped-vapingnet.de_.jpg\",\"width\":512,\"height\":512,\"caption\":\"Vapingnet.de\"},\"image\":{\"@id\":\"https:\/\/vapingnet.de\/#\/schema\/logo\/image\/\"},\"sameAs\":[\"https:\/\/www.facebook.com\/vapingnetde\/\"]}]}<\/script>\n<!-- \/ Yoast SEO plugin. -->","yoast_head_json":{"title":"Entz\u00fccken Sie Ihren Gaumen mit den Bang15000 Puffs im himmlischen Peach Berry Geschmack | Vapingnet.de","description":"Entdecke Entz\u00fccken Sie Ihren Gaumen mit den Bang15000 Puffs im himmlischen Peach Berry Geschmack bei vapingnet.de, \u25ba Gro\u00dfe Auswahl an Geschmacksrichtungen & super g\u00fcnstig!","robots":{"index":"index","follow":"follow","max-snippet":"max-snippet:-1","max-image-preview":"max-image-preview:large","max-video-preview":"max-video-preview:-1"},"canonical":"https:\/\/vapingnet.de\/lt\/vape\/entzuecken-sie-ihren-gaumen-mit-den-bang15000-puffs-im-himmlischen-peach-berry-geschmack\/","og_locale":"lt_LT","og_type":"article","og_title":"Entz\u00fccken Sie Ihren Gaumen mit den Bang15000 Puffs im himmlischen Peach Berry Geschmack | Vapingnet.de","og_description":"Entdecke Entz\u00fccken Sie Ihren Gaumen mit den Bang15000 Puffs im himmlischen Peach Berry Geschmack bei vapingnet.de, \u25ba Gro\u00dfe Auswahl an Geschmacksrichtungen & super g\u00fcnstig!","og_url":"https:\/\/vapingnet.de\/lt\/vape\/entzuecken-sie-ihren-gaumen-mit-den-bang15000-puffs-im-himmlischen-peach-berry-geschmack\/","og_site_name":"Vapingnet.de","article_publisher":"https:\/\/www.facebook.com\/vapingnetde\/","article_modified_time":"2025-06-19T03:41:32+00:00","og_image":[{"width":900,"height":600,"url":"https:\/\/vapingnet.de\/wp-content\/uploads\/2025\/03\/Peach-Berry.png","type":"image\/png"}],"twitter_card":"summary_large_image","twitter_misc":{"Est. reading time":"3 minutes"},"schema":{"@context":"https:\/\/schema.org","@graph":[{"@type":"WebPage","@id":"https:\/\/vapingnet.de\/vape\/entzuecken-sie-ihren-gaumen-mit-den-bang15000-puffs-im-himmlischen-peach-berry-geschmack\/","url":"https:\/\/vapingnet.de\/vape\/entzuecken-sie-ihren-gaumen-mit-den-bang15000-puffs-im-himmlischen-peach-berry-geschmack\/","name":"Entz\u00fccken Sie Ihren Gaumen mit den Bang15000 Puffs im himmlischen Peach Berry Geschmack | Vapingnet.de","isPartOf":{"@id":"https:\/\/vapingnet.de\/#website"},"primaryImageOfPage":{"@id":"https:\/\/vapingnet.de\/vape\/entzuecken-sie-ihren-gaumen-mit-den-bang15000-puffs-im-himmlischen-peach-berry-geschmack\/#primaryimage"},"image":{"@id":"https:\/\/vapingnet.de\/vape\/entzuecken-sie-ihren-gaumen-mit-den-bang15000-puffs-im-himmlischen-peach-berry-geschmack\/#primaryimage"},"thumbnailUrl":"https:\/\/vapingnet.de\/wp-content\/uploads\/2025\/03\/Peach-Berry.png","datePublished":"2025-03-12T09:49:29+00:00","dateModified":"2025-06-19T03:41:32+00:00","description":"Entdecke Entz\u00fccken Sie Ihren Gaumen mit den Bang15000 Puffs im himmlischen Peach Berry Geschmack bei vapingnet.de, \u25ba Gro\u00dfe Auswahl an Geschmacksrichtungen & super g\u00fcnstig!","breadcrumb":{"@id":"https:\/\/vapingnet.de\/vape\/entzuecken-sie-ihren-gaumen-mit-den-bang15000-puffs-im-himmlischen-peach-berry-geschmack\/#breadcrumb"},"inLanguage":"lt-LT","potentialAction":[{"@type":"ReadAction","target":["https:\/\/vapingnet.de\/vape\/entzuecken-sie-ihren-gaumen-mit-den-bang15000-puffs-im-himmlischen-peach-berry-geschmack\/"]}]},{"@type":"ImageObject","inLanguage":"lt-LT","@id":"https:\/\/vapingnet.de\/vape\/entzuecken-sie-ihren-gaumen-mit-den-bang15000-puffs-im-himmlischen-peach-berry-geschmack\/#primaryimage","url":"https:\/\/vapingnet.de\/wp-content\/uploads\/2025\/03\/Peach-Berry.png","contentUrl":"https:\/\/vapingnet.de\/wp-content\/uploads\/2025\/03\/Peach-Berry.png","width":900,"height":600,"caption":"Peach Berry"},{"@type":"BreadcrumbList","@id":"https:\/\/vapingnet.de\/vape\/entzuecken-sie-ihren-gaumen-mit-den-bang15000-puffs-im-himmlischen-peach-berry-geschmack\/#breadcrumb","itemListElement":[{"@type":"ListItem","position":1,"name":"Home","item":"https:\/\/vapingnet.de\/"},{"@type":"ListItem","position":2,"name":"Shop","item":"https:\/\/vapingnet.de\/vape\/"},{"@type":"ListItem","position":3,"name":"Entz\u00fccken Sie Ihren Gaumen mit den Bang15000 Puffs im himmlischen Peach Berry Geschmack"}]},{"@type":"WebSite","@id":"https:\/\/vapingnet.de\/#website","url":"https:\/\/vapingnet.de\/","name":"Vapingnet.de","description":"","publisher":{"@id":"https:\/\/vapingnet.de\/#organization"},"potentialAction":[{"@type":"SearchAction","target":{"@type":"EntryPoint","urlTemplate":"https:\/\/vapingnet.de\/?s={search_term_string}"},"query-input":{"@type":"PropertyValueSpecification","valueRequired":true,"valueName":"search_term_string"}}],"inLanguage":"lt-LT"},{"@type":"Organization","@id":"https:\/\/vapingnet.de\/#organization","name":"Vapingnet.de","url":"https:\/\/vapingnet.de\/","logo":{"@type":"ImageObject","inLanguage":"lt-LT","@id":"https:\/\/vapingnet.de\/#\/schema\/logo\/image\/","url":"https:\/\/vapingnet.de\/wp-content\/uploads\/2025\/03\/cropped-vapingnet.de_.jpg","contentUrl":"https:\/\/vapingnet.de\/wp-content\/uploads\/2025\/03\/cropped-vapingnet.de_.jpg","width":512,"height":512,"caption":"Vapingnet.de"},"image":{"@id":"https:\/\/vapingnet.de\/#\/schema\/logo\/image\/"},"sameAs":["https:\/\/www.facebook.com\/vapingnetde\/"]}]}},"tiered_pricing_type":"fixed","tiered_pricing_fixed_rules":{"10":"7.31","60":"6.58","110":"5.85","200":"5.12"},"tiered_pricing_product_settings":{"layout":"default","base_unit_name":{"singular":null,"plural":null},"default_variation":null},"tiered_pricing_minimum_quantity":null,"tiered_pricing_roles_data":[],"tiered_pricing_percentage_rules":[],"_links":{"self":[{"href":"https:\/\/vapingnet.de\/lt\/wp-json\/wp\/v2\/product\/5183","targetHints":{"allow":["GET"]}}],"collection":[{"href":"https:\/\/vapingnet.de\/lt\/wp-json\/wp\/v2\/product"}],"about":[{"href":"https:\/\/vapingnet.de\/lt\/wp-json\/wp\/v2\/types\/product"}],"version-history":[{"count":3,"href":"https:\/\/vapingnet.de\/lt\/wp-json\/wp\/v2\/product\/5183\/revisions"}],"predecessor-version":[{"id":6917,"href":"https:\/\/vapingnet.de\/lt\/wp-json\/wp\/v2\/product\/5183\/revisions\/6917"}],"wp:featuredmedia":[{"embeddable":true,"href":"https:\/\/vapingnet.de\/lt\/wp-json\/wp\/v2\/media\/5184"}],"wp:attachment":[{"href":"https:\/\/vapingnet.de\/lt\/wp-json\/wp\/v2\/media?parent=5183"}],"wp:term":[{"taxonomy":"brand","embeddable":true,"href":"https:\/\/vapingnet.de\/lt\/wp-json\/wp\/v2\/etheme_brands?post=5183"},{"taxonomy":"product_brand","embeddable":true,"href":"https:\/\/vapingnet.de\/lt\/wp-json\/wp\/v2\/product_brand?post=5183"},{"taxonomy":"product_cat","embeddable":true,"href":"https:\/\/vapingnet.de\/lt\/wp-json\/wp\/v2\/product_cat?post=5183"},{"taxonomy":"product_tag","embeddable":true,"href":"https:\/\/vapingnet.de\/lt\/wp-json\/wp\/v2\/product_tag?post=5183"}],"curies":[{"name":"wp","href":"https:\/\/api.w.org\/{rel}","templated":true}]}}