{"id":5189,"date":"2025-03-13T02:30:52","date_gmt":"2025-03-13T02:30:52","guid":{"rendered":"https:\/\/vapingnet.de\/?post_type=product&#038;p=5189"},"modified":"2025-06-19T03:41:31","modified_gmt":"2025-06-19T03:41:31","slug":"bang15000-puffs-peach-mango-sale-nicht-verpassen","status":"publish","type":"product","link":"https:\/\/vapingnet.de\/lt\/vape\/bang15000-puffs-peach-mango-sale-nicht-verpassen\/","title":{"rendered":"Bang15000 Puffs Persikas Mango Pasi\u016blymas, kurio negalima praleisti"},"content":{"rendered":"<h2 data-pm-slice=\"1 1 []\">Bang 15000 Puffs: Galutinis vienkartinis elektronini\u0173 cigare\u010di\u0173 patirtis!<\/h2>\n<p>Elektronini\u0173 cigare\u010di\u0173 pasaulyje nuolat atsiranda modeli\u0173, kurie nustato naujus madus ir kuria naujus standartus. \u0160iandien norime jums pristatyti Bang 15000 Puffs \u012fkraunam\u0105 vienkartin\u0119 pod\u0105 \u2013 revoliucin\u0119 kombinacij\u0105 i\u0161 i\u0161skirtinio ilgaam\u017ei\u0161kumo, auk\u0161\u010diausios kokyb\u0117s skonio ir patogios \u012fkrovimo galimyb\u0117s!<\/p>\n<ul>\n<li>15000 \u012fkv\u0117pim\u0173 \u2013 naujas i\u0161tverm\u0117s lygis!<br \/>\nNors dauguma vienkartini\u0173 elektronini\u0173 cigare\u010di\u0173 si\u016blo tarp 6000 ir 10000 \u012fkv\u0117pim\u0173, Bang 15000 nustato naujus standartus su<a href=\"https:\/\/vapingnet.de\/lt\/k\/vape-15000-zuege\/\" target=\"_blank\" rel=\"noopener\"><strong> 15000 \u012fkv\u0117pim\u0173<\/strong><\/a>. Atsisveikinkite su nuolatiniu pirkimu \u2013 Bang 15000 veikia ne\u012ftik\u0117tinai ilgai!<\/li>\n<li>650mAh \u012fkraunamas akumuliatorius \u2013 dar daugiau malonumo<br \/>\nKad gal\u0117tum\u0117te tikrai m\u0117gautis visais 15000 \u012fkv\u0117pimais, Bang 15000 yra apr\u016bpinta 650mAh akumuliatoriumi, kur\u012f patogu \u012fkrauti per Type-C greito \u012fkrovimo jungt\u012f. N\u0117ra nei\u0161naudoto r\u016bkymo aliejaus \u2013 maksimalus efektyvumas ir maksimalus garo malonumas!<\/li>\n<li>Dul Mesh 1,1\u03a9 rit\u0117 \u2013 intensyvus skonis su kiekvienu \u012fkv\u0117pimu<br \/>\nNepakartojama garinimo patirtis kyla ne tik i\u0161 akumuliatoriaus galios, bet ir i\u0161 kokybi\u0161ko garintuvo. Dul Mesh dviguba rit\u0117 (1,1\u03a9) u\u017etikrina \u0161veln\u0173, skon\u012f intensyvinant\u012f ir tolyg\u0173 garinim\u0105, kuris optimaliai i\u0161ry\u0161kina kiekvien\u0105 aromat\u0105.<\/li>\n<li>23mL skys\u010dio talpa \u2013 keturi nikotino stiprumai pasirinkimui<br \/>\nBang 15000 si\u016blo didel\u0119 23mL skys\u010dio talp\u0105, u\u017etikrinan\u010di\u0105 ilgalaik\u012f naudojim\u0105. Pasirinkite tarp 0, %, 2, %, 3, % arba 5, % nikotino kiekio \u2013 kur 0, % ir 3, % yra prieinami tik didel\u0117ms u\u017esakymams. Puikiai tinka individualiems klientams su didesniu poreikiu arba perpardav\u0117jams.<\/li>\n<li>Persik\u0173 Mango \u2013 tropinis vaisi\u0173 malonumas<br \/>\n\u0160iuo metu Bang 15000 yra prieinama persik\u0173 mango versijoje. Saldi, sultinga persik\u0173 skon\u012f papildo gaivi tropin\u0117s mangos r\u016bg\u0161tumas \u2013 tai vaisi\u0173 garinimo patirtis, kuri atne\u0161a vasaros skon\u012f \u012f lie\u017euv\u012f!<\/li>\n<\/ul>\n<h3><img fetchpriority=\"high\" decoding=\"async\" class=\"size-full wp-image-6911 aligncenter\" src=\"https:\/\/vapingnet.de\/wp-content\/uploads\/2025\/03\/2-scaled.jpg\" alt=\"\" width=\"2560\" height=\"1438\" srcset=\"https:\/\/vapingnet.de\/wp-content\/uploads\/2025\/03\/2-scaled.jpg 2560w, https:\/\/vapingnet.de\/wp-content\/uploads\/2025\/03\/2-300x169.jpg 300w, https:\/\/vapingnet.de\/wp-content\/uploads\/2025\/03\/2-1024x575.jpg 1024w, https:\/\/vapingnet.de\/wp-content\/uploads\/2025\/03\/2-768x431.jpg 768w, https:\/\/vapingnet.de\/wp-content\/uploads\/2025\/03\/2-1536x863.jpg 1536w, https:\/\/vapingnet.de\/wp-content\/uploads\/2025\/03\/2-2048x1150.jpg 2048w, https:\/\/vapingnet.de\/wp-content\/uploads\/2025\/03\/2-600x337.jpg 600w, https:\/\/vapingnet.de\/wp-content\/uploads\/2025\/03\/2-1x1.jpg 1w, https:\/\/vapingnet.de\/wp-content\/uploads\/2025\/03\/2-10x6.jpg 10w\" sizes=\"(max-width: 2560px) 100vw, 2560px\" \/><\/h3>\n<h3>Kod\u0117l Bang 15000?<\/h3>\n<p>\u2705 15000 \u012fkv\u0117pim\u0173 \u2013 itin ilgas tarnavimo laikas<br \/>\n\u2705 650mAh \u012fkraunamas akumuliatorius \u2013 nuolatinis malonumas<br \/>\n\u2705 Dul Mesh dviguba rit\u0117 \u2013 intensyviam skoniui<br \/>\n\u2705 23mL skys\u010dio talpa \u2013 ilgesniam naudojimui<br \/>\n\u2705 Keturi nikotino stiprumai \u2013 tinkami visiems skoniams<\/p>\n<p>Apsilankyk dabar <a href=\"https:\/\/vapingnet.de\/lt\/\">Vapingnet.de<\/a> ir gaukite Bang 15000 Puffs \u2013 ilgaam\u017e\u0119, intensyvi\u0105 ir nepalyginam\u0105 garinimo patirt\u012f! Greitai \u012fsigykite, kol jos n\u0117ra sand\u0117lyje!<\/p>","protected":false},"excerpt":{"rendered":"<p>Bang 15000 Puffs: Galutinis vienkartini\u0173 elektronini\u0173 cigare\u010di\u0173 patirtis! Elektronini\u0173 cigare\u010di\u0173 pasaulyje visada yra modeli\u0173, kurie nustato tendencijas ir kuria naujus standartus. \u0160iandien norime...<\/p>","protected":false},"featured_media":5190,"template":"","meta":[],"etheme_brands":[],"product_brand":[101],"product_cat":[53,49,61],"product_tag":[],"class_list":{"0":"post-5189","1":"product","2":"type-product","3":"status-publish","4":"has-post-thumbnail","6":"product_brand-bang-king-vape","7":"product_cat-vape-15000-zuege","8":"product_cat-einweg-e-zigarette","9":"product_cat-f","11":"first","12":"instock","13":"shipping-taxable","14":"purchasable","15":"product-type-simple"},"yoast_head":"<!-- This site is optimized with the Yoast SEO plugin v26.5 - https:\/\/yoast.com\/wordpress\/plugins\/seo\/ -->\n<title>Bang15000 Puffs Peach Mango Sale nicht verpassen | Vapingnet.de<\/title>\n<meta name=\"description\" content=\"Entdecke Bang15000 Puffs Peach Mango Sale nicht verpassen bei vapingnet.de, \u25ba Gro\u00dfe Auswahl an Geschmacksrichtungen &amp; super g\u00fcnstig!\" \/>\n<meta name=\"robots\" content=\"index, follow, max-snippet:-1, max-image-preview:large, max-video-preview:-1\" \/>\n<link rel=\"canonical\" href=\"https:\/\/vapingnet.de\/lt\/vape\/bang15000-puffs-peach-mango-sale-nicht-verpassen\/\" \/>\n<meta property=\"og:locale\" content=\"lt_LT\" \/>\n<meta property=\"og:type\" content=\"article\" \/>\n<meta property=\"og:title\" content=\"Bang15000 Puffs Peach Mango Sale nicht verpassen | Vapingnet.de\" \/>\n<meta property=\"og:description\" content=\"Entdecke Bang15000 Puffs Peach Mango Sale nicht verpassen bei vapingnet.de, \u25ba Gro\u00dfe Auswahl an Geschmacksrichtungen &amp; super g\u00fcnstig!\" \/>\n<meta property=\"og:url\" content=\"https:\/\/vapingnet.de\/lt\/vape\/bang15000-puffs-peach-mango-sale-nicht-verpassen\/\" \/>\n<meta property=\"og:site_name\" content=\"Vapingnet.de\" \/>\n<meta property=\"article:publisher\" content=\"https:\/\/www.facebook.com\/vapingnetde\/\" \/>\n<meta property=\"article:modified_time\" content=\"2025-06-19T03:41:31+00:00\" \/>\n<meta property=\"og:image\" content=\"https:\/\/vapingnet.de\/wp-content\/uploads\/2025\/03\/Peach-Mango-1.png\" \/>\n\t<meta property=\"og:image:width\" content=\"900\" \/>\n\t<meta property=\"og:image:height\" content=\"600\" \/>\n\t<meta property=\"og:image:type\" content=\"image\/png\" \/>\n<meta name=\"twitter:card\" content=\"summary_large_image\" \/>\n<meta name=\"twitter:label1\" content=\"Est. reading time\" \/>\n\t<meta name=\"twitter:data1\" content=\"3 minutes\" \/>\n<script type=\"application\/ld+json\" class=\"yoast-schema-graph\">{\"@context\":\"https:\/\/schema.org\",\"@graph\":[{\"@type\":\"WebPage\",\"@id\":\"https:\/\/vapingnet.de\/vape\/bang15000-puffs-peach-mango-sale-nicht-verpassen\/\",\"url\":\"https:\/\/vapingnet.de\/vape\/bang15000-puffs-peach-mango-sale-nicht-verpassen\/\",\"name\":\"Bang15000 Puffs Peach Mango Sale nicht verpassen | Vapingnet.de\",\"isPartOf\":{\"@id\":\"https:\/\/vapingnet.de\/#website\"},\"primaryImageOfPage\":{\"@id\":\"https:\/\/vapingnet.de\/vape\/bang15000-puffs-peach-mango-sale-nicht-verpassen\/#primaryimage\"},\"image\":{\"@id\":\"https:\/\/vapingnet.de\/vape\/bang15000-puffs-peach-mango-sale-nicht-verpassen\/#primaryimage\"},\"thumbnailUrl\":\"https:\/\/vapingnet.de\/wp-content\/uploads\/2025\/03\/Peach-Mango-1.png\",\"datePublished\":\"2025-03-13T02:30:52+00:00\",\"dateModified\":\"2025-06-19T03:41:31+00:00\",\"description\":\"Entdecke Bang15000 Puffs Peach Mango Sale nicht verpassen bei vapingnet.de, \u25ba Gro\u00dfe Auswahl an Geschmacksrichtungen & super g\u00fcnstig!\",\"breadcrumb\":{\"@id\":\"https:\/\/vapingnet.de\/vape\/bang15000-puffs-peach-mango-sale-nicht-verpassen\/#breadcrumb\"},\"inLanguage\":\"lt-LT\",\"potentialAction\":[{\"@type\":\"ReadAction\",\"target\":[\"https:\/\/vapingnet.de\/vape\/bang15000-puffs-peach-mango-sale-nicht-verpassen\/\"]}]},{\"@type\":\"ImageObject\",\"inLanguage\":\"lt-LT\",\"@id\":\"https:\/\/vapingnet.de\/vape\/bang15000-puffs-peach-mango-sale-nicht-verpassen\/#primaryimage\",\"url\":\"https:\/\/vapingnet.de\/wp-content\/uploads\/2025\/03\/Peach-Mango-1.png\",\"contentUrl\":\"https:\/\/vapingnet.de\/wp-content\/uploads\/2025\/03\/Peach-Mango-1.png\",\"width\":900,\"height\":600,\"caption\":\"Peach Mango\"},{\"@type\":\"BreadcrumbList\",\"@id\":\"https:\/\/vapingnet.de\/vape\/bang15000-puffs-peach-mango-sale-nicht-verpassen\/#breadcrumb\",\"itemListElement\":[{\"@type\":\"ListItem\",\"position\":1,\"name\":\"Home\",\"item\":\"https:\/\/vapingnet.de\/\"},{\"@type\":\"ListItem\",\"position\":2,\"name\":\"Shop\",\"item\":\"https:\/\/vapingnet.de\/vape\/\"},{\"@type\":\"ListItem\",\"position\":3,\"name\":\"Bang15000 Puffs Peach Mango Sale nicht verpassen\"}]},{\"@type\":\"WebSite\",\"@id\":\"https:\/\/vapingnet.de\/#website\",\"url\":\"https:\/\/vapingnet.de\/\",\"name\":\"Vapingnet.de\",\"description\":\"\",\"publisher\":{\"@id\":\"https:\/\/vapingnet.de\/#organization\"},\"potentialAction\":[{\"@type\":\"SearchAction\",\"target\":{\"@type\":\"EntryPoint\",\"urlTemplate\":\"https:\/\/vapingnet.de\/?s={search_term_string}\"},\"query-input\":{\"@type\":\"PropertyValueSpecification\",\"valueRequired\":true,\"valueName\":\"search_term_string\"}}],\"inLanguage\":\"lt-LT\"},{\"@type\":\"Organization\",\"@id\":\"https:\/\/vapingnet.de\/#organization\",\"name\":\"Vapingnet.de\",\"url\":\"https:\/\/vapingnet.de\/\",\"logo\":{\"@type\":\"ImageObject\",\"inLanguage\":\"lt-LT\",\"@id\":\"https:\/\/vapingnet.de\/#\/schema\/logo\/image\/\",\"url\":\"https:\/\/vapingnet.de\/wp-content\/uploads\/2025\/03\/cropped-vapingnet.de_.jpg\",\"contentUrl\":\"https:\/\/vapingnet.de\/wp-content\/uploads\/2025\/03\/cropped-vapingnet.de_.jpg\",\"width\":512,\"height\":512,\"caption\":\"Vapingnet.de\"},\"image\":{\"@id\":\"https:\/\/vapingnet.de\/#\/schema\/logo\/image\/\"},\"sameAs\":[\"https:\/\/www.facebook.com\/vapingnetde\/\"]}]}<\/script>\n<!-- \/ Yoast SEO plugin. -->","yoast_head_json":{"title":"Bang15000 Puffs Peach Mango Sale nicht verpassen | Vapingnet.de","description":"Entdecke Bang15000 Puffs Peach Mango Sale nicht verpassen bei vapingnet.de, \u25ba Gro\u00dfe Auswahl an Geschmacksrichtungen & super g\u00fcnstig!","robots":{"index":"index","follow":"follow","max-snippet":"max-snippet:-1","max-image-preview":"max-image-preview:large","max-video-preview":"max-video-preview:-1"},"canonical":"https:\/\/vapingnet.de\/lt\/vape\/bang15000-puffs-peach-mango-sale-nicht-verpassen\/","og_locale":"lt_LT","og_type":"article","og_title":"Bang15000 Puffs Peach Mango Sale nicht verpassen | Vapingnet.de","og_description":"Entdecke Bang15000 Puffs Peach Mango Sale nicht verpassen bei vapingnet.de, \u25ba Gro\u00dfe Auswahl an Geschmacksrichtungen & super g\u00fcnstig!","og_url":"https:\/\/vapingnet.de\/lt\/vape\/bang15000-puffs-peach-mango-sale-nicht-verpassen\/","og_site_name":"Vapingnet.de","article_publisher":"https:\/\/www.facebook.com\/vapingnetde\/","article_modified_time":"2025-06-19T03:41:31+00:00","og_image":[{"width":900,"height":600,"url":"https:\/\/vapingnet.de\/wp-content\/uploads\/2025\/03\/Peach-Mango-1.png","type":"image\/png"}],"twitter_card":"summary_large_image","twitter_misc":{"Est. reading time":"3 minutes"},"schema":{"@context":"https:\/\/schema.org","@graph":[{"@type":"WebPage","@id":"https:\/\/vapingnet.de\/vape\/bang15000-puffs-peach-mango-sale-nicht-verpassen\/","url":"https:\/\/vapingnet.de\/vape\/bang15000-puffs-peach-mango-sale-nicht-verpassen\/","name":"Bang15000 Puffs Peach Mango Sale nicht verpassen | Vapingnet.de","isPartOf":{"@id":"https:\/\/vapingnet.de\/#website"},"primaryImageOfPage":{"@id":"https:\/\/vapingnet.de\/vape\/bang15000-puffs-peach-mango-sale-nicht-verpassen\/#primaryimage"},"image":{"@id":"https:\/\/vapingnet.de\/vape\/bang15000-puffs-peach-mango-sale-nicht-verpassen\/#primaryimage"},"thumbnailUrl":"https:\/\/vapingnet.de\/wp-content\/uploads\/2025\/03\/Peach-Mango-1.png","datePublished":"2025-03-13T02:30:52+00:00","dateModified":"2025-06-19T03:41:31+00:00","description":"Entdecke Bang15000 Puffs Peach Mango Sale nicht verpassen bei vapingnet.de, \u25ba Gro\u00dfe Auswahl an Geschmacksrichtungen & super g\u00fcnstig!","breadcrumb":{"@id":"https:\/\/vapingnet.de\/vape\/bang15000-puffs-peach-mango-sale-nicht-verpassen\/#breadcrumb"},"inLanguage":"lt-LT","potentialAction":[{"@type":"ReadAction","target":["https:\/\/vapingnet.de\/vape\/bang15000-puffs-peach-mango-sale-nicht-verpassen\/"]}]},{"@type":"ImageObject","inLanguage":"lt-LT","@id":"https:\/\/vapingnet.de\/vape\/bang15000-puffs-peach-mango-sale-nicht-verpassen\/#primaryimage","url":"https:\/\/vapingnet.de\/wp-content\/uploads\/2025\/03\/Peach-Mango-1.png","contentUrl":"https:\/\/vapingnet.de\/wp-content\/uploads\/2025\/03\/Peach-Mango-1.png","width":900,"height":600,"caption":"Peach Mango"},{"@type":"BreadcrumbList","@id":"https:\/\/vapingnet.de\/vape\/bang15000-puffs-peach-mango-sale-nicht-verpassen\/#breadcrumb","itemListElement":[{"@type":"ListItem","position":1,"name":"Home","item":"https:\/\/vapingnet.de\/"},{"@type":"ListItem","position":2,"name":"Shop","item":"https:\/\/vapingnet.de\/vape\/"},{"@type":"ListItem","position":3,"name":"Bang15000 Puffs Peach Mango Sale nicht verpassen"}]},{"@type":"WebSite","@id":"https:\/\/vapingnet.de\/#website","url":"https:\/\/vapingnet.de\/","name":"Vapingnet.de","description":"","publisher":{"@id":"https:\/\/vapingnet.de\/#organization"},"potentialAction":[{"@type":"SearchAction","target":{"@type":"EntryPoint","urlTemplate":"https:\/\/vapingnet.de\/?s={search_term_string}"},"query-input":{"@type":"PropertyValueSpecification","valueRequired":true,"valueName":"search_term_string"}}],"inLanguage":"lt-LT"},{"@type":"Organization","@id":"https:\/\/vapingnet.de\/#organization","name":"Vapingnet.de","url":"https:\/\/vapingnet.de\/","logo":{"@type":"ImageObject","inLanguage":"lt-LT","@id":"https:\/\/vapingnet.de\/#\/schema\/logo\/image\/","url":"https:\/\/vapingnet.de\/wp-content\/uploads\/2025\/03\/cropped-vapingnet.de_.jpg","contentUrl":"https:\/\/vapingnet.de\/wp-content\/uploads\/2025\/03\/cropped-vapingnet.de_.jpg","width":512,"height":512,"caption":"Vapingnet.de"},"image":{"@id":"https:\/\/vapingnet.de\/#\/schema\/logo\/image\/"},"sameAs":["https:\/\/www.facebook.com\/vapingnetde\/"]}]}},"tiered_pricing_type":"fixed","tiered_pricing_fixed_rules":{"10":"7.31","60":"6.58","110":"5.85","200":"5.12"},"tiered_pricing_product_settings":{"layout":"default","base_unit_name":{"singular":null,"plural":null},"default_variation":null},"tiered_pricing_minimum_quantity":null,"tiered_pricing_roles_data":[],"tiered_pricing_percentage_rules":[],"_links":{"self":[{"href":"https:\/\/vapingnet.de\/lt\/wp-json\/wp\/v2\/product\/5189","targetHints":{"allow":["GET"]}}],"collection":[{"href":"https:\/\/vapingnet.de\/lt\/wp-json\/wp\/v2\/product"}],"about":[{"href":"https:\/\/vapingnet.de\/lt\/wp-json\/wp\/v2\/types\/product"}],"version-history":[{"count":3,"href":"https:\/\/vapingnet.de\/lt\/wp-json\/wp\/v2\/product\/5189\/revisions"}],"predecessor-version":[{"id":6915,"href":"https:\/\/vapingnet.de\/lt\/wp-json\/wp\/v2\/product\/5189\/revisions\/6915"}],"wp:featuredmedia":[{"embeddable":true,"href":"https:\/\/vapingnet.de\/lt\/wp-json\/wp\/v2\/media\/5190"}],"wp:attachment":[{"href":"https:\/\/vapingnet.de\/lt\/wp-json\/wp\/v2\/media?parent=5189"}],"wp:term":[{"taxonomy":"brand","embeddable":true,"href":"https:\/\/vapingnet.de\/lt\/wp-json\/wp\/v2\/etheme_brands?post=5189"},{"taxonomy":"product_brand","embeddable":true,"href":"https:\/\/vapingnet.de\/lt\/wp-json\/wp\/v2\/product_brand?post=5189"},{"taxonomy":"product_cat","embeddable":true,"href":"https:\/\/vapingnet.de\/lt\/wp-json\/wp\/v2\/product_cat?post=5189"},{"taxonomy":"product_tag","embeddable":true,"href":"https:\/\/vapingnet.de\/lt\/wp-json\/wp\/v2\/product_tag?post=5189"}],"curies":[{"name":"wp","href":"https:\/\/api.w.org\/{rel}","templated":true}]}}