{"id":5193,"date":"2025-03-13T02:43:42","date_gmt":"2025-03-13T02:43:42","guid":{"rendered":"https:\/\/vapingnet.de\/?post_type=product&#038;p=5193"},"modified":"2025-06-19T03:41:31","modified_gmt":"2025-06-19T03:41:31","slug":"pineapple-coconut-ice-bang15000-puffs-jetzt-ohne-zoll","status":"publish","type":"product","link":"https:\/\/vapingnet.de\/lt\/vape\/pineapple-coconut-ice-bang15000-puffs-jetzt-ohne-zoll\/","title":{"rendered":"Ananasas Kokos\u0173 Ledas Bang 15000 Puffs dabar be muit\u0173"},"content":{"rendered":"<h2 data-pm-slice=\"1 1 []\">Patirkite galutin\u0119 garinimo patirt\u012f \u2013 Bang 15000 R\u016bkali\u0173 vienkartin\u0117 elektronin\u0117 cigaret\u0117<\/h2>\n<p>Elektronini\u0173 cigare\u010di\u0173 pasaulyje skonis, ilgaam\u017ei\u0161kumas ir patogumas yra esminiai. The <a href=\"https:\/\/vapingnet.de\/lt\/bang-15000-puffs\/\" target=\"_blank\" rel=\"noopener\"><strong>Bang 15000 Puffs \u012fkraunamas vienkartinis podas <\/strong><\/a>b\u016btent tam sukurtas \u2013 visiems, kurie kelia auk\u0161\u010diausius reikalavimus savo garinimo patir\u010diai!<\/p>\n<div><\/div>\n<ul>\n<li>Ekstremalus i\u0161tverm\u0117 \u2013 15000 \u012fkv\u0117pim\u0173 begaliniam malonumui<br \/>\nNors daugelis vienkartini\u0173 elektronini\u0173 cigare\u010di\u0173 si\u016blo tik kelis t\u016bkstan\u010dius \u012fkv\u0117pim\u0173, Bang 15000 nustato naujus standartus:<a href=\"https:\/\/vapingnet.de\/lt\/k\/vape-15000-zuege\/\" target=\"_blank\" rel=\"noopener\"><strong> 15000 \u012fkv\u0117pim\u0173<\/strong><\/a>, tod\u0117l jums nereik\u0117s da\u017enai keisti.<\/li>\n<li>\u012ekraunamas maksimaliai patogumui<br \/>\nSu 650mAh akumuliatoriumi ir Type-C greito \u012fkrovimo jungtimi galite bet kada \u012fkrauti Bang 15000 ir u\u017etikrinti, kad n\u0117 la\u0161as skys\u010dio nei\u0161garuot\u0173 \u2013 tvariai ir be r\u016bpes\u010di\u0173 garinimo patir\u010diai.<\/li>\n<li>Dul Mesh 1,1\u03a9 rit\u0117 \u2013 \u0161velnios ir intensyvios garo debesys<br \/>\nD\u0117l Dul Mesh dvigubos rit\u0117s skystis tolygiai i\u0161garuoja, kas sukelia intensyvesn\u012f ir \u0161velnesn\u012f skon\u012f. Kiekvienas \u012fkv\u0117pimas \u2013 malonumas!<\/li>\n<li>23ml skys\u010dio talpa \u2013 ilgalaikei garavimo malonumui<br \/>\nSu 23ml skys\u010dio Bang 15000 vir\u0161ija daugum\u0105 rinkoje esan\u010di\u0173 vienkartini\u0173 elektronini\u0173 cigare\u010di\u0173. Puikiai tinka kasdieniam naudojimui ar ilgesniems i\u0161vykoms.<\/li>\n<\/ul>\n<div><\/div>\n<h4>Nauja skonio r\u016b\u0161is: Ananasas Kokos\u0173 Ledas<\/h4>\n<p>Tropin\u0117 gaiva kiekviename \u012fkv\u0117pime!<\/p>\n<p>\ud83c\udf4d Sultingas ananasas su egzoti\u0161ku saldumu, derinamas su kreminiu kokos\u0173 skoniu ir gaivinan\u010diu \u0161altu atspalviu \u2013 skonio patirtis, kuri tiesiog nukelia \u012f tropin\u0119 sal\u0105. Puikiai tinka kar\u0161tomis dienomis arba tiesiog malonumui tarp kit\u0173.<\/p>\n<div><\/div>\n<h4>Keturi nikotino stiprumai individualiems poreikiams<\/h4>\n<p>Prieinama 0,%, 2,%, 3,% ir 5,% nikotino kiekiu, kur 0,% ir 3,% yra tik didmeniniams u\u017esakymams. Nesvarbu, ar norite atsisakyti nikotino, ar pageidaujate stipresnio poveikio \u2013 Bang 15000 si\u016blo kiekvienam tinkam\u0105 variant\u0105.<\/p>\n<div><\/div>\n<h3>Kod\u0117l Bang 15000?<\/h3>\n<p>\u2705 15000 \u012fkv\u0117pim\u0173 \u2013 itin ilgas naudojimas<br \/>\n\u2705 650mAh \u012fkraunamas akumuliatorius \u2013 ekologi\u0161kas ir efektyvus<br \/>\n\u2705 Dul Mesh dviguba rit\u0117 \u2013 intensyviam skoniui<br \/>\n\u2705 23ml skys\u010dio talpa \u2013 maksimalus malonumas<br \/>\n\u2705 Keturi nikotino stiprumai \u2013 puikiai tinka \u012fvairiems poreikiams<br \/>\n\u2705 Be muito \u2013 joki\u0173 pasl\u0117pt\u0173 mokes\u010di\u0173<\/p>\n<p>Apsilankyk dabar <a href=\"https:\/\/vapingnet.de\/lt\/\">Vapingnet.de<\/a> ir u\u017esitikrink Bang 15000 p\u016btim\u0173 u\u017e nepakartojam\u0105 garinimo patirt\u012f. Greitai \u012fsigykite, kol nebuvo i\u0161parduota!<\/p>\n<p>&nbsp;<\/p>","protected":false},"excerpt":{"rendered":"<p>Patirkite galutin\u0119 garinimo patirt\u012f \u2013 Bang 15000 P\u016b\u010di\u0173 vienkartin\u0117 elektronin\u0117 cigaret\u0117 Elektronini\u0173 cigare\u010di\u0173 pasaulyje skonio, ilgaam\u017ei\u0161kumo ir naudotojo patogumo svarbiausia. Bang 15000 P\u016b\u010di\u0173 \u012fkraunama...<\/p>","protected":false},"featured_media":5194,"template":"","meta":[],"etheme_brands":[],"product_brand":[101],"product_cat":[53,49,61],"product_tag":[],"class_list":{"0":"post-5193","1":"product","2":"type-product","3":"status-publish","4":"has-post-thumbnail","6":"product_brand-bang-king-vape","7":"product_cat-vape-15000-zuege","8":"product_cat-einweg-e-zigarette","9":"product_cat-f","11":"first","12":"instock","13":"shipping-taxable","14":"purchasable","15":"product-type-simple"},"yoast_head":"<!-- This site is optimized with the Yoast SEO plugin v26.5 - https:\/\/yoast.com\/wordpress\/plugins\/seo\/ -->\n<title>Pineapple Coconut Ice Bang15000 Puffs jetzt ohne Zoll | Vapingnet.de<\/title>\n<meta name=\"description\" content=\"Entdecke Pineapple Coconut Ice Bang15000 Puffs jetzt ohne Zoll bei vapingnet.de, \u25ba Gro\u00dfe Auswahl an Geschmacksrichtungen &amp; super g\u00fcnstig!\" \/>\n<meta name=\"robots\" content=\"index, follow, max-snippet:-1, max-image-preview:large, max-video-preview:-1\" \/>\n<link rel=\"canonical\" href=\"https:\/\/vapingnet.de\/lt\/vape\/pineapple-coconut-ice-bang15000-puffs-jetzt-ohne-zoll\/\" \/>\n<meta property=\"og:locale\" content=\"lt_LT\" \/>\n<meta property=\"og:type\" content=\"article\" \/>\n<meta property=\"og:title\" content=\"Pineapple Coconut Ice Bang15000 Puffs jetzt ohne Zoll | Vapingnet.de\" \/>\n<meta property=\"og:description\" content=\"Entdecke Pineapple Coconut Ice Bang15000 Puffs jetzt ohne Zoll bei vapingnet.de, \u25ba Gro\u00dfe Auswahl an Geschmacksrichtungen &amp; super g\u00fcnstig!\" \/>\n<meta property=\"og:url\" content=\"https:\/\/vapingnet.de\/lt\/vape\/pineapple-coconut-ice-bang15000-puffs-jetzt-ohne-zoll\/\" \/>\n<meta property=\"og:site_name\" content=\"Vapingnet.de\" \/>\n<meta property=\"article:publisher\" content=\"https:\/\/www.facebook.com\/vapingnetde\/\" \/>\n<meta property=\"article:modified_time\" content=\"2025-06-19T03:41:31+00:00\" \/>\n<meta property=\"og:image\" content=\"https:\/\/vapingnet.de\/wp-content\/uploads\/2025\/03\/Pineapple-Coconut-Ice.png\" \/>\n\t<meta property=\"og:image:width\" content=\"900\" \/>\n\t<meta property=\"og:image:height\" content=\"600\" \/>\n\t<meta property=\"og:image:type\" content=\"image\/png\" \/>\n<meta name=\"twitter:card\" content=\"summary_large_image\" \/>\n<meta name=\"twitter:label1\" content=\"Est. reading time\" \/>\n\t<meta name=\"twitter:data1\" content=\"2 minutes\" \/>\n<script type=\"application\/ld+json\" class=\"yoast-schema-graph\">{\"@context\":\"https:\/\/schema.org\",\"@graph\":[{\"@type\":\"WebPage\",\"@id\":\"https:\/\/vapingnet.de\/vape\/pineapple-coconut-ice-bang15000-puffs-jetzt-ohne-zoll\/\",\"url\":\"https:\/\/vapingnet.de\/vape\/pineapple-coconut-ice-bang15000-puffs-jetzt-ohne-zoll\/\",\"name\":\"Pineapple Coconut Ice Bang15000 Puffs jetzt ohne Zoll | Vapingnet.de\",\"isPartOf\":{\"@id\":\"https:\/\/vapingnet.de\/#website\"},\"primaryImageOfPage\":{\"@id\":\"https:\/\/vapingnet.de\/vape\/pineapple-coconut-ice-bang15000-puffs-jetzt-ohne-zoll\/#primaryimage\"},\"image\":{\"@id\":\"https:\/\/vapingnet.de\/vape\/pineapple-coconut-ice-bang15000-puffs-jetzt-ohne-zoll\/#primaryimage\"},\"thumbnailUrl\":\"https:\/\/vapingnet.de\/wp-content\/uploads\/2025\/03\/Pineapple-Coconut-Ice.png\",\"datePublished\":\"2025-03-13T02:43:42+00:00\",\"dateModified\":\"2025-06-19T03:41:31+00:00\",\"description\":\"Entdecke Pineapple Coconut Ice Bang15000 Puffs jetzt ohne Zoll bei vapingnet.de, \u25ba Gro\u00dfe Auswahl an Geschmacksrichtungen & super g\u00fcnstig!\",\"breadcrumb\":{\"@id\":\"https:\/\/vapingnet.de\/vape\/pineapple-coconut-ice-bang15000-puffs-jetzt-ohne-zoll\/#breadcrumb\"},\"inLanguage\":\"lt-LT\",\"potentialAction\":[{\"@type\":\"ReadAction\",\"target\":[\"https:\/\/vapingnet.de\/vape\/pineapple-coconut-ice-bang15000-puffs-jetzt-ohne-zoll\/\"]}]},{\"@type\":\"ImageObject\",\"inLanguage\":\"lt-LT\",\"@id\":\"https:\/\/vapingnet.de\/vape\/pineapple-coconut-ice-bang15000-puffs-jetzt-ohne-zoll\/#primaryimage\",\"url\":\"https:\/\/vapingnet.de\/wp-content\/uploads\/2025\/03\/Pineapple-Coconut-Ice.png\",\"contentUrl\":\"https:\/\/vapingnet.de\/wp-content\/uploads\/2025\/03\/Pineapple-Coconut-Ice.png\",\"width\":900,\"height\":600,\"caption\":\"Pineapple Coconut Ice\"},{\"@type\":\"BreadcrumbList\",\"@id\":\"https:\/\/vapingnet.de\/vape\/pineapple-coconut-ice-bang15000-puffs-jetzt-ohne-zoll\/#breadcrumb\",\"itemListElement\":[{\"@type\":\"ListItem\",\"position\":1,\"name\":\"Home\",\"item\":\"https:\/\/vapingnet.de\/\"},{\"@type\":\"ListItem\",\"position\":2,\"name\":\"Shop\",\"item\":\"https:\/\/vapingnet.de\/vape\/\"},{\"@type\":\"ListItem\",\"position\":3,\"name\":\"Pineapple Coconut Ice Bang15000 Puffs jetzt ohne Zoll\"}]},{\"@type\":\"WebSite\",\"@id\":\"https:\/\/vapingnet.de\/#website\",\"url\":\"https:\/\/vapingnet.de\/\",\"name\":\"Vapingnet.de\",\"description\":\"\",\"publisher\":{\"@id\":\"https:\/\/vapingnet.de\/#organization\"},\"potentialAction\":[{\"@type\":\"SearchAction\",\"target\":{\"@type\":\"EntryPoint\",\"urlTemplate\":\"https:\/\/vapingnet.de\/?s={search_term_string}\"},\"query-input\":{\"@type\":\"PropertyValueSpecification\",\"valueRequired\":true,\"valueName\":\"search_term_string\"}}],\"inLanguage\":\"lt-LT\"},{\"@type\":\"Organization\",\"@id\":\"https:\/\/vapingnet.de\/#organization\",\"name\":\"Vapingnet.de\",\"url\":\"https:\/\/vapingnet.de\/\",\"logo\":{\"@type\":\"ImageObject\",\"inLanguage\":\"lt-LT\",\"@id\":\"https:\/\/vapingnet.de\/#\/schema\/logo\/image\/\",\"url\":\"https:\/\/vapingnet.de\/wp-content\/uploads\/2025\/03\/cropped-vapingnet.de_.jpg\",\"contentUrl\":\"https:\/\/vapingnet.de\/wp-content\/uploads\/2025\/03\/cropped-vapingnet.de_.jpg\",\"width\":512,\"height\":512,\"caption\":\"Vapingnet.de\"},\"image\":{\"@id\":\"https:\/\/vapingnet.de\/#\/schema\/logo\/image\/\"},\"sameAs\":[\"https:\/\/www.facebook.com\/vapingnetde\/\"]}]}<\/script>\n<!-- \/ Yoast SEO plugin. -->","yoast_head_json":{"title":"Pineapple Coconut Ice Bang15000 Puffs jetzt ohne Zoll | Vapingnet.de","description":"Entdecke Pineapple Coconut Ice Bang15000 Puffs jetzt ohne Zoll bei vapingnet.de, \u25ba Gro\u00dfe Auswahl an Geschmacksrichtungen & super g\u00fcnstig!","robots":{"index":"index","follow":"follow","max-snippet":"max-snippet:-1","max-image-preview":"max-image-preview:large","max-video-preview":"max-video-preview:-1"},"canonical":"https:\/\/vapingnet.de\/lt\/vape\/pineapple-coconut-ice-bang15000-puffs-jetzt-ohne-zoll\/","og_locale":"lt_LT","og_type":"article","og_title":"Pineapple Coconut Ice Bang15000 Puffs jetzt ohne Zoll | Vapingnet.de","og_description":"Entdecke Pineapple Coconut Ice Bang15000 Puffs jetzt ohne Zoll bei vapingnet.de, \u25ba Gro\u00dfe Auswahl an Geschmacksrichtungen & super g\u00fcnstig!","og_url":"https:\/\/vapingnet.de\/lt\/vape\/pineapple-coconut-ice-bang15000-puffs-jetzt-ohne-zoll\/","og_site_name":"Vapingnet.de","article_publisher":"https:\/\/www.facebook.com\/vapingnetde\/","article_modified_time":"2025-06-19T03:41:31+00:00","og_image":[{"width":900,"height":600,"url":"https:\/\/vapingnet.de\/wp-content\/uploads\/2025\/03\/Pineapple-Coconut-Ice.png","type":"image\/png"}],"twitter_card":"summary_large_image","twitter_misc":{"Est. reading time":"2 minutes"},"schema":{"@context":"https:\/\/schema.org","@graph":[{"@type":"WebPage","@id":"https:\/\/vapingnet.de\/vape\/pineapple-coconut-ice-bang15000-puffs-jetzt-ohne-zoll\/","url":"https:\/\/vapingnet.de\/vape\/pineapple-coconut-ice-bang15000-puffs-jetzt-ohne-zoll\/","name":"Pineapple Coconut Ice Bang15000 Puffs jetzt ohne Zoll | Vapingnet.de","isPartOf":{"@id":"https:\/\/vapingnet.de\/#website"},"primaryImageOfPage":{"@id":"https:\/\/vapingnet.de\/vape\/pineapple-coconut-ice-bang15000-puffs-jetzt-ohne-zoll\/#primaryimage"},"image":{"@id":"https:\/\/vapingnet.de\/vape\/pineapple-coconut-ice-bang15000-puffs-jetzt-ohne-zoll\/#primaryimage"},"thumbnailUrl":"https:\/\/vapingnet.de\/wp-content\/uploads\/2025\/03\/Pineapple-Coconut-Ice.png","datePublished":"2025-03-13T02:43:42+00:00","dateModified":"2025-06-19T03:41:31+00:00","description":"Entdecke Pineapple Coconut Ice Bang15000 Puffs jetzt ohne Zoll bei vapingnet.de, \u25ba Gro\u00dfe Auswahl an Geschmacksrichtungen & super g\u00fcnstig!","breadcrumb":{"@id":"https:\/\/vapingnet.de\/vape\/pineapple-coconut-ice-bang15000-puffs-jetzt-ohne-zoll\/#breadcrumb"},"inLanguage":"lt-LT","potentialAction":[{"@type":"ReadAction","target":["https:\/\/vapingnet.de\/vape\/pineapple-coconut-ice-bang15000-puffs-jetzt-ohne-zoll\/"]}]},{"@type":"ImageObject","inLanguage":"lt-LT","@id":"https:\/\/vapingnet.de\/vape\/pineapple-coconut-ice-bang15000-puffs-jetzt-ohne-zoll\/#primaryimage","url":"https:\/\/vapingnet.de\/wp-content\/uploads\/2025\/03\/Pineapple-Coconut-Ice.png","contentUrl":"https:\/\/vapingnet.de\/wp-content\/uploads\/2025\/03\/Pineapple-Coconut-Ice.png","width":900,"height":600,"caption":"Pineapple Coconut Ice"},{"@type":"BreadcrumbList","@id":"https:\/\/vapingnet.de\/vape\/pineapple-coconut-ice-bang15000-puffs-jetzt-ohne-zoll\/#breadcrumb","itemListElement":[{"@type":"ListItem","position":1,"name":"Home","item":"https:\/\/vapingnet.de\/"},{"@type":"ListItem","position":2,"name":"Shop","item":"https:\/\/vapingnet.de\/vape\/"},{"@type":"ListItem","position":3,"name":"Pineapple Coconut Ice Bang15000 Puffs jetzt ohne Zoll"}]},{"@type":"WebSite","@id":"https:\/\/vapingnet.de\/#website","url":"https:\/\/vapingnet.de\/","name":"Vapingnet.de","description":"","publisher":{"@id":"https:\/\/vapingnet.de\/#organization"},"potentialAction":[{"@type":"SearchAction","target":{"@type":"EntryPoint","urlTemplate":"https:\/\/vapingnet.de\/?s={search_term_string}"},"query-input":{"@type":"PropertyValueSpecification","valueRequired":true,"valueName":"search_term_string"}}],"inLanguage":"lt-LT"},{"@type":"Organization","@id":"https:\/\/vapingnet.de\/#organization","name":"Vapingnet.de","url":"https:\/\/vapingnet.de\/","logo":{"@type":"ImageObject","inLanguage":"lt-LT","@id":"https:\/\/vapingnet.de\/#\/schema\/logo\/image\/","url":"https:\/\/vapingnet.de\/wp-content\/uploads\/2025\/03\/cropped-vapingnet.de_.jpg","contentUrl":"https:\/\/vapingnet.de\/wp-content\/uploads\/2025\/03\/cropped-vapingnet.de_.jpg","width":512,"height":512,"caption":"Vapingnet.de"},"image":{"@id":"https:\/\/vapingnet.de\/#\/schema\/logo\/image\/"},"sameAs":["https:\/\/www.facebook.com\/vapingnetde\/"]}]}},"tiered_pricing_type":"fixed","tiered_pricing_fixed_rules":{"10":"7.31","60":"6.58","110":"5.85","200":"5.12"},"tiered_pricing_product_settings":{"layout":"default","base_unit_name":{"singular":null,"plural":null},"default_variation":null},"tiered_pricing_minimum_quantity":null,"tiered_pricing_roles_data":[],"tiered_pricing_percentage_rules":[],"_links":{"self":[{"href":"https:\/\/vapingnet.de\/lt\/wp-json\/wp\/v2\/product\/5193","targetHints":{"allow":["GET"]}}],"collection":[{"href":"https:\/\/vapingnet.de\/lt\/wp-json\/wp\/v2\/product"}],"about":[{"href":"https:\/\/vapingnet.de\/lt\/wp-json\/wp\/v2\/types\/product"}],"version-history":[{"count":1,"href":"https:\/\/vapingnet.de\/lt\/wp-json\/wp\/v2\/product\/5193\/revisions"}],"predecessor-version":[{"id":5195,"href":"https:\/\/vapingnet.de\/lt\/wp-json\/wp\/v2\/product\/5193\/revisions\/5195"}],"wp:featuredmedia":[{"embeddable":true,"href":"https:\/\/vapingnet.de\/lt\/wp-json\/wp\/v2\/media\/5194"}],"wp:attachment":[{"href":"https:\/\/vapingnet.de\/lt\/wp-json\/wp\/v2\/media?parent=5193"}],"wp:term":[{"taxonomy":"brand","embeddable":true,"href":"https:\/\/vapingnet.de\/lt\/wp-json\/wp\/v2\/etheme_brands?post=5193"},{"taxonomy":"product_brand","embeddable":true,"href":"https:\/\/vapingnet.de\/lt\/wp-json\/wp\/v2\/product_brand?post=5193"},{"taxonomy":"product_cat","embeddable":true,"href":"https:\/\/vapingnet.de\/lt\/wp-json\/wp\/v2\/product_cat?post=5193"},{"taxonomy":"product_tag","embeddable":true,"href":"https:\/\/vapingnet.de\/lt\/wp-json\/wp\/v2\/product_tag?post=5193"}],"curies":[{"name":"wp","href":"https:\/\/api.w.org\/{rel}","templated":true}]}}