{"id":5196,"date":"2025-03-13T02:50:38","date_gmt":"2025-03-13T02:50:38","guid":{"rendered":"https:\/\/vapingnet.de\/?post_type=product&#038;p=5196"},"modified":"2025-06-19T03:41:30","modified_gmt":"2025-06-19T03:41:30","slug":"rainbow-sherbet-mehr-bang15000-puffs-zum-top-grosshandelspreis","status":"publish","type":"product","link":"https:\/\/vapingnet.de\/lt\/vape\/rainbow-sherbet-mehr-bang15000-puffs-zum-top-grosshandelspreis\/","title":{"rendered":"Vaivoryk\u0161t\u0117s Sherbet ir daugiau Bang15000 Puffs u\u017e geriausi\u0105 didmenin\u0117s kainos pasi\u016blym\u0105"},"content":{"rendered":"<div>\n<h2>Bang15000 Puf\u0173 \u012fkraunamas vienkartinis podas \u2013 atlaisvinkite neribot\u0105 vaping patirt\u012f!<\/h2>\n<p class=\"break-words\">Sveiki atvyk\u0119 \u012f Bang15000 Puf\u0173 \u012fkraunam\u0105 vienkartin\u012f pod\u0105, kuris <a href=\"https:\/\/vapingnet.de\/lt\/k\/einweg-e-zigarette\/\" target=\"_blank\" rel=\"noopener\"><strong>Vienkartinio Vape<\/strong><\/a>, kuris tobulai sujungia neprilygstam\u0105 skonio patirt\u012f, inovatyvi\u0105 technologij\u0105 ir i\u0161skirtin\u012f i\u0161tverm\u0119! Nesvarbu, ar esate vaping entuziastas, ie\u0161kantis grynos atsipalaidavimo, ar mados lyderis, norintis bet kada ir bet kur m\u0117gautis auk\u0161\u010diausia kokybe \u2013 \u0161is produktas taps j\u016bs\u0173 pirmuoju pasirinkimu. Leiskite mums kartu atrasti jo unikalius privalumus ir patirti dvigub\u0105 poj\u016bt\u012f skoniui ir poj\u016b\u010diams!<\/p>\n<div id=\"attachment_6913\" style=\"width: 1933px\" class=\"wp-caption aligncenter\"><img fetchpriority=\"high\" decoding=\"async\" aria-describedby=\"caption-attachment-6913\" class=\"size-full wp-image-6913\" src=\"https:\/\/vapingnet.de\/wp-content\/uploads\/2025\/03\/1.jpg\" alt=\"\" width=\"1923\" height=\"1080\" srcset=\"https:\/\/vapingnet.de\/wp-content\/uploads\/2025\/03\/1.jpg 1923w, https:\/\/vapingnet.de\/wp-content\/uploads\/2025\/03\/1-300x168.jpg 300w, https:\/\/vapingnet.de\/wp-content\/uploads\/2025\/03\/1-1024x575.jpg 1024w, https:\/\/vapingnet.de\/wp-content\/uploads\/2025\/03\/1-768x431.jpg 768w, https:\/\/vapingnet.de\/wp-content\/uploads\/2025\/03\/1-1536x863.jpg 1536w, https:\/\/vapingnet.de\/wp-content\/uploads\/2025\/03\/1-600x337.jpg 600w, https:\/\/vapingnet.de\/wp-content\/uploads\/2025\/03\/1-1x1.jpg 1w, https:\/\/vapingnet.de\/wp-content\/uploads\/2025\/03\/1-10x6.jpg 10w\" sizes=\"(max-width: 1923px) 100vw, 1923px\" \/><p id=\"caption-attachment-6913\" class=\"wp-caption-text\">YUV420<\/p><\/div>\n<h4>Pagrindin\u0117s savyb\u0117s:<\/h4>\n<ul>\n<li>Ekstremaliai ilgas veikimo laikas, iki 15 000 \u012fkv\u0117pim\u0173<br \/>\nBang15000 Puf\u0173 vienkartinis podas su savo \u012fsp\u016bdingu 23 ml auk\u0161tos kokyb\u0117s E-skys\u010dio talpa si\u016blo nuostabi\u0105 patirt\u012f iki 15 000 \u012fkv\u0117pim\u0173! Palyginti su \u012fprastais vienkartiniais vape'ais, jo i\u0161tverm\u0117 yra revoliucin\u0117 inovacija, leid\u017eianti visi\u0161kai pasinerti \u012f intensyv\u0173 kiekvieno \u012fkv\u0117pimo skon\u012f be da\u017en\u0173 \u012frenginio keitim\u0173. Dar geriau: integruotas 650 mAh akumuliatorius yra \u012fkraunamas ir greitai \u012fkraunamas per patog\u0173 Type-C jungt\u012f \u2013 taip visada b\u016bsite pasiruo\u0161\u0119 ir m\u0117gausit\u0117s nenutr\u016bkstamu vaping malonumu.<\/li>\n<li>Dul Mesh Coil technologija: subtilus skonis, tankus garas<br \/>\nD\u0117l pa\u017eangios Dul Mesh 1.1\u03a9 rit\u0117s technologijos Bang15000 ne tik u\u017etikrina tolyg\u0173 E-skys\u010dio \u0161ildym\u0105, bet ir suteikia pilnesn\u012f, \u0161varesn\u012f skon\u012f. Kiekvienas \u012fkv\u0117pimas suteikia \u0161ilko glotni\u0105 \u012fkv\u0117pimo poj\u016bt\u012f, tank\u0173 gar\u0105 ir ai\u0161ki\u0105 skonio strukt\u016br\u0105 \u2013 kaip pasivaik\u0161\u010diojimas per debes\u0173 debes\u012f. Nesvarbu, ar esate pradedantysis, ar patyr\u0119s vaping entuziastas, \u0161is podas atitiks j\u016bs\u0173 auk\u0161\u010diausius skonio reikalavimus.<\/li>\n<li>Spalvingas skonis: Rainbow Sherbet \u2013 saldus apsvaigimas<br \/>\nBang15000 pristato patraukl\u0173 skon\u012f Rainbow Sherbet, kuris meistri\u0161kai sujungia vaisi\u0173 gaivum\u0105 su kreminiu sorbeto saldumu. Kiekvienas \u012fkv\u0117pimas jau\u010diasi kaip spalv\u0173 \u0161vent\u0117 lie\u017euvyje \u2013 saldus, \u0161iek tiek r\u016bg\u0161tus ir su nepamir\u0161tamu poskoniu. Be to, si\u016blome nikotino stiprumus 0 %, 2 %, 3 % ir 5 %, kad patenkintume \u012fvairi\u0173 vartotoj\u0173 poreikius. Atkreipkite d\u0117mes\u012f: nikotino variantai 0 % ir 3 % yra prieinami tik didmenin\u0117ms u\u017esakymams \u2013 j\u016bs\u0173 asmeniniam vaping patyrimui!<\/li>\n<li>Be r\u016bpes\u010di\u0173 malonumas: be muit\u0173 ir paprasta \u012fsigyti<br \/>\nBang15000 ne tik \u012ftikina savo na\u0161umu, bet ir ne\u012ftik\u0117tinu patogumu. Kaip ekonomi\u0161kas vienkartinis vape'as, jis <a href=\"https:\/\/vapingnet.de\/lt\/k\/f\/\" target=\"_blank\" rel=\"noopener\"><strong>muit\u0173 nemokamas<\/strong><\/a>, tod\u0117l nereik\u0117s papildom\u0173 mokes\u010di\u0173. U\u017esisakykite tiesiogiai m\u016bs\u0173 svetain\u0117je vapingnet.de ir m\u0117gaukit\u0117s paprastu pirkimu bei pasauliniu pristatymu.<\/li>\n<\/ul>\n<h3>Kod\u0117l rinktis Bang15000?<\/h3>\n<ul class=\"marker:text-secondary\">\n<li class=\"break-words\">Didelis talpa: 23 ml E-skys\u010dio + 15 000 \u012fkv\u0117pim\u0173 \u2013 j\u016bs\u0173 kasdienis palydovas.<\/li>\n<li class=\"break-words\">\u012ekraunamas dizainas: 650 mAh akumuliatorius + Type-C jungtis, draugi\u0161kas aplinkai ir patogus.<\/li>\n<li class=\"break-words\">I\u0161skirtinis skonis: Dul Mesh Coil technologija nepakartojamam malonumui.<\/li>\n<li class=\"break-words\">\u012evairov\u0117: skirtingi nikotino stiprumai individualiems poreikiams.<\/li>\n<li class=\"break-words\">Paprastas pirkimas: be muit\u0173 tiesiai jums, saugiai per m\u016bs\u0173 svetain\u0119.<\/li>\n<\/ul>\n<h3>Tapkite Bang15000 vaping revoliucijos dalimi!<\/h3>\n<p class=\"break-words\">Bang15000 Puffs \u012fkraunamas vienkartinis podas yra daugiau nei tik vape \u2013 jis yra j\u016bs\u0173 tobulas kasdienis palydovas. Ar po \u012ftemptos dienos atsipalaidavimui, ar susitikime su draugais \u2013 jis visada suteikia jums maksimal\u0173 pasitenkinim\u0105. Apsilankykite dabar vapingnet.de, \u012fsigykite savo Rainbow Sherbet skon\u012f ir patirkite \u0161io prover\u017eio vaping meistro \u017eaves\u012f!<\/p>\n<p class=\"break-words\">Bang15000 \u2013 vienas \u012fkv\u0117pimas, kuris \u017eavi, malonumas be rib\u0173!<\/p>\n<\/div>","protected":false},"excerpt":{"rendered":"<p>Bang15000 P\u016b\u010di\u0173 \u012ekraunama Vienkartin\u0117 Pod \u2013 Atskleiskite begalin\u012f vaping patirt\u012f! Sveiki atvyk\u0119 \u012f Bang15000 P\u016b\u010di\u0173 \u012fkraunam\u0105 vienkartin\u0119 pod, vienkartin\u012f vape, kuris si\u016blo galutinius skonio potyrius, inovatyvi\u0105 technologij\u0105 ir...<\/p>","protected":false},"featured_media":5201,"template":"","meta":[],"etheme_brands":[],"product_brand":[101],"product_cat":[53,49,61],"product_tag":[],"class_list":{"0":"post-5196","1":"product","2":"type-product","3":"status-publish","4":"has-post-thumbnail","6":"product_brand-bang-king-vape","7":"product_cat-vape-15000-zuege","8":"product_cat-einweg-e-zigarette","9":"product_cat-f","11":"first","12":"instock","13":"shipping-taxable","14":"purchasable","15":"product-type-simple"},"yoast_head":"<!-- This site is optimized with the Yoast SEO plugin v26.5 - https:\/\/yoast.com\/wordpress\/plugins\/seo\/ -->\n<title>Rainbow Sherbet &amp; mehr Bang15000 Puffs zum Top-Gro\u00dfhandelspreis | Vapingnet.de<\/title>\n<meta name=\"description\" content=\"Entdecke Rainbow Sherbet &amp; mehr Bang15000 Puffs zum Top-Gro\u00dfhandelspreis bei vapingnet.de, \u25ba Gro\u00dfe Auswahl an Geschmacksrichtungen &amp; super g\u00fcnstig!\" \/>\n<meta name=\"robots\" content=\"index, follow, max-snippet:-1, max-image-preview:large, max-video-preview:-1\" \/>\n<link rel=\"canonical\" href=\"https:\/\/vapingnet.de\/lt\/vape\/rainbow-sherbet-mehr-bang15000-puffs-zum-top-grosshandelspreis\/\" \/>\n<meta property=\"og:locale\" content=\"lt_LT\" \/>\n<meta property=\"og:type\" content=\"article\" \/>\n<meta property=\"og:title\" content=\"Rainbow Sherbet &amp; mehr Bang15000 Puffs zum Top-Gro\u00dfhandelspreis | Vapingnet.de\" \/>\n<meta property=\"og:description\" content=\"Entdecke Rainbow Sherbet &amp; mehr Bang15000 Puffs zum Top-Gro\u00dfhandelspreis bei vapingnet.de, \u25ba Gro\u00dfe Auswahl an Geschmacksrichtungen &amp; super g\u00fcnstig!\" \/>\n<meta property=\"og:url\" content=\"https:\/\/vapingnet.de\/lt\/vape\/rainbow-sherbet-mehr-bang15000-puffs-zum-top-grosshandelspreis\/\" \/>\n<meta property=\"og:site_name\" content=\"Vapingnet.de\" \/>\n<meta property=\"article:publisher\" content=\"https:\/\/www.facebook.com\/vapingnetde\/\" \/>\n<meta property=\"article:modified_time\" content=\"2025-06-19T03:41:30+00:00\" \/>\n<meta property=\"og:image\" content=\"https:\/\/vapingnet.de\/wp-content\/uploads\/2025\/03\/Rainbow-Sherbet.png\" \/>\n\t<meta property=\"og:image:width\" content=\"900\" \/>\n\t<meta property=\"og:image:height\" content=\"600\" \/>\n\t<meta property=\"og:image:type\" content=\"image\/png\" \/>\n<meta name=\"twitter:card\" content=\"summary_large_image\" \/>\n<meta name=\"twitter:label1\" content=\"Est. reading time\" \/>\n\t<meta name=\"twitter:data1\" content=\"4 minutes\" \/>\n<script type=\"application\/ld+json\" class=\"yoast-schema-graph\">{\"@context\":\"https:\/\/schema.org\",\"@graph\":[{\"@type\":\"WebPage\",\"@id\":\"https:\/\/vapingnet.de\/vape\/rainbow-sherbet-mehr-bang15000-puffs-zum-top-grosshandelspreis\/\",\"url\":\"https:\/\/vapingnet.de\/vape\/rainbow-sherbet-mehr-bang15000-puffs-zum-top-grosshandelspreis\/\",\"name\":\"Rainbow Sherbet & mehr Bang15000 Puffs zum Top-Gro\u00dfhandelspreis | Vapingnet.de\",\"isPartOf\":{\"@id\":\"https:\/\/vapingnet.de\/#website\"},\"primaryImageOfPage\":{\"@id\":\"https:\/\/vapingnet.de\/vape\/rainbow-sherbet-mehr-bang15000-puffs-zum-top-grosshandelspreis\/#primaryimage\"},\"image\":{\"@id\":\"https:\/\/vapingnet.de\/vape\/rainbow-sherbet-mehr-bang15000-puffs-zum-top-grosshandelspreis\/#primaryimage\"},\"thumbnailUrl\":\"https:\/\/vapingnet.de\/wp-content\/uploads\/2025\/03\/Rainbow-Sherbet.png\",\"datePublished\":\"2025-03-13T02:50:38+00:00\",\"dateModified\":\"2025-06-19T03:41:30+00:00\",\"description\":\"Entdecke Rainbow Sherbet & mehr Bang15000 Puffs zum Top-Gro\u00dfhandelspreis bei vapingnet.de, \u25ba Gro\u00dfe Auswahl an Geschmacksrichtungen & super g\u00fcnstig!\",\"breadcrumb\":{\"@id\":\"https:\/\/vapingnet.de\/vape\/rainbow-sherbet-mehr-bang15000-puffs-zum-top-grosshandelspreis\/#breadcrumb\"},\"inLanguage\":\"lt-LT\",\"potentialAction\":[{\"@type\":\"ReadAction\",\"target\":[\"https:\/\/vapingnet.de\/vape\/rainbow-sherbet-mehr-bang15000-puffs-zum-top-grosshandelspreis\/\"]}]},{\"@type\":\"ImageObject\",\"inLanguage\":\"lt-LT\",\"@id\":\"https:\/\/vapingnet.de\/vape\/rainbow-sherbet-mehr-bang15000-puffs-zum-top-grosshandelspreis\/#primaryimage\",\"url\":\"https:\/\/vapingnet.de\/wp-content\/uploads\/2025\/03\/Rainbow-Sherbet.png\",\"contentUrl\":\"https:\/\/vapingnet.de\/wp-content\/uploads\/2025\/03\/Rainbow-Sherbet.png\",\"width\":900,\"height\":600,\"caption\":\"Rainbow Sherbet\"},{\"@type\":\"BreadcrumbList\",\"@id\":\"https:\/\/vapingnet.de\/vape\/rainbow-sherbet-mehr-bang15000-puffs-zum-top-grosshandelspreis\/#breadcrumb\",\"itemListElement\":[{\"@type\":\"ListItem\",\"position\":1,\"name\":\"Home\",\"item\":\"https:\/\/vapingnet.de\/\"},{\"@type\":\"ListItem\",\"position\":2,\"name\":\"Shop\",\"item\":\"https:\/\/vapingnet.de\/vape\/\"},{\"@type\":\"ListItem\",\"position\":3,\"name\":\"Rainbow Sherbet &#038; mehr Bang15000 Puffs zum Top-Gro\u00dfhandelspreis\"}]},{\"@type\":\"WebSite\",\"@id\":\"https:\/\/vapingnet.de\/#website\",\"url\":\"https:\/\/vapingnet.de\/\",\"name\":\"Vapingnet.de\",\"description\":\"\",\"publisher\":{\"@id\":\"https:\/\/vapingnet.de\/#organization\"},\"potentialAction\":[{\"@type\":\"SearchAction\",\"target\":{\"@type\":\"EntryPoint\",\"urlTemplate\":\"https:\/\/vapingnet.de\/?s={search_term_string}\"},\"query-input\":{\"@type\":\"PropertyValueSpecification\",\"valueRequired\":true,\"valueName\":\"search_term_string\"}}],\"inLanguage\":\"lt-LT\"},{\"@type\":\"Organization\",\"@id\":\"https:\/\/vapingnet.de\/#organization\",\"name\":\"Vapingnet.de\",\"url\":\"https:\/\/vapingnet.de\/\",\"logo\":{\"@type\":\"ImageObject\",\"inLanguage\":\"lt-LT\",\"@id\":\"https:\/\/vapingnet.de\/#\/schema\/logo\/image\/\",\"url\":\"https:\/\/vapingnet.de\/wp-content\/uploads\/2025\/03\/cropped-vapingnet.de_.jpg\",\"contentUrl\":\"https:\/\/vapingnet.de\/wp-content\/uploads\/2025\/03\/cropped-vapingnet.de_.jpg\",\"width\":512,\"height\":512,\"caption\":\"Vapingnet.de\"},\"image\":{\"@id\":\"https:\/\/vapingnet.de\/#\/schema\/logo\/image\/\"},\"sameAs\":[\"https:\/\/www.facebook.com\/vapingnetde\/\"]}]}<\/script>\n<!-- \/ Yoast SEO plugin. -->","yoast_head_json":{"title":"Rainbow Sherbet & mehr Bang15000 Puffs zum Top-Gro\u00dfhandelspreis | Vapingnet.de","description":"Entdecke Rainbow Sherbet & mehr Bang15000 Puffs zum Top-Gro\u00dfhandelspreis bei vapingnet.de, \u25ba Gro\u00dfe Auswahl an Geschmacksrichtungen & super g\u00fcnstig!","robots":{"index":"index","follow":"follow","max-snippet":"max-snippet:-1","max-image-preview":"max-image-preview:large","max-video-preview":"max-video-preview:-1"},"canonical":"https:\/\/vapingnet.de\/lt\/vape\/rainbow-sherbet-mehr-bang15000-puffs-zum-top-grosshandelspreis\/","og_locale":"lt_LT","og_type":"article","og_title":"Rainbow Sherbet & mehr Bang15000 Puffs zum Top-Gro\u00dfhandelspreis | Vapingnet.de","og_description":"Entdecke Rainbow Sherbet & mehr Bang15000 Puffs zum Top-Gro\u00dfhandelspreis bei vapingnet.de, \u25ba Gro\u00dfe Auswahl an Geschmacksrichtungen & super g\u00fcnstig!","og_url":"https:\/\/vapingnet.de\/lt\/vape\/rainbow-sherbet-mehr-bang15000-puffs-zum-top-grosshandelspreis\/","og_site_name":"Vapingnet.de","article_publisher":"https:\/\/www.facebook.com\/vapingnetde\/","article_modified_time":"2025-06-19T03:41:30+00:00","og_image":[{"width":900,"height":600,"url":"https:\/\/vapingnet.de\/wp-content\/uploads\/2025\/03\/Rainbow-Sherbet.png","type":"image\/png"}],"twitter_card":"summary_large_image","twitter_misc":{"Est. reading time":"4 minutes"},"schema":{"@context":"https:\/\/schema.org","@graph":[{"@type":"WebPage","@id":"https:\/\/vapingnet.de\/vape\/rainbow-sherbet-mehr-bang15000-puffs-zum-top-grosshandelspreis\/","url":"https:\/\/vapingnet.de\/vape\/rainbow-sherbet-mehr-bang15000-puffs-zum-top-grosshandelspreis\/","name":"Rainbow Sherbet & mehr Bang15000 Puffs zum Top-Gro\u00dfhandelspreis | Vapingnet.de","isPartOf":{"@id":"https:\/\/vapingnet.de\/#website"},"primaryImageOfPage":{"@id":"https:\/\/vapingnet.de\/vape\/rainbow-sherbet-mehr-bang15000-puffs-zum-top-grosshandelspreis\/#primaryimage"},"image":{"@id":"https:\/\/vapingnet.de\/vape\/rainbow-sherbet-mehr-bang15000-puffs-zum-top-grosshandelspreis\/#primaryimage"},"thumbnailUrl":"https:\/\/vapingnet.de\/wp-content\/uploads\/2025\/03\/Rainbow-Sherbet.png","datePublished":"2025-03-13T02:50:38+00:00","dateModified":"2025-06-19T03:41:30+00:00","description":"Entdecke Rainbow Sherbet & mehr Bang15000 Puffs zum Top-Gro\u00dfhandelspreis bei vapingnet.de, \u25ba Gro\u00dfe Auswahl an Geschmacksrichtungen & super g\u00fcnstig!","breadcrumb":{"@id":"https:\/\/vapingnet.de\/vape\/rainbow-sherbet-mehr-bang15000-puffs-zum-top-grosshandelspreis\/#breadcrumb"},"inLanguage":"lt-LT","potentialAction":[{"@type":"ReadAction","target":["https:\/\/vapingnet.de\/vape\/rainbow-sherbet-mehr-bang15000-puffs-zum-top-grosshandelspreis\/"]}]},{"@type":"ImageObject","inLanguage":"lt-LT","@id":"https:\/\/vapingnet.de\/vape\/rainbow-sherbet-mehr-bang15000-puffs-zum-top-grosshandelspreis\/#primaryimage","url":"https:\/\/vapingnet.de\/wp-content\/uploads\/2025\/03\/Rainbow-Sherbet.png","contentUrl":"https:\/\/vapingnet.de\/wp-content\/uploads\/2025\/03\/Rainbow-Sherbet.png","width":900,"height":600,"caption":"Rainbow Sherbet"},{"@type":"BreadcrumbList","@id":"https:\/\/vapingnet.de\/vape\/rainbow-sherbet-mehr-bang15000-puffs-zum-top-grosshandelspreis\/#breadcrumb","itemListElement":[{"@type":"ListItem","position":1,"name":"Home","item":"https:\/\/vapingnet.de\/"},{"@type":"ListItem","position":2,"name":"Shop","item":"https:\/\/vapingnet.de\/vape\/"},{"@type":"ListItem","position":3,"name":"Rainbow Sherbet &#038; mehr Bang15000 Puffs zum Top-Gro\u00dfhandelspreis"}]},{"@type":"WebSite","@id":"https:\/\/vapingnet.de\/#website","url":"https:\/\/vapingnet.de\/","name":"Vapingnet.de","description":"","publisher":{"@id":"https:\/\/vapingnet.de\/#organization"},"potentialAction":[{"@type":"SearchAction","target":{"@type":"EntryPoint","urlTemplate":"https:\/\/vapingnet.de\/?s={search_term_string}"},"query-input":{"@type":"PropertyValueSpecification","valueRequired":true,"valueName":"search_term_string"}}],"inLanguage":"lt-LT"},{"@type":"Organization","@id":"https:\/\/vapingnet.de\/#organization","name":"Vapingnet.de","url":"https:\/\/vapingnet.de\/","logo":{"@type":"ImageObject","inLanguage":"lt-LT","@id":"https:\/\/vapingnet.de\/#\/schema\/logo\/image\/","url":"https:\/\/vapingnet.de\/wp-content\/uploads\/2025\/03\/cropped-vapingnet.de_.jpg","contentUrl":"https:\/\/vapingnet.de\/wp-content\/uploads\/2025\/03\/cropped-vapingnet.de_.jpg","width":512,"height":512,"caption":"Vapingnet.de"},"image":{"@id":"https:\/\/vapingnet.de\/#\/schema\/logo\/image\/"},"sameAs":["https:\/\/www.facebook.com\/vapingnetde\/"]}]}},"tiered_pricing_type":"fixed","tiered_pricing_fixed_rules":{"10":"7.31","60":"6.58","110":"5.85","200":"5.12"},"tiered_pricing_product_settings":{"layout":"default","base_unit_name":{"singular":null,"plural":null},"default_variation":null},"tiered_pricing_minimum_quantity":null,"tiered_pricing_roles_data":[],"tiered_pricing_percentage_rules":[],"_links":{"self":[{"href":"https:\/\/vapingnet.de\/lt\/wp-json\/wp\/v2\/product\/5196","targetHints":{"allow":["GET"]}}],"collection":[{"href":"https:\/\/vapingnet.de\/lt\/wp-json\/wp\/v2\/product"}],"about":[{"href":"https:\/\/vapingnet.de\/lt\/wp-json\/wp\/v2\/types\/product"}],"version-history":[{"count":4,"href":"https:\/\/vapingnet.de\/lt\/wp-json\/wp\/v2\/product\/5196\/revisions"}],"predecessor-version":[{"id":6914,"href":"https:\/\/vapingnet.de\/lt\/wp-json\/wp\/v2\/product\/5196\/revisions\/6914"}],"wp:featuredmedia":[{"embeddable":true,"href":"https:\/\/vapingnet.de\/lt\/wp-json\/wp\/v2\/media\/5201"}],"wp:attachment":[{"href":"https:\/\/vapingnet.de\/lt\/wp-json\/wp\/v2\/media?parent=5196"}],"wp:term":[{"taxonomy":"brand","embeddable":true,"href":"https:\/\/vapingnet.de\/lt\/wp-json\/wp\/v2\/etheme_brands?post=5196"},{"taxonomy":"product_brand","embeddable":true,"href":"https:\/\/vapingnet.de\/lt\/wp-json\/wp\/v2\/product_brand?post=5196"},{"taxonomy":"product_cat","embeddable":true,"href":"https:\/\/vapingnet.de\/lt\/wp-json\/wp\/v2\/product_cat?post=5196"},{"taxonomy":"product_tag","embeddable":true,"href":"https:\/\/vapingnet.de\/lt\/wp-json\/wp\/v2\/product_tag?post=5196"}],"curies":[{"name":"wp","href":"https:\/\/api.w.org\/{rel}","templated":true}]}}