{"id":5209,"date":"2025-03-13T05:35:21","date_gmt":"2025-03-13T05:35:21","guid":{"rendered":"https:\/\/vapingnet.de\/?post_type=product&#038;p=5209"},"modified":"2025-06-19T03:41:29","modified_gmt":"2025-06-19T03:41:29","slug":"bang15000-puffs-strawberry-kiwi-genuss-der-ewig-haelt","status":"publish","type":"product","link":"https:\/\/vapingnet.de\/lt\/vape\/bang15000-puffs-strawberry-kiwi-genuss-der-ewig-haelt\/","title":{"rendered":"Bang15000 Puffs Bra\u0161k\u0117 Kivi Malonumas, kuris trunka am\u017einai"},"content":{"rendered":"<h2 data-start=\"0\" data-end=\"117\">Bang15000 P\u016bsli\u0173 \u012fkraunama vienkartin\u0117 elektronin\u0117 cigaret\u0117: Bra\u0161ki\u0173 Kivi skonis ilgam d\u016bmavimo potyriui<\/h2>\n<p data-start=\"145\" data-end=\"637\">Bang15000 P\u016bsli\u0173 \u012fkraunama <a href=\"https:\/\/vapingnet.de\/lt\/k\/einweg-e-zigarette\/\" target=\"_blank\" rel=\"noopener\"><strong>Vienkartin\u0117 elektronin\u0117 cigaret\u0117<\/strong><\/a> yra produktas, sukurtas specialiai naudotojams, ie\u0161kantiems ilgalaikio d\u016bmavimo potyrio ir auk\u0161tos kokyb\u0117s skonio. Su 650mAh \u012fkraunama baterija, 15000 \u012fkv\u0117pim\u0173 tarnavimo laiku ir pa\u017eangia Dul Mesh Coil technologija, ji taps tavo idealiu kasdieniu palydovu. Nesvarbu, ar tai skonis, d\u016bm\u0173 kiekis ar baterijos veikimo laikas \u2013 Bang15000 suteikia i\u0161skirtin\u0119 patirt\u012f.<\/p>\n<h4 data-start=\"644\" data-end=\"661\">Pagrindin\u0117s savyb\u0117s<\/h4>\n<ul data-start=\"663\" data-end=\"1592\">\n<li data-start=\"663\" data-end=\"863\">Ilgas naudojimo laikas: Kiekviena Bang15000 P\u016bsli\u0173 elektronin\u0117 cigaret\u0117 si\u016blo iki 15000 \u012fkv\u0117pim\u0173, kas j\u0105 gerokai pranoksta tradicines vienkartines elektronines cigaretes ir leid\u017eia m\u0117gautis ilgalaikiu d\u016bmavimo potyriu.<\/li>\n<li data-start=\"864\" data-end=\"1045\">\u012ekraunamas dizainas: Su 650mAh baterija ir Type-C jungtimi greitam \u012fkrovimui \u2013 daugiau nereik\u0117s r\u016bpintis i\u0161sikrovusia baterija.<\/li>\n<li data-start=\"1046\" data-end=\"1208\">Dul Mesh Coil technologija: Su 1,1\u03a9 Dul Mesh Coil u\u017etikrinama stabili \u0161ilumos paskirstymas, kas lemia turting\u0105 d\u016bm\u0105 ir intensyv\u0173 skon\u012f.<\/li>\n<li data-start=\"1209\" data-end=\"1410\">Bra\u0161ki\u0173 Kivi skonis: Tobula sald\u017eios bra\u0161k\u0117s ir gaivios kivio kombinacija sukuria nepamir\u0161tam\u0105 skonio patirt\u012f \u2013 idealiai tinka tiems, kurie m\u0117gsta \u0161vie\u017ei\u0105 ir sald\u0173 skon\u012f.<\/li>\n<li data-start=\"1411\" data-end=\"1592\">Skirtingos nikotino stiprumo galimyb\u0117s: Bang15000 si\u016blo 0%, 2%, 3% ir 5% nikotino stiprumus. Atkreipkite d\u0117mes\u012f, kad u\u017esakymams su 0% ir 3% nikotinu reikalingas didesnis kiekis.<\/li>\n<\/ul>\n<h4 data-start=\"1599\" data-end=\"1629\">Nikotino stiprumo pasirinkimas<\/h4>\n<p data-start=\"1631\" data-end=\"1743\">Siekiant patenkinti \u012fvairius naudotoj\u0173 poreikius, Bang15000 si\u016blo kelis nikotino stiprumus:<\/p>\n<ul data-start=\"1745\" data-end=\"2143\">\n<li data-start=\"1745\" data-end=\"1831\">0% nikotinas: Be nikotino \u2013 idealiai tinka naudotojams, norintiems atsisakyti nikotino.<\/li>\n<li data-start=\"1832\" data-end=\"1912\">2% nikotinas: Lengviems r\u016bkaliams, norintiems vidutinio nikotino kiekio.<\/li>\n<li data-start=\"1913\" data-end=\"2045\">3% nikotinas: Stipresniam nikotino vartojimui, tiems, kurie ie\u0161ko intensyvesn\u0117s patirties (reikalaujama didesnio kiekio u\u017esakymo).<\/li>\n<li data-start=\"2046\" data-end=\"2143\">5% nikotinas: Auk\u0161to stiprumo nikotinas stipriems r\u016bkaliams, ie\u0161kantiems intensyvaus malonumo.<\/li>\n<\/ul>\n<h4 data-start=\"2150\" data-end=\"2191\">Joki\u0173 muit\u0173 mokes\u010di\u0173, paprastas pirkimas<\/h4>\n<p data-start=\"2193\" data-end=\"2449\">Mes si\u016blome be muit\u0173 mokes\u010di\u0173 paslaug\u0105, tod\u0117l perkant per Deutschland nereik\u0117s jaudintis d\u0117l papildom\u0173 i\u0161laid\u0173. Nesvarbu, ar tai asmeniniam naudojimui, ar didel\u0117ms u\u017esakymams \u2013 Bang15000 P\u016bsli\u0173 atitiks visus j\u016bs\u0173 reikalavimus.<\/p>\n<h3>Kod\u0117l verta rinktis Bang15000 P\u016bsli\u0173?<\/h3>\n<ol data-start=\"2517\" data-end=\"2996\">\n<li data-start=\"2517\" data-end=\"2634\">Ilgas naudojimo laikotarpis: <a href=\"https:\/\/vapingnet.de\/lt\/k\/vape-15000-zuege\/\" target=\"_blank\" rel=\"noopener\"><strong>15000 \u012fkv\u0117pim\u0173<\/strong><\/a> u\u017etikrina ilgalaik\u012f d\u016bmavimo potyr\u012f \u2013 m\u0117gaukis kiekviena akimirka.<\/li>\n<li data-start=\"2635\" data-end=\"2793\">Puikus skonis: Kombinacija i\u0161 bra\u0161k\u0117s ir kivio suteikia gaiv\u0173 ir sald\u0173 malonum\u0105, kuris paver\u010dia kiekvien\u0105 \u012fkv\u0117pim\u0105 \u012f malonum\u0105.<\/li>\n<li data-start=\"2794\" data-end=\"2878\">Greitas \u012fkrovimas: Type-C jungtis greitam \u012fkrovimui ir ilgesniam naudojimui.<\/li>\n<li data-start=\"2879\" data-end=\"2996\">\u012evairiapus\u0117 pasirinkimo galimyb\u0117: Skirtingi nikotino stiprumai kiekvienam poreikiui \u2013 puikiai pritaikyti prie j\u016bs\u0173 \u012fpro\u010di\u0173.<\/li>\n<\/ol>\n<h4 data-start=\"3003\" data-end=\"3028\">Kaip galite \u012fsigyti?<\/h4>\n<p data-start=\"3030\" data-end=\"3342\">Apsilankykite \u0161iandien m\u016bs\u0173 svetain\u0117je vapingnet.de ir pasirinkite savo m\u0117gstam\u0105 bra\u0161ki\u0173 ir kivio skon\u012f. Prad\u0117kite savo kelion\u0119 su Bang15000 p\u016btimu ir patirkite galutin\u012f garinimo malonum\u0105! Nesvarbu, ar tai b\u016bt\u0173 j\u016bs\u0173 asmeniniam naudojimui, ar dovanai, Bang15000 p\u016btimas yra tobulas pasirinkimas.<\/p>\n<p data-start=\"3349\" data-end=\"3507\" data-is-last-node=\"\" data-is-only-node=\"\">Leiskite Bang15000 p\u016btimas jus nukelti \u012f elektronini\u0173 cigare\u010di\u0173 pasaul\u012f ir m\u0117gaukit\u0117s gaiviu bra\u0161ki\u0173 ir kivio skoniu kiekvienu \u012fkv\u0117pimu!<\/p>","protected":false},"excerpt":{"rendered":"<p>Bang15000 Puffs \u012fkraunama vienkartin\u0117 elektronin\u0117 cigaret\u0117: Bra\u0161ki\u0173 Kiwi skonis ilgalaikiam garinimui Bang15000 Puffs \u012fkraunama vienkartin\u0117 elektronin\u0117 cigaret\u0117 yra produktas, sukurtas specialiai naudotojams,...<\/p>","protected":false},"featured_media":5210,"template":"","meta":[],"etheme_brands":[],"product_brand":[101],"product_cat":[53,49,61],"product_tag":[],"class_list":{"0":"post-5209","1":"product","2":"type-product","3":"status-publish","4":"has-post-thumbnail","6":"product_brand-bang-king-vape","7":"product_cat-vape-15000-zuege","8":"product_cat-einweg-e-zigarette","9":"product_cat-f","11":"first","12":"instock","13":"shipping-taxable","14":"purchasable","15":"product-type-simple"},"yoast_head":"<!-- This site is optimized with the Yoast SEO plugin v26.5 - https:\/\/yoast.com\/wordpress\/plugins\/seo\/ -->\n<title>Bang15000 Puffs Strawberry Kiwi Genuss der ewig h\u00e4lt | Vapingnet.de<\/title>\n<meta name=\"description\" content=\"Entdecke Bang15000 Puffs Strawberry Kiwi Genuss der ewig h\u00e4lt bei vapingnet.de, \u25ba Gro\u00dfe Auswahl an Geschmacksrichtungen &amp; super g\u00fcnstig!\" \/>\n<meta name=\"robots\" content=\"index, follow, max-snippet:-1, max-image-preview:large, max-video-preview:-1\" \/>\n<link rel=\"canonical\" href=\"https:\/\/vapingnet.de\/lt\/vape\/bang15000-puffs-strawberry-kiwi-genuss-der-ewig-haelt\/\" \/>\n<meta property=\"og:locale\" content=\"lt_LT\" \/>\n<meta property=\"og:type\" content=\"article\" \/>\n<meta property=\"og:title\" content=\"Bang15000 Puffs Strawberry Kiwi Genuss der ewig h\u00e4lt | Vapingnet.de\" \/>\n<meta property=\"og:description\" content=\"Entdecke Bang15000 Puffs Strawberry Kiwi Genuss der ewig h\u00e4lt bei vapingnet.de, \u25ba Gro\u00dfe Auswahl an Geschmacksrichtungen &amp; super g\u00fcnstig!\" \/>\n<meta property=\"og:url\" content=\"https:\/\/vapingnet.de\/lt\/vape\/bang15000-puffs-strawberry-kiwi-genuss-der-ewig-haelt\/\" \/>\n<meta property=\"og:site_name\" content=\"Vapingnet.de\" \/>\n<meta property=\"article:publisher\" content=\"https:\/\/www.facebook.com\/vapingnetde\/\" \/>\n<meta property=\"article:modified_time\" content=\"2025-06-19T03:41:29+00:00\" \/>\n<meta property=\"og:image\" content=\"https:\/\/vapingnet.de\/wp-content\/uploads\/2025\/03\/Strawberry-Kiwi-1.png\" \/>\n\t<meta property=\"og:image:width\" content=\"900\" \/>\n\t<meta property=\"og:image:height\" content=\"600\" \/>\n\t<meta property=\"og:image:type\" content=\"image\/png\" \/>\n<meta name=\"twitter:card\" content=\"summary_large_image\" \/>\n<meta name=\"twitter:label1\" content=\"Est. reading time\" \/>\n\t<meta name=\"twitter:data1\" content=\"3 minutes\" \/>\n<script type=\"application\/ld+json\" class=\"yoast-schema-graph\">{\"@context\":\"https:\/\/schema.org\",\"@graph\":[{\"@type\":\"WebPage\",\"@id\":\"https:\/\/vapingnet.de\/vape\/bang15000-puffs-strawberry-kiwi-genuss-der-ewig-haelt\/\",\"url\":\"https:\/\/vapingnet.de\/vape\/bang15000-puffs-strawberry-kiwi-genuss-der-ewig-haelt\/\",\"name\":\"Bang15000 Puffs Strawberry Kiwi Genuss der ewig h\u00e4lt | Vapingnet.de\",\"isPartOf\":{\"@id\":\"https:\/\/vapingnet.de\/#website\"},\"primaryImageOfPage\":{\"@id\":\"https:\/\/vapingnet.de\/vape\/bang15000-puffs-strawberry-kiwi-genuss-der-ewig-haelt\/#primaryimage\"},\"image\":{\"@id\":\"https:\/\/vapingnet.de\/vape\/bang15000-puffs-strawberry-kiwi-genuss-der-ewig-haelt\/#primaryimage\"},\"thumbnailUrl\":\"https:\/\/vapingnet.de\/wp-content\/uploads\/2025\/03\/Strawberry-Kiwi-1.png\",\"datePublished\":\"2025-03-13T05:35:21+00:00\",\"dateModified\":\"2025-06-19T03:41:29+00:00\",\"description\":\"Entdecke Bang15000 Puffs Strawberry Kiwi Genuss der ewig h\u00e4lt bei vapingnet.de, \u25ba Gro\u00dfe Auswahl an Geschmacksrichtungen & super g\u00fcnstig!\",\"breadcrumb\":{\"@id\":\"https:\/\/vapingnet.de\/vape\/bang15000-puffs-strawberry-kiwi-genuss-der-ewig-haelt\/#breadcrumb\"},\"inLanguage\":\"lt-LT\",\"potentialAction\":[{\"@type\":\"ReadAction\",\"target\":[\"https:\/\/vapingnet.de\/vape\/bang15000-puffs-strawberry-kiwi-genuss-der-ewig-haelt\/\"]}]},{\"@type\":\"ImageObject\",\"inLanguage\":\"lt-LT\",\"@id\":\"https:\/\/vapingnet.de\/vape\/bang15000-puffs-strawberry-kiwi-genuss-der-ewig-haelt\/#primaryimage\",\"url\":\"https:\/\/vapingnet.de\/wp-content\/uploads\/2025\/03\/Strawberry-Kiwi-1.png\",\"contentUrl\":\"https:\/\/vapingnet.de\/wp-content\/uploads\/2025\/03\/Strawberry-Kiwi-1.png\",\"width\":900,\"height\":600,\"caption\":\"Strawberry Kiwi\"},{\"@type\":\"BreadcrumbList\",\"@id\":\"https:\/\/vapingnet.de\/vape\/bang15000-puffs-strawberry-kiwi-genuss-der-ewig-haelt\/#breadcrumb\",\"itemListElement\":[{\"@type\":\"ListItem\",\"position\":1,\"name\":\"Home\",\"item\":\"https:\/\/vapingnet.de\/\"},{\"@type\":\"ListItem\",\"position\":2,\"name\":\"Shop\",\"item\":\"https:\/\/vapingnet.de\/vape\/\"},{\"@type\":\"ListItem\",\"position\":3,\"name\":\"Bang15000 Puffs Strawberry Kiwi Genuss der ewig h\u00e4lt\"}]},{\"@type\":\"WebSite\",\"@id\":\"https:\/\/vapingnet.de\/#website\",\"url\":\"https:\/\/vapingnet.de\/\",\"name\":\"Vapingnet.de\",\"description\":\"\",\"publisher\":{\"@id\":\"https:\/\/vapingnet.de\/#organization\"},\"potentialAction\":[{\"@type\":\"SearchAction\",\"target\":{\"@type\":\"EntryPoint\",\"urlTemplate\":\"https:\/\/vapingnet.de\/?s={search_term_string}\"},\"query-input\":{\"@type\":\"PropertyValueSpecification\",\"valueRequired\":true,\"valueName\":\"search_term_string\"}}],\"inLanguage\":\"lt-LT\"},{\"@type\":\"Organization\",\"@id\":\"https:\/\/vapingnet.de\/#organization\",\"name\":\"Vapingnet.de\",\"url\":\"https:\/\/vapingnet.de\/\",\"logo\":{\"@type\":\"ImageObject\",\"inLanguage\":\"lt-LT\",\"@id\":\"https:\/\/vapingnet.de\/#\/schema\/logo\/image\/\",\"url\":\"https:\/\/vapingnet.de\/wp-content\/uploads\/2025\/03\/cropped-vapingnet.de_.jpg\",\"contentUrl\":\"https:\/\/vapingnet.de\/wp-content\/uploads\/2025\/03\/cropped-vapingnet.de_.jpg\",\"width\":512,\"height\":512,\"caption\":\"Vapingnet.de\"},\"image\":{\"@id\":\"https:\/\/vapingnet.de\/#\/schema\/logo\/image\/\"},\"sameAs\":[\"https:\/\/www.facebook.com\/vapingnetde\/\"]}]}<\/script>\n<!-- \/ Yoast SEO plugin. -->","yoast_head_json":{"title":"Bang15000 Puffs Strawberry Kiwi Genuss der ewig h\u00e4lt | Vapingnet.de","description":"Entdecke Bang15000 Puffs Strawberry Kiwi Genuss der ewig h\u00e4lt bei vapingnet.de, \u25ba Gro\u00dfe Auswahl an Geschmacksrichtungen & super g\u00fcnstig!","robots":{"index":"index","follow":"follow","max-snippet":"max-snippet:-1","max-image-preview":"max-image-preview:large","max-video-preview":"max-video-preview:-1"},"canonical":"https:\/\/vapingnet.de\/lt\/vape\/bang15000-puffs-strawberry-kiwi-genuss-der-ewig-haelt\/","og_locale":"lt_LT","og_type":"article","og_title":"Bang15000 Puffs Strawberry Kiwi Genuss der ewig h\u00e4lt | Vapingnet.de","og_description":"Entdecke Bang15000 Puffs Strawberry Kiwi Genuss der ewig h\u00e4lt bei vapingnet.de, \u25ba Gro\u00dfe Auswahl an Geschmacksrichtungen & super g\u00fcnstig!","og_url":"https:\/\/vapingnet.de\/lt\/vape\/bang15000-puffs-strawberry-kiwi-genuss-der-ewig-haelt\/","og_site_name":"Vapingnet.de","article_publisher":"https:\/\/www.facebook.com\/vapingnetde\/","article_modified_time":"2025-06-19T03:41:29+00:00","og_image":[{"width":900,"height":600,"url":"https:\/\/vapingnet.de\/wp-content\/uploads\/2025\/03\/Strawberry-Kiwi-1.png","type":"image\/png"}],"twitter_card":"summary_large_image","twitter_misc":{"Est. reading time":"3 minutes"},"schema":{"@context":"https:\/\/schema.org","@graph":[{"@type":"WebPage","@id":"https:\/\/vapingnet.de\/vape\/bang15000-puffs-strawberry-kiwi-genuss-der-ewig-haelt\/","url":"https:\/\/vapingnet.de\/vape\/bang15000-puffs-strawberry-kiwi-genuss-der-ewig-haelt\/","name":"Bang15000 Puffs Strawberry Kiwi Genuss der ewig h\u00e4lt | Vapingnet.de","isPartOf":{"@id":"https:\/\/vapingnet.de\/#website"},"primaryImageOfPage":{"@id":"https:\/\/vapingnet.de\/vape\/bang15000-puffs-strawberry-kiwi-genuss-der-ewig-haelt\/#primaryimage"},"image":{"@id":"https:\/\/vapingnet.de\/vape\/bang15000-puffs-strawberry-kiwi-genuss-der-ewig-haelt\/#primaryimage"},"thumbnailUrl":"https:\/\/vapingnet.de\/wp-content\/uploads\/2025\/03\/Strawberry-Kiwi-1.png","datePublished":"2025-03-13T05:35:21+00:00","dateModified":"2025-06-19T03:41:29+00:00","description":"Entdecke Bang15000 Puffs Strawberry Kiwi Genuss der ewig h\u00e4lt bei vapingnet.de, \u25ba Gro\u00dfe Auswahl an Geschmacksrichtungen & super g\u00fcnstig!","breadcrumb":{"@id":"https:\/\/vapingnet.de\/vape\/bang15000-puffs-strawberry-kiwi-genuss-der-ewig-haelt\/#breadcrumb"},"inLanguage":"lt-LT","potentialAction":[{"@type":"ReadAction","target":["https:\/\/vapingnet.de\/vape\/bang15000-puffs-strawberry-kiwi-genuss-der-ewig-haelt\/"]}]},{"@type":"ImageObject","inLanguage":"lt-LT","@id":"https:\/\/vapingnet.de\/vape\/bang15000-puffs-strawberry-kiwi-genuss-der-ewig-haelt\/#primaryimage","url":"https:\/\/vapingnet.de\/wp-content\/uploads\/2025\/03\/Strawberry-Kiwi-1.png","contentUrl":"https:\/\/vapingnet.de\/wp-content\/uploads\/2025\/03\/Strawberry-Kiwi-1.png","width":900,"height":600,"caption":"Strawberry Kiwi"},{"@type":"BreadcrumbList","@id":"https:\/\/vapingnet.de\/vape\/bang15000-puffs-strawberry-kiwi-genuss-der-ewig-haelt\/#breadcrumb","itemListElement":[{"@type":"ListItem","position":1,"name":"Home","item":"https:\/\/vapingnet.de\/"},{"@type":"ListItem","position":2,"name":"Shop","item":"https:\/\/vapingnet.de\/vape\/"},{"@type":"ListItem","position":3,"name":"Bang15000 Puffs Strawberry Kiwi Genuss der ewig h\u00e4lt"}]},{"@type":"WebSite","@id":"https:\/\/vapingnet.de\/#website","url":"https:\/\/vapingnet.de\/","name":"Vapingnet.de","description":"","publisher":{"@id":"https:\/\/vapingnet.de\/#organization"},"potentialAction":[{"@type":"SearchAction","target":{"@type":"EntryPoint","urlTemplate":"https:\/\/vapingnet.de\/?s={search_term_string}"},"query-input":{"@type":"PropertyValueSpecification","valueRequired":true,"valueName":"search_term_string"}}],"inLanguage":"lt-LT"},{"@type":"Organization","@id":"https:\/\/vapingnet.de\/#organization","name":"Vapingnet.de","url":"https:\/\/vapingnet.de\/","logo":{"@type":"ImageObject","inLanguage":"lt-LT","@id":"https:\/\/vapingnet.de\/#\/schema\/logo\/image\/","url":"https:\/\/vapingnet.de\/wp-content\/uploads\/2025\/03\/cropped-vapingnet.de_.jpg","contentUrl":"https:\/\/vapingnet.de\/wp-content\/uploads\/2025\/03\/cropped-vapingnet.de_.jpg","width":512,"height":512,"caption":"Vapingnet.de"},"image":{"@id":"https:\/\/vapingnet.de\/#\/schema\/logo\/image\/"},"sameAs":["https:\/\/www.facebook.com\/vapingnetde\/"]}]}},"tiered_pricing_type":"fixed","tiered_pricing_fixed_rules":{"10":"7.31","60":"6.58","110":"5.85","200":"5.12"},"tiered_pricing_product_settings":{"layout":"default","base_unit_name":{"singular":null,"plural":null},"default_variation":null},"tiered_pricing_minimum_quantity":null,"tiered_pricing_roles_data":[],"tiered_pricing_percentage_rules":[],"_links":{"self":[{"href":"https:\/\/vapingnet.de\/lt\/wp-json\/wp\/v2\/product\/5209","targetHints":{"allow":["GET"]}}],"collection":[{"href":"https:\/\/vapingnet.de\/lt\/wp-json\/wp\/v2\/product"}],"about":[{"href":"https:\/\/vapingnet.de\/lt\/wp-json\/wp\/v2\/types\/product"}],"version-history":[{"count":1,"href":"https:\/\/vapingnet.de\/lt\/wp-json\/wp\/v2\/product\/5209\/revisions"}],"predecessor-version":[{"id":5211,"href":"https:\/\/vapingnet.de\/lt\/wp-json\/wp\/v2\/product\/5209\/revisions\/5211"}],"wp:featuredmedia":[{"embeddable":true,"href":"https:\/\/vapingnet.de\/lt\/wp-json\/wp\/v2\/media\/5210"}],"wp:attachment":[{"href":"https:\/\/vapingnet.de\/lt\/wp-json\/wp\/v2\/media?parent=5209"}],"wp:term":[{"taxonomy":"brand","embeddable":true,"href":"https:\/\/vapingnet.de\/lt\/wp-json\/wp\/v2\/etheme_brands?post=5209"},{"taxonomy":"product_brand","embeddable":true,"href":"https:\/\/vapingnet.de\/lt\/wp-json\/wp\/v2\/product_brand?post=5209"},{"taxonomy":"product_cat","embeddable":true,"href":"https:\/\/vapingnet.de\/lt\/wp-json\/wp\/v2\/product_cat?post=5209"},{"taxonomy":"product_tag","embeddable":true,"href":"https:\/\/vapingnet.de\/lt\/wp-json\/wp\/v2\/product_tag?post=5209"}],"curies":[{"name":"wp","href":"https:\/\/api.w.org\/{rel}","templated":true}]}}