{"id":5212,"date":"2025-03-13T05:40:07","date_gmt":"2025-03-13T05:40:07","guid":{"rendered":"https:\/\/vapingnet.de\/?post_type=product&#038;p=5212"},"modified":"2025-06-19T03:41:29","modified_gmt":"2025-06-19T03:41:29","slug":"bang15000-puffs-strawberry-lychee-beste-qualitaet-top-preis","status":"publish","type":"product","link":"https:\/\/vapingnet.de\/lt\/vape\/bang15000-puffs-strawberry-lychee-beste-qualitaet-top-preis\/","title":{"rendered":"Bang15000 Puffs Bra\u0161k\u0117 Ly\u010d\u0117 Auk\u0161\u010diausia kokyb\u0117 Auk\u0161ta kaina"},"content":{"rendered":"<h2 data-start=\"0\" data-end=\"82\">Bang15000 Puf\u0173 \u012fkraunama vienkartin\u0117 elektronin\u0117 cigaret\u0117 Bra\u0161ki\u0173 Lychee skonis<\/h2>\n<p data-start=\"115\" data-end=\"581\">Bang15000 Puf\u0173 \u012fkraunama vienkartin\u0117 elektronin\u0117 cigaret\u0117 sujungia ilgalaik\u012f naudojim\u0105, auk\u0161\u010diausios kokyb\u0117s skon\u012f ir patogias \u012fkrovimo funkcijas viename auk\u0161tos kokyb\u0117s produkte. Su 15000 \u012fkv\u0117pim\u0173 trukme ir naujausia Dul Mesh Coil technologija ji u\u017etikrina turting\u0105 gar\u0105 ir tobul\u0105 skonio patirt\u012f. Nesvarbu, ar esate naujokas elektronini\u0173 cigare\u010di\u0173 pasaulyje, ar patyr\u0119s vartotojas, Bang15000 suteiks jums nepamir\u0161tam\u0105 patirt\u012f.<\/p>\n<h4 data-start=\"588\" data-end=\"609\">Pagrindin\u0117s savyb\u0117s<\/h4>\n<ul data-start=\"611\" data-end=\"1542\">\n<li data-start=\"611\" data-end=\"789\">15000 \u012fkv\u0117pim\u0173 \u2013 itin ilgas naudojimas: Kiekviena elektronin\u0117 cigaret\u0117 suteikia iki 15000 \u012fkv\u0117pim\u0173, tod\u0117l nereik\u0117s nuolat keisti \u012frenginio ir gal\u0117site ilgai m\u0117gautis be pertrauk\u0173.<\/li>\n<li data-start=\"790\" data-end=\"956\">Dul Mesh Coil technologija: Su 1,1\u03a9 Dul Mesh Coil u\u017etikrinama tolygi \u012fkaitinimas, kuris sukuria intensyv\u0173 gar\u0105 ir piln\u0105 skon\u012f.<\/li>\n<li data-start=\"957\" data-end=\"1144\">\u012ekraunamas dizainas: Bang15000 turi 650mAh baterij\u0105, kuri greitai \u012fkraunama per Type-C jungt\u012f, tod\u0117l visada b\u016bsite pasiruo\u0161\u0119s naudoti.<\/li>\n<li data-start=\"1145\" data-end=\"1331\">Bra\u0161ki\u0173 Lychee skonis: Saldaus bra\u0161k\u0117s skonio ir gaivios lychee derinys sukuria tropin\u0119 skonio patirt\u012f, kuri\u0105 galite m\u0117gautis kiekvienu \u012fkv\u0117pimu.<\/li>\n<li data-start=\"1332\" data-end=\"1542\">Skirtingi nikotino stiprumai: Pasirinkite tarp 0%, 2%, 3% arba 5% nikotino stiprumo, kad rastum\u0117te tobul\u0105 garinimo patirt\u012f. Atkreipkite d\u0117mes\u012f, kad 0% ir 3% nikotinas yra prieinamas tik dideliais kiekiais.<\/li>\n<\/ul>\n<h4 data-start=\"1549\" data-end=\"1571\">Produkto duomenys<\/h4>\n<ul data-start=\"1573\" data-end=\"1943\">\n<li data-start=\"1573\" data-end=\"1638\">Modelis: Bang15000 Puf\u0173 \u012fkraunama <a href=\"https:\/\/vapingnet.de\/lt\/k\/einweg-e-zigarette\/\" target=\"_blank\" rel=\"noopener\"><strong>Vienkartin\u0117 elektronin\u0117 cigaret\u0117<\/strong><\/a><\/li>\n<li data-start=\"1639\" data-end=\"1669\">E-liquido talpa: 23ml<\/li>\n<li data-start=\"1670\" data-end=\"1747\">Nikotino stiprumas: 0%, 2%, 3%, 5% (0% ir 3% reikalinga didel\u0117 u\u017esakymo apimtis)<\/li>\n<li data-start=\"1748\" data-end=\"1797\">Baterijos talpa: 650mAh (\u012fkraunama)<\/li>\n<li data-start=\"1798\" data-end=\"1824\">Jungties tipas: Type-C<\/li>\n<li data-start=\"1825\" data-end=\"1847\">\u012ekv\u0117pimai: 15000 \u012fkv\u0117pim\u0173<\/li>\n<li data-start=\"1848\" data-end=\"1879\">Skonis: Bra\u0161ki\u0173 Lychee<\/li>\n<li data-start=\"1880\" data-end=\"1943\">Pritaikymo sritis: Vienkartin\u0117 elektronin\u0117 cigaret\u0117, be muito mokes\u010di\u0173<\/li>\n<\/ul>\n<h4 data-start=\"1950\" data-end=\"2013\">Bra\u0161ki\u0173 Lychee skonis unikaliam patyrimui<\/h4>\n<p data-start=\"2015\" data-end=\"2371\">Bang15000 si\u016blo unikal\u0173 bra\u0161k\u0117s ir lychee skon\u012f. Saldi bra\u0161k\u0117 ir gaivi lychee susilieja \u012f tobul\u0105 tropin\u0119 skonio kombinacij\u0105, kuri\u0105 galite m\u0117gautis kiekvienu \u012fkv\u0117pimu. Nesvarbu, ar ie\u0161kote \u0161vie\u017eios, vaisingos alternatyvos, ar m\u0117gstate bra\u0161k\u0117s saldum\u0105, \u0161is skonis jus su\u017eav\u0117s.<\/p>\n<p>Kod\u0117l verta rinktis Bang15000 pufus?<\/p>\n<ol data-start=\"2433\" data-end=\"3075\">\n<li data-start=\"2433\" data-end=\"2567\">Ilgas naudojimo laikas: Su iki 15000 \u012fkv\u0117pim\u0173 tur\u0117site daug ilgesn\u0119 garinimo patirt\u012f nei \u012fprastos vienkartin\u0117s elektronin\u0117s cigaret\u0117s.<\/li>\n<li data-start=\"2568\" data-end=\"2701\">Puikus skonis: \u0160vie\u017eias ir saldus bra\u0161ki\u0173 lychee skonis sukuria maloni\u0105 ir gaivi\u0105 garinimo patirt\u012f.<\/li>\n<li data-start=\"2702\" data-end=\"2831\">Greitas \u012fkrovimas: 650mAh baterija ir Type-C jungtis leid\u017eia greitai \u012fkrauti ir ilgiau naudotis.<\/li>\n<li data-start=\"2832\" data-end=\"2983\">\u012evair\u016bs nikotino stiprumai: Pasirinkite i\u0161 skirting\u0173 nikotino stiprum\u0173 (0%, 2%, 3%, 5%), kad pritaikytum\u0117te savo \u012fkv\u0117pimo patirt\u012f pagal savo pageidavimus.<\/li>\n<li data-start=\"2984\" data-end=\"3075\"><a href=\"https:\/\/vapingnet.de\/lt\/k\/f\/\" target=\"_blank\" rel=\"noopener\"><strong>Jokios muitin\u0117s mokes\u010di\u0173<\/strong><\/a>: Patirkite be streso apsipirkim\u0105 be papildom\u0173 muitin\u0117s mokes\u010di\u0173.<\/li>\n<\/ol>\n<h4 data-start=\"3082\" data-end=\"3138\">Dabar pirkti ir m\u0117gautis skoniu<\/h4>\n<p data-start=\"3140\" data-end=\"3444\">Apsilankykite dabar m\u016bs\u0173 svetain\u0117je <a href=\"https:\/\/vapingnet.de\/lt\/\" target=\"_new\" rel=\"noopener\" data-start=\"3170\" data-end=\"3206\">vapingnet.de<\/a> ir pasirinkite savo m\u0117gstam\u0105 bra\u0161ki\u0173 ir lychee skon\u012f. Prad\u0117kite savo \u012fkv\u0117pimo patirt\u012f su Bang15000 Puffs ir m\u0117gaukit\u0117s kiekvienu \u012fkv\u0117pimu! Nesvarbu, ar asmeniniam naudojimui, ar didmeninei u\u017esakymui, Bang15000 Puffs yra ideali pasirinkimas.<\/p>\n<p data-start=\"3451\" data-end=\"3614\" data-is-last-node=\"\" data-is-only-node=\"\">Bang15000 Puffs \u2013 \u012fkraunama vienkartin\u0117 elektronin\u0117 cigaret\u0117 su bra\u0161ki\u0173 ir lychee skoniu. Patirkite tobul\u0105 \u012fkv\u0117pimo patirt\u012f su intensyviomis ir ilgalaik\u0117mis \u012fkv\u0117pimais.<\/p>","protected":false},"excerpt":{"rendered":"<p>Bang15000 Puffs \u012fkraunama vienkartin\u0117 elektronin\u0117 cigaret\u0117 su bra\u0161ki\u0173 lychee skoniu Ilgalaikio naudojimo, auk\u0161\u010diausios kokyb\u0117s skonio ir patogios \u012fkrovimo funkcijos derinys viename auk\u0161tos kokyb\u0117s produkte. Su...<\/p>","protected":false},"featured_media":5213,"template":"","meta":[],"etheme_brands":[],"product_brand":[101],"product_cat":[53,49,61],"product_tag":[],"class_list":{"0":"post-5212","1":"product","2":"type-product","3":"status-publish","4":"has-post-thumbnail","6":"product_brand-bang-king-vape","7":"product_cat-vape-15000-zuege","8":"product_cat-einweg-e-zigarette","9":"product_cat-f","11":"first","12":"instock","13":"shipping-taxable","14":"purchasable","15":"product-type-simple"},"yoast_head":"<!-- This site is optimized with the Yoast SEO plugin v26.5 - https:\/\/yoast.com\/wordpress\/plugins\/seo\/ -->\n<title>Bang15000 Puffs Strawberry Lychee Beste Qualit\u00e4t Top Preis | Vapingnet.de<\/title>\n<meta name=\"description\" content=\"Entdecke Bang15000 Puffs Strawberry Lychee Beste Qualit\u00e4t Top Preis bei vapingnet.de, \u25ba Gro\u00dfe Auswahl an Geschmacksrichtungen &amp; super g\u00fcnstig!\" \/>\n<meta name=\"robots\" content=\"index, follow, max-snippet:-1, max-image-preview:large, max-video-preview:-1\" \/>\n<link rel=\"canonical\" href=\"https:\/\/vapingnet.de\/lt\/vape\/bang15000-puffs-strawberry-lychee-beste-qualitaet-top-preis\/\" \/>\n<meta property=\"og:locale\" content=\"lt_LT\" \/>\n<meta property=\"og:type\" content=\"article\" \/>\n<meta property=\"og:title\" content=\"Bang15000 Puffs Strawberry Lychee Beste Qualit\u00e4t Top Preis | Vapingnet.de\" \/>\n<meta property=\"og:description\" content=\"Entdecke Bang15000 Puffs Strawberry Lychee Beste Qualit\u00e4t Top Preis bei vapingnet.de, \u25ba Gro\u00dfe Auswahl an Geschmacksrichtungen &amp; super g\u00fcnstig!\" \/>\n<meta property=\"og:url\" content=\"https:\/\/vapingnet.de\/lt\/vape\/bang15000-puffs-strawberry-lychee-beste-qualitaet-top-preis\/\" \/>\n<meta property=\"og:site_name\" content=\"Vapingnet.de\" \/>\n<meta property=\"article:publisher\" content=\"https:\/\/www.facebook.com\/vapingnetde\/\" \/>\n<meta property=\"article:modified_time\" content=\"2025-06-19T03:41:29+00:00\" \/>\n<meta property=\"og:image\" content=\"https:\/\/vapingnet.de\/wp-content\/uploads\/2025\/03\/Strawberry-Lychee.png\" \/>\n\t<meta property=\"og:image:width\" content=\"900\" \/>\n\t<meta property=\"og:image:height\" content=\"600\" \/>\n\t<meta property=\"og:image:type\" content=\"image\/png\" \/>\n<meta name=\"twitter:card\" content=\"summary_large_image\" \/>\n<meta name=\"twitter:label1\" content=\"Est. reading time\" \/>\n\t<meta name=\"twitter:data1\" content=\"3 minutes\" \/>\n<script type=\"application\/ld+json\" class=\"yoast-schema-graph\">{\"@context\":\"https:\/\/schema.org\",\"@graph\":[{\"@type\":\"WebPage\",\"@id\":\"https:\/\/vapingnet.de\/vape\/bang15000-puffs-strawberry-lychee-beste-qualitaet-top-preis\/\",\"url\":\"https:\/\/vapingnet.de\/vape\/bang15000-puffs-strawberry-lychee-beste-qualitaet-top-preis\/\",\"name\":\"Bang15000 Puffs Strawberry Lychee Beste Qualit\u00e4t Top Preis | Vapingnet.de\",\"isPartOf\":{\"@id\":\"https:\/\/vapingnet.de\/#website\"},\"primaryImageOfPage\":{\"@id\":\"https:\/\/vapingnet.de\/vape\/bang15000-puffs-strawberry-lychee-beste-qualitaet-top-preis\/#primaryimage\"},\"image\":{\"@id\":\"https:\/\/vapingnet.de\/vape\/bang15000-puffs-strawberry-lychee-beste-qualitaet-top-preis\/#primaryimage\"},\"thumbnailUrl\":\"https:\/\/vapingnet.de\/wp-content\/uploads\/2025\/03\/Strawberry-Lychee.png\",\"datePublished\":\"2025-03-13T05:40:07+00:00\",\"dateModified\":\"2025-06-19T03:41:29+00:00\",\"description\":\"Entdecke Bang15000 Puffs Strawberry Lychee Beste Qualit\u00e4t Top Preis bei vapingnet.de, \u25ba Gro\u00dfe Auswahl an Geschmacksrichtungen & super g\u00fcnstig!\",\"breadcrumb\":{\"@id\":\"https:\/\/vapingnet.de\/vape\/bang15000-puffs-strawberry-lychee-beste-qualitaet-top-preis\/#breadcrumb\"},\"inLanguage\":\"lt-LT\",\"potentialAction\":[{\"@type\":\"ReadAction\",\"target\":[\"https:\/\/vapingnet.de\/vape\/bang15000-puffs-strawberry-lychee-beste-qualitaet-top-preis\/\"]}]},{\"@type\":\"ImageObject\",\"inLanguage\":\"lt-LT\",\"@id\":\"https:\/\/vapingnet.de\/vape\/bang15000-puffs-strawberry-lychee-beste-qualitaet-top-preis\/#primaryimage\",\"url\":\"https:\/\/vapingnet.de\/wp-content\/uploads\/2025\/03\/Strawberry-Lychee.png\",\"contentUrl\":\"https:\/\/vapingnet.de\/wp-content\/uploads\/2025\/03\/Strawberry-Lychee.png\",\"width\":900,\"height\":600,\"caption\":\"Strawberry Lychee\"},{\"@type\":\"BreadcrumbList\",\"@id\":\"https:\/\/vapingnet.de\/vape\/bang15000-puffs-strawberry-lychee-beste-qualitaet-top-preis\/#breadcrumb\",\"itemListElement\":[{\"@type\":\"ListItem\",\"position\":1,\"name\":\"Home\",\"item\":\"https:\/\/vapingnet.de\/\"},{\"@type\":\"ListItem\",\"position\":2,\"name\":\"Shop\",\"item\":\"https:\/\/vapingnet.de\/vape\/\"},{\"@type\":\"ListItem\",\"position\":3,\"name\":\"Bang15000 Puffs Strawberry Lychee Beste Qualit\u00e4t Top Preis\"}]},{\"@type\":\"WebSite\",\"@id\":\"https:\/\/vapingnet.de\/#website\",\"url\":\"https:\/\/vapingnet.de\/\",\"name\":\"Vapingnet.de\",\"description\":\"\",\"publisher\":{\"@id\":\"https:\/\/vapingnet.de\/#organization\"},\"potentialAction\":[{\"@type\":\"SearchAction\",\"target\":{\"@type\":\"EntryPoint\",\"urlTemplate\":\"https:\/\/vapingnet.de\/?s={search_term_string}\"},\"query-input\":{\"@type\":\"PropertyValueSpecification\",\"valueRequired\":true,\"valueName\":\"search_term_string\"}}],\"inLanguage\":\"lt-LT\"},{\"@type\":\"Organization\",\"@id\":\"https:\/\/vapingnet.de\/#organization\",\"name\":\"Vapingnet.de\",\"url\":\"https:\/\/vapingnet.de\/\",\"logo\":{\"@type\":\"ImageObject\",\"inLanguage\":\"lt-LT\",\"@id\":\"https:\/\/vapingnet.de\/#\/schema\/logo\/image\/\",\"url\":\"https:\/\/vapingnet.de\/wp-content\/uploads\/2025\/03\/cropped-vapingnet.de_.jpg\",\"contentUrl\":\"https:\/\/vapingnet.de\/wp-content\/uploads\/2025\/03\/cropped-vapingnet.de_.jpg\",\"width\":512,\"height\":512,\"caption\":\"Vapingnet.de\"},\"image\":{\"@id\":\"https:\/\/vapingnet.de\/#\/schema\/logo\/image\/\"},\"sameAs\":[\"https:\/\/www.facebook.com\/vapingnetde\/\"]}]}<\/script>\n<!-- \/ Yoast SEO plugin. -->","yoast_head_json":{"title":"Bang15000 Puffs Strawberry Lychee Beste Qualit\u00e4t Top Preis | Vapingnet.de","description":"Entdecke Bang15000 Puffs Strawberry Lychee Beste Qualit\u00e4t Top Preis bei vapingnet.de, \u25ba Gro\u00dfe Auswahl an Geschmacksrichtungen & super g\u00fcnstig!","robots":{"index":"index","follow":"follow","max-snippet":"max-snippet:-1","max-image-preview":"max-image-preview:large","max-video-preview":"max-video-preview:-1"},"canonical":"https:\/\/vapingnet.de\/lt\/vape\/bang15000-puffs-strawberry-lychee-beste-qualitaet-top-preis\/","og_locale":"lt_LT","og_type":"article","og_title":"Bang15000 Puffs Strawberry Lychee Beste Qualit\u00e4t Top Preis | Vapingnet.de","og_description":"Entdecke Bang15000 Puffs Strawberry Lychee Beste Qualit\u00e4t Top Preis bei vapingnet.de, \u25ba Gro\u00dfe Auswahl an Geschmacksrichtungen & super g\u00fcnstig!","og_url":"https:\/\/vapingnet.de\/lt\/vape\/bang15000-puffs-strawberry-lychee-beste-qualitaet-top-preis\/","og_site_name":"Vapingnet.de","article_publisher":"https:\/\/www.facebook.com\/vapingnetde\/","article_modified_time":"2025-06-19T03:41:29+00:00","og_image":[{"width":900,"height":600,"url":"https:\/\/vapingnet.de\/wp-content\/uploads\/2025\/03\/Strawberry-Lychee.png","type":"image\/png"}],"twitter_card":"summary_large_image","twitter_misc":{"Est. reading time":"3 minutes"},"schema":{"@context":"https:\/\/schema.org","@graph":[{"@type":"WebPage","@id":"https:\/\/vapingnet.de\/vape\/bang15000-puffs-strawberry-lychee-beste-qualitaet-top-preis\/","url":"https:\/\/vapingnet.de\/vape\/bang15000-puffs-strawberry-lychee-beste-qualitaet-top-preis\/","name":"Bang15000 Puffs Strawberry Lychee Beste Qualit\u00e4t Top Preis | Vapingnet.de","isPartOf":{"@id":"https:\/\/vapingnet.de\/#website"},"primaryImageOfPage":{"@id":"https:\/\/vapingnet.de\/vape\/bang15000-puffs-strawberry-lychee-beste-qualitaet-top-preis\/#primaryimage"},"image":{"@id":"https:\/\/vapingnet.de\/vape\/bang15000-puffs-strawberry-lychee-beste-qualitaet-top-preis\/#primaryimage"},"thumbnailUrl":"https:\/\/vapingnet.de\/wp-content\/uploads\/2025\/03\/Strawberry-Lychee.png","datePublished":"2025-03-13T05:40:07+00:00","dateModified":"2025-06-19T03:41:29+00:00","description":"Entdecke Bang15000 Puffs Strawberry Lychee Beste Qualit\u00e4t Top Preis bei vapingnet.de, \u25ba Gro\u00dfe Auswahl an Geschmacksrichtungen & super g\u00fcnstig!","breadcrumb":{"@id":"https:\/\/vapingnet.de\/vape\/bang15000-puffs-strawberry-lychee-beste-qualitaet-top-preis\/#breadcrumb"},"inLanguage":"lt-LT","potentialAction":[{"@type":"ReadAction","target":["https:\/\/vapingnet.de\/vape\/bang15000-puffs-strawberry-lychee-beste-qualitaet-top-preis\/"]}]},{"@type":"ImageObject","inLanguage":"lt-LT","@id":"https:\/\/vapingnet.de\/vape\/bang15000-puffs-strawberry-lychee-beste-qualitaet-top-preis\/#primaryimage","url":"https:\/\/vapingnet.de\/wp-content\/uploads\/2025\/03\/Strawberry-Lychee.png","contentUrl":"https:\/\/vapingnet.de\/wp-content\/uploads\/2025\/03\/Strawberry-Lychee.png","width":900,"height":600,"caption":"Strawberry Lychee"},{"@type":"BreadcrumbList","@id":"https:\/\/vapingnet.de\/vape\/bang15000-puffs-strawberry-lychee-beste-qualitaet-top-preis\/#breadcrumb","itemListElement":[{"@type":"ListItem","position":1,"name":"Home","item":"https:\/\/vapingnet.de\/"},{"@type":"ListItem","position":2,"name":"Shop","item":"https:\/\/vapingnet.de\/vape\/"},{"@type":"ListItem","position":3,"name":"Bang15000 Puffs Strawberry Lychee Beste Qualit\u00e4t Top Preis"}]},{"@type":"WebSite","@id":"https:\/\/vapingnet.de\/#website","url":"https:\/\/vapingnet.de\/","name":"Vapingnet.de","description":"","publisher":{"@id":"https:\/\/vapingnet.de\/#organization"},"potentialAction":[{"@type":"SearchAction","target":{"@type":"EntryPoint","urlTemplate":"https:\/\/vapingnet.de\/?s={search_term_string}"},"query-input":{"@type":"PropertyValueSpecification","valueRequired":true,"valueName":"search_term_string"}}],"inLanguage":"lt-LT"},{"@type":"Organization","@id":"https:\/\/vapingnet.de\/#organization","name":"Vapingnet.de","url":"https:\/\/vapingnet.de\/","logo":{"@type":"ImageObject","inLanguage":"lt-LT","@id":"https:\/\/vapingnet.de\/#\/schema\/logo\/image\/","url":"https:\/\/vapingnet.de\/wp-content\/uploads\/2025\/03\/cropped-vapingnet.de_.jpg","contentUrl":"https:\/\/vapingnet.de\/wp-content\/uploads\/2025\/03\/cropped-vapingnet.de_.jpg","width":512,"height":512,"caption":"Vapingnet.de"},"image":{"@id":"https:\/\/vapingnet.de\/#\/schema\/logo\/image\/"},"sameAs":["https:\/\/www.facebook.com\/vapingnetde\/"]}]}},"tiered_pricing_type":"fixed","tiered_pricing_fixed_rules":{"10":"7.31","60":"6.58","110":"5.85","200":"5.12"},"tiered_pricing_product_settings":{"layout":"default","base_unit_name":{"singular":null,"plural":null},"default_variation":null},"tiered_pricing_minimum_quantity":null,"tiered_pricing_roles_data":[],"tiered_pricing_percentage_rules":[],"_links":{"self":[{"href":"https:\/\/vapingnet.de\/lt\/wp-json\/wp\/v2\/product\/5212","targetHints":{"allow":["GET"]}}],"collection":[{"href":"https:\/\/vapingnet.de\/lt\/wp-json\/wp\/v2\/product"}],"about":[{"href":"https:\/\/vapingnet.de\/lt\/wp-json\/wp\/v2\/types\/product"}],"version-history":[{"count":1,"href":"https:\/\/vapingnet.de\/lt\/wp-json\/wp\/v2\/product\/5212\/revisions"}],"predecessor-version":[{"id":5214,"href":"https:\/\/vapingnet.de\/lt\/wp-json\/wp\/v2\/product\/5212\/revisions\/5214"}],"wp:featuredmedia":[{"embeddable":true,"href":"https:\/\/vapingnet.de\/lt\/wp-json\/wp\/v2\/media\/5213"}],"wp:attachment":[{"href":"https:\/\/vapingnet.de\/lt\/wp-json\/wp\/v2\/media?parent=5212"}],"wp:term":[{"taxonomy":"brand","embeddable":true,"href":"https:\/\/vapingnet.de\/lt\/wp-json\/wp\/v2\/etheme_brands?post=5212"},{"taxonomy":"product_brand","embeddable":true,"href":"https:\/\/vapingnet.de\/lt\/wp-json\/wp\/v2\/product_brand?post=5212"},{"taxonomy":"product_cat","embeddable":true,"href":"https:\/\/vapingnet.de\/lt\/wp-json\/wp\/v2\/product_cat?post=5212"},{"taxonomy":"product_tag","embeddable":true,"href":"https:\/\/vapingnet.de\/lt\/wp-json\/wp\/v2\/product_tag?post=5212"}],"curies":[{"name":"wp","href":"https:\/\/api.w.org\/{rel}","templated":true}]}}