{"id":5215,"date":"2025-03-13T05:46:38","date_gmt":"2025-03-13T05:46:38","guid":{"rendered":"https:\/\/vapingnet.de\/?post_type=product&#038;p=5215"},"modified":"2025-06-19T03:41:28","modified_gmt":"2025-06-19T03:41:28","slug":"bang15000-puffs-strawberry-watermelon-dein-fruchtgenuss-fuer-tage","status":"publish","type":"product","link":"https:\/\/vapingnet.de\/lt\/vape\/bang15000-puffs-strawberry-watermelon-dein-fruchtgenuss-fuer-tage\/","title":{"rendered":"Bang15000 Puffs Bra\u0161k\u0117 Arb\u016bzas J\u016bs\u0173 vaisi\u0173 malonumas dienoms"},"content":{"rendered":"<h2 data-start=\"0\" data-end=\"89\">Bang15000 Puffs \u012fkraunama vienkartin\u0117 elektronin\u0117 cigaret\u0117 Bra\u0161ki\u0173 arb\u016bzo skoniu<\/h2>\n<p data-start=\"91\" data-end=\"513\">Jei ie\u0161kote elektronin\u0117s cigaret\u0117s, kuri suteikt\u0173 intensyv\u0173 skon\u012f, ilg\u0105 naudojimo laik\u0105 ir patogi\u0105 \u012fkrovimo funkcij\u0105, Bang15000 Puffs \u012fkraunama<a href=\"https:\/\/vapingnet.de\/lt\/k\/einweg-e-zigarette\/\" target=\"_blank\" rel=\"noopener\"><strong> Vienkartin\u0117 elektronin\u0117 cigaret\u0117<\/strong><\/a> yra tobula pasirinkimas jums! Ji ne tik si\u016blo gaiv\u0173 bra\u0161ki\u0173 arb\u016bzo skon\u012f, bet ir ne\u012ftik\u0117tinai ilg\u0105 naudojimo laik\u0105, kuris atitinka visus j\u016bs\u0173 reikalavimus kokybi\u0161kai elektroninei cigaretei.<\/p>\n<h4 data-start=\"520\" data-end=\"547\">Produkto ypatyb\u0117s:<\/h4>\n<ul data-start=\"549\" data-end=\"1551\">\n<li data-start=\"549\" data-end=\"824\">\n<p data-start=\"551\" data-end=\"824\">15000 \u012fkv\u0117pim\u0173 ilgalaikiam malonumui<br data-start=\"592\" data-end=\"595\" \/>Kiekviena Bang15000 Puffs elektronin\u0117 cigaret\u0117 suteikia iki 15000 \u012fkv\u0117pim\u0173, tod\u0117l nereikia da\u017enai keisti \u012frengini\u0173. Jums nereik\u0117s jaudintis d\u0117l akumuliatoriaus greito i\u0161sikrovimo \u2013 m\u0117gaukit\u0117s ilgalaikiu garinimu.<\/p>\n<\/li>\n<li data-start=\"826\" data-end=\"1084\">\n<p data-start=\"828\" data-end=\"1084\">Gaivus bra\u0161ki\u0173 arb\u016bzo skonis<br data-start=\"877\" data-end=\"880\" \/>Saldus bra\u0161ki\u0173 skonis, derinamas su arb\u016bzo gaivumu, sukuria i\u0161skirtin\u0119 skonio patirt\u012f. Kiekvienas \u012fkv\u0117pimas primena gaiv\u0173 vasaros or\u0105, kuris pa\u017eadina j\u016bs\u0173 poj\u016b\u010dius.<\/p>\n<\/li>\n<li data-start=\"1086\" data-end=\"1350\">\n<p data-start=\"1088\" data-end=\"1350\">Type-C greito \u012fkrovimo jungtis<br data-start=\"1119\" data-end=\"1122\" \/>Su Type-C \u012fkrovimo jungtimi greitesniam \u012fkrovimui ir trumpesniam \u012fkrovimo laikui. 650mAh akumuliatoriaus talpa u\u017etikrina ilgalaik\u012f naudojim\u0105 ir \u012fsikrauna per kelias minutes, kad visada b\u016btum\u0117te pasiruo\u0161\u0119 kitam \u012fkv\u0117pimui.<\/p>\n<\/li>\n<li data-start=\"1352\" data-end=\"1551\">\n<p data-start=\"1354\" data-end=\"1551\">Jokios muitin\u0117s mokes\u010di\u0173<br data-start=\"1376\" data-end=\"1379\" \/>Perkant n\u0117ra joki\u0173 papildom\u0173 muit\u0173 mokes\u010di\u0173, tod\u0117l nereikia jaudintis d\u0117l pasl\u0117pt\u0173 i\u0161laid\u0173. J\u016bs\u0173 pirkimas bus pristatytas be r\u016bpes\u010di\u0173 ir greitai.<\/p>\n<\/li>\n<\/ul>\n<h4 data-start=\"1558\" data-end=\"1582\">Produkto duomenys:<\/h4>\n<ul data-start=\"1584\" data-end=\"1928\">\n<li data-start=\"1584\" data-end=\"1651\">Modelis: Bang15000 Puffs \u012fkraunama vienkartin\u0117 elektronin\u0117 cigaret\u0117<\/li>\n<li data-start=\"1652\" data-end=\"1692\">Skonis: Bra\u0161ki\u0173 arb\u016bzas<\/li>\n<li data-start=\"1693\" data-end=\"1772\">Nikotino kiekis: 0%, 2%, 3%, 5% (0% ir 3% reikalinga didel\u0117 u\u017esakymo apimtis)<\/li>\n<li data-start=\"1773\" data-end=\"1796\">Talpa: 23ml<\/li>\n<li data-start=\"1797\" data-end=\"1848\">Baterijos talpa: 650mAh (\u012fkraunama)<\/li>\n<li data-start=\"1849\" data-end=\"1873\">\u012ekv\u0117pimai: 15000 \u012fkv\u0117pim\u0173<\/li>\n<li data-start=\"1874\" data-end=\"1899\">Jungtis: Type-C<\/li>\n<li data-start=\"1900\" data-end=\"1928\">Be muit\u0173 mokes\u010di\u0173: Taip<\/li>\n<\/ul>\n<h3>Kod\u0117l verta rinktis Bang15000 Puffs?<\/h3>\n<ul data-start=\"1974\" data-end=\"2559\">\n<li data-start=\"1974\" data-end=\"2085\">Ilgas naudojimo laikas: Su 15000 \u012fkv\u0117pim\u0173 nereik\u0117s jaudintis d\u0117l da\u017en\u0173 keitim\u0173.<\/li>\n<li data-start=\"2086\" data-end=\"2212\">Unikalus skonis: Gaivus bra\u0161ki\u0173 arb\u016bzo skonis si\u016blo nepamir\u0161tam\u0105 vaisi\u0173 patirt\u012f.<\/li>\n<li data-start=\"2213\" data-end=\"2353\">Greitas \u012fkrovimas: 650mAh akumuliatorius su Type-C jungtimi u\u017etikrina efektyv\u0173 \u012fkrovim\u0105, kad visada gal\u0117tum greitai v\u0117l prad\u0117ti naudotis.<\/li>\n<li data-start=\"2354\" data-end=\"2466\">Lankstus nikotino kiekis: Pasirinkite i\u0161 0%, 2%, 3% ir 5% nikotino \u2013 puikiai tinka \u012fvairiems poreikiams.<\/li>\n<li data-start=\"2467\" data-end=\"2559\">Be muitin\u0117s mokes\u010di\u0173: M\u0117gaukit\u0117s be r\u016bpes\u010di\u0173 apsipirkimu be papildom\u0173 i\u0161laid\u0173.<\/li>\n<\/ul>\n<h4 data-start=\"2566\" data-end=\"2632\">Bra\u0161k\u0117s ir arb\u016bzo skonis \u2013 gaivus ir vaisinis<\/h4>\n<p data-start=\"2634\" data-end=\"2883\">Bra\u0161k\u0117s ir arb\u016bzo skonis yra tobula sald\u017ei\u0173 bra\u0161ki\u0173 ir \u0161vie\u017ei\u0173 arb\u016bz\u0173 kombinacija \u2013 idealiai tinka vasarai. Kiekvienas \u012fkv\u0117pimas suteikia gaiv\u0173, vaisin\u012f malonum\u0105, kuris lyd\u0117s jus vis\u0105 dien\u0105.<\/p>\n<h4 data-start=\"2890\" data-end=\"2911\">Kaip pirkti<\/h4>\n<p data-start=\"2913\" data-end=\"3165\">Apsilankykite m\u016bs\u0173 svetain\u0117je vapingnet.de, nor\u0117dami \u012fsigyti Bra\u0161k\u0117s ir arb\u016bzo Bang15000 d\u016bm\u0173 elektronin\u0119 cigaret\u0119. Nesvarbu, ar pirkate sau, ar didmeninei prekybai, mes si\u016blome paprast\u0105 ir patog\u0173 apsipirkimo patirt\u012f.<\/p>\n<p data-start=\"3172\" data-end=\"3328\" data-is-last-node=\"\" data-is-only-node=\"\">Bang15000 d\u016bm\u0173 \u2013 ideali pasirinktis ilgalaikiam malonumui ir gaiviam skoniui. Gaukite savo Bra\u0161k\u0117s ir arb\u016bzo elektronin\u0119 cigaret\u0119 ir m\u0117gaukit\u0117s kiekvienu \u012fkv\u0117pimu!<\/p>","protected":false},"excerpt":{"rendered":"<p>Bang15000 Puffs Wiederaufladbare Einweg-E-Zigarette Strawberry Watermelon Geschmack Wenn du auf der Suche nach einer E-Zigarette bist, die dir intensiven Geschmack, lange Nutzungsdauer und eine bequeme&#8230;<\/p>","protected":false},"featured_media":5220,"template":"","meta":[],"etheme_brands":[],"product_brand":[101],"product_cat":[53,49,61],"product_tag":[],"class_list":{"0":"post-5215","1":"product","2":"type-product","3":"status-publish","4":"has-post-thumbnail","6":"product_brand-bang-king-vape","7":"product_cat-vape-15000-zuege","8":"product_cat-einweg-e-zigarette","9":"product_cat-f","11":"first","12":"instock","13":"shipping-taxable","14":"purchasable","15":"product-type-simple"},"yoast_head":"<!-- This site is optimized with the Yoast SEO plugin v26.5 - https:\/\/yoast.com\/wordpress\/plugins\/seo\/ -->\n<title>Bang15000 Puffs Strawberry Watermelon Dein Fruchtgenuss f\u00fcr Tage | Vapingnet.de<\/title>\n<meta name=\"description\" content=\"Entdecke Bang15000 Puffs Strawberry Watermelon Dein Fruchtgenuss f\u00fcr Tage bei vapingnet.de, \u25ba Gro\u00dfe Auswahl an Geschmacksrichtungen &amp; super g\u00fcnstig!\" \/>\n<meta name=\"robots\" content=\"index, follow, max-snippet:-1, max-image-preview:large, max-video-preview:-1\" \/>\n<link rel=\"canonical\" href=\"https:\/\/vapingnet.de\/lt\/vape\/bang15000-puffs-strawberry-watermelon-dein-fruchtgenuss-fuer-tage\/\" \/>\n<meta property=\"og:locale\" content=\"lt_LT\" \/>\n<meta property=\"og:type\" content=\"article\" \/>\n<meta property=\"og:title\" content=\"Bang15000 Puffs Strawberry Watermelon Dein Fruchtgenuss f\u00fcr Tage | Vapingnet.de\" \/>\n<meta property=\"og:description\" content=\"Entdecke Bang15000 Puffs Strawberry Watermelon Dein Fruchtgenuss f\u00fcr Tage bei vapingnet.de, \u25ba Gro\u00dfe Auswahl an Geschmacksrichtungen &amp; super g\u00fcnstig!\" \/>\n<meta property=\"og:url\" content=\"https:\/\/vapingnet.de\/lt\/vape\/bang15000-puffs-strawberry-watermelon-dein-fruchtgenuss-fuer-tage\/\" \/>\n<meta property=\"og:site_name\" content=\"Vapingnet.de\" \/>\n<meta property=\"article:publisher\" content=\"https:\/\/www.facebook.com\/vapingnetde\/\" \/>\n<meta property=\"article:modified_time\" content=\"2025-06-19T03:41:28+00:00\" \/>\n<meta property=\"og:image\" content=\"https:\/\/vapingnet.de\/wp-content\/uploads\/2025\/03\/Strawberry-Watermelon.png\" \/>\n\t<meta property=\"og:image:width\" content=\"900\" \/>\n\t<meta property=\"og:image:height\" content=\"600\" \/>\n\t<meta property=\"og:image:type\" content=\"image\/png\" \/>\n<meta name=\"twitter:card\" content=\"summary_large_image\" \/>\n<meta name=\"twitter:label1\" content=\"Est. reading time\" \/>\n\t<meta name=\"twitter:data1\" content=\"3 minutes\" \/>\n<script type=\"application\/ld+json\" class=\"yoast-schema-graph\">{\"@context\":\"https:\/\/schema.org\",\"@graph\":[{\"@type\":\"WebPage\",\"@id\":\"https:\/\/vapingnet.de\/vape\/bang15000-puffs-strawberry-watermelon-dein-fruchtgenuss-fuer-tage\/\",\"url\":\"https:\/\/vapingnet.de\/vape\/bang15000-puffs-strawberry-watermelon-dein-fruchtgenuss-fuer-tage\/\",\"name\":\"Bang15000 Puffs Strawberry Watermelon Dein Fruchtgenuss f\u00fcr Tage | Vapingnet.de\",\"isPartOf\":{\"@id\":\"https:\/\/vapingnet.de\/#website\"},\"primaryImageOfPage\":{\"@id\":\"https:\/\/vapingnet.de\/vape\/bang15000-puffs-strawberry-watermelon-dein-fruchtgenuss-fuer-tage\/#primaryimage\"},\"image\":{\"@id\":\"https:\/\/vapingnet.de\/vape\/bang15000-puffs-strawberry-watermelon-dein-fruchtgenuss-fuer-tage\/#primaryimage\"},\"thumbnailUrl\":\"https:\/\/vapingnet.de\/wp-content\/uploads\/2025\/03\/Strawberry-Watermelon.png\",\"datePublished\":\"2025-03-13T05:46:38+00:00\",\"dateModified\":\"2025-06-19T03:41:28+00:00\",\"description\":\"Entdecke Bang15000 Puffs Strawberry Watermelon Dein Fruchtgenuss f\u00fcr Tage bei vapingnet.de, \u25ba Gro\u00dfe Auswahl an Geschmacksrichtungen & super g\u00fcnstig!\",\"breadcrumb\":{\"@id\":\"https:\/\/vapingnet.de\/vape\/bang15000-puffs-strawberry-watermelon-dein-fruchtgenuss-fuer-tage\/#breadcrumb\"},\"inLanguage\":\"lt-LT\",\"potentialAction\":[{\"@type\":\"ReadAction\",\"target\":[\"https:\/\/vapingnet.de\/vape\/bang15000-puffs-strawberry-watermelon-dein-fruchtgenuss-fuer-tage\/\"]}]},{\"@type\":\"ImageObject\",\"inLanguage\":\"lt-LT\",\"@id\":\"https:\/\/vapingnet.de\/vape\/bang15000-puffs-strawberry-watermelon-dein-fruchtgenuss-fuer-tage\/#primaryimage\",\"url\":\"https:\/\/vapingnet.de\/wp-content\/uploads\/2025\/03\/Strawberry-Watermelon.png\",\"contentUrl\":\"https:\/\/vapingnet.de\/wp-content\/uploads\/2025\/03\/Strawberry-Watermelon.png\",\"width\":900,\"height\":600,\"caption\":\"Strawberry Watermelon\"},{\"@type\":\"BreadcrumbList\",\"@id\":\"https:\/\/vapingnet.de\/vape\/bang15000-puffs-strawberry-watermelon-dein-fruchtgenuss-fuer-tage\/#breadcrumb\",\"itemListElement\":[{\"@type\":\"ListItem\",\"position\":1,\"name\":\"Home\",\"item\":\"https:\/\/vapingnet.de\/\"},{\"@type\":\"ListItem\",\"position\":2,\"name\":\"Shop\",\"item\":\"https:\/\/vapingnet.de\/vape\/\"},{\"@type\":\"ListItem\",\"position\":3,\"name\":\"Bang15000 Puffs Strawberry Watermelon Dein Fruchtgenuss f\u00fcr Tage\"}]},{\"@type\":\"WebSite\",\"@id\":\"https:\/\/vapingnet.de\/#website\",\"url\":\"https:\/\/vapingnet.de\/\",\"name\":\"Vapingnet.de\",\"description\":\"\",\"publisher\":{\"@id\":\"https:\/\/vapingnet.de\/#organization\"},\"potentialAction\":[{\"@type\":\"SearchAction\",\"target\":{\"@type\":\"EntryPoint\",\"urlTemplate\":\"https:\/\/vapingnet.de\/?s={search_term_string}\"},\"query-input\":{\"@type\":\"PropertyValueSpecification\",\"valueRequired\":true,\"valueName\":\"search_term_string\"}}],\"inLanguage\":\"lt-LT\"},{\"@type\":\"Organization\",\"@id\":\"https:\/\/vapingnet.de\/#organization\",\"name\":\"Vapingnet.de\",\"url\":\"https:\/\/vapingnet.de\/\",\"logo\":{\"@type\":\"ImageObject\",\"inLanguage\":\"lt-LT\",\"@id\":\"https:\/\/vapingnet.de\/#\/schema\/logo\/image\/\",\"url\":\"https:\/\/vapingnet.de\/wp-content\/uploads\/2025\/03\/cropped-vapingnet.de_.jpg\",\"contentUrl\":\"https:\/\/vapingnet.de\/wp-content\/uploads\/2025\/03\/cropped-vapingnet.de_.jpg\",\"width\":512,\"height\":512,\"caption\":\"Vapingnet.de\"},\"image\":{\"@id\":\"https:\/\/vapingnet.de\/#\/schema\/logo\/image\/\"},\"sameAs\":[\"https:\/\/www.facebook.com\/vapingnetde\/\"]}]}<\/script>\n<!-- \/ Yoast SEO plugin. -->","yoast_head_json":{"title":"Bang15000 Puffs Strawberry Watermelon Dein Fruchtgenuss f\u00fcr Tage | Vapingnet.de","description":"Entdecke Bang15000 Puffs Strawberry Watermelon Dein Fruchtgenuss f\u00fcr Tage bei vapingnet.de, \u25ba Gro\u00dfe Auswahl an Geschmacksrichtungen & super g\u00fcnstig!","robots":{"index":"index","follow":"follow","max-snippet":"max-snippet:-1","max-image-preview":"max-image-preview:large","max-video-preview":"max-video-preview:-1"},"canonical":"https:\/\/vapingnet.de\/lt\/vape\/bang15000-puffs-strawberry-watermelon-dein-fruchtgenuss-fuer-tage\/","og_locale":"lt_LT","og_type":"article","og_title":"Bang15000 Puffs Strawberry Watermelon Dein Fruchtgenuss f\u00fcr Tage | Vapingnet.de","og_description":"Entdecke Bang15000 Puffs Strawberry Watermelon Dein Fruchtgenuss f\u00fcr Tage bei vapingnet.de, \u25ba Gro\u00dfe Auswahl an Geschmacksrichtungen & super g\u00fcnstig!","og_url":"https:\/\/vapingnet.de\/lt\/vape\/bang15000-puffs-strawberry-watermelon-dein-fruchtgenuss-fuer-tage\/","og_site_name":"Vapingnet.de","article_publisher":"https:\/\/www.facebook.com\/vapingnetde\/","article_modified_time":"2025-06-19T03:41:28+00:00","og_image":[{"width":900,"height":600,"url":"https:\/\/vapingnet.de\/wp-content\/uploads\/2025\/03\/Strawberry-Watermelon.png","type":"image\/png"}],"twitter_card":"summary_large_image","twitter_misc":{"Est. reading time":"3 minutes"},"schema":{"@context":"https:\/\/schema.org","@graph":[{"@type":"WebPage","@id":"https:\/\/vapingnet.de\/vape\/bang15000-puffs-strawberry-watermelon-dein-fruchtgenuss-fuer-tage\/","url":"https:\/\/vapingnet.de\/vape\/bang15000-puffs-strawberry-watermelon-dein-fruchtgenuss-fuer-tage\/","name":"Bang15000 Puffs Strawberry Watermelon Dein Fruchtgenuss f\u00fcr Tage | Vapingnet.de","isPartOf":{"@id":"https:\/\/vapingnet.de\/#website"},"primaryImageOfPage":{"@id":"https:\/\/vapingnet.de\/vape\/bang15000-puffs-strawberry-watermelon-dein-fruchtgenuss-fuer-tage\/#primaryimage"},"image":{"@id":"https:\/\/vapingnet.de\/vape\/bang15000-puffs-strawberry-watermelon-dein-fruchtgenuss-fuer-tage\/#primaryimage"},"thumbnailUrl":"https:\/\/vapingnet.de\/wp-content\/uploads\/2025\/03\/Strawberry-Watermelon.png","datePublished":"2025-03-13T05:46:38+00:00","dateModified":"2025-06-19T03:41:28+00:00","description":"Entdecke Bang15000 Puffs Strawberry Watermelon Dein Fruchtgenuss f\u00fcr Tage bei vapingnet.de, \u25ba Gro\u00dfe Auswahl an Geschmacksrichtungen & super g\u00fcnstig!","breadcrumb":{"@id":"https:\/\/vapingnet.de\/vape\/bang15000-puffs-strawberry-watermelon-dein-fruchtgenuss-fuer-tage\/#breadcrumb"},"inLanguage":"lt-LT","potentialAction":[{"@type":"ReadAction","target":["https:\/\/vapingnet.de\/vape\/bang15000-puffs-strawberry-watermelon-dein-fruchtgenuss-fuer-tage\/"]}]},{"@type":"ImageObject","inLanguage":"lt-LT","@id":"https:\/\/vapingnet.de\/vape\/bang15000-puffs-strawberry-watermelon-dein-fruchtgenuss-fuer-tage\/#primaryimage","url":"https:\/\/vapingnet.de\/wp-content\/uploads\/2025\/03\/Strawberry-Watermelon.png","contentUrl":"https:\/\/vapingnet.de\/wp-content\/uploads\/2025\/03\/Strawberry-Watermelon.png","width":900,"height":600,"caption":"Strawberry Watermelon"},{"@type":"BreadcrumbList","@id":"https:\/\/vapingnet.de\/vape\/bang15000-puffs-strawberry-watermelon-dein-fruchtgenuss-fuer-tage\/#breadcrumb","itemListElement":[{"@type":"ListItem","position":1,"name":"Home","item":"https:\/\/vapingnet.de\/"},{"@type":"ListItem","position":2,"name":"Shop","item":"https:\/\/vapingnet.de\/vape\/"},{"@type":"ListItem","position":3,"name":"Bang15000 Puffs Strawberry Watermelon Dein Fruchtgenuss f\u00fcr Tage"}]},{"@type":"WebSite","@id":"https:\/\/vapingnet.de\/#website","url":"https:\/\/vapingnet.de\/","name":"Vapingnet.de","description":"","publisher":{"@id":"https:\/\/vapingnet.de\/#organization"},"potentialAction":[{"@type":"SearchAction","target":{"@type":"EntryPoint","urlTemplate":"https:\/\/vapingnet.de\/?s={search_term_string}"},"query-input":{"@type":"PropertyValueSpecification","valueRequired":true,"valueName":"search_term_string"}}],"inLanguage":"lt-LT"},{"@type":"Organization","@id":"https:\/\/vapingnet.de\/#organization","name":"Vapingnet.de","url":"https:\/\/vapingnet.de\/","logo":{"@type":"ImageObject","inLanguage":"lt-LT","@id":"https:\/\/vapingnet.de\/#\/schema\/logo\/image\/","url":"https:\/\/vapingnet.de\/wp-content\/uploads\/2025\/03\/cropped-vapingnet.de_.jpg","contentUrl":"https:\/\/vapingnet.de\/wp-content\/uploads\/2025\/03\/cropped-vapingnet.de_.jpg","width":512,"height":512,"caption":"Vapingnet.de"},"image":{"@id":"https:\/\/vapingnet.de\/#\/schema\/logo\/image\/"},"sameAs":["https:\/\/www.facebook.com\/vapingnetde\/"]}]}},"tiered_pricing_type":"fixed","tiered_pricing_fixed_rules":{"10":"7.31","60":"6.58","110":"5.85","200":"5.12"},"tiered_pricing_product_settings":{"layout":"default","base_unit_name":{"singular":null,"plural":null},"default_variation":null},"tiered_pricing_minimum_quantity":null,"tiered_pricing_roles_data":[],"tiered_pricing_percentage_rules":[],"_links":{"self":[{"href":"https:\/\/vapingnet.de\/lt\/wp-json\/wp\/v2\/product\/5215","targetHints":{"allow":["GET"]}}],"collection":[{"href":"https:\/\/vapingnet.de\/lt\/wp-json\/wp\/v2\/product"}],"about":[{"href":"https:\/\/vapingnet.de\/lt\/wp-json\/wp\/v2\/types\/product"}],"version-history":[{"count":2,"href":"https:\/\/vapingnet.de\/lt\/wp-json\/wp\/v2\/product\/5215\/revisions"}],"predecessor-version":[{"id":5221,"href":"https:\/\/vapingnet.de\/lt\/wp-json\/wp\/v2\/product\/5215\/revisions\/5221"}],"wp:featuredmedia":[{"embeddable":true,"href":"https:\/\/vapingnet.de\/lt\/wp-json\/wp\/v2\/media\/5220"}],"wp:attachment":[{"href":"https:\/\/vapingnet.de\/lt\/wp-json\/wp\/v2\/media?parent=5215"}],"wp:term":[{"taxonomy":"brand","embeddable":true,"href":"https:\/\/vapingnet.de\/lt\/wp-json\/wp\/v2\/etheme_brands?post=5215"},{"taxonomy":"product_brand","embeddable":true,"href":"https:\/\/vapingnet.de\/lt\/wp-json\/wp\/v2\/product_brand?post=5215"},{"taxonomy":"product_cat","embeddable":true,"href":"https:\/\/vapingnet.de\/lt\/wp-json\/wp\/v2\/product_cat?post=5215"},{"taxonomy":"product_tag","embeddable":true,"href":"https:\/\/vapingnet.de\/lt\/wp-json\/wp\/v2\/product_tag?post=5215"}],"curies":[{"name":"wp","href":"https:\/\/api.w.org\/{rel}","templated":true}]}}