{"id":5218,"date":"2025-03-13T05:52:58","date_gmt":"2025-03-13T05:52:58","guid":{"rendered":"https:\/\/vapingnet.de\/?post_type=product&#038;p=5218"},"modified":"2025-06-19T03:41:28","modified_gmt":"2025-06-19T03:41:28","slug":"bang15000-puffs-pomegranate-preiswert-und-langanhaltend-perfekt-fuer-dich","status":"publish","type":"product","link":"https:\/\/vapingnet.de\/lt\/vape\/bang15000-puffs-pomegranate-preiswert-und-langanhaltend-perfekt-fuer-dich\/","title":{"rendered":"Bang15000 P\u016b\u0161\u010di\u0173 Granat\u0173 Kainos ir ilgaam\u017ei\u0161kos, tobulos tau"},"content":{"rendered":"<h2 data-start=\"0\" data-end=\"79\">Bang15000 Puf\u0173 \u012fkraunama vienkartin\u0117 elektronin\u0117 cigaret\u0117<\/h2>\n<p data-start=\"112\" data-end=\"602\">Bang15000 Puf\u0173 \u012fkraunama vienkartin\u0117 pod elektronin\u0117 cigaret\u0117 yra revoliucinis produktas, si\u016blantis iki 15000 \u012fkv\u0117pim\u0173. Su 23 ml E-skys\u010dio talpa, Dul Mesh 1.1\u03a9 rit\u0117 ir 650 mAh \u012fkraunama baterija \u0161i elektronin\u0117 cigaret\u0117 garantuoja tobul\u0105 skonio patirt\u012f kiekvieno \u012fkv\u0117pimo metu. Gaivus granat\u0173 skonis kartu su dideliu baterijos ir skys\u010dio kiekiu leid\u017eia m\u0117gautis garinimu pilna \u0161irdimi.<\/p>\n<h3>Pagrindin\u0117s savyb\u0117s<\/h3>\n<ol data-start=\"632\" data-end=\"2233\">\n<li data-start=\"632\" data-end=\"858\">\n<p data-start=\"635\" data-end=\"858\">15000 \u012fkv\u0117pim\u0173 ilgalaikiam malonumui<br data-start=\"679\" data-end=\"682\" \/>Kiekviena Bang15000 elektronin\u0117 cigaret\u0117 si\u016blo iki <a href=\"https:\/\/vapingnet.de\/lt\/k\/vape-15000-zuege\/\" target=\"_blank\" rel=\"noopener\"><strong>15000 \u012fkv\u0117pim\u0173<\/strong><\/a>, o tai rei\u0161kia, kad gal\u0117site ilgai m\u0117gautis tobula garinimo patirtimi be da\u017en\u0173 \u012frenginio keitimo.<\/p>\n<\/li>\n<li data-start=\"860\" data-end=\"1046\">\n<p data-start=\"863\" data-end=\"1046\">23 ml E-skys\u010dio talpa<br data-start=\"890\" data-end=\"893\" \/>D\u0117ka dosnios 23 ml talpos, jums nereik\u0117s da\u017enai papildyti. M\u0117gaukit\u0117s ilgomis garavimo pertraukomis be pertrauk\u0173.<\/p>\n<\/li>\n<li data-start=\"1048\" data-end=\"1298\">\n<p data-start=\"1051\" data-end=\"1298\">650 mAh \u012fkraunama baterija<br data-start=\"1087\" data-end=\"1090\" \/>Su 650 mAh \u012fkraunama baterija ir Type-C jungtimi \u012fkrovimas yra greitas ir paprastas. Taip gal\u0117site greitai \u012fkrauti savo elektronin\u0119 cigaret\u0119 ir v\u0117l m\u0117gautis.<\/p>\n<\/li>\n<li data-start=\"1300\" data-end=\"1507\">\n<p data-start=\"1303\" data-end=\"1507\">Dul Mesh 1.1\u03a9 rit\u0117<br data-start=\"1326\" data-end=\"1329\" \/>Dul Mesh 1.1\u03a9 rit\u0117 u\u017etikrina tolyg\u0173 skys\u010dio garinim\u0105 ir nuosekliai suteikia \u0161velni\u0105 ir aromating\u0105 garo debes\u012f. Kiekvienas \u012fkv\u0117pimas yra tobulai suderintas.<\/p>\n<\/li>\n<li data-start=\"1509\" data-end=\"1766\">\n<p data-start=\"1512\" data-end=\"1766\">Granat\u0173 skonis<br data-start=\"1537\" data-end=\"1540\" \/>Granat\u0173 skonis sujungia gaiv\u0173 saldum\u0105 ir lengv\u0105 r\u016bg\u0161tum\u0105, sukurdami intensyv\u0173 ir skan\u0173 garinimo potyr\u012f. Kiekvienas \u012fkv\u0117pimas yra kaip k\u0105snis \u0161vie\u017ei\u0173, sulting\u0173 granat\u0173.<\/p>\n<\/li>\n<li data-start=\"1768\" data-end=\"2022\">\n<p data-start=\"1771\" data-end=\"2022\">Skirtingos nikotino stiprumo opcijos<br data-start=\"1802\" data-end=\"1805\" \/>Bang15000 yra prieinama nikotino stiprumais 0%, 2%, 3% ir 5%, tod\u0117l galite pasirinkti nikotino kiek\u012f pagal savo pageidavimus. 0% ir 3% nikotinas yra tik didel\u0117ms u\u017esakymams.<\/p>\n<\/li>\n<li data-start=\"2024\" data-end=\"2233\">\n<p data-start=\"2027\" data-end=\"2233\">Be muit\u0173 ir patogus pirkimas<br data-start=\"2060\" data-end=\"2063\" \/>Perkant Bang15000 m\u0117gausit\u0117s be muit\u0173 pristatymu, tod\u0117l nereik\u0117s jaudintis d\u0117l papildom\u0173 mokes\u010di\u0173. Pirkimas tampa dar malonesnis.<\/p>\n<\/li>\n<\/ol>\n<h4 data-start=\"2240\" data-end=\"2264\">Kam skirta<\/h4>\n<ul data-start=\"2266\" data-end=\"2742\">\n<li data-start=\"2266\" data-end=\"2505\">\n<p data-start=\"2268\" data-end=\"2505\">Vartotojams: Jei esate E-cigaret\u0117s m\u0117g\u0117jas, Bang15000 yra tobulas j\u016bs\u0173 palydovas. Su ilga tarnavimo trukme ir skaniu granat\u0173 skoniu galite m\u0117gautis garinimu pilna apimtimi.<\/p>\n<\/li>\n<li data-start=\"2507\" data-end=\"2742\">\n<p data-start=\"2509\" data-end=\"2742\">Didmeniniams pirk\u0117jams: Bang15000 taip pat yra ideali pasirinktis didmenininkams. Su dideliu E-liquido talpa ir muitin\u0117s nemokama, ji yra puiki didmeninei prekybai ir si\u016blo jums puik\u0173 kainos ir kokyb\u0117s santyk\u012f.<\/p>\n<\/li>\n<\/ul>\n<h4 data-start=\"2749\" data-end=\"2773\">Kaip pirkti<\/h4>\n<p data-start=\"2775\" data-end=\"3017\">Apsilankykite dabar m\u016bs\u0173 svetain\u0117je <a href=\"https:\/\/vapingnet.de\/lt\/\" target=\"_new\" rel=\"noopener\" data-start=\"2809\" data-end=\"2845\">vapingnet.de<\/a>, pasirinkite savo m\u0117gstam\u0105 skon\u012f ir nikotino stiprum\u0105 ir \u012fsigykite Bang15000 Puffs \u012fkraunam\u0105 vienkartin\u0119 E-cigaret\u0119. Patirkite galutin\u012f garinimo malonum\u0105!<\/p>\n<p data-start=\"3019\" data-end=\"3100\" data-is-last-node=\"\" data-is-only-node=\"\">M\u0117gaukit\u0117s kiekvienu \u012fkv\u0117pimu su \u0161vie\u017eiu ir intensyviu granat\u0173 skoniu!<\/p>","protected":false},"excerpt":{"rendered":"<p>Bang15000 Puffs \u012fkraunama vienkartin\u0117 elektronin\u0117 cigaret\u0117 Bang15000 Puffs \u012fkraunamas vienkartinis podas yra revoliucinis produktas, kuris suteikia iki 15000 \u012fkv\u0117pim\u0173. Su 23 ml E-skaidrios talpa, viena...<\/p>","protected":false},"featured_media":5197,"template":"","meta":[],"etheme_brands":[],"product_brand":[101],"product_cat":[53,49,61],"product_tag":[],"class_list":{"0":"post-5218","1":"product","2":"type-product","3":"status-publish","4":"has-post-thumbnail","6":"product_brand-bang-king-vape","7":"product_cat-vape-15000-zuege","8":"product_cat-einweg-e-zigarette","9":"product_cat-f","11":"first","12":"instock","13":"shipping-taxable","14":"purchasable","15":"product-type-simple"},"yoast_head":"<!-- This site is optimized with the Yoast SEO plugin v26.5 - https:\/\/yoast.com\/wordpress\/plugins\/seo\/ -->\n<title>Bang15000 Puffs Pomegranate Preiswert und langanhaltend perfekt f\u00fcr dich | Vapingnet.de<\/title>\n<meta name=\"description\" content=\"Entdecke Bang15000 Puffs Pomegranate Preiswert und langanhaltend perfekt f\u00fcr dich bei vapingnet.de, \u25ba Gro\u00dfe Auswahl an Geschmacksrichtungen &amp; super g\u00fcnstig!\" \/>\n<meta name=\"robots\" content=\"index, follow, max-snippet:-1, max-image-preview:large, max-video-preview:-1\" \/>\n<link rel=\"canonical\" href=\"https:\/\/vapingnet.de\/lt\/vape\/bang15000-puffs-pomegranate-preiswert-und-langanhaltend-perfekt-fuer-dich\/\" \/>\n<meta property=\"og:locale\" content=\"lt_LT\" \/>\n<meta property=\"og:type\" content=\"article\" \/>\n<meta property=\"og:title\" content=\"Bang15000 Puffs Pomegranate Preiswert und langanhaltend perfekt f\u00fcr dich | Vapingnet.de\" \/>\n<meta property=\"og:description\" content=\"Entdecke Bang15000 Puffs Pomegranate Preiswert und langanhaltend perfekt f\u00fcr dich bei vapingnet.de, \u25ba Gro\u00dfe Auswahl an Geschmacksrichtungen &amp; super g\u00fcnstig!\" \/>\n<meta property=\"og:url\" content=\"https:\/\/vapingnet.de\/lt\/vape\/bang15000-puffs-pomegranate-preiswert-und-langanhaltend-perfekt-fuer-dich\/\" \/>\n<meta property=\"og:site_name\" content=\"Vapingnet.de\" \/>\n<meta property=\"article:publisher\" content=\"https:\/\/www.facebook.com\/vapingnetde\/\" \/>\n<meta property=\"article:modified_time\" content=\"2025-06-19T03:41:28+00:00\" \/>\n<meta property=\"og:image\" content=\"https:\/\/vapingnet.de\/wp-content\/uploads\/2025\/03\/Pomegranate.png\" \/>\n\t<meta property=\"og:image:width\" content=\"900\" \/>\n\t<meta property=\"og:image:height\" content=\"600\" \/>\n\t<meta property=\"og:image:type\" content=\"image\/png\" \/>\n<meta name=\"twitter:card\" content=\"summary_large_image\" \/>\n<meta name=\"twitter:label1\" content=\"Est. reading time\" \/>\n\t<meta name=\"twitter:data1\" content=\"3 minutes\" \/>\n<script type=\"application\/ld+json\" class=\"yoast-schema-graph\">{\"@context\":\"https:\/\/schema.org\",\"@graph\":[{\"@type\":\"WebPage\",\"@id\":\"https:\/\/vapingnet.de\/vape\/bang15000-puffs-pomegranate-preiswert-und-langanhaltend-perfekt-fuer-dich\/\",\"url\":\"https:\/\/vapingnet.de\/vape\/bang15000-puffs-pomegranate-preiswert-und-langanhaltend-perfekt-fuer-dich\/\",\"name\":\"Bang15000 Puffs Pomegranate Preiswert und langanhaltend perfekt f\u00fcr dich | Vapingnet.de\",\"isPartOf\":{\"@id\":\"https:\/\/vapingnet.de\/#website\"},\"primaryImageOfPage\":{\"@id\":\"https:\/\/vapingnet.de\/vape\/bang15000-puffs-pomegranate-preiswert-und-langanhaltend-perfekt-fuer-dich\/#primaryimage\"},\"image\":{\"@id\":\"https:\/\/vapingnet.de\/vape\/bang15000-puffs-pomegranate-preiswert-und-langanhaltend-perfekt-fuer-dich\/#primaryimage\"},\"thumbnailUrl\":\"https:\/\/vapingnet.de\/wp-content\/uploads\/2025\/03\/Pomegranate.png\",\"datePublished\":\"2025-03-13T05:52:58+00:00\",\"dateModified\":\"2025-06-19T03:41:28+00:00\",\"description\":\"Entdecke Bang15000 Puffs Pomegranate Preiswert und langanhaltend perfekt f\u00fcr dich bei vapingnet.de, \u25ba Gro\u00dfe Auswahl an Geschmacksrichtungen & super g\u00fcnstig!\",\"breadcrumb\":{\"@id\":\"https:\/\/vapingnet.de\/vape\/bang15000-puffs-pomegranate-preiswert-und-langanhaltend-perfekt-fuer-dich\/#breadcrumb\"},\"inLanguage\":\"lt-LT\",\"potentialAction\":[{\"@type\":\"ReadAction\",\"target\":[\"https:\/\/vapingnet.de\/vape\/bang15000-puffs-pomegranate-preiswert-und-langanhaltend-perfekt-fuer-dich\/\"]}]},{\"@type\":\"ImageObject\",\"inLanguage\":\"lt-LT\",\"@id\":\"https:\/\/vapingnet.de\/vape\/bang15000-puffs-pomegranate-preiswert-und-langanhaltend-perfekt-fuer-dich\/#primaryimage\",\"url\":\"https:\/\/vapingnet.de\/wp-content\/uploads\/2025\/03\/Pomegranate.png\",\"contentUrl\":\"https:\/\/vapingnet.de\/wp-content\/uploads\/2025\/03\/Pomegranate.png\",\"width\":900,\"height\":600,\"caption\":\"Pomegranate\"},{\"@type\":\"BreadcrumbList\",\"@id\":\"https:\/\/vapingnet.de\/vape\/bang15000-puffs-pomegranate-preiswert-und-langanhaltend-perfekt-fuer-dich\/#breadcrumb\",\"itemListElement\":[{\"@type\":\"ListItem\",\"position\":1,\"name\":\"Home\",\"item\":\"https:\/\/vapingnet.de\/\"},{\"@type\":\"ListItem\",\"position\":2,\"name\":\"Shop\",\"item\":\"https:\/\/vapingnet.de\/vape\/\"},{\"@type\":\"ListItem\",\"position\":3,\"name\":\"Bang15000 Puffs Pomegranate Preiswert und langanhaltend perfekt f\u00fcr dich\"}]},{\"@type\":\"WebSite\",\"@id\":\"https:\/\/vapingnet.de\/#website\",\"url\":\"https:\/\/vapingnet.de\/\",\"name\":\"Vapingnet.de\",\"description\":\"\",\"publisher\":{\"@id\":\"https:\/\/vapingnet.de\/#organization\"},\"potentialAction\":[{\"@type\":\"SearchAction\",\"target\":{\"@type\":\"EntryPoint\",\"urlTemplate\":\"https:\/\/vapingnet.de\/?s={search_term_string}\"},\"query-input\":{\"@type\":\"PropertyValueSpecification\",\"valueRequired\":true,\"valueName\":\"search_term_string\"}}],\"inLanguage\":\"lt-LT\"},{\"@type\":\"Organization\",\"@id\":\"https:\/\/vapingnet.de\/#organization\",\"name\":\"Vapingnet.de\",\"url\":\"https:\/\/vapingnet.de\/\",\"logo\":{\"@type\":\"ImageObject\",\"inLanguage\":\"lt-LT\",\"@id\":\"https:\/\/vapingnet.de\/#\/schema\/logo\/image\/\",\"url\":\"https:\/\/vapingnet.de\/wp-content\/uploads\/2025\/03\/cropped-vapingnet.de_.jpg\",\"contentUrl\":\"https:\/\/vapingnet.de\/wp-content\/uploads\/2025\/03\/cropped-vapingnet.de_.jpg\",\"width\":512,\"height\":512,\"caption\":\"Vapingnet.de\"},\"image\":{\"@id\":\"https:\/\/vapingnet.de\/#\/schema\/logo\/image\/\"},\"sameAs\":[\"https:\/\/www.facebook.com\/vapingnetde\/\"]}]}<\/script>\n<!-- \/ Yoast SEO plugin. -->","yoast_head_json":{"title":"Bang15000 Puffs Pomegranate Preiswert und langanhaltend perfekt f\u00fcr dich | Vapingnet.de","description":"Entdecke Bang15000 Puffs Pomegranate Preiswert und langanhaltend perfekt f\u00fcr dich bei vapingnet.de, \u25ba Gro\u00dfe Auswahl an Geschmacksrichtungen & super g\u00fcnstig!","robots":{"index":"index","follow":"follow","max-snippet":"max-snippet:-1","max-image-preview":"max-image-preview:large","max-video-preview":"max-video-preview:-1"},"canonical":"https:\/\/vapingnet.de\/lt\/vape\/bang15000-puffs-pomegranate-preiswert-und-langanhaltend-perfekt-fuer-dich\/","og_locale":"lt_LT","og_type":"article","og_title":"Bang15000 Puffs Pomegranate Preiswert und langanhaltend perfekt f\u00fcr dich | Vapingnet.de","og_description":"Entdecke Bang15000 Puffs Pomegranate Preiswert und langanhaltend perfekt f\u00fcr dich bei vapingnet.de, \u25ba Gro\u00dfe Auswahl an Geschmacksrichtungen & super g\u00fcnstig!","og_url":"https:\/\/vapingnet.de\/lt\/vape\/bang15000-puffs-pomegranate-preiswert-und-langanhaltend-perfekt-fuer-dich\/","og_site_name":"Vapingnet.de","article_publisher":"https:\/\/www.facebook.com\/vapingnetde\/","article_modified_time":"2025-06-19T03:41:28+00:00","og_image":[{"width":900,"height":600,"url":"https:\/\/vapingnet.de\/wp-content\/uploads\/2025\/03\/Pomegranate.png","type":"image\/png"}],"twitter_card":"summary_large_image","twitter_misc":{"Est. reading time":"3 minutes"},"schema":{"@context":"https:\/\/schema.org","@graph":[{"@type":"WebPage","@id":"https:\/\/vapingnet.de\/vape\/bang15000-puffs-pomegranate-preiswert-und-langanhaltend-perfekt-fuer-dich\/","url":"https:\/\/vapingnet.de\/vape\/bang15000-puffs-pomegranate-preiswert-und-langanhaltend-perfekt-fuer-dich\/","name":"Bang15000 Puffs Pomegranate Preiswert und langanhaltend perfekt f\u00fcr dich | Vapingnet.de","isPartOf":{"@id":"https:\/\/vapingnet.de\/#website"},"primaryImageOfPage":{"@id":"https:\/\/vapingnet.de\/vape\/bang15000-puffs-pomegranate-preiswert-und-langanhaltend-perfekt-fuer-dich\/#primaryimage"},"image":{"@id":"https:\/\/vapingnet.de\/vape\/bang15000-puffs-pomegranate-preiswert-und-langanhaltend-perfekt-fuer-dich\/#primaryimage"},"thumbnailUrl":"https:\/\/vapingnet.de\/wp-content\/uploads\/2025\/03\/Pomegranate.png","datePublished":"2025-03-13T05:52:58+00:00","dateModified":"2025-06-19T03:41:28+00:00","description":"Entdecke Bang15000 Puffs Pomegranate Preiswert und langanhaltend perfekt f\u00fcr dich bei vapingnet.de, \u25ba Gro\u00dfe Auswahl an Geschmacksrichtungen & super g\u00fcnstig!","breadcrumb":{"@id":"https:\/\/vapingnet.de\/vape\/bang15000-puffs-pomegranate-preiswert-und-langanhaltend-perfekt-fuer-dich\/#breadcrumb"},"inLanguage":"lt-LT","potentialAction":[{"@type":"ReadAction","target":["https:\/\/vapingnet.de\/vape\/bang15000-puffs-pomegranate-preiswert-und-langanhaltend-perfekt-fuer-dich\/"]}]},{"@type":"ImageObject","inLanguage":"lt-LT","@id":"https:\/\/vapingnet.de\/vape\/bang15000-puffs-pomegranate-preiswert-und-langanhaltend-perfekt-fuer-dich\/#primaryimage","url":"https:\/\/vapingnet.de\/wp-content\/uploads\/2025\/03\/Pomegranate.png","contentUrl":"https:\/\/vapingnet.de\/wp-content\/uploads\/2025\/03\/Pomegranate.png","width":900,"height":600,"caption":"Pomegranate"},{"@type":"BreadcrumbList","@id":"https:\/\/vapingnet.de\/vape\/bang15000-puffs-pomegranate-preiswert-und-langanhaltend-perfekt-fuer-dich\/#breadcrumb","itemListElement":[{"@type":"ListItem","position":1,"name":"Home","item":"https:\/\/vapingnet.de\/"},{"@type":"ListItem","position":2,"name":"Shop","item":"https:\/\/vapingnet.de\/vape\/"},{"@type":"ListItem","position":3,"name":"Bang15000 Puffs Pomegranate Preiswert und langanhaltend perfekt f\u00fcr dich"}]},{"@type":"WebSite","@id":"https:\/\/vapingnet.de\/#website","url":"https:\/\/vapingnet.de\/","name":"Vapingnet.de","description":"","publisher":{"@id":"https:\/\/vapingnet.de\/#organization"},"potentialAction":[{"@type":"SearchAction","target":{"@type":"EntryPoint","urlTemplate":"https:\/\/vapingnet.de\/?s={search_term_string}"},"query-input":{"@type":"PropertyValueSpecification","valueRequired":true,"valueName":"search_term_string"}}],"inLanguage":"lt-LT"},{"@type":"Organization","@id":"https:\/\/vapingnet.de\/#organization","name":"Vapingnet.de","url":"https:\/\/vapingnet.de\/","logo":{"@type":"ImageObject","inLanguage":"lt-LT","@id":"https:\/\/vapingnet.de\/#\/schema\/logo\/image\/","url":"https:\/\/vapingnet.de\/wp-content\/uploads\/2025\/03\/cropped-vapingnet.de_.jpg","contentUrl":"https:\/\/vapingnet.de\/wp-content\/uploads\/2025\/03\/cropped-vapingnet.de_.jpg","width":512,"height":512,"caption":"Vapingnet.de"},"image":{"@id":"https:\/\/vapingnet.de\/#\/schema\/logo\/image\/"},"sameAs":["https:\/\/www.facebook.com\/vapingnetde\/"]}]}},"tiered_pricing_type":"fixed","tiered_pricing_fixed_rules":{"10":"7.31","60":"6.58","110":"5.85","200":"5.12"},"tiered_pricing_product_settings":{"layout":"default","base_unit_name":{"singular":null,"plural":null},"default_variation":null},"tiered_pricing_minimum_quantity":null,"tiered_pricing_roles_data":[],"tiered_pricing_percentage_rules":[],"_links":{"self":[{"href":"https:\/\/vapingnet.de\/lt\/wp-json\/wp\/v2\/product\/5218","targetHints":{"allow":["GET"]}}],"collection":[{"href":"https:\/\/vapingnet.de\/lt\/wp-json\/wp\/v2\/product"}],"about":[{"href":"https:\/\/vapingnet.de\/lt\/wp-json\/wp\/v2\/types\/product"}],"version-history":[{"count":3,"href":"https:\/\/vapingnet.de\/lt\/wp-json\/wp\/v2\/product\/5218\/revisions"}],"predecessor-version":[{"id":5491,"href":"https:\/\/vapingnet.de\/lt\/wp-json\/wp\/v2\/product\/5218\/revisions\/5491"}],"wp:featuredmedia":[{"embeddable":true,"href":"https:\/\/vapingnet.de\/lt\/wp-json\/wp\/v2\/media\/5197"}],"wp:attachment":[{"href":"https:\/\/vapingnet.de\/lt\/wp-json\/wp\/v2\/media?parent=5218"}],"wp:term":[{"taxonomy":"brand","embeddable":true,"href":"https:\/\/vapingnet.de\/lt\/wp-json\/wp\/v2\/etheme_brands?post=5218"},{"taxonomy":"product_brand","embeddable":true,"href":"https:\/\/vapingnet.de\/lt\/wp-json\/wp\/v2\/product_brand?post=5218"},{"taxonomy":"product_cat","embeddable":true,"href":"https:\/\/vapingnet.de\/lt\/wp-json\/wp\/v2\/product_cat?post=5218"},{"taxonomy":"product_tag","embeddable":true,"href":"https:\/\/vapingnet.de\/lt\/wp-json\/wp\/v2\/product_tag?post=5218"}],"curies":[{"name":"wp","href":"https:\/\/api.w.org\/{rel}","templated":true}]}}