{"id":5222,"date":"2025-03-13T05:59:32","date_gmt":"2025-03-13T05:59:32","guid":{"rendered":"https:\/\/vapingnet.de\/?post_type=product&#038;p=5222"},"modified":"2025-06-19T03:41:27","modified_gmt":"2025-06-19T03:41:27","slug":"bang15000-puffs-triple-berry-ice-fruchtig-und-kuehl-direkt-vom-hersteller","status":"publish","type":"product","link":"https:\/\/vapingnet.de\/lt\/vape\/bang15000-puffs-triple-berry-ice-fruchtig-und-kuehl-direkt-vom-hersteller\/","title":{"rendered":"Bang15000 Puffs Triple Berry Ice \u2013 vaisi\u0161kas ir gaivus tiesiai i\u0161 gamintojo"},"content":{"rendered":"<h2 data-start=\"0\" data-end=\"94\">Bang15000 Puf\u0173 \u012fkraunama vienkartin\u0117 elektronin\u0117 cigaret\u0117 \u2013 Tobula pasirinkimas, m\u0117gaukit\u0117s be r\u016bpes\u010di\u0173!<\/h2>\n<p data-start=\"96\" data-end=\"709\">Jei ie\u0161kote elektronin\u0117s cigaret\u0117s, kuri pasi\u017eymi ne\u012ftik\u0117tinu ilgaam\u017ei\u0161kumu ir neprilygstamu skoniu, tada tai yra <a href=\"https:\/\/vapingnet.de\/lt\/bang-15000-puffs\/\" target=\"_blank\" rel=\"noopener\"><strong>Bang15000 Puf\u0173 \u012fkraunama vienkartin\u0117 pod sistema<\/strong><\/a> ideali pasirinktis jums! \u0160i elektronin\u0117 cigaret\u0117 ne tik palaiko \u012fkrovim\u0105, bet ir yra su pa\u017eangia Dul Mesh rit\u0117, kuri garantuoja iki \u0161iol niekada nematyt\u0105 \u0161veln\u0173 garavim\u0105 ir turting\u0105 skon\u012f. Ir geriausia: Bang15000 vienkartin\u0117 elektronin\u0117 cigaret\u0117 yra visi\u0161kai be muito, tod\u0117l ji puikiai tinka asmeniniam naudojimui arba didel\u0117ms u\u017esakymams.<\/p>\n<p data-start=\"96\" data-end=\"709\"><img fetchpriority=\"high\" decoding=\"async\" class=\"size-full wp-image-6911 aligncenter\" src=\"https:\/\/vapingnet.de\/wp-content\/uploads\/2025\/03\/2-scaled.jpg\" alt=\"\" width=\"2560\" height=\"1438\" srcset=\"https:\/\/vapingnet.de\/wp-content\/uploads\/2025\/03\/2-scaled.jpg 2560w, https:\/\/vapingnet.de\/wp-content\/uploads\/2025\/03\/2-300x169.jpg 300w, https:\/\/vapingnet.de\/wp-content\/uploads\/2025\/03\/2-1024x575.jpg 1024w, https:\/\/vapingnet.de\/wp-content\/uploads\/2025\/03\/2-768x431.jpg 768w, https:\/\/vapingnet.de\/wp-content\/uploads\/2025\/03\/2-1536x863.jpg 1536w, https:\/\/vapingnet.de\/wp-content\/uploads\/2025\/03\/2-2048x1150.jpg 2048w, https:\/\/vapingnet.de\/wp-content\/uploads\/2025\/03\/2-600x337.jpg 600w, https:\/\/vapingnet.de\/wp-content\/uploads\/2025\/03\/2-1x1.jpg 1w, https:\/\/vapingnet.de\/wp-content\/uploads\/2025\/03\/2-10x6.jpg 10w\" sizes=\"(max-width: 2560px) 100vw, 2560px\" \/><\/p>\n<h4 data-start=\"711\" data-end=\"734\">Produkto ypatyb\u0117s<\/h4>\n<p data-start=\"736\" data-end=\"955\">1. 15000 \u012fkv\u0117pim\u0173 malonumas Bang15000 yra sukurta vienkartiniam naudojimui, ta\u010diau si\u016blo iki 15000 \u012fkv\u0117pim\u0173, tod\u0117l gal\u0117site ilgai m\u0117gautis nuolatiniu garavimu be nuolatinio \u012frenginio keitimo.<\/p>\n<p data-start=\"957\" data-end=\"1273\">2. \u012ekraunamas dizainas Ji turi 650mAh \u012fkraunam\u0105 baterij\u0105 ir naudoja Type-C jungt\u012f, kuri leid\u017eia greitai \u012fkrauti ir dar patogiau naudotis. Papras\u010diausiai \u012fkraukite ir gal\u0117site toliau m\u0117gautis garavimu \u2013 joki\u0173 r\u016bpes\u010di\u0173 d\u0117l i\u0161sikrovusios baterijos!<\/p>\n<p data-start=\"1275\" data-end=\"1556\">3. Dul Mesh rit\u0117s technologija Bang15000 yra su Dul Mesh rit\u0117 (1,1\u03a9), kuri garantuoja, kad kiekvienas \u012fkv\u0117pimas suteiks tobul\u0105 skon\u012f ir tank\u0173, vienod\u0105 garo i\u0161siskyrim\u0105. J\u016bs m\u0117gausit\u0117s i\u0161skirtinai \u0161velniu ir aromatingu garavimu.<\/p>\n<p data-start=\"1558\" data-end=\"1730\">4. Didel\u0117 E-liquido talpa Kiekviena Bang15000 turi 23 ml E-liquido, tod\u0117l gal\u0117site ilgai garuoti be nuolatinio skys\u010dio papildymo.<\/p>\n<p data-start=\"1732\" data-end=\"2042\">5. Skirtingos nikotino stiprumo pasirinktys Nesvarbu, ar m\u0117gstate \u0161veln\u0173 nikotino neturint\u012f variant\u0105, ar norite \u0161iek tiek stipresnio nikotino, Bang15000 si\u016blo jums tobul\u0105 pasirinkim\u0105: 0%, 2%, 3% ir 5% nikotino stiprumai. Atkreipkite d\u0117mes\u012f, kad stiprumai 0% ir 3% yra prieinami tik didmeniniams u\u017esakymams.<\/p>\n<p data-start=\"2044\" data-end=\"2432\">6. Skoni\u0173 \u012fvairov\u0117 \u2013 Triple Berry Ice Bang15000 si\u016blo daugyb\u0119 skoni\u0173, \u012fskaitant populiar\u0173j\u012f Triple Berry Ice. \u0160i trij\u0173 uog\u0173 ir gaivinan\u010dio ledo derinio kombinacija sukuria unikal\u0173 gaivumo poj\u016bt\u012f. Kiekvienas \u012fkv\u0117pimas atrodo kaip \u0161vie\u017eiausi\u0173 uog\u0173 skonis, papildytas maloniu \u0161altumu.<\/p>\n<h3>Be muito \u2013 be r\u016bpes\u010di\u0173 pirkimas<\/h3>\n<p data-start=\"2477\" data-end=\"2799\">Nesvarbu, ar norite \u012fsigyti Bang15000 asmeniniam naudojimui, ar didmeniniams u\u017esakymams, galite pasinaudoti m\u016bs\u0173 be muito paslauga. Mes si\u016blome greit\u0105 ir patikim\u0105 pristatym\u0105, tod\u0117l nereik\u0117s r\u016bpintis siuntimo problemomis ir gal\u0117site paprastai m\u0117gautis geriausia elektronin\u0117s cigaret\u0117s produktu.<\/p>\n<h3>Dabar \u012fsigykite ir m\u0117gaukit\u0117s be r\u016bpes\u010di\u0173!<\/h3>\n<p data-start=\"2849\" data-end=\"3184\">Apsilankykite m\u016bs\u0173 svetain\u0117je \u0161iandien <a href=\"https:\/\/vapingnet.de\/lt\/\" target=\"_new\" rel=\"noopener\" data-start=\"2883\" data-end=\"2919\">vapingnet.de<\/a>, kad \u012fsigytum\u0117te Bang15000 Puf\u0173 \u012fkraunam\u0105 vienkartin\u0119 elektronin\u0119 cigaret\u0119. Pasirinkite savo pageidaujam\u0105 nikotino stiprum\u0105 ir skon\u012f bei m\u0117gaukit\u0117s 15000 \u012fkv\u0117pim\u0173 tikru malonumu! Nesvarbu, ar naudojate kasdien, ar didmeniniams u\u017esakymams, Bang15000 yra tobulas pasirinkimas.<\/p>\n<p data-start=\"3186\" data-end=\"3296\" data-is-last-node=\"\" data-is-only-node=\"\">Leiskite mums jus \u012ftraukti \u012f nauj\u0105 elektronini\u0173 cigare\u010di\u0173 pasaul\u012f ir m\u0117gaukit\u0117s kiekvienu \u012fkv\u0117pimu jos grynumu ir d\u017eiaugsmu!<\/p>","protected":false},"excerpt":{"rendered":"<p>Bang15000 Puffs Wiederaufladbare Einweg-E-Zigarette \u2013 Perfekte Wahl, Genie\u00dfen ohne Sorgen! Wenn du auf der Suche nach einer E-Zigarette bist, die eine au\u00dfergew\u00f6hnlich lange Lebensdauer und&#8230;<\/p>","protected":false},"featured_media":5223,"template":"","meta":[],"etheme_brands":[],"product_brand":[101],"product_cat":[53,49,61],"product_tag":[],"class_list":{"0":"post-5222","1":"product","2":"type-product","3":"status-publish","4":"has-post-thumbnail","6":"product_brand-bang-king-vape","7":"product_cat-vape-15000-zuege","8":"product_cat-einweg-e-zigarette","9":"product_cat-f","11":"first","12":"instock","13":"shipping-taxable","14":"purchasable","15":"product-type-simple"},"yoast_head":"<!-- This site is optimized with the Yoast SEO plugin v26.5 - https:\/\/yoast.com\/wordpress\/plugins\/seo\/ -->\n<title>Bang15000 Puffs Triple Berry Ice Fruchtig und k\u00fchl direkt vom Hersteller | Vapingnet.de<\/title>\n<meta name=\"description\" content=\"Entdecke Bang15000 Puffs Triple Berry Ice Fruchtig und k\u00fchl direkt vom Hersteller bei vapingnet.de, \u25ba Gro\u00dfe Auswahl an Geschmacksrichtungen &amp; super g\u00fcnstig!\" \/>\n<meta name=\"robots\" content=\"index, follow, max-snippet:-1, max-image-preview:large, max-video-preview:-1\" \/>\n<link rel=\"canonical\" href=\"https:\/\/vapingnet.de\/lt\/vape\/bang15000-puffs-triple-berry-ice-fruchtig-und-kuehl-direkt-vom-hersteller\/\" \/>\n<meta property=\"og:locale\" content=\"lt_LT\" \/>\n<meta property=\"og:type\" content=\"article\" \/>\n<meta property=\"og:title\" content=\"Bang15000 Puffs Triple Berry Ice Fruchtig und k\u00fchl direkt vom Hersteller | Vapingnet.de\" \/>\n<meta property=\"og:description\" content=\"Entdecke Bang15000 Puffs Triple Berry Ice Fruchtig und k\u00fchl direkt vom Hersteller bei vapingnet.de, \u25ba Gro\u00dfe Auswahl an Geschmacksrichtungen &amp; super g\u00fcnstig!\" \/>\n<meta property=\"og:url\" content=\"https:\/\/vapingnet.de\/lt\/vape\/bang15000-puffs-triple-berry-ice-fruchtig-und-kuehl-direkt-vom-hersteller\/\" \/>\n<meta property=\"og:site_name\" content=\"Vapingnet.de\" \/>\n<meta property=\"article:publisher\" content=\"https:\/\/www.facebook.com\/vapingnetde\/\" \/>\n<meta property=\"article:modified_time\" content=\"2025-06-19T03:41:27+00:00\" \/>\n<meta property=\"og:image\" content=\"https:\/\/vapingnet.de\/wp-content\/uploads\/2025\/03\/Triple-Berry-Ice.png\" \/>\n\t<meta property=\"og:image:width\" content=\"900\" \/>\n\t<meta property=\"og:image:height\" content=\"600\" \/>\n\t<meta property=\"og:image:type\" content=\"image\/png\" \/>\n<meta name=\"twitter:card\" content=\"summary_large_image\" \/>\n<meta name=\"twitter:label1\" content=\"Est. reading time\" \/>\n\t<meta name=\"twitter:data1\" content=\"3 minutes\" \/>\n<script type=\"application\/ld+json\" class=\"yoast-schema-graph\">{\"@context\":\"https:\/\/schema.org\",\"@graph\":[{\"@type\":\"WebPage\",\"@id\":\"https:\/\/vapingnet.de\/vape\/bang15000-puffs-triple-berry-ice-fruchtig-und-kuehl-direkt-vom-hersteller\/\",\"url\":\"https:\/\/vapingnet.de\/vape\/bang15000-puffs-triple-berry-ice-fruchtig-und-kuehl-direkt-vom-hersteller\/\",\"name\":\"Bang15000 Puffs Triple Berry Ice Fruchtig und k\u00fchl direkt vom Hersteller | Vapingnet.de\",\"isPartOf\":{\"@id\":\"https:\/\/vapingnet.de\/#website\"},\"primaryImageOfPage\":{\"@id\":\"https:\/\/vapingnet.de\/vape\/bang15000-puffs-triple-berry-ice-fruchtig-und-kuehl-direkt-vom-hersteller\/#primaryimage\"},\"image\":{\"@id\":\"https:\/\/vapingnet.de\/vape\/bang15000-puffs-triple-berry-ice-fruchtig-und-kuehl-direkt-vom-hersteller\/#primaryimage\"},\"thumbnailUrl\":\"https:\/\/vapingnet.de\/wp-content\/uploads\/2025\/03\/Triple-Berry-Ice.png\",\"datePublished\":\"2025-03-13T05:59:32+00:00\",\"dateModified\":\"2025-06-19T03:41:27+00:00\",\"description\":\"Entdecke Bang15000 Puffs Triple Berry Ice Fruchtig und k\u00fchl direkt vom Hersteller bei vapingnet.de, \u25ba Gro\u00dfe Auswahl an Geschmacksrichtungen & super g\u00fcnstig!\",\"breadcrumb\":{\"@id\":\"https:\/\/vapingnet.de\/vape\/bang15000-puffs-triple-berry-ice-fruchtig-und-kuehl-direkt-vom-hersteller\/#breadcrumb\"},\"inLanguage\":\"lt-LT\",\"potentialAction\":[{\"@type\":\"ReadAction\",\"target\":[\"https:\/\/vapingnet.de\/vape\/bang15000-puffs-triple-berry-ice-fruchtig-und-kuehl-direkt-vom-hersteller\/\"]}]},{\"@type\":\"ImageObject\",\"inLanguage\":\"lt-LT\",\"@id\":\"https:\/\/vapingnet.de\/vape\/bang15000-puffs-triple-berry-ice-fruchtig-und-kuehl-direkt-vom-hersteller\/#primaryimage\",\"url\":\"https:\/\/vapingnet.de\/wp-content\/uploads\/2025\/03\/Triple-Berry-Ice.png\",\"contentUrl\":\"https:\/\/vapingnet.de\/wp-content\/uploads\/2025\/03\/Triple-Berry-Ice.png\",\"width\":900,\"height\":600,\"caption\":\"Triple Berry Ice\"},{\"@type\":\"BreadcrumbList\",\"@id\":\"https:\/\/vapingnet.de\/vape\/bang15000-puffs-triple-berry-ice-fruchtig-und-kuehl-direkt-vom-hersteller\/#breadcrumb\",\"itemListElement\":[{\"@type\":\"ListItem\",\"position\":1,\"name\":\"Home\",\"item\":\"https:\/\/vapingnet.de\/\"},{\"@type\":\"ListItem\",\"position\":2,\"name\":\"Shop\",\"item\":\"https:\/\/vapingnet.de\/vape\/\"},{\"@type\":\"ListItem\",\"position\":3,\"name\":\"Bang15000 Puffs Triple Berry Ice Fruchtig und k\u00fchl direkt vom Hersteller\"}]},{\"@type\":\"WebSite\",\"@id\":\"https:\/\/vapingnet.de\/#website\",\"url\":\"https:\/\/vapingnet.de\/\",\"name\":\"Vapingnet.de\",\"description\":\"\",\"publisher\":{\"@id\":\"https:\/\/vapingnet.de\/#organization\"},\"potentialAction\":[{\"@type\":\"SearchAction\",\"target\":{\"@type\":\"EntryPoint\",\"urlTemplate\":\"https:\/\/vapingnet.de\/?s={search_term_string}\"},\"query-input\":{\"@type\":\"PropertyValueSpecification\",\"valueRequired\":true,\"valueName\":\"search_term_string\"}}],\"inLanguage\":\"lt-LT\"},{\"@type\":\"Organization\",\"@id\":\"https:\/\/vapingnet.de\/#organization\",\"name\":\"Vapingnet.de\",\"url\":\"https:\/\/vapingnet.de\/\",\"logo\":{\"@type\":\"ImageObject\",\"inLanguage\":\"lt-LT\",\"@id\":\"https:\/\/vapingnet.de\/#\/schema\/logo\/image\/\",\"url\":\"https:\/\/vapingnet.de\/wp-content\/uploads\/2025\/03\/cropped-vapingnet.de_.jpg\",\"contentUrl\":\"https:\/\/vapingnet.de\/wp-content\/uploads\/2025\/03\/cropped-vapingnet.de_.jpg\",\"width\":512,\"height\":512,\"caption\":\"Vapingnet.de\"},\"image\":{\"@id\":\"https:\/\/vapingnet.de\/#\/schema\/logo\/image\/\"},\"sameAs\":[\"https:\/\/www.facebook.com\/vapingnetde\/\"]}]}<\/script>\n<!-- \/ Yoast SEO plugin. -->","yoast_head_json":{"title":"Bang15000 Puffs Triple Berry Ice Fruchtig und k\u00fchl direkt vom Hersteller | Vapingnet.de","description":"Entdecke Bang15000 Puffs Triple Berry Ice Fruchtig und k\u00fchl direkt vom Hersteller bei vapingnet.de, \u25ba Gro\u00dfe Auswahl an Geschmacksrichtungen & super g\u00fcnstig!","robots":{"index":"index","follow":"follow","max-snippet":"max-snippet:-1","max-image-preview":"max-image-preview:large","max-video-preview":"max-video-preview:-1"},"canonical":"https:\/\/vapingnet.de\/lt\/vape\/bang15000-puffs-triple-berry-ice-fruchtig-und-kuehl-direkt-vom-hersteller\/","og_locale":"lt_LT","og_type":"article","og_title":"Bang15000 Puffs Triple Berry Ice Fruchtig und k\u00fchl direkt vom Hersteller | Vapingnet.de","og_description":"Entdecke Bang15000 Puffs Triple Berry Ice Fruchtig und k\u00fchl direkt vom Hersteller bei vapingnet.de, \u25ba Gro\u00dfe Auswahl an Geschmacksrichtungen & super g\u00fcnstig!","og_url":"https:\/\/vapingnet.de\/lt\/vape\/bang15000-puffs-triple-berry-ice-fruchtig-und-kuehl-direkt-vom-hersteller\/","og_site_name":"Vapingnet.de","article_publisher":"https:\/\/www.facebook.com\/vapingnetde\/","article_modified_time":"2025-06-19T03:41:27+00:00","og_image":[{"width":900,"height":600,"url":"https:\/\/vapingnet.de\/wp-content\/uploads\/2025\/03\/Triple-Berry-Ice.png","type":"image\/png"}],"twitter_card":"summary_large_image","twitter_misc":{"Est. reading time":"3 minutes"},"schema":{"@context":"https:\/\/schema.org","@graph":[{"@type":"WebPage","@id":"https:\/\/vapingnet.de\/vape\/bang15000-puffs-triple-berry-ice-fruchtig-und-kuehl-direkt-vom-hersteller\/","url":"https:\/\/vapingnet.de\/vape\/bang15000-puffs-triple-berry-ice-fruchtig-und-kuehl-direkt-vom-hersteller\/","name":"Bang15000 Puffs Triple Berry Ice Fruchtig und k\u00fchl direkt vom Hersteller | Vapingnet.de","isPartOf":{"@id":"https:\/\/vapingnet.de\/#website"},"primaryImageOfPage":{"@id":"https:\/\/vapingnet.de\/vape\/bang15000-puffs-triple-berry-ice-fruchtig-und-kuehl-direkt-vom-hersteller\/#primaryimage"},"image":{"@id":"https:\/\/vapingnet.de\/vape\/bang15000-puffs-triple-berry-ice-fruchtig-und-kuehl-direkt-vom-hersteller\/#primaryimage"},"thumbnailUrl":"https:\/\/vapingnet.de\/wp-content\/uploads\/2025\/03\/Triple-Berry-Ice.png","datePublished":"2025-03-13T05:59:32+00:00","dateModified":"2025-06-19T03:41:27+00:00","description":"Entdecke Bang15000 Puffs Triple Berry Ice Fruchtig und k\u00fchl direkt vom Hersteller bei vapingnet.de, \u25ba Gro\u00dfe Auswahl an Geschmacksrichtungen & super g\u00fcnstig!","breadcrumb":{"@id":"https:\/\/vapingnet.de\/vape\/bang15000-puffs-triple-berry-ice-fruchtig-und-kuehl-direkt-vom-hersteller\/#breadcrumb"},"inLanguage":"lt-LT","potentialAction":[{"@type":"ReadAction","target":["https:\/\/vapingnet.de\/vape\/bang15000-puffs-triple-berry-ice-fruchtig-und-kuehl-direkt-vom-hersteller\/"]}]},{"@type":"ImageObject","inLanguage":"lt-LT","@id":"https:\/\/vapingnet.de\/vape\/bang15000-puffs-triple-berry-ice-fruchtig-und-kuehl-direkt-vom-hersteller\/#primaryimage","url":"https:\/\/vapingnet.de\/wp-content\/uploads\/2025\/03\/Triple-Berry-Ice.png","contentUrl":"https:\/\/vapingnet.de\/wp-content\/uploads\/2025\/03\/Triple-Berry-Ice.png","width":900,"height":600,"caption":"Triple Berry Ice"},{"@type":"BreadcrumbList","@id":"https:\/\/vapingnet.de\/vape\/bang15000-puffs-triple-berry-ice-fruchtig-und-kuehl-direkt-vom-hersteller\/#breadcrumb","itemListElement":[{"@type":"ListItem","position":1,"name":"Home","item":"https:\/\/vapingnet.de\/"},{"@type":"ListItem","position":2,"name":"Shop","item":"https:\/\/vapingnet.de\/vape\/"},{"@type":"ListItem","position":3,"name":"Bang15000 Puffs Triple Berry Ice Fruchtig und k\u00fchl direkt vom Hersteller"}]},{"@type":"WebSite","@id":"https:\/\/vapingnet.de\/#website","url":"https:\/\/vapingnet.de\/","name":"Vapingnet.de","description":"","publisher":{"@id":"https:\/\/vapingnet.de\/#organization"},"potentialAction":[{"@type":"SearchAction","target":{"@type":"EntryPoint","urlTemplate":"https:\/\/vapingnet.de\/?s={search_term_string}"},"query-input":{"@type":"PropertyValueSpecification","valueRequired":true,"valueName":"search_term_string"}}],"inLanguage":"lt-LT"},{"@type":"Organization","@id":"https:\/\/vapingnet.de\/#organization","name":"Vapingnet.de","url":"https:\/\/vapingnet.de\/","logo":{"@type":"ImageObject","inLanguage":"lt-LT","@id":"https:\/\/vapingnet.de\/#\/schema\/logo\/image\/","url":"https:\/\/vapingnet.de\/wp-content\/uploads\/2025\/03\/cropped-vapingnet.de_.jpg","contentUrl":"https:\/\/vapingnet.de\/wp-content\/uploads\/2025\/03\/cropped-vapingnet.de_.jpg","width":512,"height":512,"caption":"Vapingnet.de"},"image":{"@id":"https:\/\/vapingnet.de\/#\/schema\/logo\/image\/"},"sameAs":["https:\/\/www.facebook.com\/vapingnetde\/"]}]}},"tiered_pricing_type":"fixed","tiered_pricing_fixed_rules":{"10":"7.31","60":"6.58","110":"5.85","200":"5.12"},"tiered_pricing_product_settings":{"layout":"default","base_unit_name":{"singular":null,"plural":null},"default_variation":null},"tiered_pricing_minimum_quantity":null,"tiered_pricing_roles_data":[],"tiered_pricing_percentage_rules":[],"_links":{"self":[{"href":"https:\/\/vapingnet.de\/lt\/wp-json\/wp\/v2\/product\/5222","targetHints":{"allow":["GET"]}}],"collection":[{"href":"https:\/\/vapingnet.de\/lt\/wp-json\/wp\/v2\/product"}],"about":[{"href":"https:\/\/vapingnet.de\/lt\/wp-json\/wp\/v2\/types\/product"}],"version-history":[{"count":2,"href":"https:\/\/vapingnet.de\/lt\/wp-json\/wp\/v2\/product\/5222\/revisions"}],"predecessor-version":[{"id":6912,"href":"https:\/\/vapingnet.de\/lt\/wp-json\/wp\/v2\/product\/5222\/revisions\/6912"}],"wp:featuredmedia":[{"embeddable":true,"href":"https:\/\/vapingnet.de\/lt\/wp-json\/wp\/v2\/media\/5223"}],"wp:attachment":[{"href":"https:\/\/vapingnet.de\/lt\/wp-json\/wp\/v2\/media?parent=5222"}],"wp:term":[{"taxonomy":"brand","embeddable":true,"href":"https:\/\/vapingnet.de\/lt\/wp-json\/wp\/v2\/etheme_brands?post=5222"},{"taxonomy":"product_brand","embeddable":true,"href":"https:\/\/vapingnet.de\/lt\/wp-json\/wp\/v2\/product_brand?post=5222"},{"taxonomy":"product_cat","embeddable":true,"href":"https:\/\/vapingnet.de\/lt\/wp-json\/wp\/v2\/product_cat?post=5222"},{"taxonomy":"product_tag","embeddable":true,"href":"https:\/\/vapingnet.de\/lt\/wp-json\/wp\/v2\/product_tag?post=5222"}],"curies":[{"name":"wp","href":"https:\/\/api.w.org\/{rel}","templated":true}]}}