{"id":5228,"date":"2025-03-13T06:10:14","date_gmt":"2025-03-13T06:10:14","guid":{"rendered":"https:\/\/vapingnet.de\/?post_type=product&#038;p=5228"},"modified":"2025-06-19T03:41:27","modified_gmt":"2025-06-19T03:41:27","slug":"langer-dampfgenuss-mit-watermelon-ice-bang15000-puffs","status":"publish","type":"product","link":"https:\/\/vapingnet.de\/lt\/vape\/langer-dampfgenuss-mit-watermelon-ice-bang15000-puffs\/","title":{"rendered":"Ilgas garavimo malonumas su Watermelon Ice Bang 15000 p\u016btim\u0173"},"content":{"rendered":"<h2 data-start=\"0\" data-end=\"108\">Bang15000 Puf\u0173 \u012fkraunama vienkartin\u0117 elektronin\u0117 cigaret\u0117 \u2013 Watermelon Ice, 15000 \u012fkv\u0117pim\u0173 pilno malonumo<\/h2>\n<p data-start=\"115\" data-end=\"573\">Ji <a href=\"https:\/\/vapingnet.de\/lt\/bang-15000-puffs\/\" target=\"_blank\" rel=\"noopener\"><strong>Bang15000 Puf\u0173 \u012fkraunama vienkartin\u0117 pod sistema<\/strong><\/a> yra inovatyvi, \u012fkraunama vienkartin\u0117 elektronin\u0117 cigaret\u0117, si\u016blanti iki 15000 \u012fkv\u0117pim\u0173. Ji sujungia pa\u017eangi\u0105 Dul Mesh rit\u0117s technologij\u0105, 650mAh \u012fkraunam\u0105 baterij\u0105 ir 23mL E-skys\u010dio talp\u0105, u\u017etikrinan\u010di\u0105 neprilygstam\u0105 garavimo patirt\u012f. Su \u0161aldan\u010diu Watermelon Ice skoniu kiekvienas \u012fkv\u0117pimas tampa gaiviu ir maloniu potyriu.<\/p>\n<h3 data-start=\"580\" data-end=\"599\">Produkto ypatyb\u0117s<\/h3>\n<ul data-start=\"601\" data-end=\"2439\">\n<li data-start=\"601\" data-end=\"869\">\n<p data-start=\"603\" data-end=\"869\">15000 \u012fkv\u0117pim\u0173 ilgam naudojimui<br data-start=\"651\" data-end=\"654\" \/>Kiekviena Bang15000 elektronin\u0117 cigaret\u0117 suteikia iki 15000 \u012fkv\u0117pim\u0173, tod\u0117l ji yra puikus pasirinkimas ilgalaikiam naudojimui. Nereikia da\u017enai keisti \u012frengini\u0173, tik ilgalaikio d\u017eiaugsmo kiekvienu garu.<\/p>\n<\/li>\n<li data-start=\"871\" data-end=\"1126\">\n<p data-start=\"873\" data-end=\"1126\">\u012ekraunama baterija su Type-C jungtimi<br data-start=\"923\" data-end=\"926\" \/>Su 650mAh \u012fkraunama baterija ir greita Type-C jungtimi, Bang15000 u\u017etikrina greit\u0105 ir paprast\u0105 \u012fkrovim\u0105, kad niekada nepritr\u016bktum\u0117te garavimo malonumo.<\/p>\n<\/li>\n<li data-start=\"1128\" data-end=\"1354\">\n<p data-start=\"1130\" data-end=\"1354\">Dul Mesh 1.1\u03a9 rit\u0117s technologija<br data-start=\"1165\" data-end=\"1168\" \/>Pa\u017eangi Dul Mesh rit\u0117 (1.1\u03a9) u\u017etikrina tolyg\u0173 ir piln\u0105 garavim\u0105, kuris kiekvienu \u012fkv\u0117pimu suteikia intensyv\u0173 ir nuosekl\u0173 skonio patirt\u012f.<\/p>\n<\/li>\n<li data-start=\"1356\" data-end=\"1607\">\n<p data-start=\"1358\" data-end=\"1607\">Didel\u0117 skys\u010dio talpa (23mL)<br data-start=\"1391\" data-end=\"1394\" \/>Kiekviena elektronin\u0117 cigaret\u0117 turi 23mL skys\u010dio, tod\u0117l nereikia nuolat papildyti. \u0160i didel\u0117 talpa leid\u017eia ilgiau m\u0117gautis garavimu ir patogiai naudotis be pertrauk\u0173.<\/p>\n<\/li>\n<li data-start=\"1609\" data-end=\"1879\">\n<p data-start=\"1611\" data-end=\"1879\">Arb\u016bzo ledas<br data-start=\"1639\" data-end=\"1642\" \/>Watermelon Ice skonis sujungia arb\u016bzo saldum\u0105 su gaivinan\u010dia \u0161altumu. Kiekvienas \u012fkv\u0117pimas suteikia jausm\u0105 kaip gaivus vasaros kelion\u0117s potyris \u2013 gaivus ir kartu skanus.<\/p>\n<\/li>\n<li data-start=\"1881\" data-end=\"2149\">\n<p data-start=\"1883\" data-end=\"2149\">Skirtingos nikotino stiprumo opcijos<br data-start=\"1914\" data-end=\"1917\" \/>Bang15000 yra prieinama nikotino stiprumais 0%, 2%, 3% ir 5%, tod\u0117l galite pritaikyti nikotino kiek\u012f pagal savo poreikius. Atkreipkite d\u0117mes\u012f, kad 0% ir 3% nikotinas yra tik didmenin\u0117ms u\u017esakymams.<\/p>\n<\/li>\n<li data-start=\"2151\" data-end=\"2439\">\n<p data-start=\"2153\" data-end=\"2439\">Be muit\u0173 ir patogus pirkimas<br data-start=\"2186\" data-end=\"2189\" \/>Bang15000 elektronin\u0117s cigaret\u0117s pirkimas yra <a href=\"https:\/\/vapingnet.de\/lt\/k\/f\/\" target=\"_blank\" rel=\"noopener\"><strong>visi\u0161kai be muit\u0173<\/strong><\/a>, tod\u0117l galite m\u0117gautis be streso patirtimi. Nesvarbu, ar tai asmeniniam naudojimui, ar didmeniniam pirkimui \u2013 \u0161i elektronin\u0117 cigaret\u0117 si\u016blo puik\u0173 kainos ir kokyb\u0117s santyk\u012f.<\/p>\n<\/li>\n<\/ul>\n<h4 data-start=\"2446\" data-end=\"2461\"><img fetchpriority=\"high\" decoding=\"async\" class=\"size-full wp-image-6909 aligncenter\" src=\"https:\/\/vapingnet.de\/wp-content\/uploads\/2025\/03\/VAPE-1.jpg\" alt=\"\" width=\"1296\" height=\"1080\" srcset=\"https:\/\/vapingnet.de\/wp-content\/uploads\/2025\/03\/VAPE-1.jpg 1296w, https:\/\/vapingnet.de\/wp-content\/uploads\/2025\/03\/VAPE-1-300x250.jpg 300w, https:\/\/vapingnet.de\/wp-content\/uploads\/2025\/03\/VAPE-1-1024x853.jpg 1024w, https:\/\/vapingnet.de\/wp-content\/uploads\/2025\/03\/VAPE-1-768x640.jpg 768w, https:\/\/vapingnet.de\/wp-content\/uploads\/2025\/03\/VAPE-1-600x500.jpg 600w, https:\/\/vapingnet.de\/wp-content\/uploads\/2025\/03\/VAPE-1-1x1.jpg 1w, https:\/\/vapingnet.de\/wp-content\/uploads\/2025\/03\/VAPE-1-10x8.jpg 10w\" sizes=\"(max-width: 1296px) 100vw, 1296px\" \/><\/h4>\n<h4 data-start=\"2446\" data-end=\"2461\">Tikslin\u0117s grup\u0117s<\/h4>\n<ul data-start=\"2463\" data-end=\"2917\">\n<li data-start=\"2463\" data-end=\"2697\">Asmeniniam naudojimui: Jei esate elektronini\u0173 cigare\u010di\u0173 entuziastas, Bang15000 yra tobulas pasirinkimas jums. Ji si\u016blo ilgalaik\u012f naudojim\u0105, puik\u0173 skon\u012f ir patogi\u0105 \u012fkrovimo funkcij\u0105.<\/li>\n<li data-start=\"2698\" data-end=\"2917\">Didmeniniams pirk\u0117jams: Bang15000 taip pat ideali didmeniniam pirkimui. Su dideliu talpumu, patraukliu kainos ir kokyb\u0117s santykiu bei be muit\u0173, ji yra puikus pasirinkimas didel\u0117ms u\u017esakym\u0173 partijoms.<\/li>\n<\/ul>\n<h4 data-start=\"2924\" data-end=\"3220\">Kaip galite \u012fsigyti<\/h4>\n<p data-start=\"2924\" data-end=\"3220\">Apsilankykite dabar m\u016bs\u0173 svetain\u0117je <a href=\"https:\/\/vapingnet.de\/lt\/\" target=\"_new\" rel=\"noopener\" data-start=\"2983\" data-end=\"3019\">vapingnet.de<\/a>, pasirinkite savo m\u0117gstam\u0105 skon\u012f ir nikotino kiek\u012f ir m\u0117gaukit\u0117s 15000 \u012fkv\u0117pim\u0173 gryno garo malonumo. Nesvarbu, ar tai b\u016bt\u0173 asmeniniam naudojimui, ar didel\u0117ms u\u017esakymams \u2013 Bang15000 yra tobulas pasirinkimas!<\/p>\n<p data-start=\"3222\" data-end=\"3335\" data-is-last-node=\"\" data-is-only-node=\"\">Patirkite gaiv\u0173 vandens meliono skon\u012f ir \u012fsitraukite \u012f nauj\u0105 garavimo epoch\u0105!<\/p>","protected":false},"excerpt":{"rendered":"<p>Bang15000 P\u016b\u010di\u0173 \u012ekraunama Vienkartin\u0117 Elektronin\u0117 Cigaret\u0117 \u2013 Arb\u016bz\u0173 ledas, 15000 \u012fkv\u0117pim\u0173 pilni malonumo Bang15000 P\u016b\u010di\u0173 \u012ekraunama Vienkartin\u0117 Pod yra inovatyvi, \u012fkraunama vienkartin\u0117 elektronin\u0117 cigaret\u0117, kuri gali suteikti iki...<\/p>","protected":false},"featured_media":5230,"template":"","meta":[],"etheme_brands":[],"product_brand":[101],"product_cat":[53,49,61],"product_tag":[],"class_list":{"0":"post-5228","1":"product","2":"type-product","3":"status-publish","4":"has-post-thumbnail","6":"product_brand-bang-king-vape","7":"product_cat-vape-15000-zuege","8":"product_cat-einweg-e-zigarette","9":"product_cat-f","11":"first","12":"instock","13":"shipping-taxable","14":"purchasable","15":"product-type-simple"},"yoast_head":"<!-- This site is optimized with the Yoast SEO plugin v26.5 - https:\/\/yoast.com\/wordpress\/plugins\/seo\/ -->\n<title>Langer Dampfgenuss mit Watermelon Ice Bang15000 Puffs | Vapingnet.de<\/title>\n<meta name=\"description\" content=\"Entdecke Langer Dampfgenuss mit Watermelon Ice Bang15000 Puffs bei vapingnet.de, \u25ba Gro\u00dfe Auswahl an Geschmacksrichtungen &amp; super g\u00fcnstig!\" \/>\n<meta name=\"robots\" content=\"index, follow, max-snippet:-1, max-image-preview:large, max-video-preview:-1\" \/>\n<link rel=\"canonical\" href=\"https:\/\/vapingnet.de\/lt\/vape\/langer-dampfgenuss-mit-watermelon-ice-bang15000-puffs\/\" \/>\n<meta property=\"og:locale\" content=\"lt_LT\" \/>\n<meta property=\"og:type\" content=\"article\" \/>\n<meta property=\"og:title\" content=\"Langer Dampfgenuss mit Watermelon Ice Bang15000 Puffs | Vapingnet.de\" \/>\n<meta property=\"og:description\" content=\"Entdecke Langer Dampfgenuss mit Watermelon Ice Bang15000 Puffs bei vapingnet.de, \u25ba Gro\u00dfe Auswahl an Geschmacksrichtungen &amp; super g\u00fcnstig!\" \/>\n<meta property=\"og:url\" content=\"https:\/\/vapingnet.de\/lt\/vape\/langer-dampfgenuss-mit-watermelon-ice-bang15000-puffs\/\" \/>\n<meta property=\"og:site_name\" content=\"Vapingnet.de\" \/>\n<meta property=\"article:publisher\" content=\"https:\/\/www.facebook.com\/vapingnetde\/\" \/>\n<meta property=\"article:modified_time\" content=\"2025-06-19T03:41:27+00:00\" \/>\n<meta property=\"og:image\" content=\"https:\/\/vapingnet.de\/wp-content\/uploads\/2025\/03\/Watermelon-Ice.png\" \/>\n\t<meta property=\"og:image:width\" content=\"900\" \/>\n\t<meta property=\"og:image:height\" content=\"600\" \/>\n\t<meta property=\"og:image:type\" content=\"image\/png\" \/>\n<meta name=\"twitter:card\" content=\"summary_large_image\" \/>\n<meta name=\"twitter:label1\" content=\"Est. reading time\" \/>\n\t<meta name=\"twitter:data1\" content=\"3 minutes\" \/>\n<script type=\"application\/ld+json\" class=\"yoast-schema-graph\">{\"@context\":\"https:\/\/schema.org\",\"@graph\":[{\"@type\":\"WebPage\",\"@id\":\"https:\/\/vapingnet.de\/vape\/langer-dampfgenuss-mit-watermelon-ice-bang15000-puffs\/\",\"url\":\"https:\/\/vapingnet.de\/vape\/langer-dampfgenuss-mit-watermelon-ice-bang15000-puffs\/\",\"name\":\"Langer Dampfgenuss mit Watermelon Ice Bang15000 Puffs | Vapingnet.de\",\"isPartOf\":{\"@id\":\"https:\/\/vapingnet.de\/#website\"},\"primaryImageOfPage\":{\"@id\":\"https:\/\/vapingnet.de\/vape\/langer-dampfgenuss-mit-watermelon-ice-bang15000-puffs\/#primaryimage\"},\"image\":{\"@id\":\"https:\/\/vapingnet.de\/vape\/langer-dampfgenuss-mit-watermelon-ice-bang15000-puffs\/#primaryimage\"},\"thumbnailUrl\":\"https:\/\/vapingnet.de\/wp-content\/uploads\/2025\/03\/Watermelon-Ice.png\",\"datePublished\":\"2025-03-13T06:10:14+00:00\",\"dateModified\":\"2025-06-19T03:41:27+00:00\",\"description\":\"Entdecke Langer Dampfgenuss mit Watermelon Ice Bang15000 Puffs bei vapingnet.de, \u25ba Gro\u00dfe Auswahl an Geschmacksrichtungen & super g\u00fcnstig!\",\"breadcrumb\":{\"@id\":\"https:\/\/vapingnet.de\/vape\/langer-dampfgenuss-mit-watermelon-ice-bang15000-puffs\/#breadcrumb\"},\"inLanguage\":\"lt-LT\",\"potentialAction\":[{\"@type\":\"ReadAction\",\"target\":[\"https:\/\/vapingnet.de\/vape\/langer-dampfgenuss-mit-watermelon-ice-bang15000-puffs\/\"]}]},{\"@type\":\"ImageObject\",\"inLanguage\":\"lt-LT\",\"@id\":\"https:\/\/vapingnet.de\/vape\/langer-dampfgenuss-mit-watermelon-ice-bang15000-puffs\/#primaryimage\",\"url\":\"https:\/\/vapingnet.de\/wp-content\/uploads\/2025\/03\/Watermelon-Ice.png\",\"contentUrl\":\"https:\/\/vapingnet.de\/wp-content\/uploads\/2025\/03\/Watermelon-Ice.png\",\"width\":900,\"height\":600,\"caption\":\"Watermelon Ice\"},{\"@type\":\"BreadcrumbList\",\"@id\":\"https:\/\/vapingnet.de\/vape\/langer-dampfgenuss-mit-watermelon-ice-bang15000-puffs\/#breadcrumb\",\"itemListElement\":[{\"@type\":\"ListItem\",\"position\":1,\"name\":\"Home\",\"item\":\"https:\/\/vapingnet.de\/\"},{\"@type\":\"ListItem\",\"position\":2,\"name\":\"Shop\",\"item\":\"https:\/\/vapingnet.de\/vape\/\"},{\"@type\":\"ListItem\",\"position\":3,\"name\":\"Langer Dampfgenuss mit Watermelon Ice Bang15000 Puffs\"}]},{\"@type\":\"WebSite\",\"@id\":\"https:\/\/vapingnet.de\/#website\",\"url\":\"https:\/\/vapingnet.de\/\",\"name\":\"Vapingnet.de\",\"description\":\"\",\"publisher\":{\"@id\":\"https:\/\/vapingnet.de\/#organization\"},\"potentialAction\":[{\"@type\":\"SearchAction\",\"target\":{\"@type\":\"EntryPoint\",\"urlTemplate\":\"https:\/\/vapingnet.de\/?s={search_term_string}\"},\"query-input\":{\"@type\":\"PropertyValueSpecification\",\"valueRequired\":true,\"valueName\":\"search_term_string\"}}],\"inLanguage\":\"lt-LT\"},{\"@type\":\"Organization\",\"@id\":\"https:\/\/vapingnet.de\/#organization\",\"name\":\"Vapingnet.de\",\"url\":\"https:\/\/vapingnet.de\/\",\"logo\":{\"@type\":\"ImageObject\",\"inLanguage\":\"lt-LT\",\"@id\":\"https:\/\/vapingnet.de\/#\/schema\/logo\/image\/\",\"url\":\"https:\/\/vapingnet.de\/wp-content\/uploads\/2025\/03\/cropped-vapingnet.de_.jpg\",\"contentUrl\":\"https:\/\/vapingnet.de\/wp-content\/uploads\/2025\/03\/cropped-vapingnet.de_.jpg\",\"width\":512,\"height\":512,\"caption\":\"Vapingnet.de\"},\"image\":{\"@id\":\"https:\/\/vapingnet.de\/#\/schema\/logo\/image\/\"},\"sameAs\":[\"https:\/\/www.facebook.com\/vapingnetde\/\"]}]}<\/script>\n<!-- \/ Yoast SEO plugin. -->","yoast_head_json":{"title":"Langer Dampfgenuss mit Watermelon Ice Bang15000 Puffs | Vapingnet.de","description":"Entdecke Langer Dampfgenuss mit Watermelon Ice Bang15000 Puffs bei vapingnet.de, \u25ba Gro\u00dfe Auswahl an Geschmacksrichtungen & super g\u00fcnstig!","robots":{"index":"index","follow":"follow","max-snippet":"max-snippet:-1","max-image-preview":"max-image-preview:large","max-video-preview":"max-video-preview:-1"},"canonical":"https:\/\/vapingnet.de\/lt\/vape\/langer-dampfgenuss-mit-watermelon-ice-bang15000-puffs\/","og_locale":"lt_LT","og_type":"article","og_title":"Langer Dampfgenuss mit Watermelon Ice Bang15000 Puffs | Vapingnet.de","og_description":"Entdecke Langer Dampfgenuss mit Watermelon Ice Bang15000 Puffs bei vapingnet.de, \u25ba Gro\u00dfe Auswahl an Geschmacksrichtungen & super g\u00fcnstig!","og_url":"https:\/\/vapingnet.de\/lt\/vape\/langer-dampfgenuss-mit-watermelon-ice-bang15000-puffs\/","og_site_name":"Vapingnet.de","article_publisher":"https:\/\/www.facebook.com\/vapingnetde\/","article_modified_time":"2025-06-19T03:41:27+00:00","og_image":[{"width":900,"height":600,"url":"https:\/\/vapingnet.de\/wp-content\/uploads\/2025\/03\/Watermelon-Ice.png","type":"image\/png"}],"twitter_card":"summary_large_image","twitter_misc":{"Est. reading time":"3 minutes"},"schema":{"@context":"https:\/\/schema.org","@graph":[{"@type":"WebPage","@id":"https:\/\/vapingnet.de\/vape\/langer-dampfgenuss-mit-watermelon-ice-bang15000-puffs\/","url":"https:\/\/vapingnet.de\/vape\/langer-dampfgenuss-mit-watermelon-ice-bang15000-puffs\/","name":"Langer Dampfgenuss mit Watermelon Ice Bang15000 Puffs | Vapingnet.de","isPartOf":{"@id":"https:\/\/vapingnet.de\/#website"},"primaryImageOfPage":{"@id":"https:\/\/vapingnet.de\/vape\/langer-dampfgenuss-mit-watermelon-ice-bang15000-puffs\/#primaryimage"},"image":{"@id":"https:\/\/vapingnet.de\/vape\/langer-dampfgenuss-mit-watermelon-ice-bang15000-puffs\/#primaryimage"},"thumbnailUrl":"https:\/\/vapingnet.de\/wp-content\/uploads\/2025\/03\/Watermelon-Ice.png","datePublished":"2025-03-13T06:10:14+00:00","dateModified":"2025-06-19T03:41:27+00:00","description":"Entdecke Langer Dampfgenuss mit Watermelon Ice Bang15000 Puffs bei vapingnet.de, \u25ba Gro\u00dfe Auswahl an Geschmacksrichtungen & super g\u00fcnstig!","breadcrumb":{"@id":"https:\/\/vapingnet.de\/vape\/langer-dampfgenuss-mit-watermelon-ice-bang15000-puffs\/#breadcrumb"},"inLanguage":"lt-LT","potentialAction":[{"@type":"ReadAction","target":["https:\/\/vapingnet.de\/vape\/langer-dampfgenuss-mit-watermelon-ice-bang15000-puffs\/"]}]},{"@type":"ImageObject","inLanguage":"lt-LT","@id":"https:\/\/vapingnet.de\/vape\/langer-dampfgenuss-mit-watermelon-ice-bang15000-puffs\/#primaryimage","url":"https:\/\/vapingnet.de\/wp-content\/uploads\/2025\/03\/Watermelon-Ice.png","contentUrl":"https:\/\/vapingnet.de\/wp-content\/uploads\/2025\/03\/Watermelon-Ice.png","width":900,"height":600,"caption":"Watermelon Ice"},{"@type":"BreadcrumbList","@id":"https:\/\/vapingnet.de\/vape\/langer-dampfgenuss-mit-watermelon-ice-bang15000-puffs\/#breadcrumb","itemListElement":[{"@type":"ListItem","position":1,"name":"Home","item":"https:\/\/vapingnet.de\/"},{"@type":"ListItem","position":2,"name":"Shop","item":"https:\/\/vapingnet.de\/vape\/"},{"@type":"ListItem","position":3,"name":"Langer Dampfgenuss mit Watermelon Ice Bang15000 Puffs"}]},{"@type":"WebSite","@id":"https:\/\/vapingnet.de\/#website","url":"https:\/\/vapingnet.de\/","name":"Vapingnet.de","description":"","publisher":{"@id":"https:\/\/vapingnet.de\/#organization"},"potentialAction":[{"@type":"SearchAction","target":{"@type":"EntryPoint","urlTemplate":"https:\/\/vapingnet.de\/?s={search_term_string}"},"query-input":{"@type":"PropertyValueSpecification","valueRequired":true,"valueName":"search_term_string"}}],"inLanguage":"lt-LT"},{"@type":"Organization","@id":"https:\/\/vapingnet.de\/#organization","name":"Vapingnet.de","url":"https:\/\/vapingnet.de\/","logo":{"@type":"ImageObject","inLanguage":"lt-LT","@id":"https:\/\/vapingnet.de\/#\/schema\/logo\/image\/","url":"https:\/\/vapingnet.de\/wp-content\/uploads\/2025\/03\/cropped-vapingnet.de_.jpg","contentUrl":"https:\/\/vapingnet.de\/wp-content\/uploads\/2025\/03\/cropped-vapingnet.de_.jpg","width":512,"height":512,"caption":"Vapingnet.de"},"image":{"@id":"https:\/\/vapingnet.de\/#\/schema\/logo\/image\/"},"sameAs":["https:\/\/www.facebook.com\/vapingnetde\/"]}]}},"tiered_pricing_type":"fixed","tiered_pricing_fixed_rules":{"10":"7.31","60":"6.58","110":"5.85","200":"5.12"},"tiered_pricing_product_settings":{"layout":"default","base_unit_name":{"singular":null,"plural":null},"default_variation":null},"tiered_pricing_minimum_quantity":null,"tiered_pricing_roles_data":[],"tiered_pricing_percentage_rules":[],"_links":{"self":[{"href":"https:\/\/vapingnet.de\/lt\/wp-json\/wp\/v2\/product\/5228","targetHints":{"allow":["GET"]}}],"collection":[{"href":"https:\/\/vapingnet.de\/lt\/wp-json\/wp\/v2\/product"}],"about":[{"href":"https:\/\/vapingnet.de\/lt\/wp-json\/wp\/v2\/types\/product"}],"version-history":[{"count":2,"href":"https:\/\/vapingnet.de\/lt\/wp-json\/wp\/v2\/product\/5228\/revisions"}],"predecessor-version":[{"id":6910,"href":"https:\/\/vapingnet.de\/lt\/wp-json\/wp\/v2\/product\/5228\/revisions\/6910"}],"wp:featuredmedia":[{"embeddable":true,"href":"https:\/\/vapingnet.de\/lt\/wp-json\/wp\/v2\/media\/5230"}],"wp:attachment":[{"href":"https:\/\/vapingnet.de\/lt\/wp-json\/wp\/v2\/media?parent=5228"}],"wp:term":[{"taxonomy":"brand","embeddable":true,"href":"https:\/\/vapingnet.de\/lt\/wp-json\/wp\/v2\/etheme_brands?post=5228"},{"taxonomy":"product_brand","embeddable":true,"href":"https:\/\/vapingnet.de\/lt\/wp-json\/wp\/v2\/product_brand?post=5228"},{"taxonomy":"product_cat","embeddable":true,"href":"https:\/\/vapingnet.de\/lt\/wp-json\/wp\/v2\/product_cat?post=5228"},{"taxonomy":"product_tag","embeddable":true,"href":"https:\/\/vapingnet.de\/lt\/wp-json\/wp\/v2\/product_tag?post=5228"}],"curies":[{"name":"wp","href":"https:\/\/api.w.org\/{rel}","templated":true}]}}