{"id":5242,"date":"2025-03-13T08:13:47","date_gmt":"2025-03-13T08:13:47","guid":{"rendered":"https:\/\/vapingnet.de\/?post_type=product&#038;p=5242"},"modified":"2025-06-19T03:41:26","modified_gmt":"2025-06-19T03:41:26","slug":"bang-30000-puffs-dual-flavor-grosshandelspreis-fuer-blueberry-ice-und-strawberry-banana","status":"publish","type":"product","link":"https:\/\/vapingnet.de\/lt\/vape\/bang-30000-puffs-dual-flavor-grosshandelspreis-fuer-blueberry-ice-und-strawberry-banana\/","title":{"rendered":"Bang 30000 R\u016b\u0161i\u0173 dvigubo skonio didmenin\u0117 kaina u\u017e Blueberry Ice ir Strawberry Banana"},"content":{"rendered":"<h2 data-start=\"0\" data-end=\"50\">Bang 30000 R\u016bk\u0173 Dvigubo Skonio Vienkartinis \ud83d\ude80<\/h2>\n<p data-start=\"52\" data-end=\"135\"><strong>Ilgalaikis malonumas | Du skoniai | I\u0161manus dizainas<\/strong><\/p>\n<p data-start=\"137\" data-end=\"292\">\ud83d\udca8 Vienkartinis Vape su itin ilga tarnavimo trukme \u2013 iki 30 000 \u012fkv\u0117pim\u0173!<br data-start=\"207\" data-end=\"210\" \/>\ud83d\udca1 Inovatyvus dvigubo skonio dizainas, suteikiantis \u012fvairov\u0117s d\u016bmavimo patirt\u012f!<\/p>\n<h4 data-start=\"301\" data-end=\"331\">\ud83d\udd39 Produkto ypatyb\u0117s<\/h4>\n<p data-start=\"333\" data-end=\"1208\">\u2714 Ekstremaliai ilga tarnavimo trukm\u0117 \u2013 Iki <a href=\"https:\/\/vapingnet.de\/lt\/k\/vape-30000-zuege\/\" target=\"_blank\" rel=\"noopener\"><strong>30 000 \u012fkv\u0117pim\u0173<\/strong><\/a>, vape, kuris i\u0161tesi \u017ead\u0117jim\u0105!<br data-start=\"428\" data-end=\"431\" \/>\u2714 Du skoniai \u2013 Blueberry Ice ir Strawberry Banana \u2013 \u0161altas vaisinis gaivumas susilieja su kreminiu saldumu!<br data-start=\"555\" data-end=\"558\" \/>\u2714 Tinklelio rit\u0117 1,0\u03a9 \u2013 tolygus garas ir intensyvus aromatas d\u0117ka modernios tinklin\u0117s technologijos!<br data-start=\"652\" data-end=\"655\" \/>\u2714 Reguliuojamas oro srautas \u2013 pritaikyk \u012fkv\u0117pimo pasiprie\u0161inim\u0105 ir nustatyk savo asmenin\u0119 d\u016bmavimo patirt\u012f!<br data-start=\"757\" data-end=\"760\" \/>\u2714 LED skaitmeninis ekranas \u2013 visada steb\u0117k akumuliatoriaus ir skonio b\u016bsen\u0105!<br data-start=\"837\" data-end=\"840\" \/>\u2714 550mAh \u012fkraunamas akumuliatorius \u2013 USB-C greitas \u012fkrovimas, u\u017etikrinantis nenutr\u016bkstam\u0105 d\u016bmavim\u0105!<br data-start=\"935\" data-end=\"938\" \/>\u2714 36ml skys\u010dio talpa \u2013 dar ilgesniam malonumui be da\u017en\u0173 pirkim\u0173!<br data-start=\"1018\" data-end=\"1021\" \/>\u2714 Skirtingi nikotino stiprumai \u2013 0% \/ 2% \/ 3% \/ 5% (0% ir 3% tik dideliais kiekiais pagal u\u017eklaus\u0105)<\/p>\n<h4 data-start=\"1217\" data-end=\"1308\">\ud83c\udf47\u2744\ufe0f Blueberry Ice ir \ud83c\udf53\ud83c\udf4c Strawberry Banana \u2013 du skoniai, vienas vape!<\/h4>\n<p data-start=\"1310\" data-end=\"1529\">\ud83d\udd38 Blueberry Ice \u2013 Saldi m\u0117lyn\u0117s su lediniu gaivumo \u0161\u016bviu, suteikian\u010diu energijos d\u016bmavimo patir\u010diai!<br data-start=\"1413\" data-end=\"1416\" \/>\ud83d\udd38 Strawberry Banana \u2013 Vaisin\u0117s bra\u0161k\u0117s su kreminiu banana \u2013 \u0161velnios, sald\u017eios ir nepakei\u010diamos!<\/p>\n<p data-start=\"1531\" data-end=\"1631\">Keiskis tarp skoni\u0173 ir m\u0117gaukis nauja skonio sprogimu bet kada!<\/p>\n<h3 data-start=\"1640\" data-end=\"1675\">\u26a1 Kod\u0117l rinktis Bang 30000?<\/h3>\n<p data-start=\"1677\" data-end=\"2077\">\ud83d\udd39 Laiko ilgiau nei \u012fprastos vienkartin\u0117s vape \u2013 sutaupykite pinig\u0173 ir laiko su 30 000 \u012fkv\u0117pim\u0173!<br data-start=\"1765\" data-end=\"1768\" \/>\ud83d\udd39 Technologi\u0161kai naujausios \u2013 LED ekranas + oro srauto reguliavimas maksimaliai kontrolei!<br data-start=\"1867\" data-end=\"1870\" \/>\ud83d\udd39 Tobula kiekvienam garintojui \u2013 pasirinkite savo pageidaujam\u0105 nikotino stiprum\u0105, tinkama pradedantiesiems ir patyrusiems naudotojams!<br data-start=\"1983\" data-end=\"1986\" \/>\ud83d\udd39 Tiesiai i\u0161 Deutschland, be muito \u2013 greitas pristatymas per 2-5 dienas visoje Europoje!<\/p>\n<p data-start=\"2086\" data-end=\"2213\">\ud83d\udce6 \ud83d\udd25 U\u017esisakykite dabar ir m\u0117gaukit\u0117s galutiniu garintuvo patirtimi!<br data-start=\"2154\" data-end=\"2157\" \/>\ud83d\udc49 Parduotuv\u0117s nuoroda: <a href=\"https:\/\/vapingnet.de\/lt\/\" target=\"_new\" rel=\"noopener\" data-start=\"2175\" data-end=\"2211\">vapingnet.de<\/a><\/p>\n<p data-start=\"2215\" data-end=\"2278\" data-is-last-node=\"\" data-is-only-node=\"\">\ud83d\ude80 Bang 30000 \u2013 Daugiau skonio, daugiau galios, daugiau malonumo! \ud83d\udd25<\/p>","protected":false},"excerpt":{"rendered":"<p>Bang 30000 Puffs Dual Flavor Disposable \ud83d\ude80 Langanhaltender Genuss | Zwei Geschmacksrichtungen | Intelligentes Design \ud83d\udca8 Einweg-Vape mit extrem langer Lebensdauer \u2013 bis zu 30.000&#8230;<\/p>","protected":false},"featured_media":5243,"template":"","meta":[],"etheme_brands":[],"product_brand":[101],"product_cat":[56,49,61],"product_tag":[],"class_list":{"0":"post-5242","1":"product","2":"type-product","3":"status-publish","4":"has-post-thumbnail","6":"product_brand-bang-king-vape","7":"product_cat-vape-30000-zuege","8":"product_cat-einweg-e-zigarette","9":"product_cat-f","11":"first","12":"instock","13":"shipping-taxable","14":"purchasable","15":"product-type-simple"},"yoast_head":"<!-- This site is optimized with the Yoast SEO plugin v26.5 - https:\/\/yoast.com\/wordpress\/plugins\/seo\/ -->\n<title>Bang 30000 Puffs Dual Flavor Gro\u00dfhandelspreis f\u00fcr Blueberry Ice und Strawberry Banana | Vapingnet.de<\/title>\n<meta name=\"description\" content=\"Entdecke Bang 30000 Puffs Dual Flavor Gro\u00dfhandelspreis f\u00fcr Blueberry Ice und Strawberry Banana bei vapingnet.de, \u25ba Gro\u00dfe Auswahl an Geschmacksrichtungen &amp; super g\u00fcnstig!\" \/>\n<meta name=\"robots\" content=\"index, follow, max-snippet:-1, max-image-preview:large, max-video-preview:-1\" \/>\n<link rel=\"canonical\" href=\"https:\/\/vapingnet.de\/lt\/vape\/bang-30000-puffs-dual-flavor-grosshandelspreis-fuer-blueberry-ice-und-strawberry-banana\/\" \/>\n<meta property=\"og:locale\" content=\"lt_LT\" \/>\n<meta property=\"og:type\" content=\"article\" \/>\n<meta property=\"og:title\" content=\"Bang 30000 Puffs Dual Flavor Gro\u00dfhandelspreis f\u00fcr Blueberry Ice und Strawberry Banana | Vapingnet.de\" \/>\n<meta property=\"og:description\" content=\"Entdecke Bang 30000 Puffs Dual Flavor Gro\u00dfhandelspreis f\u00fcr Blueberry Ice und Strawberry Banana bei vapingnet.de, \u25ba Gro\u00dfe Auswahl an Geschmacksrichtungen &amp; super g\u00fcnstig!\" \/>\n<meta property=\"og:url\" content=\"https:\/\/vapingnet.de\/lt\/vape\/bang-30000-puffs-dual-flavor-grosshandelspreis-fuer-blueberry-ice-und-strawberry-banana\/\" \/>\n<meta property=\"og:site_name\" content=\"Vapingnet.de\" \/>\n<meta property=\"article:publisher\" content=\"https:\/\/www.facebook.com\/vapingnetde\/\" \/>\n<meta property=\"article:modified_time\" content=\"2025-06-19T03:41:26+00:00\" \/>\n<meta property=\"og:image\" content=\"https:\/\/vapingnet.de\/wp-content\/uploads\/2025\/03\/Blueberry-Ice-und-Strawberry-Banana.png\" \/>\n\t<meta property=\"og:image:width\" content=\"900\" \/>\n\t<meta property=\"og:image:height\" content=\"600\" \/>\n\t<meta property=\"og:image:type\" content=\"image\/png\" \/>\n<meta name=\"twitter:card\" content=\"summary_large_image\" \/>\n<meta name=\"twitter:label1\" content=\"Est. reading time\" \/>\n\t<meta name=\"twitter:data1\" content=\"2 minutes\" \/>\n<script type=\"application\/ld+json\" class=\"yoast-schema-graph\">{\"@context\":\"https:\/\/schema.org\",\"@graph\":[{\"@type\":\"WebPage\",\"@id\":\"https:\/\/vapingnet.de\/vape\/bang-30000-puffs-dual-flavor-grosshandelspreis-fuer-blueberry-ice-und-strawberry-banana\/\",\"url\":\"https:\/\/vapingnet.de\/vape\/bang-30000-puffs-dual-flavor-grosshandelspreis-fuer-blueberry-ice-und-strawberry-banana\/\",\"name\":\"Bang 30000 Puffs Dual Flavor Gro\u00dfhandelspreis f\u00fcr Blueberry Ice und Strawberry Banana | Vapingnet.de\",\"isPartOf\":{\"@id\":\"https:\/\/vapingnet.de\/#website\"},\"primaryImageOfPage\":{\"@id\":\"https:\/\/vapingnet.de\/vape\/bang-30000-puffs-dual-flavor-grosshandelspreis-fuer-blueberry-ice-und-strawberry-banana\/#primaryimage\"},\"image\":{\"@id\":\"https:\/\/vapingnet.de\/vape\/bang-30000-puffs-dual-flavor-grosshandelspreis-fuer-blueberry-ice-und-strawberry-banana\/#primaryimage\"},\"thumbnailUrl\":\"https:\/\/vapingnet.de\/wp-content\/uploads\/2025\/03\/Blueberry-Ice-und-Strawberry-Banana.png\",\"datePublished\":\"2025-03-13T08:13:47+00:00\",\"dateModified\":\"2025-06-19T03:41:26+00:00\",\"description\":\"Entdecke Bang 30000 Puffs Dual Flavor Gro\u00dfhandelspreis f\u00fcr Blueberry Ice und Strawberry Banana bei vapingnet.de, \u25ba Gro\u00dfe Auswahl an Geschmacksrichtungen & super g\u00fcnstig!\",\"breadcrumb\":{\"@id\":\"https:\/\/vapingnet.de\/vape\/bang-30000-puffs-dual-flavor-grosshandelspreis-fuer-blueberry-ice-und-strawberry-banana\/#breadcrumb\"},\"inLanguage\":\"lt-LT\",\"potentialAction\":[{\"@type\":\"ReadAction\",\"target\":[\"https:\/\/vapingnet.de\/vape\/bang-30000-puffs-dual-flavor-grosshandelspreis-fuer-blueberry-ice-und-strawberry-banana\/\"]}]},{\"@type\":\"ImageObject\",\"inLanguage\":\"lt-LT\",\"@id\":\"https:\/\/vapingnet.de\/vape\/bang-30000-puffs-dual-flavor-grosshandelspreis-fuer-blueberry-ice-und-strawberry-banana\/#primaryimage\",\"url\":\"https:\/\/vapingnet.de\/wp-content\/uploads\/2025\/03\/Blueberry-Ice-und-Strawberry-Banana.png\",\"contentUrl\":\"https:\/\/vapingnet.de\/wp-content\/uploads\/2025\/03\/Blueberry-Ice-und-Strawberry-Banana.png\",\"width\":900,\"height\":600,\"caption\":\"Blueberry Ice und Strawberry Banana\"},{\"@type\":\"BreadcrumbList\",\"@id\":\"https:\/\/vapingnet.de\/vape\/bang-30000-puffs-dual-flavor-grosshandelspreis-fuer-blueberry-ice-und-strawberry-banana\/#breadcrumb\",\"itemListElement\":[{\"@type\":\"ListItem\",\"position\":1,\"name\":\"Home\",\"item\":\"https:\/\/vapingnet.de\/\"},{\"@type\":\"ListItem\",\"position\":2,\"name\":\"Shop\",\"item\":\"https:\/\/vapingnet.de\/vape\/\"},{\"@type\":\"ListItem\",\"position\":3,\"name\":\"Bang 30000 Puffs Dual Flavor Gro\u00dfhandelspreis f\u00fcr Blueberry Ice und Strawberry Banana\"}]},{\"@type\":\"WebSite\",\"@id\":\"https:\/\/vapingnet.de\/#website\",\"url\":\"https:\/\/vapingnet.de\/\",\"name\":\"Vapingnet.de\",\"description\":\"\",\"publisher\":{\"@id\":\"https:\/\/vapingnet.de\/#organization\"},\"potentialAction\":[{\"@type\":\"SearchAction\",\"target\":{\"@type\":\"EntryPoint\",\"urlTemplate\":\"https:\/\/vapingnet.de\/?s={search_term_string}\"},\"query-input\":{\"@type\":\"PropertyValueSpecification\",\"valueRequired\":true,\"valueName\":\"search_term_string\"}}],\"inLanguage\":\"lt-LT\"},{\"@type\":\"Organization\",\"@id\":\"https:\/\/vapingnet.de\/#organization\",\"name\":\"Vapingnet.de\",\"url\":\"https:\/\/vapingnet.de\/\",\"logo\":{\"@type\":\"ImageObject\",\"inLanguage\":\"lt-LT\",\"@id\":\"https:\/\/vapingnet.de\/#\/schema\/logo\/image\/\",\"url\":\"https:\/\/vapingnet.de\/wp-content\/uploads\/2025\/03\/cropped-vapingnet.de_.jpg\",\"contentUrl\":\"https:\/\/vapingnet.de\/wp-content\/uploads\/2025\/03\/cropped-vapingnet.de_.jpg\",\"width\":512,\"height\":512,\"caption\":\"Vapingnet.de\"},\"image\":{\"@id\":\"https:\/\/vapingnet.de\/#\/schema\/logo\/image\/\"},\"sameAs\":[\"https:\/\/www.facebook.com\/vapingnetde\/\"]}]}<\/script>\n<!-- \/ Yoast SEO plugin. -->","yoast_head_json":{"title":"Bang 30000 Puffs Dual Flavor Gro\u00dfhandelspreis f\u00fcr Blueberry Ice und Strawberry Banana | Vapingnet.de","description":"Entdecke Bang 30000 Puffs Dual Flavor Gro\u00dfhandelspreis f\u00fcr Blueberry Ice und Strawberry Banana bei vapingnet.de, \u25ba Gro\u00dfe Auswahl an Geschmacksrichtungen & super g\u00fcnstig!","robots":{"index":"index","follow":"follow","max-snippet":"max-snippet:-1","max-image-preview":"max-image-preview:large","max-video-preview":"max-video-preview:-1"},"canonical":"https:\/\/vapingnet.de\/lt\/vape\/bang-30000-puffs-dual-flavor-grosshandelspreis-fuer-blueberry-ice-und-strawberry-banana\/","og_locale":"lt_LT","og_type":"article","og_title":"Bang 30000 Puffs Dual Flavor Gro\u00dfhandelspreis f\u00fcr Blueberry Ice und Strawberry Banana | Vapingnet.de","og_description":"Entdecke Bang 30000 Puffs Dual Flavor Gro\u00dfhandelspreis f\u00fcr Blueberry Ice und Strawberry Banana bei vapingnet.de, \u25ba Gro\u00dfe Auswahl an Geschmacksrichtungen & super g\u00fcnstig!","og_url":"https:\/\/vapingnet.de\/lt\/vape\/bang-30000-puffs-dual-flavor-grosshandelspreis-fuer-blueberry-ice-und-strawberry-banana\/","og_site_name":"Vapingnet.de","article_publisher":"https:\/\/www.facebook.com\/vapingnetde\/","article_modified_time":"2025-06-19T03:41:26+00:00","og_image":[{"width":900,"height":600,"url":"https:\/\/vapingnet.de\/wp-content\/uploads\/2025\/03\/Blueberry-Ice-und-Strawberry-Banana.png","type":"image\/png"}],"twitter_card":"summary_large_image","twitter_misc":{"Est. reading time":"2 minutes"},"schema":{"@context":"https:\/\/schema.org","@graph":[{"@type":"WebPage","@id":"https:\/\/vapingnet.de\/vape\/bang-30000-puffs-dual-flavor-grosshandelspreis-fuer-blueberry-ice-und-strawberry-banana\/","url":"https:\/\/vapingnet.de\/vape\/bang-30000-puffs-dual-flavor-grosshandelspreis-fuer-blueberry-ice-und-strawberry-banana\/","name":"Bang 30000 Puffs Dual Flavor Gro\u00dfhandelspreis f\u00fcr Blueberry Ice und Strawberry Banana | Vapingnet.de","isPartOf":{"@id":"https:\/\/vapingnet.de\/#website"},"primaryImageOfPage":{"@id":"https:\/\/vapingnet.de\/vape\/bang-30000-puffs-dual-flavor-grosshandelspreis-fuer-blueberry-ice-und-strawberry-banana\/#primaryimage"},"image":{"@id":"https:\/\/vapingnet.de\/vape\/bang-30000-puffs-dual-flavor-grosshandelspreis-fuer-blueberry-ice-und-strawberry-banana\/#primaryimage"},"thumbnailUrl":"https:\/\/vapingnet.de\/wp-content\/uploads\/2025\/03\/Blueberry-Ice-und-Strawberry-Banana.png","datePublished":"2025-03-13T08:13:47+00:00","dateModified":"2025-06-19T03:41:26+00:00","description":"Entdecke Bang 30000 Puffs Dual Flavor Gro\u00dfhandelspreis f\u00fcr Blueberry Ice und Strawberry Banana bei vapingnet.de, \u25ba Gro\u00dfe Auswahl an Geschmacksrichtungen & super g\u00fcnstig!","breadcrumb":{"@id":"https:\/\/vapingnet.de\/vape\/bang-30000-puffs-dual-flavor-grosshandelspreis-fuer-blueberry-ice-und-strawberry-banana\/#breadcrumb"},"inLanguage":"lt-LT","potentialAction":[{"@type":"ReadAction","target":["https:\/\/vapingnet.de\/vape\/bang-30000-puffs-dual-flavor-grosshandelspreis-fuer-blueberry-ice-und-strawberry-banana\/"]}]},{"@type":"ImageObject","inLanguage":"lt-LT","@id":"https:\/\/vapingnet.de\/vape\/bang-30000-puffs-dual-flavor-grosshandelspreis-fuer-blueberry-ice-und-strawberry-banana\/#primaryimage","url":"https:\/\/vapingnet.de\/wp-content\/uploads\/2025\/03\/Blueberry-Ice-und-Strawberry-Banana.png","contentUrl":"https:\/\/vapingnet.de\/wp-content\/uploads\/2025\/03\/Blueberry-Ice-und-Strawberry-Banana.png","width":900,"height":600,"caption":"Blueberry Ice und Strawberry Banana"},{"@type":"BreadcrumbList","@id":"https:\/\/vapingnet.de\/vape\/bang-30000-puffs-dual-flavor-grosshandelspreis-fuer-blueberry-ice-und-strawberry-banana\/#breadcrumb","itemListElement":[{"@type":"ListItem","position":1,"name":"Home","item":"https:\/\/vapingnet.de\/"},{"@type":"ListItem","position":2,"name":"Shop","item":"https:\/\/vapingnet.de\/vape\/"},{"@type":"ListItem","position":3,"name":"Bang 30000 Puffs Dual Flavor Gro\u00dfhandelspreis f\u00fcr Blueberry Ice und Strawberry Banana"}]},{"@type":"WebSite","@id":"https:\/\/vapingnet.de\/#website","url":"https:\/\/vapingnet.de\/","name":"Vapingnet.de","description":"","publisher":{"@id":"https:\/\/vapingnet.de\/#organization"},"potentialAction":[{"@type":"SearchAction","target":{"@type":"EntryPoint","urlTemplate":"https:\/\/vapingnet.de\/?s={search_term_string}"},"query-input":{"@type":"PropertyValueSpecification","valueRequired":true,"valueName":"search_term_string"}}],"inLanguage":"lt-LT"},{"@type":"Organization","@id":"https:\/\/vapingnet.de\/#organization","name":"Vapingnet.de","url":"https:\/\/vapingnet.de\/","logo":{"@type":"ImageObject","inLanguage":"lt-LT","@id":"https:\/\/vapingnet.de\/#\/schema\/logo\/image\/","url":"https:\/\/vapingnet.de\/wp-content\/uploads\/2025\/03\/cropped-vapingnet.de_.jpg","contentUrl":"https:\/\/vapingnet.de\/wp-content\/uploads\/2025\/03\/cropped-vapingnet.de_.jpg","width":512,"height":512,"caption":"Vapingnet.de"},"image":{"@id":"https:\/\/vapingnet.de\/#\/schema\/logo\/image\/"},"sameAs":["https:\/\/www.facebook.com\/vapingnetde\/"]}]}},"tiered_pricing_type":"fixed","tiered_pricing_fixed_rules":{"10":"9.49","60":"8.54","110":"7.59","200":"6.64"},"tiered_pricing_product_settings":{"layout":"default","base_unit_name":{"singular":null,"plural":null},"default_variation":null},"tiered_pricing_minimum_quantity":null,"tiered_pricing_roles_data":[],"tiered_pricing_percentage_rules":[],"_links":{"self":[{"href":"https:\/\/vapingnet.de\/lt\/wp-json\/wp\/v2\/product\/5242","targetHints":{"allow":["GET"]}}],"collection":[{"href":"https:\/\/vapingnet.de\/lt\/wp-json\/wp\/v2\/product"}],"about":[{"href":"https:\/\/vapingnet.de\/lt\/wp-json\/wp\/v2\/types\/product"}],"version-history":[{"count":1,"href":"https:\/\/vapingnet.de\/lt\/wp-json\/wp\/v2\/product\/5242\/revisions"}],"predecessor-version":[{"id":5244,"href":"https:\/\/vapingnet.de\/lt\/wp-json\/wp\/v2\/product\/5242\/revisions\/5244"}],"wp:featuredmedia":[{"embeddable":true,"href":"https:\/\/vapingnet.de\/lt\/wp-json\/wp\/v2\/media\/5243"}],"wp:attachment":[{"href":"https:\/\/vapingnet.de\/lt\/wp-json\/wp\/v2\/media?parent=5242"}],"wp:term":[{"taxonomy":"brand","embeddable":true,"href":"https:\/\/vapingnet.de\/lt\/wp-json\/wp\/v2\/etheme_brands?post=5242"},{"taxonomy":"product_brand","embeddable":true,"href":"https:\/\/vapingnet.de\/lt\/wp-json\/wp\/v2\/product_brand?post=5242"},{"taxonomy":"product_cat","embeddable":true,"href":"https:\/\/vapingnet.de\/lt\/wp-json\/wp\/v2\/product_cat?post=5242"},{"taxonomy":"product_tag","embeddable":true,"href":"https:\/\/vapingnet.de\/lt\/wp-json\/wp\/v2\/product_tag?post=5242"}],"curies":[{"name":"wp","href":"https:\/\/api.w.org\/{rel}","templated":true}]}}