{"id":5249,"date":"2025-03-13T08:29:55","date_gmt":"2025-03-13T08:29:55","guid":{"rendered":"https:\/\/vapingnet.de\/?post_type=product&#038;p=5249"},"modified":"2025-06-19T03:41:25","modified_gmt":"2025-06-19T03:41:25","slug":"bang-30000-puffs-einweg-vape-duty-free-strawberry-kimi-und-sour-apple-raspberry-fuer-langanhaltenden-dampf","status":"publish","type":"product","link":"https:\/\/vapingnet.de\/lt\/vape\/bang-30000-puffs-einweg-vape-duty-free-strawberry-kimi-und-sour-apple-raspberry-fuer-langanhaltenden-dampf\/","title":{"rendered":"Bang 30000 Puffs Vienkartin\u0117 vape su ilgalaikiu d\u016bmu, Duty-free bra\u0161ki\u0173 Kimi ir r\u016bg\u0161\u010diosios obuoli\u0173 avie\u010di\u0173 skoniu"},"content":{"rendered":"<h2 data-start=\"0\" data-end=\"128\">Bang King 30000 R\u016bkal\u0173 Dvigubo Skonio Vienkartinis: Galutinis patirtis, Dvigubi skonio poj\u016b\u010diai, Ilgalaik\u0117 naudojimo trukm\u0117<\/h2>\n<p data-start=\"157\" data-end=\"602\">Bang King 30000 R\u016bkal\u0173 Dvigubo Skonio Vienkartinis yra inovatyvi elektronin\u0117 cigaret\u0117, kuri sujungia itin ilg\u0105 30 000 \u012fkv\u0117pim\u0173 tarnavimo laik\u0105, dvigubus skonio poj\u016b\u010dius, i\u0161man\u0173j\u012f ekran\u0105 ir reguliuojam\u0105 oro sraut\u0105. Ji buvo specialiai sukurta naudotojams, kurie siekia auk\u0161tos kokyb\u0117s ir ilgo naudojimo. Nesvarbu, ar esi pradedantysis, ar patyr\u0119s garintojas, \u0161is produktas suteiks tau visi\u0161kai nauj\u0105 garinimo patirt\u012f.<\/p>\n<h3 data-start=\"609\" data-end=\"636\">Produkto akcentai:<\/h3>\n<h4 data-start=\"638\" data-end=\"681\">1. Dvigubi skonio poj\u016b\u010diai<\/h4>\n<ul data-start=\"682\" data-end=\"1076\">\n<li data-start=\"682\" data-end=\"850\">Strawberry Kimi: Saldaus bra\u0161ki\u0173 skonio, kuris su\u017eavi intensyviu vaisi\u0173 aromatu ir leid\u017eia jausti \u0161vie\u017ei\u0173 bra\u0161ki\u0173 poj\u016bt\u012f.<\/li>\n<li data-start=\"851\" data-end=\"1076\">Sour Apple Raspberry: Unikali r\u016bg\u0161taus obuolio ir sald\u017eios aviet\u0117s kombinacija, kuri suteikia gaiv\u0173 skonio poj\u016bt\u012f ir kiekvienu \u012fkv\u0117pimu jus energizuoja.<\/li>\n<\/ul>\n<h4 data-start=\"1078\" data-end=\"1116\">2. Ekstremaliai ilgas tarnavimo laikas<\/h4>\n<p data-start=\"1117\" data-end=\"1372\">Su <a href=\"https:\/\/vapingnet.de\/lt\/k\/vape-30000-zuege\/\" target=\"_blank\" rel=\"noopener\"><strong>30 000 \u012fkv\u0117pim\u0173<\/strong><\/a> galite m\u0117gautis itin ilga garinimo patirtimi, nereik\u0117s nuolat keisti \u012frenginio. \u0160i didel\u0117s talpos elektronin\u0117 cigaret\u0117 u\u017etikrina, kad gal\u0117site ilgiau m\u0117gautis be r\u016bpes\u010di\u0173 d\u0117l papildymo.<\/p>\n<h4 data-start=\"1374\" data-end=\"1418\">3. Mesh Coil 1.0\u03a9 \u0161ildymo technologija<\/h4>\n<p data-start=\"1419\" data-end=\"1655\">1.0\u03a9 Mesh Coil u\u017etikrina tolyg\u0173 garinim\u0105 ir garantuoja \u0161veln\u0173, intensyv\u0173 skonio poj\u016bt\u012f kiekvienu \u012fkv\u0117pimu. Nesvarbu, ar m\u0117gstate stiprius, ar \u0161velnius skonius \u2013 \u0161is \u012frenginys suteikia abu tobulai.<\/p>\n<h4 data-start=\"1657\" data-end=\"1694\">4. Reguliuojamas oro srautas<\/h4>\n<p data-start=\"1695\" data-end=\"1981\">Reguliuojamo oro srauto funkcija leid\u017eia pritaikyti \u012fkv\u0117pimo pasiprie\u0161inim\u0105 pagal savo asmeninius pageidavimus. Nesvarbu, ar norite lengvo, malonaus \u012fkv\u0117pimo, ar intensyvesnio skonio \u2013 galite rasti tobul\u0105 nustatym\u0105 sau.<\/p>\n<h4 data-start=\"1983\" data-end=\"2026\">5. 550mAh \u012fkraunamas akumuliatorius<\/h4>\n<p data-start=\"2027\" data-end=\"2271\">Su 550mAh akumuliatoriumi gal\u0117site naudoti \u012frengin\u012f ilg\u0105 laik\u0105 be nuolatinio \u012fkrovimo. Tipo-C greito \u012fkrovimo jungtis leid\u017eia efektyviai ir greitai \u012fkrauti, kad visada b\u016btum\u0117te pasiruo\u0161\u0119s garinti.<\/p>\n<h4 data-start=\"2273\" data-end=\"2314\">6. 36ml didel\u0117 skys\u010dio talpa<\/h4>\n<p data-start=\"2315\" data-end=\"2481\">Su 36ml talpa nereik\u0117s nuolat papildyti skys\u010dio, tai tau sutaupo laik\u0105 ir leid\u017eia ilgiau naudotis be da\u017en\u0173 pertrauk\u0173.<\/p>\n<h4 data-start=\"2483\" data-end=\"2515\">7. LED skaitmeninis ekranas<\/h4>\n<p data-start=\"2516\" data-end=\"2740\">LED skaitmeninis ekranas rodo akumuliatoriaus b\u016bsen\u0105 ir dabartin\u012f skonio nustatym\u0105. Taip visada \u017einosite, kada akumuliatorius yra pilnas arba kai naudojate netinkam\u0105 skon\u012f.<\/p>\n<h4 data-start=\"2742\" data-end=\"2783\">8. Skirtingi nikotino stiprumai<\/h4>\n<p data-start=\"2784\" data-end=\"2982\">Pasirinkite tarp nikotino stiprum\u0173 0%, 2%, 3% arba 5%, priklausomai nuo j\u016bs\u0173 poreiki\u0173. (0% ir 3% nikotinas yra prieinamas tik didel\u0117ms u\u017esakymams)<\/p>\n<h3>Kod\u0117l verta rinktis Bang King 30000?<\/h3>\n<ul data-start=\"3044\" data-end=\"3826\">\n<li data-start=\"3044\" data-end=\"3190\">Ilgalaikis garinimo patirtis: Su 30 000 \u012fkv\u0117pim\u0173 galite m\u0117gautis ilgesne garinimo patirtimi, nereikia da\u017enai keisti \u012frenginio.<\/li>\n<li data-start=\"3191\" data-end=\"3374\">\u012evairios skonio patirtys: Abu skan\u016bs aromatai \u2013 Bra\u0161ki\u0173 Kimi ir R\u016bg\u0161tus obuolys su aviet\u0117mis \u2013 suteikia jums nauj\u0105, gaiv\u0173 skonio potyr\u012f bet kuriuo metu.<\/li>\n<li data-start=\"3375\" data-end=\"3505\">Efektyvi garinimo technologija: Mesh Coil 1.0\u03a9 u\u017etikrina tolyg\u0173 garinim\u0105 ir intensyv\u0173 skon\u012f.<\/li>\n<li data-start=\"3506\" data-end=\"3655\">Paprasta naudoti su greitu \u012fkrovimu: Type-C greito \u012fkrovimo jungtis u\u017etikrina greit\u0105 \u012fkrovim\u0105, kad b\u016btum\u0117te pasiruo\u0161\u0119 bet kada.<\/li>\n<li data-start=\"3656\" data-end=\"3826\">I\u0161manus rodymas: LED skaitmeninis ekranas leid\u017eia nuolat steb\u0117ti akumuliatoriaus b\u016bkl\u0119 ir skon\u012f, kad garinimas b\u016bt\u0173 dar malonesnis.<\/li>\n<\/ul>\n<p data-start=\"3833\" data-end=\"3998\">\u012esigykite dabar Bang King 30000 Puffs Dual Flavor Disposable ir patirkite galutin\u0119 garinimo patirt\u012f!<br data-start=\"3938\" data-end=\"3941\" \/>\ud83d\udc49 Dabar pirkti: <a href=\"https:\/\/vapingnet.de\/lt\/\" target=\"_new\" rel=\"noopener\" data-start=\"3962\" data-end=\"3998\">vapingnet.de<\/a><\/p>\n<p data-start=\"4000\" data-end=\"4098\" data-is-last-node=\"\" data-is-only-node=\"\">Bang King 30000 Puffs Dual Flavor Disposable \u2013 Kiekvienas \u012fkv\u0117pimas tampa malonumu j\u016bs\u0173 rankose!<\/p>","protected":false},"excerpt":{"rendered":"<p>Bang King 30000 Puffs Dual Flavor Vienkartin\u0117: Auk\u0161\u010diausia patirtis, Dvigubi skonio potyriai, Ilgalaikis naudojimas Bang King 30000 Puffs Dual Flavor Vienkartin\u0117 yra inovatyvi elektronin\u0117 cigaret\u0117,...<\/p>","protected":false},"featured_media":5255,"template":"","meta":[],"etheme_brands":[],"product_brand":[101],"product_cat":[56,49,61],"product_tag":[],"class_list":{"0":"post-5249","1":"product","2":"type-product","3":"status-publish","4":"has-post-thumbnail","6":"product_brand-bang-king-vape","7":"product_cat-vape-30000-zuege","8":"product_cat-einweg-e-zigarette","9":"product_cat-f","11":"first","12":"instock","13":"shipping-taxable","14":"purchasable","15":"product-type-simple"},"yoast_head":"<!-- This site is optimized with the Yoast SEO plugin v26.5 - https:\/\/yoast.com\/wordpress\/plugins\/seo\/ -->\n<title>Bang 30000 Puffs Einweg Vape Duty-free Strawberry Kimi und Sour Apple Raspberry f\u00fcr langanhaltenden Dampf | Vapingnet.de<\/title>\n<meta name=\"description\" content=\"Entdecke Bang 30000 Puffs Einweg Vape Duty-free Strawberry Kimi und Sour Apple Raspberry f\u00fcr langanhaltenden Dampf bei vapingnet.de, \u25ba Gro\u00dfe Auswahl an Geschmacksrichtungen &amp; super g\u00fcnstig!\" \/>\n<meta name=\"robots\" content=\"index, follow, max-snippet:-1, max-image-preview:large, max-video-preview:-1\" \/>\n<link rel=\"canonical\" href=\"https:\/\/vapingnet.de\/lt\/vape\/bang-30000-puffs-einweg-vape-duty-free-strawberry-kimi-und-sour-apple-raspberry-fuer-langanhaltenden-dampf\/\" \/>\n<meta property=\"og:locale\" content=\"lt_LT\" \/>\n<meta property=\"og:type\" content=\"article\" \/>\n<meta property=\"og:title\" content=\"Bang 30000 Puffs Einweg Vape Duty-free Strawberry Kimi und Sour Apple Raspberry f\u00fcr langanhaltenden Dampf | Vapingnet.de\" \/>\n<meta property=\"og:description\" content=\"Entdecke Bang 30000 Puffs Einweg Vape Duty-free Strawberry Kimi und Sour Apple Raspberry f\u00fcr langanhaltenden Dampf bei vapingnet.de, \u25ba Gro\u00dfe Auswahl an Geschmacksrichtungen &amp; super g\u00fcnstig!\" \/>\n<meta property=\"og:url\" content=\"https:\/\/vapingnet.de\/lt\/vape\/bang-30000-puffs-einweg-vape-duty-free-strawberry-kimi-und-sour-apple-raspberry-fuer-langanhaltenden-dampf\/\" \/>\n<meta property=\"og:site_name\" content=\"Vapingnet.de\" \/>\n<meta property=\"article:publisher\" content=\"https:\/\/www.facebook.com\/vapingnetde\/\" \/>\n<meta property=\"article:modified_time\" content=\"2025-06-19T03:41:25+00:00\" \/>\n<meta property=\"og:image\" content=\"https:\/\/vapingnet.de\/wp-content\/uploads\/2025\/03\/Strawberry-Kimi-und-Sour-Apple-Raspberry.png\" \/>\n\t<meta property=\"og:image:width\" content=\"900\" \/>\n\t<meta property=\"og:image:height\" content=\"600\" \/>\n\t<meta property=\"og:image:type\" content=\"image\/png\" \/>\n<meta name=\"twitter:card\" content=\"summary_large_image\" \/>\n<meta name=\"twitter:label1\" content=\"Est. reading time\" \/>\n\t<meta name=\"twitter:data1\" content=\"4 minutes\" \/>\n<script type=\"application\/ld+json\" class=\"yoast-schema-graph\">{\"@context\":\"https:\/\/schema.org\",\"@graph\":[{\"@type\":\"WebPage\",\"@id\":\"https:\/\/vapingnet.de\/vape\/bang-30000-puffs-einweg-vape-duty-free-strawberry-kimi-und-sour-apple-raspberry-fuer-langanhaltenden-dampf\/\",\"url\":\"https:\/\/vapingnet.de\/vape\/bang-30000-puffs-einweg-vape-duty-free-strawberry-kimi-und-sour-apple-raspberry-fuer-langanhaltenden-dampf\/\",\"name\":\"Bang 30000 Puffs Einweg Vape Duty-free Strawberry Kimi und Sour Apple Raspberry f\u00fcr langanhaltenden Dampf | Vapingnet.de\",\"isPartOf\":{\"@id\":\"https:\/\/vapingnet.de\/#website\"},\"primaryImageOfPage\":{\"@id\":\"https:\/\/vapingnet.de\/vape\/bang-30000-puffs-einweg-vape-duty-free-strawberry-kimi-und-sour-apple-raspberry-fuer-langanhaltenden-dampf\/#primaryimage\"},\"image\":{\"@id\":\"https:\/\/vapingnet.de\/vape\/bang-30000-puffs-einweg-vape-duty-free-strawberry-kimi-und-sour-apple-raspberry-fuer-langanhaltenden-dampf\/#primaryimage\"},\"thumbnailUrl\":\"https:\/\/vapingnet.de\/wp-content\/uploads\/2025\/03\/Strawberry-Kimi-und-Sour-Apple-Raspberry.png\",\"datePublished\":\"2025-03-13T08:29:55+00:00\",\"dateModified\":\"2025-06-19T03:41:25+00:00\",\"description\":\"Entdecke Bang 30000 Puffs Einweg Vape Duty-free Strawberry Kimi und Sour Apple Raspberry f\u00fcr langanhaltenden Dampf bei vapingnet.de, \u25ba Gro\u00dfe Auswahl an Geschmacksrichtungen & super g\u00fcnstig!\",\"breadcrumb\":{\"@id\":\"https:\/\/vapingnet.de\/vape\/bang-30000-puffs-einweg-vape-duty-free-strawberry-kimi-und-sour-apple-raspberry-fuer-langanhaltenden-dampf\/#breadcrumb\"},\"inLanguage\":\"lt-LT\",\"potentialAction\":[{\"@type\":\"ReadAction\",\"target\":[\"https:\/\/vapingnet.de\/vape\/bang-30000-puffs-einweg-vape-duty-free-strawberry-kimi-und-sour-apple-raspberry-fuer-langanhaltenden-dampf\/\"]}]},{\"@type\":\"ImageObject\",\"inLanguage\":\"lt-LT\",\"@id\":\"https:\/\/vapingnet.de\/vape\/bang-30000-puffs-einweg-vape-duty-free-strawberry-kimi-und-sour-apple-raspberry-fuer-langanhaltenden-dampf\/#primaryimage\",\"url\":\"https:\/\/vapingnet.de\/wp-content\/uploads\/2025\/03\/Strawberry-Kimi-und-Sour-Apple-Raspberry.png\",\"contentUrl\":\"https:\/\/vapingnet.de\/wp-content\/uploads\/2025\/03\/Strawberry-Kimi-und-Sour-Apple-Raspberry.png\",\"width\":900,\"height\":600,\"caption\":\"Strawberry Kimi und Sour Apple Raspberry\"},{\"@type\":\"BreadcrumbList\",\"@id\":\"https:\/\/vapingnet.de\/vape\/bang-30000-puffs-einweg-vape-duty-free-strawberry-kimi-und-sour-apple-raspberry-fuer-langanhaltenden-dampf\/#breadcrumb\",\"itemListElement\":[{\"@type\":\"ListItem\",\"position\":1,\"name\":\"Home\",\"item\":\"https:\/\/vapingnet.de\/\"},{\"@type\":\"ListItem\",\"position\":2,\"name\":\"Shop\",\"item\":\"https:\/\/vapingnet.de\/vape\/\"},{\"@type\":\"ListItem\",\"position\":3,\"name\":\"Bang 30000 Puffs Einweg Vape Duty-free Strawberry Kimi und Sour Apple Raspberry f\u00fcr langanhaltenden Dampf\"}]},{\"@type\":\"WebSite\",\"@id\":\"https:\/\/vapingnet.de\/#website\",\"url\":\"https:\/\/vapingnet.de\/\",\"name\":\"Vapingnet.de\",\"description\":\"\",\"publisher\":{\"@id\":\"https:\/\/vapingnet.de\/#organization\"},\"potentialAction\":[{\"@type\":\"SearchAction\",\"target\":{\"@type\":\"EntryPoint\",\"urlTemplate\":\"https:\/\/vapingnet.de\/?s={search_term_string}\"},\"query-input\":{\"@type\":\"PropertyValueSpecification\",\"valueRequired\":true,\"valueName\":\"search_term_string\"}}],\"inLanguage\":\"lt-LT\"},{\"@type\":\"Organization\",\"@id\":\"https:\/\/vapingnet.de\/#organization\",\"name\":\"Vapingnet.de\",\"url\":\"https:\/\/vapingnet.de\/\",\"logo\":{\"@type\":\"ImageObject\",\"inLanguage\":\"lt-LT\",\"@id\":\"https:\/\/vapingnet.de\/#\/schema\/logo\/image\/\",\"url\":\"https:\/\/vapingnet.de\/wp-content\/uploads\/2025\/03\/cropped-vapingnet.de_.jpg\",\"contentUrl\":\"https:\/\/vapingnet.de\/wp-content\/uploads\/2025\/03\/cropped-vapingnet.de_.jpg\",\"width\":512,\"height\":512,\"caption\":\"Vapingnet.de\"},\"image\":{\"@id\":\"https:\/\/vapingnet.de\/#\/schema\/logo\/image\/\"},\"sameAs\":[\"https:\/\/www.facebook.com\/vapingnetde\/\"]}]}<\/script>\n<!-- \/ Yoast SEO plugin. -->","yoast_head_json":{"title":"Bang 30000 Puffs Einweg Vape Duty-free Strawberry Kimi und Sour Apple Raspberry f\u00fcr langanhaltenden Dampf | Vapingnet.de","description":"Entdecke Bang 30000 Puffs Einweg Vape Duty-free Strawberry Kimi und Sour Apple Raspberry f\u00fcr langanhaltenden Dampf bei vapingnet.de, \u25ba Gro\u00dfe Auswahl an Geschmacksrichtungen & super g\u00fcnstig!","robots":{"index":"index","follow":"follow","max-snippet":"max-snippet:-1","max-image-preview":"max-image-preview:large","max-video-preview":"max-video-preview:-1"},"canonical":"https:\/\/vapingnet.de\/lt\/vape\/bang-30000-puffs-einweg-vape-duty-free-strawberry-kimi-und-sour-apple-raspberry-fuer-langanhaltenden-dampf\/","og_locale":"lt_LT","og_type":"article","og_title":"Bang 30000 Puffs Einweg Vape Duty-free Strawberry Kimi und Sour Apple Raspberry f\u00fcr langanhaltenden Dampf | Vapingnet.de","og_description":"Entdecke Bang 30000 Puffs Einweg Vape Duty-free Strawberry Kimi und Sour Apple Raspberry f\u00fcr langanhaltenden Dampf bei vapingnet.de, \u25ba Gro\u00dfe Auswahl an Geschmacksrichtungen & super g\u00fcnstig!","og_url":"https:\/\/vapingnet.de\/lt\/vape\/bang-30000-puffs-einweg-vape-duty-free-strawberry-kimi-und-sour-apple-raspberry-fuer-langanhaltenden-dampf\/","og_site_name":"Vapingnet.de","article_publisher":"https:\/\/www.facebook.com\/vapingnetde\/","article_modified_time":"2025-06-19T03:41:25+00:00","og_image":[{"width":900,"height":600,"url":"https:\/\/vapingnet.de\/wp-content\/uploads\/2025\/03\/Strawberry-Kimi-und-Sour-Apple-Raspberry.png","type":"image\/png"}],"twitter_card":"summary_large_image","twitter_misc":{"Est. reading time":"4 minutes"},"schema":{"@context":"https:\/\/schema.org","@graph":[{"@type":"WebPage","@id":"https:\/\/vapingnet.de\/vape\/bang-30000-puffs-einweg-vape-duty-free-strawberry-kimi-und-sour-apple-raspberry-fuer-langanhaltenden-dampf\/","url":"https:\/\/vapingnet.de\/vape\/bang-30000-puffs-einweg-vape-duty-free-strawberry-kimi-und-sour-apple-raspberry-fuer-langanhaltenden-dampf\/","name":"Bang 30000 Puffs Einweg Vape Duty-free Strawberry Kimi und Sour Apple Raspberry f\u00fcr langanhaltenden Dampf | Vapingnet.de","isPartOf":{"@id":"https:\/\/vapingnet.de\/#website"},"primaryImageOfPage":{"@id":"https:\/\/vapingnet.de\/vape\/bang-30000-puffs-einweg-vape-duty-free-strawberry-kimi-und-sour-apple-raspberry-fuer-langanhaltenden-dampf\/#primaryimage"},"image":{"@id":"https:\/\/vapingnet.de\/vape\/bang-30000-puffs-einweg-vape-duty-free-strawberry-kimi-und-sour-apple-raspberry-fuer-langanhaltenden-dampf\/#primaryimage"},"thumbnailUrl":"https:\/\/vapingnet.de\/wp-content\/uploads\/2025\/03\/Strawberry-Kimi-und-Sour-Apple-Raspberry.png","datePublished":"2025-03-13T08:29:55+00:00","dateModified":"2025-06-19T03:41:25+00:00","description":"Entdecke Bang 30000 Puffs Einweg Vape Duty-free Strawberry Kimi und Sour Apple Raspberry f\u00fcr langanhaltenden Dampf bei vapingnet.de, \u25ba Gro\u00dfe Auswahl an Geschmacksrichtungen & super g\u00fcnstig!","breadcrumb":{"@id":"https:\/\/vapingnet.de\/vape\/bang-30000-puffs-einweg-vape-duty-free-strawberry-kimi-und-sour-apple-raspberry-fuer-langanhaltenden-dampf\/#breadcrumb"},"inLanguage":"lt-LT","potentialAction":[{"@type":"ReadAction","target":["https:\/\/vapingnet.de\/vape\/bang-30000-puffs-einweg-vape-duty-free-strawberry-kimi-und-sour-apple-raspberry-fuer-langanhaltenden-dampf\/"]}]},{"@type":"ImageObject","inLanguage":"lt-LT","@id":"https:\/\/vapingnet.de\/vape\/bang-30000-puffs-einweg-vape-duty-free-strawberry-kimi-und-sour-apple-raspberry-fuer-langanhaltenden-dampf\/#primaryimage","url":"https:\/\/vapingnet.de\/wp-content\/uploads\/2025\/03\/Strawberry-Kimi-und-Sour-Apple-Raspberry.png","contentUrl":"https:\/\/vapingnet.de\/wp-content\/uploads\/2025\/03\/Strawberry-Kimi-und-Sour-Apple-Raspberry.png","width":900,"height":600,"caption":"Strawberry Kimi und Sour Apple Raspberry"},{"@type":"BreadcrumbList","@id":"https:\/\/vapingnet.de\/vape\/bang-30000-puffs-einweg-vape-duty-free-strawberry-kimi-und-sour-apple-raspberry-fuer-langanhaltenden-dampf\/#breadcrumb","itemListElement":[{"@type":"ListItem","position":1,"name":"Home","item":"https:\/\/vapingnet.de\/"},{"@type":"ListItem","position":2,"name":"Shop","item":"https:\/\/vapingnet.de\/vape\/"},{"@type":"ListItem","position":3,"name":"Bang 30000 Puffs Einweg Vape Duty-free Strawberry Kimi und Sour Apple Raspberry f\u00fcr langanhaltenden Dampf"}]},{"@type":"WebSite","@id":"https:\/\/vapingnet.de\/#website","url":"https:\/\/vapingnet.de\/","name":"Vapingnet.de","description":"","publisher":{"@id":"https:\/\/vapingnet.de\/#organization"},"potentialAction":[{"@type":"SearchAction","target":{"@type":"EntryPoint","urlTemplate":"https:\/\/vapingnet.de\/?s={search_term_string}"},"query-input":{"@type":"PropertyValueSpecification","valueRequired":true,"valueName":"search_term_string"}}],"inLanguage":"lt-LT"},{"@type":"Organization","@id":"https:\/\/vapingnet.de\/#organization","name":"Vapingnet.de","url":"https:\/\/vapingnet.de\/","logo":{"@type":"ImageObject","inLanguage":"lt-LT","@id":"https:\/\/vapingnet.de\/#\/schema\/logo\/image\/","url":"https:\/\/vapingnet.de\/wp-content\/uploads\/2025\/03\/cropped-vapingnet.de_.jpg","contentUrl":"https:\/\/vapingnet.de\/wp-content\/uploads\/2025\/03\/cropped-vapingnet.de_.jpg","width":512,"height":512,"caption":"Vapingnet.de"},"image":{"@id":"https:\/\/vapingnet.de\/#\/schema\/logo\/image\/"},"sameAs":["https:\/\/www.facebook.com\/vapingnetde\/"]}]}},"tiered_pricing_type":"fixed","tiered_pricing_fixed_rules":{"10":"9.49","60":"8.54","110":"7.59","200":"6.64"},"tiered_pricing_product_settings":{"layout":"default","base_unit_name":{"singular":null,"plural":null},"default_variation":null},"tiered_pricing_minimum_quantity":null,"tiered_pricing_roles_data":[],"tiered_pricing_percentage_rules":[],"_links":{"self":[{"href":"https:\/\/vapingnet.de\/lt\/wp-json\/wp\/v2\/product\/5249","targetHints":{"allow":["GET"]}}],"collection":[{"href":"https:\/\/vapingnet.de\/lt\/wp-json\/wp\/v2\/product"}],"about":[{"href":"https:\/\/vapingnet.de\/lt\/wp-json\/wp\/v2\/types\/product"}],"version-history":[{"count":4,"href":"https:\/\/vapingnet.de\/lt\/wp-json\/wp\/v2\/product\/5249\/revisions"}],"predecessor-version":[{"id":5256,"href":"https:\/\/vapingnet.de\/lt\/wp-json\/wp\/v2\/product\/5249\/revisions\/5256"}],"wp:featuredmedia":[{"embeddable":true,"href":"https:\/\/vapingnet.de\/lt\/wp-json\/wp\/v2\/media\/5255"}],"wp:attachment":[{"href":"https:\/\/vapingnet.de\/lt\/wp-json\/wp\/v2\/media?parent=5249"}],"wp:term":[{"taxonomy":"brand","embeddable":true,"href":"https:\/\/vapingnet.de\/lt\/wp-json\/wp\/v2\/etheme_brands?post=5249"},{"taxonomy":"product_brand","embeddable":true,"href":"https:\/\/vapingnet.de\/lt\/wp-json\/wp\/v2\/product_brand?post=5249"},{"taxonomy":"product_cat","embeddable":true,"href":"https:\/\/vapingnet.de\/lt\/wp-json\/wp\/v2\/product_cat?post=5249"},{"taxonomy":"product_tag","embeddable":true,"href":"https:\/\/vapingnet.de\/lt\/wp-json\/wp\/v2\/product_tag?post=5249"}],"curies":[{"name":"wp","href":"https:\/\/api.w.org\/{rel}","templated":true}]}}