{"id":5257,"date":"2025-03-13T08:47:48","date_gmt":"2025-03-13T08:47:48","guid":{"rendered":"https:\/\/vapingnet.de\/?post_type=product&#038;p=5257"},"modified":"2025-06-19T03:41:24","modified_gmt":"2025-06-19T03:41:24","slug":"bang-30000-puffs-einweg-e-zigarette-blueberry-raspberry-und-peach-mango-watermelon-jetzt-zum-grosshandelspreis","status":"publish","type":"product","link":"https:\/\/vapingnet.de\/lt\/vape\/bang-30000-puffs-einweg-e-zigarette-blueberry-raspberry-und-peach-mango-watermelon-jetzt-zum-grosshandelspreis\/","title":{"rendered":"Bang 30000 P\u016b\u010di\u0173 Vienkartin\u0117 Elektronin\u0117 Cigaret\u0117 M\u0117lyn\u0117 Aviet\u0117 ir Persikas Mango Arb\u016bzas dabar didmenin\u0117s kainos"},"content":{"rendered":"<h2 data-start=\"0\" data-end=\"107\">Bang King 30000 R\u016b\u0161i\u0173 Dviguba Skoni\u0173 Vienkartin\u0117 \u2013 Dviguba skonio \u012fvairov\u0117, ilgalaikis malonumas<\/h2>\n<p data-start=\"136\" data-end=\"541\">Ji <a href=\"https:\/\/vapingnet.de\/lt\/bang-king-30000-puffs\/\" target=\"_blank\" rel=\"noopener\"><strong>Bang King 30000 P\u016b\u010di\u0173 Dvigubo skonio vienkartin\u0117 <\/strong><\/a>yra inovatyvi elektronin\u0117 cigaret\u0117 su i\u0161skirtiniu ilgaam\u017ei\u0161kumu ir auk\u0161tos kokyb\u0117s skoniu. Su 30 000 \u012fkv\u0117pim\u0173 ir dideliu 36 ml skys\u010dio baku ji si\u016blo neprilygstam\u0105 naudojimo patirt\u012f. D\u0117l Dvigubo Skoni\u0173 technologijos galite keisti tarp dviej\u0173 skoni\u0173 ir pritaikyti savo d\u016bmavimo patirt\u012f pagal savo norus.<\/p>\n<h4 data-start=\"543\" data-end=\"566\">Pagrindin\u0117s savyb\u0117s<\/h4>\n<ul data-start=\"567\" data-end=\"2073\">\n<li data-start=\"567\" data-end=\"930\">\n<p data-start=\"569\" data-end=\"603\">Dviguba skonio \u012fvairov\u0117:<\/p>\n<ol data-start=\"606\" data-end=\"930\">\n<li data-start=\"606\" data-end=\"767\">M\u0117lyni\u0173 Avie\u010di\u0173 \u2013 Tobula sald\u017ei\u0173 m\u0117lyni\u0173 ir \u0161iek tiek r\u016bg\u0161\u010di\u0173 avie\u010di\u0173 mi\u0161inys, suteikiantis vaisi\u0173 gaivumo poj\u016bt\u012f.<\/li>\n<li data-start=\"770\" data-end=\"930\">Persiko Mango Arb\u016bzas \u2013 Skani kombinacija i\u0161 prinokusio persiko, egzoti\u0161ko mango ir gaivinan\u010dio arb\u016bzo.<\/li>\n<\/ol>\n<\/li>\n<li data-start=\"932\" data-end=\"1173\">\n<p data-start=\"934\" data-end=\"1173\">Ekstremaliai ilga tarnavimo trukm\u0117:<br data-start=\"963\" data-end=\"966\" \/>Su 30 000 \u012fkv\u0117pim\u0173 Bang King si\u016blo daug ilgesn\u0119 d\u016bmavimo patirt\u012f nei \u012fprastos elektronin\u0117s cigaret\u0117s. Idealiai tinka tiems, kurie ie\u0161ko ilgalaikio malonumo be nuolatinio papildymo ar keitimo.<\/p>\n<\/li>\n<li data-start=\"1175\" data-end=\"1383\">\n<p data-start=\"1177\" data-end=\"1383\">Tinklelio Rit\u0117 1.0\u03a9 Technologija:<br data-start=\"1208\" data-end=\"1211\" \/>1.0\u03a9 Tinklelio Rit\u0117s technologija u\u017etikrina tolyg\u0173 garavim\u0105 ir intensyv\u0173 skon\u012f. Rezultatas: tankus garas ir ypa\u010d malonus \u012fkv\u0117pimas.<\/p>\n<\/li>\n<li data-start=\"1385\" data-end=\"1551\">\n<p data-start=\"1387\" data-end=\"1551\">Reguliuojamas oro srautas:<br data-start=\"1415\" data-end=\"1418\" \/>Per reguliuojam\u0105 oro sraut\u0105 galite individualiai pritaikyti \u012fkv\u0117pimo pasiprie\u0161inim\u0105 \u2013 taip pasieksite b\u016btent jums patinkan\u010di\u0105 d\u016bmavimo patirt\u012f.<\/p>\n<\/li>\n<li data-start=\"1553\" data-end=\"1754\">\n<p data-start=\"1555\" data-end=\"1754\">\u012ekraunamas 550mAh akumuliatorius:<br data-start=\"1589\" data-end=\"1592\" \/>Galingas 550mAh akumuliatorius greitai \u012fkraunamas per Type-C jungt\u012f, kad visada b\u016btum\u0117te pasiruo\u0161\u0119s savo kitam d\u016bmavimo nuotykiui.<\/p>\n<\/li>\n<li data-start=\"1756\" data-end=\"1891\">\n<p data-start=\"1758\" data-end=\"1891\">36ml skys\u010dio bakas:<br data-start=\"1779\" data-end=\"1782\" \/>Su dideliu 36ml baku m\u0117gaukit\u0117s ilgalaikiu d\u016bmavimo malonumu be nuolatinio papildymo.<\/p>\n<\/li>\n<li data-start=\"1893\" data-end=\"2073\">\n<p data-start=\"1895\" data-end=\"2073\">LED skaitmeninis ekranas:<br data-start=\"1918\" data-end=\"1921\" \/>I\u0161manus LED ekranas rodo dabartin\u012f akumuliatoriaus lyg\u012f ir pasirinkt\u0105 skon\u012f, kad visada tur\u0117tum\u0117te ai\u0161k\u0173 vaizd\u0105.<\/p>\n<\/li>\n<\/ul>\n<h4 data-start=\"2075\" data-end=\"2110\">Kam jis skirtas?<\/h4>\n<p data-start=\"2111\" data-end=\"2530\">\u2714 Elektronini\u0173 cigare\u010di\u0173 m\u0117g\u0117jams: Nesvarbu, ar esate pradedantysis, ar patyr\u0119s d\u016bmotojas \u2013 Bang King si\u016blo pirmos klas\u0117s, ilgaam\u017e\u0119 patirt\u012f.<br data-start=\"2251\" data-end=\"2254\" \/>\u2714 Skoni\u0173 atrad\u0117jams: D\u0117l Dvigubo Skoni\u0173 technologijos galite m\u0117gautis dviem skirtingais aromatais ir bet kada juos keisti.<br data-start=\"2382\" data-end=\"2385\" \/>\u2714 Patogiems m\u0117g\u0117jams: Su \u012fkraunamu akumuliatoriumi, dideliu skys\u010dio baku ir paprasta naudoti \u0161i elektronin\u0117 cigaret\u0117 yra ideali keliaujant.<\/p>\n<h4 data-start=\"2532\" data-end=\"2565\">Pasirenkamos nikotino stiprumo opcijos<\/h4>\n<p data-start=\"2566\" data-end=\"2648\">Priklausomai nuo j\u016bs\u0173 pageidavim\u0173, galite pasirinkti tarp skirting\u0173 nikotino koncentracij\u0173:<\/p>\n<ul data-start=\"2649\" data-end=\"2871\">\n<li data-start=\"2649\" data-end=\"2708\">0% \u2013 Be nikotino, siekiant \u0161varaus skonio patirties.<\/li>\n<li data-start=\"2709\" data-end=\"2871\">2%, 3% ir 5% \u2013 Individualios nikotino stiprumo parinktys kiekvieno garintuvo tipui.<br data-start=\"2788\" data-end=\"2791\" \/>(Atkreipkite d\u0117mes\u012f: 0% ir 3% nikotinas yra prieinamas tik didel\u0117ms u\u017esakym\u0173 partijoms.)<\/li>\n<\/ul>\n<h3>Kod\u0117l Bang King 30000 Puffs Dual Flavor Disposable?<\/h3>\n<p data-start=\"2935\" data-end=\"3391\">\u2705 Ne\u012fprastai ilgas naudojimas: iki 30 000 \u012fkv\u0117pim\u0173, u\u017etikrinan\u010di\u0173 i\u0161tverming\u0105 garinimo patirt\u012f.<br data-start=\"3026\" data-end=\"3029\" \/>\u2705 Dvi skonio r\u016b\u0161ys viename \u012frenginyje: puikiai tinka \u012fvairov\u0117s ir individualaus malonumo m\u0117g\u0117jams.<br data-start=\"3126\" data-end=\"3129\" \/>\u2705 Auk\u0161\u010diausios technologijos: Mesh Coil u\u017etikrina sodr\u0173, aromating\u0105 gar\u0105.<br data-start=\"3207\" data-end=\"3210\" \/>\u2705 Patogu ir efektyvu: greitas \u012fkrovimas per Type-C ir reguliuojamas oro srautas.<br data-start=\"3302\" data-end=\"3305\" \/>\u2705 Ai\u0161ki LED indikatorius: visada tur\u0117kite piln\u0105 kontrol\u0119 over akumuliatori\u0173 ir skon\u012f.<\/p>\n<h4 data-start=\"3393\" data-end=\"3419\">U\u017esisakykite dabar!<\/h4>\n<p data-start=\"3420\" data-end=\"3578\">Aplankykite <a href=\"https:\/\/vapingnet.de\/lt\/\" target=\"_new\" rel=\"noopener\" data-start=\"3430\" data-end=\"3466\">vapingnet.de<\/a> ir \u012fsigykite savo Bang King 30000 Puffs Dual Flavor Disposable u\u017e nepalyginam\u0105 garinimo patirt\u012f!<\/p>\n<p data-start=\"3580\" data-end=\"3673\" data-is-last-node=\"\" data-is-only-node=\"\">\ud83d\udd25 Bang King 30000 Puffs Dual Flavor Disposable \u2013 Maksimali galia, maksimalus malonumas! \ud83d\udd25<\/p>\n<p>&nbsp;<\/p>","protected":false},"excerpt":{"rendered":"<p>Bang King 30000 Puffs Dual Flavor Disposable \u2013 Doppelte Geschmacksvielfalt, langanhaltender Genuss Die Bang King 30000 Puffs Dual Flavor Disposable ist eine innovative E-Zigarette mit&#8230;<\/p>","protected":false},"featured_media":5259,"template":"","meta":[],"etheme_brands":[],"product_brand":[101],"product_cat":[56,49,61],"product_tag":[],"class_list":{"0":"post-5257","1":"product","2":"type-product","3":"status-publish","4":"has-post-thumbnail","6":"product_brand-bang-king-vape","7":"product_cat-vape-30000-zuege","8":"product_cat-einweg-e-zigarette","9":"product_cat-f","11":"first","12":"instock","13":"shipping-taxable","14":"purchasable","15":"product-type-simple"},"yoast_head":"<!-- This site is optimized with the Yoast SEO plugin v26.5 - https:\/\/yoast.com\/wordpress\/plugins\/seo\/ -->\n<title>Bang 30000 Puffs Einweg E-Zigarette Blueberry Raspberry und Peach Mango Watermelon jetzt zum Gro\u00dfhandelspreis | Vapingnet.de<\/title>\n<meta name=\"description\" content=\"Entdecke Bang 30000 Puffs Einweg E-Zigarette Blueberry Raspberry und Peach Mango Watermelon jetzt zum Gro\u00dfhandelspreis bei vapingnet.de, \u25ba Gro\u00dfe Auswahl an Geschmacksrichtungen &amp; super g\u00fcnstig!\" \/>\n<meta name=\"robots\" content=\"index, follow, max-snippet:-1, max-image-preview:large, max-video-preview:-1\" \/>\n<link rel=\"canonical\" href=\"https:\/\/vapingnet.de\/lt\/vape\/bang-30000-puffs-einweg-e-zigarette-blueberry-raspberry-und-peach-mango-watermelon-jetzt-zum-grosshandelspreis\/\" \/>\n<meta property=\"og:locale\" content=\"lt_LT\" \/>\n<meta property=\"og:type\" content=\"article\" \/>\n<meta property=\"og:title\" content=\"Bang 30000 Puffs Einweg E-Zigarette Blueberry Raspberry und Peach Mango Watermelon jetzt zum Gro\u00dfhandelspreis | Vapingnet.de\" \/>\n<meta property=\"og:description\" content=\"Entdecke Bang 30000 Puffs Einweg E-Zigarette Blueberry Raspberry und Peach Mango Watermelon jetzt zum Gro\u00dfhandelspreis bei vapingnet.de, \u25ba Gro\u00dfe Auswahl an Geschmacksrichtungen &amp; super g\u00fcnstig!\" \/>\n<meta property=\"og:url\" content=\"https:\/\/vapingnet.de\/lt\/vape\/bang-30000-puffs-einweg-e-zigarette-blueberry-raspberry-und-peach-mango-watermelon-jetzt-zum-grosshandelspreis\/\" \/>\n<meta property=\"og:site_name\" content=\"Vapingnet.de\" \/>\n<meta property=\"article:publisher\" content=\"https:\/\/www.facebook.com\/vapingnetde\/\" \/>\n<meta property=\"article:modified_time\" content=\"2025-06-19T03:41:24+00:00\" \/>\n<meta property=\"og:image\" content=\"https:\/\/vapingnet.de\/wp-content\/uploads\/2025\/03\/Blueberry-Raspberry-und-Peach-Mango-Watermelon.png\" \/>\n\t<meta property=\"og:image:width\" content=\"900\" \/>\n\t<meta property=\"og:image:height\" content=\"600\" \/>\n\t<meta property=\"og:image:type\" content=\"image\/png\" \/>\n<meta name=\"twitter:card\" content=\"summary_large_image\" \/>\n<meta name=\"twitter:label1\" content=\"Est. reading time\" \/>\n\t<meta name=\"twitter:data1\" content=\"3 minutes\" \/>\n<script type=\"application\/ld+json\" class=\"yoast-schema-graph\">{\"@context\":\"https:\/\/schema.org\",\"@graph\":[{\"@type\":\"WebPage\",\"@id\":\"https:\/\/vapingnet.de\/vape\/bang-30000-puffs-einweg-e-zigarette-blueberry-raspberry-und-peach-mango-watermelon-jetzt-zum-grosshandelspreis\/\",\"url\":\"https:\/\/vapingnet.de\/vape\/bang-30000-puffs-einweg-e-zigarette-blueberry-raspberry-und-peach-mango-watermelon-jetzt-zum-grosshandelspreis\/\",\"name\":\"Bang 30000 Puffs Einweg E-Zigarette Blueberry Raspberry und Peach Mango Watermelon jetzt zum Gro\u00dfhandelspreis | Vapingnet.de\",\"isPartOf\":{\"@id\":\"https:\/\/vapingnet.de\/#website\"},\"primaryImageOfPage\":{\"@id\":\"https:\/\/vapingnet.de\/vape\/bang-30000-puffs-einweg-e-zigarette-blueberry-raspberry-und-peach-mango-watermelon-jetzt-zum-grosshandelspreis\/#primaryimage\"},\"image\":{\"@id\":\"https:\/\/vapingnet.de\/vape\/bang-30000-puffs-einweg-e-zigarette-blueberry-raspberry-und-peach-mango-watermelon-jetzt-zum-grosshandelspreis\/#primaryimage\"},\"thumbnailUrl\":\"https:\/\/vapingnet.de\/wp-content\/uploads\/2025\/03\/Blueberry-Raspberry-und-Peach-Mango-Watermelon.png\",\"datePublished\":\"2025-03-13T08:47:48+00:00\",\"dateModified\":\"2025-06-19T03:41:24+00:00\",\"description\":\"Entdecke Bang 30000 Puffs Einweg E-Zigarette Blueberry Raspberry und Peach Mango Watermelon jetzt zum Gro\u00dfhandelspreis bei vapingnet.de, \u25ba Gro\u00dfe Auswahl an Geschmacksrichtungen & super g\u00fcnstig!\",\"breadcrumb\":{\"@id\":\"https:\/\/vapingnet.de\/vape\/bang-30000-puffs-einweg-e-zigarette-blueberry-raspberry-und-peach-mango-watermelon-jetzt-zum-grosshandelspreis\/#breadcrumb\"},\"inLanguage\":\"lt-LT\",\"potentialAction\":[{\"@type\":\"ReadAction\",\"target\":[\"https:\/\/vapingnet.de\/vape\/bang-30000-puffs-einweg-e-zigarette-blueberry-raspberry-und-peach-mango-watermelon-jetzt-zum-grosshandelspreis\/\"]}]},{\"@type\":\"ImageObject\",\"inLanguage\":\"lt-LT\",\"@id\":\"https:\/\/vapingnet.de\/vape\/bang-30000-puffs-einweg-e-zigarette-blueberry-raspberry-und-peach-mango-watermelon-jetzt-zum-grosshandelspreis\/#primaryimage\",\"url\":\"https:\/\/vapingnet.de\/wp-content\/uploads\/2025\/03\/Blueberry-Raspberry-und-Peach-Mango-Watermelon.png\",\"contentUrl\":\"https:\/\/vapingnet.de\/wp-content\/uploads\/2025\/03\/Blueberry-Raspberry-und-Peach-Mango-Watermelon.png\",\"width\":900,\"height\":600,\"caption\":\"Blueberry Raspberry und Peach Mango Watermelon\"},{\"@type\":\"BreadcrumbList\",\"@id\":\"https:\/\/vapingnet.de\/vape\/bang-30000-puffs-einweg-e-zigarette-blueberry-raspberry-und-peach-mango-watermelon-jetzt-zum-grosshandelspreis\/#breadcrumb\",\"itemListElement\":[{\"@type\":\"ListItem\",\"position\":1,\"name\":\"Home\",\"item\":\"https:\/\/vapingnet.de\/\"},{\"@type\":\"ListItem\",\"position\":2,\"name\":\"Shop\",\"item\":\"https:\/\/vapingnet.de\/vape\/\"},{\"@type\":\"ListItem\",\"position\":3,\"name\":\"Bang 30000 Puffs Einweg E-Zigarette Blueberry Raspberry und Peach Mango Watermelon jetzt zum Gro\u00dfhandelspreis\"}]},{\"@type\":\"WebSite\",\"@id\":\"https:\/\/vapingnet.de\/#website\",\"url\":\"https:\/\/vapingnet.de\/\",\"name\":\"Vapingnet.de\",\"description\":\"\",\"publisher\":{\"@id\":\"https:\/\/vapingnet.de\/#organization\"},\"potentialAction\":[{\"@type\":\"SearchAction\",\"target\":{\"@type\":\"EntryPoint\",\"urlTemplate\":\"https:\/\/vapingnet.de\/?s={search_term_string}\"},\"query-input\":{\"@type\":\"PropertyValueSpecification\",\"valueRequired\":true,\"valueName\":\"search_term_string\"}}],\"inLanguage\":\"lt-LT\"},{\"@type\":\"Organization\",\"@id\":\"https:\/\/vapingnet.de\/#organization\",\"name\":\"Vapingnet.de\",\"url\":\"https:\/\/vapingnet.de\/\",\"logo\":{\"@type\":\"ImageObject\",\"inLanguage\":\"lt-LT\",\"@id\":\"https:\/\/vapingnet.de\/#\/schema\/logo\/image\/\",\"url\":\"https:\/\/vapingnet.de\/wp-content\/uploads\/2025\/03\/cropped-vapingnet.de_.jpg\",\"contentUrl\":\"https:\/\/vapingnet.de\/wp-content\/uploads\/2025\/03\/cropped-vapingnet.de_.jpg\",\"width\":512,\"height\":512,\"caption\":\"Vapingnet.de\"},\"image\":{\"@id\":\"https:\/\/vapingnet.de\/#\/schema\/logo\/image\/\"},\"sameAs\":[\"https:\/\/www.facebook.com\/vapingnetde\/\"]}]}<\/script>\n<!-- \/ Yoast SEO plugin. -->","yoast_head_json":{"title":"Bang 30000 Puffs Einweg E-Zigarette Blueberry Raspberry und Peach Mango Watermelon jetzt zum Gro\u00dfhandelspreis | Vapingnet.de","description":"Entdecke Bang 30000 Puffs Einweg E-Zigarette Blueberry Raspberry und Peach Mango Watermelon jetzt zum Gro\u00dfhandelspreis bei vapingnet.de, \u25ba Gro\u00dfe Auswahl an Geschmacksrichtungen & super g\u00fcnstig!","robots":{"index":"index","follow":"follow","max-snippet":"max-snippet:-1","max-image-preview":"max-image-preview:large","max-video-preview":"max-video-preview:-1"},"canonical":"https:\/\/vapingnet.de\/lt\/vape\/bang-30000-puffs-einweg-e-zigarette-blueberry-raspberry-und-peach-mango-watermelon-jetzt-zum-grosshandelspreis\/","og_locale":"lt_LT","og_type":"article","og_title":"Bang 30000 Puffs Einweg E-Zigarette Blueberry Raspberry und Peach Mango Watermelon jetzt zum Gro\u00dfhandelspreis | Vapingnet.de","og_description":"Entdecke Bang 30000 Puffs Einweg E-Zigarette Blueberry Raspberry und Peach Mango Watermelon jetzt zum Gro\u00dfhandelspreis bei vapingnet.de, \u25ba Gro\u00dfe Auswahl an Geschmacksrichtungen & super g\u00fcnstig!","og_url":"https:\/\/vapingnet.de\/lt\/vape\/bang-30000-puffs-einweg-e-zigarette-blueberry-raspberry-und-peach-mango-watermelon-jetzt-zum-grosshandelspreis\/","og_site_name":"Vapingnet.de","article_publisher":"https:\/\/www.facebook.com\/vapingnetde\/","article_modified_time":"2025-06-19T03:41:24+00:00","og_image":[{"width":900,"height":600,"url":"https:\/\/vapingnet.de\/wp-content\/uploads\/2025\/03\/Blueberry-Raspberry-und-Peach-Mango-Watermelon.png","type":"image\/png"}],"twitter_card":"summary_large_image","twitter_misc":{"Est. reading time":"3 minutes"},"schema":{"@context":"https:\/\/schema.org","@graph":[{"@type":"WebPage","@id":"https:\/\/vapingnet.de\/vape\/bang-30000-puffs-einweg-e-zigarette-blueberry-raspberry-und-peach-mango-watermelon-jetzt-zum-grosshandelspreis\/","url":"https:\/\/vapingnet.de\/vape\/bang-30000-puffs-einweg-e-zigarette-blueberry-raspberry-und-peach-mango-watermelon-jetzt-zum-grosshandelspreis\/","name":"Bang 30000 Puffs Einweg E-Zigarette Blueberry Raspberry und Peach Mango Watermelon jetzt zum Gro\u00dfhandelspreis | Vapingnet.de","isPartOf":{"@id":"https:\/\/vapingnet.de\/#website"},"primaryImageOfPage":{"@id":"https:\/\/vapingnet.de\/vape\/bang-30000-puffs-einweg-e-zigarette-blueberry-raspberry-und-peach-mango-watermelon-jetzt-zum-grosshandelspreis\/#primaryimage"},"image":{"@id":"https:\/\/vapingnet.de\/vape\/bang-30000-puffs-einweg-e-zigarette-blueberry-raspberry-und-peach-mango-watermelon-jetzt-zum-grosshandelspreis\/#primaryimage"},"thumbnailUrl":"https:\/\/vapingnet.de\/wp-content\/uploads\/2025\/03\/Blueberry-Raspberry-und-Peach-Mango-Watermelon.png","datePublished":"2025-03-13T08:47:48+00:00","dateModified":"2025-06-19T03:41:24+00:00","description":"Entdecke Bang 30000 Puffs Einweg E-Zigarette Blueberry Raspberry und Peach Mango Watermelon jetzt zum Gro\u00dfhandelspreis bei vapingnet.de, \u25ba Gro\u00dfe Auswahl an Geschmacksrichtungen & super g\u00fcnstig!","breadcrumb":{"@id":"https:\/\/vapingnet.de\/vape\/bang-30000-puffs-einweg-e-zigarette-blueberry-raspberry-und-peach-mango-watermelon-jetzt-zum-grosshandelspreis\/#breadcrumb"},"inLanguage":"lt-LT","potentialAction":[{"@type":"ReadAction","target":["https:\/\/vapingnet.de\/vape\/bang-30000-puffs-einweg-e-zigarette-blueberry-raspberry-und-peach-mango-watermelon-jetzt-zum-grosshandelspreis\/"]}]},{"@type":"ImageObject","inLanguage":"lt-LT","@id":"https:\/\/vapingnet.de\/vape\/bang-30000-puffs-einweg-e-zigarette-blueberry-raspberry-und-peach-mango-watermelon-jetzt-zum-grosshandelspreis\/#primaryimage","url":"https:\/\/vapingnet.de\/wp-content\/uploads\/2025\/03\/Blueberry-Raspberry-und-Peach-Mango-Watermelon.png","contentUrl":"https:\/\/vapingnet.de\/wp-content\/uploads\/2025\/03\/Blueberry-Raspberry-und-Peach-Mango-Watermelon.png","width":900,"height":600,"caption":"Blueberry Raspberry und Peach Mango Watermelon"},{"@type":"BreadcrumbList","@id":"https:\/\/vapingnet.de\/vape\/bang-30000-puffs-einweg-e-zigarette-blueberry-raspberry-und-peach-mango-watermelon-jetzt-zum-grosshandelspreis\/#breadcrumb","itemListElement":[{"@type":"ListItem","position":1,"name":"Home","item":"https:\/\/vapingnet.de\/"},{"@type":"ListItem","position":2,"name":"Shop","item":"https:\/\/vapingnet.de\/vape\/"},{"@type":"ListItem","position":3,"name":"Bang 30000 Puffs Einweg E-Zigarette Blueberry Raspberry und Peach Mango Watermelon jetzt zum Gro\u00dfhandelspreis"}]},{"@type":"WebSite","@id":"https:\/\/vapingnet.de\/#website","url":"https:\/\/vapingnet.de\/","name":"Vapingnet.de","description":"","publisher":{"@id":"https:\/\/vapingnet.de\/#organization"},"potentialAction":[{"@type":"SearchAction","target":{"@type":"EntryPoint","urlTemplate":"https:\/\/vapingnet.de\/?s={search_term_string}"},"query-input":{"@type":"PropertyValueSpecification","valueRequired":true,"valueName":"search_term_string"}}],"inLanguage":"lt-LT"},{"@type":"Organization","@id":"https:\/\/vapingnet.de\/#organization","name":"Vapingnet.de","url":"https:\/\/vapingnet.de\/","logo":{"@type":"ImageObject","inLanguage":"lt-LT","@id":"https:\/\/vapingnet.de\/#\/schema\/logo\/image\/","url":"https:\/\/vapingnet.de\/wp-content\/uploads\/2025\/03\/cropped-vapingnet.de_.jpg","contentUrl":"https:\/\/vapingnet.de\/wp-content\/uploads\/2025\/03\/cropped-vapingnet.de_.jpg","width":512,"height":512,"caption":"Vapingnet.de"},"image":{"@id":"https:\/\/vapingnet.de\/#\/schema\/logo\/image\/"},"sameAs":["https:\/\/www.facebook.com\/vapingnetde\/"]}]}},"tiered_pricing_type":"fixed","tiered_pricing_fixed_rules":{"10":"9.49","60":"8.54","110":"7.59","200":"6.64"},"tiered_pricing_product_settings":{"layout":"default","base_unit_name":{"singular":null,"plural":null},"default_variation":null},"tiered_pricing_minimum_quantity":null,"tiered_pricing_roles_data":[],"tiered_pricing_percentage_rules":[],"_links":{"self":[{"href":"https:\/\/vapingnet.de\/lt\/wp-json\/wp\/v2\/product\/5257","targetHints":{"allow":["GET"]}}],"collection":[{"href":"https:\/\/vapingnet.de\/lt\/wp-json\/wp\/v2\/product"}],"about":[{"href":"https:\/\/vapingnet.de\/lt\/wp-json\/wp\/v2\/types\/product"}],"version-history":[{"count":2,"href":"https:\/\/vapingnet.de\/lt\/wp-json\/wp\/v2\/product\/5257\/revisions"}],"predecessor-version":[{"id":5260,"href":"https:\/\/vapingnet.de\/lt\/wp-json\/wp\/v2\/product\/5257\/revisions\/5260"}],"wp:featuredmedia":[{"embeddable":true,"href":"https:\/\/vapingnet.de\/lt\/wp-json\/wp\/v2\/media\/5259"}],"wp:attachment":[{"href":"https:\/\/vapingnet.de\/lt\/wp-json\/wp\/v2\/media?parent=5257"}],"wp:term":[{"taxonomy":"brand","embeddable":true,"href":"https:\/\/vapingnet.de\/lt\/wp-json\/wp\/v2\/etheme_brands?post=5257"},{"taxonomy":"product_brand","embeddable":true,"href":"https:\/\/vapingnet.de\/lt\/wp-json\/wp\/v2\/product_brand?post=5257"},{"taxonomy":"product_cat","embeddable":true,"href":"https:\/\/vapingnet.de\/lt\/wp-json\/wp\/v2\/product_cat?post=5257"},{"taxonomy":"product_tag","embeddable":true,"href":"https:\/\/vapingnet.de\/lt\/wp-json\/wp\/v2\/product_tag?post=5257"}],"curies":[{"name":"wp","href":"https:\/\/api.w.org\/{rel}","templated":true}]}}