{"id":5261,"date":"2025-03-13T08:53:49","date_gmt":"2025-03-13T08:53:49","guid":{"rendered":"https:\/\/vapingnet.de\/?post_type=product&#038;p=5261"},"modified":"2025-06-19T03:41:24","modified_gmt":"2025-06-19T03:41:24","slug":"bang-30000-puffs-disposable-watermelon-ice-und-blueberry-mint-kuehle-frische-fuer-den-besten-geschmack","status":"publish","type":"product","link":"https:\/\/vapingnet.de\/lt\/vape\/bang-30000-puffs-disposable-watermelon-ice-und-blueberry-mint-kuehle-frische-fuer-den-besten-geschmack\/","title":{"rendered":"Bang 30000 Puffs Vienkartin\u0117 arb\u016bzo ledas ir m\u0117lyni\u0173 m\u0117tos \u0161altas gaivumas geriausiam skoniui"},"content":{"rendered":"<h2 data-start=\"0\" data-end=\"68\">Bang King 30000 R\u016b\u0161i\u0173 \u2013 i\u0161skirtinio lygio garinimo patirtis!<\/h2>\n<p data-start=\"70\" data-end=\"415\">Ar ie\u0161kai ilgaam\u017e\u0117s, skon\u012f intensyviai ir technologij\u0173 pa\u017eangios elektronin\u0117s cigaret\u0117s? Tuomet Bang King 30000 R\u016b\u0161i\u0173 Dual Flavor Disposable b\u016btent tau! Su ne\u012ftik\u0117tinais 30 000 \u012fkv\u0117pim\u0173, dviem skoniais ir i\u0161maniu LED ekranu ji si\u016blo nepalyginam\u0105 garinimo patirt\u012f.<\/p>\n<h4 data-start=\"422\" data-end=\"470\">\ud83d\udca8 Svarbiausia \u2013 malonumas kiekvienu \u012fkv\u0117pimu \ud83d\udca8<\/h4>\n<p data-start=\"472\" data-end=\"528\">\u2714 Du skonio variantai \u2013 \u012fvairov\u0117s suteikimui<\/p>\n<ul data-start=\"529\" data-end=\"813\">\n<li data-start=\"529\" data-end=\"676\">Vandensmelionas ledas \u2013 saldi, sultinga vandensmelion\u0117 susilieja su \u0161altu gaivumu \u2013 nepaprastai gaivinan\u010diai garinimo patir\u010diai!<\/li>\n<li data-start=\"677\" data-end=\"813\">M\u0117lyni\u0173 m\u0117tos \u2013 vaisin\u0117 m\u0117lyn\u0117 su \u0161altu m\u0117tomis \u2013 tobula saldumo ir gaivumo kombinacija!<\/li>\n<\/ul>\n<p data-start=\"815\" data-end=\"1011\">\u2714 Ekstremaliai ilga tarnavimo trukm\u0117 \u2013 30 000 \u012fkv\u0117pim\u0173<br data-start=\"859\" data-end=\"862\" \/>Nebereik\u0117s nuolat keisti elektronin\u0117s cigaret\u0117s \u2013 Bang King 30000 R\u016b\u0161i\u0173 lyd\u0117s tave ilg\u0105 laik\u0105 ir u\u017etikrins nenutr\u016bkstam\u0105 garinimo malonum\u0105!<\/p>\n<p data-start=\"1013\" data-end=\"1197\">\u2714 Moderniausia tinklinio rit\u0117s technologija (1.0\u03a9)<br data-start=\"1057\" data-end=\"1060\" \/>1.0\u03a9 tinklinio rit\u0117s garantuoja tolyg\u0173 garinim\u0105 ir intensyv\u0173, aromating\u0105 skon\u012f su tankiomis debesimis.<\/p>\n<p data-start=\"1199\" data-end=\"1345\">\u2714 Individualiai reguliuojamas oro srautas<br data-start=\"1240\" data-end=\"1243\" \/>Tiksliai pritaikyk \u012fkv\u0117pimo pasiprie\u0161inim\u0105 pagal savo pageidavimus \u2013 ar \u0161velniai ir lengvai, ar stipriai ir intensyviai!<\/p>\n<p data-start=\"1347\" data-end=\"1575\">\u2714 Perkraunamas 550mAh akumuliatorius + Type-C greitas \u012fkrovimas<br data-start=\"1405\" data-end=\"1408\" \/>D\u0117l 550mAh akumuliatoriaus gal\u0117si m\u0117gautis garinimo patirtimi ilg\u0105 laik\u0105. O su Type-C greitu \u012fkrovimu b\u016bsi v\u0117l pasiruo\u0161\u0119s i\u0161kart!<\/p>\n<p data-start=\"1577\" data-end=\"1626\">\u2714 LED skaitmeninis ekranas \u2013 visada matyti visk\u0105<\/p>\n<ul data-start=\"1627\" data-end=\"1801\">\n<li data-start=\"1627\" data-end=\"1691\">Akumuliatoriaus b\u016bsenos indikatorius \u2013 daugiau joki\u0173 staigi\u0173 elektros tiekimo nutraukim\u0173!<\/li>\n<li data-start=\"1692\" data-end=\"1801\">Skonio pasirinkimo indikatorius \u2013 keiskis tarp dviej\u0173 skoni\u0173 ir rask savo m\u0117gstamiausi\u0105!<\/li>\n<\/ul>\n<p data-start=\"1803\" data-end=\"2033\">\u2714 Didelis 36 ml skys\u010dio bakelis + keturi nikotino stiprumai<br data-start=\"1854\" data-end=\"1857\" \/>Prieinamas su 0%, 2%, 3% arba 5% nikotino stiprumais, kad atitikt\u0173 \u012fvairius poreikius.<br data-start=\"1948\" data-end=\"1951\" \/>(Atkreipkite d\u0117mes\u012f: 0% ir 3% nikotinas yra prieinamas tik didel\u0117ms u\u017esakym\u0173 partijoms.)<\/p>\n<p data-start=\"2035\" data-end=\"2184\">\u2714 Vienkartin\u0117 elektronin\u0117 cigaret\u0117 \u2013 be muito mokes\u010di\u0173!<br data-start=\"2081\" data-end=\"2084\" \/>Papras\u010diausiai u\u017esisakykite, i\u0161kart m\u0117gaukit\u0117s \u2013 be sud\u0117tingo muitin\u0117s formalum\u0173 ar registracijos!<\/p>\n<h3>\ud83d\udd25 Kod\u0117l Bang King 30000 p\u016btim\u0173? \ud83d\udd25<\/h3>\n<p data-start=\"2236\" data-end=\"2708\">\ud83d\udc8e Intensyvus skonis \u2013 d\u0117ka Mesh Coil technologijos ir dvigubo skonio sistemos unikaliam garo malonumui!<br data-start=\"2346\" data-end=\"2349\" \/>\ud83d\udc8e Ypa\u010d ilgas naudojimo laikas \u2013 iki 30 000 p\u016btim\u0173 ilgam patyrimui!<br data-start=\"2436\" data-end=\"2439\" \/>\ud83d\udc8e Maksimalus valdymas \u2013 LED ekranas ir reguliuojamas oro srautas individualiam garinimui!<br data-start=\"2543\" data-end=\"2546\" \/>\ud83d\udc8e Didel\u0117s garo debesys \u2013 galingas ir skon\u012f intensyvus!<br data-start=\"2611\" data-end=\"2614\" \/>\ud83d\udc8e Nereikia prie\u017ei\u016bros \u2013 vienkartinio dizaino be valymo ar kei\u010diam\u0173 garintuv\u0173 galvu\u010di\u0173!<\/p>\n<h4 data-start=\"2715\" data-end=\"2787\">\u26a1 U\u017esisakykite dabar ir m\u0117gaukit\u0117s galutiniu garinimo patirtimi! \u26a1<\/h4>\n<p data-start=\"2788\" data-end=\"2944\">\ud83d\udd17 Aplankykite <a href=\"https:\/\/vapingnet.de\/lt\/\" target=\"_new\" rel=\"noopener\" data-start=\"2801\" data-end=\"2837\">vapingnet.de<\/a> ir gaukite savo Bang King 30000 Puffs Dvigubo skonio vienkartin\u0119 \u2013 nepakartojamam malonumui!<\/p>\n<p data-start=\"2946\" data-end=\"3037\" data-is-last-node=\"\" data-is-only-node=\"\">\ud83d\ude80 Maksimalus na\u0161umas, maksimalus skonis \u2013 elektronin\u0117 cigaret\u0117, nustatanti standartus! \ud83d\ude80<\/p>","protected":false},"excerpt":{"rendered":"<p>Bang King 30000 Puffs \u2013 Ein Dampferlebnis der Extraklasse! Suchst du eine langlebige, geschmacksintensive und technologisch fortschrittliche E-Zigarette? Dann ist die Bang King 30000 Puffs&#8230;<\/p>","protected":false},"featured_media":5262,"template":"","meta":[],"etheme_brands":[],"product_brand":[101],"product_cat":[56,49,61],"product_tag":[],"class_list":{"0":"post-5261","1":"product","2":"type-product","3":"status-publish","4":"has-post-thumbnail","6":"product_brand-bang-king-vape","7":"product_cat-vape-30000-zuege","8":"product_cat-einweg-e-zigarette","9":"product_cat-f","11":"first","12":"instock","13":"shipping-taxable","14":"purchasable","15":"product-type-simple"},"yoast_head":"<!-- This site is optimized with the Yoast SEO plugin v26.5 - https:\/\/yoast.com\/wordpress\/plugins\/seo\/ -->\n<title>Bang 30000 Puffs Disposable Watermelon Ice und Blueberry Mint k\u00fchle Frische f\u00fcr den besten Geschmack | Vapingnet.de<\/title>\n<meta name=\"description\" content=\"Entdecke Bang 30000 Puffs Disposable Watermelon Ice und Blueberry Mint k\u00fchle Frische f\u00fcr den besten Geschmack bei vapingnet.de, \u25ba Gro\u00dfe Auswahl an Geschmacksrichtungen &amp; super g\u00fcnstig!\" \/>\n<meta name=\"robots\" content=\"index, follow, max-snippet:-1, max-image-preview:large, max-video-preview:-1\" \/>\n<link rel=\"canonical\" href=\"https:\/\/vapingnet.de\/lt\/vape\/bang-30000-puffs-disposable-watermelon-ice-und-blueberry-mint-kuehle-frische-fuer-den-besten-geschmack\/\" \/>\n<meta property=\"og:locale\" content=\"lt_LT\" \/>\n<meta property=\"og:type\" content=\"article\" \/>\n<meta property=\"og:title\" content=\"Bang 30000 Puffs Disposable Watermelon Ice und Blueberry Mint k\u00fchle Frische f\u00fcr den besten Geschmack | Vapingnet.de\" \/>\n<meta property=\"og:description\" content=\"Entdecke Bang 30000 Puffs Disposable Watermelon Ice und Blueberry Mint k\u00fchle Frische f\u00fcr den besten Geschmack bei vapingnet.de, \u25ba Gro\u00dfe Auswahl an Geschmacksrichtungen &amp; super g\u00fcnstig!\" \/>\n<meta property=\"og:url\" content=\"https:\/\/vapingnet.de\/lt\/vape\/bang-30000-puffs-disposable-watermelon-ice-und-blueberry-mint-kuehle-frische-fuer-den-besten-geschmack\/\" \/>\n<meta property=\"og:site_name\" content=\"Vapingnet.de\" \/>\n<meta property=\"article:publisher\" content=\"https:\/\/www.facebook.com\/vapingnetde\/\" \/>\n<meta property=\"article:modified_time\" content=\"2025-06-19T03:41:24+00:00\" \/>\n<meta property=\"og:image\" content=\"https:\/\/vapingnet.de\/wp-content\/uploads\/2025\/03\/Watermelon-Ice-und-Blueberry-Mint.png\" \/>\n\t<meta property=\"og:image:width\" content=\"900\" \/>\n\t<meta property=\"og:image:height\" content=\"600\" \/>\n\t<meta property=\"og:image:type\" content=\"image\/png\" \/>\n<meta name=\"twitter:card\" content=\"summary_large_image\" \/>\n<meta name=\"twitter:label1\" content=\"Est. reading time\" \/>\n\t<meta name=\"twitter:data1\" content=\"3 minutes\" \/>\n<script type=\"application\/ld+json\" class=\"yoast-schema-graph\">{\"@context\":\"https:\/\/schema.org\",\"@graph\":[{\"@type\":\"WebPage\",\"@id\":\"https:\/\/vapingnet.de\/vape\/bang-30000-puffs-disposable-watermelon-ice-und-blueberry-mint-kuehle-frische-fuer-den-besten-geschmack\/\",\"url\":\"https:\/\/vapingnet.de\/vape\/bang-30000-puffs-disposable-watermelon-ice-und-blueberry-mint-kuehle-frische-fuer-den-besten-geschmack\/\",\"name\":\"Bang 30000 Puffs Disposable Watermelon Ice und Blueberry Mint k\u00fchle Frische f\u00fcr den besten Geschmack | Vapingnet.de\",\"isPartOf\":{\"@id\":\"https:\/\/vapingnet.de\/#website\"},\"primaryImageOfPage\":{\"@id\":\"https:\/\/vapingnet.de\/vape\/bang-30000-puffs-disposable-watermelon-ice-und-blueberry-mint-kuehle-frische-fuer-den-besten-geschmack\/#primaryimage\"},\"image\":{\"@id\":\"https:\/\/vapingnet.de\/vape\/bang-30000-puffs-disposable-watermelon-ice-und-blueberry-mint-kuehle-frische-fuer-den-besten-geschmack\/#primaryimage\"},\"thumbnailUrl\":\"https:\/\/vapingnet.de\/wp-content\/uploads\/2025\/03\/Watermelon-Ice-und-Blueberry-Mint.png\",\"datePublished\":\"2025-03-13T08:53:49+00:00\",\"dateModified\":\"2025-06-19T03:41:24+00:00\",\"description\":\"Entdecke Bang 30000 Puffs Disposable Watermelon Ice und Blueberry Mint k\u00fchle Frische f\u00fcr den besten Geschmack bei vapingnet.de, \u25ba Gro\u00dfe Auswahl an Geschmacksrichtungen & super g\u00fcnstig!\",\"breadcrumb\":{\"@id\":\"https:\/\/vapingnet.de\/vape\/bang-30000-puffs-disposable-watermelon-ice-und-blueberry-mint-kuehle-frische-fuer-den-besten-geschmack\/#breadcrumb\"},\"inLanguage\":\"lt-LT\",\"potentialAction\":[{\"@type\":\"ReadAction\",\"target\":[\"https:\/\/vapingnet.de\/vape\/bang-30000-puffs-disposable-watermelon-ice-und-blueberry-mint-kuehle-frische-fuer-den-besten-geschmack\/\"]}]},{\"@type\":\"ImageObject\",\"inLanguage\":\"lt-LT\",\"@id\":\"https:\/\/vapingnet.de\/vape\/bang-30000-puffs-disposable-watermelon-ice-und-blueberry-mint-kuehle-frische-fuer-den-besten-geschmack\/#primaryimage\",\"url\":\"https:\/\/vapingnet.de\/wp-content\/uploads\/2025\/03\/Watermelon-Ice-und-Blueberry-Mint.png\",\"contentUrl\":\"https:\/\/vapingnet.de\/wp-content\/uploads\/2025\/03\/Watermelon-Ice-und-Blueberry-Mint.png\",\"width\":900,\"height\":600,\"caption\":\"Watermelon Ice und Blueberry Mint\"},{\"@type\":\"BreadcrumbList\",\"@id\":\"https:\/\/vapingnet.de\/vape\/bang-30000-puffs-disposable-watermelon-ice-und-blueberry-mint-kuehle-frische-fuer-den-besten-geschmack\/#breadcrumb\",\"itemListElement\":[{\"@type\":\"ListItem\",\"position\":1,\"name\":\"Home\",\"item\":\"https:\/\/vapingnet.de\/\"},{\"@type\":\"ListItem\",\"position\":2,\"name\":\"Shop\",\"item\":\"https:\/\/vapingnet.de\/vape\/\"},{\"@type\":\"ListItem\",\"position\":3,\"name\":\"Bang 30000 Puffs Disposable Watermelon Ice und Blueberry Mint k\u00fchle Frische f\u00fcr den besten Geschmack\"}]},{\"@type\":\"WebSite\",\"@id\":\"https:\/\/vapingnet.de\/#website\",\"url\":\"https:\/\/vapingnet.de\/\",\"name\":\"Vapingnet.de\",\"description\":\"\",\"publisher\":{\"@id\":\"https:\/\/vapingnet.de\/#organization\"},\"potentialAction\":[{\"@type\":\"SearchAction\",\"target\":{\"@type\":\"EntryPoint\",\"urlTemplate\":\"https:\/\/vapingnet.de\/?s={search_term_string}\"},\"query-input\":{\"@type\":\"PropertyValueSpecification\",\"valueRequired\":true,\"valueName\":\"search_term_string\"}}],\"inLanguage\":\"lt-LT\"},{\"@type\":\"Organization\",\"@id\":\"https:\/\/vapingnet.de\/#organization\",\"name\":\"Vapingnet.de\",\"url\":\"https:\/\/vapingnet.de\/\",\"logo\":{\"@type\":\"ImageObject\",\"inLanguage\":\"lt-LT\",\"@id\":\"https:\/\/vapingnet.de\/#\/schema\/logo\/image\/\",\"url\":\"https:\/\/vapingnet.de\/wp-content\/uploads\/2025\/03\/cropped-vapingnet.de_.jpg\",\"contentUrl\":\"https:\/\/vapingnet.de\/wp-content\/uploads\/2025\/03\/cropped-vapingnet.de_.jpg\",\"width\":512,\"height\":512,\"caption\":\"Vapingnet.de\"},\"image\":{\"@id\":\"https:\/\/vapingnet.de\/#\/schema\/logo\/image\/\"},\"sameAs\":[\"https:\/\/www.facebook.com\/vapingnetde\/\"]}]}<\/script>\n<!-- \/ Yoast SEO plugin. -->","yoast_head_json":{"title":"Bang 30000 Puffs Disposable Watermelon Ice und Blueberry Mint k\u00fchle Frische f\u00fcr den besten Geschmack | Vapingnet.de","description":"Entdecke Bang 30000 Puffs Disposable Watermelon Ice und Blueberry Mint k\u00fchle Frische f\u00fcr den besten Geschmack bei vapingnet.de, \u25ba Gro\u00dfe Auswahl an Geschmacksrichtungen & super g\u00fcnstig!","robots":{"index":"index","follow":"follow","max-snippet":"max-snippet:-1","max-image-preview":"max-image-preview:large","max-video-preview":"max-video-preview:-1"},"canonical":"https:\/\/vapingnet.de\/lt\/vape\/bang-30000-puffs-disposable-watermelon-ice-und-blueberry-mint-kuehle-frische-fuer-den-besten-geschmack\/","og_locale":"lt_LT","og_type":"article","og_title":"Bang 30000 Puffs Disposable Watermelon Ice und Blueberry Mint k\u00fchle Frische f\u00fcr den besten Geschmack | Vapingnet.de","og_description":"Entdecke Bang 30000 Puffs Disposable Watermelon Ice und Blueberry Mint k\u00fchle Frische f\u00fcr den besten Geschmack bei vapingnet.de, \u25ba Gro\u00dfe Auswahl an Geschmacksrichtungen & super g\u00fcnstig!","og_url":"https:\/\/vapingnet.de\/lt\/vape\/bang-30000-puffs-disposable-watermelon-ice-und-blueberry-mint-kuehle-frische-fuer-den-besten-geschmack\/","og_site_name":"Vapingnet.de","article_publisher":"https:\/\/www.facebook.com\/vapingnetde\/","article_modified_time":"2025-06-19T03:41:24+00:00","og_image":[{"width":900,"height":600,"url":"https:\/\/vapingnet.de\/wp-content\/uploads\/2025\/03\/Watermelon-Ice-und-Blueberry-Mint.png","type":"image\/png"}],"twitter_card":"summary_large_image","twitter_misc":{"Est. reading time":"3 minutes"},"schema":{"@context":"https:\/\/schema.org","@graph":[{"@type":"WebPage","@id":"https:\/\/vapingnet.de\/vape\/bang-30000-puffs-disposable-watermelon-ice-und-blueberry-mint-kuehle-frische-fuer-den-besten-geschmack\/","url":"https:\/\/vapingnet.de\/vape\/bang-30000-puffs-disposable-watermelon-ice-und-blueberry-mint-kuehle-frische-fuer-den-besten-geschmack\/","name":"Bang 30000 Puffs Disposable Watermelon Ice und Blueberry Mint k\u00fchle Frische f\u00fcr den besten Geschmack | Vapingnet.de","isPartOf":{"@id":"https:\/\/vapingnet.de\/#website"},"primaryImageOfPage":{"@id":"https:\/\/vapingnet.de\/vape\/bang-30000-puffs-disposable-watermelon-ice-und-blueberry-mint-kuehle-frische-fuer-den-besten-geschmack\/#primaryimage"},"image":{"@id":"https:\/\/vapingnet.de\/vape\/bang-30000-puffs-disposable-watermelon-ice-und-blueberry-mint-kuehle-frische-fuer-den-besten-geschmack\/#primaryimage"},"thumbnailUrl":"https:\/\/vapingnet.de\/wp-content\/uploads\/2025\/03\/Watermelon-Ice-und-Blueberry-Mint.png","datePublished":"2025-03-13T08:53:49+00:00","dateModified":"2025-06-19T03:41:24+00:00","description":"Entdecke Bang 30000 Puffs Disposable Watermelon Ice und Blueberry Mint k\u00fchle Frische f\u00fcr den besten Geschmack bei vapingnet.de, \u25ba Gro\u00dfe Auswahl an Geschmacksrichtungen & super g\u00fcnstig!","breadcrumb":{"@id":"https:\/\/vapingnet.de\/vape\/bang-30000-puffs-disposable-watermelon-ice-und-blueberry-mint-kuehle-frische-fuer-den-besten-geschmack\/#breadcrumb"},"inLanguage":"lt-LT","potentialAction":[{"@type":"ReadAction","target":["https:\/\/vapingnet.de\/vape\/bang-30000-puffs-disposable-watermelon-ice-und-blueberry-mint-kuehle-frische-fuer-den-besten-geschmack\/"]}]},{"@type":"ImageObject","inLanguage":"lt-LT","@id":"https:\/\/vapingnet.de\/vape\/bang-30000-puffs-disposable-watermelon-ice-und-blueberry-mint-kuehle-frische-fuer-den-besten-geschmack\/#primaryimage","url":"https:\/\/vapingnet.de\/wp-content\/uploads\/2025\/03\/Watermelon-Ice-und-Blueberry-Mint.png","contentUrl":"https:\/\/vapingnet.de\/wp-content\/uploads\/2025\/03\/Watermelon-Ice-und-Blueberry-Mint.png","width":900,"height":600,"caption":"Watermelon Ice und Blueberry Mint"},{"@type":"BreadcrumbList","@id":"https:\/\/vapingnet.de\/vape\/bang-30000-puffs-disposable-watermelon-ice-und-blueberry-mint-kuehle-frische-fuer-den-besten-geschmack\/#breadcrumb","itemListElement":[{"@type":"ListItem","position":1,"name":"Home","item":"https:\/\/vapingnet.de\/"},{"@type":"ListItem","position":2,"name":"Shop","item":"https:\/\/vapingnet.de\/vape\/"},{"@type":"ListItem","position":3,"name":"Bang 30000 Puffs Disposable Watermelon Ice und Blueberry Mint k\u00fchle Frische f\u00fcr den besten Geschmack"}]},{"@type":"WebSite","@id":"https:\/\/vapingnet.de\/#website","url":"https:\/\/vapingnet.de\/","name":"Vapingnet.de","description":"","publisher":{"@id":"https:\/\/vapingnet.de\/#organization"},"potentialAction":[{"@type":"SearchAction","target":{"@type":"EntryPoint","urlTemplate":"https:\/\/vapingnet.de\/?s={search_term_string}"},"query-input":{"@type":"PropertyValueSpecification","valueRequired":true,"valueName":"search_term_string"}}],"inLanguage":"lt-LT"},{"@type":"Organization","@id":"https:\/\/vapingnet.de\/#organization","name":"Vapingnet.de","url":"https:\/\/vapingnet.de\/","logo":{"@type":"ImageObject","inLanguage":"lt-LT","@id":"https:\/\/vapingnet.de\/#\/schema\/logo\/image\/","url":"https:\/\/vapingnet.de\/wp-content\/uploads\/2025\/03\/cropped-vapingnet.de_.jpg","contentUrl":"https:\/\/vapingnet.de\/wp-content\/uploads\/2025\/03\/cropped-vapingnet.de_.jpg","width":512,"height":512,"caption":"Vapingnet.de"},"image":{"@id":"https:\/\/vapingnet.de\/#\/schema\/logo\/image\/"},"sameAs":["https:\/\/www.facebook.com\/vapingnetde\/"]}]}},"tiered_pricing_type":"fixed","tiered_pricing_fixed_rules":{"10":"9.49","60":"8.54","110":"7.59","200":"6.64"},"tiered_pricing_product_settings":{"layout":"default","base_unit_name":{"singular":null,"plural":null},"default_variation":null},"tiered_pricing_minimum_quantity":null,"tiered_pricing_roles_data":[],"tiered_pricing_percentage_rules":[],"_links":{"self":[{"href":"https:\/\/vapingnet.de\/lt\/wp-json\/wp\/v2\/product\/5261","targetHints":{"allow":["GET"]}}],"collection":[{"href":"https:\/\/vapingnet.de\/lt\/wp-json\/wp\/v2\/product"}],"about":[{"href":"https:\/\/vapingnet.de\/lt\/wp-json\/wp\/v2\/types\/product"}],"version-history":[{"count":1,"href":"https:\/\/vapingnet.de\/lt\/wp-json\/wp\/v2\/product\/5261\/revisions"}],"predecessor-version":[{"id":5263,"href":"https:\/\/vapingnet.de\/lt\/wp-json\/wp\/v2\/product\/5261\/revisions\/5263"}],"wp:featuredmedia":[{"embeddable":true,"href":"https:\/\/vapingnet.de\/lt\/wp-json\/wp\/v2\/media\/5262"}],"wp:attachment":[{"href":"https:\/\/vapingnet.de\/lt\/wp-json\/wp\/v2\/media?parent=5261"}],"wp:term":[{"taxonomy":"brand","embeddable":true,"href":"https:\/\/vapingnet.de\/lt\/wp-json\/wp\/v2\/etheme_brands?post=5261"},{"taxonomy":"product_brand","embeddable":true,"href":"https:\/\/vapingnet.de\/lt\/wp-json\/wp\/v2\/product_brand?post=5261"},{"taxonomy":"product_cat","embeddable":true,"href":"https:\/\/vapingnet.de\/lt\/wp-json\/wp\/v2\/product_cat?post=5261"},{"taxonomy":"product_tag","embeddable":true,"href":"https:\/\/vapingnet.de\/lt\/wp-json\/wp\/v2\/product_tag?post=5261"}],"curies":[{"name":"wp","href":"https:\/\/api.w.org\/{rel}","templated":true}]}}