{"id":5264,"date":"2025-03-13T08:59:56","date_gmt":"2025-03-13T08:59:56","guid":{"rendered":"https:\/\/vapingnet.de\/?post_type=product&#038;p=5264"},"modified":"2025-06-19T03:41:24","modified_gmt":"2025-06-19T03:41:24","slug":"bang-30000-puffs-einweg-e-zigarette-watermelon-ice-und-strawberry-and-mango-fuer-maximalen-geschmack","status":"publish","type":"product","link":"https:\/\/vapingnet.de\/lt\/vape\/bang-30000-puffs-einweg-e-zigarette-watermelon-ice-und-strawberry-and-mango-fuer-maximalen-geschmack\/","title":{"rendered":"Bang 30000 \u012fkv\u0117pim\u0173 vienkartin\u0117 elektronin\u0117 cigaret\u0117 Watermelon Ice ir Strawberry bei Mango, siekiant maksimalaus skonio"},"content":{"rendered":"<h2 data-start=\"0\" data-end=\"87\">Bang King 30000 R\u016b\u0161i\u0173 \u2013 Maksimalus garo malonumas su dvigubo skonio technologija!<\/h2>\n<p data-start=\"89\" data-end=\"429\">Ie\u0161kai galingos, skonio intensyvios ir ilgaam\u017e\u0117s elektronin\u0117s cigaret\u0117s? Tuomet Bang King 30000 R\u016b\u0161i\u0173 Dvigubo skonio vienkartin\u0117 b\u016btent tau! Su 30 000 \u012fkv\u0117pim\u0173, dviem kei\u010diamosiomis skonio r\u016b\u0161imis ir inovatyvia Mesh Coil technologija ji si\u016blo neprilygstam\u0105 garavimo patirt\u012f!<\/p>\n<h3>\ud83d\udd25 Produkto akcentai \u2013 Tavo tobulas palydovas intensyviam garavimui! \ud83d\udd25<\/h3>\n<p data-start=\"522\" data-end=\"584\">\u2705 Dvi skonio r\u016b\u0161ys \u2013 \u012evairov\u0117 su kiekvienu \u012fkv\u0117pimu!<\/p>\n<ul data-start=\"585\" data-end=\"871\">\n<li data-start=\"585\" data-end=\"727\">Vandensmelionas ledas \u2013 Sultinga, saldi vandensmelionas su gaiviu v\u0117sinimu, suteikian\u010diu \u0161alt\u0105 garavimo patirt\u012f!<\/li>\n<li data-start=\"728\" data-end=\"871\">Bra\u0161k\u0117 ir Mango \u2013 Vaisi\u0173 saldumas i\u0161 bra\u0161ki\u0173 susitinka su egzoti\u0161ku mango \u2013 tikras skonio \u0161vent\u0117!<\/li>\n<\/ul>\n<p data-start=\"873\" data-end=\"1058\">\u2705 Ne\u012ftik\u0117tina <a href=\"https:\/\/vapingnet.de\/lt\/k\/vape-30000-zuege\/\" target=\"_blank\" rel=\"noopener\"><strong>30 000 \u012fkv\u0117pim\u0173<\/strong><\/a> \u2013 Nereikia nuolat keisti!<br data-start=\"936\" data-end=\"939\" \/>Su papildoma ilga naudojimo trukme gal\u0117si garuoti savaites be r\u016bpes\u010di\u0173 d\u0117l pakaitini\u0173 \u012frengini\u0173!<\/p>\n<p data-start=\"1060\" data-end=\"1271\">\u2705 1.0\u03a9 Mesh Coil \u2013 Tankus garas ir intensyvus skonis!<br data-start=\"1120\" data-end=\"1123\" \/>D\u0117l modernios Mesh Coil technologijos skystis tolygiai garinamas, u\u017etikrinant \u0161veln\u0173, aromating\u0105 ir intensyv\u0173 skon\u012f!<\/p>\n<p data-start=\"1273\" data-end=\"1477\">\u2705 Individualiai reguliuojamas oro srautas \u2013 Tobula kontrol\u0117!<br data-start=\"1336\" data-end=\"1339\" \/>Nesvarbu, ar m\u0117gsti \u0161velnius, lengvus \u012fkv\u0117pimus, ar stiprius, intensyvius \u2013 pritaikyk oro sraut\u0105 pagal savo pageidavimus!<\/p>\n<p data-start=\"1479\" data-end=\"1685\">\u2705 Galingas 550mAh akumuliatorius ir Type-C greitas \u012fkrovimas!<br data-start=\"1537\" data-end=\"1540\" \/>M\u0117gaukis ilgalaikiu garavimu su \u012fkraunamu akumuliatoriumi, kuris gali b\u016bti greitai \u012fkrautas per Type-C \u2013 visada pasiruo\u0161\u0119s naudoti!<\/p>\n<p data-start=\"1687\" data-end=\"1753\">\u2705 LED skaitmeninis ekranas \u2013 Visi svarb\u016bs duomenys viename vaizde!<\/p>\n<ul data-start=\"1754\" data-end=\"1968\">\n<li data-start=\"1754\" data-end=\"1853\">Akumuliatoriaus lygio indikatorius \u2013 Nuolat steb\u0117k likus\u012f \u012fkrovim\u0105, kad i\u0161vengtum pertrauk\u0173!<\/li>\n<li data-start=\"1854\" data-end=\"1968\">Skonio pasirinkimo indikatorius \u2013 Lengvai keisk tarp dviej\u0173 aromat\u0173 ir m\u0117gaukis savo m\u0117gstamu skoniu!<\/li>\n<\/ul>\n<p data-start=\"1970\" data-end=\"2183\">\u2705 36ml skys\u010dio bakelis \u2013 Keturi nikotino stiprumai pasirinkimui!<br data-start=\"2026\" data-end=\"2029\" \/>Prieinamas su 0%, 2%, 3% arba 5% nikotino stiprumais \u2013 pagal individualius poreikius.<br data-start=\"2105\" data-end=\"2108\" \/>(Pastaba: 0% ir 3% nikotinas yra prieinami tik didel\u0117ms u\u017esakym\u0173 partijoms.)<\/p>\n<p data-start=\"2185\" data-end=\"2331\">\u2705 Vienkartinis Vape \u2013 Be muitin\u0117s mokes\u010di\u0173!<br data-start=\"2224\" data-end=\"2227\" \/>Papras\u010diausiai u\u017esakykite, tiesiog m\u0117gaukit\u0117s \u2013 joki\u0173 sud\u0117ting\u0173 muitin\u0117s formalum\u0173 ar papildom\u0173 i\u0161laid\u0173!<\/p>\n<h3 data-start=\"2338\" data-end=\"2381\">\ud83c\udf1f Kod\u0117l Bang King 30000 Puffs? \ud83c\udf1f<\/h3>\n<p data-start=\"2383\" data-end=\"2957\">\u2714 Ultra ilgas tarnavimo laikas \u2013 iki 30 000 \u012fkv\u0117pim\u0173 ilgalaikiam gar\u0173 malonumui!<br data-start=\"2473\" data-end=\"2476\" \/>\u2714 Dvigubo skonio sistema \u2013 du skoniai viename \u012frenginyje \u2013 keiskite pagal nor\u0105!<br data-start=\"2568\" data-end=\"2571\" \/>\u2714 Galinga Mesh Coil technologija \u2013 tank\u016bs gar\u0173 debesys ir intensyvus skonio poj\u016btis!<br data-start=\"2659\" data-end=\"2662\" \/>\u2714 Maksimalus valdymas \u2013 oro srauto reguliavimas ir LED indikatorius personalizuotam garinimo patyrimui!<br data-start=\"2762\" data-end=\"2765\" \/>\u2714 Tobula Cloud Chaser \u2013 sodrus garas intensyviam poj\u016b\u010diui!<br data-start=\"2837\" data-end=\"2840\" \/>\u2714 Patogu ir paprasta \u2013 be prie\u017ei\u016bros, be papildymo, be sud\u0117tingos \u012frangos nustatymo \u2013 tiesiog i\u0161pakuokite ir m\u0117gaukit\u0117s!<\/p>\n<h4 data-start=\"2964\" data-end=\"3033\">\u26a1 U\u017esisakykite dabar ir patirkite galutin\u012f garinimo malonum\u0105! \u26a1<\/h4>\n<p data-start=\"3034\" data-end=\"3198\">\ud83d\udd17 Aplankykite <a href=\"https:\/\/vapingnet.de\/lt\/\" target=\"_new\" rel=\"noopener\" data-start=\"3047\" data-end=\"3083\">vapingnet.de<\/a> ir \u012fsigykite Bang King 30000 Puffs Dvigubo skonio Vienkartin\u012f \u2013 maksimaliai veiksming\u0105 ir skoni\u0173 \u012fvairov\u0119!<\/p>\n<p data-start=\"3200\" data-end=\"3294\" data-is-last-node=\"\" data-is-only-node=\"\">\ud83d\ude80 30 000 \u012fkv\u0117pim\u0173, dviguba skonio pasirinktis \u2013 J\u016bs\u0173 naujas m\u0117gstamiausias \u012frenginys laukia j\u016bs\u0173! \ud83d\ude80<\/p>","protected":false},"excerpt":{"rendered":"<p>Bang King 30000 Puffs \u2013 Maksimalus gar\u0173 malonumas su Dual-Flavor technologija! Ie\u0161kai galingos, skon\u012f intensyvios ir ilgaam\u017e\u0117s elektronin\u0117s cigaret\u0117s? Tuomet Bang King 30000 Puffs...<\/p>","protected":false},"featured_media":5265,"template":"","meta":[],"etheme_brands":[],"product_brand":[101],"product_cat":[56,49,61],"product_tag":[],"class_list":{"0":"post-5264","1":"product","2":"type-product","3":"status-publish","4":"has-post-thumbnail","6":"product_brand-bang-king-vape","7":"product_cat-vape-30000-zuege","8":"product_cat-einweg-e-zigarette","9":"product_cat-f","11":"first","12":"instock","13":"shipping-taxable","14":"purchasable","15":"product-type-simple"},"yoast_head":"<!-- This site is optimized with the Yoast SEO plugin v26.5 - https:\/\/yoast.com\/wordpress\/plugins\/seo\/ -->\n<title>Bang 30000 Puffs Einweg E-Zigarette Watermelon Ice und Strawberry and Mango f\u00fcr maximalen Geschmack | Vapingnet.de<\/title>\n<meta name=\"description\" content=\"Entdecke Bang 30000 Puffs Einweg E-Zigarette Watermelon Ice und Strawberry and Mango f\u00fcr maximalen Geschmack bei vapingnet.de, \u25ba Gro\u00dfe Auswahl an Geschmacksrichtungen &amp; super g\u00fcnstig!\" \/>\n<meta name=\"robots\" content=\"index, follow, max-snippet:-1, max-image-preview:large, max-video-preview:-1\" \/>\n<link rel=\"canonical\" href=\"https:\/\/vapingnet.de\/lt\/vape\/bang-30000-puffs-einweg-e-zigarette-watermelon-ice-und-strawberry-and-mango-fuer-maximalen-geschmack\/\" \/>\n<meta property=\"og:locale\" content=\"lt_LT\" \/>\n<meta property=\"og:type\" content=\"article\" \/>\n<meta property=\"og:title\" content=\"Bang 30000 Puffs Einweg E-Zigarette Watermelon Ice und Strawberry and Mango f\u00fcr maximalen Geschmack | Vapingnet.de\" \/>\n<meta property=\"og:description\" content=\"Entdecke Bang 30000 Puffs Einweg E-Zigarette Watermelon Ice und Strawberry and Mango f\u00fcr maximalen Geschmack bei vapingnet.de, \u25ba Gro\u00dfe Auswahl an Geschmacksrichtungen &amp; super g\u00fcnstig!\" \/>\n<meta property=\"og:url\" content=\"https:\/\/vapingnet.de\/lt\/vape\/bang-30000-puffs-einweg-e-zigarette-watermelon-ice-und-strawberry-and-mango-fuer-maximalen-geschmack\/\" \/>\n<meta property=\"og:site_name\" content=\"Vapingnet.de\" \/>\n<meta property=\"article:publisher\" content=\"https:\/\/www.facebook.com\/vapingnetde\/\" \/>\n<meta property=\"article:modified_time\" content=\"2025-06-19T03:41:24+00:00\" \/>\n<meta property=\"og:image\" content=\"https:\/\/vapingnet.de\/wp-content\/uploads\/2025\/03\/Watermelon-Ice-und-Strawberry-and-Mango.png\" \/>\n\t<meta property=\"og:image:width\" content=\"900\" \/>\n\t<meta property=\"og:image:height\" content=\"600\" \/>\n\t<meta property=\"og:image:type\" content=\"image\/png\" \/>\n<meta name=\"twitter:card\" content=\"summary_large_image\" \/>\n<meta name=\"twitter:label1\" content=\"Est. reading time\" \/>\n\t<meta name=\"twitter:data1\" content=\"3 minutes\" \/>\n<script type=\"application\/ld+json\" class=\"yoast-schema-graph\">{\"@context\":\"https:\/\/schema.org\",\"@graph\":[{\"@type\":\"WebPage\",\"@id\":\"https:\/\/vapingnet.de\/vape\/bang-30000-puffs-einweg-e-zigarette-watermelon-ice-und-strawberry-and-mango-fuer-maximalen-geschmack\/\",\"url\":\"https:\/\/vapingnet.de\/vape\/bang-30000-puffs-einweg-e-zigarette-watermelon-ice-und-strawberry-and-mango-fuer-maximalen-geschmack\/\",\"name\":\"Bang 30000 Puffs Einweg E-Zigarette Watermelon Ice und Strawberry and Mango f\u00fcr maximalen Geschmack | Vapingnet.de\",\"isPartOf\":{\"@id\":\"https:\/\/vapingnet.de\/#website\"},\"primaryImageOfPage\":{\"@id\":\"https:\/\/vapingnet.de\/vape\/bang-30000-puffs-einweg-e-zigarette-watermelon-ice-und-strawberry-and-mango-fuer-maximalen-geschmack\/#primaryimage\"},\"image\":{\"@id\":\"https:\/\/vapingnet.de\/vape\/bang-30000-puffs-einweg-e-zigarette-watermelon-ice-und-strawberry-and-mango-fuer-maximalen-geschmack\/#primaryimage\"},\"thumbnailUrl\":\"https:\/\/vapingnet.de\/wp-content\/uploads\/2025\/03\/Watermelon-Ice-und-Strawberry-and-Mango.png\",\"datePublished\":\"2025-03-13T08:59:56+00:00\",\"dateModified\":\"2025-06-19T03:41:24+00:00\",\"description\":\"Entdecke Bang 30000 Puffs Einweg E-Zigarette Watermelon Ice und Strawberry and Mango f\u00fcr maximalen Geschmack bei vapingnet.de, \u25ba Gro\u00dfe Auswahl an Geschmacksrichtungen & super g\u00fcnstig!\",\"breadcrumb\":{\"@id\":\"https:\/\/vapingnet.de\/vape\/bang-30000-puffs-einweg-e-zigarette-watermelon-ice-und-strawberry-and-mango-fuer-maximalen-geschmack\/#breadcrumb\"},\"inLanguage\":\"lt-LT\",\"potentialAction\":[{\"@type\":\"ReadAction\",\"target\":[\"https:\/\/vapingnet.de\/vape\/bang-30000-puffs-einweg-e-zigarette-watermelon-ice-und-strawberry-and-mango-fuer-maximalen-geschmack\/\"]}]},{\"@type\":\"ImageObject\",\"inLanguage\":\"lt-LT\",\"@id\":\"https:\/\/vapingnet.de\/vape\/bang-30000-puffs-einweg-e-zigarette-watermelon-ice-und-strawberry-and-mango-fuer-maximalen-geschmack\/#primaryimage\",\"url\":\"https:\/\/vapingnet.de\/wp-content\/uploads\/2025\/03\/Watermelon-Ice-und-Strawberry-and-Mango.png\",\"contentUrl\":\"https:\/\/vapingnet.de\/wp-content\/uploads\/2025\/03\/Watermelon-Ice-und-Strawberry-and-Mango.png\",\"width\":900,\"height\":600,\"caption\":\"Watermelon Ice und Strawberry and Mango\"},{\"@type\":\"BreadcrumbList\",\"@id\":\"https:\/\/vapingnet.de\/vape\/bang-30000-puffs-einweg-e-zigarette-watermelon-ice-und-strawberry-and-mango-fuer-maximalen-geschmack\/#breadcrumb\",\"itemListElement\":[{\"@type\":\"ListItem\",\"position\":1,\"name\":\"Home\",\"item\":\"https:\/\/vapingnet.de\/\"},{\"@type\":\"ListItem\",\"position\":2,\"name\":\"Shop\",\"item\":\"https:\/\/vapingnet.de\/vape\/\"},{\"@type\":\"ListItem\",\"position\":3,\"name\":\"Bang 30000 Puffs Einweg E-Zigarette Watermelon Ice und Strawberry and Mango f\u00fcr maximalen Geschmack\"}]},{\"@type\":\"WebSite\",\"@id\":\"https:\/\/vapingnet.de\/#website\",\"url\":\"https:\/\/vapingnet.de\/\",\"name\":\"Vapingnet.de\",\"description\":\"\",\"publisher\":{\"@id\":\"https:\/\/vapingnet.de\/#organization\"},\"potentialAction\":[{\"@type\":\"SearchAction\",\"target\":{\"@type\":\"EntryPoint\",\"urlTemplate\":\"https:\/\/vapingnet.de\/?s={search_term_string}\"},\"query-input\":{\"@type\":\"PropertyValueSpecification\",\"valueRequired\":true,\"valueName\":\"search_term_string\"}}],\"inLanguage\":\"lt-LT\"},{\"@type\":\"Organization\",\"@id\":\"https:\/\/vapingnet.de\/#organization\",\"name\":\"Vapingnet.de\",\"url\":\"https:\/\/vapingnet.de\/\",\"logo\":{\"@type\":\"ImageObject\",\"inLanguage\":\"lt-LT\",\"@id\":\"https:\/\/vapingnet.de\/#\/schema\/logo\/image\/\",\"url\":\"https:\/\/vapingnet.de\/wp-content\/uploads\/2025\/03\/cropped-vapingnet.de_.jpg\",\"contentUrl\":\"https:\/\/vapingnet.de\/wp-content\/uploads\/2025\/03\/cropped-vapingnet.de_.jpg\",\"width\":512,\"height\":512,\"caption\":\"Vapingnet.de\"},\"image\":{\"@id\":\"https:\/\/vapingnet.de\/#\/schema\/logo\/image\/\"},\"sameAs\":[\"https:\/\/www.facebook.com\/vapingnetde\/\"]}]}<\/script>\n<!-- \/ Yoast SEO plugin. -->","yoast_head_json":{"title":"Bang 30000 Puffs Einweg E-Zigarette Watermelon Ice und Strawberry and Mango f\u00fcr maximalen Geschmack | Vapingnet.de","description":"Entdecke Bang 30000 Puffs Einweg E-Zigarette Watermelon Ice und Strawberry and Mango f\u00fcr maximalen Geschmack bei vapingnet.de, \u25ba Gro\u00dfe Auswahl an Geschmacksrichtungen & super g\u00fcnstig!","robots":{"index":"index","follow":"follow","max-snippet":"max-snippet:-1","max-image-preview":"max-image-preview:large","max-video-preview":"max-video-preview:-1"},"canonical":"https:\/\/vapingnet.de\/lt\/vape\/bang-30000-puffs-einweg-e-zigarette-watermelon-ice-und-strawberry-and-mango-fuer-maximalen-geschmack\/","og_locale":"lt_LT","og_type":"article","og_title":"Bang 30000 Puffs Einweg E-Zigarette Watermelon Ice und Strawberry and Mango f\u00fcr maximalen Geschmack | Vapingnet.de","og_description":"Entdecke Bang 30000 Puffs Einweg E-Zigarette Watermelon Ice und Strawberry and Mango f\u00fcr maximalen Geschmack bei vapingnet.de, \u25ba Gro\u00dfe Auswahl an Geschmacksrichtungen & super g\u00fcnstig!","og_url":"https:\/\/vapingnet.de\/lt\/vape\/bang-30000-puffs-einweg-e-zigarette-watermelon-ice-und-strawberry-and-mango-fuer-maximalen-geschmack\/","og_site_name":"Vapingnet.de","article_publisher":"https:\/\/www.facebook.com\/vapingnetde\/","article_modified_time":"2025-06-19T03:41:24+00:00","og_image":[{"width":900,"height":600,"url":"https:\/\/vapingnet.de\/wp-content\/uploads\/2025\/03\/Watermelon-Ice-und-Strawberry-and-Mango.png","type":"image\/png"}],"twitter_card":"summary_large_image","twitter_misc":{"Est. reading time":"3 minutes"},"schema":{"@context":"https:\/\/schema.org","@graph":[{"@type":"WebPage","@id":"https:\/\/vapingnet.de\/vape\/bang-30000-puffs-einweg-e-zigarette-watermelon-ice-und-strawberry-and-mango-fuer-maximalen-geschmack\/","url":"https:\/\/vapingnet.de\/vape\/bang-30000-puffs-einweg-e-zigarette-watermelon-ice-und-strawberry-and-mango-fuer-maximalen-geschmack\/","name":"Bang 30000 Puffs Einweg E-Zigarette Watermelon Ice und Strawberry and Mango f\u00fcr maximalen Geschmack | Vapingnet.de","isPartOf":{"@id":"https:\/\/vapingnet.de\/#website"},"primaryImageOfPage":{"@id":"https:\/\/vapingnet.de\/vape\/bang-30000-puffs-einweg-e-zigarette-watermelon-ice-und-strawberry-and-mango-fuer-maximalen-geschmack\/#primaryimage"},"image":{"@id":"https:\/\/vapingnet.de\/vape\/bang-30000-puffs-einweg-e-zigarette-watermelon-ice-und-strawberry-and-mango-fuer-maximalen-geschmack\/#primaryimage"},"thumbnailUrl":"https:\/\/vapingnet.de\/wp-content\/uploads\/2025\/03\/Watermelon-Ice-und-Strawberry-and-Mango.png","datePublished":"2025-03-13T08:59:56+00:00","dateModified":"2025-06-19T03:41:24+00:00","description":"Entdecke Bang 30000 Puffs Einweg E-Zigarette Watermelon Ice und Strawberry and Mango f\u00fcr maximalen Geschmack bei vapingnet.de, \u25ba Gro\u00dfe Auswahl an Geschmacksrichtungen & super g\u00fcnstig!","breadcrumb":{"@id":"https:\/\/vapingnet.de\/vape\/bang-30000-puffs-einweg-e-zigarette-watermelon-ice-und-strawberry-and-mango-fuer-maximalen-geschmack\/#breadcrumb"},"inLanguage":"lt-LT","potentialAction":[{"@type":"ReadAction","target":["https:\/\/vapingnet.de\/vape\/bang-30000-puffs-einweg-e-zigarette-watermelon-ice-und-strawberry-and-mango-fuer-maximalen-geschmack\/"]}]},{"@type":"ImageObject","inLanguage":"lt-LT","@id":"https:\/\/vapingnet.de\/vape\/bang-30000-puffs-einweg-e-zigarette-watermelon-ice-und-strawberry-and-mango-fuer-maximalen-geschmack\/#primaryimage","url":"https:\/\/vapingnet.de\/wp-content\/uploads\/2025\/03\/Watermelon-Ice-und-Strawberry-and-Mango.png","contentUrl":"https:\/\/vapingnet.de\/wp-content\/uploads\/2025\/03\/Watermelon-Ice-und-Strawberry-and-Mango.png","width":900,"height":600,"caption":"Watermelon Ice und Strawberry and Mango"},{"@type":"BreadcrumbList","@id":"https:\/\/vapingnet.de\/vape\/bang-30000-puffs-einweg-e-zigarette-watermelon-ice-und-strawberry-and-mango-fuer-maximalen-geschmack\/#breadcrumb","itemListElement":[{"@type":"ListItem","position":1,"name":"Home","item":"https:\/\/vapingnet.de\/"},{"@type":"ListItem","position":2,"name":"Shop","item":"https:\/\/vapingnet.de\/vape\/"},{"@type":"ListItem","position":3,"name":"Bang 30000 Puffs Einweg E-Zigarette Watermelon Ice und Strawberry and Mango f\u00fcr maximalen Geschmack"}]},{"@type":"WebSite","@id":"https:\/\/vapingnet.de\/#website","url":"https:\/\/vapingnet.de\/","name":"Vapingnet.de","description":"","publisher":{"@id":"https:\/\/vapingnet.de\/#organization"},"potentialAction":[{"@type":"SearchAction","target":{"@type":"EntryPoint","urlTemplate":"https:\/\/vapingnet.de\/?s={search_term_string}"},"query-input":{"@type":"PropertyValueSpecification","valueRequired":true,"valueName":"search_term_string"}}],"inLanguage":"lt-LT"},{"@type":"Organization","@id":"https:\/\/vapingnet.de\/#organization","name":"Vapingnet.de","url":"https:\/\/vapingnet.de\/","logo":{"@type":"ImageObject","inLanguage":"lt-LT","@id":"https:\/\/vapingnet.de\/#\/schema\/logo\/image\/","url":"https:\/\/vapingnet.de\/wp-content\/uploads\/2025\/03\/cropped-vapingnet.de_.jpg","contentUrl":"https:\/\/vapingnet.de\/wp-content\/uploads\/2025\/03\/cropped-vapingnet.de_.jpg","width":512,"height":512,"caption":"Vapingnet.de"},"image":{"@id":"https:\/\/vapingnet.de\/#\/schema\/logo\/image\/"},"sameAs":["https:\/\/www.facebook.com\/vapingnetde\/"]}]}},"tiered_pricing_type":"fixed","tiered_pricing_fixed_rules":{"10":"9.49","60":"8.54","110":"7.59","200":"6.64"},"tiered_pricing_product_settings":{"layout":"default","base_unit_name":{"singular":null,"plural":null},"default_variation":null},"tiered_pricing_minimum_quantity":null,"tiered_pricing_roles_data":[],"tiered_pricing_percentage_rules":[],"_links":{"self":[{"href":"https:\/\/vapingnet.de\/lt\/wp-json\/wp\/v2\/product\/5264","targetHints":{"allow":["GET"]}}],"collection":[{"href":"https:\/\/vapingnet.de\/lt\/wp-json\/wp\/v2\/product"}],"about":[{"href":"https:\/\/vapingnet.de\/lt\/wp-json\/wp\/v2\/types\/product"}],"version-history":[{"count":1,"href":"https:\/\/vapingnet.de\/lt\/wp-json\/wp\/v2\/product\/5264\/revisions"}],"predecessor-version":[{"id":5266,"href":"https:\/\/vapingnet.de\/lt\/wp-json\/wp\/v2\/product\/5264\/revisions\/5266"}],"wp:featuredmedia":[{"embeddable":true,"href":"https:\/\/vapingnet.de\/lt\/wp-json\/wp\/v2\/media\/5265"}],"wp:attachment":[{"href":"https:\/\/vapingnet.de\/lt\/wp-json\/wp\/v2\/media?parent=5264"}],"wp:term":[{"taxonomy":"brand","embeddable":true,"href":"https:\/\/vapingnet.de\/lt\/wp-json\/wp\/v2\/etheme_brands?post=5264"},{"taxonomy":"product_brand","embeddable":true,"href":"https:\/\/vapingnet.de\/lt\/wp-json\/wp\/v2\/product_brand?post=5264"},{"taxonomy":"product_cat","embeddable":true,"href":"https:\/\/vapingnet.de\/lt\/wp-json\/wp\/v2\/product_cat?post=5264"},{"taxonomy":"product_tag","embeddable":true,"href":"https:\/\/vapingnet.de\/lt\/wp-json\/wp\/v2\/product_tag?post=5264"}],"curies":[{"name":"wp","href":"https:\/\/api.w.org\/{rel}","templated":true}]}}