{"id":5267,"date":"2025-12-13T09:04:10","date_gmt":"2025-12-13T09:04:10","guid":{"rendered":"https:\/\/vapingnet.de\/?post_type=product&#038;p=5267"},"modified":"2026-01-28T08:36:47","modified_gmt":"2026-01-28T08:36:47","slug":"bang-30000-puffs-strawberry-watermelon-und-kiwi-passion-fruit-guava-intensiver-fruchtmix","status":"publish","type":"product","link":"https:\/\/vapingnet.de\/lt\/vape\/bang-30000-puffs-strawberry-watermelon-und-kiwi-passion-fruit-guava-intensiver-fruchtmix\/","title":{"rendered":"Bang 30000 Puffs Strawberry Watermelon ir Kiwi Passion Fruit Guava intensyvus vaisi\u0173 mi\u0161inys"},"content":{"rendered":"<h2 data-start=\"0\" data-end=\"89\">Bang King 30000 R\u016b\u0161i\u0173 Dvigubo Skonio Vienkartinis \u2013 J\u016bs\u0173 galutinis vaping patirtis<\/h2>\n<p data-start=\"91\" data-end=\"358\">Ar pavargote nuolat keisti elektronines cigaretes? Norite ilgesnio ir intensyvesnio garavimo patirties? Bang King 30000 R\u016b\u0161i\u0173 Dvigubo Skonio Vienkartinis yra tobulas sprendimas visiems j\u016bs\u0173 poreikiams ir suteikia jums galutin\u012f garavimo malonum\u0105!<\/p>\n<p data-start=\"360\" data-end=\"749\">\u0160is inovatyvus vienkartinis vape ne tik si\u016blo itin ilg\u0105 naudojimo laik\u0105 (iki 30 000 \u012fkv\u0117pim\u0173), bet ir dvigub\u0105 skonio pasirinkim\u0105, leid\u017eiant\u012f kiekvieno \u012fkv\u0117pimo metu m\u0117gautis nauju, jaudinan\u010diu skoniu. Nesvarbu, ar esate pradedantysis, ar patyr\u0119s garuotojas, <a href=\"https:\/\/vapingnet.de\/fr\/Brands\/bang-king-vape\/\" target=\"_blank\" rel=\"noopener\"><strong>Bang King<\/strong><\/a> pakels j\u016bs\u0173 skon\u012f, gar\u0105 ir akumuliatoriaus veikimo laik\u0105 \u012f visi\u0161kai nauj\u0105 lyg\u012f.<\/p>\n<h4 data-start=\"756\" data-end=\"779\">Produkto ypatyb\u0117s:<\/h4>\n<h5 data-start=\"781\" data-end=\"839\">Dvigubas skonio pasirinkimas \u2013 keiskite pagal nor\u0105<\/h5>\n<ul data-start=\"840\" data-end=\"1233\">\n<li data-start=\"840\" data-end=\"1058\">Bra\u0161k\u0117 Vandenynas: Saldaus bra\u0161ki\u0173 skonio ir gaivios meliono derinys sukuria tobul\u0105 vasaros patirt\u012f. Kiekvienas \u012fkv\u0117pimas jau\u010diasi kaip \u0161vie\u017eias k\u0105snis i\u0161 sultingiausio meliono.<\/li>\n<li data-start=\"1059\" data-end=\"1233\">Kivi Aistra Vaisius Guava: Eksoti\u0161ka r\u016bg\u0161taus kivi, saldaus aistros vaisiaus ir tropin\u0117s guavos mi\u0161inys \u2013 skonis, kuris kiekvienu \u012fkv\u0117pimu vilioja j\u016bs\u0173 gomur\u012f.<\/li>\n<\/ul>\n<h5 data-start=\"1235\" data-end=\"1288\">Ekstremaliai ilgas naudojimo laikas \u2013 begalinis garavimas<\/h5>\n<p data-start=\"1289\" data-end=\"1471\">Su 30 000 \u012fkv\u0117pim\u0173 naudojimo trukme \u0161is vienkartinis vape pranoksta visus \u012fprastus \u012frenginius. Jums nereikia nuolat keisti, galite ilgai ir be pertraukos m\u0117gautis.<\/p>\n<h5 data-start=\"1473\" data-end=\"1509\">Inovatyvus tinklelio rit\u0117 (1.0\u03a9)<\/h5>\n<p data-start=\"1510\" data-end=\"1697\">1.0\u03a9 tinklelio rit\u0117 u\u017etikrina, kad elektroninis skystis b\u016bt\u0173 tolygiai garinamas, kas sukelia turtingus garus ir intensyv\u0173 skon\u012f. Taip kiekvienas \u012fkv\u0117pimas tampa dar malonesnis.<\/p>\n<h5 data-start=\"1699\" data-end=\"1755\">Reguliuojamas oro srautas \u2013 tobulas kiekvienam garuotojui<\/h5>\n<p data-start=\"1756\" data-end=\"1979\">Lengvai reguliuokite oro srauto nustatymus, kad valdyti savo individual\u0173 \u012fkv\u0117pimo pasiprie\u0161inim\u0105. Nesvarbu, ar m\u0117gstate \u0161veln\u0173 \u012fkv\u0117pim\u0105, ar stipresn\u012f gar\u0105, \u010dia galite rasti savo norim\u0105 stili\u0173.<\/p>\n<h5 data-start=\"1981\" data-end=\"2041\">550mAh \u012fkraunamas akumuliatorius + Type-C greito \u012fkrovimo jungtis<\/h5>\n<p data-start=\"2042\" data-end=\"2212\">Su galingu akumuliatoriumi ir Type-C greito \u012fkrovimo jungtimi lengvai \u012fkraukite Bang King per trumpiausi\u0105 laik\u0105, kad niekada neliktum\u0117te be garo.<\/p>\n<h5 data-start=\"2214\" data-end=\"2240\">LED skaitmeninis rodiklis<\/h5>\n<p data-start=\"2241\" data-end=\"2434\">\u012erenginys turi LED skaitmenin\u012f ekran\u0105, kuris bet kuriuo metu rodo dabartin\u012f \u012fkrovimo lyg\u012f ir kei\u010diam\u0105 skon\u012f. Taip visada turite piln\u0105 kontrol\u0119.<\/p>\n<h5 data-start=\"2436\" data-end=\"2464\">36 ml elektroninio skys\u010dio<\/h5>\n<p data-start=\"2465\" data-end=\"2684\">Su 36 ml skys\u010dio kiekviename vape galite ilgai m\u0117gautis be papildymo. Pasirinkite i\u0161 \u012fvairi\u0173 nikotino kiekio variant\u0173: 0%, 2%, 3%, 5%. (Nikotino atveju 0% ir 3% reikalinga didmenin\u0117 u\u017esakymo forma.)<\/p>\n<h5 data-start=\"2686\" data-end=\"2729\">Joki\u0173 muitin\u0117s mokes\u010di\u0173 \u2013 Paprastas pirkimas<\/h5>\n<p data-start=\"2730\" data-end=\"2867\">\u012esigykite \u0161\u012f elektronin\u012f cigaret\u0119 be r\u016bpes\u010di\u0173 d\u0117l papildom\u0173 muitin\u0117s mokes\u010di\u0173, joki\u0173 muit\u0173! Taip j\u016bs\u0173 pirkimas bus be streso ir patogus.<\/p>\n<h3 data-start=\"2874\" data-end=\"2932\">Kod\u0117l tur\u0117tum pasirinkti Bang King 30000 Puffs?<\/h3>\n<ul data-start=\"2933\" data-end=\"3495\">\n<li data-start=\"2933\" data-end=\"3007\">Ilga tarnavimo trukm\u0117: <a href=\"https:\/\/vapingnet.de\/lt\/k\/vape-30000-zuege\/\" target=\"_blank\" rel=\"noopener\"><strong>30 000 \u012fkv\u0117pim\u0173<\/strong> <\/a>\u2013 daugiau joki\u0173 nuolatini\u0173 \u012frengini\u0173 keitim\u0173.<\/li>\n<li data-start=\"3008\" data-end=\"3113\">Dvigubi skonio variantai: keiskis tarp dviej\u0173 nuostabi\u0173 skoni\u0173 pagal nuotaik\u0105.<\/li>\n<li data-start=\"3114\" data-end=\"3250\">Vartotojui draugi\u0161ka: \u012fkraunama baterija, greitas \u012fkrovimo jungtis ir skaitmeninis ekranas i\u0161maniam garinimui.<\/li>\n<li data-start=\"3251\" data-end=\"3338\">Individualiai reguliuojamas oro srautas: nustatyk pasiprie\u0161inim\u0105 pagal savo norus.<\/li>\n<li data-start=\"3339\" data-end=\"3414\">Didel\u0117 E-skys\u010dio talpa: 36 ml E-skys\u010dio ilgam garinimui.<\/li>\n<li data-start=\"3415\" data-end=\"3495\">Joki\u0173 muitin\u0117s mokes\u010di\u0173: pirkite be r\u016bpes\u010di\u0173 ir gaukite savo u\u017esakym\u0105 tiesiai.<\/li>\n<\/ul>\n<h4 data-start=\"3502\" data-end=\"3555\">I\u0161 karto patirk galutin\u012f garinimo malonum\u0105!<\/h4>\n<p data-start=\"3556\" data-end=\"3840\" data-is-last-node=\"\" data-is-only-node=\"\">Aplankyk vapingnet.de, pasirink savo m\u0117gstam\u0105 skon\u012f ir prad\u0117k nauj\u0105 garinimo kelion\u0119!<br data-start=\"3673\" data-end=\"3676\" \/>Bang King 30000 Puffs Dvigubo skonio vienkartinis \u2013 intensyviam skoniui ir ilgam garinimui, vape, kurio negali praleisti!<\/p>","protected":false},"excerpt":{"rendered":"<p>Bang King 30000 Puffs Dual Flavor Vienkartin\u0117 \u2013 Tavo galutinis vaping patirties i\u0161\u0161\u016bkis Ar pavargai nuolat keisti elektronines cigaretes? Ilgimesn\u0117s tarnavimo trukm\u0117s ir intensyvesnio skonio trok\u0161ti?<\/p>","protected":false},"featured_media":5268,"template":"","meta":[],"etheme_brands":[],"product_brand":[101],"product_cat":[56,49,61],"product_tag":[],"class_list":{"0":"post-5267","1":"product","2":"type-product","3":"status-publish","4":"has-post-thumbnail","6":"product_brand-bang-king-vape","7":"product_cat-vape-30000-zuege","8":"product_cat-einweg-e-zigarette","9":"product_cat-f","11":"first","12":"instock","13":"shipping-taxable","14":"purchasable","15":"product-type-simple"},"yoast_head":"<!-- This site is optimized with the Yoast SEO plugin v26.5 - https:\/\/yoast.com\/wordpress\/plugins\/seo\/ -->\n<title>Bang 30000 Puffs Strawberry Watermelon und Kiwi Passion Fruit Guava intensiver Fruchtmix | Vapingnet.de<\/title>\n<meta name=\"description\" content=\"Entdecke Bang 30000 Puffs Strawberry Watermelon und Kiwi Passion Fruit Guava intensiver Fruchtmix bei vapingnet.de, \u25ba Gro\u00dfe Auswahl an Geschmacksrichtungen &amp; super g\u00fcnstig!\" \/>\n<meta name=\"robots\" content=\"index, follow, max-snippet:-1, max-image-preview:large, max-video-preview:-1\" \/>\n<link rel=\"canonical\" href=\"https:\/\/vapingnet.de\/lt\/vape\/bang-30000-puffs-strawberry-watermelon-und-kiwi-passion-fruit-guava-intensiver-fruchtmix\/\" \/>\n<meta property=\"og:locale\" content=\"lt_LT\" \/>\n<meta property=\"og:type\" content=\"article\" \/>\n<meta property=\"og:title\" content=\"Bang 30000 Puffs Strawberry Watermelon und Kiwi Passion Fruit Guava intensiver Fruchtmix | Vapingnet.de\" \/>\n<meta property=\"og:description\" content=\"Entdecke Bang 30000 Puffs Strawberry Watermelon und Kiwi Passion Fruit Guava intensiver Fruchtmix bei vapingnet.de, \u25ba Gro\u00dfe Auswahl an Geschmacksrichtungen &amp; super g\u00fcnstig!\" \/>\n<meta property=\"og:url\" content=\"https:\/\/vapingnet.de\/lt\/vape\/bang-30000-puffs-strawberry-watermelon-und-kiwi-passion-fruit-guava-intensiver-fruchtmix\/\" \/>\n<meta property=\"og:site_name\" content=\"Vapingnet.de\" \/>\n<meta property=\"article:publisher\" content=\"https:\/\/www.facebook.com\/vapingnetde\/\" \/>\n<meta property=\"article:modified_time\" content=\"2026-01-28T08:36:47+00:00\" \/>\n<meta property=\"og:image\" content=\"https:\/\/vapingnet.de\/wp-content\/uploads\/2025\/03\/Strawberry-Watermelon-und-Kiwi-Passion-Fruit-Guava.png\" \/>\n\t<meta property=\"og:image:width\" content=\"900\" \/>\n\t<meta property=\"og:image:height\" content=\"600\" \/>\n\t<meta property=\"og:image:type\" content=\"image\/png\" \/>\n<meta name=\"twitter:card\" content=\"summary_large_image\" \/>\n<meta name=\"twitter:label1\" content=\"Est. reading time\" \/>\n\t<meta name=\"twitter:data1\" content=\"3 minutes\" \/>\n<script type=\"application\/ld+json\" class=\"yoast-schema-graph\">{\"@context\":\"https:\/\/schema.org\",\"@graph\":[{\"@type\":\"WebPage\",\"@id\":\"https:\/\/vapingnet.de\/vape\/bang-30000-puffs-strawberry-watermelon-und-kiwi-passion-fruit-guava-intensiver-fruchtmix\/\",\"url\":\"https:\/\/vapingnet.de\/vape\/bang-30000-puffs-strawberry-watermelon-und-kiwi-passion-fruit-guava-intensiver-fruchtmix\/\",\"name\":\"Bang 30000 Puffs Strawberry Watermelon und Kiwi Passion Fruit Guava intensiver Fruchtmix | Vapingnet.de\",\"isPartOf\":{\"@id\":\"https:\/\/vapingnet.de\/#website\"},\"primaryImageOfPage\":{\"@id\":\"https:\/\/vapingnet.de\/vape\/bang-30000-puffs-strawberry-watermelon-und-kiwi-passion-fruit-guava-intensiver-fruchtmix\/#primaryimage\"},\"image\":{\"@id\":\"https:\/\/vapingnet.de\/vape\/bang-30000-puffs-strawberry-watermelon-und-kiwi-passion-fruit-guava-intensiver-fruchtmix\/#primaryimage\"},\"thumbnailUrl\":\"https:\/\/vapingnet.de\/wp-content\/uploads\/2025\/03\/Strawberry-Watermelon-und-Kiwi-Passion-Fruit-Guava.png\",\"datePublished\":\"2025-12-13T09:04:10+00:00\",\"dateModified\":\"2026-01-28T08:36:47+00:00\",\"description\":\"Entdecke Bang 30000 Puffs Strawberry Watermelon und Kiwi Passion Fruit Guava intensiver Fruchtmix bei vapingnet.de, \u25ba Gro\u00dfe Auswahl an Geschmacksrichtungen & super g\u00fcnstig!\",\"breadcrumb\":{\"@id\":\"https:\/\/vapingnet.de\/vape\/bang-30000-puffs-strawberry-watermelon-und-kiwi-passion-fruit-guava-intensiver-fruchtmix\/#breadcrumb\"},\"inLanguage\":\"lt-LT\",\"potentialAction\":[{\"@type\":\"ReadAction\",\"target\":[\"https:\/\/vapingnet.de\/vape\/bang-30000-puffs-strawberry-watermelon-und-kiwi-passion-fruit-guava-intensiver-fruchtmix\/\"]}]},{\"@type\":\"ImageObject\",\"inLanguage\":\"lt-LT\",\"@id\":\"https:\/\/vapingnet.de\/vape\/bang-30000-puffs-strawberry-watermelon-und-kiwi-passion-fruit-guava-intensiver-fruchtmix\/#primaryimage\",\"url\":\"https:\/\/vapingnet.de\/wp-content\/uploads\/2025\/03\/Strawberry-Watermelon-und-Kiwi-Passion-Fruit-Guava.png\",\"contentUrl\":\"https:\/\/vapingnet.de\/wp-content\/uploads\/2025\/03\/Strawberry-Watermelon-und-Kiwi-Passion-Fruit-Guava.png\",\"width\":900,\"height\":600,\"caption\":\"Strawberry Watermelon und Kiwi Passion Fruit Guava\"},{\"@type\":\"BreadcrumbList\",\"@id\":\"https:\/\/vapingnet.de\/vape\/bang-30000-puffs-strawberry-watermelon-und-kiwi-passion-fruit-guava-intensiver-fruchtmix\/#breadcrumb\",\"itemListElement\":[{\"@type\":\"ListItem\",\"position\":1,\"name\":\"Home\",\"item\":\"https:\/\/vapingnet.de\/\"},{\"@type\":\"ListItem\",\"position\":2,\"name\":\"Shop\",\"item\":\"https:\/\/vapingnet.de\/vape\/\"},{\"@type\":\"ListItem\",\"position\":3,\"name\":\"Bang 30000 Puffs Strawberry Watermelon und Kiwi Passion Fruit Guava intensiver Fruchtmix\"}]},{\"@type\":\"WebSite\",\"@id\":\"https:\/\/vapingnet.de\/#website\",\"url\":\"https:\/\/vapingnet.de\/\",\"name\":\"Vapingnet.de\",\"description\":\"\",\"publisher\":{\"@id\":\"https:\/\/vapingnet.de\/#organization\"},\"potentialAction\":[{\"@type\":\"SearchAction\",\"target\":{\"@type\":\"EntryPoint\",\"urlTemplate\":\"https:\/\/vapingnet.de\/?s={search_term_string}\"},\"query-input\":{\"@type\":\"PropertyValueSpecification\",\"valueRequired\":true,\"valueName\":\"search_term_string\"}}],\"inLanguage\":\"lt-LT\"},{\"@type\":\"Organization\",\"@id\":\"https:\/\/vapingnet.de\/#organization\",\"name\":\"Vapingnet.de\",\"url\":\"https:\/\/vapingnet.de\/\",\"logo\":{\"@type\":\"ImageObject\",\"inLanguage\":\"lt-LT\",\"@id\":\"https:\/\/vapingnet.de\/#\/schema\/logo\/image\/\",\"url\":\"https:\/\/vapingnet.de\/wp-content\/uploads\/2025\/03\/cropped-vapingnet.de_.jpg\",\"contentUrl\":\"https:\/\/vapingnet.de\/wp-content\/uploads\/2025\/03\/cropped-vapingnet.de_.jpg\",\"width\":512,\"height\":512,\"caption\":\"Vapingnet.de\"},\"image\":{\"@id\":\"https:\/\/vapingnet.de\/#\/schema\/logo\/image\/\"},\"sameAs\":[\"https:\/\/www.facebook.com\/vapingnetde\/\"]}]}<\/script>\n<!-- \/ Yoast SEO plugin. -->","yoast_head_json":{"title":"Bang 30000 Puffs Strawberry Watermelon und Kiwi Passion Fruit Guava intensiver Fruchtmix | Vapingnet.de","description":"Entdecke Bang 30000 Puffs Strawberry Watermelon und Kiwi Passion Fruit Guava intensiver Fruchtmix bei vapingnet.de, \u25ba Gro\u00dfe Auswahl an Geschmacksrichtungen & super g\u00fcnstig!","robots":{"index":"index","follow":"follow","max-snippet":"max-snippet:-1","max-image-preview":"max-image-preview:large","max-video-preview":"max-video-preview:-1"},"canonical":"https:\/\/vapingnet.de\/lt\/vape\/bang-30000-puffs-strawberry-watermelon-und-kiwi-passion-fruit-guava-intensiver-fruchtmix\/","og_locale":"lt_LT","og_type":"article","og_title":"Bang 30000 Puffs Strawberry Watermelon und Kiwi Passion Fruit Guava intensiver Fruchtmix | Vapingnet.de","og_description":"Entdecke Bang 30000 Puffs Strawberry Watermelon und Kiwi Passion Fruit Guava intensiver Fruchtmix bei vapingnet.de, \u25ba Gro\u00dfe Auswahl an Geschmacksrichtungen & super g\u00fcnstig!","og_url":"https:\/\/vapingnet.de\/lt\/vape\/bang-30000-puffs-strawberry-watermelon-und-kiwi-passion-fruit-guava-intensiver-fruchtmix\/","og_site_name":"Vapingnet.de","article_publisher":"https:\/\/www.facebook.com\/vapingnetde\/","article_modified_time":"2026-01-28T08:36:47+00:00","og_image":[{"width":900,"height":600,"url":"https:\/\/vapingnet.de\/wp-content\/uploads\/2025\/03\/Strawberry-Watermelon-und-Kiwi-Passion-Fruit-Guava.png","type":"image\/png"}],"twitter_card":"summary_large_image","twitter_misc":{"Est. reading time":"3 minutes"},"schema":{"@context":"https:\/\/schema.org","@graph":[{"@type":"WebPage","@id":"https:\/\/vapingnet.de\/vape\/bang-30000-puffs-strawberry-watermelon-und-kiwi-passion-fruit-guava-intensiver-fruchtmix\/","url":"https:\/\/vapingnet.de\/vape\/bang-30000-puffs-strawberry-watermelon-und-kiwi-passion-fruit-guava-intensiver-fruchtmix\/","name":"Bang 30000 Puffs Strawberry Watermelon und Kiwi Passion Fruit Guava intensiver Fruchtmix | Vapingnet.de","isPartOf":{"@id":"https:\/\/vapingnet.de\/#website"},"primaryImageOfPage":{"@id":"https:\/\/vapingnet.de\/vape\/bang-30000-puffs-strawberry-watermelon-und-kiwi-passion-fruit-guava-intensiver-fruchtmix\/#primaryimage"},"image":{"@id":"https:\/\/vapingnet.de\/vape\/bang-30000-puffs-strawberry-watermelon-und-kiwi-passion-fruit-guava-intensiver-fruchtmix\/#primaryimage"},"thumbnailUrl":"https:\/\/vapingnet.de\/wp-content\/uploads\/2025\/03\/Strawberry-Watermelon-und-Kiwi-Passion-Fruit-Guava.png","datePublished":"2025-12-13T09:04:10+00:00","dateModified":"2026-01-28T08:36:47+00:00","description":"Entdecke Bang 30000 Puffs Strawberry Watermelon und Kiwi Passion Fruit Guava intensiver Fruchtmix bei vapingnet.de, \u25ba Gro\u00dfe Auswahl an Geschmacksrichtungen & super g\u00fcnstig!","breadcrumb":{"@id":"https:\/\/vapingnet.de\/vape\/bang-30000-puffs-strawberry-watermelon-und-kiwi-passion-fruit-guava-intensiver-fruchtmix\/#breadcrumb"},"inLanguage":"lt-LT","potentialAction":[{"@type":"ReadAction","target":["https:\/\/vapingnet.de\/vape\/bang-30000-puffs-strawberry-watermelon-und-kiwi-passion-fruit-guava-intensiver-fruchtmix\/"]}]},{"@type":"ImageObject","inLanguage":"lt-LT","@id":"https:\/\/vapingnet.de\/vape\/bang-30000-puffs-strawberry-watermelon-und-kiwi-passion-fruit-guava-intensiver-fruchtmix\/#primaryimage","url":"https:\/\/vapingnet.de\/wp-content\/uploads\/2025\/03\/Strawberry-Watermelon-und-Kiwi-Passion-Fruit-Guava.png","contentUrl":"https:\/\/vapingnet.de\/wp-content\/uploads\/2025\/03\/Strawberry-Watermelon-und-Kiwi-Passion-Fruit-Guava.png","width":900,"height":600,"caption":"Strawberry Watermelon und Kiwi Passion Fruit Guava"},{"@type":"BreadcrumbList","@id":"https:\/\/vapingnet.de\/vape\/bang-30000-puffs-strawberry-watermelon-und-kiwi-passion-fruit-guava-intensiver-fruchtmix\/#breadcrumb","itemListElement":[{"@type":"ListItem","position":1,"name":"Home","item":"https:\/\/vapingnet.de\/"},{"@type":"ListItem","position":2,"name":"Shop","item":"https:\/\/vapingnet.de\/vape\/"},{"@type":"ListItem","position":3,"name":"Bang 30000 Puffs Strawberry Watermelon und Kiwi Passion Fruit Guava intensiver Fruchtmix"}]},{"@type":"WebSite","@id":"https:\/\/vapingnet.de\/#website","url":"https:\/\/vapingnet.de\/","name":"Vapingnet.de","description":"","publisher":{"@id":"https:\/\/vapingnet.de\/#organization"},"potentialAction":[{"@type":"SearchAction","target":{"@type":"EntryPoint","urlTemplate":"https:\/\/vapingnet.de\/?s={search_term_string}"},"query-input":{"@type":"PropertyValueSpecification","valueRequired":true,"valueName":"search_term_string"}}],"inLanguage":"lt-LT"},{"@type":"Organization","@id":"https:\/\/vapingnet.de\/#organization","name":"Vapingnet.de","url":"https:\/\/vapingnet.de\/","logo":{"@type":"ImageObject","inLanguage":"lt-LT","@id":"https:\/\/vapingnet.de\/#\/schema\/logo\/image\/","url":"https:\/\/vapingnet.de\/wp-content\/uploads\/2025\/03\/cropped-vapingnet.de_.jpg","contentUrl":"https:\/\/vapingnet.de\/wp-content\/uploads\/2025\/03\/cropped-vapingnet.de_.jpg","width":512,"height":512,"caption":"Vapingnet.de"},"image":{"@id":"https:\/\/vapingnet.de\/#\/schema\/logo\/image\/"},"sameAs":["https:\/\/www.facebook.com\/vapingnetde\/"]}]}},"tiered_pricing_type":"fixed","tiered_pricing_fixed_rules":{"10":"9.49","60":"8.54","110":"7.59","200":"6.64"},"tiered_pricing_product_settings":{"layout":"default","base_unit_name":{"singular":null,"plural":null},"default_variation":null},"tiered_pricing_minimum_quantity":null,"tiered_pricing_roles_data":[],"tiered_pricing_percentage_rules":[],"_links":{"self":[{"href":"https:\/\/vapingnet.de\/lt\/wp-json\/wp\/v2\/product\/5267","targetHints":{"allow":["GET"]}}],"collection":[{"href":"https:\/\/vapingnet.de\/lt\/wp-json\/wp\/v2\/product"}],"about":[{"href":"https:\/\/vapingnet.de\/lt\/wp-json\/wp\/v2\/types\/product"}],"version-history":[{"count":2,"href":"https:\/\/vapingnet.de\/lt\/wp-json\/wp\/v2\/product\/5267\/revisions"}],"predecessor-version":[{"id":7307,"href":"https:\/\/vapingnet.de\/lt\/wp-json\/wp\/v2\/product\/5267\/revisions\/7307"}],"wp:featuredmedia":[{"embeddable":true,"href":"https:\/\/vapingnet.de\/lt\/wp-json\/wp\/v2\/media\/5268"}],"wp:attachment":[{"href":"https:\/\/vapingnet.de\/lt\/wp-json\/wp\/v2\/media?parent=5267"}],"wp:term":[{"taxonomy":"brand","embeddable":true,"href":"https:\/\/vapingnet.de\/lt\/wp-json\/wp\/v2\/etheme_brands?post=5267"},{"taxonomy":"product_brand","embeddable":true,"href":"https:\/\/vapingnet.de\/lt\/wp-json\/wp\/v2\/product_brand?post=5267"},{"taxonomy":"product_cat","embeddable":true,"href":"https:\/\/vapingnet.de\/lt\/wp-json\/wp\/v2\/product_cat?post=5267"},{"taxonomy":"product_tag","embeddable":true,"href":"https:\/\/vapingnet.de\/lt\/wp-json\/wp\/v2\/product_tag?post=5267"}],"curies":[{"name":"wp","href":"https:\/\/api.w.org\/{rel}","templated":true}]}}