{"id":5273,"date":"2025-03-13T09:17:42","date_gmt":"2025-03-13T09:17:42","guid":{"rendered":"https:\/\/vapingnet.de\/?post_type=product&#038;p=5273"},"modified":"2025-06-19T03:41:22","modified_gmt":"2025-06-19T03:41:22","slug":"bang-30000-puffs-dual-flavor-blueberry-ice-und-black-dragon-ice-direktverkauf-ab-werk-und-weltweit-meistverkauft","status":"publish","type":"product","link":"https:\/\/vapingnet.de\/lt\/vape\/bang-30000-puffs-dual-flavor-blueberry-ice-und-black-dragon-ice-direktverkauf-ab-werk-und-weltweit-meistverkauft\/","title":{"rendered":"Bang 30000 P\u016b\u010di\u0173 Dvigubo Skonio M\u0117lyn\u0117 Ice ir Juodoji Drakono Ice Tiesioginis pardavimas i\u0161 gamyklos ir pasaulyje labiausiai parduodamas"},"content":{"rendered":"<h2 data-start=\"0\" data-end=\"102\">Bang King 30000 R\u016b\u0161i\u0173 Dvigubo Skonio Vienkartin\u0117 Elektronin\u0117 Putojimo Putojimo Elektronin\u0117 Vape: Galutinis M\u0117gavimosi Patirtis, bet kada pasiruo\u0161\u0119s<\/h2>\n<p data-start=\"104\" data-end=\"466\">Atrask nauj\u0105 garinimo patirt\u012f su Bang King 30000 R\u016b\u0161i\u0173 Dvigubo Skonio <a href=\"https:\/\/vapingnet.de\/lt\/k\/einweg-e-zigarette\/\" target=\"_blank\" rel=\"noopener\"><strong>Vienkartin\u0117 elektronin\u0117 cigaret\u0117<\/strong><\/a>. Nesvarbu, ar esi pradedantysis elektronini\u0173 cigare\u010di\u0173 pasaulyje, ar patyr\u0119s garintojas, \u0161is \u012frenginys suteiks tau neprilygstam\u0105 garinimo patirt\u012f. Su unikaliu dvigubo skonio dizainu ir ne\u012ftik\u0117tinu ilgaam\u017ei\u0161kumu jis taps tavo kasdieniu palydovu.<\/p>\n<h4 data-start=\"473\" data-end=\"498\">Produkto ypatyb\u0117s:<\/h4>\n<ul data-start=\"500\" data-end=\"2179\">\n<li data-start=\"500\" data-end=\"761\">\n<p data-start=\"502\" data-end=\"761\">Ilgaam\u017ei\u0161kumas su 30000 \u012fkv\u0117pim\u0173: su iki 30000 \u012fkv\u0117pim\u0173 veikimo laiku, Bang King elektronin\u0117 cigaret\u0117 suteikia ilgalaik\u0119 ir be r\u016bpes\u010di\u0173 garinimo patirt\u012f. Nebereik\u0117s da\u017enai keisti \u2013 m\u0117gaukis garinimu ilg\u0105 laik\u0105.<\/p>\n<\/li>\n<li data-start=\"763\" data-end=\"1030\">\n<p data-start=\"765\" data-end=\"1030\">Dviguba skonio patirtis: Unikali Blueberry Ice ir Black Dragon Ice kombinacija suteikia \u012fvairov\u0117s ir intensyvumo skon\u012f. Kiekvienas \u012fkv\u0117pimas yra nauja patirtis, kuri atne\u0161a \u0161vie\u017eias uogas arba ledin\u012f gaivum\u0105.<\/p>\n<\/li>\n<li data-start=\"1032\" data-end=\"1231\">\n<p data-start=\"1034\" data-end=\"1231\">Auk\u0161tos kokyb\u0117s tinklelio rit\u0117 (1.0\u03a9): Tinklelio rit\u0117 u\u017etikrina tolyg\u0173 skys\u010dio garinim\u0105 ir leid\u017eia m\u0117gautis itin \u0161velniu, vienodu garinimu. Kiekvien\u0105 akimirk\u0105 tai bus malonu!<\/p>\n<\/li>\n<li data-start=\"1233\" data-end=\"1417\">\n<p data-start=\"1235\" data-end=\"1417\">Reguliuojama oro srauto funkcija: Pritaikyk oro sraut\u0105 pagal savo pageidavimus. Tu gali valdyti garinimo intensyvum\u0105 ir kurti savo individuali\u0105 garinimo patirt\u012f.<\/p>\n<\/li>\n<li data-start=\"1419\" data-end=\"1654\">\n<p data-start=\"1421\" data-end=\"1654\">550mAh akumuliatorius, \u012fkraunamas: Su 550mAh akumuliatoriumi ir Type-C jungtimi, visada b\u016bsi pasiruo\u0161\u0119s. D\u0117l greito \u012fkrovimo nebereik\u0117s r\u016bpintis akumuliatoriaus veikimu ir gal\u0117si m\u0117gautis bet kada.<\/p>\n<\/li>\n<li data-start=\"1656\" data-end=\"1856\">\n<p data-start=\"1658\" data-end=\"1856\">36ml skys\u010dio talpa: M\u0117gaukis ilgu garinimo seansu d\u0117l didel\u0117s 36ml skys\u010dio talpos. Nebereik\u0117s nuolat papildyti ir gal\u0117si m\u0117gautis garinimu ilg\u0105 laik\u0105.<\/p>\n<\/li>\n<li data-start=\"1858\" data-end=\"2031\">\n<p data-start=\"1860\" data-end=\"2031\">LED skaitmeninis ekranas: LED skaitmeninis ekranas suteikia tau nuolatin\u0119 informacij\u0105 apie \u012fkrovimo b\u016bsen\u0105 ir likus\u012f naudojimo laik\u0105, kad visada b\u016btum informuotas.<\/p>\n<\/li>\n<li data-start=\"2033\" data-end=\"2179\">\n<p data-start=\"2035\" data-end=\"2179\">Joki\u0173 muitin\u0117s mokes\u010di\u0173: U\u017esisakyk dabar tiesiogiai i\u0161 vapingnet.de ir pasinaudok be muitin\u0117s mokes\u010di\u0173 \u2013 paprastas pirkimo procesas!<\/p>\n<\/li>\n<\/ul>\n<h3 data-start=\"2186\" data-end=\"2230\">Kod\u0117l rinktis Bang King 30000 R\u016b\u0161i\u0173?<\/h3>\n<ol data-start=\"2232\" data-end=\"3002\">\n<li data-start=\"2232\" data-end=\"2477\">\n<p data-start=\"2235\" data-end=\"2477\">Nepalyginama skonio patirtis: Unikal\u016bs Blueberry Ice ir Black Dragon Ice aromatai pavers kiekvien\u0105 \u012fkv\u0117pim\u0105 jaudinan\u010dia patirtimi. Keisk skon\u012f pagal nor\u0105 ir nuolat m\u0117gaukis nauju gaivumu.<\/p>\n<\/li>\n<li data-start=\"2479\" data-end=\"2636\">\n<p data-start=\"2482\" data-end=\"2636\">Ekstremaliai ilgaam\u017ei\u0161kumas: Su <a href=\"https:\/\/vapingnet.de\/lt\/k\/vape-30000-zuege\/\" target=\"_blank\" rel=\"noopener\"><strong>30000 \u012fkv\u0117pim\u0173<\/strong><\/a> gal\u0117si naudoti elektronin\u0119 cigaret\u0119 labai ilg\u0105 laik\u0105, nereik\u0117s da\u017enai ie\u0161koti pakaital\u0173.<\/p>\n<\/li>\n<li data-start=\"2638\" data-end=\"2809\">\n<p data-start=\"2641\" data-end=\"2809\">Tiksli valdymas: Reguliuojama oro srauto funkcija ir tinklelio rit\u0117 suteikia tau tobul\u0105 kontrol\u0119 savo garinimo patir\u010diai \u2013 nuo \u0161velnaus iki intensyvaus.<\/p>\n<\/li>\n<li data-start=\"2811\" data-end=\"3002\">\n<p data-start=\"2814\" data-end=\"3002\">Dizainas ir patogumas naudoti: Kompakti\u0161kas, lengvai \u012fkraunamas ir su dideliu skys\u010dio talpa, \u0161i elektronin\u0117 cigaret\u0117 suteikia tau be r\u016bpes\u010di\u0173 garinimo galimyb\u0119 bet kur ir bet kada.<\/p>\n<\/li>\n<\/ol>\n<h4>I\u0161bandyk dabar ir m\u0117gaukis galutine garinimo patirtimi<\/h4>\n<p data-start=\"3081\" data-end=\"3292\">Ar esi pasiruo\u0161\u0119s i\u0161bandyti Bang King 30000 R\u016b\u0161i\u0173 Dvigubo Skonio Vienkartin\u0119 Elektronin\u0119 Putojimo Putojimo Elektronin\u0117 Vape? Aplankyk <a href=\"https:\/\/vapingnet.de\/lt\/\" target=\"_new\" rel=\"noopener\" data-start=\"3180\" data-end=\"3216\">vapingnet.de<\/a> ir pasiimk savo \u012frengin\u012f tobulam r\u016bkomui bet kada, kai tik nori!<\/p>\n<p data-start=\"3299\" data-end=\"3487\" data-is-last-node=\"\" data-is-only-node=\"\">Raktiniai \u017eod\u017eiai: Bang King, Elektronin\u0117 cigaret\u0117, Dviguba skonio, M\u0117lyni\u0173 ledas, Juodasis drakonas ledas, 30000 \u012fkv\u0117pim\u0173, ilgas tarnavimo laikas, reguliuojamas oro srautas, LED ekranas, 36ml skys\u010dio, be muito mokes\u010di\u0173<\/p>","protected":false},"excerpt":{"rendered":"<p>Bang King 30000 Puffs Dual Flavor vienkartin\u0117 elektronin\u0117 cigaret\u0117: Auk\u0161\u010diausios malonumo patirties, bet kuriuo metu pasiruo\u0161usi atrasti nauj\u0105 gar\u0173 patirt\u012f su Bang King 30000 Puffs Dual Flavor vienkartine...<\/p>","protected":false},"featured_media":5274,"template":"","meta":[],"etheme_brands":[],"product_brand":[101],"product_cat":[56,49,61],"product_tag":[],"class_list":{"0":"post-5273","1":"product","2":"type-product","3":"status-publish","4":"has-post-thumbnail","6":"product_brand-bang-king-vape","7":"product_cat-vape-30000-zuege","8":"product_cat-einweg-e-zigarette","9":"product_cat-f","11":"first","12":"instock","13":"shipping-taxable","14":"purchasable","15":"product-type-simple"},"yoast_head":"<!-- This site is optimized with the Yoast SEO plugin v26.5 - https:\/\/yoast.com\/wordpress\/plugins\/seo\/ -->\n<title>Bang 30000 Puffs Dual Flavor Blueberry Ice und Black Dragon Ice Direktverkauf ab Werk und weltweit meistverkauft | Vapingnet.de<\/title>\n<meta name=\"description\" content=\"Entdecke Bang 30000 Puffs Dual Flavor Blueberry Ice und Black Dragon Ice Direktverkauf ab Werk und weltweit meistverkauft bei vapingnet.de, \u25ba Gro\u00dfe Auswahl an Geschmacksrichtungen &amp; super g\u00fcnstig!\" \/>\n<meta name=\"robots\" content=\"index, follow, max-snippet:-1, max-image-preview:large, max-video-preview:-1\" \/>\n<link rel=\"canonical\" href=\"https:\/\/vapingnet.de\/lt\/vape\/bang-30000-puffs-dual-flavor-blueberry-ice-und-black-dragon-ice-direktverkauf-ab-werk-und-weltweit-meistverkauft\/\" \/>\n<meta property=\"og:locale\" content=\"lt_LT\" \/>\n<meta property=\"og:type\" content=\"article\" \/>\n<meta property=\"og:title\" content=\"Bang 30000 Puffs Dual Flavor Blueberry Ice und Black Dragon Ice Direktverkauf ab Werk und weltweit meistverkauft | Vapingnet.de\" \/>\n<meta property=\"og:description\" content=\"Entdecke Bang 30000 Puffs Dual Flavor Blueberry Ice und Black Dragon Ice Direktverkauf ab Werk und weltweit meistverkauft bei vapingnet.de, \u25ba Gro\u00dfe Auswahl an Geschmacksrichtungen &amp; super g\u00fcnstig!\" \/>\n<meta property=\"og:url\" content=\"https:\/\/vapingnet.de\/lt\/vape\/bang-30000-puffs-dual-flavor-blueberry-ice-und-black-dragon-ice-direktverkauf-ab-werk-und-weltweit-meistverkauft\/\" \/>\n<meta property=\"og:site_name\" content=\"Vapingnet.de\" \/>\n<meta property=\"article:publisher\" content=\"https:\/\/www.facebook.com\/vapingnetde\/\" \/>\n<meta property=\"article:modified_time\" content=\"2025-06-19T03:41:22+00:00\" \/>\n<meta property=\"og:image\" content=\"https:\/\/vapingnet.de\/wp-content\/uploads\/2025\/03\/Blueberry-Ice-und-Black-Dragon-Ice.png\" \/>\n\t<meta property=\"og:image:width\" content=\"900\" \/>\n\t<meta property=\"og:image:height\" content=\"600\" \/>\n\t<meta property=\"og:image:type\" content=\"image\/png\" \/>\n<meta name=\"twitter:card\" content=\"summary_large_image\" \/>\n<meta name=\"twitter:label1\" content=\"Est. reading time\" \/>\n\t<meta name=\"twitter:data1\" content=\"3 minutes\" \/>\n<script type=\"application\/ld+json\" class=\"yoast-schema-graph\">{\"@context\":\"https:\/\/schema.org\",\"@graph\":[{\"@type\":\"WebPage\",\"@id\":\"https:\/\/vapingnet.de\/vape\/bang-30000-puffs-dual-flavor-blueberry-ice-und-black-dragon-ice-direktverkauf-ab-werk-und-weltweit-meistverkauft\/\",\"url\":\"https:\/\/vapingnet.de\/vape\/bang-30000-puffs-dual-flavor-blueberry-ice-und-black-dragon-ice-direktverkauf-ab-werk-und-weltweit-meistverkauft\/\",\"name\":\"Bang 30000 Puffs Dual Flavor Blueberry Ice und Black Dragon Ice Direktverkauf ab Werk und weltweit meistverkauft | Vapingnet.de\",\"isPartOf\":{\"@id\":\"https:\/\/vapingnet.de\/#website\"},\"primaryImageOfPage\":{\"@id\":\"https:\/\/vapingnet.de\/vape\/bang-30000-puffs-dual-flavor-blueberry-ice-und-black-dragon-ice-direktverkauf-ab-werk-und-weltweit-meistverkauft\/#primaryimage\"},\"image\":{\"@id\":\"https:\/\/vapingnet.de\/vape\/bang-30000-puffs-dual-flavor-blueberry-ice-und-black-dragon-ice-direktverkauf-ab-werk-und-weltweit-meistverkauft\/#primaryimage\"},\"thumbnailUrl\":\"https:\/\/vapingnet.de\/wp-content\/uploads\/2025\/03\/Blueberry-Ice-und-Black-Dragon-Ice.png\",\"datePublished\":\"2025-03-13T09:17:42+00:00\",\"dateModified\":\"2025-06-19T03:41:22+00:00\",\"description\":\"Entdecke Bang 30000 Puffs Dual Flavor Blueberry Ice und Black Dragon Ice Direktverkauf ab Werk und weltweit meistverkauft bei vapingnet.de, \u25ba Gro\u00dfe Auswahl an Geschmacksrichtungen & super g\u00fcnstig!\",\"breadcrumb\":{\"@id\":\"https:\/\/vapingnet.de\/vape\/bang-30000-puffs-dual-flavor-blueberry-ice-und-black-dragon-ice-direktverkauf-ab-werk-und-weltweit-meistverkauft\/#breadcrumb\"},\"inLanguage\":\"lt-LT\",\"potentialAction\":[{\"@type\":\"ReadAction\",\"target\":[\"https:\/\/vapingnet.de\/vape\/bang-30000-puffs-dual-flavor-blueberry-ice-und-black-dragon-ice-direktverkauf-ab-werk-und-weltweit-meistverkauft\/\"]}]},{\"@type\":\"ImageObject\",\"inLanguage\":\"lt-LT\",\"@id\":\"https:\/\/vapingnet.de\/vape\/bang-30000-puffs-dual-flavor-blueberry-ice-und-black-dragon-ice-direktverkauf-ab-werk-und-weltweit-meistverkauft\/#primaryimage\",\"url\":\"https:\/\/vapingnet.de\/wp-content\/uploads\/2025\/03\/Blueberry-Ice-und-Black-Dragon-Ice.png\",\"contentUrl\":\"https:\/\/vapingnet.de\/wp-content\/uploads\/2025\/03\/Blueberry-Ice-und-Black-Dragon-Ice.png\",\"width\":900,\"height\":600,\"caption\":\"Blueberry Ice und Black Dragon Ice\"},{\"@type\":\"BreadcrumbList\",\"@id\":\"https:\/\/vapingnet.de\/vape\/bang-30000-puffs-dual-flavor-blueberry-ice-und-black-dragon-ice-direktverkauf-ab-werk-und-weltweit-meistverkauft\/#breadcrumb\",\"itemListElement\":[{\"@type\":\"ListItem\",\"position\":1,\"name\":\"Home\",\"item\":\"https:\/\/vapingnet.de\/\"},{\"@type\":\"ListItem\",\"position\":2,\"name\":\"Shop\",\"item\":\"https:\/\/vapingnet.de\/vape\/\"},{\"@type\":\"ListItem\",\"position\":3,\"name\":\"Bang 30000 Puffs Dual Flavor Blueberry Ice und Black Dragon Ice Direktverkauf ab Werk und weltweit meistverkauft\"}]},{\"@type\":\"WebSite\",\"@id\":\"https:\/\/vapingnet.de\/#website\",\"url\":\"https:\/\/vapingnet.de\/\",\"name\":\"Vapingnet.de\",\"description\":\"\",\"publisher\":{\"@id\":\"https:\/\/vapingnet.de\/#organization\"},\"potentialAction\":[{\"@type\":\"SearchAction\",\"target\":{\"@type\":\"EntryPoint\",\"urlTemplate\":\"https:\/\/vapingnet.de\/?s={search_term_string}\"},\"query-input\":{\"@type\":\"PropertyValueSpecification\",\"valueRequired\":true,\"valueName\":\"search_term_string\"}}],\"inLanguage\":\"lt-LT\"},{\"@type\":\"Organization\",\"@id\":\"https:\/\/vapingnet.de\/#organization\",\"name\":\"Vapingnet.de\",\"url\":\"https:\/\/vapingnet.de\/\",\"logo\":{\"@type\":\"ImageObject\",\"inLanguage\":\"lt-LT\",\"@id\":\"https:\/\/vapingnet.de\/#\/schema\/logo\/image\/\",\"url\":\"https:\/\/vapingnet.de\/wp-content\/uploads\/2025\/03\/cropped-vapingnet.de_.jpg\",\"contentUrl\":\"https:\/\/vapingnet.de\/wp-content\/uploads\/2025\/03\/cropped-vapingnet.de_.jpg\",\"width\":512,\"height\":512,\"caption\":\"Vapingnet.de\"},\"image\":{\"@id\":\"https:\/\/vapingnet.de\/#\/schema\/logo\/image\/\"},\"sameAs\":[\"https:\/\/www.facebook.com\/vapingnetde\/\"]}]}<\/script>\n<!-- \/ Yoast SEO plugin. -->","yoast_head_json":{"title":"Bang 30000 Puffs Dual Flavor Blueberry Ice und Black Dragon Ice Direktverkauf ab Werk und weltweit meistverkauft | Vapingnet.de","description":"Entdecke Bang 30000 Puffs Dual Flavor Blueberry Ice und Black Dragon Ice Direktverkauf ab Werk und weltweit meistverkauft bei vapingnet.de, \u25ba Gro\u00dfe Auswahl an Geschmacksrichtungen & super g\u00fcnstig!","robots":{"index":"index","follow":"follow","max-snippet":"max-snippet:-1","max-image-preview":"max-image-preview:large","max-video-preview":"max-video-preview:-1"},"canonical":"https:\/\/vapingnet.de\/lt\/vape\/bang-30000-puffs-dual-flavor-blueberry-ice-und-black-dragon-ice-direktverkauf-ab-werk-und-weltweit-meistverkauft\/","og_locale":"lt_LT","og_type":"article","og_title":"Bang 30000 Puffs Dual Flavor Blueberry Ice und Black Dragon Ice Direktverkauf ab Werk und weltweit meistverkauft | Vapingnet.de","og_description":"Entdecke Bang 30000 Puffs Dual Flavor Blueberry Ice und Black Dragon Ice Direktverkauf ab Werk und weltweit meistverkauft bei vapingnet.de, \u25ba Gro\u00dfe Auswahl an Geschmacksrichtungen & super g\u00fcnstig!","og_url":"https:\/\/vapingnet.de\/lt\/vape\/bang-30000-puffs-dual-flavor-blueberry-ice-und-black-dragon-ice-direktverkauf-ab-werk-und-weltweit-meistverkauft\/","og_site_name":"Vapingnet.de","article_publisher":"https:\/\/www.facebook.com\/vapingnetde\/","article_modified_time":"2025-06-19T03:41:22+00:00","og_image":[{"width":900,"height":600,"url":"https:\/\/vapingnet.de\/wp-content\/uploads\/2025\/03\/Blueberry-Ice-und-Black-Dragon-Ice.png","type":"image\/png"}],"twitter_card":"summary_large_image","twitter_misc":{"Est. reading time":"3 minutes"},"schema":{"@context":"https:\/\/schema.org","@graph":[{"@type":"WebPage","@id":"https:\/\/vapingnet.de\/vape\/bang-30000-puffs-dual-flavor-blueberry-ice-und-black-dragon-ice-direktverkauf-ab-werk-und-weltweit-meistverkauft\/","url":"https:\/\/vapingnet.de\/vape\/bang-30000-puffs-dual-flavor-blueberry-ice-und-black-dragon-ice-direktverkauf-ab-werk-und-weltweit-meistverkauft\/","name":"Bang 30000 Puffs Dual Flavor Blueberry Ice und Black Dragon Ice Direktverkauf ab Werk und weltweit meistverkauft | Vapingnet.de","isPartOf":{"@id":"https:\/\/vapingnet.de\/#website"},"primaryImageOfPage":{"@id":"https:\/\/vapingnet.de\/vape\/bang-30000-puffs-dual-flavor-blueberry-ice-und-black-dragon-ice-direktverkauf-ab-werk-und-weltweit-meistverkauft\/#primaryimage"},"image":{"@id":"https:\/\/vapingnet.de\/vape\/bang-30000-puffs-dual-flavor-blueberry-ice-und-black-dragon-ice-direktverkauf-ab-werk-und-weltweit-meistverkauft\/#primaryimage"},"thumbnailUrl":"https:\/\/vapingnet.de\/wp-content\/uploads\/2025\/03\/Blueberry-Ice-und-Black-Dragon-Ice.png","datePublished":"2025-03-13T09:17:42+00:00","dateModified":"2025-06-19T03:41:22+00:00","description":"Entdecke Bang 30000 Puffs Dual Flavor Blueberry Ice und Black Dragon Ice Direktverkauf ab Werk und weltweit meistverkauft bei vapingnet.de, \u25ba Gro\u00dfe Auswahl an Geschmacksrichtungen & super g\u00fcnstig!","breadcrumb":{"@id":"https:\/\/vapingnet.de\/vape\/bang-30000-puffs-dual-flavor-blueberry-ice-und-black-dragon-ice-direktverkauf-ab-werk-und-weltweit-meistverkauft\/#breadcrumb"},"inLanguage":"lt-LT","potentialAction":[{"@type":"ReadAction","target":["https:\/\/vapingnet.de\/vape\/bang-30000-puffs-dual-flavor-blueberry-ice-und-black-dragon-ice-direktverkauf-ab-werk-und-weltweit-meistverkauft\/"]}]},{"@type":"ImageObject","inLanguage":"lt-LT","@id":"https:\/\/vapingnet.de\/vape\/bang-30000-puffs-dual-flavor-blueberry-ice-und-black-dragon-ice-direktverkauf-ab-werk-und-weltweit-meistverkauft\/#primaryimage","url":"https:\/\/vapingnet.de\/wp-content\/uploads\/2025\/03\/Blueberry-Ice-und-Black-Dragon-Ice.png","contentUrl":"https:\/\/vapingnet.de\/wp-content\/uploads\/2025\/03\/Blueberry-Ice-und-Black-Dragon-Ice.png","width":900,"height":600,"caption":"Blueberry Ice und Black Dragon Ice"},{"@type":"BreadcrumbList","@id":"https:\/\/vapingnet.de\/vape\/bang-30000-puffs-dual-flavor-blueberry-ice-und-black-dragon-ice-direktverkauf-ab-werk-und-weltweit-meistverkauft\/#breadcrumb","itemListElement":[{"@type":"ListItem","position":1,"name":"Home","item":"https:\/\/vapingnet.de\/"},{"@type":"ListItem","position":2,"name":"Shop","item":"https:\/\/vapingnet.de\/vape\/"},{"@type":"ListItem","position":3,"name":"Bang 30000 Puffs Dual Flavor Blueberry Ice und Black Dragon Ice Direktverkauf ab Werk und weltweit meistverkauft"}]},{"@type":"WebSite","@id":"https:\/\/vapingnet.de\/#website","url":"https:\/\/vapingnet.de\/","name":"Vapingnet.de","description":"","publisher":{"@id":"https:\/\/vapingnet.de\/#organization"},"potentialAction":[{"@type":"SearchAction","target":{"@type":"EntryPoint","urlTemplate":"https:\/\/vapingnet.de\/?s={search_term_string}"},"query-input":{"@type":"PropertyValueSpecification","valueRequired":true,"valueName":"search_term_string"}}],"inLanguage":"lt-LT"},{"@type":"Organization","@id":"https:\/\/vapingnet.de\/#organization","name":"Vapingnet.de","url":"https:\/\/vapingnet.de\/","logo":{"@type":"ImageObject","inLanguage":"lt-LT","@id":"https:\/\/vapingnet.de\/#\/schema\/logo\/image\/","url":"https:\/\/vapingnet.de\/wp-content\/uploads\/2025\/03\/cropped-vapingnet.de_.jpg","contentUrl":"https:\/\/vapingnet.de\/wp-content\/uploads\/2025\/03\/cropped-vapingnet.de_.jpg","width":512,"height":512,"caption":"Vapingnet.de"},"image":{"@id":"https:\/\/vapingnet.de\/#\/schema\/logo\/image\/"},"sameAs":["https:\/\/www.facebook.com\/vapingnetde\/"]}]}},"tiered_pricing_type":"fixed","tiered_pricing_fixed_rules":{"10":"9.49","60":"8.54","110":"7.59","200":"6.64"},"tiered_pricing_product_settings":{"layout":"default","base_unit_name":{"singular":null,"plural":null},"default_variation":null},"tiered_pricing_minimum_quantity":null,"tiered_pricing_roles_data":[],"tiered_pricing_percentage_rules":[],"_links":{"self":[{"href":"https:\/\/vapingnet.de\/lt\/wp-json\/wp\/v2\/product\/5273","targetHints":{"allow":["GET"]}}],"collection":[{"href":"https:\/\/vapingnet.de\/lt\/wp-json\/wp\/v2\/product"}],"about":[{"href":"https:\/\/vapingnet.de\/lt\/wp-json\/wp\/v2\/types\/product"}],"version-history":[{"count":1,"href":"https:\/\/vapingnet.de\/lt\/wp-json\/wp\/v2\/product\/5273\/revisions"}],"predecessor-version":[{"id":5275,"href":"https:\/\/vapingnet.de\/lt\/wp-json\/wp\/v2\/product\/5273\/revisions\/5275"}],"wp:featuredmedia":[{"embeddable":true,"href":"https:\/\/vapingnet.de\/lt\/wp-json\/wp\/v2\/media\/5274"}],"wp:attachment":[{"href":"https:\/\/vapingnet.de\/lt\/wp-json\/wp\/v2\/media?parent=5273"}],"wp:term":[{"taxonomy":"brand","embeddable":true,"href":"https:\/\/vapingnet.de\/lt\/wp-json\/wp\/v2\/etheme_brands?post=5273"},{"taxonomy":"product_brand","embeddable":true,"href":"https:\/\/vapingnet.de\/lt\/wp-json\/wp\/v2\/product_brand?post=5273"},{"taxonomy":"product_cat","embeddable":true,"href":"https:\/\/vapingnet.de\/lt\/wp-json\/wp\/v2\/product_cat?post=5273"},{"taxonomy":"product_tag","embeddable":true,"href":"https:\/\/vapingnet.de\/lt\/wp-json\/wp\/v2\/product_tag?post=5273"}],"curies":[{"name":"wp","href":"https:\/\/api.w.org\/{rel}","templated":true}]}}