{"id":5276,"date":"2025-03-13T09:31:50","date_gmt":"2025-03-13T09:31:50","guid":{"rendered":"https:\/\/vapingnet.de\/?post_type=product&#038;p=5276"},"modified":"2025-06-19T03:41:22","modified_gmt":"2025-06-19T03:41:22","slug":"bang-30000-puffs-vape-blueberry-raspberry-und-mixed-mouldy-fruit-tropischer-geschmack","status":"publish","type":"product","link":"https:\/\/vapingnet.de\/lt\/vape\/bang-30000-puffs-vape-blueberry-raspberry-und-mixed-mouldy-fruit-tropischer-geschmack\/","title":{"rendered":"Bang 30000 R\u016bkali\u0173 Vapes M\u0117lyna Aviet\u0117 ir Mi\u0161ri Pel\u0117siai Vaisiai tropinis skonis"},"content":{"rendered":"<h2 data-start=\"0\" data-end=\"80\">Bang King 30000 P\u016b\u010di\u0173: Dvigubas skonis, Auk\u0161\u010diausia garinimo patirtis!<\/h2>\n<p data-start=\"82\" data-end=\"278\">Ar ie\u0161kote elektronin\u0117s cigaret\u0117s su itin ilgu tarnavimo laiku ir intensyviu skoniu? The<a href=\"https:\/\/vapingnet.de\/lt\/bang-king-30000-puffs\/\" target=\"_blank\" rel=\"noopener\"><strong> Bang King 30000 P\u016b\u010di\u0173 Dvigubo skonio vienkartin\u0117<\/strong><\/a> pakelia j\u016bs\u0173 garinimo patirt\u012f \u012f kit\u0105 lyg\u012f!<\/p>\n<h4>Produkto ypatyb\u0117s<\/h4>\n<p data-start=\"316\" data-end=\"493\">\u2705 Didel\u0117 talpa \u2013 iki 30 000 \u012fkv\u0117pim\u0173!<br data-start=\"360\" data-end=\"363\" \/>M\u0117gaukit\u0117s nepaprastai ilgu naudojimu be da\u017en\u0173 keitim\u0173. Puikiai tinka tiems, kurie ie\u0161ko be r\u016bpes\u010di\u0173 garinimo patirties!<\/p>\n<p data-start=\"495\" data-end=\"764\">\u2705 Dvigubas skonis \u2013 du aromatai vienoje elektronin\u0117je cigaret\u0117je!<br data-start=\"556\" data-end=\"559\" \/>M\u0117lyni\u0173-avie\u010di\u0173 ir Mi\u0161rios pel\u0117sin\u0117s vaisi\u0173 \u2013 skanus derinys i\u0161 sald\u017ei\u0173 ir r\u016bg\u0161\u010di\u0173 uog\u0173 bei egzoti\u0161kos vaisi\u0173 mi\u0161inio, suteikiantis \u012fvairov\u0117s ir intensyvumo skonio patir\u010diai!<\/p>\n<p data-start=\"766\" data-end=\"998\">\u2705 Inovatyvus tinklinis rit\u0117 (1,0\u03a9) \u2013 tankus, \u0161velnus garas<br data-start=\"828\" data-end=\"831\" \/>D\u0117l auk\u0161tos kokyb\u0117s tinklin\u0117s rit\u0117s technologijos skystis tolygiai \u012fkaitinamas, tod\u0117l gaunamas intensyvesnis skonis su ypa\u010d \u0161velniu, mink\u0161tu garu.<\/p>\n<p data-start=\"1000\" data-end=\"1199\">\u2705 Reguliuojamas oro srautas \u2013 j\u016bs\u0173 asmeninis \u012fkv\u0117pimo poj\u016btis<br data-start=\"1057\" data-end=\"1060\" \/>Ar m\u0117gstate lengv\u0105, \u0161veln\u0173 \u012fkv\u0117pim\u0105 ar intensyvi\u0105 garinimo patirt\u012f \u2013 galite individualiai reguliuoti oro sraut\u0105!<\/p>\n<p data-start=\"1201\" data-end=\"1416\">\u2705 550mAh \u012fkraunama baterija \u2013 ilgam naudojimui<br data-start=\"1262\" data-end=\"1265\" \/>Su galinga 550mAh baterija ir Type-C greito \u012fkrovimo jungtimi galite bet kada \u012fkrauti \u012frengin\u012f ir m\u0117gautis be pertrauk\u0173!<\/p>\n<p data-start=\"1418\" data-end=\"1635\">\u2705 36ml skys\u010dio daugiau skonio<br data-start=\"1459\" data-end=\"1462\" \/>D\u0117l didelio 36ml bako Bang King veikia \u017eymiai ilgiau nei \u012fprastos vienkartin\u0117s elektronin\u0117s cigaret\u0117s \u2013 ilgesn\u012f, intensyvesn\u012f skon\u012f suteikiant\u012f garinimo patirt\u012f!<\/p>\n<p data-start=\"1637\" data-end=\"1802\">\u2705 LED ekranas \u2013 viskas viename vaizde<br data-start=\"1678\" data-end=\"1681\" \/>Skaitmeninis LED ekranas rodo akumuliatoriaus b\u016bkl\u0119 ir likusius \u012fkv\u0117pimus \u2013 maksimaliai kontroliuoti ir patogiai naudotis!<\/p>\n<p data-start=\"1804\" data-end=\"2000\">\u2705 Pasirenkamos nikotino stiprumo pasirinktys kiekvieno skoniui<br data-start=\"1853\" data-end=\"1856\" \/>Prieinama 0% \/ 2% \/ 3% \/ 5% nikotino. 0% ir 3% nikotinas tik didel\u0117ms u\u017esakymams \u2013 idealiai tinka pardav\u0117jams ir perpardav\u0117jams!<\/p>\n<p data-start=\"2002\" data-end=\"2227\">\u2705 Vienkartinio dizaino \u2013 be r\u016bpes\u010di\u0173 garinimas, joki\u0173 muitin\u0117s mokes\u010di\u0173<br data-start=\"2062\" data-end=\"2065\" \/>Be papildymo, be valymo \u2013 tiesiog i\u0161pakuokite ir m\u0117gaukit\u0117s! Be to, n\u0117ra papildom\u0173 muitin\u0117s mokes\u010di\u0173, tod\u0117l u\u017esakykite ramiai ir paprastai!<\/p>\n<h3>Kod\u0117l Bang King 30000 p\u016btim\u0173?<\/h3>\n<p data-start=\"2274\" data-end=\"2571\">\ud83d\udd25 Ekstremaliai ilgas naudojimas \u2013 iki 30 000 \u012fkv\u0117pim\u0173!<br data-start=\"2323\" data-end=\"2326\" \/>\ud83d\udd25 Dvigubo skonio \u2013 \u012fvairov\u0117 garantuota!<br data-start=\"2374\" data-end=\"2377\" \/>\ud83d\udd25 I\u0161manus LED ekranas \u2013 visi duomenys viename vaizde!<br data-start=\"2433\" data-end=\"2436\" \/>\ud83d\udd25 USB Type-C \u012fkrovimo jungtis \u2013 greitesnis ir patogesnis \u012fkrovimas!<br data-start=\"2503\" data-end=\"2506\" \/>\ud83d\udd25 Individual\u016bs nikotino stiprumai \u2013 tinkami kiekvienam garintojui!<\/p>\n<h4 data-start=\"2578\" data-end=\"2645\">U\u017esisakykite dabar ir prad\u0117kite savo Bang King garinimo patirt\u012f!<\/h4>\n<p data-start=\"2646\" data-end=\"2836\" data-is-last-node=\"\" data-is-only-node=\"\">Aplankykite <a href=\"https:\/\/vapingnet.de\/lt\/\" target=\"_new\" rel=\"noopener\" data-start=\"2656\" data-end=\"2692\">vapingnet.de<\/a> ir \u012fsigykite Bang King 30000 p\u016btim\u0173 dvigubo skonio vienkartin\u012f \u012frengin\u012f intensyviam, ilgalaikiam ir be r\u016bpes\u010di\u0173 garinimo patyrimui! \ud83d\ude80\ud83d\udca8<\/p>","protected":false},"excerpt":{"rendered":"<p>Bang King 30000 Puffs: Doppelter Geschmack, Ultimatives Dampferlebnis! Suchst du nach einer E-Zigarette mit extrem langer Lebensdauer und intensivem Geschmack? Die Bang King 30000 Puffs&#8230;<\/p>","protected":false},"featured_media":5250,"template":"","meta":[],"etheme_brands":[],"product_brand":[101],"product_cat":[56,49,61],"product_tag":[],"class_list":{"0":"post-5276","1":"product","2":"type-product","3":"status-publish","4":"has-post-thumbnail","6":"product_brand-bang-king-vape","7":"product_cat-vape-30000-zuege","8":"product_cat-einweg-e-zigarette","9":"product_cat-f","11":"first","12":"instock","13":"shipping-taxable","14":"purchasable","15":"product-type-simple"},"yoast_head":"<!-- This site is optimized with the Yoast SEO plugin v26.5 - https:\/\/yoast.com\/wordpress\/plugins\/seo\/ -->\n<title>Bang 30000 Puffs Vape Blueberry Raspberry und Mixed Mouldy Fruit tropischer Geschmack | Vapingnet.de<\/title>\n<meta name=\"description\" content=\"Entdecke Bang 30000 Puffs Vape Blueberry Raspberry und Mixed Mouldy Fruit tropischer Geschmack bei vapingnet.de, \u25ba Gro\u00dfe Auswahl an Geschmacksrichtungen &amp; super g\u00fcnstig!\" \/>\n<meta name=\"robots\" content=\"index, follow, max-snippet:-1, max-image-preview:large, max-video-preview:-1\" \/>\n<link rel=\"canonical\" href=\"https:\/\/vapingnet.de\/lt\/vape\/bang-30000-puffs-vape-blueberry-raspberry-und-mixed-mouldy-fruit-tropischer-geschmack\/\" \/>\n<meta property=\"og:locale\" content=\"lt_LT\" \/>\n<meta property=\"og:type\" content=\"article\" \/>\n<meta property=\"og:title\" content=\"Bang 30000 Puffs Vape Blueberry Raspberry und Mixed Mouldy Fruit tropischer Geschmack | Vapingnet.de\" \/>\n<meta property=\"og:description\" content=\"Entdecke Bang 30000 Puffs Vape Blueberry Raspberry und Mixed Mouldy Fruit tropischer Geschmack bei vapingnet.de, \u25ba Gro\u00dfe Auswahl an Geschmacksrichtungen &amp; super g\u00fcnstig!\" \/>\n<meta property=\"og:url\" content=\"https:\/\/vapingnet.de\/lt\/vape\/bang-30000-puffs-vape-blueberry-raspberry-und-mixed-mouldy-fruit-tropischer-geschmack\/\" \/>\n<meta property=\"og:site_name\" content=\"Vapingnet.de\" \/>\n<meta property=\"article:publisher\" content=\"https:\/\/www.facebook.com\/vapingnetde\/\" \/>\n<meta property=\"article:modified_time\" content=\"2025-06-19T03:41:22+00:00\" \/>\n<meta property=\"og:image\" content=\"https:\/\/vapingnet.de\/wp-content\/uploads\/2025\/03\/Blueberry-Raspberry-und-Mixed-Mouldy-Fruit.png\" \/>\n\t<meta property=\"og:image:width\" content=\"900\" \/>\n\t<meta property=\"og:image:height\" content=\"600\" \/>\n\t<meta property=\"og:image:type\" content=\"image\/png\" \/>\n<meta name=\"twitter:card\" content=\"summary_large_image\" \/>\n<meta name=\"twitter:label1\" content=\"Est. reading time\" \/>\n\t<meta name=\"twitter:data1\" content=\"3 minutes\" \/>\n<script type=\"application\/ld+json\" class=\"yoast-schema-graph\">{\"@context\":\"https:\/\/schema.org\",\"@graph\":[{\"@type\":\"WebPage\",\"@id\":\"https:\/\/vapingnet.de\/vape\/bang-30000-puffs-vape-blueberry-raspberry-und-mixed-mouldy-fruit-tropischer-geschmack\/\",\"url\":\"https:\/\/vapingnet.de\/vape\/bang-30000-puffs-vape-blueberry-raspberry-und-mixed-mouldy-fruit-tropischer-geschmack\/\",\"name\":\"Bang 30000 Puffs Vape Blueberry Raspberry und Mixed Mouldy Fruit tropischer Geschmack | Vapingnet.de\",\"isPartOf\":{\"@id\":\"https:\/\/vapingnet.de\/#website\"},\"primaryImageOfPage\":{\"@id\":\"https:\/\/vapingnet.de\/vape\/bang-30000-puffs-vape-blueberry-raspberry-und-mixed-mouldy-fruit-tropischer-geschmack\/#primaryimage\"},\"image\":{\"@id\":\"https:\/\/vapingnet.de\/vape\/bang-30000-puffs-vape-blueberry-raspberry-und-mixed-mouldy-fruit-tropischer-geschmack\/#primaryimage\"},\"thumbnailUrl\":\"https:\/\/vapingnet.de\/wp-content\/uploads\/2025\/03\/Blueberry-Raspberry-und-Mixed-Mouldy-Fruit.png\",\"datePublished\":\"2025-03-13T09:31:50+00:00\",\"dateModified\":\"2025-06-19T03:41:22+00:00\",\"description\":\"Entdecke Bang 30000 Puffs Vape Blueberry Raspberry und Mixed Mouldy Fruit tropischer Geschmack bei vapingnet.de, \u25ba Gro\u00dfe Auswahl an Geschmacksrichtungen & super g\u00fcnstig!\",\"breadcrumb\":{\"@id\":\"https:\/\/vapingnet.de\/vape\/bang-30000-puffs-vape-blueberry-raspberry-und-mixed-mouldy-fruit-tropischer-geschmack\/#breadcrumb\"},\"inLanguage\":\"lt-LT\",\"potentialAction\":[{\"@type\":\"ReadAction\",\"target\":[\"https:\/\/vapingnet.de\/vape\/bang-30000-puffs-vape-blueberry-raspberry-und-mixed-mouldy-fruit-tropischer-geschmack\/\"]}]},{\"@type\":\"ImageObject\",\"inLanguage\":\"lt-LT\",\"@id\":\"https:\/\/vapingnet.de\/vape\/bang-30000-puffs-vape-blueberry-raspberry-und-mixed-mouldy-fruit-tropischer-geschmack\/#primaryimage\",\"url\":\"https:\/\/vapingnet.de\/wp-content\/uploads\/2025\/03\/Blueberry-Raspberry-und-Mixed-Mouldy-Fruit.png\",\"contentUrl\":\"https:\/\/vapingnet.de\/wp-content\/uploads\/2025\/03\/Blueberry-Raspberry-und-Mixed-Mouldy-Fruit.png\",\"width\":900,\"height\":600},{\"@type\":\"BreadcrumbList\",\"@id\":\"https:\/\/vapingnet.de\/vape\/bang-30000-puffs-vape-blueberry-raspberry-und-mixed-mouldy-fruit-tropischer-geschmack\/#breadcrumb\",\"itemListElement\":[{\"@type\":\"ListItem\",\"position\":1,\"name\":\"Home\",\"item\":\"https:\/\/vapingnet.de\/\"},{\"@type\":\"ListItem\",\"position\":2,\"name\":\"Shop\",\"item\":\"https:\/\/vapingnet.de\/vape\/\"},{\"@type\":\"ListItem\",\"position\":3,\"name\":\"Bang 30000 Puffs Vape Blueberry Raspberry und Mixed Mouldy Fruit tropischer Geschmack\"}]},{\"@type\":\"WebSite\",\"@id\":\"https:\/\/vapingnet.de\/#website\",\"url\":\"https:\/\/vapingnet.de\/\",\"name\":\"Vapingnet.de\",\"description\":\"\",\"publisher\":{\"@id\":\"https:\/\/vapingnet.de\/#organization\"},\"potentialAction\":[{\"@type\":\"SearchAction\",\"target\":{\"@type\":\"EntryPoint\",\"urlTemplate\":\"https:\/\/vapingnet.de\/?s={search_term_string}\"},\"query-input\":{\"@type\":\"PropertyValueSpecification\",\"valueRequired\":true,\"valueName\":\"search_term_string\"}}],\"inLanguage\":\"lt-LT\"},{\"@type\":\"Organization\",\"@id\":\"https:\/\/vapingnet.de\/#organization\",\"name\":\"Vapingnet.de\",\"url\":\"https:\/\/vapingnet.de\/\",\"logo\":{\"@type\":\"ImageObject\",\"inLanguage\":\"lt-LT\",\"@id\":\"https:\/\/vapingnet.de\/#\/schema\/logo\/image\/\",\"url\":\"https:\/\/vapingnet.de\/wp-content\/uploads\/2025\/03\/cropped-vapingnet.de_.jpg\",\"contentUrl\":\"https:\/\/vapingnet.de\/wp-content\/uploads\/2025\/03\/cropped-vapingnet.de_.jpg\",\"width\":512,\"height\":512,\"caption\":\"Vapingnet.de\"},\"image\":{\"@id\":\"https:\/\/vapingnet.de\/#\/schema\/logo\/image\/\"},\"sameAs\":[\"https:\/\/www.facebook.com\/vapingnetde\/\"]}]}<\/script>\n<!-- \/ Yoast SEO plugin. -->","yoast_head_json":{"title":"Bang 30000 Puffs Vape Blueberry Raspberry und Mixed Mouldy Fruit tropischer Geschmack | Vapingnet.de","description":"Entdecke Bang 30000 Puffs Vape Blueberry Raspberry und Mixed Mouldy Fruit tropischer Geschmack bei vapingnet.de, \u25ba Gro\u00dfe Auswahl an Geschmacksrichtungen & super g\u00fcnstig!","robots":{"index":"index","follow":"follow","max-snippet":"max-snippet:-1","max-image-preview":"max-image-preview:large","max-video-preview":"max-video-preview:-1"},"canonical":"https:\/\/vapingnet.de\/lt\/vape\/bang-30000-puffs-vape-blueberry-raspberry-und-mixed-mouldy-fruit-tropischer-geschmack\/","og_locale":"lt_LT","og_type":"article","og_title":"Bang 30000 Puffs Vape Blueberry Raspberry und Mixed Mouldy Fruit tropischer Geschmack | Vapingnet.de","og_description":"Entdecke Bang 30000 Puffs Vape Blueberry Raspberry und Mixed Mouldy Fruit tropischer Geschmack bei vapingnet.de, \u25ba Gro\u00dfe Auswahl an Geschmacksrichtungen & super g\u00fcnstig!","og_url":"https:\/\/vapingnet.de\/lt\/vape\/bang-30000-puffs-vape-blueberry-raspberry-und-mixed-mouldy-fruit-tropischer-geschmack\/","og_site_name":"Vapingnet.de","article_publisher":"https:\/\/www.facebook.com\/vapingnetde\/","article_modified_time":"2025-06-19T03:41:22+00:00","og_image":[{"width":900,"height":600,"url":"https:\/\/vapingnet.de\/wp-content\/uploads\/2025\/03\/Blueberry-Raspberry-und-Mixed-Mouldy-Fruit.png","type":"image\/png"}],"twitter_card":"summary_large_image","twitter_misc":{"Est. reading time":"3 minutes"},"schema":{"@context":"https:\/\/schema.org","@graph":[{"@type":"WebPage","@id":"https:\/\/vapingnet.de\/vape\/bang-30000-puffs-vape-blueberry-raspberry-und-mixed-mouldy-fruit-tropischer-geschmack\/","url":"https:\/\/vapingnet.de\/vape\/bang-30000-puffs-vape-blueberry-raspberry-und-mixed-mouldy-fruit-tropischer-geschmack\/","name":"Bang 30000 Puffs Vape Blueberry Raspberry und Mixed Mouldy Fruit tropischer Geschmack | Vapingnet.de","isPartOf":{"@id":"https:\/\/vapingnet.de\/#website"},"primaryImageOfPage":{"@id":"https:\/\/vapingnet.de\/vape\/bang-30000-puffs-vape-blueberry-raspberry-und-mixed-mouldy-fruit-tropischer-geschmack\/#primaryimage"},"image":{"@id":"https:\/\/vapingnet.de\/vape\/bang-30000-puffs-vape-blueberry-raspberry-und-mixed-mouldy-fruit-tropischer-geschmack\/#primaryimage"},"thumbnailUrl":"https:\/\/vapingnet.de\/wp-content\/uploads\/2025\/03\/Blueberry-Raspberry-und-Mixed-Mouldy-Fruit.png","datePublished":"2025-03-13T09:31:50+00:00","dateModified":"2025-06-19T03:41:22+00:00","description":"Entdecke Bang 30000 Puffs Vape Blueberry Raspberry und Mixed Mouldy Fruit tropischer Geschmack bei vapingnet.de, \u25ba Gro\u00dfe Auswahl an Geschmacksrichtungen & super g\u00fcnstig!","breadcrumb":{"@id":"https:\/\/vapingnet.de\/vape\/bang-30000-puffs-vape-blueberry-raspberry-und-mixed-mouldy-fruit-tropischer-geschmack\/#breadcrumb"},"inLanguage":"lt-LT","potentialAction":[{"@type":"ReadAction","target":["https:\/\/vapingnet.de\/vape\/bang-30000-puffs-vape-blueberry-raspberry-und-mixed-mouldy-fruit-tropischer-geschmack\/"]}]},{"@type":"ImageObject","inLanguage":"lt-LT","@id":"https:\/\/vapingnet.de\/vape\/bang-30000-puffs-vape-blueberry-raspberry-und-mixed-mouldy-fruit-tropischer-geschmack\/#primaryimage","url":"https:\/\/vapingnet.de\/wp-content\/uploads\/2025\/03\/Blueberry-Raspberry-und-Mixed-Mouldy-Fruit.png","contentUrl":"https:\/\/vapingnet.de\/wp-content\/uploads\/2025\/03\/Blueberry-Raspberry-und-Mixed-Mouldy-Fruit.png","width":900,"height":600},{"@type":"BreadcrumbList","@id":"https:\/\/vapingnet.de\/vape\/bang-30000-puffs-vape-blueberry-raspberry-und-mixed-mouldy-fruit-tropischer-geschmack\/#breadcrumb","itemListElement":[{"@type":"ListItem","position":1,"name":"Home","item":"https:\/\/vapingnet.de\/"},{"@type":"ListItem","position":2,"name":"Shop","item":"https:\/\/vapingnet.de\/vape\/"},{"@type":"ListItem","position":3,"name":"Bang 30000 Puffs Vape Blueberry Raspberry und Mixed Mouldy Fruit tropischer Geschmack"}]},{"@type":"WebSite","@id":"https:\/\/vapingnet.de\/#website","url":"https:\/\/vapingnet.de\/","name":"Vapingnet.de","description":"","publisher":{"@id":"https:\/\/vapingnet.de\/#organization"},"potentialAction":[{"@type":"SearchAction","target":{"@type":"EntryPoint","urlTemplate":"https:\/\/vapingnet.de\/?s={search_term_string}"},"query-input":{"@type":"PropertyValueSpecification","valueRequired":true,"valueName":"search_term_string"}}],"inLanguage":"lt-LT"},{"@type":"Organization","@id":"https:\/\/vapingnet.de\/#organization","name":"Vapingnet.de","url":"https:\/\/vapingnet.de\/","logo":{"@type":"ImageObject","inLanguage":"lt-LT","@id":"https:\/\/vapingnet.de\/#\/schema\/logo\/image\/","url":"https:\/\/vapingnet.de\/wp-content\/uploads\/2025\/03\/cropped-vapingnet.de_.jpg","contentUrl":"https:\/\/vapingnet.de\/wp-content\/uploads\/2025\/03\/cropped-vapingnet.de_.jpg","width":512,"height":512,"caption":"Vapingnet.de"},"image":{"@id":"https:\/\/vapingnet.de\/#\/schema\/logo\/image\/"},"sameAs":["https:\/\/www.facebook.com\/vapingnetde\/"]}]}},"tiered_pricing_type":"fixed","tiered_pricing_fixed_rules":{"10":"9.49","60":"8.54","110":"7.59","200":"6.64"},"tiered_pricing_product_settings":{"layout":"default","base_unit_name":{"singular":null,"plural":null},"default_variation":null},"tiered_pricing_minimum_quantity":null,"tiered_pricing_roles_data":[],"tiered_pricing_percentage_rules":[],"_links":{"self":[{"href":"https:\/\/vapingnet.de\/lt\/wp-json\/wp\/v2\/product\/5276","targetHints":{"allow":["GET"]}}],"collection":[{"href":"https:\/\/vapingnet.de\/lt\/wp-json\/wp\/v2\/product"}],"about":[{"href":"https:\/\/vapingnet.de\/lt\/wp-json\/wp\/v2\/types\/product"}],"version-history":[{"count":1,"href":"https:\/\/vapingnet.de\/lt\/wp-json\/wp\/v2\/product\/5276\/revisions"}],"predecessor-version":[{"id":5277,"href":"https:\/\/vapingnet.de\/lt\/wp-json\/wp\/v2\/product\/5276\/revisions\/5277"}],"wp:featuredmedia":[{"embeddable":true,"href":"https:\/\/vapingnet.de\/lt\/wp-json\/wp\/v2\/media\/5250"}],"wp:attachment":[{"href":"https:\/\/vapingnet.de\/lt\/wp-json\/wp\/v2\/media?parent=5276"}],"wp:term":[{"taxonomy":"brand","embeddable":true,"href":"https:\/\/vapingnet.de\/lt\/wp-json\/wp\/v2\/etheme_brands?post=5276"},{"taxonomy":"product_brand","embeddable":true,"href":"https:\/\/vapingnet.de\/lt\/wp-json\/wp\/v2\/product_brand?post=5276"},{"taxonomy":"product_cat","embeddable":true,"href":"https:\/\/vapingnet.de\/lt\/wp-json\/wp\/v2\/product_cat?post=5276"},{"taxonomy":"product_tag","embeddable":true,"href":"https:\/\/vapingnet.de\/lt\/wp-json\/wp\/v2\/product_tag?post=5276"}],"curies":[{"name":"wp","href":"https:\/\/api.w.org\/{rel}","templated":true}]}}