{"id":5278,"date":"2025-03-13T09:36:15","date_gmt":"2025-03-13T09:36:15","guid":{"rendered":"https:\/\/vapingnet.de\/?post_type=product&#038;p=5278"},"modified":"2025-06-19T03:41:22","modified_gmt":"2025-06-19T03:41:22","slug":"bang-30000-puffs-strawberry-kimi-und-peach-ice-fuer-suessen-und-erfrischenden-genuss","status":"publish","type":"product","link":"https:\/\/vapingnet.de\/lt\/vape\/bang-30000-puffs-strawberry-kimi-und-peach-ice-fuer-suessen-und-erfrischenden-genuss\/","title":{"rendered":"Bang 30000 R\u016bkim\u0173 Bra\u0161k\u0117 Kimi ir Persik\u0173 ledas sald\u017eiam ir gaiviam malonumui"},"content":{"rendered":"<h2 data-start=\"0\" data-end=\"81\">Bang King 30000 R\u016bkim\u0173 \u2013 Dvigubas skonis, tobulas garinimo patirtis!<\/h2>\n<p data-start=\"83\" data-end=\"281\">Ie\u0161kai itin ilgalaikio, intensyvaus skonio ir auk\u0161tos kokyb\u0117s <a href=\"https:\/\/vapingnet.de\/lt\/k\/einweg-e-zigarette\/\" target=\"_blank\" rel=\"noopener\"><strong>Vienkartin\u0117 elektronin\u0117 cigaret\u0117<\/strong><\/a>? Bang King 30000 R\u016bkim\u0173 Dvigubo Skonio Vienkartin\u0117 Elektronin\u0117 P\u016btimo Prietaisas si\u016blo visi\u0161kai nauj\u0105 garinimo patirt\u012f!<\/p>\n<h4>\ud83d\udca8 Produkto ypatyb\u0117s<\/h4>\n<p data-start=\"322\" data-end=\"500\">\ud83c\udf1f Iki 30 000 R\u016bkim\u0173 \u2013 ilgalaikis malonumas!<br data-start=\"374\" data-end=\"377\" \/>D\u0117l didelio E-skys\u010dio bako galite garinti savai\u010di\u0173 metus be r\u016bpes\u010di\u0173 d\u0117l keitimo!<\/p>\n<p data-start=\"502\" data-end=\"714\">\ud83c\udf1f Dvi skoni\u0173 r\u016b\u0161ys viename elektroniniame cigarete!<br data-start=\"556\" data-end=\"559\" \/>Naudodamiesi inovatyviu Dvigubo Skonio technologija galite keisti tarp Bra\u0161ki\u0173 Kimi ir Persik\u0173 Ledas \u2013 dvigubas aromatas, dvigubas malonumas!<\/p>\n<p data-start=\"716\" data-end=\"915\">\ud83c\udf1f Tinklelio Rit\u0117 1.0\u03a9 \u2013 \u0160velnus ir intensyvus garas<br data-start=\"768\" data-end=\"771\" \/>Moderni tinklelio rit\u0117s technologija u\u017etikrina tolyg\u0173 garavim\u0105 ir ypa\u010d \u0161velni\u0105 bei skoninga garo debes\u012f!<\/p>\n<p data-start=\"917\" data-end=\"1153\">\ud83c\udf1f Reguliuojamas oro srautas personalizuotam garinimo patyrimui!<br data-start=\"987\" data-end=\"990\" \/>Ar m\u0117gstate lengv\u0105, \u0161velni\u0105 \u012fkv\u0117pim\u0105 ar intensyv\u0173, ribot\u0105 \u012fkv\u0117pimo poj\u016bt\u012f \u2013 su Bang King galite tiksliai pritaikyti pagal savo pageidavimus!<\/p>\n<p data-start=\"1155\" data-end=\"1386\">\ud83c\udf1f 550mAh \u012fkraunamas akumuliatorius su Type-C greitu \u012fkrovimu<br data-start=\"1216\" data-end=\"1219\" \/>Galingas 550mAh akumuliatorius u\u017etikrina ilg\u0105 veikimo laik\u0105 ir gali b\u016bti \u012fkraunamas per Type-C labai greitai \u2013 n\u0117 la\u0161o E-skys\u010dio neprarandama!<\/p>\n<p data-start=\"1388\" data-end=\"1576\">\ud83c\udf1f 36 ml didelis E-skys\u010dio talpa dar daugiau skonio!<br data-start=\"1455\" data-end=\"1458\" \/>Didelis bakas rei\u0161kia ma\u017eiau papildym\u0173 ir ilgiau malonumo \u2013 nuolatin\u0117 maloni garinimo patirtis!<\/p>\n<p data-start=\"1578\" data-end=\"1801\">\ud83c\udf1f Individualios nikotino koncentracijos pasirinkimas<br data-start=\"1628\" data-end=\"1631\" \/>Pasirinkite tarp 0% \/ 2% \/ 3% \/ 5% nikotino kiekio (<em data-start=\"1683\" data-end=\"1729\">0% ir 3% tik didel\u0117ms u\u017esakym\u0173 partijoms<\/em>) \u2013 ar nikotino nemokamai, ar stiprus gerkl\u0117s poj\u016btis, j\u016bs turite kontrol\u0119!<\/p>\n<p data-start=\"1803\" data-end=\"1977\">\ud83c\udf1f I\u0161manus LED ekranas \u2013 Visas vaizdas!<br data-start=\"1853\" data-end=\"1856\" \/>Skaitmeninis LED ekranas rodo akumuliatoriaus b\u016bsen\u0105 ir likusius p\u016btimus \u2013 be streso r\u016bpinantis r\u016bkomu!<\/p>\n<p data-start=\"1979\" data-end=\"2102\">\ud83c\udf1f Vienkartinis, be r\u016bpes\u010di\u0173, be muitin\u0117s mokes\u010di\u0173!<br data-start=\"2027\" data-end=\"2030\" \/>Be papildymo, be valymo \u2013 tiesiog i\u0161pakuokite ir prad\u0117kite r\u016bkyti!<\/p>\n<h3>\ud83d\udccc Kod\u0117l Bang King 30000 p\u016btim\u0173?<\/h3>\n<p data-start=\"2152\" data-end=\"2496\">\u2705 30 000 p\u016btim\u0173 \u2013 itin ilgas tarnavimo laikas<br data-start=\"2197\" data-end=\"2200\" \/>\u2705 Dviguba skonio \u012fvairov\u0117 \u2013 du aromatai viename elektroniniame cigarete<br data-start=\"2268\" data-end=\"2271\" \/>\u2705 Perkraunamas \u2013 maksimaliai i\u0161naudokite savo elektroninio skys\u010dio<br data-start=\"2328\" data-end=\"2331\" \/>\u2705 Reguliuojamas oro srautas individualiam \u012fkv\u0117pimo pasiprie\u0161inimui<br data-start=\"2392\" data-end=\"2395\" \/>\u2705 LED ekranas akumuliatoriaus b\u016bsenai ir \u012fkv\u0117pimo skaitikliui<br data-start=\"2440\" data-end=\"2443\" \/>\u2705 Skirtingi nikotino stiprumai kiekvienam skoniui<\/p>\n<p data-start=\"2503\" data-end=\"2612\" data-is-last-node=\"\" data-is-only-node=\"\">\ud83d\ude80 Dabar u\u017esisakykite <a href=\"https:\/\/vapingnet.de\/lt\/\" target=\"_new\" rel=\"noopener\" data-start=\"2518\" data-end=\"2554\">vapingnet.de<\/a> ir m\u0117gaukit\u0117s auk\u0161\u010diausios kokyb\u0117s r\u016bkomu! \ud83c\udf89<\/p>","protected":false},"excerpt":{"rendered":"<p>Bang King 30000 Puffs \u2013 Doppelter Geschmack, Ultimatives Dampferlebnis! Suchst du nach einer ultralanglebigen, geschmacksintensiven und hochwertigen Einweg-E-Zigarette? Die Bang King 30000 Puffs Dual Flavor&#8230;<\/p>","protected":false},"featured_media":5253,"template":"","meta":[],"etheme_brands":[],"product_brand":[101],"product_cat":[56,49,61],"product_tag":[],"class_list":{"0":"post-5278","1":"product","2":"type-product","3":"status-publish","4":"has-post-thumbnail","6":"product_brand-bang-king-vape","7":"product_cat-vape-30000-zuege","8":"product_cat-einweg-e-zigarette","9":"product_cat-f","11":"first","12":"instock","13":"shipping-taxable","14":"purchasable","15":"product-type-simple"},"yoast_head":"<!-- This site is optimized with the Yoast SEO plugin v26.5 - https:\/\/yoast.com\/wordpress\/plugins\/seo\/ -->\n<title>Bang 30000 Puffs Strawberry Kimi und Peach Ice f\u00fcr s\u00fc\u00dfen und erfrischenden Genuss| vapingnet.de<\/title>\n<meta name=\"description\" content=\"Bang 30000 Puffs Strawberry Kimi und Peach Ice f\u00fcr s\u00fc\u00dfen und erfrischenden Genuss \u25ba Viele Geschmacksrichtungen &amp; g\u00fcnstig bei vapingnet.de f\u00fcr Einsteiger\" \/>\n<meta name=\"robots\" content=\"index, follow, max-snippet:-1, max-image-preview:large, max-video-preview:-1\" \/>\n<link rel=\"canonical\" href=\"https:\/\/vapingnet.de\/lt\/vape\/bang-30000-puffs-strawberry-kimi-und-peach-ice-fuer-suessen-und-erfrischenden-genuss\/\" \/>\n<meta property=\"og:locale\" content=\"lt_LT\" \/>\n<meta property=\"og:type\" content=\"article\" \/>\n<meta property=\"og:title\" content=\"Bang 30000 Puffs Strawberry Kimi und Peach Ice f\u00fcr s\u00fc\u00dfen und erfrischenden Genuss| vapingnet.de\" \/>\n<meta property=\"og:description\" content=\"Bang 30000 Puffs Strawberry Kimi und Peach Ice f\u00fcr s\u00fc\u00dfen und erfrischenden Genuss \u25ba Viele Geschmacksrichtungen &amp; g\u00fcnstig bei vapingnet.de f\u00fcr Einsteiger\" \/>\n<meta property=\"og:url\" content=\"https:\/\/vapingnet.de\/lt\/vape\/bang-30000-puffs-strawberry-kimi-und-peach-ice-fuer-suessen-und-erfrischenden-genuss\/\" \/>\n<meta property=\"og:site_name\" content=\"Vapingnet.de\" \/>\n<meta property=\"article:publisher\" content=\"https:\/\/www.facebook.com\/vapingnetde\/\" \/>\n<meta property=\"article:modified_time\" content=\"2025-06-19T03:41:22+00:00\" \/>\n<meta property=\"og:image\" content=\"https:\/\/vapingnet.de\/wp-content\/uploads\/2025\/03\/Strawberry-Kimi-und-Peach-Ice.png\" \/>\n\t<meta property=\"og:image:width\" content=\"900\" \/>\n\t<meta property=\"og:image:height\" content=\"600\" \/>\n\t<meta property=\"og:image:type\" content=\"image\/png\" \/>\n<meta name=\"twitter:card\" content=\"summary_large_image\" \/>\n<meta name=\"twitter:label1\" content=\"Est. reading time\" \/>\n\t<meta name=\"twitter:data1\" content=\"2 minutes\" \/>\n<script type=\"application\/ld+json\" class=\"yoast-schema-graph\">{\"@context\":\"https:\/\/schema.org\",\"@graph\":[{\"@type\":\"WebPage\",\"@id\":\"https:\/\/vapingnet.de\/vape\/bang-30000-puffs-strawberry-kimi-und-peach-ice-fuer-suessen-und-erfrischenden-genuss\/\",\"url\":\"https:\/\/vapingnet.de\/vape\/bang-30000-puffs-strawberry-kimi-und-peach-ice-fuer-suessen-und-erfrischenden-genuss\/\",\"name\":\"Bang 30000 Puffs Strawberry Kimi und Peach Ice f\u00fcr s\u00fc\u00dfen und erfrischenden Genuss| vapingnet.de\",\"isPartOf\":{\"@id\":\"https:\/\/vapingnet.de\/#website\"},\"primaryImageOfPage\":{\"@id\":\"https:\/\/vapingnet.de\/vape\/bang-30000-puffs-strawberry-kimi-und-peach-ice-fuer-suessen-und-erfrischenden-genuss\/#primaryimage\"},\"image\":{\"@id\":\"https:\/\/vapingnet.de\/vape\/bang-30000-puffs-strawberry-kimi-und-peach-ice-fuer-suessen-und-erfrischenden-genuss\/#primaryimage\"},\"thumbnailUrl\":\"https:\/\/vapingnet.de\/wp-content\/uploads\/2025\/03\/Strawberry-Kimi-und-Peach-Ice.png\",\"datePublished\":\"2025-03-13T09:36:15+00:00\",\"dateModified\":\"2025-06-19T03:41:22+00:00\",\"description\":\"Bang 30000 Puffs Strawberry Kimi und Peach Ice f\u00fcr s\u00fc\u00dfen und erfrischenden Genuss \u25ba Viele Geschmacksrichtungen & g\u00fcnstig bei vapingnet.de f\u00fcr Einsteiger\",\"breadcrumb\":{\"@id\":\"https:\/\/vapingnet.de\/vape\/bang-30000-puffs-strawberry-kimi-und-peach-ice-fuer-suessen-und-erfrischenden-genuss\/#breadcrumb\"},\"inLanguage\":\"lt-LT\",\"potentialAction\":[{\"@type\":\"ReadAction\",\"target\":[\"https:\/\/vapingnet.de\/vape\/bang-30000-puffs-strawberry-kimi-und-peach-ice-fuer-suessen-und-erfrischenden-genuss\/\"]}]},{\"@type\":\"ImageObject\",\"inLanguage\":\"lt-LT\",\"@id\":\"https:\/\/vapingnet.de\/vape\/bang-30000-puffs-strawberry-kimi-und-peach-ice-fuer-suessen-und-erfrischenden-genuss\/#primaryimage\",\"url\":\"https:\/\/vapingnet.de\/wp-content\/uploads\/2025\/03\/Strawberry-Kimi-und-Peach-Ice.png\",\"contentUrl\":\"https:\/\/vapingnet.de\/wp-content\/uploads\/2025\/03\/Strawberry-Kimi-und-Peach-Ice.png\",\"width\":900,\"height\":600,\"caption\":\"Strawberry Kimi und Peach Ice\"},{\"@type\":\"BreadcrumbList\",\"@id\":\"https:\/\/vapingnet.de\/vape\/bang-30000-puffs-strawberry-kimi-und-peach-ice-fuer-suessen-und-erfrischenden-genuss\/#breadcrumb\",\"itemListElement\":[{\"@type\":\"ListItem\",\"position\":1,\"name\":\"Home\",\"item\":\"https:\/\/vapingnet.de\/\"},{\"@type\":\"ListItem\",\"position\":2,\"name\":\"Shop\",\"item\":\"https:\/\/vapingnet.de\/vape\/\"},{\"@type\":\"ListItem\",\"position\":3,\"name\":\"Bang 30000 Puffs Strawberry Kimi und Peach Ice f\u00fcr s\u00fc\u00dfen und erfrischenden Genuss\"}]},{\"@type\":\"WebSite\",\"@id\":\"https:\/\/vapingnet.de\/#website\",\"url\":\"https:\/\/vapingnet.de\/\",\"name\":\"Vapingnet.de\",\"description\":\"\",\"publisher\":{\"@id\":\"https:\/\/vapingnet.de\/#organization\"},\"potentialAction\":[{\"@type\":\"SearchAction\",\"target\":{\"@type\":\"EntryPoint\",\"urlTemplate\":\"https:\/\/vapingnet.de\/?s={search_term_string}\"},\"query-input\":{\"@type\":\"PropertyValueSpecification\",\"valueRequired\":true,\"valueName\":\"search_term_string\"}}],\"inLanguage\":\"lt-LT\"},{\"@type\":\"Organization\",\"@id\":\"https:\/\/vapingnet.de\/#organization\",\"name\":\"Vapingnet.de\",\"url\":\"https:\/\/vapingnet.de\/\",\"logo\":{\"@type\":\"ImageObject\",\"inLanguage\":\"lt-LT\",\"@id\":\"https:\/\/vapingnet.de\/#\/schema\/logo\/image\/\",\"url\":\"https:\/\/vapingnet.de\/wp-content\/uploads\/2025\/03\/cropped-vapingnet.de_.jpg\",\"contentUrl\":\"https:\/\/vapingnet.de\/wp-content\/uploads\/2025\/03\/cropped-vapingnet.de_.jpg\",\"width\":512,\"height\":512,\"caption\":\"Vapingnet.de\"},\"image\":{\"@id\":\"https:\/\/vapingnet.de\/#\/schema\/logo\/image\/\"},\"sameAs\":[\"https:\/\/www.facebook.com\/vapingnetde\/\"]}]}<\/script>\n<!-- \/ Yoast SEO plugin. -->","yoast_head_json":{"title":"Bang 30000 Puffs Strawberry Kimi und Peach Ice f\u00fcr s\u00fc\u00dfen und erfrischenden Genuss| vapingnet.de","description":"Bang 30000 Puffs Strawberry Kimi und Peach Ice f\u00fcr s\u00fc\u00dfen und erfrischenden Genuss \u25ba Viele Geschmacksrichtungen & g\u00fcnstig bei vapingnet.de f\u00fcr Einsteiger","robots":{"index":"index","follow":"follow","max-snippet":"max-snippet:-1","max-image-preview":"max-image-preview:large","max-video-preview":"max-video-preview:-1"},"canonical":"https:\/\/vapingnet.de\/lt\/vape\/bang-30000-puffs-strawberry-kimi-und-peach-ice-fuer-suessen-und-erfrischenden-genuss\/","og_locale":"lt_LT","og_type":"article","og_title":"Bang 30000 Puffs Strawberry Kimi und Peach Ice f\u00fcr s\u00fc\u00dfen und erfrischenden Genuss| vapingnet.de","og_description":"Bang 30000 Puffs Strawberry Kimi und Peach Ice f\u00fcr s\u00fc\u00dfen und erfrischenden Genuss \u25ba Viele Geschmacksrichtungen & g\u00fcnstig bei vapingnet.de f\u00fcr Einsteiger","og_url":"https:\/\/vapingnet.de\/lt\/vape\/bang-30000-puffs-strawberry-kimi-und-peach-ice-fuer-suessen-und-erfrischenden-genuss\/","og_site_name":"Vapingnet.de","article_publisher":"https:\/\/www.facebook.com\/vapingnetde\/","article_modified_time":"2025-06-19T03:41:22+00:00","og_image":[{"width":900,"height":600,"url":"https:\/\/vapingnet.de\/wp-content\/uploads\/2025\/03\/Strawberry-Kimi-und-Peach-Ice.png","type":"image\/png"}],"twitter_card":"summary_large_image","twitter_misc":{"Est. reading time":"2 minutes"},"schema":{"@context":"https:\/\/schema.org","@graph":[{"@type":"WebPage","@id":"https:\/\/vapingnet.de\/vape\/bang-30000-puffs-strawberry-kimi-und-peach-ice-fuer-suessen-und-erfrischenden-genuss\/","url":"https:\/\/vapingnet.de\/vape\/bang-30000-puffs-strawberry-kimi-und-peach-ice-fuer-suessen-und-erfrischenden-genuss\/","name":"Bang 30000 Puffs Strawberry Kimi und Peach Ice f\u00fcr s\u00fc\u00dfen und erfrischenden Genuss| vapingnet.de","isPartOf":{"@id":"https:\/\/vapingnet.de\/#website"},"primaryImageOfPage":{"@id":"https:\/\/vapingnet.de\/vape\/bang-30000-puffs-strawberry-kimi-und-peach-ice-fuer-suessen-und-erfrischenden-genuss\/#primaryimage"},"image":{"@id":"https:\/\/vapingnet.de\/vape\/bang-30000-puffs-strawberry-kimi-und-peach-ice-fuer-suessen-und-erfrischenden-genuss\/#primaryimage"},"thumbnailUrl":"https:\/\/vapingnet.de\/wp-content\/uploads\/2025\/03\/Strawberry-Kimi-und-Peach-Ice.png","datePublished":"2025-03-13T09:36:15+00:00","dateModified":"2025-06-19T03:41:22+00:00","description":"Bang 30000 Puffs Strawberry Kimi und Peach Ice f\u00fcr s\u00fc\u00dfen und erfrischenden Genuss \u25ba Viele Geschmacksrichtungen & g\u00fcnstig bei vapingnet.de f\u00fcr Einsteiger","breadcrumb":{"@id":"https:\/\/vapingnet.de\/vape\/bang-30000-puffs-strawberry-kimi-und-peach-ice-fuer-suessen-und-erfrischenden-genuss\/#breadcrumb"},"inLanguage":"lt-LT","potentialAction":[{"@type":"ReadAction","target":["https:\/\/vapingnet.de\/vape\/bang-30000-puffs-strawberry-kimi-und-peach-ice-fuer-suessen-und-erfrischenden-genuss\/"]}]},{"@type":"ImageObject","inLanguage":"lt-LT","@id":"https:\/\/vapingnet.de\/vape\/bang-30000-puffs-strawberry-kimi-und-peach-ice-fuer-suessen-und-erfrischenden-genuss\/#primaryimage","url":"https:\/\/vapingnet.de\/wp-content\/uploads\/2025\/03\/Strawberry-Kimi-und-Peach-Ice.png","contentUrl":"https:\/\/vapingnet.de\/wp-content\/uploads\/2025\/03\/Strawberry-Kimi-und-Peach-Ice.png","width":900,"height":600,"caption":"Strawberry Kimi und Peach Ice"},{"@type":"BreadcrumbList","@id":"https:\/\/vapingnet.de\/vape\/bang-30000-puffs-strawberry-kimi-und-peach-ice-fuer-suessen-und-erfrischenden-genuss\/#breadcrumb","itemListElement":[{"@type":"ListItem","position":1,"name":"Home","item":"https:\/\/vapingnet.de\/"},{"@type":"ListItem","position":2,"name":"Shop","item":"https:\/\/vapingnet.de\/vape\/"},{"@type":"ListItem","position":3,"name":"Bang 30000 Puffs Strawberry Kimi und Peach Ice f\u00fcr s\u00fc\u00dfen und erfrischenden Genuss"}]},{"@type":"WebSite","@id":"https:\/\/vapingnet.de\/#website","url":"https:\/\/vapingnet.de\/","name":"Vapingnet.de","description":"","publisher":{"@id":"https:\/\/vapingnet.de\/#organization"},"potentialAction":[{"@type":"SearchAction","target":{"@type":"EntryPoint","urlTemplate":"https:\/\/vapingnet.de\/?s={search_term_string}"},"query-input":{"@type":"PropertyValueSpecification","valueRequired":true,"valueName":"search_term_string"}}],"inLanguage":"lt-LT"},{"@type":"Organization","@id":"https:\/\/vapingnet.de\/#organization","name":"Vapingnet.de","url":"https:\/\/vapingnet.de\/","logo":{"@type":"ImageObject","inLanguage":"lt-LT","@id":"https:\/\/vapingnet.de\/#\/schema\/logo\/image\/","url":"https:\/\/vapingnet.de\/wp-content\/uploads\/2025\/03\/cropped-vapingnet.de_.jpg","contentUrl":"https:\/\/vapingnet.de\/wp-content\/uploads\/2025\/03\/cropped-vapingnet.de_.jpg","width":512,"height":512,"caption":"Vapingnet.de"},"image":{"@id":"https:\/\/vapingnet.de\/#\/schema\/logo\/image\/"},"sameAs":["https:\/\/www.facebook.com\/vapingnetde\/"]}]}},"tiered_pricing_type":"fixed","tiered_pricing_fixed_rules":{"10":"9.49","60":"8.54","110":"7.59","200":"6.64"},"tiered_pricing_product_settings":{"layout":"default","base_unit_name":{"singular":null,"plural":null},"default_variation":null},"tiered_pricing_minimum_quantity":null,"tiered_pricing_roles_data":[],"tiered_pricing_percentage_rules":[],"_links":{"self":[{"href":"https:\/\/vapingnet.de\/lt\/wp-json\/wp\/v2\/product\/5278","targetHints":{"allow":["GET"]}}],"collection":[{"href":"https:\/\/vapingnet.de\/lt\/wp-json\/wp\/v2\/product"}],"about":[{"href":"https:\/\/vapingnet.de\/lt\/wp-json\/wp\/v2\/types\/product"}],"version-history":[{"count":1,"href":"https:\/\/vapingnet.de\/lt\/wp-json\/wp\/v2\/product\/5278\/revisions"}],"predecessor-version":[{"id":5279,"href":"https:\/\/vapingnet.de\/lt\/wp-json\/wp\/v2\/product\/5278\/revisions\/5279"}],"wp:featuredmedia":[{"embeddable":true,"href":"https:\/\/vapingnet.de\/lt\/wp-json\/wp\/v2\/media\/5253"}],"wp:attachment":[{"href":"https:\/\/vapingnet.de\/lt\/wp-json\/wp\/v2\/media?parent=5278"}],"wp:term":[{"taxonomy":"brand","embeddable":true,"href":"https:\/\/vapingnet.de\/lt\/wp-json\/wp\/v2\/etheme_brands?post=5278"},{"taxonomy":"product_brand","embeddable":true,"href":"https:\/\/vapingnet.de\/lt\/wp-json\/wp\/v2\/product_brand?post=5278"},{"taxonomy":"product_cat","embeddable":true,"href":"https:\/\/vapingnet.de\/lt\/wp-json\/wp\/v2\/product_cat?post=5278"},{"taxonomy":"product_tag","embeddable":true,"href":"https:\/\/vapingnet.de\/lt\/wp-json\/wp\/v2\/product_tag?post=5278"}],"curies":[{"name":"wp","href":"https:\/\/api.w.org\/{rel}","templated":true}]}}