{"id":5281,"date":"2025-03-14T02:56:25","date_gmt":"2025-03-14T02:56:25","guid":{"rendered":"https:\/\/vapingnet.de\/?post_type=product&#038;p=5281"},"modified":"2025-06-19T03:41:21","modified_gmt":"2025-06-19T03:41:21","slug":"strawberry-kiwi-36000-puffs-power-von-bang-king-vape","status":"publish","type":"product","link":"https:\/\/vapingnet.de\/lt\/vape\/strawberry-kiwi-36000-puffs-power-von-bang-king-vape\/","title":{"rendered":"Bra\u0161k\u0117 Kivi 36000 R\u016bkali\u0173 Galia i\u0161 Bang King Vape"},"content":{"rendered":"<h2 data-start=\"0\" data-end=\"93\">Bang King 36000 Puffs \u2013 Maksimalus garinimo potyris, elektronin\u0117 cigaret\u0117 tikriems m\u0117g\u0117jams!<\/h2>\n<p data-start=\"95\" data-end=\"401\">Jei ie\u0161kai itin ilgaam\u017e\u0117s, galingos ir skon\u012f intensyviai perteikian\u010dios elektronin\u0117s cigaret\u0117s, tai yra <a href=\"https:\/\/vapingnet.de\/lt\/bang-36000-puffs-mesh-coil\/\" target=\"_blank\" rel=\"noopener\"><strong>Bang King 36000 Puffs<\/strong><\/a> b\u016btent tai, ko tau reikia! Su dideliu skys\u010dio baku ir auk\u0161tos kokyb\u0117s tinklelio rit\u0117s technologija ji u\u017etikrina neprilygstam\u0105 garinimo patirt\u012f.<\/p>\n<h4 data-start=\"408\" data-end=\"460\">\ud83d\udca8 36000 Puffs \u2013 Ypa\u010d ilgas naudojimo laikas!<\/h4>\n<ul data-start=\"461\" data-end=\"649\">\n<li data-start=\"461\" data-end=\"574\">Dvigubas skys\u010dio bakas su 40 ml pripildyto skys\u010dio \u2013 savait\u0117ms trunkantis garinimo malonumas be papildymo.<\/li>\n<li data-start=\"575\" data-end=\"649\">Idealiai tinka daug garinan\u010diams, vertinantiems ilgaam\u017ei\u0161kum\u0105.<\/li>\n<\/ul>\n<h4 data-start=\"656\" data-end=\"722\">\ud83d\udd25 DTL (tiesioginis plau\u010di\u0173 garinimas) \u2013 intensyvesnis garo malonumas!<\/h4>\n<ul data-start=\"723\" data-end=\"1013\">\n<li data-start=\"723\" data-end=\"824\">0,6 \u03a9 sub-Ohm tinklelio rit\u0117 u\u017etikrina tolyg\u0173 garavim\u0105, tank\u0173 gar\u0105 ir stipr\u0173 skon\u012f.<\/li>\n<li data-start=\"825\" data-end=\"929\">Sukurtas DTL (tiesioginis \u012f plau\u010dius), kad generuot\u0173 dideles garo debesys ir sodr\u0173 aromat\u0105.<\/li>\n<li data-start=\"930\" data-end=\"1013\">Tinkama visiems, kurie m\u0117gsta stipr\u0173 garinimo potyr\u012f su dideliais debesimis!<\/li>\n<\/ul>\n<h4 data-start=\"1020\" data-end=\"1067\">\ud83d\udd0b 650mAh akumuliatorius + Type-C greitas \u012fkrovimas!<\/h4>\n<ul data-start=\"1068\" data-end=\"1244\">\n<li data-start=\"1068\" data-end=\"1135\">\u012ekraunamas 650mAh akumuliatorius u\u017etikrina ilg\u0105 naudojimo laik\u0105.<\/li>\n<li data-start=\"1136\" data-end=\"1244\">Type-C greitas \u012fkrovimas leid\u017eia greitai ir patogiai \u012fkrauti \u2013 nereikia laukti, tiesiog toliau garink!<\/li>\n<\/ul>\n<h4 data-start=\"1251\" data-end=\"1312\">\ud83c\udf08 LED spalvotas ap\u0161vietimas \u2013 stilingas dizainas su wow efektu!<\/h4>\n<ul data-start=\"1313\" data-end=\"1490\">\n<li data-start=\"1313\" data-end=\"1398\">\u0160auni LED ap\u0161vietimo sistema, kuri kiekvieno \u012fkv\u0117pimo metu \u0161vie\u010dia skirtingomis spalvomis.<\/li>\n<li data-start=\"1399\" data-end=\"1490\">Kompakti\u0161kas dydis maksimaliai mobilumui \u2013 puikiai tinka keliaujant ir tikras d\u0117mesio traukos objektas!<\/li>\n<\/ul>\n<h4 data-start=\"1497\" data-end=\"1543\">\ud83c\udf53\ud83c\udf43 Skonio patarimas \u2013 Bra\u0161k\u0117 Kivi<\/h4>\n<p data-start=\"1544\" data-end=\"1618\">Vaisi\u0161ka gaiva su harmoningai subalansuotu saldumo ir r\u016bg\u0161tumo deriniu!<\/p>\n<ul data-start=\"1619\" data-end=\"1934\">\n<li data-start=\"1619\" data-end=\"1733\">Sultingos bra\u0161k\u0117s susilieja su gaivinan\u010diu kivi skoniu, suteikdamos intensyv\u0173 ir gaivinant\u012f aromat\u0105.<\/li>\n<li data-start=\"1734\" data-end=\"1839\">\u012ekv\u0117pus jau\u010diama saldi bra\u0161k\u0117, i\u0161kv\u0117pus lieka malonus kivi\u0173 gaivumo dvelksmas.<\/li>\n<li data-start=\"1840\" data-end=\"1934\">Puikiai tinka vaisini\u0173 E-liquids m\u0117g\u0117jams \u2013 ilgalaikis malonumas su kiekvienu \u012fkv\u0117pimu!<\/li>\n<\/ul>\n<h3 data-start=\"1941\" data-end=\"1992\">\ud83d\uded2 U\u017esisakyk dabar ir d\u016bmink be r\u016bpes\u010di\u0173!<\/h3>\n<p data-start=\"1993\" data-end=\"2280\">\u2714 Pristatymo laikas: 7\u201315 darbo dien\u0173 \u2013 verta laukti!<br data-start=\"2052\" data-end=\"2055\" \/>\u2714 Be muito \u2013 be r\u016bpes\u010di\u0173 pirkimas ir pristatymas tiesiai \u012f namus.<br data-start=\"2132\" data-end=\"2135\" \/>\u2714 Idealiai tinka asmeniniam naudojimui arba didel\u0117ms u\u017esakymams \u2013 galinga vienkartin\u0117 E-cigaret\u0117 su nepralenkiama kainos ir kokyb\u0117s santykiu!<\/p>\n<p data-start=\"2282\" data-end=\"2342\" data-is-last-node=\"\" data-is-only-node=\"\">\ud83d\udccd U\u017esisakyk dabar: <a href=\"https:\/\/vapingnet.de\/lt\/\" target=\"_blank\" rel=\"noopener\"><strong>vapingnet.de<\/strong><\/a><\/p>","protected":false},"excerpt":{"rendered":"<p>Bang King 36000 R\u016bkali\u0173 \u2013 maksimalus garinimo patirtis, tikra m\u0117g\u0117j\u0173 elektronin\u0117 cigaret\u0117! Jei ie\u0161kote itin ilgaam\u017e\u0117s, galingos ir skon\u012f intensyviai perteikian\u010dios elektronin\u0117s cigaret\u0117s,...<\/p>","protected":false},"featured_media":5282,"template":"","meta":[],"etheme_brands":[],"product_brand":[101],"product_cat":[57,49,61],"product_tag":[],"class_list":{"0":"post-5281","1":"product","2":"type-product","3":"status-publish","4":"has-post-thumbnail","6":"product_brand-bang-king-vape","7":"product_cat-vape-36000-zuege","8":"product_cat-einweg-e-zigarette","9":"product_cat-f","11":"first","12":"instock","13":"shipping-taxable","14":"purchasable","15":"product-type-simple"},"yoast_head":"<!-- This site is optimized with the Yoast SEO plugin v26.5 - https:\/\/yoast.com\/wordpress\/plugins\/seo\/ -->\n<title>Strawberry Kiwi 36000 Puffs Power von Bang King Vape | vapingnet.de<\/title>\n<meta name=\"description\" content=\"Strawberry Kiwi 36000 Puffs Power von Bang King Vape \u25ba Viele Geschmacksrichtungen &amp; g\u00fcnstig bei vapingnet.de f\u00fcr Einsteiger\" \/>\n<meta name=\"robots\" content=\"index, follow, max-snippet:-1, max-image-preview:large, max-video-preview:-1\" \/>\n<link rel=\"canonical\" href=\"https:\/\/vapingnet.de\/lt\/vape\/strawberry-kiwi-36000-puffs-power-von-bang-king-vape\/\" \/>\n<meta property=\"og:locale\" content=\"lt_LT\" \/>\n<meta property=\"og:type\" content=\"article\" \/>\n<meta property=\"og:title\" content=\"Strawberry Kiwi 36000 Puffs Power von Bang King Vape | vapingnet.de\" \/>\n<meta property=\"og:description\" content=\"Strawberry Kiwi 36000 Puffs Power von Bang King Vape \u25ba Viele Geschmacksrichtungen &amp; g\u00fcnstig bei vapingnet.de f\u00fcr Einsteiger\" \/>\n<meta property=\"og:url\" content=\"https:\/\/vapingnet.de\/lt\/vape\/strawberry-kiwi-36000-puffs-power-von-bang-king-vape\/\" \/>\n<meta property=\"og:site_name\" content=\"Vapingnet.de\" \/>\n<meta property=\"article:publisher\" content=\"https:\/\/www.facebook.com\/vapingnetde\/\" \/>\n<meta property=\"article:modified_time\" content=\"2025-06-19T03:41:21+00:00\" \/>\n<meta property=\"og:image\" content=\"https:\/\/vapingnet.de\/wp-content\/uploads\/2025\/03\/Strawberry-Kiwi-2.png\" \/>\n\t<meta property=\"og:image:width\" content=\"900\" \/>\n\t<meta property=\"og:image:height\" content=\"600\" \/>\n\t<meta property=\"og:image:type\" content=\"image\/png\" \/>\n<meta name=\"twitter:card\" content=\"summary_large_image\" \/>\n<meta name=\"twitter:label1\" content=\"Est. reading time\" \/>\n\t<meta name=\"twitter:data1\" content=\"2 minutes\" \/>\n<script type=\"application\/ld+json\" class=\"yoast-schema-graph\">{\"@context\":\"https:\/\/schema.org\",\"@graph\":[{\"@type\":\"WebPage\",\"@id\":\"https:\/\/vapingnet.de\/vape\/strawberry-kiwi-36000-puffs-power-von-bang-king-vape\/\",\"url\":\"https:\/\/vapingnet.de\/vape\/strawberry-kiwi-36000-puffs-power-von-bang-king-vape\/\",\"name\":\"Strawberry Kiwi 36000 Puffs Power von Bang King Vape | vapingnet.de\",\"isPartOf\":{\"@id\":\"https:\/\/vapingnet.de\/#website\"},\"primaryImageOfPage\":{\"@id\":\"https:\/\/vapingnet.de\/vape\/strawberry-kiwi-36000-puffs-power-von-bang-king-vape\/#primaryimage\"},\"image\":{\"@id\":\"https:\/\/vapingnet.de\/vape\/strawberry-kiwi-36000-puffs-power-von-bang-king-vape\/#primaryimage\"},\"thumbnailUrl\":\"https:\/\/vapingnet.de\/wp-content\/uploads\/2025\/03\/Strawberry-Kiwi-2.png\",\"datePublished\":\"2025-03-14T02:56:25+00:00\",\"dateModified\":\"2025-06-19T03:41:21+00:00\",\"description\":\"Strawberry Kiwi 36000 Puffs Power von Bang King Vape \u25ba Viele Geschmacksrichtungen & g\u00fcnstig bei vapingnet.de f\u00fcr Einsteiger\",\"breadcrumb\":{\"@id\":\"https:\/\/vapingnet.de\/vape\/strawberry-kiwi-36000-puffs-power-von-bang-king-vape\/#breadcrumb\"},\"inLanguage\":\"lt-LT\",\"potentialAction\":[{\"@type\":\"ReadAction\",\"target\":[\"https:\/\/vapingnet.de\/vape\/strawberry-kiwi-36000-puffs-power-von-bang-king-vape\/\"]}]},{\"@type\":\"ImageObject\",\"inLanguage\":\"lt-LT\",\"@id\":\"https:\/\/vapingnet.de\/vape\/strawberry-kiwi-36000-puffs-power-von-bang-king-vape\/#primaryimage\",\"url\":\"https:\/\/vapingnet.de\/wp-content\/uploads\/2025\/03\/Strawberry-Kiwi-2.png\",\"contentUrl\":\"https:\/\/vapingnet.de\/wp-content\/uploads\/2025\/03\/Strawberry-Kiwi-2.png\",\"width\":900,\"height\":600,\"caption\":\"Strawberry Kiwi\"},{\"@type\":\"BreadcrumbList\",\"@id\":\"https:\/\/vapingnet.de\/vape\/strawberry-kiwi-36000-puffs-power-von-bang-king-vape\/#breadcrumb\",\"itemListElement\":[{\"@type\":\"ListItem\",\"position\":1,\"name\":\"Home\",\"item\":\"https:\/\/vapingnet.de\/\"},{\"@type\":\"ListItem\",\"position\":2,\"name\":\"Shop\",\"item\":\"https:\/\/vapingnet.de\/vape\/\"},{\"@type\":\"ListItem\",\"position\":3,\"name\":\"Strawberry Kiwi 36000 Puffs Power von Bang King Vape\"}]},{\"@type\":\"WebSite\",\"@id\":\"https:\/\/vapingnet.de\/#website\",\"url\":\"https:\/\/vapingnet.de\/\",\"name\":\"Vapingnet.de\",\"description\":\"\",\"publisher\":{\"@id\":\"https:\/\/vapingnet.de\/#organization\"},\"potentialAction\":[{\"@type\":\"SearchAction\",\"target\":{\"@type\":\"EntryPoint\",\"urlTemplate\":\"https:\/\/vapingnet.de\/?s={search_term_string}\"},\"query-input\":{\"@type\":\"PropertyValueSpecification\",\"valueRequired\":true,\"valueName\":\"search_term_string\"}}],\"inLanguage\":\"lt-LT\"},{\"@type\":\"Organization\",\"@id\":\"https:\/\/vapingnet.de\/#organization\",\"name\":\"Vapingnet.de\",\"url\":\"https:\/\/vapingnet.de\/\",\"logo\":{\"@type\":\"ImageObject\",\"inLanguage\":\"lt-LT\",\"@id\":\"https:\/\/vapingnet.de\/#\/schema\/logo\/image\/\",\"url\":\"https:\/\/vapingnet.de\/wp-content\/uploads\/2025\/03\/cropped-vapingnet.de_.jpg\",\"contentUrl\":\"https:\/\/vapingnet.de\/wp-content\/uploads\/2025\/03\/cropped-vapingnet.de_.jpg\",\"width\":512,\"height\":512,\"caption\":\"Vapingnet.de\"},\"image\":{\"@id\":\"https:\/\/vapingnet.de\/#\/schema\/logo\/image\/\"},\"sameAs\":[\"https:\/\/www.facebook.com\/vapingnetde\/\"]}]}<\/script>\n<!-- \/ Yoast SEO plugin. -->","yoast_head_json":{"title":"Strawberry Kiwi 36000 Puffs Power von Bang King Vape | vapingnet.de","description":"Strawberry Kiwi 36000 Puffs Power von Bang King Vape \u25ba Viele Geschmacksrichtungen & g\u00fcnstig bei vapingnet.de f\u00fcr Einsteiger","robots":{"index":"index","follow":"follow","max-snippet":"max-snippet:-1","max-image-preview":"max-image-preview:large","max-video-preview":"max-video-preview:-1"},"canonical":"https:\/\/vapingnet.de\/lt\/vape\/strawberry-kiwi-36000-puffs-power-von-bang-king-vape\/","og_locale":"lt_LT","og_type":"article","og_title":"Strawberry Kiwi 36000 Puffs Power von Bang King Vape | vapingnet.de","og_description":"Strawberry Kiwi 36000 Puffs Power von Bang King Vape \u25ba Viele Geschmacksrichtungen & g\u00fcnstig bei vapingnet.de f\u00fcr Einsteiger","og_url":"https:\/\/vapingnet.de\/lt\/vape\/strawberry-kiwi-36000-puffs-power-von-bang-king-vape\/","og_site_name":"Vapingnet.de","article_publisher":"https:\/\/www.facebook.com\/vapingnetde\/","article_modified_time":"2025-06-19T03:41:21+00:00","og_image":[{"width":900,"height":600,"url":"https:\/\/vapingnet.de\/wp-content\/uploads\/2025\/03\/Strawberry-Kiwi-2.png","type":"image\/png"}],"twitter_card":"summary_large_image","twitter_misc":{"Est. reading time":"2 minutes"},"schema":{"@context":"https:\/\/schema.org","@graph":[{"@type":"WebPage","@id":"https:\/\/vapingnet.de\/vape\/strawberry-kiwi-36000-puffs-power-von-bang-king-vape\/","url":"https:\/\/vapingnet.de\/vape\/strawberry-kiwi-36000-puffs-power-von-bang-king-vape\/","name":"Strawberry Kiwi 36000 Puffs Power von Bang King Vape | vapingnet.de","isPartOf":{"@id":"https:\/\/vapingnet.de\/#website"},"primaryImageOfPage":{"@id":"https:\/\/vapingnet.de\/vape\/strawberry-kiwi-36000-puffs-power-von-bang-king-vape\/#primaryimage"},"image":{"@id":"https:\/\/vapingnet.de\/vape\/strawberry-kiwi-36000-puffs-power-von-bang-king-vape\/#primaryimage"},"thumbnailUrl":"https:\/\/vapingnet.de\/wp-content\/uploads\/2025\/03\/Strawberry-Kiwi-2.png","datePublished":"2025-03-14T02:56:25+00:00","dateModified":"2025-06-19T03:41:21+00:00","description":"Strawberry Kiwi 36000 Puffs Power von Bang King Vape \u25ba Viele Geschmacksrichtungen & g\u00fcnstig bei vapingnet.de f\u00fcr Einsteiger","breadcrumb":{"@id":"https:\/\/vapingnet.de\/vape\/strawberry-kiwi-36000-puffs-power-von-bang-king-vape\/#breadcrumb"},"inLanguage":"lt-LT","potentialAction":[{"@type":"ReadAction","target":["https:\/\/vapingnet.de\/vape\/strawberry-kiwi-36000-puffs-power-von-bang-king-vape\/"]}]},{"@type":"ImageObject","inLanguage":"lt-LT","@id":"https:\/\/vapingnet.de\/vape\/strawberry-kiwi-36000-puffs-power-von-bang-king-vape\/#primaryimage","url":"https:\/\/vapingnet.de\/wp-content\/uploads\/2025\/03\/Strawberry-Kiwi-2.png","contentUrl":"https:\/\/vapingnet.de\/wp-content\/uploads\/2025\/03\/Strawberry-Kiwi-2.png","width":900,"height":600,"caption":"Strawberry Kiwi"},{"@type":"BreadcrumbList","@id":"https:\/\/vapingnet.de\/vape\/strawberry-kiwi-36000-puffs-power-von-bang-king-vape\/#breadcrumb","itemListElement":[{"@type":"ListItem","position":1,"name":"Home","item":"https:\/\/vapingnet.de\/"},{"@type":"ListItem","position":2,"name":"Shop","item":"https:\/\/vapingnet.de\/vape\/"},{"@type":"ListItem","position":3,"name":"Strawberry Kiwi 36000 Puffs Power von Bang King Vape"}]},{"@type":"WebSite","@id":"https:\/\/vapingnet.de\/#website","url":"https:\/\/vapingnet.de\/","name":"Vapingnet.de","description":"","publisher":{"@id":"https:\/\/vapingnet.de\/#organization"},"potentialAction":[{"@type":"SearchAction","target":{"@type":"EntryPoint","urlTemplate":"https:\/\/vapingnet.de\/?s={search_term_string}"},"query-input":{"@type":"PropertyValueSpecification","valueRequired":true,"valueName":"search_term_string"}}],"inLanguage":"lt-LT"},{"@type":"Organization","@id":"https:\/\/vapingnet.de\/#organization","name":"Vapingnet.de","url":"https:\/\/vapingnet.de\/","logo":{"@type":"ImageObject","inLanguage":"lt-LT","@id":"https:\/\/vapingnet.de\/#\/schema\/logo\/image\/","url":"https:\/\/vapingnet.de\/wp-content\/uploads\/2025\/03\/cropped-vapingnet.de_.jpg","contentUrl":"https:\/\/vapingnet.de\/wp-content\/uploads\/2025\/03\/cropped-vapingnet.de_.jpg","width":512,"height":512,"caption":"Vapingnet.de"},"image":{"@id":"https:\/\/vapingnet.de\/#\/schema\/logo\/image\/"},"sameAs":["https:\/\/www.facebook.com\/vapingnetde\/"]}]}},"tiered_pricing_type":"fixed","tiered_pricing_fixed_rules":{"8":"10.44","60":"9.40","110":"8.35","200":"7.31"},"tiered_pricing_product_settings":{"layout":"default","base_unit_name":{"singular":null,"plural":null},"default_variation":null},"tiered_pricing_minimum_quantity":null,"tiered_pricing_roles_data":[],"tiered_pricing_percentage_rules":[],"_links":{"self":[{"href":"https:\/\/vapingnet.de\/lt\/wp-json\/wp\/v2\/product\/5281","targetHints":{"allow":["GET"]}}],"collection":[{"href":"https:\/\/vapingnet.de\/lt\/wp-json\/wp\/v2\/product"}],"about":[{"href":"https:\/\/vapingnet.de\/lt\/wp-json\/wp\/v2\/types\/product"}],"version-history":[{"count":2,"href":"https:\/\/vapingnet.de\/lt\/wp-json\/wp\/v2\/product\/5281\/revisions"}],"predecessor-version":[{"id":5284,"href":"https:\/\/vapingnet.de\/lt\/wp-json\/wp\/v2\/product\/5281\/revisions\/5284"}],"wp:featuredmedia":[{"embeddable":true,"href":"https:\/\/vapingnet.de\/lt\/wp-json\/wp\/v2\/media\/5282"}],"wp:attachment":[{"href":"https:\/\/vapingnet.de\/lt\/wp-json\/wp\/v2\/media?parent=5281"}],"wp:term":[{"taxonomy":"brand","embeddable":true,"href":"https:\/\/vapingnet.de\/lt\/wp-json\/wp\/v2\/etheme_brands?post=5281"},{"taxonomy":"product_brand","embeddable":true,"href":"https:\/\/vapingnet.de\/lt\/wp-json\/wp\/v2\/product_brand?post=5281"},{"taxonomy":"product_cat","embeddable":true,"href":"https:\/\/vapingnet.de\/lt\/wp-json\/wp\/v2\/product_cat?post=5281"},{"taxonomy":"product_tag","embeddable":true,"href":"https:\/\/vapingnet.de\/lt\/wp-json\/wp\/v2\/product_tag?post=5281"}],"curies":[{"name":"wp","href":"https:\/\/api.w.org\/{rel}","templated":true}]}}