{"id":5288,"date":"2025-03-14T03:29:30","date_gmt":"2025-03-14T03:29:30","guid":{"rendered":"https:\/\/vapingnet.de\/?post_type=product&#038;p=5288"},"modified":"2025-06-19T03:41:20","modified_gmt":"2025-06-19T03:41:20","slug":"weltweit-meistverkauft-bang-36000-puffs-mesh-coil-mixed-fruits-fuer-ultimativen-dampfspass","status":"publish","type":"product","link":"https:\/\/vapingnet.de\/lt\/vape\/weltweit-meistverkauft-bang-36000-puffs-mesh-coil-mixed-fruits-fuer-ultimativen-dampfspass\/","title":{"rendered":"Pasaulyje labiausiai parduodama Bang 36000 R\u016bkali\u0173 Tinklelio Rit\u0117 Mi\u0161ri\u0173 vaisi\u0173 u\u017e galutin\u012f gar\u0173 malonum\u0105"},"content":{"rendered":"<h2 data-start=\"0\" data-end=\"98\">Bang King 36000 Puffs Mesh Coil \u2013 Patirkite itin ilg\u0105 tarnavimo laik\u0105 ir intensyv\u0173 skon\u012f!<\/h2>\n<p data-start=\"100\" data-end=\"394\">Ar ie\u0161kote galingo, skon\u012f intensyvaus ir ilgai i\u0161liekian\u010dio elektroninio cigareto? Tuomet Bang King 36000 Puffs Mesh Coil tikrai yra ideali j\u016bs\u0173 pasirinkimas. Kaip nauja \u017evaig\u017ed\u0117 rinkoje, ji pakelia tradicin\u012f garinimo patirt\u012f \u012f visi\u0161kai nauj\u0105 lyg\u012f!<\/p>\n<h3 data-start=\"401\" data-end=\"429\">\ud83d\udca5 Produkto akcentai<\/h3>\n<h5 data-start=\"431\" data-end=\"485\">Galutinis tarnavimo laikas, ilgalaikis malonumas<\/h5>\n<ul data-start=\"486\" data-end=\"679\">\n<li data-start=\"486\" data-end=\"587\">36000 \u012fkv\u0117pim\u0173 \u2013 daug daugiau nei \u012fprastose <a href=\"https:\/\/vapingnet.de\/lt\/k\/einweg-e-zigarette\/\" target=\"_blank\" rel=\"noopener\"><strong>Vienkartini\u0173 elektronini\u0173 cigare\u010di\u0173<\/strong><\/a>, ilgalaikiam malonumui.<\/li>\n<li data-start=\"588\" data-end=\"679\">40 ml pripildyto elektroninio skys\u010dio \u2013 didesn\u0117 talpa visai dienai be papildymo.<\/li>\n<\/ul>\n<h5 data-start=\"681\" data-end=\"725\">Galingas veikimas, greiti \u012fkrovimo laikai<\/h5>\n<ul data-start=\"726\" data-end=\"915\">\n<li data-start=\"726\" data-end=\"824\">\u012erengta 650mAh \u012fkraunama baterija, u\u017etikrinanti \u012fsp\u016bding\u0105 veikimo laik\u0105.<\/li>\n<li data-start=\"825\" data-end=\"915\">Type-C greito \u012fkrovimo jungtis \u2013 greitai v\u0117l paruo\u0161ta naudoti, be ilgo \u012fkrovimo laiko.<\/li>\n<\/ul>\n<h5 data-start=\"917\" data-end=\"957\">Inovatyvi Mesh Coil technologija<\/h5>\n<ul data-start=\"958\" data-end=\"1191\">\n<li data-start=\"958\" data-end=\"1069\">0,6\u03a9 Sub-Ohm Mesh Coil pagerintam garavimui, intensyvesniam garui ir smulkesniam skoniui.<\/li>\n<li data-start=\"1070\" data-end=\"1191\">Tiesioginio plau\u010dio (DTL) dizainas \u2013 suteikia tiek pradedantiesiems, tiek patyrusiems garintojams \u0161var\u0173 ir stipr\u0173 \u012fkv\u0117pim\u0105.<\/li>\n<\/ul>\n<h5 data-start=\"1193\" data-end=\"1240\">Skirtingi nikotino stiprumai pasirinkimui<\/h5>\n<ul data-start=\"1241\" data-end=\"1353\">\n<li data-start=\"1241\" data-end=\"1353\">Pasirinkite tarp 0\/2\/3\/5% nikotino, kad rastum\u0117te savo m\u0117gstam\u0105 stiprum\u0105 ir m\u0117gautum\u0117t\u0117s tobulais \u012fkv\u0117pimais.<\/li>\n<\/ul>\n<h5 data-start=\"1355\" data-end=\"1379\">LED \u0161viesos efektai<\/h5>\n<ul data-start=\"1380\" data-end=\"1500\">\n<li data-start=\"1380\" data-end=\"1500\">Kiekvieno \u012fkv\u0117pimo metu \u0161vie\u010dia \u0161auni LED ap\u0161vietimas, suteikiantis j\u016bs\u0173 garinimo patir\u010diai vizualin\u012f patobulinim\u0105.<\/li>\n<\/ul>\n<h4 data-start=\"1507\" data-end=\"1558\">\ud83c\udf53 Populiari skonio r\u016b\u0161is: Mi\u0161ri\u0173 vaisi\u0173<\/h4>\n<p data-start=\"1559\" data-end=\"1797\">Jei m\u0117gstate vaisinius ir gaivius mi\u0161rius skonius, b\u016bsite su\u017eav\u0117ti Mi\u0161ri\u0173 vaisi\u0173! Tobula tropini\u0173 vaisi\u0173 kombinacija, si\u016blanti ai\u0161k\u0173, ne per sald\u0173 skon\u012f \u2013 malonumas kiekvieno \u012fkv\u0117pimo metu.<\/p>\n<h3 data-start=\"1804\" data-end=\"1849\">\ud83d\ude80 Kod\u0117l rinktis Bang King 36000 Puffs?<\/h3>\n<ul data-start=\"1851\" data-end=\"2175\">\n<li data-start=\"1851\" data-end=\"1941\">Joki\u0173 muit\u0173 mokes\u010di\u0173 \u2013 m\u0117gaukit\u0117s pirkiniu be pasl\u0117pt\u0173 mokes\u010di\u0173 ar papildom\u0173 i\u0161laid\u0173.<\/li>\n<li data-start=\"1942\" data-end=\"2042\">Vienkartin\u0117 elektronin\u0117 cigaret\u0117 \u2013 nereikia prie\u017ei\u016bros ar valymo, tiesiog naudokite ir m\u0117gaukit\u0117s.<\/li>\n<li data-start=\"2043\" data-end=\"2175\">12 skirting\u0173 skoni\u0173 \u2013 nesvarbu, ar tai vaisinis, \u0161aldytas ar saldus \u2013 Bang King si\u016blo kiekvieno skoniui tinkam\u0105 pasirinkim\u0105.<\/li>\n<\/ul>\n<p data-start=\"2177\" data-end=\"2312\" data-is-last-node=\"\" data-is-only-node=\"\">Apsilankykite dabar m\u016bs\u0173 svetain\u0117je ir patirkite \u0161\u012f revoliucin\u012f garinimo patirt\u012f!<br data-start=\"2252\" data-end=\"2255\" \/>\ud83d\udd17 Pirkti dabar: <a href=\"https:\/\/vapingnet.de\/lt\/\" target=\"_new\" rel=\"noopener\" data-start=\"2274\" data-end=\"2310\">vapingnet.de<\/a><\/p>","protected":false},"excerpt":{"rendered":"<p>Bang King 36000 Puffs Mesh Coil \u2013 Erlebe ultra-lange Haltbarkeit und intensiven Geschmack! Bist du auf der Suche nach einer leistungsstarken, geschmacklich intensiven und langanhaltenden&#8230;<\/p>","protected":false},"featured_media":5290,"template":"","meta":[],"etheme_brands":[],"product_brand":[101],"product_cat":[57,49,61],"product_tag":[],"class_list":{"0":"post-5288","1":"product","2":"type-product","3":"status-publish","4":"has-post-thumbnail","6":"product_brand-bang-king-vape","7":"product_cat-vape-36000-zuege","8":"product_cat-einweg-e-zigarette","9":"product_cat-f","11":"first","12":"instock","13":"shipping-taxable","14":"purchasable","15":"product-type-simple"},"yoast_head":"<!-- This site is optimized with the Yoast SEO plugin v26.5 - https:\/\/yoast.com\/wordpress\/plugins\/seo\/ -->\n<title>Weltweit meistverkauft Bang 36000 Puffs Mesh Coil Mixed Fruits f\u00fcr ultimativen Dampfspa\u00df | vapingnet.de<\/title>\n<meta name=\"description\" content=\"Weltweit meistverkauft Bang 36000 Puffs Mesh Coil Mixed Fruits f\u00fcr ultimativen Dampfspa\u00df \u25ba Viele Geschmacksrichtungen &amp; g\u00fcnstig bei vapingnet.de f\u00fcr E-Zigaretten-Liebhaber\" \/>\n<meta name=\"robots\" content=\"index, follow, max-snippet:-1, max-image-preview:large, max-video-preview:-1\" \/>\n<link rel=\"canonical\" href=\"https:\/\/vapingnet.de\/lt\/vape\/weltweit-meistverkauft-bang-36000-puffs-mesh-coil-mixed-fruits-fuer-ultimativen-dampfspass\/\" \/>\n<meta property=\"og:locale\" content=\"lt_LT\" \/>\n<meta property=\"og:type\" content=\"article\" \/>\n<meta property=\"og:title\" content=\"Weltweit meistverkauft Bang 36000 Puffs Mesh Coil Mixed Fruits f\u00fcr ultimativen Dampfspa\u00df | vapingnet.de\" \/>\n<meta property=\"og:description\" content=\"Weltweit meistverkauft Bang 36000 Puffs Mesh Coil Mixed Fruits f\u00fcr ultimativen Dampfspa\u00df \u25ba Viele Geschmacksrichtungen &amp; g\u00fcnstig bei vapingnet.de f\u00fcr E-Zigaretten-Liebhaber\" \/>\n<meta property=\"og:url\" content=\"https:\/\/vapingnet.de\/lt\/vape\/weltweit-meistverkauft-bang-36000-puffs-mesh-coil-mixed-fruits-fuer-ultimativen-dampfspass\/\" \/>\n<meta property=\"og:site_name\" content=\"Vapingnet.de\" \/>\n<meta property=\"article:publisher\" content=\"https:\/\/www.facebook.com\/vapingnetde\/\" \/>\n<meta property=\"article:modified_time\" content=\"2025-06-19T03:41:20+00:00\" \/>\n<meta property=\"og:image\" content=\"https:\/\/vapingnet.de\/wp-content\/uploads\/2025\/03\/Mixed-Fruits.png\" \/>\n\t<meta property=\"og:image:width\" content=\"900\" \/>\n\t<meta property=\"og:image:height\" content=\"600\" \/>\n\t<meta property=\"og:image:type\" content=\"image\/png\" \/>\n<meta name=\"twitter:card\" content=\"summary_large_image\" \/>\n<meta name=\"twitter:label1\" content=\"Est. reading time\" \/>\n\t<meta name=\"twitter:data1\" content=\"2 minutes\" \/>\n<script type=\"application\/ld+json\" class=\"yoast-schema-graph\">{\"@context\":\"https:\/\/schema.org\",\"@graph\":[{\"@type\":\"WebPage\",\"@id\":\"https:\/\/vapingnet.de\/vape\/weltweit-meistverkauft-bang-36000-puffs-mesh-coil-mixed-fruits-fuer-ultimativen-dampfspass\/\",\"url\":\"https:\/\/vapingnet.de\/vape\/weltweit-meistverkauft-bang-36000-puffs-mesh-coil-mixed-fruits-fuer-ultimativen-dampfspass\/\",\"name\":\"Weltweit meistverkauft Bang 36000 Puffs Mesh Coil Mixed Fruits f\u00fcr ultimativen Dampfspa\u00df | vapingnet.de\",\"isPartOf\":{\"@id\":\"https:\/\/vapingnet.de\/#website\"},\"primaryImageOfPage\":{\"@id\":\"https:\/\/vapingnet.de\/vape\/weltweit-meistverkauft-bang-36000-puffs-mesh-coil-mixed-fruits-fuer-ultimativen-dampfspass\/#primaryimage\"},\"image\":{\"@id\":\"https:\/\/vapingnet.de\/vape\/weltweit-meistverkauft-bang-36000-puffs-mesh-coil-mixed-fruits-fuer-ultimativen-dampfspass\/#primaryimage\"},\"thumbnailUrl\":\"https:\/\/vapingnet.de\/wp-content\/uploads\/2025\/03\/Mixed-Fruits.png\",\"datePublished\":\"2025-03-14T03:29:30+00:00\",\"dateModified\":\"2025-06-19T03:41:20+00:00\",\"description\":\"Weltweit meistverkauft Bang 36000 Puffs Mesh Coil Mixed Fruits f\u00fcr ultimativen Dampfspa\u00df \u25ba Viele Geschmacksrichtungen & g\u00fcnstig bei vapingnet.de f\u00fcr E-Zigaretten-Liebhaber\",\"breadcrumb\":{\"@id\":\"https:\/\/vapingnet.de\/vape\/weltweit-meistverkauft-bang-36000-puffs-mesh-coil-mixed-fruits-fuer-ultimativen-dampfspass\/#breadcrumb\"},\"inLanguage\":\"lt-LT\",\"potentialAction\":[{\"@type\":\"ReadAction\",\"target\":[\"https:\/\/vapingnet.de\/vape\/weltweit-meistverkauft-bang-36000-puffs-mesh-coil-mixed-fruits-fuer-ultimativen-dampfspass\/\"]}]},{\"@type\":\"ImageObject\",\"inLanguage\":\"lt-LT\",\"@id\":\"https:\/\/vapingnet.de\/vape\/weltweit-meistverkauft-bang-36000-puffs-mesh-coil-mixed-fruits-fuer-ultimativen-dampfspass\/#primaryimage\",\"url\":\"https:\/\/vapingnet.de\/wp-content\/uploads\/2025\/03\/Mixed-Fruits.png\",\"contentUrl\":\"https:\/\/vapingnet.de\/wp-content\/uploads\/2025\/03\/Mixed-Fruits.png\",\"width\":900,\"height\":600,\"caption\":\"Mixed Fruits\"},{\"@type\":\"BreadcrumbList\",\"@id\":\"https:\/\/vapingnet.de\/vape\/weltweit-meistverkauft-bang-36000-puffs-mesh-coil-mixed-fruits-fuer-ultimativen-dampfspass\/#breadcrumb\",\"itemListElement\":[{\"@type\":\"ListItem\",\"position\":1,\"name\":\"Home\",\"item\":\"https:\/\/vapingnet.de\/\"},{\"@type\":\"ListItem\",\"position\":2,\"name\":\"Shop\",\"item\":\"https:\/\/vapingnet.de\/vape\/\"},{\"@type\":\"ListItem\",\"position\":3,\"name\":\"Weltweit meistverkauft Bang 36000 Puffs Mesh Coil Mixed Fruits f\u00fcr ultimativen Dampfspa\u00df\"}]},{\"@type\":\"WebSite\",\"@id\":\"https:\/\/vapingnet.de\/#website\",\"url\":\"https:\/\/vapingnet.de\/\",\"name\":\"Vapingnet.de\",\"description\":\"\",\"publisher\":{\"@id\":\"https:\/\/vapingnet.de\/#organization\"},\"potentialAction\":[{\"@type\":\"SearchAction\",\"target\":{\"@type\":\"EntryPoint\",\"urlTemplate\":\"https:\/\/vapingnet.de\/?s={search_term_string}\"},\"query-input\":{\"@type\":\"PropertyValueSpecification\",\"valueRequired\":true,\"valueName\":\"search_term_string\"}}],\"inLanguage\":\"lt-LT\"},{\"@type\":\"Organization\",\"@id\":\"https:\/\/vapingnet.de\/#organization\",\"name\":\"Vapingnet.de\",\"url\":\"https:\/\/vapingnet.de\/\",\"logo\":{\"@type\":\"ImageObject\",\"inLanguage\":\"lt-LT\",\"@id\":\"https:\/\/vapingnet.de\/#\/schema\/logo\/image\/\",\"url\":\"https:\/\/vapingnet.de\/wp-content\/uploads\/2025\/03\/cropped-vapingnet.de_.jpg\",\"contentUrl\":\"https:\/\/vapingnet.de\/wp-content\/uploads\/2025\/03\/cropped-vapingnet.de_.jpg\",\"width\":512,\"height\":512,\"caption\":\"Vapingnet.de\"},\"image\":{\"@id\":\"https:\/\/vapingnet.de\/#\/schema\/logo\/image\/\"},\"sameAs\":[\"https:\/\/www.facebook.com\/vapingnetde\/\"]}]}<\/script>\n<!-- \/ Yoast SEO plugin. -->","yoast_head_json":{"title":"Weltweit meistverkauft Bang 36000 Puffs Mesh Coil Mixed Fruits f\u00fcr ultimativen Dampfspa\u00df | vapingnet.de","description":"Weltweit meistverkauft Bang 36000 Puffs Mesh Coil Mixed Fruits f\u00fcr ultimativen Dampfspa\u00df \u25ba Viele Geschmacksrichtungen & g\u00fcnstig bei vapingnet.de f\u00fcr E-Zigaretten-Liebhaber","robots":{"index":"index","follow":"follow","max-snippet":"max-snippet:-1","max-image-preview":"max-image-preview:large","max-video-preview":"max-video-preview:-1"},"canonical":"https:\/\/vapingnet.de\/lt\/vape\/weltweit-meistverkauft-bang-36000-puffs-mesh-coil-mixed-fruits-fuer-ultimativen-dampfspass\/","og_locale":"lt_LT","og_type":"article","og_title":"Weltweit meistverkauft Bang 36000 Puffs Mesh Coil Mixed Fruits f\u00fcr ultimativen Dampfspa\u00df | vapingnet.de","og_description":"Weltweit meistverkauft Bang 36000 Puffs Mesh Coil Mixed Fruits f\u00fcr ultimativen Dampfspa\u00df \u25ba Viele Geschmacksrichtungen & g\u00fcnstig bei vapingnet.de f\u00fcr E-Zigaretten-Liebhaber","og_url":"https:\/\/vapingnet.de\/lt\/vape\/weltweit-meistverkauft-bang-36000-puffs-mesh-coil-mixed-fruits-fuer-ultimativen-dampfspass\/","og_site_name":"Vapingnet.de","article_publisher":"https:\/\/www.facebook.com\/vapingnetde\/","article_modified_time":"2025-06-19T03:41:20+00:00","og_image":[{"width":900,"height":600,"url":"https:\/\/vapingnet.de\/wp-content\/uploads\/2025\/03\/Mixed-Fruits.png","type":"image\/png"}],"twitter_card":"summary_large_image","twitter_misc":{"Est. reading time":"2 minutes"},"schema":{"@context":"https:\/\/schema.org","@graph":[{"@type":"WebPage","@id":"https:\/\/vapingnet.de\/vape\/weltweit-meistverkauft-bang-36000-puffs-mesh-coil-mixed-fruits-fuer-ultimativen-dampfspass\/","url":"https:\/\/vapingnet.de\/vape\/weltweit-meistverkauft-bang-36000-puffs-mesh-coil-mixed-fruits-fuer-ultimativen-dampfspass\/","name":"Weltweit meistverkauft Bang 36000 Puffs Mesh Coil Mixed Fruits f\u00fcr ultimativen Dampfspa\u00df | vapingnet.de","isPartOf":{"@id":"https:\/\/vapingnet.de\/#website"},"primaryImageOfPage":{"@id":"https:\/\/vapingnet.de\/vape\/weltweit-meistverkauft-bang-36000-puffs-mesh-coil-mixed-fruits-fuer-ultimativen-dampfspass\/#primaryimage"},"image":{"@id":"https:\/\/vapingnet.de\/vape\/weltweit-meistverkauft-bang-36000-puffs-mesh-coil-mixed-fruits-fuer-ultimativen-dampfspass\/#primaryimage"},"thumbnailUrl":"https:\/\/vapingnet.de\/wp-content\/uploads\/2025\/03\/Mixed-Fruits.png","datePublished":"2025-03-14T03:29:30+00:00","dateModified":"2025-06-19T03:41:20+00:00","description":"Weltweit meistverkauft Bang 36000 Puffs Mesh Coil Mixed Fruits f\u00fcr ultimativen Dampfspa\u00df \u25ba Viele Geschmacksrichtungen & g\u00fcnstig bei vapingnet.de f\u00fcr E-Zigaretten-Liebhaber","breadcrumb":{"@id":"https:\/\/vapingnet.de\/vape\/weltweit-meistverkauft-bang-36000-puffs-mesh-coil-mixed-fruits-fuer-ultimativen-dampfspass\/#breadcrumb"},"inLanguage":"lt-LT","potentialAction":[{"@type":"ReadAction","target":["https:\/\/vapingnet.de\/vape\/weltweit-meistverkauft-bang-36000-puffs-mesh-coil-mixed-fruits-fuer-ultimativen-dampfspass\/"]}]},{"@type":"ImageObject","inLanguage":"lt-LT","@id":"https:\/\/vapingnet.de\/vape\/weltweit-meistverkauft-bang-36000-puffs-mesh-coil-mixed-fruits-fuer-ultimativen-dampfspass\/#primaryimage","url":"https:\/\/vapingnet.de\/wp-content\/uploads\/2025\/03\/Mixed-Fruits.png","contentUrl":"https:\/\/vapingnet.de\/wp-content\/uploads\/2025\/03\/Mixed-Fruits.png","width":900,"height":600,"caption":"Mixed Fruits"},{"@type":"BreadcrumbList","@id":"https:\/\/vapingnet.de\/vape\/weltweit-meistverkauft-bang-36000-puffs-mesh-coil-mixed-fruits-fuer-ultimativen-dampfspass\/#breadcrumb","itemListElement":[{"@type":"ListItem","position":1,"name":"Home","item":"https:\/\/vapingnet.de\/"},{"@type":"ListItem","position":2,"name":"Shop","item":"https:\/\/vapingnet.de\/vape\/"},{"@type":"ListItem","position":3,"name":"Weltweit meistverkauft Bang 36000 Puffs Mesh Coil Mixed Fruits f\u00fcr ultimativen Dampfspa\u00df"}]},{"@type":"WebSite","@id":"https:\/\/vapingnet.de\/#website","url":"https:\/\/vapingnet.de\/","name":"Vapingnet.de","description":"","publisher":{"@id":"https:\/\/vapingnet.de\/#organization"},"potentialAction":[{"@type":"SearchAction","target":{"@type":"EntryPoint","urlTemplate":"https:\/\/vapingnet.de\/?s={search_term_string}"},"query-input":{"@type":"PropertyValueSpecification","valueRequired":true,"valueName":"search_term_string"}}],"inLanguage":"lt-LT"},{"@type":"Organization","@id":"https:\/\/vapingnet.de\/#organization","name":"Vapingnet.de","url":"https:\/\/vapingnet.de\/","logo":{"@type":"ImageObject","inLanguage":"lt-LT","@id":"https:\/\/vapingnet.de\/#\/schema\/logo\/image\/","url":"https:\/\/vapingnet.de\/wp-content\/uploads\/2025\/03\/cropped-vapingnet.de_.jpg","contentUrl":"https:\/\/vapingnet.de\/wp-content\/uploads\/2025\/03\/cropped-vapingnet.de_.jpg","width":512,"height":512,"caption":"Vapingnet.de"},"image":{"@id":"https:\/\/vapingnet.de\/#\/schema\/logo\/image\/"},"sameAs":["https:\/\/www.facebook.com\/vapingnetde\/"]}]}},"tiered_pricing_type":"fixed","tiered_pricing_fixed_rules":{"8":"10.44","60":"9.40","110":"8.35","200":"7.31"},"tiered_pricing_product_settings":{"layout":"default","base_unit_name":{"singular":null,"plural":null},"default_variation":null},"tiered_pricing_minimum_quantity":null,"tiered_pricing_roles_data":[],"tiered_pricing_percentage_rules":[],"_links":{"self":[{"href":"https:\/\/vapingnet.de\/lt\/wp-json\/wp\/v2\/product\/5288","targetHints":{"allow":["GET"]}}],"collection":[{"href":"https:\/\/vapingnet.de\/lt\/wp-json\/wp\/v2\/product"}],"about":[{"href":"https:\/\/vapingnet.de\/lt\/wp-json\/wp\/v2\/types\/product"}],"version-history":[{"count":1,"href":"https:\/\/vapingnet.de\/lt\/wp-json\/wp\/v2\/product\/5288\/revisions"}],"predecessor-version":[{"id":5291,"href":"https:\/\/vapingnet.de\/lt\/wp-json\/wp\/v2\/product\/5288\/revisions\/5291"}],"wp:featuredmedia":[{"embeddable":true,"href":"https:\/\/vapingnet.de\/lt\/wp-json\/wp\/v2\/media\/5290"}],"wp:attachment":[{"href":"https:\/\/vapingnet.de\/lt\/wp-json\/wp\/v2\/media?parent=5288"}],"wp:term":[{"taxonomy":"brand","embeddable":true,"href":"https:\/\/vapingnet.de\/lt\/wp-json\/wp\/v2\/etheme_brands?post=5288"},{"taxonomy":"product_brand","embeddable":true,"href":"https:\/\/vapingnet.de\/lt\/wp-json\/wp\/v2\/product_brand?post=5288"},{"taxonomy":"product_cat","embeddable":true,"href":"https:\/\/vapingnet.de\/lt\/wp-json\/wp\/v2\/product_cat?post=5288"},{"taxonomy":"product_tag","embeddable":true,"href":"https:\/\/vapingnet.de\/lt\/wp-json\/wp\/v2\/product_tag?post=5288"}],"curies":[{"name":"wp","href":"https:\/\/api.w.org\/{rel}","templated":true}]}}