{"id":5292,"date":"2025-03-14T03:40:16","date_gmt":"2025-03-14T03:40:16","guid":{"rendered":"https:\/\/vapingnet.de\/?post_type=product&#038;p=5292"},"modified":"2025-06-19T03:41:20","modified_gmt":"2025-06-19T03:41:20","slug":"weltweit-meistverkauft-bang-36000-puffs-mesh-coil-mint-ice-direktverkauf-ab-werk","status":"publish","type":"product","link":"https:\/\/vapingnet.de\/lt\/vape\/weltweit-meistverkauft-bang-36000-puffs-mesh-coil-mint-ice-direktverkauf-ab-werk\/","title":{"rendered":"Pasaulyje labiausiai parduodama Bang 36000 R\u016bkali\u0173 Tinklelio Rit\u0117 M\u0117t\u0173 Ledas Visi\u0161kai parduodama i\u0161 gamyklos"},"content":{"rendered":"<h2 data-start=\"0\" data-end=\"93\">Bang King 36000 R\u016b\u0161i\u0173 Tinklelis Rit\u0117 \u2013 itin ilgas tarnavimas, galutinis led\u0173 patirties \u012fsp\u016bdis!<\/h2>\n<p data-start=\"95\" data-end=\"483\">Ar ie\u0161kote galingo, skon\u012f intensyvaus ir ilgai i\u0161liekian\u010dio elektroninio cigareto? Tai <a href=\"https:\/\/vapingnet.de\/lt\/bang-36000-puffs-mesh-coil\/\" target=\"_blank\" rel=\"noopener\"><strong>Bang King 36000 R\u016b\u0161i\u0173 Mesh Coil <\/strong><\/a>yra tikrai tobula pasirinkimas tau! Nesvarbu, ar esi pradedantysis, ar patyr\u0119s garintojas, \u0161is modelis suteiks tau neprilygstam\u0105 garinimo patirt\u012f. Pa\u017ei\u016br\u0117kime dabar \u012f unikalius \u0161ios elektronin\u0117s cigaret\u0117s bruo\u017eus!<\/p>\n<h4 data-start=\"490\" data-end=\"515\">\ud83d\udd25 Produkto savyb\u0117s<\/h4>\n<h5 data-start=\"517\" data-end=\"570\">Itin ilgas tarnavimas, malonumas kiekvieno \u012fkv\u0117pimo metu<\/h5>\n<ul data-start=\"571\" data-end=\"806\">\n<li data-start=\"571\" data-end=\"678\"><a href=\"https:\/\/vapingnet.de\/lt\/k\/vape-36000-zuege\/\" target=\"_blank\" rel=\"noopener\"><strong>36000 \u012fkv\u0117pim\u0173<\/strong><\/a> \u2013 Pamir\u0161k nuolatin\u012f elektronini\u0173 cigare\u010di\u0173 keitim\u0105 ir m\u0117gaukis ilgalaikiu malonumu!<\/li>\n<li data-start=\"679\" data-end=\"806\">40 ml pripildyto elektroninio skys\u010dio \u2013 Didelis talpa, ilgalaikis naudojimas, kad nereik\u0117t\u0173 galvoti apie papildym\u0105.<\/li>\n<\/ul>\n<h5 data-start=\"808\" data-end=\"852\">Galingas veikimas, greiti \u012fkrovimo laikai<\/h5>\n<ul data-start=\"853\" data-end=\"1124\">\n<li data-start=\"853\" data-end=\"994\">\u012erengta 650mAh \u012fkraunama baterija, leid\u017eianti ilgai naudotis be nuolatinio \u012fkrovimo.<\/li>\n<li data-start=\"995\" data-end=\"1124\">Type-C greito \u012fkrovimo jungtis \u2013 \u012fkrauk savo \u012frengin\u012f per trumpiausi\u0105 laik\u0105 ir v\u0117l b\u016bk pasiruo\u0161\u0119s kitam \u012fkv\u0117pimui.<\/li>\n<\/ul>\n<h5 data-start=\"1126\" data-end=\"1176\">Efektyvus garinimas, stiprus gerkl\u0117s poj\u016btis<\/h5>\n<ul data-start=\"1177\" data-end=\"1457\">\n<li data-start=\"1177\" data-end=\"1303\">0,6\u03a9 Sub-Ohm Tinklelis Rit\u0117 \u2013 Tinklelio rit\u0117s dizainas u\u017etikrina intensyvesn\u012f gar\u0105 ir pilnesn\u012f skon\u012f kiekvieno \u012fkv\u0117pimo metu.<\/li>\n<li data-start=\"1304\" data-end=\"1457\">Tiesiogiai \u012f plau\u010dius (DTL) \u2013 Garintojams, kurie m\u0117gsta dideles garo debesys ir stipr\u0173 gerkl\u0117s poj\u016bt\u012f, \u0161is modelis yra tobulas sprendimas.<\/li>\n<\/ul>\n<h5 data-start=\"1459\" data-end=\"1506\">Skirtingi nikotino stiprumai pasirinkimui<\/h5>\n<ul data-start=\"1507\" data-end=\"1621\">\n<li data-start=\"1507\" data-end=\"1621\">Pasirinkite tarp 0\/2\/3\/5% nikotino, kad rastum\u0117te tobul\u0105 stiprum\u0105 pagal savo skon\u012f ir poreikius.<\/li>\n<\/ul>\n<h5 data-start=\"1623\" data-end=\"1653\">\u0160aun\u016bs LED ap\u0161vietimo efektai<\/h5>\n<ul data-start=\"1654\" data-end=\"1822\">\n<li data-start=\"1654\" data-end=\"1822\">LED \u0161viesos \u2013 Kiekvien\u0105 kart\u0105 \u012fkv\u0117pus, \u012fsi\u017eiebia \u0161auni LED \u0161viesa, tai dar labiau paver\u010dia garinim\u0105 \u012f patirt\u012f ir daro j\u016bs\u0173 naudojim\u0105 \u012fdomesn\u012f.<\/li>\n<\/ul>\n<h4 data-start=\"1829\" data-end=\"1876\">\ud83c\udf43 Populiari skoni\u0173 r\u016b\u0161is: M\u0117t\u0173 ledas<\/h4>\n<p data-start=\"1878\" data-end=\"2194\">M\u0117t\u0173 ledas skonis sujungia \u0161vie\u017ei\u0105 m\u0117t\u0105 su ledine \u0161altumu. Kiekvienas \u012fkv\u0117pimas jau\u010diasi kaip gaivus apsilankymas lediniame pasaulyje \u2013 \u0161altas, gaivus ir i\u0161 karto atgaivinantis. Tobula kar\u0161tomis vasaros dienomis arba kai tiesiog reikia ka\u017eko gaivinan\u010dio, M\u0117t\u0173 ledas visada yra geriausias pasirinkimas!<\/p>\n<h3 data-start=\"2201\" data-end=\"2246\">\ud83d\ude80 Kod\u0117l rinktis Bang King 36000 Puffs?<\/h3>\n<ul data-start=\"2248\" data-end=\"2612\">\n<li data-start=\"2248\" data-end=\"2353\">Be muitin\u0117s mokes\u010di\u0173 \u2013 pirkite be pasl\u0117pt\u0173 i\u0161laid\u0173 ir m\u0117gaukit\u0117s be r\u016bpes\u010di\u0173 pirkimo patirtimi.<\/li>\n<li data-start=\"2354\" data-end=\"2449\">Vienkartinio dizaino \u2013 be prie\u017ei\u016bros ar valymo r\u016bpes\u010di\u0173, tiesiog naudokite ir m\u0117gaukit\u0117s.<\/li>\n<li data-start=\"2450\" data-end=\"2612\">Pasirinkite i\u0161 12 skirting\u0173 skoni\u0173 \u2013 ar m\u0117gstate vaisinius, ledinius ar sald\u017eius skonius, Bang King turi k\u0105 pasi\u016blyti kiekvienam.<\/li>\n<\/ul>\n<p data-start=\"2614\" data-end=\"2797\" data-is-only-node=\"\" data-is-last-node=\"\">Apsilankykite dabar m\u016bs\u0173 svetain\u0117je ir i\u0161bandykite \u0161i\u0105 revoliucin\u0119 elektronin\u0119 cigaret\u0119 su itin ilga tarnavimo trukme ir lediniu skoniu!<br data-start=\"2737\" data-end=\"2740\" \/>\ud83d\udd17 Pirkti dabar: <a href=\"https:\/\/vapingnet.de\/lt\/\" target=\"_new\" rel=\"noopener\" data-start=\"2759\" data-end=\"2795\">vapingnet.de<\/a><\/p>","protected":false},"excerpt":{"rendered":"<p>Bang King 36000 Puffs Mesh Coil \u2013 Ultra-lange Haltbarkeit, das ultimative Eis-Erlebnis! Bist du auf der Suche nach einer leistungsstarken, geschmacklich intensiven und langanhaltenden E-Zigarette?&#8230;<\/p>","protected":false},"featured_media":5293,"template":"","meta":[],"etheme_brands":[],"product_brand":[101],"product_cat":[57,49,61],"product_tag":[],"class_list":{"0":"post-5292","1":"product","2":"type-product","3":"status-publish","4":"has-post-thumbnail","6":"product_brand-bang-king-vape","7":"product_cat-vape-36000-zuege","8":"product_cat-einweg-e-zigarette","9":"product_cat-f","11":"first","12":"instock","13":"shipping-taxable","14":"purchasable","15":"product-type-simple"},"yoast_head":"<!-- This site is optimized with the Yoast SEO plugin v26.5 - https:\/\/yoast.com\/wordpress\/plugins\/seo\/ -->\n<title>Weltweit meistverkauft Bang 36000 Puffs Mesh Coil Mint Ice Direktverkauf ab Werk | vapingnet.de<\/title>\n<meta name=\"description\" content=\"Weltweit meistverkauft Bang 36000 Puffs Mesh Coil Mint Ice Direktverkauf ab Werk \u25ba Viele Geschmacksrichtungen &amp; g\u00fcnstig bei vapingnet.de f\u00fcr E-Zigaretten-Liebhaber\" \/>\n<meta name=\"robots\" content=\"index, follow, max-snippet:-1, max-image-preview:large, max-video-preview:-1\" \/>\n<link rel=\"canonical\" href=\"https:\/\/vapingnet.de\/lt\/vape\/weltweit-meistverkauft-bang-36000-puffs-mesh-coil-mint-ice-direktverkauf-ab-werk\/\" \/>\n<meta property=\"og:locale\" content=\"lt_LT\" \/>\n<meta property=\"og:type\" content=\"article\" \/>\n<meta property=\"og:title\" content=\"Weltweit meistverkauft Bang 36000 Puffs Mesh Coil Mint Ice Direktverkauf ab Werk | vapingnet.de\" \/>\n<meta property=\"og:description\" content=\"Weltweit meistverkauft Bang 36000 Puffs Mesh Coil Mint Ice Direktverkauf ab Werk \u25ba Viele Geschmacksrichtungen &amp; g\u00fcnstig bei vapingnet.de f\u00fcr E-Zigaretten-Liebhaber\" \/>\n<meta property=\"og:url\" content=\"https:\/\/vapingnet.de\/lt\/vape\/weltweit-meistverkauft-bang-36000-puffs-mesh-coil-mint-ice-direktverkauf-ab-werk\/\" \/>\n<meta property=\"og:site_name\" content=\"Vapingnet.de\" \/>\n<meta property=\"article:publisher\" content=\"https:\/\/www.facebook.com\/vapingnetde\/\" \/>\n<meta property=\"article:modified_time\" content=\"2025-06-19T03:41:20+00:00\" \/>\n<meta property=\"og:image\" content=\"https:\/\/vapingnet.de\/wp-content\/uploads\/2025\/03\/Mint-Ice.png\" \/>\n\t<meta property=\"og:image:width\" content=\"900\" \/>\n\t<meta property=\"og:image:height\" content=\"600\" \/>\n\t<meta property=\"og:image:type\" content=\"image\/png\" \/>\n<meta name=\"twitter:card\" content=\"summary_large_image\" \/>\n<meta name=\"twitter:label1\" content=\"Est. reading time\" \/>\n\t<meta name=\"twitter:data1\" content=\"3 minutes\" \/>\n<script type=\"application\/ld+json\" class=\"yoast-schema-graph\">{\"@context\":\"https:\/\/schema.org\",\"@graph\":[{\"@type\":\"WebPage\",\"@id\":\"https:\/\/vapingnet.de\/vape\/weltweit-meistverkauft-bang-36000-puffs-mesh-coil-mint-ice-direktverkauf-ab-werk\/\",\"url\":\"https:\/\/vapingnet.de\/vape\/weltweit-meistverkauft-bang-36000-puffs-mesh-coil-mint-ice-direktverkauf-ab-werk\/\",\"name\":\"Weltweit meistverkauft Bang 36000 Puffs Mesh Coil Mint Ice Direktverkauf ab Werk | vapingnet.de\",\"isPartOf\":{\"@id\":\"https:\/\/vapingnet.de\/#website\"},\"primaryImageOfPage\":{\"@id\":\"https:\/\/vapingnet.de\/vape\/weltweit-meistverkauft-bang-36000-puffs-mesh-coil-mint-ice-direktverkauf-ab-werk\/#primaryimage\"},\"image\":{\"@id\":\"https:\/\/vapingnet.de\/vape\/weltweit-meistverkauft-bang-36000-puffs-mesh-coil-mint-ice-direktverkauf-ab-werk\/#primaryimage\"},\"thumbnailUrl\":\"https:\/\/vapingnet.de\/wp-content\/uploads\/2025\/03\/Mint-Ice.png\",\"datePublished\":\"2025-03-14T03:40:16+00:00\",\"dateModified\":\"2025-06-19T03:41:20+00:00\",\"description\":\"Weltweit meistverkauft Bang 36000 Puffs Mesh Coil Mint Ice Direktverkauf ab Werk \u25ba Viele Geschmacksrichtungen & g\u00fcnstig bei vapingnet.de f\u00fcr E-Zigaretten-Liebhaber\",\"breadcrumb\":{\"@id\":\"https:\/\/vapingnet.de\/vape\/weltweit-meistverkauft-bang-36000-puffs-mesh-coil-mint-ice-direktverkauf-ab-werk\/#breadcrumb\"},\"inLanguage\":\"lt-LT\",\"potentialAction\":[{\"@type\":\"ReadAction\",\"target\":[\"https:\/\/vapingnet.de\/vape\/weltweit-meistverkauft-bang-36000-puffs-mesh-coil-mint-ice-direktverkauf-ab-werk\/\"]}]},{\"@type\":\"ImageObject\",\"inLanguage\":\"lt-LT\",\"@id\":\"https:\/\/vapingnet.de\/vape\/weltweit-meistverkauft-bang-36000-puffs-mesh-coil-mint-ice-direktverkauf-ab-werk\/#primaryimage\",\"url\":\"https:\/\/vapingnet.de\/wp-content\/uploads\/2025\/03\/Mint-Ice.png\",\"contentUrl\":\"https:\/\/vapingnet.de\/wp-content\/uploads\/2025\/03\/Mint-Ice.png\",\"width\":900,\"height\":600,\"caption\":\"Mint Ice\"},{\"@type\":\"BreadcrumbList\",\"@id\":\"https:\/\/vapingnet.de\/vape\/weltweit-meistverkauft-bang-36000-puffs-mesh-coil-mint-ice-direktverkauf-ab-werk\/#breadcrumb\",\"itemListElement\":[{\"@type\":\"ListItem\",\"position\":1,\"name\":\"Home\",\"item\":\"https:\/\/vapingnet.de\/\"},{\"@type\":\"ListItem\",\"position\":2,\"name\":\"Shop\",\"item\":\"https:\/\/vapingnet.de\/vape\/\"},{\"@type\":\"ListItem\",\"position\":3,\"name\":\"Weltweit meistverkauft Bang 36000 Puffs Mesh Coil Mint Ice Direktverkauf ab Werk\"}]},{\"@type\":\"WebSite\",\"@id\":\"https:\/\/vapingnet.de\/#website\",\"url\":\"https:\/\/vapingnet.de\/\",\"name\":\"Vapingnet.de\",\"description\":\"\",\"publisher\":{\"@id\":\"https:\/\/vapingnet.de\/#organization\"},\"potentialAction\":[{\"@type\":\"SearchAction\",\"target\":{\"@type\":\"EntryPoint\",\"urlTemplate\":\"https:\/\/vapingnet.de\/?s={search_term_string}\"},\"query-input\":{\"@type\":\"PropertyValueSpecification\",\"valueRequired\":true,\"valueName\":\"search_term_string\"}}],\"inLanguage\":\"lt-LT\"},{\"@type\":\"Organization\",\"@id\":\"https:\/\/vapingnet.de\/#organization\",\"name\":\"Vapingnet.de\",\"url\":\"https:\/\/vapingnet.de\/\",\"logo\":{\"@type\":\"ImageObject\",\"inLanguage\":\"lt-LT\",\"@id\":\"https:\/\/vapingnet.de\/#\/schema\/logo\/image\/\",\"url\":\"https:\/\/vapingnet.de\/wp-content\/uploads\/2025\/03\/cropped-vapingnet.de_.jpg\",\"contentUrl\":\"https:\/\/vapingnet.de\/wp-content\/uploads\/2025\/03\/cropped-vapingnet.de_.jpg\",\"width\":512,\"height\":512,\"caption\":\"Vapingnet.de\"},\"image\":{\"@id\":\"https:\/\/vapingnet.de\/#\/schema\/logo\/image\/\"},\"sameAs\":[\"https:\/\/www.facebook.com\/vapingnetde\/\"]}]}<\/script>\n<!-- \/ Yoast SEO plugin. -->","yoast_head_json":{"title":"Weltweit meistverkauft Bang 36000 Puffs Mesh Coil Mint Ice Direktverkauf ab Werk | vapingnet.de","description":"Weltweit meistverkauft Bang 36000 Puffs Mesh Coil Mint Ice Direktverkauf ab Werk \u25ba Viele Geschmacksrichtungen & g\u00fcnstig bei vapingnet.de f\u00fcr E-Zigaretten-Liebhaber","robots":{"index":"index","follow":"follow","max-snippet":"max-snippet:-1","max-image-preview":"max-image-preview:large","max-video-preview":"max-video-preview:-1"},"canonical":"https:\/\/vapingnet.de\/lt\/vape\/weltweit-meistverkauft-bang-36000-puffs-mesh-coil-mint-ice-direktverkauf-ab-werk\/","og_locale":"lt_LT","og_type":"article","og_title":"Weltweit meistverkauft Bang 36000 Puffs Mesh Coil Mint Ice Direktverkauf ab Werk | vapingnet.de","og_description":"Weltweit meistverkauft Bang 36000 Puffs Mesh Coil Mint Ice Direktverkauf ab Werk \u25ba Viele Geschmacksrichtungen & g\u00fcnstig bei vapingnet.de f\u00fcr E-Zigaretten-Liebhaber","og_url":"https:\/\/vapingnet.de\/lt\/vape\/weltweit-meistverkauft-bang-36000-puffs-mesh-coil-mint-ice-direktverkauf-ab-werk\/","og_site_name":"Vapingnet.de","article_publisher":"https:\/\/www.facebook.com\/vapingnetde\/","article_modified_time":"2025-06-19T03:41:20+00:00","og_image":[{"width":900,"height":600,"url":"https:\/\/vapingnet.de\/wp-content\/uploads\/2025\/03\/Mint-Ice.png","type":"image\/png"}],"twitter_card":"summary_large_image","twitter_misc":{"Est. reading time":"3 minutes"},"schema":{"@context":"https:\/\/schema.org","@graph":[{"@type":"WebPage","@id":"https:\/\/vapingnet.de\/vape\/weltweit-meistverkauft-bang-36000-puffs-mesh-coil-mint-ice-direktverkauf-ab-werk\/","url":"https:\/\/vapingnet.de\/vape\/weltweit-meistverkauft-bang-36000-puffs-mesh-coil-mint-ice-direktverkauf-ab-werk\/","name":"Weltweit meistverkauft Bang 36000 Puffs Mesh Coil Mint Ice Direktverkauf ab Werk | vapingnet.de","isPartOf":{"@id":"https:\/\/vapingnet.de\/#website"},"primaryImageOfPage":{"@id":"https:\/\/vapingnet.de\/vape\/weltweit-meistverkauft-bang-36000-puffs-mesh-coil-mint-ice-direktverkauf-ab-werk\/#primaryimage"},"image":{"@id":"https:\/\/vapingnet.de\/vape\/weltweit-meistverkauft-bang-36000-puffs-mesh-coil-mint-ice-direktverkauf-ab-werk\/#primaryimage"},"thumbnailUrl":"https:\/\/vapingnet.de\/wp-content\/uploads\/2025\/03\/Mint-Ice.png","datePublished":"2025-03-14T03:40:16+00:00","dateModified":"2025-06-19T03:41:20+00:00","description":"Weltweit meistverkauft Bang 36000 Puffs Mesh Coil Mint Ice Direktverkauf ab Werk \u25ba Viele Geschmacksrichtungen & g\u00fcnstig bei vapingnet.de f\u00fcr E-Zigaretten-Liebhaber","breadcrumb":{"@id":"https:\/\/vapingnet.de\/vape\/weltweit-meistverkauft-bang-36000-puffs-mesh-coil-mint-ice-direktverkauf-ab-werk\/#breadcrumb"},"inLanguage":"lt-LT","potentialAction":[{"@type":"ReadAction","target":["https:\/\/vapingnet.de\/vape\/weltweit-meistverkauft-bang-36000-puffs-mesh-coil-mint-ice-direktverkauf-ab-werk\/"]}]},{"@type":"ImageObject","inLanguage":"lt-LT","@id":"https:\/\/vapingnet.de\/vape\/weltweit-meistverkauft-bang-36000-puffs-mesh-coil-mint-ice-direktverkauf-ab-werk\/#primaryimage","url":"https:\/\/vapingnet.de\/wp-content\/uploads\/2025\/03\/Mint-Ice.png","contentUrl":"https:\/\/vapingnet.de\/wp-content\/uploads\/2025\/03\/Mint-Ice.png","width":900,"height":600,"caption":"Mint Ice"},{"@type":"BreadcrumbList","@id":"https:\/\/vapingnet.de\/vape\/weltweit-meistverkauft-bang-36000-puffs-mesh-coil-mint-ice-direktverkauf-ab-werk\/#breadcrumb","itemListElement":[{"@type":"ListItem","position":1,"name":"Home","item":"https:\/\/vapingnet.de\/"},{"@type":"ListItem","position":2,"name":"Shop","item":"https:\/\/vapingnet.de\/vape\/"},{"@type":"ListItem","position":3,"name":"Weltweit meistverkauft Bang 36000 Puffs Mesh Coil Mint Ice Direktverkauf ab Werk"}]},{"@type":"WebSite","@id":"https:\/\/vapingnet.de\/#website","url":"https:\/\/vapingnet.de\/","name":"Vapingnet.de","description":"","publisher":{"@id":"https:\/\/vapingnet.de\/#organization"},"potentialAction":[{"@type":"SearchAction","target":{"@type":"EntryPoint","urlTemplate":"https:\/\/vapingnet.de\/?s={search_term_string}"},"query-input":{"@type":"PropertyValueSpecification","valueRequired":true,"valueName":"search_term_string"}}],"inLanguage":"lt-LT"},{"@type":"Organization","@id":"https:\/\/vapingnet.de\/#organization","name":"Vapingnet.de","url":"https:\/\/vapingnet.de\/","logo":{"@type":"ImageObject","inLanguage":"lt-LT","@id":"https:\/\/vapingnet.de\/#\/schema\/logo\/image\/","url":"https:\/\/vapingnet.de\/wp-content\/uploads\/2025\/03\/cropped-vapingnet.de_.jpg","contentUrl":"https:\/\/vapingnet.de\/wp-content\/uploads\/2025\/03\/cropped-vapingnet.de_.jpg","width":512,"height":512,"caption":"Vapingnet.de"},"image":{"@id":"https:\/\/vapingnet.de\/#\/schema\/logo\/image\/"},"sameAs":["https:\/\/www.facebook.com\/vapingnetde\/"]}]}},"tiered_pricing_type":"fixed","tiered_pricing_fixed_rules":{"8":"10.44","60":"9.40","110":"8.35","200":"7.31"},"tiered_pricing_product_settings":{"layout":"default","base_unit_name":{"singular":null,"plural":null},"default_variation":null},"tiered_pricing_minimum_quantity":null,"tiered_pricing_roles_data":[],"tiered_pricing_percentage_rules":[],"_links":{"self":[{"href":"https:\/\/vapingnet.de\/lt\/wp-json\/wp\/v2\/product\/5292","targetHints":{"allow":["GET"]}}],"collection":[{"href":"https:\/\/vapingnet.de\/lt\/wp-json\/wp\/v2\/product"}],"about":[{"href":"https:\/\/vapingnet.de\/lt\/wp-json\/wp\/v2\/types\/product"}],"version-history":[{"count":1,"href":"https:\/\/vapingnet.de\/lt\/wp-json\/wp\/v2\/product\/5292\/revisions"}],"predecessor-version":[{"id":5294,"href":"https:\/\/vapingnet.de\/lt\/wp-json\/wp\/v2\/product\/5292\/revisions\/5294"}],"wp:featuredmedia":[{"embeddable":true,"href":"https:\/\/vapingnet.de\/lt\/wp-json\/wp\/v2\/media\/5293"}],"wp:attachment":[{"href":"https:\/\/vapingnet.de\/lt\/wp-json\/wp\/v2\/media?parent=5292"}],"wp:term":[{"taxonomy":"brand","embeddable":true,"href":"https:\/\/vapingnet.de\/lt\/wp-json\/wp\/v2\/etheme_brands?post=5292"},{"taxonomy":"product_brand","embeddable":true,"href":"https:\/\/vapingnet.de\/lt\/wp-json\/wp\/v2\/product_brand?post=5292"},{"taxonomy":"product_cat","embeddable":true,"href":"https:\/\/vapingnet.de\/lt\/wp-json\/wp\/v2\/product_cat?post=5292"},{"taxonomy":"product_tag","embeddable":true,"href":"https:\/\/vapingnet.de\/lt\/wp-json\/wp\/v2\/product_tag?post=5292"}],"curies":[{"name":"wp","href":"https:\/\/api.w.org\/{rel}","templated":true}]}}