{"id":5300,"date":"2025-03-14T05:38:14","date_gmt":"2025-03-14T05:38:14","guid":{"rendered":"https:\/\/vapingnet.de\/?post_type=product&#038;p=5300"},"modified":"2025-06-19T03:41:19","modified_gmt":"2025-06-19T03:41:19","slug":"bang-36000-puffs-mesh-coil-grape-ice-einweg-e-zigarette-zum-grosshandelspreis","status":"publish","type":"product","link":"https:\/\/vapingnet.de\/lt\/vape\/bang-36000-puffs-mesh-coil-grape-ice-einweg-e-zigarette-zum-grosshandelspreis\/","title":{"rendered":"Bang 36000 R\u016bkali\u0173 Tinklelio Rit\u0117 Vynuog\u0117s Ledas Vienkartin\u0117 elektronin\u0117 cigaret\u0117 u\u017e didmenin\u0117s kainos"},"content":{"rendered":"<h2 data-start=\"0\" data-end=\"77\">Bang King 36000 R\u016b\u0161i\u0173 Mesh Coil \u2013 Maksimali i\u0161tverm\u0117, \u0161altas malonumas<\/h2>\n<p data-start=\"144\" data-end=\"452\">Jis <a href=\"https:\/\/vapingnet.de\/lt\/bang-36000-puffs-mesh-coil\/\" target=\"_blank\" rel=\"noopener\"><strong>Bang King 36000 R\u016b\u0161i\u0173 Mesh Coil<\/strong><\/a> nustato naujus standartus d\u016bmavimo pasaulyje! Su galinga technologija, itin ilgaam\u017ei\u0161kumu ir intensyviu skoniu \u0161is \u012frenginys si\u016blo neprilygstam\u0105 d\u016bmavimo patirt\u012f. Nesvarbu, ar tankus d\u016bmas, ar \u0161velnus gerkl\u0117s poj\u016btis \u2013 \u010dia gausi abu tobulai!<\/p>\n<h4 data-start=\"459\" data-end=\"518\">\ud83d\udd25 Galingos funkcijos galutiniam malonumui<\/h4>\n<p data-start=\"520\" data-end=\"719\">\u2714 Maksimalus gar\u0173 kiekis ir tiesioginis \u012fkv\u0117pimas \u012f plau\u010dius (DTL) \u2013 Inovatyvus 0,6\u03a9 sub-Ohm Mesh Coil u\u017etikrina tank\u0173 d\u016bm\u0105 ir sustiprina aromat\u0105, suteikdamas nepamir\u0161tam\u0105 skonio patirt\u012f.<\/p>\n<p data-start=\"721\" data-end=\"971\">\u2714 Mil\u017eini\u0161kas talpumas ilgalaikiam d\u016bmavimui \u2013 Su 40 ml pripildyto skys\u010dio ir \u012fkraunamu 650mAh akumuliatoriumi Bang King garantuoja iki <a href=\"https:\/\/vapingnet.de\/lt\/k\/vape-36000-zuege\/\" target=\"_blank\" rel=\"noopener\"><strong>36 000 \u012fkv\u0117pim\u0173<\/strong><\/a>, kad gal\u0117tum m\u0117gautis m\u0117nesius be nuolatinio papildymo.<\/p>\n<p data-start=\"973\" data-end=\"1104\">\u2714 Lankstus nikotino stiprumo pasirinkimas \u2013 Pasirink tarp 0%, 2%, 3% ar 5% nikotino, priklausomai nuo tavo asmenini\u0173 pageidavim\u0173.<\/p>\n<p data-start=\"1106\" data-end=\"1229\">\u2714 Greitas \u012fkrovimas per Type-C jungt\u012f \u2013 Efektyvus \u012fkrovimas be pertrauk\u0173, nesvarbu, kur esi.<\/p>\n<p data-start=\"1231\" data-end=\"1364\">\u2714 LED spalvotas ap\u0161vietimas stilingam vaizdui \u2013 Stilingi \u0161viesos efektai kiekvieno \u012fkv\u0117pimo metu suteikia futuristin\u0119 d\u016bmavimo patirt\u012f.<\/p>\n<p data-start=\"1366\" data-end=\"1489\">\u2714 Vienkartinis dizainas \u2013 Nereikia prie\u017ei\u016bros \u2013 Nereikia papildyti ar valyti, tiesiog i\u0161pakuok ir prad\u0117k d\u016bminti!<\/p>\n<p data-start=\"1491\" data-end=\"1585\">\u2714 Be muit\u0173 u\u017esakymas \u2013 Joki\u0173 papildom\u0173 muit\u0173 mokes\u010di\u0173, paprasta ir be r\u016bpes\u010di\u0173 m\u0117gautis!<\/p>\n<h4 data-start=\"1592\" data-end=\"1636\">\ud83c\udf47 Skonio rekomendacija: Vynuogi\u0173 ledas<\/h4>\n<p data-start=\"1637\" data-end=\"1817\">Bang King 36000 R\u016b\u0161i\u0173 dabar prieinama nauja, gaivi vynuogi\u0173 led\u0173 skonio versija \u2013 tobula sald\u017ei\u0173 vaisi\u0173 ir ledinio gaivumo kombinacija!<\/p>\n<p data-start=\"1819\" data-end=\"2179\">\u2728 Intensyvus vynuogi\u0173 aromatas \u2013 Kiekvienas \u012fkv\u0117pimas atskleid\u017eia sulting\u0105, nat\u016bral\u0173 subrendusios vynuog\u0117s aromat\u0105 ir suteikia maloni\u0105 saldum\u0105 be dirbtinio poskonio.<br data-start=\"1981\" data-end=\"1984\" \/>\u2744 Ledinis gaivumas \u2013 \u0160altas tonas suteikia skoniui gaivios gilumos ir paver\u010dia kiekvien\u0105 \u012fkv\u0117pim\u0105 gaivinan\u010dia patirtimi \u2013 tobulas kar\u0161tomis dienomis ar kaip kasdienis gaivumo \u0161altinis!<\/p>\n<p data-start=\"2181\" data-end=\"2295\">Jei m\u0117gsti vaisinius skonius su gaiviu poskoniu, vynuogi\u0173 ledas yra tavo tobulas pasirinkimas!<\/p>\n<h3 data-start=\"2302\" data-end=\"2342\">\ud83d\ude80 Kod\u0117l Bang King 36000 R\u016b\u0161i\u0173?<\/h3>\n<p data-start=\"2344\" data-end=\"2658\">\u2705 Ekstremaliai ilga tarnavimo trukm\u0117 \u2013 iki 36 000 \u012fkv\u0117pim\u0173<br data-start=\"2395\" data-end=\"2398\" \/>\u2705 N\u0117ra prie\u017ei\u016bros \u2013 vienkartinio dizaino maksimalus patogumas<br data-start=\"2455\" data-end=\"2458\" \/>\u2705 Auk\u0161tos kokyb\u0117s tinklelio rit\u0117 intensyviam skoniui ir tankiam garui<br data-start=\"2528\" data-end=\"2531\" \/>\u2705 12 skani\u0173 skoni\u0173 pasirinkimui<br data-start=\"2580\" data-end=\"2583\" \/>\u2705 D\u016bmink bet kada ir bet kur \u2013 siekiant geriausios vaping patirties<\/p>\n<p data-start=\"2660\" data-end=\"2778\">Apsilankykite dabar m\u016bs\u0173 svetain\u0117je ir \u012fsigykite savo Bang King 36000 Puffs tinklelio rit\u0119 u\u017e geriausi\u0105 d\u016bmavimo patirt\u012f!<\/p>\n<p data-start=\"2780\" data-end=\"2840\" data-is-last-node=\"\" data-is-only-node=\"\">\ud83d\udd17 U\u017esisakykite dabar: <a href=\"https:\/\/vapingnet.de\/lt\/\" target=\"_new\" rel=\"noopener\" data-start=\"2802\" data-end=\"2838\">vapingnet.de<\/a><\/p>","protected":false},"excerpt":{"rendered":"<p>Bang King 36000 R\u016bkali\u0173 tinklelis su Mesh Coil \u2013 maksimalus i\u0161tverm\u0117s, \u0161altas malonumas. Bang King 36000 R\u016bkali\u0173 tinklelis su Mesh Coil nustato naujus standartus elektronini\u0173 cigare\u010di\u0173 pasaulyje...<\/p>","protected":false},"featured_media":5301,"template":"","meta":[],"etheme_brands":[],"product_brand":[101],"product_cat":[57,49,61],"product_tag":[],"class_list":{"0":"post-5300","1":"product","2":"type-product","3":"status-publish","4":"has-post-thumbnail","6":"product_brand-bang-king-vape","7":"product_cat-vape-36000-zuege","8":"product_cat-einweg-e-zigarette","9":"product_cat-f","11":"first","12":"instock","13":"shipping-taxable","14":"purchasable","15":"product-type-simple"},"yoast_head":"<!-- This site is optimized with the Yoast SEO plugin v26.5 - https:\/\/yoast.com\/wordpress\/plugins\/seo\/ -->\n<title>Bang 36000 Puffs Mesh Coil Grape Ice Einweg E-Zigarette zum Gro\u00dfhandelspreis | Vapingnet.de<\/title>\n<meta name=\"description\" content=\"Entdecke Bang 36000 Puffs Mesh Coil Grape Ice Einweg E-Zigarette zum Gro\u00dfhandelspreis bei vapingnet.de, \u25ba Gro\u00dfe Auswahl an Geschmacksrichtungen &amp; super g\u00fcnstig!\" \/>\n<meta name=\"robots\" content=\"index, follow, max-snippet:-1, max-image-preview:large, max-video-preview:-1\" \/>\n<link rel=\"canonical\" href=\"https:\/\/vapingnet.de\/lt\/vape\/bang-36000-puffs-mesh-coil-grape-ice-einweg-e-zigarette-zum-grosshandelspreis\/\" \/>\n<meta property=\"og:locale\" content=\"lt_LT\" \/>\n<meta property=\"og:type\" content=\"article\" \/>\n<meta property=\"og:title\" content=\"Bang 36000 Puffs Mesh Coil Grape Ice Einweg E-Zigarette zum Gro\u00dfhandelspreis | Vapingnet.de\" \/>\n<meta property=\"og:description\" content=\"Entdecke Bang 36000 Puffs Mesh Coil Grape Ice Einweg E-Zigarette zum Gro\u00dfhandelspreis bei vapingnet.de, \u25ba Gro\u00dfe Auswahl an Geschmacksrichtungen &amp; super g\u00fcnstig!\" \/>\n<meta property=\"og:url\" content=\"https:\/\/vapingnet.de\/lt\/vape\/bang-36000-puffs-mesh-coil-grape-ice-einweg-e-zigarette-zum-grosshandelspreis\/\" \/>\n<meta property=\"og:site_name\" content=\"Vapingnet.de\" \/>\n<meta property=\"article:publisher\" content=\"https:\/\/www.facebook.com\/vapingnetde\/\" \/>\n<meta property=\"article:modified_time\" content=\"2025-06-19T03:41:19+00:00\" \/>\n<meta property=\"og:image\" content=\"https:\/\/vapingnet.de\/wp-content\/uploads\/2025\/03\/Grape-Ice.png\" \/>\n\t<meta property=\"og:image:width\" content=\"900\" \/>\n\t<meta property=\"og:image:height\" content=\"600\" \/>\n\t<meta property=\"og:image:type\" content=\"image\/png\" \/>\n<meta name=\"twitter:card\" content=\"summary_large_image\" \/>\n<meta name=\"twitter:label1\" content=\"Est. reading time\" \/>\n\t<meta name=\"twitter:data1\" content=\"3 minutes\" \/>\n<script type=\"application\/ld+json\" class=\"yoast-schema-graph\">{\"@context\":\"https:\/\/schema.org\",\"@graph\":[{\"@type\":\"WebPage\",\"@id\":\"https:\/\/vapingnet.de\/vape\/bang-36000-puffs-mesh-coil-grape-ice-einweg-e-zigarette-zum-grosshandelspreis\/\",\"url\":\"https:\/\/vapingnet.de\/vape\/bang-36000-puffs-mesh-coil-grape-ice-einweg-e-zigarette-zum-grosshandelspreis\/\",\"name\":\"Bang 36000 Puffs Mesh Coil Grape Ice Einweg E-Zigarette zum Gro\u00dfhandelspreis | Vapingnet.de\",\"isPartOf\":{\"@id\":\"https:\/\/vapingnet.de\/#website\"},\"primaryImageOfPage\":{\"@id\":\"https:\/\/vapingnet.de\/vape\/bang-36000-puffs-mesh-coil-grape-ice-einweg-e-zigarette-zum-grosshandelspreis\/#primaryimage\"},\"image\":{\"@id\":\"https:\/\/vapingnet.de\/vape\/bang-36000-puffs-mesh-coil-grape-ice-einweg-e-zigarette-zum-grosshandelspreis\/#primaryimage\"},\"thumbnailUrl\":\"https:\/\/vapingnet.de\/wp-content\/uploads\/2025\/03\/Grape-Ice.png\",\"datePublished\":\"2025-03-14T05:38:14+00:00\",\"dateModified\":\"2025-06-19T03:41:19+00:00\",\"description\":\"Entdecke Bang 36000 Puffs Mesh Coil Grape Ice Einweg E-Zigarette zum Gro\u00dfhandelspreis bei vapingnet.de, \u25ba Gro\u00dfe Auswahl an Geschmacksrichtungen & super g\u00fcnstig!\",\"breadcrumb\":{\"@id\":\"https:\/\/vapingnet.de\/vape\/bang-36000-puffs-mesh-coil-grape-ice-einweg-e-zigarette-zum-grosshandelspreis\/#breadcrumb\"},\"inLanguage\":\"lt-LT\",\"potentialAction\":[{\"@type\":\"ReadAction\",\"target\":[\"https:\/\/vapingnet.de\/vape\/bang-36000-puffs-mesh-coil-grape-ice-einweg-e-zigarette-zum-grosshandelspreis\/\"]}]},{\"@type\":\"ImageObject\",\"inLanguage\":\"lt-LT\",\"@id\":\"https:\/\/vapingnet.de\/vape\/bang-36000-puffs-mesh-coil-grape-ice-einweg-e-zigarette-zum-grosshandelspreis\/#primaryimage\",\"url\":\"https:\/\/vapingnet.de\/wp-content\/uploads\/2025\/03\/Grape-Ice.png\",\"contentUrl\":\"https:\/\/vapingnet.de\/wp-content\/uploads\/2025\/03\/Grape-Ice.png\",\"width\":900,\"height\":600,\"caption\":\"Grape Ice\"},{\"@type\":\"BreadcrumbList\",\"@id\":\"https:\/\/vapingnet.de\/vape\/bang-36000-puffs-mesh-coil-grape-ice-einweg-e-zigarette-zum-grosshandelspreis\/#breadcrumb\",\"itemListElement\":[{\"@type\":\"ListItem\",\"position\":1,\"name\":\"Home\",\"item\":\"https:\/\/vapingnet.de\/\"},{\"@type\":\"ListItem\",\"position\":2,\"name\":\"Shop\",\"item\":\"https:\/\/vapingnet.de\/vape\/\"},{\"@type\":\"ListItem\",\"position\":3,\"name\":\"Bang 36000 Puffs Mesh Coil Grape Ice Einweg E-Zigarette zum Gro\u00dfhandelspreis\"}]},{\"@type\":\"WebSite\",\"@id\":\"https:\/\/vapingnet.de\/#website\",\"url\":\"https:\/\/vapingnet.de\/\",\"name\":\"Vapingnet.de\",\"description\":\"\",\"publisher\":{\"@id\":\"https:\/\/vapingnet.de\/#organization\"},\"potentialAction\":[{\"@type\":\"SearchAction\",\"target\":{\"@type\":\"EntryPoint\",\"urlTemplate\":\"https:\/\/vapingnet.de\/?s={search_term_string}\"},\"query-input\":{\"@type\":\"PropertyValueSpecification\",\"valueRequired\":true,\"valueName\":\"search_term_string\"}}],\"inLanguage\":\"lt-LT\"},{\"@type\":\"Organization\",\"@id\":\"https:\/\/vapingnet.de\/#organization\",\"name\":\"Vapingnet.de\",\"url\":\"https:\/\/vapingnet.de\/\",\"logo\":{\"@type\":\"ImageObject\",\"inLanguage\":\"lt-LT\",\"@id\":\"https:\/\/vapingnet.de\/#\/schema\/logo\/image\/\",\"url\":\"https:\/\/vapingnet.de\/wp-content\/uploads\/2025\/03\/cropped-vapingnet.de_.jpg\",\"contentUrl\":\"https:\/\/vapingnet.de\/wp-content\/uploads\/2025\/03\/cropped-vapingnet.de_.jpg\",\"width\":512,\"height\":512,\"caption\":\"Vapingnet.de\"},\"image\":{\"@id\":\"https:\/\/vapingnet.de\/#\/schema\/logo\/image\/\"},\"sameAs\":[\"https:\/\/www.facebook.com\/vapingnetde\/\"]}]}<\/script>\n<!-- \/ Yoast SEO plugin. -->","yoast_head_json":{"title":"Bang 36000 Puffs Mesh Coil Grape Ice Einweg E-Zigarette zum Gro\u00dfhandelspreis | Vapingnet.de","description":"Entdecke Bang 36000 Puffs Mesh Coil Grape Ice Einweg E-Zigarette zum Gro\u00dfhandelspreis bei vapingnet.de, \u25ba Gro\u00dfe Auswahl an Geschmacksrichtungen & super g\u00fcnstig!","robots":{"index":"index","follow":"follow","max-snippet":"max-snippet:-1","max-image-preview":"max-image-preview:large","max-video-preview":"max-video-preview:-1"},"canonical":"https:\/\/vapingnet.de\/lt\/vape\/bang-36000-puffs-mesh-coil-grape-ice-einweg-e-zigarette-zum-grosshandelspreis\/","og_locale":"lt_LT","og_type":"article","og_title":"Bang 36000 Puffs Mesh Coil Grape Ice Einweg E-Zigarette zum Gro\u00dfhandelspreis | Vapingnet.de","og_description":"Entdecke Bang 36000 Puffs Mesh Coil Grape Ice Einweg E-Zigarette zum Gro\u00dfhandelspreis bei vapingnet.de, \u25ba Gro\u00dfe Auswahl an Geschmacksrichtungen & super g\u00fcnstig!","og_url":"https:\/\/vapingnet.de\/lt\/vape\/bang-36000-puffs-mesh-coil-grape-ice-einweg-e-zigarette-zum-grosshandelspreis\/","og_site_name":"Vapingnet.de","article_publisher":"https:\/\/www.facebook.com\/vapingnetde\/","article_modified_time":"2025-06-19T03:41:19+00:00","og_image":[{"width":900,"height":600,"url":"https:\/\/vapingnet.de\/wp-content\/uploads\/2025\/03\/Grape-Ice.png","type":"image\/png"}],"twitter_card":"summary_large_image","twitter_misc":{"Est. reading time":"3 minutes"},"schema":{"@context":"https:\/\/schema.org","@graph":[{"@type":"WebPage","@id":"https:\/\/vapingnet.de\/vape\/bang-36000-puffs-mesh-coil-grape-ice-einweg-e-zigarette-zum-grosshandelspreis\/","url":"https:\/\/vapingnet.de\/vape\/bang-36000-puffs-mesh-coil-grape-ice-einweg-e-zigarette-zum-grosshandelspreis\/","name":"Bang 36000 Puffs Mesh Coil Grape Ice Einweg E-Zigarette zum Gro\u00dfhandelspreis | Vapingnet.de","isPartOf":{"@id":"https:\/\/vapingnet.de\/#website"},"primaryImageOfPage":{"@id":"https:\/\/vapingnet.de\/vape\/bang-36000-puffs-mesh-coil-grape-ice-einweg-e-zigarette-zum-grosshandelspreis\/#primaryimage"},"image":{"@id":"https:\/\/vapingnet.de\/vape\/bang-36000-puffs-mesh-coil-grape-ice-einweg-e-zigarette-zum-grosshandelspreis\/#primaryimage"},"thumbnailUrl":"https:\/\/vapingnet.de\/wp-content\/uploads\/2025\/03\/Grape-Ice.png","datePublished":"2025-03-14T05:38:14+00:00","dateModified":"2025-06-19T03:41:19+00:00","description":"Entdecke Bang 36000 Puffs Mesh Coil Grape Ice Einweg E-Zigarette zum Gro\u00dfhandelspreis bei vapingnet.de, \u25ba Gro\u00dfe Auswahl an Geschmacksrichtungen & super g\u00fcnstig!","breadcrumb":{"@id":"https:\/\/vapingnet.de\/vape\/bang-36000-puffs-mesh-coil-grape-ice-einweg-e-zigarette-zum-grosshandelspreis\/#breadcrumb"},"inLanguage":"lt-LT","potentialAction":[{"@type":"ReadAction","target":["https:\/\/vapingnet.de\/vape\/bang-36000-puffs-mesh-coil-grape-ice-einweg-e-zigarette-zum-grosshandelspreis\/"]}]},{"@type":"ImageObject","inLanguage":"lt-LT","@id":"https:\/\/vapingnet.de\/vape\/bang-36000-puffs-mesh-coil-grape-ice-einweg-e-zigarette-zum-grosshandelspreis\/#primaryimage","url":"https:\/\/vapingnet.de\/wp-content\/uploads\/2025\/03\/Grape-Ice.png","contentUrl":"https:\/\/vapingnet.de\/wp-content\/uploads\/2025\/03\/Grape-Ice.png","width":900,"height":600,"caption":"Grape Ice"},{"@type":"BreadcrumbList","@id":"https:\/\/vapingnet.de\/vape\/bang-36000-puffs-mesh-coil-grape-ice-einweg-e-zigarette-zum-grosshandelspreis\/#breadcrumb","itemListElement":[{"@type":"ListItem","position":1,"name":"Home","item":"https:\/\/vapingnet.de\/"},{"@type":"ListItem","position":2,"name":"Shop","item":"https:\/\/vapingnet.de\/vape\/"},{"@type":"ListItem","position":3,"name":"Bang 36000 Puffs Mesh Coil Grape Ice Einweg E-Zigarette zum Gro\u00dfhandelspreis"}]},{"@type":"WebSite","@id":"https:\/\/vapingnet.de\/#website","url":"https:\/\/vapingnet.de\/","name":"Vapingnet.de","description":"","publisher":{"@id":"https:\/\/vapingnet.de\/#organization"},"potentialAction":[{"@type":"SearchAction","target":{"@type":"EntryPoint","urlTemplate":"https:\/\/vapingnet.de\/?s={search_term_string}"},"query-input":{"@type":"PropertyValueSpecification","valueRequired":true,"valueName":"search_term_string"}}],"inLanguage":"lt-LT"},{"@type":"Organization","@id":"https:\/\/vapingnet.de\/#organization","name":"Vapingnet.de","url":"https:\/\/vapingnet.de\/","logo":{"@type":"ImageObject","inLanguage":"lt-LT","@id":"https:\/\/vapingnet.de\/#\/schema\/logo\/image\/","url":"https:\/\/vapingnet.de\/wp-content\/uploads\/2025\/03\/cropped-vapingnet.de_.jpg","contentUrl":"https:\/\/vapingnet.de\/wp-content\/uploads\/2025\/03\/cropped-vapingnet.de_.jpg","width":512,"height":512,"caption":"Vapingnet.de"},"image":{"@id":"https:\/\/vapingnet.de\/#\/schema\/logo\/image\/"},"sameAs":["https:\/\/www.facebook.com\/vapingnetde\/"]}]}},"tiered_pricing_type":"fixed","tiered_pricing_fixed_rules":{"8":"10.44","60":"9.40","110":"8.35","200":"7.31"},"tiered_pricing_product_settings":{"layout":"default","base_unit_name":{"singular":null,"plural":null},"default_variation":null},"tiered_pricing_minimum_quantity":null,"tiered_pricing_roles_data":[],"tiered_pricing_percentage_rules":[],"_links":{"self":[{"href":"https:\/\/vapingnet.de\/lt\/wp-json\/wp\/v2\/product\/5300","targetHints":{"allow":["GET"]}}],"collection":[{"href":"https:\/\/vapingnet.de\/lt\/wp-json\/wp\/v2\/product"}],"about":[{"href":"https:\/\/vapingnet.de\/lt\/wp-json\/wp\/v2\/types\/product"}],"version-history":[{"count":1,"href":"https:\/\/vapingnet.de\/lt\/wp-json\/wp\/v2\/product\/5300\/revisions"}],"predecessor-version":[{"id":5302,"href":"https:\/\/vapingnet.de\/lt\/wp-json\/wp\/v2\/product\/5300\/revisions\/5302"}],"wp:featuredmedia":[{"embeddable":true,"href":"https:\/\/vapingnet.de\/lt\/wp-json\/wp\/v2\/media\/5301"}],"wp:attachment":[{"href":"https:\/\/vapingnet.de\/lt\/wp-json\/wp\/v2\/media?parent=5300"}],"wp:term":[{"taxonomy":"brand","embeddable":true,"href":"https:\/\/vapingnet.de\/lt\/wp-json\/wp\/v2\/etheme_brands?post=5300"},{"taxonomy":"product_brand","embeddable":true,"href":"https:\/\/vapingnet.de\/lt\/wp-json\/wp\/v2\/product_brand?post=5300"},{"taxonomy":"product_cat","embeddable":true,"href":"https:\/\/vapingnet.de\/lt\/wp-json\/wp\/v2\/product_cat?post=5300"},{"taxonomy":"product_tag","embeddable":true,"href":"https:\/\/vapingnet.de\/lt\/wp-json\/wp\/v2\/product_tag?post=5300"}],"curies":[{"name":"wp","href":"https:\/\/api.w.org\/{rel}","templated":true}]}}