{"id":5303,"date":"2025-03-14T05:43:08","date_gmt":"2025-03-14T05:43:08","guid":{"rendered":"https:\/\/vapingnet.de\/?post_type=product&#038;p=5303"},"modified":"2025-06-19T03:41:19","modified_gmt":"2025-06-19T03:41:19","slug":"einweg-e-zigarette-bang-36000-puffs-mesh-coil-double-apples-top-qualitaet-direktverkauf-ab-werk","status":"publish","type":"product","link":"https:\/\/vapingnet.de\/lt\/vape\/einweg-e-zigarette-bang-36000-puffs-mesh-coil-double-apples-top-qualitaet-direktverkauf-ab-werk\/","title":{"rendered":"Vienkartin\u0117 elektronin\u0117 cigaret\u0117 Bang 36000 R\u016bkali\u0173 Tinklelio Rit\u0117 Dvigubi obuoliai Auk\u0161ta kokyb\u0117 Tiesioginis pardavimas i\u0161 gamyklos"},"content":{"rendered":"<h2 data-start=\"0\" data-end=\"71\">Bang King 36000 R\u016bkymo \u2013 Maksimali galia, dviguba obuoli\u0173 ekstaz\u0117!<\/h2>\n<p data-start=\"73\" data-end=\"452\">Ie\u0161kote elektroninio cigare\u010di\u0173 potyrio, kuris ne tik ilgai trunka, bet ir \u012ftikina intensyviais aromatais? Tuomet Bang King 36000 R\u016bkymo Mesh Coil b\u016btent tai, ko jums reikia! Naudojant pa\u017eangiausi\u0105 garintuvo technologij\u0105, galing\u0105 akumuliatori\u0173 ir didel\u012f skys\u010dio bakel\u012f, \u0161is \u012frenginys suteikia visk\u0105, ko reikia tobuliems r\u016bkymo poj\u016b\u010diams.<\/p>\n<h4 data-start=\"459\" data-end=\"509\">\u2728 Pirmaujantys bruo\u017eai, skirti galutiniam r\u016bkymui<\/h4>\n<p data-start=\"511\" data-end=\"738\">\ud83d\udd25 Ekstremaliai ilgas tarnavimo laikas \u2013 D\u0117ka 40 ml pripildyto skys\u010dio ir 650mAh \u012fkraunamo akumuliatoriaus, gal\u0117site naudotis iki<a href=\"https:\/\/vapingnet.de\/lt\/k\/vape-36000-zuege\/\" target=\"_blank\" rel=\"noopener\"><strong> 36 000 \u012fkv\u0117pim\u0173 <\/strong><\/a>m\u0117gautis, nesir\u016bpindami papildymu ar akumuliatoriaus veikimo trukme.<\/p>\n<p data-start=\"740\" data-end=\"954\">\ud83d\udca8 DTL \u2013 tiesioginis \u012fkv\u0117pimas \u012f plau\u010dius, siekiant maksimali\u0173 debes\u0173 \u2013 0,6\u03a9 Sub-Ohm Mesh Coil u\u017etikrina vienod\u0105 \u0161ildym\u0105, intensyvesn\u012f skon\u012f ir tankius garus, suteikian\u010dius nepamir\u0161tam\u0105 r\u016bkymo patirt\u012f.<\/p>\n<p data-start=\"956\" data-end=\"1093\">\ud83d\udd0b Tipo-C greito \u012fkrovimo jungtis \u2013 Efektyvus ir greitas \u012fkrovimas, kad gal\u0117tum\u0117te toliau r\u016bkyti be ilg\u0173 laukimo laik\u0173.<\/p>\n<p data-start=\"1095\" data-end=\"1249\">\ud83d\udca1 Stilinga LED ap\u0161vietimas, sukeliantis \u012fsp\u016bd\u012f \u2013 Kiekvieno \u012fkv\u0117pimo metu \u012frenginys \u0161vie\u010dia su \u0161auniais spalv\u0173 efektais ir sukuria futuristin\u0119 nuotaik\u0105.<\/p>\n<p data-start=\"1251\" data-end=\"1386\">\ud83d\udee1 Individualus nikotino stiprumas \u2013 Pasirinkite tarp 0%, 2%, 3% arba 5% nikotino, puikiai pritaikyto prie j\u016bs\u0173 asmenini\u0173 pageidavim\u0173.<\/p>\n<p data-start=\"1388\" data-end=\"1483\">\ud83d\uded2 Be muit\u0173 u\u017esakymas \u2013 Joki\u0173 pasl\u0117pt\u0173 mokes\u010di\u0173 \u2013 Paprastai u\u017esisakykite, m\u0117gaukit\u0117s ramiai!<\/p>\n<h4 data-start=\"1490\" data-end=\"1567\">\ud83c\udf4f Skonio rekomendacija: Dvigubi obuoliai \u2013 Vaisinga gaiva su giliu skoniu<\/h4>\n<p data-start=\"1569\" data-end=\"1841\">Su Dvigubais obuoliais Bang King 36000 R\u016bkymo sujungia geriausius dviej\u0173 pasauli\u0173 elementus: sald\u0173, sulting\u0105 raudon\u0173j\u0173 obuoli\u0173 skon\u012f ir gaiv\u0173 \u017eali\u0173j\u0173 obuoli\u0173 r\u016bg\u0161tum\u0105. Rezultatas? Tobulai subalansuotas skonis, kuris kiekvienu \u012fkv\u0117pimu suteikia tikr\u0105 skonio patirt\u012f.<\/p>\n<p data-start=\"1843\" data-end=\"2024\">\ud83c\udf4e Raudonasis obuolys \u2013 Saldus, sultingas, pilnas skonio<br data-start=\"1887\" data-end=\"1890\" \/>\ud83c\udf4f \u017dalias obuolys \u2013 Gaivus, lengvai r\u016bg\u0161tus, vaisinis<br data-start=\"1951\" data-end=\"1954\" \/>\ud83d\udca8 Dvigubas obuoli\u0173 skonis unikaliam gar\u0173 malonumui<\/p>\n<p data-start=\"2026\" data-end=\"2132\">Jei m\u0117gstate vaisinius, nat\u016bralius ir daugiasluoksnius aromatus, Dvigubi obuoliai yra tobula pasirinkimas!<\/p>\n<h3 data-start=\"2139\" data-end=\"2179\">\ud83d\ude80 Kod\u0117l Bang King 36000 R\u016b\u0161i\u0173?<\/h3>\n<p data-start=\"2181\" data-end=\"2505\">\u2705 Didel\u0117 talpa \u2013 Iki 36 000 \u012fkv\u0117pim\u0173 m\u0117nesi\u0173 malonumui<br data-start=\"2249\" data-end=\"2252\" \/>\u2705 Vienkartinio naudojimo dizainas \u2013 Joki\u0173 papildym\u0173 ar laukimo<br data-start=\"2307\" data-end=\"2310\" \/>\u2705 Mesh-Coil technologija \u2013 Tank\u016bs garai, intensyvus skonis<br data-start=\"2375\" data-end=\"2378\" \/>\u2705 \u012evair\u016bs skoni\u0173 pasirinkimai \u2013 Kiekvienam po k\u0105 nors<br data-start=\"2440\" data-end=\"2443\" \/>\u2705 Maksimali lankstumas su \u012fvairiomis nikotino stiprintomis<\/p>\n<p data-start=\"2507\" data-end=\"2588\">Dabar patirkite revoliucin\u0119 garinimo patirt\u012f su Bang King 36000 p\u016btim\u0173!<\/p>\n<p data-start=\"2590\" data-end=\"2650\" data-is-last-node=\"\" data-is-only-node=\"\">\ud83d\udd17 U\u017esisakykite dabar: <a href=\"https:\/\/vapingnet.de\/lt\/\" target=\"_new\" rel=\"noopener\" data-start=\"2612\" data-end=\"2648\">vapingnet.de<\/a><\/p>","protected":false},"excerpt":{"rendered":"<p>Bang King 36000 R\u016bkali\u0173 \u2013 maksimali galia, dviguba obuoli\u0173 ekstaz\u0117! Ie\u0161kote elektronin\u0117s cigaret\u0117s patirties, kuri ne tik ilgai tarnaut\u0173, bet ir pasi\u017eym\u0117t\u0173 intensyviais aromatais...<\/p>","protected":false},"featured_media":5304,"template":"","meta":[],"etheme_brands":[],"product_brand":[101],"product_cat":[57,49,61],"product_tag":[],"class_list":{"0":"post-5303","1":"product","2":"type-product","3":"status-publish","4":"has-post-thumbnail","6":"product_brand-bang-king-vape","7":"product_cat-vape-36000-zuege","8":"product_cat-einweg-e-zigarette","9":"product_cat-f","11":"first","12":"instock","13":"shipping-taxable","14":"purchasable","15":"product-type-simple"},"yoast_head":"<!-- This site is optimized with the Yoast SEO plugin v26.5 - https:\/\/yoast.com\/wordpress\/plugins\/seo\/ -->\n<title>Einweg E-Zigarette Bang 36000 Puffs Mesh Coil Double Apples Top-Qualit\u00e4t Direktverkauf ab Werk | Vapingnet.de<\/title>\n<meta name=\"description\" content=\"Entdecke Einweg E-Zigarette Bang 36000 Puffs Mesh Coil Double Apples Top-Qualit\u00e4t Direktverkauf ab Werk bei vapingnet.de, \u25ba Gro\u00dfe Auswahl an Geschmacksrichtungen &amp; super g\u00fcnstig!\" \/>\n<meta name=\"robots\" content=\"index, follow, max-snippet:-1, max-image-preview:large, max-video-preview:-1\" \/>\n<link rel=\"canonical\" href=\"https:\/\/vapingnet.de\/lt\/vape\/einweg-e-zigarette-bang-36000-puffs-mesh-coil-double-apples-top-qualitaet-direktverkauf-ab-werk\/\" \/>\n<meta property=\"og:locale\" content=\"lt_LT\" \/>\n<meta property=\"og:type\" content=\"article\" \/>\n<meta property=\"og:title\" content=\"Einweg E-Zigarette Bang 36000 Puffs Mesh Coil Double Apples Top-Qualit\u00e4t Direktverkauf ab Werk | Vapingnet.de\" \/>\n<meta property=\"og:description\" content=\"Entdecke Einweg E-Zigarette Bang 36000 Puffs Mesh Coil Double Apples Top-Qualit\u00e4t Direktverkauf ab Werk bei vapingnet.de, \u25ba Gro\u00dfe Auswahl an Geschmacksrichtungen &amp; super g\u00fcnstig!\" \/>\n<meta property=\"og:url\" content=\"https:\/\/vapingnet.de\/lt\/vape\/einweg-e-zigarette-bang-36000-puffs-mesh-coil-double-apples-top-qualitaet-direktverkauf-ab-werk\/\" \/>\n<meta property=\"og:site_name\" content=\"Vapingnet.de\" \/>\n<meta property=\"article:publisher\" content=\"https:\/\/www.facebook.com\/vapingnetde\/\" \/>\n<meta property=\"article:modified_time\" content=\"2025-06-19T03:41:19+00:00\" \/>\n<meta property=\"og:image\" content=\"https:\/\/vapingnet.de\/wp-content\/uploads\/2025\/03\/Double-Apples.png\" \/>\n\t<meta property=\"og:image:width\" content=\"900\" \/>\n\t<meta property=\"og:image:height\" content=\"600\" \/>\n\t<meta property=\"og:image:type\" content=\"image\/png\" \/>\n<meta name=\"twitter:card\" content=\"summary_large_image\" \/>\n<meta name=\"twitter:label1\" content=\"Est. reading time\" \/>\n\t<meta name=\"twitter:data1\" content=\"3 minutes\" \/>\n<script type=\"application\/ld+json\" class=\"yoast-schema-graph\">{\"@context\":\"https:\/\/schema.org\",\"@graph\":[{\"@type\":\"WebPage\",\"@id\":\"https:\/\/vapingnet.de\/vape\/einweg-e-zigarette-bang-36000-puffs-mesh-coil-double-apples-top-qualitaet-direktverkauf-ab-werk\/\",\"url\":\"https:\/\/vapingnet.de\/vape\/einweg-e-zigarette-bang-36000-puffs-mesh-coil-double-apples-top-qualitaet-direktverkauf-ab-werk\/\",\"name\":\"Einweg E-Zigarette Bang 36000 Puffs Mesh Coil Double Apples Top-Qualit\u00e4t Direktverkauf ab Werk | Vapingnet.de\",\"isPartOf\":{\"@id\":\"https:\/\/vapingnet.de\/#website\"},\"primaryImageOfPage\":{\"@id\":\"https:\/\/vapingnet.de\/vape\/einweg-e-zigarette-bang-36000-puffs-mesh-coil-double-apples-top-qualitaet-direktverkauf-ab-werk\/#primaryimage\"},\"image\":{\"@id\":\"https:\/\/vapingnet.de\/vape\/einweg-e-zigarette-bang-36000-puffs-mesh-coil-double-apples-top-qualitaet-direktverkauf-ab-werk\/#primaryimage\"},\"thumbnailUrl\":\"https:\/\/vapingnet.de\/wp-content\/uploads\/2025\/03\/Double-Apples.png\",\"datePublished\":\"2025-03-14T05:43:08+00:00\",\"dateModified\":\"2025-06-19T03:41:19+00:00\",\"description\":\"Entdecke Einweg E-Zigarette Bang 36000 Puffs Mesh Coil Double Apples Top-Qualit\u00e4t Direktverkauf ab Werk bei vapingnet.de, \u25ba Gro\u00dfe Auswahl an Geschmacksrichtungen & super g\u00fcnstig!\",\"breadcrumb\":{\"@id\":\"https:\/\/vapingnet.de\/vape\/einweg-e-zigarette-bang-36000-puffs-mesh-coil-double-apples-top-qualitaet-direktverkauf-ab-werk\/#breadcrumb\"},\"inLanguage\":\"lt-LT\",\"potentialAction\":[{\"@type\":\"ReadAction\",\"target\":[\"https:\/\/vapingnet.de\/vape\/einweg-e-zigarette-bang-36000-puffs-mesh-coil-double-apples-top-qualitaet-direktverkauf-ab-werk\/\"]}]},{\"@type\":\"ImageObject\",\"inLanguage\":\"lt-LT\",\"@id\":\"https:\/\/vapingnet.de\/vape\/einweg-e-zigarette-bang-36000-puffs-mesh-coil-double-apples-top-qualitaet-direktverkauf-ab-werk\/#primaryimage\",\"url\":\"https:\/\/vapingnet.de\/wp-content\/uploads\/2025\/03\/Double-Apples.png\",\"contentUrl\":\"https:\/\/vapingnet.de\/wp-content\/uploads\/2025\/03\/Double-Apples.png\",\"width\":900,\"height\":600,\"caption\":\"Double Apples\"},{\"@type\":\"BreadcrumbList\",\"@id\":\"https:\/\/vapingnet.de\/vape\/einweg-e-zigarette-bang-36000-puffs-mesh-coil-double-apples-top-qualitaet-direktverkauf-ab-werk\/#breadcrumb\",\"itemListElement\":[{\"@type\":\"ListItem\",\"position\":1,\"name\":\"Home\",\"item\":\"https:\/\/vapingnet.de\/\"},{\"@type\":\"ListItem\",\"position\":2,\"name\":\"Shop\",\"item\":\"https:\/\/vapingnet.de\/vape\/\"},{\"@type\":\"ListItem\",\"position\":3,\"name\":\"Einweg E-Zigarette Bang 36000 Puffs Mesh Coil Double Apples Top-Qualit\u00e4t Direktverkauf ab Werk\"}]},{\"@type\":\"WebSite\",\"@id\":\"https:\/\/vapingnet.de\/#website\",\"url\":\"https:\/\/vapingnet.de\/\",\"name\":\"Vapingnet.de\",\"description\":\"\",\"publisher\":{\"@id\":\"https:\/\/vapingnet.de\/#organization\"},\"potentialAction\":[{\"@type\":\"SearchAction\",\"target\":{\"@type\":\"EntryPoint\",\"urlTemplate\":\"https:\/\/vapingnet.de\/?s={search_term_string}\"},\"query-input\":{\"@type\":\"PropertyValueSpecification\",\"valueRequired\":true,\"valueName\":\"search_term_string\"}}],\"inLanguage\":\"lt-LT\"},{\"@type\":\"Organization\",\"@id\":\"https:\/\/vapingnet.de\/#organization\",\"name\":\"Vapingnet.de\",\"url\":\"https:\/\/vapingnet.de\/\",\"logo\":{\"@type\":\"ImageObject\",\"inLanguage\":\"lt-LT\",\"@id\":\"https:\/\/vapingnet.de\/#\/schema\/logo\/image\/\",\"url\":\"https:\/\/vapingnet.de\/wp-content\/uploads\/2025\/03\/cropped-vapingnet.de_.jpg\",\"contentUrl\":\"https:\/\/vapingnet.de\/wp-content\/uploads\/2025\/03\/cropped-vapingnet.de_.jpg\",\"width\":512,\"height\":512,\"caption\":\"Vapingnet.de\"},\"image\":{\"@id\":\"https:\/\/vapingnet.de\/#\/schema\/logo\/image\/\"},\"sameAs\":[\"https:\/\/www.facebook.com\/vapingnetde\/\"]}]}<\/script>\n<!-- \/ Yoast SEO plugin. -->","yoast_head_json":{"title":"Einweg E-Zigarette Bang 36000 Puffs Mesh Coil Double Apples Top-Qualit\u00e4t Direktverkauf ab Werk | Vapingnet.de","description":"Entdecke Einweg E-Zigarette Bang 36000 Puffs Mesh Coil Double Apples Top-Qualit\u00e4t Direktverkauf ab Werk bei vapingnet.de, \u25ba Gro\u00dfe Auswahl an Geschmacksrichtungen & super g\u00fcnstig!","robots":{"index":"index","follow":"follow","max-snippet":"max-snippet:-1","max-image-preview":"max-image-preview:large","max-video-preview":"max-video-preview:-1"},"canonical":"https:\/\/vapingnet.de\/lt\/vape\/einweg-e-zigarette-bang-36000-puffs-mesh-coil-double-apples-top-qualitaet-direktverkauf-ab-werk\/","og_locale":"lt_LT","og_type":"article","og_title":"Einweg E-Zigarette Bang 36000 Puffs Mesh Coil Double Apples Top-Qualit\u00e4t Direktverkauf ab Werk | Vapingnet.de","og_description":"Entdecke Einweg E-Zigarette Bang 36000 Puffs Mesh Coil Double Apples Top-Qualit\u00e4t Direktverkauf ab Werk bei vapingnet.de, \u25ba Gro\u00dfe Auswahl an Geschmacksrichtungen & super g\u00fcnstig!","og_url":"https:\/\/vapingnet.de\/lt\/vape\/einweg-e-zigarette-bang-36000-puffs-mesh-coil-double-apples-top-qualitaet-direktverkauf-ab-werk\/","og_site_name":"Vapingnet.de","article_publisher":"https:\/\/www.facebook.com\/vapingnetde\/","article_modified_time":"2025-06-19T03:41:19+00:00","og_image":[{"width":900,"height":600,"url":"https:\/\/vapingnet.de\/wp-content\/uploads\/2025\/03\/Double-Apples.png","type":"image\/png"}],"twitter_card":"summary_large_image","twitter_misc":{"Est. reading time":"3 minutes"},"schema":{"@context":"https:\/\/schema.org","@graph":[{"@type":"WebPage","@id":"https:\/\/vapingnet.de\/vape\/einweg-e-zigarette-bang-36000-puffs-mesh-coil-double-apples-top-qualitaet-direktverkauf-ab-werk\/","url":"https:\/\/vapingnet.de\/vape\/einweg-e-zigarette-bang-36000-puffs-mesh-coil-double-apples-top-qualitaet-direktverkauf-ab-werk\/","name":"Einweg E-Zigarette Bang 36000 Puffs Mesh Coil Double Apples Top-Qualit\u00e4t Direktverkauf ab Werk | Vapingnet.de","isPartOf":{"@id":"https:\/\/vapingnet.de\/#website"},"primaryImageOfPage":{"@id":"https:\/\/vapingnet.de\/vape\/einweg-e-zigarette-bang-36000-puffs-mesh-coil-double-apples-top-qualitaet-direktverkauf-ab-werk\/#primaryimage"},"image":{"@id":"https:\/\/vapingnet.de\/vape\/einweg-e-zigarette-bang-36000-puffs-mesh-coil-double-apples-top-qualitaet-direktverkauf-ab-werk\/#primaryimage"},"thumbnailUrl":"https:\/\/vapingnet.de\/wp-content\/uploads\/2025\/03\/Double-Apples.png","datePublished":"2025-03-14T05:43:08+00:00","dateModified":"2025-06-19T03:41:19+00:00","description":"Entdecke Einweg E-Zigarette Bang 36000 Puffs Mesh Coil Double Apples Top-Qualit\u00e4t Direktverkauf ab Werk bei vapingnet.de, \u25ba Gro\u00dfe Auswahl an Geschmacksrichtungen & super g\u00fcnstig!","breadcrumb":{"@id":"https:\/\/vapingnet.de\/vape\/einweg-e-zigarette-bang-36000-puffs-mesh-coil-double-apples-top-qualitaet-direktverkauf-ab-werk\/#breadcrumb"},"inLanguage":"lt-LT","potentialAction":[{"@type":"ReadAction","target":["https:\/\/vapingnet.de\/vape\/einweg-e-zigarette-bang-36000-puffs-mesh-coil-double-apples-top-qualitaet-direktverkauf-ab-werk\/"]}]},{"@type":"ImageObject","inLanguage":"lt-LT","@id":"https:\/\/vapingnet.de\/vape\/einweg-e-zigarette-bang-36000-puffs-mesh-coil-double-apples-top-qualitaet-direktverkauf-ab-werk\/#primaryimage","url":"https:\/\/vapingnet.de\/wp-content\/uploads\/2025\/03\/Double-Apples.png","contentUrl":"https:\/\/vapingnet.de\/wp-content\/uploads\/2025\/03\/Double-Apples.png","width":900,"height":600,"caption":"Double Apples"},{"@type":"BreadcrumbList","@id":"https:\/\/vapingnet.de\/vape\/einweg-e-zigarette-bang-36000-puffs-mesh-coil-double-apples-top-qualitaet-direktverkauf-ab-werk\/#breadcrumb","itemListElement":[{"@type":"ListItem","position":1,"name":"Home","item":"https:\/\/vapingnet.de\/"},{"@type":"ListItem","position":2,"name":"Shop","item":"https:\/\/vapingnet.de\/vape\/"},{"@type":"ListItem","position":3,"name":"Einweg E-Zigarette Bang 36000 Puffs Mesh Coil Double Apples Top-Qualit\u00e4t Direktverkauf ab Werk"}]},{"@type":"WebSite","@id":"https:\/\/vapingnet.de\/#website","url":"https:\/\/vapingnet.de\/","name":"Vapingnet.de","description":"","publisher":{"@id":"https:\/\/vapingnet.de\/#organization"},"potentialAction":[{"@type":"SearchAction","target":{"@type":"EntryPoint","urlTemplate":"https:\/\/vapingnet.de\/?s={search_term_string}"},"query-input":{"@type":"PropertyValueSpecification","valueRequired":true,"valueName":"search_term_string"}}],"inLanguage":"lt-LT"},{"@type":"Organization","@id":"https:\/\/vapingnet.de\/#organization","name":"Vapingnet.de","url":"https:\/\/vapingnet.de\/","logo":{"@type":"ImageObject","inLanguage":"lt-LT","@id":"https:\/\/vapingnet.de\/#\/schema\/logo\/image\/","url":"https:\/\/vapingnet.de\/wp-content\/uploads\/2025\/03\/cropped-vapingnet.de_.jpg","contentUrl":"https:\/\/vapingnet.de\/wp-content\/uploads\/2025\/03\/cropped-vapingnet.de_.jpg","width":512,"height":512,"caption":"Vapingnet.de"},"image":{"@id":"https:\/\/vapingnet.de\/#\/schema\/logo\/image\/"},"sameAs":["https:\/\/www.facebook.com\/vapingnetde\/"]}]}},"tiered_pricing_type":"fixed","tiered_pricing_fixed_rules":{"8":"10.44","60":"9.40","110":"8.35","200":"7.31"},"tiered_pricing_product_settings":{"layout":"default","base_unit_name":{"singular":null,"plural":null},"default_variation":null},"tiered_pricing_minimum_quantity":null,"tiered_pricing_roles_data":[],"tiered_pricing_percentage_rules":[],"_links":{"self":[{"href":"https:\/\/vapingnet.de\/lt\/wp-json\/wp\/v2\/product\/5303","targetHints":{"allow":["GET"]}}],"collection":[{"href":"https:\/\/vapingnet.de\/lt\/wp-json\/wp\/v2\/product"}],"about":[{"href":"https:\/\/vapingnet.de\/lt\/wp-json\/wp\/v2\/types\/product"}],"version-history":[{"count":1,"href":"https:\/\/vapingnet.de\/lt\/wp-json\/wp\/v2\/product\/5303\/revisions"}],"predecessor-version":[{"id":5305,"href":"https:\/\/vapingnet.de\/lt\/wp-json\/wp\/v2\/product\/5303\/revisions\/5305"}],"wp:featuredmedia":[{"embeddable":true,"href":"https:\/\/vapingnet.de\/lt\/wp-json\/wp\/v2\/media\/5304"}],"wp:attachment":[{"href":"https:\/\/vapingnet.de\/lt\/wp-json\/wp\/v2\/media?parent=5303"}],"wp:term":[{"taxonomy":"brand","embeddable":true,"href":"https:\/\/vapingnet.de\/lt\/wp-json\/wp\/v2\/etheme_brands?post=5303"},{"taxonomy":"product_brand","embeddable":true,"href":"https:\/\/vapingnet.de\/lt\/wp-json\/wp\/v2\/product_brand?post=5303"},{"taxonomy":"product_cat","embeddable":true,"href":"https:\/\/vapingnet.de\/lt\/wp-json\/wp\/v2\/product_cat?post=5303"},{"taxonomy":"product_tag","embeddable":true,"href":"https:\/\/vapingnet.de\/lt\/wp-json\/wp\/v2\/product_tag?post=5303"}],"curies":[{"name":"wp","href":"https:\/\/api.w.org\/{rel}","templated":true}]}}