{"id":5307,"date":"2025-03-14T06:56:00","date_gmt":"2025-03-14T06:56:00","guid":{"rendered":"https:\/\/vapingnet.de\/?post_type=product&#038;p=5307"},"modified":"2025-06-19T03:41:18","modified_gmt":"2025-06-19T03:41:18","slug":"blueberry-raspberry-bang-36000-puffs-mesh-coil-e-zigarette-kaufen","status":"publish","type":"product","link":"https:\/\/vapingnet.de\/lt\/vape\/blueberry-raspberry-bang-36000-puffs-mesh-coil-e-zigarette-kaufen\/","title":{"rendered":"M\u0117lyni\u0173 Avie\u010di\u0173 Bang 36000 R\u016bkali\u0173 Tinklelio Rit\u0117 Elektronin\u0117 cigaret\u0117 pirkti"},"content":{"rendered":"<h2 data-start=\"0\" data-end=\"84\">Bang King 36000 Puffs Mesh Coil \u2013 Ilgalaikis malonumas, galutinis potyris<\/h2>\n<p data-start=\"86\" data-end=\"465\">Jei ie\u0161kote elektronin\u0117s cigaret\u0117s, kuri pasi\u017eymi tiek \u012fsp\u016bdinga ilga tarnavimo trukme, tiek intensyviais aromatais, tada Bang King 36000 Puffs Mesh Coil yra b\u016btent tai, ko jums reikia! Ji ne tik pasi\u017eymi i\u0161skirtiniu dizainu ir inovatyvia technika, bet ir suteikia 36000 \u012fkv\u0117pim\u0173 nuolatinio garo malonumo, kuris patenkins visas j\u016bs\u0173 poreikius.<\/p>\n<h4 data-start=\"472\" data-end=\"497\">Produkto Savyb\u0117s<\/h4>\n<h5>Ekstremaliai ilga tarnavimo trukm\u0117<\/h5>\n<p data-start=\"532\" data-end=\"735\">Su 40ml pripildyto skys\u010dio ir 650mAh \u012fkraunamu akumuliatoriumi galite m\u0117gautis 36000 \u012fkv\u0117pim\u0173. Jums nereikia jaudintis d\u0117l papildymo ar da\u017en\u0173 keitim\u0173 \u2013 malonumas t\u0119siasi!<\/p>\n<h5 data-start=\"737\" data-end=\"780\">Tiesioginis \u012fkv\u0117pimas \u012f plau\u010dius (DTL)<\/h5>\n<p data-start=\"781\" data-end=\"1069\">0,6\u03a9 Sub-Ohm Mesh Coil u\u017etikrina tolyg\u0173 skys\u010dio \u0161ildym\u0105 ir sukuria tankius, skoninius garo debesys. \u0160i coil technologija leid\u017eia jums patirti unikal\u0173 garavimo malonum\u0105 su intensyviais aromatais ir storais d\u016bmais, idealiai tinka tiesioginiam \u012fkv\u0117pimui \u012f plau\u010dius.<\/p>\n<h5 data-start=\"1071\" data-end=\"1106\">Type-C greito \u012fkrovimo jungtis<\/h5>\n<p data-start=\"1107\" data-end=\"1279\">Type-C \u012fkrovimo jungtis leid\u017eia bet kada greitai \u012fkrauti \u012frengin\u012f. Taip gal\u0117site bet kada ir bet kur v\u0117l m\u0117gautis garinimu.<\/p>\n<h5 data-start=\"1281\" data-end=\"1315\">Stilingi LED \u0161viesos efektai<\/h5>\n<p data-start=\"1316\" data-end=\"1472\">Kiekvieno \u012fkv\u0117pimo metu \u012frenginio LED \u0161viesos efektai \u012fgauna \u0161iuolaiki\u0161k\u0105, futuristin\u0119 atmosfer\u0105 \u2013 tikras akcentas!<\/p>\n<h4 data-start=\"1479\" data-end=\"1549\">Rekomenduojamas skonis: M\u0117lyn\u0117s Aviet\u0117<\/h4>\n<p data-start=\"1551\" data-end=\"1808\">M\u0117g\u0117jams vaisini\u0173 ir intensyvi\u0173 aromat\u0173, M\u0117lyn\u0117s Aviet\u0117 yra tobula pasirinktis. Saldus m\u0117lyni\u0173 skonis puikiai dera su \u0161vie\u017eia avie\u010di\u0173 r\u016bg\u0161timi, sukurdami i\u0161skirtin\u012f skonio patirt\u012f.<\/p>\n<ul data-start=\"1810\" data-end=\"2062\">\n<li data-start=\"1810\" data-end=\"1879\">M\u0117lyn\u0117: Saldus ir pilnas skonio su intensyviu vaisi\u0173 aromatu.<\/li>\n<li data-start=\"1880\" data-end=\"1939\">Aviet\u0117: \u0160vie\u017eia, \u0161iek tiek r\u016bg\u0161ti ir labai gaivinanti.<\/li>\n<li data-start=\"1940\" data-end=\"2062\">Tobula pusiausvyra: Abiej\u0173 vaisi\u0173 derinys sukuria daugiasluoksn\u0119, ilgalaik\u0119 skonio patirt\u012f.<\/li>\n<\/ul>\n<h3 data-start=\"2069\" data-end=\"2121\">Kod\u0117l rinktis Bang King 36000 Puffs Mesh Coil?<\/h3>\n<ul data-start=\"2123\" data-end=\"2719\">\n<li data-start=\"2123\" data-end=\"2203\">Ilga tarnavimo trukm\u0117: 40ml pripildyto skys\u010dio iki 36000 \u012fkv\u0117pim\u0173.<\/li>\n<li data-start=\"2204\" data-end=\"2317\">Stiprus garas: 0,6\u03a9 Sub-Ohm Mesh Coil u\u017etikrina storus, tankius garo debesys ir intensyv\u0173 skon\u012f.<\/li>\n<li data-start=\"2318\" data-end=\"2423\">Greitas \u012fkrovimas: Type-C greito \u012fkrovimo jungtis leid\u017eia greitai ir patogiai \u012fkrauti.<\/li>\n<li data-start=\"2424\" data-end=\"2514\">U\u017esakymas be mokes\u010di\u0173: Jokio papildomo vargo ar pasl\u0117pt\u0173 i\u0161laid\u0173 u\u017esakant.<\/li>\n<li data-start=\"2515\" data-end=\"2605\">\u012evairios skonio galimyb\u0117s: pasirinkite i\u0161 12 skirting\u0173 skoni\u0173.<\/li>\n<li data-start=\"2606\" data-end=\"2719\">Naudotojui draugi\u0161kas dizainas: vienkartinis vaping \u012frenginys, kuris nereikalauja prie\u017ei\u016bros ir yra paruo\u0161tas naudoti i\u0161 karto.<\/li>\n<\/ul>\n<h4 data-start=\"2726\" data-end=\"2796\">I\u0161bandyk dabar \u2013 \u012fsigyk savo Bang King 36000 Puffs Mesh Coil!<\/h4>\n<p data-start=\"2798\" data-end=\"3052\">Nesvarbu, ar esi pradedantysis, ar patyr\u0119s garintojas, Bang King 36000 Puffs Mesh Coil tave su\u017eav\u0117s savo ne\u012ftik\u0117tinu skoniu ir ilgaam\u017ei\u0161kumu. Apsilankyk m\u016bs\u0173 svetain\u0117je ir pasirink tobul\u0105 skon\u012f tau!<\/p>\n<p data-start=\"3054\" data-end=\"3111\" data-is-last-node=\"\" data-is-only-node=\"\">\ud83d\udd17 Pirkti dabar: <a href=\"https:\/\/vapingnet.de\/lt\/\" target=\"_new\" rel=\"noopener\" data-start=\"3073\" data-end=\"3109\">vapingnet.de<\/a><\/p>","protected":false},"excerpt":{"rendered":"<p>Bang King 36000 R\u016bkali\u0173 tinklelis su Mesh Coil \u2013 ilgalaikis malonumas, galutinis patyrimas. Jei ie\u0161kote elektronin\u0117s cigaret\u0117s, kuri pasi\u017eymi \u012fsp\u016bdingu ilgaam\u017ei\u0161kumu ir...<\/p>","protected":false},"featured_media":5308,"template":"","meta":[],"etheme_brands":[],"product_brand":[101],"product_cat":[57,49,61],"product_tag":[],"class_list":{"0":"post-5307","1":"product","2":"type-product","3":"status-publish","4":"has-post-thumbnail","6":"product_brand-bang-king-vape","7":"product_cat-vape-36000-zuege","8":"product_cat-einweg-e-zigarette","9":"product_cat-f","11":"first","12":"instock","13":"shipping-taxable","14":"purchasable","15":"product-type-simple"},"yoast_head":"<!-- This site is optimized with the Yoast SEO plugin v26.5 - https:\/\/yoast.com\/wordpress\/plugins\/seo\/ -->\n<title>Blueberry Raspberry Bang 36000 Puffs Mesh Coil E-Zigarette kaufen | Vapingnet.de<\/title>\n<meta name=\"description\" content=\"Wir verkaufen Blueberry Raspberry Bang 36000 Puffs Mesh Coil E-Zigarette kaufen , \u2713 Hohe Puffs-Zahl \u2713 Einfach zu verwenden \u2713 Vielseitige Aromen \u2713\u27a4 Jetzt kaufen!\" \/>\n<meta name=\"robots\" content=\"index, follow, max-snippet:-1, max-image-preview:large, max-video-preview:-1\" \/>\n<link rel=\"canonical\" href=\"https:\/\/vapingnet.de\/lt\/vape\/blueberry-raspberry-bang-36000-puffs-mesh-coil-e-zigarette-kaufen\/\" \/>\n<meta property=\"og:locale\" content=\"lt_LT\" \/>\n<meta property=\"og:type\" content=\"article\" \/>\n<meta property=\"og:title\" content=\"Blueberry Raspberry Bang 36000 Puffs Mesh Coil E-Zigarette kaufen | Vapingnet.de\" \/>\n<meta property=\"og:description\" content=\"Wir verkaufen Blueberry Raspberry Bang 36000 Puffs Mesh Coil E-Zigarette kaufen , \u2713 Hohe Puffs-Zahl \u2713 Einfach zu verwenden \u2713 Vielseitige Aromen \u2713\u27a4 Jetzt kaufen!\" \/>\n<meta property=\"og:url\" content=\"https:\/\/vapingnet.de\/lt\/vape\/blueberry-raspberry-bang-36000-puffs-mesh-coil-e-zigarette-kaufen\/\" \/>\n<meta property=\"og:site_name\" content=\"Vapingnet.de\" \/>\n<meta property=\"article:publisher\" content=\"https:\/\/www.facebook.com\/vapingnetde\/\" \/>\n<meta property=\"article:modified_time\" content=\"2025-06-19T03:41:18+00:00\" \/>\n<meta property=\"og:image\" content=\"https:\/\/vapingnet.de\/wp-content\/uploads\/2025\/03\/Blueberry-Raspberry-1.png\" \/>\n\t<meta property=\"og:image:width\" content=\"900\" \/>\n\t<meta property=\"og:image:height\" content=\"600\" \/>\n\t<meta property=\"og:image:type\" content=\"image\/png\" \/>\n<meta name=\"twitter:card\" content=\"summary_large_image\" \/>\n<meta name=\"twitter:label1\" content=\"Est. reading time\" \/>\n\t<meta name=\"twitter:data1\" content=\"3 minutes\" \/>\n<script type=\"application\/ld+json\" class=\"yoast-schema-graph\">{\"@context\":\"https:\/\/schema.org\",\"@graph\":[{\"@type\":\"WebPage\",\"@id\":\"https:\/\/vapingnet.de\/vape\/blueberry-raspberry-bang-36000-puffs-mesh-coil-e-zigarette-kaufen\/\",\"url\":\"https:\/\/vapingnet.de\/vape\/blueberry-raspberry-bang-36000-puffs-mesh-coil-e-zigarette-kaufen\/\",\"name\":\"Blueberry Raspberry Bang 36000 Puffs Mesh Coil E-Zigarette kaufen | Vapingnet.de\",\"isPartOf\":{\"@id\":\"https:\/\/vapingnet.de\/#website\"},\"primaryImageOfPage\":{\"@id\":\"https:\/\/vapingnet.de\/vape\/blueberry-raspberry-bang-36000-puffs-mesh-coil-e-zigarette-kaufen\/#primaryimage\"},\"image\":{\"@id\":\"https:\/\/vapingnet.de\/vape\/blueberry-raspberry-bang-36000-puffs-mesh-coil-e-zigarette-kaufen\/#primaryimage\"},\"thumbnailUrl\":\"https:\/\/vapingnet.de\/wp-content\/uploads\/2025\/03\/Blueberry-Raspberry-1.png\",\"datePublished\":\"2025-03-14T06:56:00+00:00\",\"dateModified\":\"2025-06-19T03:41:18+00:00\",\"description\":\"Wir verkaufen Blueberry Raspberry Bang 36000 Puffs Mesh Coil E-Zigarette kaufen , \u2713 Hohe Puffs-Zahl \u2713 Einfach zu verwenden \u2713 Vielseitige Aromen \u2713\u27a4 Jetzt kaufen!\",\"breadcrumb\":{\"@id\":\"https:\/\/vapingnet.de\/vape\/blueberry-raspberry-bang-36000-puffs-mesh-coil-e-zigarette-kaufen\/#breadcrumb\"},\"inLanguage\":\"lt-LT\",\"potentialAction\":[{\"@type\":\"ReadAction\",\"target\":[\"https:\/\/vapingnet.de\/vape\/blueberry-raspberry-bang-36000-puffs-mesh-coil-e-zigarette-kaufen\/\"]}]},{\"@type\":\"ImageObject\",\"inLanguage\":\"lt-LT\",\"@id\":\"https:\/\/vapingnet.de\/vape\/blueberry-raspberry-bang-36000-puffs-mesh-coil-e-zigarette-kaufen\/#primaryimage\",\"url\":\"https:\/\/vapingnet.de\/wp-content\/uploads\/2025\/03\/Blueberry-Raspberry-1.png\",\"contentUrl\":\"https:\/\/vapingnet.de\/wp-content\/uploads\/2025\/03\/Blueberry-Raspberry-1.png\",\"width\":900,\"height\":600,\"caption\":\"Blueberry Raspberry\"},{\"@type\":\"BreadcrumbList\",\"@id\":\"https:\/\/vapingnet.de\/vape\/blueberry-raspberry-bang-36000-puffs-mesh-coil-e-zigarette-kaufen\/#breadcrumb\",\"itemListElement\":[{\"@type\":\"ListItem\",\"position\":1,\"name\":\"Home\",\"item\":\"https:\/\/vapingnet.de\/\"},{\"@type\":\"ListItem\",\"position\":2,\"name\":\"Shop\",\"item\":\"https:\/\/vapingnet.de\/vape\/\"},{\"@type\":\"ListItem\",\"position\":3,\"name\":\"Blueberry Raspberry Bang 36000 Puffs Mesh Coil E-Zigarette kaufen\"}]},{\"@type\":\"WebSite\",\"@id\":\"https:\/\/vapingnet.de\/#website\",\"url\":\"https:\/\/vapingnet.de\/\",\"name\":\"Vapingnet.de\",\"description\":\"\",\"publisher\":{\"@id\":\"https:\/\/vapingnet.de\/#organization\"},\"potentialAction\":[{\"@type\":\"SearchAction\",\"target\":{\"@type\":\"EntryPoint\",\"urlTemplate\":\"https:\/\/vapingnet.de\/?s={search_term_string}\"},\"query-input\":{\"@type\":\"PropertyValueSpecification\",\"valueRequired\":true,\"valueName\":\"search_term_string\"}}],\"inLanguage\":\"lt-LT\"},{\"@type\":\"Organization\",\"@id\":\"https:\/\/vapingnet.de\/#organization\",\"name\":\"Vapingnet.de\",\"url\":\"https:\/\/vapingnet.de\/\",\"logo\":{\"@type\":\"ImageObject\",\"inLanguage\":\"lt-LT\",\"@id\":\"https:\/\/vapingnet.de\/#\/schema\/logo\/image\/\",\"url\":\"https:\/\/vapingnet.de\/wp-content\/uploads\/2025\/03\/cropped-vapingnet.de_.jpg\",\"contentUrl\":\"https:\/\/vapingnet.de\/wp-content\/uploads\/2025\/03\/cropped-vapingnet.de_.jpg\",\"width\":512,\"height\":512,\"caption\":\"Vapingnet.de\"},\"image\":{\"@id\":\"https:\/\/vapingnet.de\/#\/schema\/logo\/image\/\"},\"sameAs\":[\"https:\/\/www.facebook.com\/vapingnetde\/\"]}]}<\/script>\n<!-- \/ Yoast SEO plugin. -->","yoast_head_json":{"title":"Blueberry Raspberry Bang 36000 Puffs Mesh Coil E-Zigarette kaufen | Vapingnet.de","description":"Wir verkaufen Blueberry Raspberry Bang 36000 Puffs Mesh Coil E-Zigarette kaufen , \u2713 Hohe Puffs-Zahl \u2713 Einfach zu verwenden \u2713 Vielseitige Aromen \u2713\u27a4 Jetzt kaufen!","robots":{"index":"index","follow":"follow","max-snippet":"max-snippet:-1","max-image-preview":"max-image-preview:large","max-video-preview":"max-video-preview:-1"},"canonical":"https:\/\/vapingnet.de\/lt\/vape\/blueberry-raspberry-bang-36000-puffs-mesh-coil-e-zigarette-kaufen\/","og_locale":"lt_LT","og_type":"article","og_title":"Blueberry Raspberry Bang 36000 Puffs Mesh Coil E-Zigarette kaufen | Vapingnet.de","og_description":"Wir verkaufen Blueberry Raspberry Bang 36000 Puffs Mesh Coil E-Zigarette kaufen , \u2713 Hohe Puffs-Zahl \u2713 Einfach zu verwenden \u2713 Vielseitige Aromen \u2713\u27a4 Jetzt kaufen!","og_url":"https:\/\/vapingnet.de\/lt\/vape\/blueberry-raspberry-bang-36000-puffs-mesh-coil-e-zigarette-kaufen\/","og_site_name":"Vapingnet.de","article_publisher":"https:\/\/www.facebook.com\/vapingnetde\/","article_modified_time":"2025-06-19T03:41:18+00:00","og_image":[{"width":900,"height":600,"url":"https:\/\/vapingnet.de\/wp-content\/uploads\/2025\/03\/Blueberry-Raspberry-1.png","type":"image\/png"}],"twitter_card":"summary_large_image","twitter_misc":{"Est. reading time":"3 minutes"},"schema":{"@context":"https:\/\/schema.org","@graph":[{"@type":"WebPage","@id":"https:\/\/vapingnet.de\/vape\/blueberry-raspberry-bang-36000-puffs-mesh-coil-e-zigarette-kaufen\/","url":"https:\/\/vapingnet.de\/vape\/blueberry-raspberry-bang-36000-puffs-mesh-coil-e-zigarette-kaufen\/","name":"Blueberry Raspberry Bang 36000 Puffs Mesh Coil E-Zigarette kaufen | Vapingnet.de","isPartOf":{"@id":"https:\/\/vapingnet.de\/#website"},"primaryImageOfPage":{"@id":"https:\/\/vapingnet.de\/vape\/blueberry-raspberry-bang-36000-puffs-mesh-coil-e-zigarette-kaufen\/#primaryimage"},"image":{"@id":"https:\/\/vapingnet.de\/vape\/blueberry-raspberry-bang-36000-puffs-mesh-coil-e-zigarette-kaufen\/#primaryimage"},"thumbnailUrl":"https:\/\/vapingnet.de\/wp-content\/uploads\/2025\/03\/Blueberry-Raspberry-1.png","datePublished":"2025-03-14T06:56:00+00:00","dateModified":"2025-06-19T03:41:18+00:00","description":"Wir verkaufen Blueberry Raspberry Bang 36000 Puffs Mesh Coil E-Zigarette kaufen , \u2713 Hohe Puffs-Zahl \u2713 Einfach zu verwenden \u2713 Vielseitige Aromen \u2713\u27a4 Jetzt kaufen!","breadcrumb":{"@id":"https:\/\/vapingnet.de\/vape\/blueberry-raspberry-bang-36000-puffs-mesh-coil-e-zigarette-kaufen\/#breadcrumb"},"inLanguage":"lt-LT","potentialAction":[{"@type":"ReadAction","target":["https:\/\/vapingnet.de\/vape\/blueberry-raspberry-bang-36000-puffs-mesh-coil-e-zigarette-kaufen\/"]}]},{"@type":"ImageObject","inLanguage":"lt-LT","@id":"https:\/\/vapingnet.de\/vape\/blueberry-raspberry-bang-36000-puffs-mesh-coil-e-zigarette-kaufen\/#primaryimage","url":"https:\/\/vapingnet.de\/wp-content\/uploads\/2025\/03\/Blueberry-Raspberry-1.png","contentUrl":"https:\/\/vapingnet.de\/wp-content\/uploads\/2025\/03\/Blueberry-Raspberry-1.png","width":900,"height":600,"caption":"Blueberry Raspberry"},{"@type":"BreadcrumbList","@id":"https:\/\/vapingnet.de\/vape\/blueberry-raspberry-bang-36000-puffs-mesh-coil-e-zigarette-kaufen\/#breadcrumb","itemListElement":[{"@type":"ListItem","position":1,"name":"Home","item":"https:\/\/vapingnet.de\/"},{"@type":"ListItem","position":2,"name":"Shop","item":"https:\/\/vapingnet.de\/vape\/"},{"@type":"ListItem","position":3,"name":"Blueberry Raspberry Bang 36000 Puffs Mesh Coil E-Zigarette kaufen"}]},{"@type":"WebSite","@id":"https:\/\/vapingnet.de\/#website","url":"https:\/\/vapingnet.de\/","name":"Vapingnet.de","description":"","publisher":{"@id":"https:\/\/vapingnet.de\/#organization"},"potentialAction":[{"@type":"SearchAction","target":{"@type":"EntryPoint","urlTemplate":"https:\/\/vapingnet.de\/?s={search_term_string}"},"query-input":{"@type":"PropertyValueSpecification","valueRequired":true,"valueName":"search_term_string"}}],"inLanguage":"lt-LT"},{"@type":"Organization","@id":"https:\/\/vapingnet.de\/#organization","name":"Vapingnet.de","url":"https:\/\/vapingnet.de\/","logo":{"@type":"ImageObject","inLanguage":"lt-LT","@id":"https:\/\/vapingnet.de\/#\/schema\/logo\/image\/","url":"https:\/\/vapingnet.de\/wp-content\/uploads\/2025\/03\/cropped-vapingnet.de_.jpg","contentUrl":"https:\/\/vapingnet.de\/wp-content\/uploads\/2025\/03\/cropped-vapingnet.de_.jpg","width":512,"height":512,"caption":"Vapingnet.de"},"image":{"@id":"https:\/\/vapingnet.de\/#\/schema\/logo\/image\/"},"sameAs":["https:\/\/www.facebook.com\/vapingnetde\/"]}]}},"tiered_pricing_type":"fixed","tiered_pricing_fixed_rules":{"8":"10.44","60":"9.40","110":"8.35","200":"7.31"},"tiered_pricing_product_settings":{"layout":"default","base_unit_name":{"singular":null,"plural":null},"default_variation":null},"tiered_pricing_minimum_quantity":null,"tiered_pricing_roles_data":[],"tiered_pricing_percentage_rules":[],"_links":{"self":[{"href":"https:\/\/vapingnet.de\/lt\/wp-json\/wp\/v2\/product\/5307","targetHints":{"allow":["GET"]}}],"collection":[{"href":"https:\/\/vapingnet.de\/lt\/wp-json\/wp\/v2\/product"}],"about":[{"href":"https:\/\/vapingnet.de\/lt\/wp-json\/wp\/v2\/types\/product"}],"version-history":[{"count":1,"href":"https:\/\/vapingnet.de\/lt\/wp-json\/wp\/v2\/product\/5307\/revisions"}],"predecessor-version":[{"id":5309,"href":"https:\/\/vapingnet.de\/lt\/wp-json\/wp\/v2\/product\/5307\/revisions\/5309"}],"wp:featuredmedia":[{"embeddable":true,"href":"https:\/\/vapingnet.de\/lt\/wp-json\/wp\/v2\/media\/5308"}],"wp:attachment":[{"href":"https:\/\/vapingnet.de\/lt\/wp-json\/wp\/v2\/media?parent=5307"}],"wp:term":[{"taxonomy":"brand","embeddable":true,"href":"https:\/\/vapingnet.de\/lt\/wp-json\/wp\/v2\/etheme_brands?post=5307"},{"taxonomy":"product_brand","embeddable":true,"href":"https:\/\/vapingnet.de\/lt\/wp-json\/wp\/v2\/product_brand?post=5307"},{"taxonomy":"product_cat","embeddable":true,"href":"https:\/\/vapingnet.de\/lt\/wp-json\/wp\/v2\/product_cat?post=5307"},{"taxonomy":"product_tag","embeddable":true,"href":"https:\/\/vapingnet.de\/lt\/wp-json\/wp\/v2\/product_tag?post=5307"}],"curies":[{"name":"wp","href":"https:\/\/api.w.org\/{rel}","templated":true}]}}