{"id":5310,"date":"2025-03-14T07:11:29","date_gmt":"2025-03-14T07:11:29","guid":{"rendered":"https:\/\/vapingnet.de\/?post_type=product&#038;p=5310"},"modified":"2025-06-19T03:41:18","modified_gmt":"2025-06-19T03:41:18","slug":"blueberry-ice-bang-36000-puffs-mesh-coil-einweg-e-zigarette-fuer-puren-genuss","status":"publish","type":"product","link":"https:\/\/vapingnet.de\/lt\/vape\/blueberry-ice-bang-36000-puffs-mesh-coil-einweg-e-zigarette-fuer-puren-genuss\/","title":{"rendered":"M\u0117lyni\u0173 Ledas Bang 36000 R\u016bkali\u0173 Tinklelio Rit\u0117 Vienkartin\u0117 elektronin\u0117 cigaret\u0117 tikram malonumui"},"content":{"rendered":"<h2 data-start=\"0\" data-end=\"112\">Bang King 36000 Puffs Mesh Coil \u2013 Ilgaam\u017eis, Intensyvus, Stilingas \u2013 Patirk i\u0161skirtin\u0119 garinimo patirt\u012f<\/h2>\n<p data-start=\"114\" data-end=\"474\">Ar ie\u0161kote elektronin\u0117s cigaret\u0117s, kuri ne tik pasi\u016blyt\u0173 stipri\u0105 akumuliatoriaus veikimo trukm\u0119, bet ir i\u0161skirtin\u012f skon\u012f? Bang King 36000 Puffs Mesh Coil atitiks visus j\u016bs\u0173 reikalavimus! Nesvarbu, ar ie\u0161kote ilgalaikio naudojimo ar intensyvaus skonio, \u0161i \u012franga garantuotai suteiks geriausi\u0105 garinimo patirt\u012f.<\/p>\n<ul>\n<li data-start=\"481\" data-end=\"544\">Stipri akumuliatoriaus veikimo trukm\u0117, i\u0161skirtin\u0117 naudojimo patirtis<br \/>\nBang King 36000 Puffs Mesh Coil yra su 40 ml pripildyto skys\u010dio ir 650 mAh \u012fkraunamu akumuliatoriumi, kuris iki <a href=\"https:\/\/vapingnet.de\/lt\/k\/vape-36000-zuege\/\" target=\"_blank\" rel=\"noopener\"><strong>36 000 \u012fkv\u0117pim\u0173<\/strong><\/a> si\u016blo. Nesvarbu, ar esate kelyje, ar atsipalaiduojate namuose, galite m\u0117gautis pilnu akumuliatoriaus ir skys\u010dio kiekiu, nereik\u0117s nuolat papildyti ar keisti.<\/li>\n<li data-start=\"876\" data-end=\"924\">Tiesiai \u012f plau\u010dius (DTL), tankios debesys<br \/>\nSu 0,6\u03a9 Sub-Ohm Mesh Coil \u0161i elektronin\u0117 cigaret\u0117 suteikia tiesioginio \u012f plau\u010dius (DTL) patirt\u012f ir teikia dar intensyvesnius, pilnesnius garo aromatus. Kiekvienas \u012fkv\u0117pimas pilnas turtingo skonio ir tobulos aromato \u2013 tikra \u012ftraukian\u010dia patirtis.<\/li>\n<li data-start=\"1185\" data-end=\"1229\">Greitas \u012fkrovimas su Type-C jungtimi<br \/>\nSu Type-C \u012fkrovimo jungtimi Bang King 36000 Puffs Mesh Coil u\u017etikrina itin greit\u0105 \u012fkrovim\u0105. Vos keli\u0173 akimirk\u0173 laukimas, kad gal\u0117tum\u0117te bet kada ir bet kur greitai v\u0117l garinti, nereik\u0117s ilgai laukti \u012fkrovimo.<\/li>\n<li data-start=\"1466\" data-end=\"1490\">\u0160auni LED \u0161viesa<br \/>\nKiekvieno \u012fkv\u0117pimo metu elektronin\u0117s cigaret\u0117s LED \u0161viesa \u012fsijungia ir sukuria vizualin\u012f efekt\u0105, kuris pagerina vis\u0105 garinimo patirt\u012f. Ji ne tik suteikia \u012frenginiui \u0161aun\u0173 i\u0161vaizd\u0105, bet ir priduria ka\u017ek\u0105 ypatingo, kas i\u0161siskirs gatv\u0117je!<\/li>\n<\/ul>\n<h4 data-start=\"1779\" data-end=\"1839\">Rekomenduojamas skonis: Blueberry Ice<\/h4>\n<p data-start=\"1841\" data-end=\"2093\">Blueberry Ice skonis sujungia gaivum\u0105 su vaisine saldumu. M\u0117lyni\u0173 saldumas kartu su m\u0117t\u0173 gaivumu sukuria \u0161vie\u017ei\u0105, nepamir\u0161tam\u0105 garinimo patirt\u012f, kuri numal\u0161ina tro\u0161kul\u012f ir lieka \u012fsimintina.<\/p>\n<ul data-start=\"2095\" data-end=\"2346\">\n<li data-start=\"2095\" data-end=\"2175\">M\u0117lyn\u0117: Saldus ir turtingas \u2013 i\u0161skirtin\u0117 skonio patirtis.<\/li>\n<li data-start=\"2176\" data-end=\"2257\">M\u0117tos: \u0160vie\u017eias, ledinis gaivumas, kuris kiekvien\u0105 \u012fkv\u0117pim\u0105 paver\u010dia malonumu.<\/li>\n<li data-start=\"2258\" data-end=\"2346\">\u0160vie\u017eumas: Tobula balansas tarp ledo ir vaisi\u0173, kuris visada i\u0161laiko jus \u0161vie\u017eiu.<\/li>\n<\/ul>\n<h3>Kod\u0117l verta rinktis Bang King 36000 Puffs Mesh Coil?<\/h3>\n<ul data-start=\"2412\" data-end=\"3053\">\n<li data-start=\"2412\" data-end=\"2542\">Ilgaam\u017eis akumuliatoriaus veikimo laikas: su 40 ml pripildyto skys\u010dio ir 650 mAh akumuliatoriumi, kuris palaiko iki 36 000 \u012fkv\u0117pim\u0173.<\/li>\n<li data-start=\"2543\" data-end=\"2646\">Intensyv\u016bs garo debesys: 0,6\u03a9 Sub-Ohm Mesh Coil suteikia \u0161veln\u0173 gar\u0105 ir intensyv\u0173 skon\u012f.<\/li>\n<li data-start=\"2647\" data-end=\"2737\">Greitas \u012fkrovimas: Type-C jungtis leid\u017eia beveik akimirksniu \u012fkrauti.<\/li>\n<li data-start=\"2738\" data-end=\"2859\">Jokio muito mokes\u010di\u0173: perkant elektronin\u0119 cigaret\u0119 galite b\u016bti tikri, kad papildom\u0173 mokes\u010di\u0173 nebus.<\/li>\n<li data-start=\"2860\" data-end=\"2974\">\u012evairios skonio galimyb\u0117s: 12 skirting\u0173 skoni\u0173, kurie patenkins visus poreikius.<\/li>\n<li data-start=\"2975\" data-end=\"3053\">Paprasta naudoti: <a href=\"https:\/\/vapingnet.de\/lt\/k\/einweg-e-zigarette\/\" target=\"_blank\" rel=\"noopener\"><strong>Vienkartin\u0117 elektronin\u0117 cigaret\u0117<\/strong><\/a> be prie\u017ei\u016bros \u2013 tiesiog m\u0117gaukit\u0117s.<\/li>\n<\/ul>\n<p data-start=\"3060\" data-end=\"3295\">Dabar i\u0161bandykite Bang King 36000 Puffs Mesh Coil ir m\u0117gaukit\u0117s ilgalaikiu, intensyviu skoniu! Apsilankykite m\u016bs\u0173 svetain\u0117je \u0161iandien, kad pasirinktum\u0117te jums tobul\u0105 elektronin\u0119 cigaret\u0119 ir m\u0117gautum\u0117t\u0117s nepamir\u0161tamais garinimo patyrimais!<\/p>\n<p data-start=\"3297\" data-end=\"3354\" data-is-last-node=\"\" data-is-only-node=\"\">\ud83d\udd17 Pirkti dabar: <a href=\"https:\/\/vapingnet.de\/lt\/\" target=\"_new\" rel=\"noopener\" data-start=\"3316\" data-end=\"3352\">vapingnet.de<\/a><\/p>","protected":false},"excerpt":{"rendered":"<p>Bang King 36000 R\u016bkali\u0173 tinklelis su Mesh Coil \u2013 ilgaam\u017eis, intensyvus, stilingas \u2013 patirkite i\u0161skirtin\u012f garinimo patirt\u012f. Ie\u0161kote elektronin\u0117s cigaret\u0117s, kuri neb\u016bt\u0173...<\/p>","protected":false},"featured_media":5311,"template":"","meta":[],"etheme_brands":[],"product_brand":[101],"product_cat":[57,49,61],"product_tag":[],"class_list":{"0":"post-5310","1":"product","2":"type-product","3":"status-publish","4":"has-post-thumbnail","6":"product_brand-bang-king-vape","7":"product_cat-vape-36000-zuege","8":"product_cat-einweg-e-zigarette","9":"product_cat-f","11":"first","12":"instock","13":"shipping-taxable","14":"purchasable","15":"product-type-simple"},"yoast_head":"<!-- This site is optimized with the Yoast SEO plugin v26.5 - https:\/\/yoast.com\/wordpress\/plugins\/seo\/ -->\n<title>Blueberry Ice Bang 36000 Puffs Mesh Coil Einweg E-Zigarette f\u00fcr puren Genuss | Vapingnet.de<\/title>\n<meta name=\"description\" content=\"Wir verkaufen Blueberry Ice Bang 36000 Puffs Mesh Coil Einweg E-Zigarette f\u00fcr puren Genuss , \u2713 Hohe Puffs-Zahl \u2713 Einfach zu verwenden \u2713 Vielseitige Aromen \u2713\u27a4 Jetzt kaufen!\" \/>\n<meta name=\"robots\" content=\"index, follow, max-snippet:-1, max-image-preview:large, max-video-preview:-1\" \/>\n<link rel=\"canonical\" href=\"https:\/\/vapingnet.de\/lt\/vape\/blueberry-ice-bang-36000-puffs-mesh-coil-einweg-e-zigarette-fuer-puren-genuss\/\" \/>\n<meta property=\"og:locale\" content=\"lt_LT\" \/>\n<meta property=\"og:type\" content=\"article\" \/>\n<meta property=\"og:title\" content=\"Blueberry Ice Bang 36000 Puffs Mesh Coil Einweg E-Zigarette f\u00fcr puren Genuss | Vapingnet.de\" \/>\n<meta property=\"og:description\" content=\"Wir verkaufen Blueberry Ice Bang 36000 Puffs Mesh Coil Einweg E-Zigarette f\u00fcr puren Genuss , \u2713 Hohe Puffs-Zahl \u2713 Einfach zu verwenden \u2713 Vielseitige Aromen \u2713\u27a4 Jetzt kaufen!\" \/>\n<meta property=\"og:url\" content=\"https:\/\/vapingnet.de\/lt\/vape\/blueberry-ice-bang-36000-puffs-mesh-coil-einweg-e-zigarette-fuer-puren-genuss\/\" \/>\n<meta property=\"og:site_name\" content=\"Vapingnet.de\" \/>\n<meta property=\"article:publisher\" content=\"https:\/\/www.facebook.com\/vapingnetde\/\" \/>\n<meta property=\"article:modified_time\" content=\"2025-06-19T03:41:18+00:00\" \/>\n<meta property=\"og:image\" content=\"https:\/\/vapingnet.de\/wp-content\/uploads\/2025\/03\/Blueberry-Ice.png\" \/>\n\t<meta property=\"og:image:width\" content=\"900\" \/>\n\t<meta property=\"og:image:height\" content=\"600\" \/>\n\t<meta property=\"og:image:type\" content=\"image\/png\" \/>\n<meta name=\"twitter:card\" content=\"summary_large_image\" \/>\n<meta name=\"twitter:label1\" content=\"Est. reading time\" \/>\n\t<meta name=\"twitter:data1\" content=\"3 minutes\" \/>\n<script type=\"application\/ld+json\" class=\"yoast-schema-graph\">{\"@context\":\"https:\/\/schema.org\",\"@graph\":[{\"@type\":\"WebPage\",\"@id\":\"https:\/\/vapingnet.de\/vape\/blueberry-ice-bang-36000-puffs-mesh-coil-einweg-e-zigarette-fuer-puren-genuss\/\",\"url\":\"https:\/\/vapingnet.de\/vape\/blueberry-ice-bang-36000-puffs-mesh-coil-einweg-e-zigarette-fuer-puren-genuss\/\",\"name\":\"Blueberry Ice Bang 36000 Puffs Mesh Coil Einweg E-Zigarette f\u00fcr puren Genuss | Vapingnet.de\",\"isPartOf\":{\"@id\":\"https:\/\/vapingnet.de\/#website\"},\"primaryImageOfPage\":{\"@id\":\"https:\/\/vapingnet.de\/vape\/blueberry-ice-bang-36000-puffs-mesh-coil-einweg-e-zigarette-fuer-puren-genuss\/#primaryimage\"},\"image\":{\"@id\":\"https:\/\/vapingnet.de\/vape\/blueberry-ice-bang-36000-puffs-mesh-coil-einweg-e-zigarette-fuer-puren-genuss\/#primaryimage\"},\"thumbnailUrl\":\"https:\/\/vapingnet.de\/wp-content\/uploads\/2025\/03\/Blueberry-Ice.png\",\"datePublished\":\"2025-03-14T07:11:29+00:00\",\"dateModified\":\"2025-06-19T03:41:18+00:00\",\"description\":\"Wir verkaufen Blueberry Ice Bang 36000 Puffs Mesh Coil Einweg E-Zigarette f\u00fcr puren Genuss , \u2713 Hohe Puffs-Zahl \u2713 Einfach zu verwenden \u2713 Vielseitige Aromen \u2713\u27a4 Jetzt kaufen!\",\"breadcrumb\":{\"@id\":\"https:\/\/vapingnet.de\/vape\/blueberry-ice-bang-36000-puffs-mesh-coil-einweg-e-zigarette-fuer-puren-genuss\/#breadcrumb\"},\"inLanguage\":\"lt-LT\",\"potentialAction\":[{\"@type\":\"ReadAction\",\"target\":[\"https:\/\/vapingnet.de\/vape\/blueberry-ice-bang-36000-puffs-mesh-coil-einweg-e-zigarette-fuer-puren-genuss\/\"]}]},{\"@type\":\"ImageObject\",\"inLanguage\":\"lt-LT\",\"@id\":\"https:\/\/vapingnet.de\/vape\/blueberry-ice-bang-36000-puffs-mesh-coil-einweg-e-zigarette-fuer-puren-genuss\/#primaryimage\",\"url\":\"https:\/\/vapingnet.de\/wp-content\/uploads\/2025\/03\/Blueberry-Ice.png\",\"contentUrl\":\"https:\/\/vapingnet.de\/wp-content\/uploads\/2025\/03\/Blueberry-Ice.png\",\"width\":900,\"height\":600,\"caption\":\"Blueberry Ice\"},{\"@type\":\"BreadcrumbList\",\"@id\":\"https:\/\/vapingnet.de\/vape\/blueberry-ice-bang-36000-puffs-mesh-coil-einweg-e-zigarette-fuer-puren-genuss\/#breadcrumb\",\"itemListElement\":[{\"@type\":\"ListItem\",\"position\":1,\"name\":\"Home\",\"item\":\"https:\/\/vapingnet.de\/\"},{\"@type\":\"ListItem\",\"position\":2,\"name\":\"Shop\",\"item\":\"https:\/\/vapingnet.de\/vape\/\"},{\"@type\":\"ListItem\",\"position\":3,\"name\":\"Blueberry Ice Bang 36000 Puffs Mesh Coil Einweg E-Zigarette f\u00fcr puren Genuss\"}]},{\"@type\":\"WebSite\",\"@id\":\"https:\/\/vapingnet.de\/#website\",\"url\":\"https:\/\/vapingnet.de\/\",\"name\":\"Vapingnet.de\",\"description\":\"\",\"publisher\":{\"@id\":\"https:\/\/vapingnet.de\/#organization\"},\"potentialAction\":[{\"@type\":\"SearchAction\",\"target\":{\"@type\":\"EntryPoint\",\"urlTemplate\":\"https:\/\/vapingnet.de\/?s={search_term_string}\"},\"query-input\":{\"@type\":\"PropertyValueSpecification\",\"valueRequired\":true,\"valueName\":\"search_term_string\"}}],\"inLanguage\":\"lt-LT\"},{\"@type\":\"Organization\",\"@id\":\"https:\/\/vapingnet.de\/#organization\",\"name\":\"Vapingnet.de\",\"url\":\"https:\/\/vapingnet.de\/\",\"logo\":{\"@type\":\"ImageObject\",\"inLanguage\":\"lt-LT\",\"@id\":\"https:\/\/vapingnet.de\/#\/schema\/logo\/image\/\",\"url\":\"https:\/\/vapingnet.de\/wp-content\/uploads\/2025\/03\/cropped-vapingnet.de_.jpg\",\"contentUrl\":\"https:\/\/vapingnet.de\/wp-content\/uploads\/2025\/03\/cropped-vapingnet.de_.jpg\",\"width\":512,\"height\":512,\"caption\":\"Vapingnet.de\"},\"image\":{\"@id\":\"https:\/\/vapingnet.de\/#\/schema\/logo\/image\/\"},\"sameAs\":[\"https:\/\/www.facebook.com\/vapingnetde\/\"]}]}<\/script>\n<!-- \/ Yoast SEO plugin. -->","yoast_head_json":{"title":"Blueberry Ice Bang 36000 Puffs Mesh Coil Einweg E-Zigarette f\u00fcr puren Genuss | Vapingnet.de","description":"Wir verkaufen Blueberry Ice Bang 36000 Puffs Mesh Coil Einweg E-Zigarette f\u00fcr puren Genuss , \u2713 Hohe Puffs-Zahl \u2713 Einfach zu verwenden \u2713 Vielseitige Aromen \u2713\u27a4 Jetzt kaufen!","robots":{"index":"index","follow":"follow","max-snippet":"max-snippet:-1","max-image-preview":"max-image-preview:large","max-video-preview":"max-video-preview:-1"},"canonical":"https:\/\/vapingnet.de\/lt\/vape\/blueberry-ice-bang-36000-puffs-mesh-coil-einweg-e-zigarette-fuer-puren-genuss\/","og_locale":"lt_LT","og_type":"article","og_title":"Blueberry Ice Bang 36000 Puffs Mesh Coil Einweg E-Zigarette f\u00fcr puren Genuss | Vapingnet.de","og_description":"Wir verkaufen Blueberry Ice Bang 36000 Puffs Mesh Coil Einweg E-Zigarette f\u00fcr puren Genuss , \u2713 Hohe Puffs-Zahl \u2713 Einfach zu verwenden \u2713 Vielseitige Aromen \u2713\u27a4 Jetzt kaufen!","og_url":"https:\/\/vapingnet.de\/lt\/vape\/blueberry-ice-bang-36000-puffs-mesh-coil-einweg-e-zigarette-fuer-puren-genuss\/","og_site_name":"Vapingnet.de","article_publisher":"https:\/\/www.facebook.com\/vapingnetde\/","article_modified_time":"2025-06-19T03:41:18+00:00","og_image":[{"width":900,"height":600,"url":"https:\/\/vapingnet.de\/wp-content\/uploads\/2025\/03\/Blueberry-Ice.png","type":"image\/png"}],"twitter_card":"summary_large_image","twitter_misc":{"Est. reading time":"3 minutes"},"schema":{"@context":"https:\/\/schema.org","@graph":[{"@type":"WebPage","@id":"https:\/\/vapingnet.de\/vape\/blueberry-ice-bang-36000-puffs-mesh-coil-einweg-e-zigarette-fuer-puren-genuss\/","url":"https:\/\/vapingnet.de\/vape\/blueberry-ice-bang-36000-puffs-mesh-coil-einweg-e-zigarette-fuer-puren-genuss\/","name":"Blueberry Ice Bang 36000 Puffs Mesh Coil Einweg E-Zigarette f\u00fcr puren Genuss | Vapingnet.de","isPartOf":{"@id":"https:\/\/vapingnet.de\/#website"},"primaryImageOfPage":{"@id":"https:\/\/vapingnet.de\/vape\/blueberry-ice-bang-36000-puffs-mesh-coil-einweg-e-zigarette-fuer-puren-genuss\/#primaryimage"},"image":{"@id":"https:\/\/vapingnet.de\/vape\/blueberry-ice-bang-36000-puffs-mesh-coil-einweg-e-zigarette-fuer-puren-genuss\/#primaryimage"},"thumbnailUrl":"https:\/\/vapingnet.de\/wp-content\/uploads\/2025\/03\/Blueberry-Ice.png","datePublished":"2025-03-14T07:11:29+00:00","dateModified":"2025-06-19T03:41:18+00:00","description":"Wir verkaufen Blueberry Ice Bang 36000 Puffs Mesh Coil Einweg E-Zigarette f\u00fcr puren Genuss , \u2713 Hohe Puffs-Zahl \u2713 Einfach zu verwenden \u2713 Vielseitige Aromen \u2713\u27a4 Jetzt kaufen!","breadcrumb":{"@id":"https:\/\/vapingnet.de\/vape\/blueberry-ice-bang-36000-puffs-mesh-coil-einweg-e-zigarette-fuer-puren-genuss\/#breadcrumb"},"inLanguage":"lt-LT","potentialAction":[{"@type":"ReadAction","target":["https:\/\/vapingnet.de\/vape\/blueberry-ice-bang-36000-puffs-mesh-coil-einweg-e-zigarette-fuer-puren-genuss\/"]}]},{"@type":"ImageObject","inLanguage":"lt-LT","@id":"https:\/\/vapingnet.de\/vape\/blueberry-ice-bang-36000-puffs-mesh-coil-einweg-e-zigarette-fuer-puren-genuss\/#primaryimage","url":"https:\/\/vapingnet.de\/wp-content\/uploads\/2025\/03\/Blueberry-Ice.png","contentUrl":"https:\/\/vapingnet.de\/wp-content\/uploads\/2025\/03\/Blueberry-Ice.png","width":900,"height":600,"caption":"Blueberry Ice"},{"@type":"BreadcrumbList","@id":"https:\/\/vapingnet.de\/vape\/blueberry-ice-bang-36000-puffs-mesh-coil-einweg-e-zigarette-fuer-puren-genuss\/#breadcrumb","itemListElement":[{"@type":"ListItem","position":1,"name":"Home","item":"https:\/\/vapingnet.de\/"},{"@type":"ListItem","position":2,"name":"Shop","item":"https:\/\/vapingnet.de\/vape\/"},{"@type":"ListItem","position":3,"name":"Blueberry Ice Bang 36000 Puffs Mesh Coil Einweg E-Zigarette f\u00fcr puren Genuss"}]},{"@type":"WebSite","@id":"https:\/\/vapingnet.de\/#website","url":"https:\/\/vapingnet.de\/","name":"Vapingnet.de","description":"","publisher":{"@id":"https:\/\/vapingnet.de\/#organization"},"potentialAction":[{"@type":"SearchAction","target":{"@type":"EntryPoint","urlTemplate":"https:\/\/vapingnet.de\/?s={search_term_string}"},"query-input":{"@type":"PropertyValueSpecification","valueRequired":true,"valueName":"search_term_string"}}],"inLanguage":"lt-LT"},{"@type":"Organization","@id":"https:\/\/vapingnet.de\/#organization","name":"Vapingnet.de","url":"https:\/\/vapingnet.de\/","logo":{"@type":"ImageObject","inLanguage":"lt-LT","@id":"https:\/\/vapingnet.de\/#\/schema\/logo\/image\/","url":"https:\/\/vapingnet.de\/wp-content\/uploads\/2025\/03\/cropped-vapingnet.de_.jpg","contentUrl":"https:\/\/vapingnet.de\/wp-content\/uploads\/2025\/03\/cropped-vapingnet.de_.jpg","width":512,"height":512,"caption":"Vapingnet.de"},"image":{"@id":"https:\/\/vapingnet.de\/#\/schema\/logo\/image\/"},"sameAs":["https:\/\/www.facebook.com\/vapingnetde\/"]}]}},"tiered_pricing_type":"fixed","tiered_pricing_fixed_rules":{"8":"10.44","60":"9.40","110":"8.35","200":"7.31"},"tiered_pricing_product_settings":{"layout":"default","base_unit_name":{"singular":null,"plural":null},"default_variation":null},"tiered_pricing_minimum_quantity":null,"tiered_pricing_roles_data":[],"tiered_pricing_percentage_rules":[],"_links":{"self":[{"href":"https:\/\/vapingnet.de\/lt\/wp-json\/wp\/v2\/product\/5310","targetHints":{"allow":["GET"]}}],"collection":[{"href":"https:\/\/vapingnet.de\/lt\/wp-json\/wp\/v2\/product"}],"about":[{"href":"https:\/\/vapingnet.de\/lt\/wp-json\/wp\/v2\/types\/product"}],"version-history":[{"count":1,"href":"https:\/\/vapingnet.de\/lt\/wp-json\/wp\/v2\/product\/5310\/revisions"}],"predecessor-version":[{"id":5312,"href":"https:\/\/vapingnet.de\/lt\/wp-json\/wp\/v2\/product\/5310\/revisions\/5312"}],"wp:featuredmedia":[{"embeddable":true,"href":"https:\/\/vapingnet.de\/lt\/wp-json\/wp\/v2\/media\/5311"}],"wp:attachment":[{"href":"https:\/\/vapingnet.de\/lt\/wp-json\/wp\/v2\/media?parent=5310"}],"wp:term":[{"taxonomy":"brand","embeddable":true,"href":"https:\/\/vapingnet.de\/lt\/wp-json\/wp\/v2\/etheme_brands?post=5310"},{"taxonomy":"product_brand","embeddable":true,"href":"https:\/\/vapingnet.de\/lt\/wp-json\/wp\/v2\/product_brand?post=5310"},{"taxonomy":"product_cat","embeddable":true,"href":"https:\/\/vapingnet.de\/lt\/wp-json\/wp\/v2\/product_cat?post=5310"},{"taxonomy":"product_tag","embeddable":true,"href":"https:\/\/vapingnet.de\/lt\/wp-json\/wp\/v2\/product_tag?post=5310"}],"curies":[{"name":"wp","href":"https:\/\/api.w.org\/{rel}","templated":true}]}}