{"id":5316,"date":"2025-12-12T07:27:57","date_gmt":"2025-12-12T07:27:57","guid":{"rendered":"https:\/\/vapingnet.de\/?post_type=product&#038;p=5316"},"modified":"2025-12-13T02:44:39","modified_gmt":"2025-12-13T02:44:39","slug":"einweg-e-zigarette-bang-36000-puffs-mesh-coil-strawberry-mango-jetzt-zum-grosshandelspreis-kaufen","status":"publish","type":"product","link":"https:\/\/vapingnet.de\/lt\/vape\/einweg-e-zigarette-bang-36000-puffs-mesh-coil-strawberry-mango-jetzt-zum-grosshandelspreis-kaufen\/","title":{"rendered":"Vienkartin\u0117 elektronin\u0117 cigaret\u0117 Bang 36000 R\u016bkali\u0173 Tinklelio Rit\u0117 Bra\u0161k\u0117 Mango Dabar pirkti u\u017e didmenin\u0117s kainos"},"content":{"rendered":"<h2 data-start=\"29\" data-end=\"142\">Bang King 36000 Puffs Mesh Coil \u2013 M\u0117gaukit\u0117s galutiniu malonumu ir neprilygstamu garinimo patirtimi!<\/h2>\n<p data-start=\"204\" data-end=\"585\">Bang King 36000 Puffs Mesh Coil si\u016blo visi\u0161kai nauj\u0105 garinimo patirt\u012f. Tai ne tik apie kasdien\u012f poreik\u012f patenkinti, bet ir apie i\u0161skirtin\u012f nuotol\u012f, tankias d\u016bm\u0173 debesys ir modern\u0173 dizain\u0105, kuris kiekvien\u0105 \u012fkv\u0117pim\u0105 paver\u010dia ypatingu malonumu. \u0160is \u012frenginys atitinka visas \u0161iuolaikinio gyvenimo poreikius ir yra ideali pasirinktis gar\u0173 m\u0117g\u0117jams.<\/p>\n<h4 data-start=\"587\" data-end=\"627\">Produkto akcentai ap\u017evalgai:<\/h4>\n<ul data-start=\"629\" data-end=\"1559\">\n<li data-start=\"629\" data-end=\"886\">\n<p data-start=\"631\" data-end=\"886\">Ekstremaliai ilgas veikimo laikas: su 650mAh \u012fkraunama baterija ir 40ml pripildytu E-liquido bakeliu, Bang King 36000 Puffs Mesh Coil si\u016blo iki <a href=\"https:\/\/vapingnet.de\/lt\/k\/vape-36000-zuege\/\" target=\"_blank\" rel=\"noopener\"><strong>36 000 \u012fkv\u0117pim\u0173<\/strong><\/a> \u2013 nepaprastai ilgo garinimo be da\u017eno papildymo ar \u012fkrovimo.<\/p>\n<\/li>\n<li data-start=\"888\" data-end=\"1127\">\n<p data-start=\"890\" data-end=\"1127\">Tankios d\u016bm\u0173 debesys: su 0,6\u03a9 Sub-Ohm Mesh rit\u0117, \u0161is \u012frenginys leid\u017eia tiesiogin\u012f plau\u010di\u0173 \u012fkv\u0117pim\u0105 (DTL), kuris u\u017etikrina ypa\u010d tankias, \u0161velnias d\u016bm\u0173 debesys. Kiekvienas \u012fkv\u0117pimas suteikia intensyv\u0173 skonio patirt\u012f.<\/p>\n<\/li>\n<li data-start=\"1129\" data-end=\"1328\">\n<p data-start=\"1131\" data-end=\"1328\">Stilinga LED ap\u0161vietimas: kiekvieno \u012fkv\u0117pimo metu \u012frenginio \u0161viesus LED ap\u0161vietimas \u012fsijungia ir ne tik suteikia vizualin\u012f akcent\u0105, bet ir pabr\u0117\u017eia j\u016bs\u0173 asmenin\u012f stili\u0173.<\/p>\n<\/li>\n<li data-start=\"1330\" data-end=\"1559\">\n<p data-start=\"1332\" data-end=\"1559\">Greitas \u012fkrovimas: Type-C jungtis leid\u017eia itin greitai \u012fkrauti \u012frengin\u012f, tod\u0117l beveik netur\u0117site laukti. Galite bet kada ir bet kur greitai \u012fkrauti ir t\u0119sti garinim\u0105 be pertraukos.<\/p>\n<\/li>\n<\/ul>\n<h4 data-start=\"1561\" data-end=\"1640\">12 skirting\u0173 skoni\u0173 \u2013 kiekvieno skoniui tinkamas pasirinkimas<\/h4>\n<p data-start=\"1642\" data-end=\"1940\">Nepriklausomai nuo to, ar m\u0117gstate vaisinius gaivumus, ar \u0161aldytus aromatus \u2013 <a href=\"https:\/\/vapingnet.de\/fr\/Brands\/bang-king-vape\/\" target=\"_blank\" rel=\"noopener\"><strong>Bang King<\/strong><\/a> turi k\u0105 pasi\u016blyti kiekvienam skoniui. Galimi skonio variantai tarp j\u0173 yra bra\u0161ki\u0173 mango, m\u0117lyni\u0173 ledas ir arb\u016bzas. M\u0117gaukit\u0117s unikaliu skoniu su kiekvienu \u012fkv\u0117pimu.<\/p>\n<h3>Kod\u0117l Bang King 36000 Puffs Mesh Coil yra tinkamas pasirinkimas jums:<\/h3>\n<ul data-start=\"2025\" data-end=\"2636\">\n<li data-start=\"2025\" data-end=\"2178\">Ilgas veikimo laikas: su 40ml E-liquido ir 650mAh baterija galite m\u0117gautis iki 36 000 \u012fkv\u0117pim\u0173, nesukant galvos d\u0117l da\u017eno papildymo ar \u012fkrovimo.<\/li>\n<li data-start=\"2179\" data-end=\"2305\">Tankios d\u016bm\u0173 debesys: su 0,6\u03a9 Sub-Ohm Mesh rit\u0117, ji suteikia tank\u0173, \u0161veln\u0173 d\u016bm\u0105 ir intensyvi\u0105 skonio patirt\u012f.<\/li>\n<li data-start=\"2306\" data-end=\"2416\">Greitas \u012fkrovimas: Type-C jungtis leid\u017eia greitai \u012fkrauti, kad nereik\u0117t\u0173 ilgai laukti.<\/li>\n<li data-start=\"2417\" data-end=\"2519\">Be muit\u0173: pirkdami nepatirsite papildom\u0173 muit\u0173 mokes\u010di\u0173, tod\u0117l galite ramiai m\u0117gautis garinimu.<\/li>\n<li data-start=\"2520\" data-end=\"2636\">Vienkartinio naudojimo dizainas: be prie\u017ei\u016bros reikalaujantis dizainas leid\u017eia patogiai ir be pastang\u0173 garinti bet kada.<\/li>\n<\/ul>\n<h4 data-start=\"2638\" data-end=\"2699\">Pasirinkite Bang King ir patirkite galutin\u012f malonum\u0105<\/h4>\n<p data-start=\"2701\" data-end=\"2961\">Spustel\u0117kite \u0161i\u0105 nuorod\u0105, nor\u0117dami \u012fsigyti Bang King 36000 Puffs Mesh Coil ir m\u0117gautis neprilygstama garinimo patirtimi. M\u0117gaukit\u0117s ilgaam\u017ei\u0161kumu, tankiu d\u016bmu ir itin greitu \u012fkrovimu \u2013 skland\u017eiu garinimu, kuris jus su\u017eav\u0117s.<\/p>\n<p data-start=\"2963\" data-end=\"3019\">\ud83d\udd17 Pirkti dabar: <a href=\"https:\/\/vapingnet.de\/lt\/\" target=\"_new\" rel=\"noopener\" data-start=\"2982\" data-end=\"3017\">vapingnet.de<\/a><\/p>","protected":false},"excerpt":{"rendered":"<p>Bang King 36000 R\u016bkali\u0173 tinklelis su Mesh Coil \u2013 m\u0117gaukit\u0117s galutiniu malonumu ir neprilygstamu garinimo patirtimi! Bang King 36000 R\u016bkali\u0173 tinklelis su Mesh Coil si\u016blo visi\u0161kai...<\/p>","protected":false},"featured_media":5320,"template":"","meta":[],"etheme_brands":[],"product_brand":[101],"product_cat":[57,49,61],"product_tag":[],"class_list":{"0":"post-5316","1":"product","2":"type-product","3":"status-publish","4":"has-post-thumbnail","6":"product_brand-bang-king-vape","7":"product_cat-vape-36000-zuege","8":"product_cat-einweg-e-zigarette","9":"product_cat-f","11":"first","12":"instock","13":"shipping-taxable","14":"purchasable","15":"product-type-simple"},"yoast_head":"<!-- This site is optimized with the Yoast SEO plugin v26.5 - https:\/\/yoast.com\/wordpress\/plugins\/seo\/ -->\n<title>Einweg E-Zigarette Bang 36000 Puffs Mesh Coil Strawberry Mango Jetzt zum Gro\u00dfhandelspreis kaufen | vapingnet.de<\/title>\n<meta name=\"description\" content=\"Einweg E-Zigarette Bang 36000 Puffs Mesh Coil Strawberry Mango Jetzt zum Gro\u00dfhandelspreis kaufen \u25ba Viele Geschmacksrichtungen &amp; g\u00fcnstig bei vapingnet.de f\u00fcr E-Zigaretten-Liebhaber\" \/>\n<meta name=\"robots\" content=\"index, follow, max-snippet:-1, max-image-preview:large, max-video-preview:-1\" \/>\n<link rel=\"canonical\" href=\"https:\/\/vapingnet.de\/lt\/vape\/einweg-e-zigarette-bang-36000-puffs-mesh-coil-strawberry-mango-jetzt-zum-grosshandelspreis-kaufen\/\" \/>\n<meta property=\"og:locale\" content=\"lt_LT\" \/>\n<meta property=\"og:type\" content=\"article\" \/>\n<meta property=\"og:title\" content=\"Einweg E-Zigarette Bang 36000 Puffs Mesh Coil Strawberry Mango Jetzt zum Gro\u00dfhandelspreis kaufen | vapingnet.de\" \/>\n<meta property=\"og:description\" content=\"Einweg E-Zigarette Bang 36000 Puffs Mesh Coil Strawberry Mango Jetzt zum Gro\u00dfhandelspreis kaufen \u25ba Viele Geschmacksrichtungen &amp; g\u00fcnstig bei vapingnet.de f\u00fcr E-Zigaretten-Liebhaber\" \/>\n<meta property=\"og:url\" content=\"https:\/\/vapingnet.de\/lt\/vape\/einweg-e-zigarette-bang-36000-puffs-mesh-coil-strawberry-mango-jetzt-zum-grosshandelspreis-kaufen\/\" \/>\n<meta property=\"og:site_name\" content=\"Vapingnet.de\" \/>\n<meta property=\"article:publisher\" content=\"https:\/\/www.facebook.com\/vapingnetde\/\" \/>\n<meta property=\"article:modified_time\" content=\"2025-12-13T02:44:39+00:00\" \/>\n<meta property=\"og:image\" content=\"https:\/\/vapingnet.de\/wp-content\/uploads\/2025\/03\/Strawberry-Mango-1.png\" \/>\n\t<meta property=\"og:image:width\" content=\"900\" \/>\n\t<meta property=\"og:image:height\" content=\"600\" \/>\n\t<meta property=\"og:image:type\" content=\"image\/png\" \/>\n<meta name=\"twitter:card\" content=\"summary_large_image\" \/>\n<meta name=\"twitter:label1\" content=\"Est. reading time\" \/>\n\t<meta name=\"twitter:data1\" content=\"3 minutes\" \/>\n<script type=\"application\/ld+json\" class=\"yoast-schema-graph\">{\"@context\":\"https:\/\/schema.org\",\"@graph\":[{\"@type\":\"WebPage\",\"@id\":\"https:\/\/vapingnet.de\/vape\/einweg-e-zigarette-bang-36000-puffs-mesh-coil-strawberry-mango-jetzt-zum-grosshandelspreis-kaufen\/\",\"url\":\"https:\/\/vapingnet.de\/vape\/einweg-e-zigarette-bang-36000-puffs-mesh-coil-strawberry-mango-jetzt-zum-grosshandelspreis-kaufen\/\",\"name\":\"Einweg E-Zigarette Bang 36000 Puffs Mesh Coil Strawberry Mango Jetzt zum Gro\u00dfhandelspreis kaufen | vapingnet.de\",\"isPartOf\":{\"@id\":\"https:\/\/vapingnet.de\/#website\"},\"primaryImageOfPage\":{\"@id\":\"https:\/\/vapingnet.de\/vape\/einweg-e-zigarette-bang-36000-puffs-mesh-coil-strawberry-mango-jetzt-zum-grosshandelspreis-kaufen\/#primaryimage\"},\"image\":{\"@id\":\"https:\/\/vapingnet.de\/vape\/einweg-e-zigarette-bang-36000-puffs-mesh-coil-strawberry-mango-jetzt-zum-grosshandelspreis-kaufen\/#primaryimage\"},\"thumbnailUrl\":\"https:\/\/vapingnet.de\/wp-content\/uploads\/2025\/03\/Strawberry-Mango-1.png\",\"datePublished\":\"2025-12-12T07:27:57+00:00\",\"dateModified\":\"2025-12-13T02:44:39+00:00\",\"description\":\"Einweg E-Zigarette Bang 36000 Puffs Mesh Coil Strawberry Mango Jetzt zum Gro\u00dfhandelspreis kaufen \u25ba Viele Geschmacksrichtungen & g\u00fcnstig bei vapingnet.de f\u00fcr E-Zigaretten-Liebhaber\",\"breadcrumb\":{\"@id\":\"https:\/\/vapingnet.de\/vape\/einweg-e-zigarette-bang-36000-puffs-mesh-coil-strawberry-mango-jetzt-zum-grosshandelspreis-kaufen\/#breadcrumb\"},\"inLanguage\":\"lt-LT\",\"potentialAction\":[{\"@type\":\"ReadAction\",\"target\":[\"https:\/\/vapingnet.de\/vape\/einweg-e-zigarette-bang-36000-puffs-mesh-coil-strawberry-mango-jetzt-zum-grosshandelspreis-kaufen\/\"]}]},{\"@type\":\"ImageObject\",\"inLanguage\":\"lt-LT\",\"@id\":\"https:\/\/vapingnet.de\/vape\/einweg-e-zigarette-bang-36000-puffs-mesh-coil-strawberry-mango-jetzt-zum-grosshandelspreis-kaufen\/#primaryimage\",\"url\":\"https:\/\/vapingnet.de\/wp-content\/uploads\/2025\/03\/Strawberry-Mango-1.png\",\"contentUrl\":\"https:\/\/vapingnet.de\/wp-content\/uploads\/2025\/03\/Strawberry-Mango-1.png\",\"width\":900,\"height\":600,\"caption\":\"Strawberry Mango\"},{\"@type\":\"BreadcrumbList\",\"@id\":\"https:\/\/vapingnet.de\/vape\/einweg-e-zigarette-bang-36000-puffs-mesh-coil-strawberry-mango-jetzt-zum-grosshandelspreis-kaufen\/#breadcrumb\",\"itemListElement\":[{\"@type\":\"ListItem\",\"position\":1,\"name\":\"Home\",\"item\":\"https:\/\/vapingnet.de\/\"},{\"@type\":\"ListItem\",\"position\":2,\"name\":\"Shop\",\"item\":\"https:\/\/vapingnet.de\/vape\/\"},{\"@type\":\"ListItem\",\"position\":3,\"name\":\"Einweg E-Zigarette Bang 36000 Puffs Mesh Coil Strawberry Mango Jetzt zum Gro\u00dfhandelspreis kaufen\"}]},{\"@type\":\"WebSite\",\"@id\":\"https:\/\/vapingnet.de\/#website\",\"url\":\"https:\/\/vapingnet.de\/\",\"name\":\"Vapingnet.de\",\"description\":\"\",\"publisher\":{\"@id\":\"https:\/\/vapingnet.de\/#organization\"},\"potentialAction\":[{\"@type\":\"SearchAction\",\"target\":{\"@type\":\"EntryPoint\",\"urlTemplate\":\"https:\/\/vapingnet.de\/?s={search_term_string}\"},\"query-input\":{\"@type\":\"PropertyValueSpecification\",\"valueRequired\":true,\"valueName\":\"search_term_string\"}}],\"inLanguage\":\"lt-LT\"},{\"@type\":\"Organization\",\"@id\":\"https:\/\/vapingnet.de\/#organization\",\"name\":\"Vapingnet.de\",\"url\":\"https:\/\/vapingnet.de\/\",\"logo\":{\"@type\":\"ImageObject\",\"inLanguage\":\"lt-LT\",\"@id\":\"https:\/\/vapingnet.de\/#\/schema\/logo\/image\/\",\"url\":\"https:\/\/vapingnet.de\/wp-content\/uploads\/2025\/03\/cropped-vapingnet.de_.jpg\",\"contentUrl\":\"https:\/\/vapingnet.de\/wp-content\/uploads\/2025\/03\/cropped-vapingnet.de_.jpg\",\"width\":512,\"height\":512,\"caption\":\"Vapingnet.de\"},\"image\":{\"@id\":\"https:\/\/vapingnet.de\/#\/schema\/logo\/image\/\"},\"sameAs\":[\"https:\/\/www.facebook.com\/vapingnetde\/\"]}]}<\/script>\n<!-- \/ Yoast SEO plugin. -->","yoast_head_json":{"title":"Einweg E-Zigarette Bang 36000 Puffs Mesh Coil Strawberry Mango Jetzt zum Gro\u00dfhandelspreis kaufen | vapingnet.de","description":"Einweg E-Zigarette Bang 36000 Puffs Mesh Coil Strawberry Mango Jetzt zum Gro\u00dfhandelspreis kaufen \u25ba Viele Geschmacksrichtungen & g\u00fcnstig bei vapingnet.de f\u00fcr E-Zigaretten-Liebhaber","robots":{"index":"index","follow":"follow","max-snippet":"max-snippet:-1","max-image-preview":"max-image-preview:large","max-video-preview":"max-video-preview:-1"},"canonical":"https:\/\/vapingnet.de\/lt\/vape\/einweg-e-zigarette-bang-36000-puffs-mesh-coil-strawberry-mango-jetzt-zum-grosshandelspreis-kaufen\/","og_locale":"lt_LT","og_type":"article","og_title":"Einweg E-Zigarette Bang 36000 Puffs Mesh Coil Strawberry Mango Jetzt zum Gro\u00dfhandelspreis kaufen | vapingnet.de","og_description":"Einweg E-Zigarette Bang 36000 Puffs Mesh Coil Strawberry Mango Jetzt zum Gro\u00dfhandelspreis kaufen \u25ba Viele Geschmacksrichtungen & g\u00fcnstig bei vapingnet.de f\u00fcr E-Zigaretten-Liebhaber","og_url":"https:\/\/vapingnet.de\/lt\/vape\/einweg-e-zigarette-bang-36000-puffs-mesh-coil-strawberry-mango-jetzt-zum-grosshandelspreis-kaufen\/","og_site_name":"Vapingnet.de","article_publisher":"https:\/\/www.facebook.com\/vapingnetde\/","article_modified_time":"2025-12-13T02:44:39+00:00","og_image":[{"width":900,"height":600,"url":"https:\/\/vapingnet.de\/wp-content\/uploads\/2025\/03\/Strawberry-Mango-1.png","type":"image\/png"}],"twitter_card":"summary_large_image","twitter_misc":{"Est. reading time":"3 minutes"},"schema":{"@context":"https:\/\/schema.org","@graph":[{"@type":"WebPage","@id":"https:\/\/vapingnet.de\/vape\/einweg-e-zigarette-bang-36000-puffs-mesh-coil-strawberry-mango-jetzt-zum-grosshandelspreis-kaufen\/","url":"https:\/\/vapingnet.de\/vape\/einweg-e-zigarette-bang-36000-puffs-mesh-coil-strawberry-mango-jetzt-zum-grosshandelspreis-kaufen\/","name":"Einweg E-Zigarette Bang 36000 Puffs Mesh Coil Strawberry Mango Jetzt zum Gro\u00dfhandelspreis kaufen | vapingnet.de","isPartOf":{"@id":"https:\/\/vapingnet.de\/#website"},"primaryImageOfPage":{"@id":"https:\/\/vapingnet.de\/vape\/einweg-e-zigarette-bang-36000-puffs-mesh-coil-strawberry-mango-jetzt-zum-grosshandelspreis-kaufen\/#primaryimage"},"image":{"@id":"https:\/\/vapingnet.de\/vape\/einweg-e-zigarette-bang-36000-puffs-mesh-coil-strawberry-mango-jetzt-zum-grosshandelspreis-kaufen\/#primaryimage"},"thumbnailUrl":"https:\/\/vapingnet.de\/wp-content\/uploads\/2025\/03\/Strawberry-Mango-1.png","datePublished":"2025-12-12T07:27:57+00:00","dateModified":"2025-12-13T02:44:39+00:00","description":"Einweg E-Zigarette Bang 36000 Puffs Mesh Coil Strawberry Mango Jetzt zum Gro\u00dfhandelspreis kaufen \u25ba Viele Geschmacksrichtungen & g\u00fcnstig bei vapingnet.de f\u00fcr E-Zigaretten-Liebhaber","breadcrumb":{"@id":"https:\/\/vapingnet.de\/vape\/einweg-e-zigarette-bang-36000-puffs-mesh-coil-strawberry-mango-jetzt-zum-grosshandelspreis-kaufen\/#breadcrumb"},"inLanguage":"lt-LT","potentialAction":[{"@type":"ReadAction","target":["https:\/\/vapingnet.de\/vape\/einweg-e-zigarette-bang-36000-puffs-mesh-coil-strawberry-mango-jetzt-zum-grosshandelspreis-kaufen\/"]}]},{"@type":"ImageObject","inLanguage":"lt-LT","@id":"https:\/\/vapingnet.de\/vape\/einweg-e-zigarette-bang-36000-puffs-mesh-coil-strawberry-mango-jetzt-zum-grosshandelspreis-kaufen\/#primaryimage","url":"https:\/\/vapingnet.de\/wp-content\/uploads\/2025\/03\/Strawberry-Mango-1.png","contentUrl":"https:\/\/vapingnet.de\/wp-content\/uploads\/2025\/03\/Strawberry-Mango-1.png","width":900,"height":600,"caption":"Strawberry Mango"},{"@type":"BreadcrumbList","@id":"https:\/\/vapingnet.de\/vape\/einweg-e-zigarette-bang-36000-puffs-mesh-coil-strawberry-mango-jetzt-zum-grosshandelspreis-kaufen\/#breadcrumb","itemListElement":[{"@type":"ListItem","position":1,"name":"Home","item":"https:\/\/vapingnet.de\/"},{"@type":"ListItem","position":2,"name":"Shop","item":"https:\/\/vapingnet.de\/vape\/"},{"@type":"ListItem","position":3,"name":"Einweg E-Zigarette Bang 36000 Puffs Mesh Coil Strawberry Mango Jetzt zum Gro\u00dfhandelspreis kaufen"}]},{"@type":"WebSite","@id":"https:\/\/vapingnet.de\/#website","url":"https:\/\/vapingnet.de\/","name":"Vapingnet.de","description":"","publisher":{"@id":"https:\/\/vapingnet.de\/#organization"},"potentialAction":[{"@type":"SearchAction","target":{"@type":"EntryPoint","urlTemplate":"https:\/\/vapingnet.de\/?s={search_term_string}"},"query-input":{"@type":"PropertyValueSpecification","valueRequired":true,"valueName":"search_term_string"}}],"inLanguage":"lt-LT"},{"@type":"Organization","@id":"https:\/\/vapingnet.de\/#organization","name":"Vapingnet.de","url":"https:\/\/vapingnet.de\/","logo":{"@type":"ImageObject","inLanguage":"lt-LT","@id":"https:\/\/vapingnet.de\/#\/schema\/logo\/image\/","url":"https:\/\/vapingnet.de\/wp-content\/uploads\/2025\/03\/cropped-vapingnet.de_.jpg","contentUrl":"https:\/\/vapingnet.de\/wp-content\/uploads\/2025\/03\/cropped-vapingnet.de_.jpg","width":512,"height":512,"caption":"Vapingnet.de"},"image":{"@id":"https:\/\/vapingnet.de\/#\/schema\/logo\/image\/"},"sameAs":["https:\/\/www.facebook.com\/vapingnetde\/"]}]}},"tiered_pricing_type":"fixed","tiered_pricing_fixed_rules":{"8":"10.44","60":"9.40","110":"8.35","200":"7.31"},"tiered_pricing_product_settings":{"layout":"default","base_unit_name":{"singular":null,"plural":null},"default_variation":null},"tiered_pricing_minimum_quantity":null,"tiered_pricing_roles_data":[],"tiered_pricing_percentage_rules":[],"_links":{"self":[{"href":"https:\/\/vapingnet.de\/lt\/wp-json\/wp\/v2\/product\/5316","targetHints":{"allow":["GET"]}}],"collection":[{"href":"https:\/\/vapingnet.de\/lt\/wp-json\/wp\/v2\/product"}],"about":[{"href":"https:\/\/vapingnet.de\/lt\/wp-json\/wp\/v2\/types\/product"}],"version-history":[{"count":4,"href":"https:\/\/vapingnet.de\/lt\/wp-json\/wp\/v2\/product\/5316\/revisions"}],"predecessor-version":[{"id":5319,"href":"https:\/\/vapingnet.de\/lt\/wp-json\/wp\/v2\/product\/5316\/revisions\/5319"}],"wp:featuredmedia":[{"embeddable":true,"href":"https:\/\/vapingnet.de\/lt\/wp-json\/wp\/v2\/media\/5320"}],"wp:attachment":[{"href":"https:\/\/vapingnet.de\/lt\/wp-json\/wp\/v2\/media?parent=5316"}],"wp:term":[{"taxonomy":"brand","embeddable":true,"href":"https:\/\/vapingnet.de\/lt\/wp-json\/wp\/v2\/etheme_brands?post=5316"},{"taxonomy":"product_brand","embeddable":true,"href":"https:\/\/vapingnet.de\/lt\/wp-json\/wp\/v2\/product_brand?post=5316"},{"taxonomy":"product_cat","embeddable":true,"href":"https:\/\/vapingnet.de\/lt\/wp-json\/wp\/v2\/product_cat?post=5316"},{"taxonomy":"product_tag","embeddable":true,"href":"https:\/\/vapingnet.de\/lt\/wp-json\/wp\/v2\/product_tag?post=5316"}],"curies":[{"name":"wp","href":"https:\/\/api.w.org\/{rel}","templated":true}]}}