{"id":5323,"date":"2025-03-14T07:47:12","date_gmt":"2025-03-14T07:47:12","guid":{"rendered":"https:\/\/vapingnet.de\/?post_type=product&#038;p=5323"},"modified":"2025-06-19T03:41:17","modified_gmt":"2025-06-19T03:41:17","slug":"watermelon-bang-36000-puffs-mesh-coil-vape-mit-intensivem-fruchtgeschmack","status":"publish","type":"product","link":"https:\/\/vapingnet.de\/lt\/vape\/watermelon-bang-36000-puffs-mesh-coil-vape-mit-intensivem-fruchtgeschmack\/","title":{"rendered":"Vynuog\u0117s Bang 36000 R\u016bkali\u0173 Tinklelio Rit\u0117 Vaping su intensyviu vaisi\u0173 skoniu"},"content":{"rendered":"<h2 data-start=\"63\" data-end=\"183\">Bang King 36000 Puffs Mesh Coil: Tobula ilga tarnavimo trukm\u0117 ir intensyvi\u0173 skonio patir\u010di\u0173 derinys<\/h2>\n<p data-start=\"185\" data-end=\"566\">Ar ie\u0161kote \u012frenginio, kuris suteikt\u0173 tiek galing\u0105 skon\u012f, tiek \u012fsp\u016bding\u0105 akumuliatoriaus tarnavimo laik\u0105? Tuomet Bang King 36000 Puffs Mesh Coil yra tobulas pasirinkimas tau! \u0160is elektroninis cigaretes buvo specialiai sukurtas naudotojams, ie\u0161kantiems i\u0161skirtini\u0173 patir\u010di\u0173 \u2013 ar kasdieniam naudojimui, ar kelion\u0117se, jis suteiks tau neprilygstam\u0105 naudotojo patirt\u012f.<\/p>\n<h4 data-start=\"568\" data-end=\"595\">Produkto akcentai:<\/h4>\n<ul data-start=\"597\" data-end=\"1377\">\n<li data-start=\"597\" data-end=\"747\">Ilgaam\u017eis E-liquidas: su 40 ml pripildytu E-liquidu Bang King suteikia iki 36 000 \u012fkv\u0117pim\u0173, nereikalaujant nuolatinio papildymo.<\/li>\n<li data-start=\"748\" data-end=\"877\">Galingas akumuliatorius: 650mAh \u012fkraunamas akumuliatorius u\u017etikrina ilg\u0105 naudojim\u0105 ir nuolatin\u0119 stipri\u0105 gali\u0105.<\/li>\n<li data-start=\"878\" data-end=\"1038\">Tiesioginis garinimas \u012f plau\u010dius (DTL): su 0,6\u03a9 Sub-Ohm Mesh Coil patiri intensyv\u0173, tank\u0173 gar\u0105 su pilnu skoniu kiekvieno \u012fkv\u0117pimo metu.<\/li>\n<li data-start=\"1039\" data-end=\"1208\">Greitas \u012fkrovimas: Tipo-C \u012fkrovimo jungtis leid\u017eia greitai \u012fkrauti, tod\u0117l beveik netur\u0117si laukimo laiko ir \u012frenginys visada bus paruo\u0161tas naudoti.<\/li>\n<li data-start=\"1209\" data-end=\"1377\">Stilinga LED ap\u0161vietimas: Kiekvien\u0105 kart\u0105 \u012fkv\u0117pus, \u012fsijungia LED ap\u0161vietimas, sukuriantis \u0161aun\u0173 vizualin\u012f efekt\u0105, pabr\u0117\u017eiant\u012f tavo stili\u0173.<\/li>\n<\/ul>\n<h4 data-start=\"1379\" data-end=\"1409\">Skonio rekomendacija:<\/h4>\n<p data-start=\"1410\" data-end=\"1695\">Vynuog\u0117s\u00a0<br data-start=\"1439\" data-end=\"1442\" \/>Norite i\u0161bandyti gaiv\u0173 vasaros skon\u012f? Watermelon skonis atne\u0161 sald\u0173 ir gaiv\u0173 prinokusios arb\u016bzo aromat\u0105 kiekvieno \u012fkv\u0117pimo metu. Puikiai tinka tiems, kurie ie\u0161ko \u0161vie\u017eio ir vaisingo potyrio.<\/p>\n<h3>Kod\u0117l tur\u0117tum\u0117te pasirinkti Bang King 36000 Puffs Mesh Coil:<\/h3>\n<ul data-start=\"1768\" data-end=\"2463\">\n<li data-start=\"1768\" data-end=\"1943\">Ilgas akumuliatoriaus tarnavimo laikas: su 40 ml E-liquidu ir 650mAh akumuliatoriumi tur\u0117site pakankamai galios iki <a href=\"https:\/\/vapingnet.de\/lt\/k\/vape-36000-zuege\/\" target=\"_blank\" rel=\"noopener\"><strong>36 000 \u012fkv\u0117pim\u0173<\/strong><\/a> \u2013 daugiau nereik\u0117s nuolat papildyti ar keisti akumuliatoriaus.<\/li>\n<li data-start=\"1944\" data-end=\"2087\">Intensyvus skonis: d\u0117ka 0,6\u03a9 Sub-Ohm Mesh Coil kiekvienas \u012fkv\u0117pimas bus pilnas ir intensyvus \u2013 patirk skonio gilum\u0105.<\/li>\n<li data-start=\"2088\" data-end=\"2208\">Greitas \u012fkrovimas: Tipo-C \u012fkrovimo jungtis u\u017etikrina greit\u0105 \u012fkrovim\u0105, tod\u0117l beveik netur\u0117site laukimo laiko.<\/li>\n<li data-start=\"2209\" data-end=\"2301\">Be muit\u0173: N\u0117ra erzinan\u010di\u0173 muit\u0173, joki\u0173 papildom\u0173 mokes\u010di\u0173 \u2013 m\u0117gaukit\u0117s be r\u016bpes\u010di\u0173 \u012fsigijimu.<\/li>\n<li data-start=\"2302\" data-end=\"2463\">\u012evairios skonio galimyb\u0117s: su 12 skirting\u0173 skoni\u0173 tikrai rasite tobul\u0105 skon\u012f savo asmeniniam malonumui.<\/li>\n<\/ul>\n<h4 data-start=\"2465\" data-end=\"2559\">Patirk Bang King 36000 Puffs Mesh Coil ir m\u0117gaukis intensyviu garu bei skoniu!<\/h4>\n<p data-start=\"2561\" data-end=\"2742\">Nelaukite ilgiau \u2013 spustel\u0117kite \u017eemiau esan\u010di\u0105 nuorod\u0105, apsilankykite m\u016bs\u0173 svetain\u0117je ir pasirinkite savo m\u0117gstam\u0105 Bang King 36000 Puffs Mesh Coil skon\u012f!<\/p>\n<p data-start=\"2744\" data-end=\"2777\">\ud83d\udd17 Pirkti dabar: vapingnet.de<\/p>","protected":false},"excerpt":{"rendered":"<p>Bang King 36000 R\u016bkali\u0173 tinklelis su Mesh Coil: tobula ilgalaik\u0117s tarnavimo trukm\u0117s ir intensyvi\u0173 skonio patir\u010di\u0173 kombinacija. Ie\u0161kote \u012frenginio, kuris pasi\u017eym\u0117t\u0173 galingu skoniu ir...<\/p>","protected":false},"featured_media":5317,"template":"","meta":[],"etheme_brands":[],"product_brand":[101],"product_cat":[57,49,61],"product_tag":[],"class_list":{"0":"post-5323","1":"product","2":"type-product","3":"status-publish","4":"has-post-thumbnail","6":"product_brand-bang-king-vape","7":"product_cat-vape-36000-zuege","8":"product_cat-einweg-e-zigarette","9":"product_cat-f","11":"first","12":"instock","13":"shipping-taxable","14":"purchasable","15":"product-type-simple"},"yoast_head":"<!-- This site is optimized with the Yoast SEO plugin v26.5 - https:\/\/yoast.com\/wordpress\/plugins\/seo\/ -->\n<title>Watermelon Bang 36000 Puffs Mesh Coil Vape mit intensivem Fruchtgeschmack | vapingnet.de<\/title>\n<meta name=\"description\" content=\"Watermelon Bang 36000 Puffs Mesh Coil Vape mit intensivem Fruchtgeschmack \u25ba Viele Geschmacksrichtungen &amp; g\u00fcnstig bei vapingnet.de f\u00fcr E-Zigaretten-Liebhaber\" \/>\n<meta name=\"robots\" content=\"index, follow, max-snippet:-1, max-image-preview:large, max-video-preview:-1\" \/>\n<link rel=\"canonical\" href=\"https:\/\/vapingnet.de\/lt\/vape\/watermelon-bang-36000-puffs-mesh-coil-vape-mit-intensivem-fruchtgeschmack\/\" \/>\n<meta property=\"og:locale\" content=\"lt_LT\" \/>\n<meta property=\"og:type\" content=\"article\" \/>\n<meta property=\"og:title\" content=\"Watermelon Bang 36000 Puffs Mesh Coil Vape mit intensivem Fruchtgeschmack | vapingnet.de\" \/>\n<meta property=\"og:description\" content=\"Watermelon Bang 36000 Puffs Mesh Coil Vape mit intensivem Fruchtgeschmack \u25ba Viele Geschmacksrichtungen &amp; g\u00fcnstig bei vapingnet.de f\u00fcr E-Zigaretten-Liebhaber\" \/>\n<meta property=\"og:url\" content=\"https:\/\/vapingnet.de\/lt\/vape\/watermelon-bang-36000-puffs-mesh-coil-vape-mit-intensivem-fruchtgeschmack\/\" \/>\n<meta property=\"og:site_name\" content=\"Vapingnet.de\" \/>\n<meta property=\"article:publisher\" content=\"https:\/\/www.facebook.com\/vapingnetde\/\" \/>\n<meta property=\"article:modified_time\" content=\"2025-06-19T03:41:17+00:00\" \/>\n<meta property=\"og:image\" content=\"https:\/\/vapingnet.de\/wp-content\/uploads\/2025\/03\/Watermelon.png\" \/>\n\t<meta property=\"og:image:width\" content=\"900\" \/>\n\t<meta property=\"og:image:height\" content=\"600\" \/>\n\t<meta property=\"og:image:type\" content=\"image\/png\" \/>\n<meta name=\"twitter:card\" content=\"summary_large_image\" \/>\n<meta name=\"twitter:label1\" content=\"Est. reading time\" \/>\n\t<meta name=\"twitter:data1\" content=\"3 minutes\" \/>\n<script type=\"application\/ld+json\" class=\"yoast-schema-graph\">{\"@context\":\"https:\/\/schema.org\",\"@graph\":[{\"@type\":\"WebPage\",\"@id\":\"https:\/\/vapingnet.de\/vape\/watermelon-bang-36000-puffs-mesh-coil-vape-mit-intensivem-fruchtgeschmack\/\",\"url\":\"https:\/\/vapingnet.de\/vape\/watermelon-bang-36000-puffs-mesh-coil-vape-mit-intensivem-fruchtgeschmack\/\",\"name\":\"Watermelon Bang 36000 Puffs Mesh Coil Vape mit intensivem Fruchtgeschmack | vapingnet.de\",\"isPartOf\":{\"@id\":\"https:\/\/vapingnet.de\/#website\"},\"primaryImageOfPage\":{\"@id\":\"https:\/\/vapingnet.de\/vape\/watermelon-bang-36000-puffs-mesh-coil-vape-mit-intensivem-fruchtgeschmack\/#primaryimage\"},\"image\":{\"@id\":\"https:\/\/vapingnet.de\/vape\/watermelon-bang-36000-puffs-mesh-coil-vape-mit-intensivem-fruchtgeschmack\/#primaryimage\"},\"thumbnailUrl\":\"https:\/\/vapingnet.de\/wp-content\/uploads\/2025\/03\/Watermelon.png\",\"datePublished\":\"2025-03-14T07:47:12+00:00\",\"dateModified\":\"2025-06-19T03:41:17+00:00\",\"description\":\"Watermelon Bang 36000 Puffs Mesh Coil Vape mit intensivem Fruchtgeschmack \u25ba Viele Geschmacksrichtungen & g\u00fcnstig bei vapingnet.de f\u00fcr E-Zigaretten-Liebhaber\",\"breadcrumb\":{\"@id\":\"https:\/\/vapingnet.de\/vape\/watermelon-bang-36000-puffs-mesh-coil-vape-mit-intensivem-fruchtgeschmack\/#breadcrumb\"},\"inLanguage\":\"lt-LT\",\"potentialAction\":[{\"@type\":\"ReadAction\",\"target\":[\"https:\/\/vapingnet.de\/vape\/watermelon-bang-36000-puffs-mesh-coil-vape-mit-intensivem-fruchtgeschmack\/\"]}]},{\"@type\":\"ImageObject\",\"inLanguage\":\"lt-LT\",\"@id\":\"https:\/\/vapingnet.de\/vape\/watermelon-bang-36000-puffs-mesh-coil-vape-mit-intensivem-fruchtgeschmack\/#primaryimage\",\"url\":\"https:\/\/vapingnet.de\/wp-content\/uploads\/2025\/03\/Watermelon.png\",\"contentUrl\":\"https:\/\/vapingnet.de\/wp-content\/uploads\/2025\/03\/Watermelon.png\",\"width\":900,\"height\":600,\"caption\":\"Watermelon\"},{\"@type\":\"BreadcrumbList\",\"@id\":\"https:\/\/vapingnet.de\/vape\/watermelon-bang-36000-puffs-mesh-coil-vape-mit-intensivem-fruchtgeschmack\/#breadcrumb\",\"itemListElement\":[{\"@type\":\"ListItem\",\"position\":1,\"name\":\"Home\",\"item\":\"https:\/\/vapingnet.de\/\"},{\"@type\":\"ListItem\",\"position\":2,\"name\":\"Shop\",\"item\":\"https:\/\/vapingnet.de\/vape\/\"},{\"@type\":\"ListItem\",\"position\":3,\"name\":\"Watermelon Bang 36000 Puffs Mesh Coil Vape mit intensivem Fruchtgeschmack\"}]},{\"@type\":\"WebSite\",\"@id\":\"https:\/\/vapingnet.de\/#website\",\"url\":\"https:\/\/vapingnet.de\/\",\"name\":\"Vapingnet.de\",\"description\":\"\",\"publisher\":{\"@id\":\"https:\/\/vapingnet.de\/#organization\"},\"potentialAction\":[{\"@type\":\"SearchAction\",\"target\":{\"@type\":\"EntryPoint\",\"urlTemplate\":\"https:\/\/vapingnet.de\/?s={search_term_string}\"},\"query-input\":{\"@type\":\"PropertyValueSpecification\",\"valueRequired\":true,\"valueName\":\"search_term_string\"}}],\"inLanguage\":\"lt-LT\"},{\"@type\":\"Organization\",\"@id\":\"https:\/\/vapingnet.de\/#organization\",\"name\":\"Vapingnet.de\",\"url\":\"https:\/\/vapingnet.de\/\",\"logo\":{\"@type\":\"ImageObject\",\"inLanguage\":\"lt-LT\",\"@id\":\"https:\/\/vapingnet.de\/#\/schema\/logo\/image\/\",\"url\":\"https:\/\/vapingnet.de\/wp-content\/uploads\/2025\/03\/cropped-vapingnet.de_.jpg\",\"contentUrl\":\"https:\/\/vapingnet.de\/wp-content\/uploads\/2025\/03\/cropped-vapingnet.de_.jpg\",\"width\":512,\"height\":512,\"caption\":\"Vapingnet.de\"},\"image\":{\"@id\":\"https:\/\/vapingnet.de\/#\/schema\/logo\/image\/\"},\"sameAs\":[\"https:\/\/www.facebook.com\/vapingnetde\/\"]}]}<\/script>\n<!-- \/ Yoast SEO plugin. -->","yoast_head_json":{"title":"Watermelon Bang 36000 Puffs Mesh Coil Vape mit intensivem Fruchtgeschmack | vapingnet.de","description":"Watermelon Bang 36000 Puffs Mesh Coil Vape mit intensivem Fruchtgeschmack \u25ba Viele Geschmacksrichtungen & g\u00fcnstig bei vapingnet.de f\u00fcr E-Zigaretten-Liebhaber","robots":{"index":"index","follow":"follow","max-snippet":"max-snippet:-1","max-image-preview":"max-image-preview:large","max-video-preview":"max-video-preview:-1"},"canonical":"https:\/\/vapingnet.de\/lt\/vape\/watermelon-bang-36000-puffs-mesh-coil-vape-mit-intensivem-fruchtgeschmack\/","og_locale":"lt_LT","og_type":"article","og_title":"Watermelon Bang 36000 Puffs Mesh Coil Vape mit intensivem Fruchtgeschmack | vapingnet.de","og_description":"Watermelon Bang 36000 Puffs Mesh Coil Vape mit intensivem Fruchtgeschmack \u25ba Viele Geschmacksrichtungen & g\u00fcnstig bei vapingnet.de f\u00fcr E-Zigaretten-Liebhaber","og_url":"https:\/\/vapingnet.de\/lt\/vape\/watermelon-bang-36000-puffs-mesh-coil-vape-mit-intensivem-fruchtgeschmack\/","og_site_name":"Vapingnet.de","article_publisher":"https:\/\/www.facebook.com\/vapingnetde\/","article_modified_time":"2025-06-19T03:41:17+00:00","og_image":[{"width":900,"height":600,"url":"https:\/\/vapingnet.de\/wp-content\/uploads\/2025\/03\/Watermelon.png","type":"image\/png"}],"twitter_card":"summary_large_image","twitter_misc":{"Est. reading time":"3 minutes"},"schema":{"@context":"https:\/\/schema.org","@graph":[{"@type":"WebPage","@id":"https:\/\/vapingnet.de\/vape\/watermelon-bang-36000-puffs-mesh-coil-vape-mit-intensivem-fruchtgeschmack\/","url":"https:\/\/vapingnet.de\/vape\/watermelon-bang-36000-puffs-mesh-coil-vape-mit-intensivem-fruchtgeschmack\/","name":"Watermelon Bang 36000 Puffs Mesh Coil Vape mit intensivem Fruchtgeschmack | vapingnet.de","isPartOf":{"@id":"https:\/\/vapingnet.de\/#website"},"primaryImageOfPage":{"@id":"https:\/\/vapingnet.de\/vape\/watermelon-bang-36000-puffs-mesh-coil-vape-mit-intensivem-fruchtgeschmack\/#primaryimage"},"image":{"@id":"https:\/\/vapingnet.de\/vape\/watermelon-bang-36000-puffs-mesh-coil-vape-mit-intensivem-fruchtgeschmack\/#primaryimage"},"thumbnailUrl":"https:\/\/vapingnet.de\/wp-content\/uploads\/2025\/03\/Watermelon.png","datePublished":"2025-03-14T07:47:12+00:00","dateModified":"2025-06-19T03:41:17+00:00","description":"Watermelon Bang 36000 Puffs Mesh Coil Vape mit intensivem Fruchtgeschmack \u25ba Viele Geschmacksrichtungen & g\u00fcnstig bei vapingnet.de f\u00fcr E-Zigaretten-Liebhaber","breadcrumb":{"@id":"https:\/\/vapingnet.de\/vape\/watermelon-bang-36000-puffs-mesh-coil-vape-mit-intensivem-fruchtgeschmack\/#breadcrumb"},"inLanguage":"lt-LT","potentialAction":[{"@type":"ReadAction","target":["https:\/\/vapingnet.de\/vape\/watermelon-bang-36000-puffs-mesh-coil-vape-mit-intensivem-fruchtgeschmack\/"]}]},{"@type":"ImageObject","inLanguage":"lt-LT","@id":"https:\/\/vapingnet.de\/vape\/watermelon-bang-36000-puffs-mesh-coil-vape-mit-intensivem-fruchtgeschmack\/#primaryimage","url":"https:\/\/vapingnet.de\/wp-content\/uploads\/2025\/03\/Watermelon.png","contentUrl":"https:\/\/vapingnet.de\/wp-content\/uploads\/2025\/03\/Watermelon.png","width":900,"height":600,"caption":"Watermelon"},{"@type":"BreadcrumbList","@id":"https:\/\/vapingnet.de\/vape\/watermelon-bang-36000-puffs-mesh-coil-vape-mit-intensivem-fruchtgeschmack\/#breadcrumb","itemListElement":[{"@type":"ListItem","position":1,"name":"Home","item":"https:\/\/vapingnet.de\/"},{"@type":"ListItem","position":2,"name":"Shop","item":"https:\/\/vapingnet.de\/vape\/"},{"@type":"ListItem","position":3,"name":"Watermelon Bang 36000 Puffs Mesh Coil Vape mit intensivem Fruchtgeschmack"}]},{"@type":"WebSite","@id":"https:\/\/vapingnet.de\/#website","url":"https:\/\/vapingnet.de\/","name":"Vapingnet.de","description":"","publisher":{"@id":"https:\/\/vapingnet.de\/#organization"},"potentialAction":[{"@type":"SearchAction","target":{"@type":"EntryPoint","urlTemplate":"https:\/\/vapingnet.de\/?s={search_term_string}"},"query-input":{"@type":"PropertyValueSpecification","valueRequired":true,"valueName":"search_term_string"}}],"inLanguage":"lt-LT"},{"@type":"Organization","@id":"https:\/\/vapingnet.de\/#organization","name":"Vapingnet.de","url":"https:\/\/vapingnet.de\/","logo":{"@type":"ImageObject","inLanguage":"lt-LT","@id":"https:\/\/vapingnet.de\/#\/schema\/logo\/image\/","url":"https:\/\/vapingnet.de\/wp-content\/uploads\/2025\/03\/cropped-vapingnet.de_.jpg","contentUrl":"https:\/\/vapingnet.de\/wp-content\/uploads\/2025\/03\/cropped-vapingnet.de_.jpg","width":512,"height":512,"caption":"Vapingnet.de"},"image":{"@id":"https:\/\/vapingnet.de\/#\/schema\/logo\/image\/"},"sameAs":["https:\/\/www.facebook.com\/vapingnetde\/"]}]}},"tiered_pricing_type":"fixed","tiered_pricing_fixed_rules":{"8":"10.44","60":"9.40","110":"8.35","200":"7.31"},"tiered_pricing_product_settings":{"layout":"default","base_unit_name":{"singular":null,"plural":null},"default_variation":null},"tiered_pricing_minimum_quantity":null,"tiered_pricing_roles_data":[],"tiered_pricing_percentage_rules":[],"_links":{"self":[{"href":"https:\/\/vapingnet.de\/lt\/wp-json\/wp\/v2\/product\/5323","targetHints":{"allow":["GET"]}}],"collection":[{"href":"https:\/\/vapingnet.de\/lt\/wp-json\/wp\/v2\/product"}],"about":[{"href":"https:\/\/vapingnet.de\/lt\/wp-json\/wp\/v2\/types\/product"}],"version-history":[{"count":1,"href":"https:\/\/vapingnet.de\/lt\/wp-json\/wp\/v2\/product\/5323\/revisions"}],"predecessor-version":[{"id":5324,"href":"https:\/\/vapingnet.de\/lt\/wp-json\/wp\/v2\/product\/5323\/revisions\/5324"}],"wp:featuredmedia":[{"embeddable":true,"href":"https:\/\/vapingnet.de\/lt\/wp-json\/wp\/v2\/media\/5317"}],"wp:attachment":[{"href":"https:\/\/vapingnet.de\/lt\/wp-json\/wp\/v2\/media?parent=5323"}],"wp:term":[{"taxonomy":"brand","embeddable":true,"href":"https:\/\/vapingnet.de\/lt\/wp-json\/wp\/v2\/etheme_brands?post=5323"},{"taxonomy":"product_brand","embeddable":true,"href":"https:\/\/vapingnet.de\/lt\/wp-json\/wp\/v2\/product_brand?post=5323"},{"taxonomy":"product_cat","embeddable":true,"href":"https:\/\/vapingnet.de\/lt\/wp-json\/wp\/v2\/product_cat?post=5323"},{"taxonomy":"product_tag","embeddable":true,"href":"https:\/\/vapingnet.de\/lt\/wp-json\/wp\/v2\/product_tag?post=5323"}],"curies":[{"name":"wp","href":"https:\/\/api.w.org\/{rel}","templated":true}]}}