{"id":5361,"date":"2025-03-15T05:34:13","date_gmt":"2025-03-15T05:34:13","guid":{"rendered":"https:\/\/vapingnet.de\/?post_type=product&#038;p=5361"},"modified":"2025-06-19T03:41:16","modified_gmt":"2025-06-19T03:41:16","slug":"bang-king-45000-puffs-geniess-drei-leckere-geschmacksrichtungen-in-einem-geraet","status":"publish","type":"product","link":"https:\/\/vapingnet.de\/lt\/vape\/bang-king-45000-puffs-geniess-drei-leckere-geschmacksrichtungen-in-einem-geraet\/","title":{"rendered":"Bang King 45000 Puffs \u2013 m\u0117gaukit\u0117s trimis skaniais skoniais viename \u012frenginyje"},"content":{"rendered":"<h2 data-start=\"0\" data-end=\"44\">Bang King 45000 p\u016btimo vienkartin\u0117 elektronin\u0117 cigaret\u0117<\/h2>\n<p data-start=\"69\" data-end=\"612\">BANG KING 45000 p\u016btimo vienkartin\u0117 elektronin\u0117 cigaret\u0117 yra galingas ir \u012fvairiapusi\u0161kas \u012frenginys, apr\u016bpintas trigubu tinklelio rit\u0117s dizainu, siekiant u\u017etikrinti turting\u0105 garavimo patirt\u012f ir \u0161veln\u0173 \u012fkv\u0117pim\u0105. Su 45 000 \u012fkv\u0117pim\u0173 tarnavimo laiku \u0161is \u012frenginys tinka ilgalaikiam naudojimui ir atitinka elektronini\u0173 cigare\u010di\u0173 entuziast\u0173 poreikius, ie\u0161kan\u010di\u0173 auk\u0161tos kokyb\u0117s garavimo patirties. \u012erenginys palaiko Type-C \u012fkrovim\u0105 ir visi\u0161kai \u012fkraunamas per tik 2 valandas \u2013 greitai ir patogiai.<\/p>\n<h4 data-start=\"614\" data-end=\"641\">Produkto specifikacijos:<\/h4>\n<div class=\"overflow-x-auto contain-inline-size\">\n<table style=\"height: 431px;\" width=\"1560\" data-start=\"643\" data-end=\"1332\">\n<thead data-start=\"643\" data-end=\"711\">\n<tr data-start=\"643\" data-end=\"711\">\n<th data-start=\"643\" data-end=\"666\">Prek\u0117<\/th>\n<th data-start=\"666\" data-end=\"711\">Detal\u0117s<\/th>\n<\/tr>\n<\/thead>\n<tbody data-start=\"780\" data-end=\"1332\">\n<tr data-start=\"780\" data-end=\"848\">\n<td>\u012ekv\u0117pim\u0173 skai\u010dius kiekviename \u012frenginyje<\/td>\n<td>45 000 \u012fkv\u0117pim\u0173<\/td>\n<\/tr>\n<tr data-start=\"849\" data-end=\"918\">\n<td>E-liquido talpa<\/td>\n<td>15ml + 15ml + 15ml<\/td>\n<\/tr>\n<tr data-start=\"919\" data-end=\"987\">\n<td>Pagrindin\u0117 technologija<\/td>\n<td>1.0 Ohm tinklelio rit\u0117<\/td>\n<\/tr>\n<tr data-start=\"988\" data-end=\"1056\">\n<td>Nikotino kiekis<\/td>\n<td>0%, 2%, 3%, 5%<\/td>\n<\/tr>\n<tr data-start=\"1057\" data-end=\"1125\">\n<td>Baterijos talpa<\/td>\n<td>650mAh<\/td>\n<\/tr>\n<tr data-start=\"1126\" data-end=\"1194\">\n<td>\u012ekrovimo jungtis<\/td>\n<td>Type C<\/td>\n<\/tr>\n<tr data-start=\"1195\" data-end=\"1263\">\n<td>Skoni\u0173 \u012fvairov\u0117<\/td>\n<td>12 skoni\u0173 r\u016b\u0161i\u0173<\/td>\n<\/tr>\n<tr data-start=\"1264\" data-end=\"1332\">\n<td>Pakuot\u0117s informacija<\/td>\n<td>10 vienet\u0173 \/ d\u0117\u017eut\u0117; 20 d\u0117\u017eu\u010di\u0173 \/ d\u0117\u017e\u0117<\/td>\n<\/tr>\n<\/tbody>\n<\/table>\n<\/div>\n<h4 data-start=\"1334\" data-end=\"1349\">Funkcijos:<\/h4>\n<ul data-start=\"1351\" data-end=\"1797\">\n<li data-start=\"1351\" data-end=\"1481\">Triguba tinklelio rit\u0117: Unikalus trigubo tinklelio rit\u0117s dizainas u\u017etikrina geresn\u012f garo i\u0161siskyrim\u0105 ir intensyv\u0173 skon\u012f.<\/li>\n<li data-start=\"1482\" data-end=\"1618\">\u012evair\u016bs vaisi\u0173 skonio variantai: Daugyb\u0117 vaisi\u0173 skoni\u0173 suteikia intensyvi\u0105 skonio patirt\u012f.<\/li>\n<li data-start=\"1619\" data-end=\"1721\">Type C \u012fkrovimas: Palaiko greit\u0105 \u012fkrovim\u0105, tik 2 valandas \u012fkrovimo laikas, patogiam naudojimui.<\/li>\n<li data-start=\"1722\" data-end=\"1797\">Vienkartin\u0117 elektronin\u0117 cigaret\u0117: Su 45 000 \u012fkv\u0117pim\u0173, skirta ilgalaikiam naudojimui.<\/li>\n<\/ul>\n<h4 data-start=\"1799\" data-end=\"1822\">Skoni\u0173 pasirinkimai:<\/h4>\n<ol data-start=\"1824\" data-end=\"2397\">\n<li data-start=\"1824\" data-end=\"1865\">Vynuog\u0117s ir Red Bull ir Bra\u0161ki\u0173 Kivi<\/li>\n<li data-start=\"1866\" data-end=\"1922\">Lemon Lime ir Strawberry Watermelon ir Blueberry Ice<\/li>\n<li data-start=\"1923\" data-end=\"1981\">Bra\u0161k\u0117s Bananas ir Avie\u010di\u0173 Arb\u016bzas ir Citrina Lime<\/li>\n<li data-start=\"1982\" data-end=\"2034\">Bra\u0161k\u0117s Kiwi ir R\u016bg\u0161tus Mango Ananasas ir Red Bull<\/li>\n<li data-start=\"2035\" data-end=\"2098\">Tropiniai vaisiai, bra\u0161ki\u0173 arb\u016bzas ir citrin\u0173 persikas<\/li>\n<li data-start=\"2099\" data-end=\"2148\">Ananasas Kokosas ir Bra\u0161ki\u0173 Bananas ir M\u0117lynas Razz<\/li>\n<li data-start=\"2149\" data-end=\"2224\">Bra\u0161k\u0117s Aviet\u0117s ir Triple Melon ir R\u016bg\u0161tus Mango Ananasas<\/li>\n<li data-start=\"2225\" data-end=\"2280\">Avie\u010di\u0173 arbata su arb\u016bzu ir mango persiku ir bra\u0161ki\u0173 kiviu<\/li>\n<li data-start=\"2281\" data-end=\"2342\">Strawberry Vanilla Coke ir Blueberry Raspberry ir Lemonlime<\/li>\n<li data-start=\"2343\" data-end=\"2397\">Vynuog\u0117s ir bra\u0161ki\u0173 led\u0173 ir trigubas melionas<\/li>\n<\/ol>\n<h4 data-start=\"2399\" data-end=\"2419\">Produkto privalumai:<\/h4>\n<ul data-start=\"2421\" data-end=\"2642\">\n<li data-start=\"2421\" data-end=\"2499\">Be muit\u0173 prid\u0117jimo: Perkant n\u0117ra papildom\u0173 muit\u0173 mokes\u010di\u0173.<\/li>\n<li data-start=\"2500\" data-end=\"2642\">Greitas pristatymas: Pristatymas per 7-15 darbo dien\u0173, kad gal\u0117tum\u0117te greitai m\u0117gautis auk\u0161tos kokyb\u0117s garavimo patirtimi.<\/li>\n<\/ul>\n<h3 data-start=\"2644\" data-end=\"3079\">Dabar pirkite i\u0161 vapingnet.de:<\/h3>\n<p data-start=\"2644\" data-end=\"3079\" data-is-only-node=\"\" data-is-last-node=\"\">BANG KING 45000 d\u016bm\u0173 vienkartin\u0117 elektronin\u0117 cigaret\u0117 si\u016blo ne tik daugyb\u0119 skani\u0173 skoni\u0173, bet ir puik\u0173 na\u0161um\u0105. D\u0117l greito \u012fkrovimo ir ilgo naudojimo laiko ji yra tobula pasirinkimas d\u016bm\u0173 m\u0117g\u0117jams, vertinantiems patogum\u0105 ir kokyb\u0119. Apsilankykite dabar vapingnet.de ir m\u0117gaukit\u0117s muitin\u0117s nemokamos pristatymo ir greito siuntimo privalumais.<\/p>","protected":false},"excerpt":{"rendered":"<p>\u2705 Labai daug \u012fjungim\u0173 \u2013 iki 45 000 \u012fjungim\u0173, papildomam garo malonumui!<br \/>\n\u2705 Be muitin\u0117s mokes\u010di\u0173 ir nemokamas pristatymas \u2013 Paprastai u\u017esakykite be papildom\u0173 i\u0161laid\u0173!<br \/>\n\u2705 Trij\u0173 skoni\u0173 derinys viename \u2013 Keiskite pagal nor\u0105, trigubas malonumas!<\/p>","protected":false},"featured_media":5398,"template":"","meta":[],"etheme_brands":[],"product_brand":[101],"product_cat":[66,49,61,87],"product_tag":[],"class_list":{"0":"post-5361","1":"product","2":"type-product","3":"status-publish","4":"has-post-thumbnail","6":"product_brand-bang-king-vape","7":"product_cat-45k-vape","8":"product_cat-einweg-e-zigarette","9":"product_cat-f","10":"product_cat-v","12":"first","13":"instock","14":"shipping-taxable","15":"purchasable","16":"product-type-variable"},"yoast_head":"<!-- This site is optimized with the Yoast SEO plugin v26.5 - https:\/\/yoast.com\/wordpress\/plugins\/seo\/ -->\n<title>Bang King 45000 Puffs Genie\u00df drei leckere Geschmacksrichtungen in einem Ger\u00e4t | vapingnet.de<\/title>\n<meta name=\"description\" content=\"Bang King 45000 Puffs Genie\u00df drei leckere Geschmacksrichtungen in einem Ger\u00e4t \u25ba Viele Geschmacksrichtungen &amp; g\u00fcnstig bei vapingnet.de f\u00fcr E-Zigaretten-Liebhaber\" \/>\n<meta name=\"robots\" content=\"index, follow, max-snippet:-1, max-image-preview:large, max-video-preview:-1\" \/>\n<link rel=\"canonical\" href=\"https:\/\/vapingnet.de\/lt\/vape\/bang-king-45000-puffs-geniess-drei-leckere-geschmacksrichtungen-in-einem-geraet\/\" \/>\n<meta property=\"og:locale\" content=\"lt_LT\" \/>\n<meta property=\"og:type\" content=\"article\" \/>\n<meta property=\"og:title\" content=\"Bang King 45000 Puffs Genie\u00df drei leckere Geschmacksrichtungen in einem Ger\u00e4t | vapingnet.de\" \/>\n<meta property=\"og:description\" content=\"Bang King 45000 Puffs Genie\u00df drei leckere Geschmacksrichtungen in einem Ger\u00e4t \u25ba Viele Geschmacksrichtungen &amp; g\u00fcnstig bei vapingnet.de f\u00fcr E-Zigaretten-Liebhaber\" \/>\n<meta property=\"og:url\" content=\"https:\/\/vapingnet.de\/lt\/vape\/bang-king-45000-puffs-geniess-drei-leckere-geschmacksrichtungen-in-einem-geraet\/\" \/>\n<meta property=\"og:site_name\" content=\"Vapingnet.de\" \/>\n<meta property=\"article:publisher\" content=\"https:\/\/www.facebook.com\/vapingnetde\/\" \/>\n<meta property=\"article:modified_time\" content=\"2025-06-19T03:41:16+00:00\" \/>\n<meta property=\"og:image\" content=\"https:\/\/vapingnet.de\/wp-content\/uploads\/2025\/03\/Bang-King-45000-Puffs.png\" \/>\n\t<meta property=\"og:image:width\" content=\"1000\" \/>\n\t<meta property=\"og:image:height\" content=\"1000\" \/>\n\t<meta property=\"og:image:type\" content=\"image\/png\" \/>\n<meta name=\"twitter:card\" content=\"summary_large_image\" \/>\n<meta name=\"twitter:label1\" content=\"Est. reading time\" \/>\n\t<meta name=\"twitter:data1\" content=\"3 minutes\" \/>\n<script type=\"application\/ld+json\" class=\"yoast-schema-graph\">{\"@context\":\"https:\/\/schema.org\",\"@graph\":[{\"@type\":\"WebPage\",\"@id\":\"https:\/\/vapingnet.de\/vape\/bang-king-45000-puffs-geniess-drei-leckere-geschmacksrichtungen-in-einem-geraet\/\",\"url\":\"https:\/\/vapingnet.de\/vape\/bang-king-45000-puffs-geniess-drei-leckere-geschmacksrichtungen-in-einem-geraet\/\",\"name\":\"Bang King 45000 Puffs Genie\u00df drei leckere Geschmacksrichtungen in einem Ger\u00e4t | vapingnet.de\",\"isPartOf\":{\"@id\":\"https:\/\/vapingnet.de\/#website\"},\"primaryImageOfPage\":{\"@id\":\"https:\/\/vapingnet.de\/vape\/bang-king-45000-puffs-geniess-drei-leckere-geschmacksrichtungen-in-einem-geraet\/#primaryimage\"},\"image\":{\"@id\":\"https:\/\/vapingnet.de\/vape\/bang-king-45000-puffs-geniess-drei-leckere-geschmacksrichtungen-in-einem-geraet\/#primaryimage\"},\"thumbnailUrl\":\"https:\/\/vapingnet.de\/wp-content\/uploads\/2025\/03\/Bang-King-45000-Puffs.png\",\"datePublished\":\"2025-03-15T05:34:13+00:00\",\"dateModified\":\"2025-06-19T03:41:16+00:00\",\"description\":\"Bang King 45000 Puffs Genie\u00df drei leckere Geschmacksrichtungen in einem Ger\u00e4t \u25ba Viele Geschmacksrichtungen & g\u00fcnstig bei vapingnet.de f\u00fcr E-Zigaretten-Liebhaber\",\"breadcrumb\":{\"@id\":\"https:\/\/vapingnet.de\/vape\/bang-king-45000-puffs-geniess-drei-leckere-geschmacksrichtungen-in-einem-geraet\/#breadcrumb\"},\"inLanguage\":\"lt-LT\",\"potentialAction\":[{\"@type\":\"ReadAction\",\"target\":[\"https:\/\/vapingnet.de\/vape\/bang-king-45000-puffs-geniess-drei-leckere-geschmacksrichtungen-in-einem-geraet\/\"]}]},{\"@type\":\"ImageObject\",\"inLanguage\":\"lt-LT\",\"@id\":\"https:\/\/vapingnet.de\/vape\/bang-king-45000-puffs-geniess-drei-leckere-geschmacksrichtungen-in-einem-geraet\/#primaryimage\",\"url\":\"https:\/\/vapingnet.de\/wp-content\/uploads\/2025\/03\/Bang-King-45000-Puffs.png\",\"contentUrl\":\"https:\/\/vapingnet.de\/wp-content\/uploads\/2025\/03\/Bang-King-45000-Puffs.png\",\"width\":1000,\"height\":1000,\"caption\":\"Bang-King-45000-Puffs\"},{\"@type\":\"BreadcrumbList\",\"@id\":\"https:\/\/vapingnet.de\/vape\/bang-king-45000-puffs-geniess-drei-leckere-geschmacksrichtungen-in-einem-geraet\/#breadcrumb\",\"itemListElement\":[{\"@type\":\"ListItem\",\"position\":1,\"name\":\"Home\",\"item\":\"https:\/\/vapingnet.de\/\"},{\"@type\":\"ListItem\",\"position\":2,\"name\":\"Shop\",\"item\":\"https:\/\/vapingnet.de\/vape\/\"},{\"@type\":\"ListItem\",\"position\":3,\"name\":\"Bang King 45000 Puffs Genie\u00df drei leckere Geschmacksrichtungen in einem Ger\u00e4t\"}]},{\"@type\":\"WebSite\",\"@id\":\"https:\/\/vapingnet.de\/#website\",\"url\":\"https:\/\/vapingnet.de\/\",\"name\":\"Vapingnet.de\",\"description\":\"\",\"publisher\":{\"@id\":\"https:\/\/vapingnet.de\/#organization\"},\"potentialAction\":[{\"@type\":\"SearchAction\",\"target\":{\"@type\":\"EntryPoint\",\"urlTemplate\":\"https:\/\/vapingnet.de\/?s={search_term_string}\"},\"query-input\":{\"@type\":\"PropertyValueSpecification\",\"valueRequired\":true,\"valueName\":\"search_term_string\"}}],\"inLanguage\":\"lt-LT\"},{\"@type\":\"Organization\",\"@id\":\"https:\/\/vapingnet.de\/#organization\",\"name\":\"Vapingnet.de\",\"url\":\"https:\/\/vapingnet.de\/\",\"logo\":{\"@type\":\"ImageObject\",\"inLanguage\":\"lt-LT\",\"@id\":\"https:\/\/vapingnet.de\/#\/schema\/logo\/image\/\",\"url\":\"https:\/\/vapingnet.de\/wp-content\/uploads\/2025\/03\/cropped-vapingnet.de_.jpg\",\"contentUrl\":\"https:\/\/vapingnet.de\/wp-content\/uploads\/2025\/03\/cropped-vapingnet.de_.jpg\",\"width\":512,\"height\":512,\"caption\":\"Vapingnet.de\"},\"image\":{\"@id\":\"https:\/\/vapingnet.de\/#\/schema\/logo\/image\/\"},\"sameAs\":[\"https:\/\/www.facebook.com\/vapingnetde\/\"]}]}<\/script>\n<!-- \/ Yoast SEO plugin. -->","yoast_head_json":{"title":"Bang King 45000 Puffs Genie\u00df drei leckere Geschmacksrichtungen in einem Ger\u00e4t | vapingnet.de","description":"Bang King 45000 Puffs Genie\u00df drei leckere Geschmacksrichtungen in einem Ger\u00e4t \u25ba Viele Geschmacksrichtungen & g\u00fcnstig bei vapingnet.de f\u00fcr E-Zigaretten-Liebhaber","robots":{"index":"index","follow":"follow","max-snippet":"max-snippet:-1","max-image-preview":"max-image-preview:large","max-video-preview":"max-video-preview:-1"},"canonical":"https:\/\/vapingnet.de\/lt\/vape\/bang-king-45000-puffs-geniess-drei-leckere-geschmacksrichtungen-in-einem-geraet\/","og_locale":"lt_LT","og_type":"article","og_title":"Bang King 45000 Puffs Genie\u00df drei leckere Geschmacksrichtungen in einem Ger\u00e4t | vapingnet.de","og_description":"Bang King 45000 Puffs Genie\u00df drei leckere Geschmacksrichtungen in einem Ger\u00e4t \u25ba Viele Geschmacksrichtungen & g\u00fcnstig bei vapingnet.de f\u00fcr E-Zigaretten-Liebhaber","og_url":"https:\/\/vapingnet.de\/lt\/vape\/bang-king-45000-puffs-geniess-drei-leckere-geschmacksrichtungen-in-einem-geraet\/","og_site_name":"Vapingnet.de","article_publisher":"https:\/\/www.facebook.com\/vapingnetde\/","article_modified_time":"2025-06-19T03:41:16+00:00","og_image":[{"width":1000,"height":1000,"url":"https:\/\/vapingnet.de\/wp-content\/uploads\/2025\/03\/Bang-King-45000-Puffs.png","type":"image\/png"}],"twitter_card":"summary_large_image","twitter_misc":{"Est. reading time":"3 minutes"},"schema":{"@context":"https:\/\/schema.org","@graph":[{"@type":"WebPage","@id":"https:\/\/vapingnet.de\/vape\/bang-king-45000-puffs-geniess-drei-leckere-geschmacksrichtungen-in-einem-geraet\/","url":"https:\/\/vapingnet.de\/vape\/bang-king-45000-puffs-geniess-drei-leckere-geschmacksrichtungen-in-einem-geraet\/","name":"Bang King 45000 Puffs Genie\u00df drei leckere Geschmacksrichtungen in einem Ger\u00e4t | vapingnet.de","isPartOf":{"@id":"https:\/\/vapingnet.de\/#website"},"primaryImageOfPage":{"@id":"https:\/\/vapingnet.de\/vape\/bang-king-45000-puffs-geniess-drei-leckere-geschmacksrichtungen-in-einem-geraet\/#primaryimage"},"image":{"@id":"https:\/\/vapingnet.de\/vape\/bang-king-45000-puffs-geniess-drei-leckere-geschmacksrichtungen-in-einem-geraet\/#primaryimage"},"thumbnailUrl":"https:\/\/vapingnet.de\/wp-content\/uploads\/2025\/03\/Bang-King-45000-Puffs.png","datePublished":"2025-03-15T05:34:13+00:00","dateModified":"2025-06-19T03:41:16+00:00","description":"Bang King 45000 Puffs Genie\u00df drei leckere Geschmacksrichtungen in einem Ger\u00e4t \u25ba Viele Geschmacksrichtungen & g\u00fcnstig bei vapingnet.de f\u00fcr E-Zigaretten-Liebhaber","breadcrumb":{"@id":"https:\/\/vapingnet.de\/vape\/bang-king-45000-puffs-geniess-drei-leckere-geschmacksrichtungen-in-einem-geraet\/#breadcrumb"},"inLanguage":"lt-LT","potentialAction":[{"@type":"ReadAction","target":["https:\/\/vapingnet.de\/vape\/bang-king-45000-puffs-geniess-drei-leckere-geschmacksrichtungen-in-einem-geraet\/"]}]},{"@type":"ImageObject","inLanguage":"lt-LT","@id":"https:\/\/vapingnet.de\/vape\/bang-king-45000-puffs-geniess-drei-leckere-geschmacksrichtungen-in-einem-geraet\/#primaryimage","url":"https:\/\/vapingnet.de\/wp-content\/uploads\/2025\/03\/Bang-King-45000-Puffs.png","contentUrl":"https:\/\/vapingnet.de\/wp-content\/uploads\/2025\/03\/Bang-King-45000-Puffs.png","width":1000,"height":1000,"caption":"Bang-King-45000-Puffs"},{"@type":"BreadcrumbList","@id":"https:\/\/vapingnet.de\/vape\/bang-king-45000-puffs-geniess-drei-leckere-geschmacksrichtungen-in-einem-geraet\/#breadcrumb","itemListElement":[{"@type":"ListItem","position":1,"name":"Home","item":"https:\/\/vapingnet.de\/"},{"@type":"ListItem","position":2,"name":"Shop","item":"https:\/\/vapingnet.de\/vape\/"},{"@type":"ListItem","position":3,"name":"Bang King 45000 Puffs Genie\u00df drei leckere Geschmacksrichtungen in einem Ger\u00e4t"}]},{"@type":"WebSite","@id":"https:\/\/vapingnet.de\/#website","url":"https:\/\/vapingnet.de\/","name":"Vapingnet.de","description":"","publisher":{"@id":"https:\/\/vapingnet.de\/#organization"},"potentialAction":[{"@type":"SearchAction","target":{"@type":"EntryPoint","urlTemplate":"https:\/\/vapingnet.de\/?s={search_term_string}"},"query-input":{"@type":"PropertyValueSpecification","valueRequired":true,"valueName":"search_term_string"}}],"inLanguage":"lt-LT"},{"@type":"Organization","@id":"https:\/\/vapingnet.de\/#organization","name":"Vapingnet.de","url":"https:\/\/vapingnet.de\/","logo":{"@type":"ImageObject","inLanguage":"lt-LT","@id":"https:\/\/vapingnet.de\/#\/schema\/logo\/image\/","url":"https:\/\/vapingnet.de\/wp-content\/uploads\/2025\/03\/cropped-vapingnet.de_.jpg","contentUrl":"https:\/\/vapingnet.de\/wp-content\/uploads\/2025\/03\/cropped-vapingnet.de_.jpg","width":512,"height":512,"caption":"Vapingnet.de"},"image":{"@id":"https:\/\/vapingnet.de\/#\/schema\/logo\/image\/"},"sameAs":["https:\/\/www.facebook.com\/vapingnetde\/"]}]}},"tiered_pricing_type":"fixed","tiered_pricing_fixed_rules":[],"tiered_pricing_product_settings":{"layout":"default","base_unit_name":{"singular":null,"plural":null},"default_variation":null},"tiered_pricing_minimum_quantity":null,"tiered_pricing_roles_data":[],"tiered_pricing_percentage_rules":[],"_links":{"self":[{"href":"https:\/\/vapingnet.de\/lt\/wp-json\/wp\/v2\/product\/5361","targetHints":{"allow":["GET"]}}],"collection":[{"href":"https:\/\/vapingnet.de\/lt\/wp-json\/wp\/v2\/product"}],"about":[{"href":"https:\/\/vapingnet.de\/lt\/wp-json\/wp\/v2\/types\/product"}],"version-history":[{"count":4,"href":"https:\/\/vapingnet.de\/lt\/wp-json\/wp\/v2\/product\/5361\/revisions"}],"predecessor-version":[{"id":5970,"href":"https:\/\/vapingnet.de\/lt\/wp-json\/wp\/v2\/product\/5361\/revisions\/5970"}],"wp:featuredmedia":[{"embeddable":true,"href":"https:\/\/vapingnet.de\/lt\/wp-json\/wp\/v2\/media\/5398"}],"wp:attachment":[{"href":"https:\/\/vapingnet.de\/lt\/wp-json\/wp\/v2\/media?parent=5361"}],"wp:term":[{"taxonomy":"brand","embeddable":true,"href":"https:\/\/vapingnet.de\/lt\/wp-json\/wp\/v2\/etheme_brands?post=5361"},{"taxonomy":"product_brand","embeddable":true,"href":"https:\/\/vapingnet.de\/lt\/wp-json\/wp\/v2\/product_brand?post=5361"},{"taxonomy":"product_cat","embeddable":true,"href":"https:\/\/vapingnet.de\/lt\/wp-json\/wp\/v2\/product_cat?post=5361"},{"taxonomy":"product_tag","embeddable":true,"href":"https:\/\/vapingnet.de\/lt\/wp-json\/wp\/v2\/product_tag?post=5361"}],"curies":[{"name":"wp","href":"https:\/\/api.w.org\/{rel}","templated":true}]}}